{"id":21261,"date":"2024-03-15T09:11:18","date_gmt":"2024-03-15T09:11:18","guid":{"rendered":"https:\/\/nauti-parts.com\/shop\/sin%20categor\u00eda\/kayak-hinchable-jobe-gama\/"},"modified":"2026-03-30T10:22:34","modified_gmt":"2026-03-30T10:22:34","slug":"kayak-hinchable-jobe-gama","status":"publish","type":"product","link":"https:\/\/nauti-parts.com\/es\/shop\/juguetes-acuaticos\/kayaks\/kayak-hinchable-jobe-gama\/","title":{"rendered":"Kayak hinchable Jobe Gama"},"content":{"rendered":"<div class=\"wpb-content-wrapper\"><p>[vc_row][vc_column][vc_column_text]<\/p>\n<h2 class=\"title-3 fs24 mt20 boldTitleFont grey normal np\">Kayak hinchable Jobe Gama<\/h2>\n<div class=\"col-12 paragraph\">Imagina deslizarte por aguas pr\u00edstinas, guiado por la precisi\u00f3n de su piso cosido a gota y la comodidad de una cubierta de EVA de 3 mm. La Gama se distingue por sus paneles antiara\u00f1azos de neopreno, que garantizan durabilidad y gracia. Equipada con 3 v\u00e1lvulas Bravo de alta presi\u00f3n, una aleta clic EZ-lock y dos palas de fibra de vidrio, es una sinfon\u00eda de rendimiento y estilo. \u00danete al viaje, donde la Gama redefine el arte de navegar en kayak.   <\/div>\n<p>[\/vc_column_text][vc_row_inner][vc_column_inner width=&#8221;1\/2&#8243;][vc_column_text]<\/p>\n<ul class=\"autoColumn checkListSmall blackCheck\">\n<li>Pared lateral y fondo de PVC de 0,9 mm<\/li>\n<li>1 aleta clic ez-lock<\/li>\n<li>1 Cuerdas el\u00e1sticas<\/li>\n<li>2 C\u00f3modos asientos con sistema de fijaci\u00f3n de velcro<\/li>\n<li>2 palas 4 piezas Pala de fibra de vidrio con hoja de nylon<\/li>\n<li>2 V\u00e1lvulas de descarga de presi\u00f3n<\/li>\n<li>3 V\u00e1lvulas de alta presi\u00f3n Bravo<\/li>\n<li>4 Empu\u00f1adura c\u00f3moda<\/li>\n<li>Paneles antisalpicaduras de PVC traseros y delanteros<\/li>\n<li>\n<\/li>\n<\/ul>\n<p>[\/vc_column_text][\/vc_column_inner][vc_column_inner width=&#8221;1\/2&#8243;][vc_column_text]<\/p>\n<ul class=\"autoColumn checkListSmall blackCheck\">\n<li>Tap\u00f3n de vaciado<\/li>\n<li>Suelo cosido con una c\u00f3moda cubierta de eva de 3 mm<\/li>\n<li>Bomba manual para inflar el kayak.<\/li>\n<li>M\u00e1x. 2 personas <\/li>\n<li>Paneles de neopreno antiara\u00f1azos<\/li>\n<li>Kit de reparaci\u00f3n<\/li>\n<li>Tama\u00f1o: 365&#215;95,5cm de largo x 37 pulgadas de ancho<\/li>\n<li>Fondo de lona<\/li>\n<li>Bolsa de transporte de nylon<\/li>\n<li>\n<\/li>\n<\/ul>\n<p>[\/vc_column_text][\/vc_column_inner][\/vc_row_inner][\/vc_column][\/vc_row]<\/p>\n<\/div>","protected":false},"excerpt":{"rendered":"<p>Emb\u00e1rcate en una nueva ola de aventuras con el Kayak Hinchable Jobe Gama 365, una maravilla \u00fanica de exploraci\u00f3n. Con unas dimensiones de 365&#215;95,5 cm, esta maravilla de 3 metros y medio no es s\u00f3lo una cuesti\u00f3n de dimensiones; es una historia esperando a desarrollarse. <\/p>\n","protected":false},"featured_media":17959,"comment_status":"open","ping_status":"closed","template":"","meta":{"_acf_changed":false},"product_brand":[],"product_cat":[208,265],"product_tag":[],"class_list":{"0":"post-21261","1":"product","2":"type-product","3":"status-publish","4":"has-post-thumbnail","6":"product_cat-juguetes-acuaticos","7":"product_cat-kayaks","8":"repupress_customize_woocommerce_productom_class","10":"first","11":"instock","12":"taxable","13":"shipping-taxable","14":"purchasable","15":"product-type-simple"},"acf":[],"yoast_head":"<!-- This site is optimized with the Yoast SEO plugin v27.2 - https:\/\/yoast.com\/product\/yoast-seo-wordpress\/ -->\n<title>Kayak hinchable Jobe Gama | Nauti Parts<\/title>\n<meta name=\"robots\" content=\"index, follow, max-snippet:-1, max-image-preview:large, max-video-preview:-1\" \/>\n<link rel=\"canonical\" href=\"https:\/\/nauti-parts.com\/es\/shop\/juguetes-acuaticos\/kayaks\/kayak-hinchable-jobe-gama\/\" \/>\n<meta property=\"og:locale\" content=\"es_ES\" \/>\n<meta property=\"og:type\" content=\"article\" \/>\n<meta property=\"og:title\" content=\"Kayak hinchable Jobe Gama | Nauti Parts\" \/>\n<meta property=\"og:description\" content=\"Emb\u00e1rcate en una nueva ola de aventuras con el Kayak Hinchable Jobe Gama 365, una maravilla \u00fanica de exploraci\u00f3n. Con unas dimensiones de 365x95,5 cm, esta maravilla de 3 metros y medio no es s\u00f3lo una cuesti\u00f3n de dimensiones; es una historia esperando a desarrollarse.\" \/>\n<meta property=\"og:url\" content=\"https:\/\/nauti-parts.com\/es\/shop\/juguetes-acuaticos\/kayaks\/kayak-hinchable-jobe-gama\/\" \/>\n<meta property=\"og:site_name\" content=\"Nauti Parts\" \/>\n<meta property=\"article:publisher\" content=\"https:\/\/www.facebook.com\/nautipartsspain\/\" \/>\n<meta property=\"article:modified_time\" content=\"2026-03-30T10:22:34+00:00\" \/>\n<meta property=\"og:image\" content=\"https:\/\/nauti-parts.com\/wp-content\/uploads\/2024\/03\/600024002-zoom.jpg\" \/>\n\t<meta property=\"og:image:width\" content=\"1500\" \/>\n\t<meta property=\"og:image:height\" content=\"1500\" \/>\n\t<meta property=\"og:image:type\" content=\"image\/jpeg\" \/>\n<meta name=\"twitter:card\" content=\"summary_large_image\" \/>\n<meta name=\"twitter:label1\" content=\"Tiempo de lectura\" \/>\n\t<meta name=\"twitter:data1\" content=\"1 minuto\" \/>\n<script type=\"application\/ld+json\" class=\"yoast-schema-graph\">{\"@context\":\"https:\/\/schema.org\",\"@graph\":[{\"@type\":\"WebPage\",\"@id\":\"https:\/\/nauti-parts.com\/es\/shop\/juguetes-acuaticos\/kayaks\/kayak-hinchable-jobe-gama\/\",\"url\":\"https:\/\/nauti-parts.com\/es\/shop\/juguetes-acuaticos\/kayaks\/kayak-hinchable-jobe-gama\/\",\"name\":\"Kayak hinchable Jobe Gama | Nauti Parts\",\"isPartOf\":{\"@id\":\"https:\/\/nauti-parts.com\/es\/#website\"},\"primaryImageOfPage\":{\"@id\":\"https:\/\/nauti-parts.com\/es\/shop\/juguetes-acuaticos\/kayaks\/kayak-hinchable-jobe-gama\/#primaryimage\"},\"image\":{\"@id\":\"https:\/\/nauti-parts.com\/es\/shop\/juguetes-acuaticos\/kayaks\/kayak-hinchable-jobe-gama\/#primaryimage\"},\"thumbnailUrl\":\"https:\/\/nauti-parts.com\/wp-content\/uploads\/2024\/03\/600024002-zoom.jpg\",\"datePublished\":\"2024-03-15T09:11:18+00:00\",\"dateModified\":\"2026-03-30T10:22:34+00:00\",\"breadcrumb\":{\"@id\":\"https:\/\/nauti-parts.com\/es\/shop\/juguetes-acuaticos\/kayaks\/kayak-hinchable-jobe-gama\/#breadcrumb\"},\"inLanguage\":\"es\",\"potentialAction\":[{\"@type\":\"ReadAction\",\"target\":[\"https:\/\/nauti-parts.com\/es\/shop\/juguetes-acuaticos\/kayaks\/kayak-hinchable-jobe-gama\/\"]}]},{\"@type\":\"ImageObject\",\"inLanguage\":\"es\",\"@id\":\"https:\/\/nauti-parts.com\/es\/shop\/juguetes-acuaticos\/kayaks\/kayak-hinchable-jobe-gama\/#primaryimage\",\"url\":\"https:\/\/nauti-parts.com\/wp-content\/uploads\/2024\/03\/600024002-zoom.jpg\",\"contentUrl\":\"https:\/\/nauti-parts.com\/wp-content\/uploads\/2024\/03\/600024002-zoom.jpg\",\"width\":1500,\"height\":1500},{\"@type\":\"BreadcrumbList\",\"@id\":\"https:\/\/nauti-parts.com\/es\/shop\/juguetes-acuaticos\/kayaks\/kayak-hinchable-jobe-gama\/#breadcrumb\",\"itemListElement\":[{\"@type\":\"ListItem\",\"position\":1,\"name\":\"Tienda\",\"item\":\"https:\/\/nauti-parts.com\/es\/tienda\/\"},{\"@type\":\"ListItem\",\"position\":2,\"name\":\"Kayak hinchable Jobe Gama\"}]},{\"@type\":\"WebSite\",\"@id\":\"https:\/\/nauti-parts.com\/es\/#website\",\"url\":\"https:\/\/nauti-parts.com\/es\/\",\"name\":\"Nauti Parts\",\"description\":\"Sea-Doo Jet Ski - Seabob Dealer and Rentals | Water Toys Mallorca\",\"publisher\":{\"@id\":\"https:\/\/nauti-parts.com\/es\/#organization\"},\"potentialAction\":[{\"@type\":\"SearchAction\",\"target\":{\"@type\":\"EntryPoint\",\"urlTemplate\":\"https:\/\/nauti-parts.com\/es\/?s={search_term_string}\"},\"query-input\":{\"@type\":\"PropertyValueSpecification\",\"valueRequired\":true,\"valueName\":\"search_term_string\"}}],\"inLanguage\":\"es\"},{\"@type\":\"Organization\",\"@id\":\"https:\/\/nauti-parts.com\/es\/#organization\",\"name\":\"Piezas Nauti\",\"url\":\"https:\/\/nauti-parts.com\/es\/\",\"logo\":{\"@type\":\"ImageObject\",\"inLanguage\":\"es\",\"@id\":\"https:\/\/nauti-parts.com\/es\/#\/schema\/logo\/image\/\",\"url\":\"https:\/\/nauti-parts.com\/wp-content\/uploads\/2023\/10\/np-logo-black.png\",\"contentUrl\":\"https:\/\/nauti-parts.com\/wp-content\/uploads\/2023\/10\/np-logo-black.png\",\"width\":253,\"height\":100,\"caption\":\"Piezas Nauti\"},\"image\":{\"@id\":\"https:\/\/nauti-parts.com\/es\/#\/schema\/logo\/image\/\"},\"sameAs\":[\"https:\/\/www.facebook.com\/nautipartsspain\/\",\"https:\/\/www.instagram.com\/nautiparts\/\"]}]}<\/script>\n<!-- \/ Yoast SEO plugin. -->","yoast_head_json":{"title":"Kayak hinchable Jobe Gama | Nauti Parts","robots":{"index":"index","follow":"follow","max-snippet":"max-snippet:-1","max-image-preview":"max-image-preview:large","max-video-preview":"max-video-preview:-1"},"canonical":"https:\/\/nauti-parts.com\/es\/shop\/juguetes-acuaticos\/kayaks\/kayak-hinchable-jobe-gama\/","og_locale":"es_ES","og_type":"article","og_title":"Kayak hinchable Jobe Gama | Nauti Parts","og_description":"Emb\u00e1rcate en una nueva ola de aventuras con el Kayak Hinchable Jobe Gama 365, una maravilla \u00fanica de exploraci\u00f3n. Con unas dimensiones de 365x95,5 cm, esta maravilla de 3 metros y medio no es s\u00f3lo una cuesti\u00f3n de dimensiones; es una historia esperando a desarrollarse.","og_url":"https:\/\/nauti-parts.com\/es\/shop\/juguetes-acuaticos\/kayaks\/kayak-hinchable-jobe-gama\/","og_site_name":"Nauti Parts","article_publisher":"https:\/\/www.facebook.com\/nautipartsspain\/","article_modified_time":"2026-03-30T10:22:34+00:00","og_image":[{"width":1500,"height":1500,"url":"https:\/\/nauti-parts.com\/wp-content\/uploads\/2024\/03\/600024002-zoom.jpg","type":"image\/jpeg"}],"twitter_card":"summary_large_image","twitter_misc":{"Tiempo de lectura":"1 minuto"},"schema":{"@context":"https:\/\/schema.org","@graph":[{"@type":"WebPage","@id":"https:\/\/nauti-parts.com\/es\/shop\/juguetes-acuaticos\/kayaks\/kayak-hinchable-jobe-gama\/","url":"https:\/\/nauti-parts.com\/es\/shop\/juguetes-acuaticos\/kayaks\/kayak-hinchable-jobe-gama\/","name":"Kayak hinchable Jobe Gama | Nauti Parts","isPartOf":{"@id":"https:\/\/nauti-parts.com\/es\/#website"},"primaryImageOfPage":{"@id":"https:\/\/nauti-parts.com\/es\/shop\/juguetes-acuaticos\/kayaks\/kayak-hinchable-jobe-gama\/#primaryimage"},"image":{"@id":"https:\/\/nauti-parts.com\/es\/shop\/juguetes-acuaticos\/kayaks\/kayak-hinchable-jobe-gama\/#primaryimage"},"thumbnailUrl":"https:\/\/nauti-parts.com\/wp-content\/uploads\/2024\/03\/600024002-zoom.jpg","datePublished":"2024-03-15T09:11:18+00:00","dateModified":"2026-03-30T10:22:34+00:00","breadcrumb":{"@id":"https:\/\/nauti-parts.com\/es\/shop\/juguetes-acuaticos\/kayaks\/kayak-hinchable-jobe-gama\/#breadcrumb"},"inLanguage":"es","potentialAction":[{"@type":"ReadAction","target":["https:\/\/nauti-parts.com\/es\/shop\/juguetes-acuaticos\/kayaks\/kayak-hinchable-jobe-gama\/"]}]},{"@type":"ImageObject","inLanguage":"es","@id":"https:\/\/nauti-parts.com\/es\/shop\/juguetes-acuaticos\/kayaks\/kayak-hinchable-jobe-gama\/#primaryimage","url":"https:\/\/nauti-parts.com\/wp-content\/uploads\/2024\/03\/600024002-zoom.jpg","contentUrl":"https:\/\/nauti-parts.com\/wp-content\/uploads\/2024\/03\/600024002-zoom.jpg","width":1500,"height":1500},{"@type":"BreadcrumbList","@id":"https:\/\/nauti-parts.com\/es\/shop\/juguetes-acuaticos\/kayaks\/kayak-hinchable-jobe-gama\/#breadcrumb","itemListElement":[{"@type":"ListItem","position":1,"name":"Tienda","item":"https:\/\/nauti-parts.com\/es\/tienda\/"},{"@type":"ListItem","position":2,"name":"Kayak hinchable Jobe Gama"}]},{"@type":"WebSite","@id":"https:\/\/nauti-parts.com\/es\/#website","url":"https:\/\/nauti-parts.com\/es\/","name":"Nauti Parts","description":"Sea-Doo Jet Ski - Seabob Dealer and Rentals | Water Toys Mallorca","publisher":{"@id":"https:\/\/nauti-parts.com\/es\/#organization"},"potentialAction":[{"@type":"SearchAction","target":{"@type":"EntryPoint","urlTemplate":"https:\/\/nauti-parts.com\/es\/?s={search_term_string}"},"query-input":{"@type":"PropertyValueSpecification","valueRequired":true,"valueName":"search_term_string"}}],"inLanguage":"es"},{"@type":"Organization","@id":"https:\/\/nauti-parts.com\/es\/#organization","name":"Piezas Nauti","url":"https:\/\/nauti-parts.com\/es\/","logo":{"@type":"ImageObject","inLanguage":"es","@id":"https:\/\/nauti-parts.com\/es\/#\/schema\/logo\/image\/","url":"https:\/\/nauti-parts.com\/wp-content\/uploads\/2023\/10\/np-logo-black.png","contentUrl":"https:\/\/nauti-parts.com\/wp-content\/uploads\/2023\/10\/np-logo-black.png","width":253,"height":100,"caption":"Piezas Nauti"},"image":{"@id":"https:\/\/nauti-parts.com\/es\/#\/schema\/logo\/image\/"},"sameAs":["https:\/\/www.facebook.com\/nautipartsspain\/","https:\/\/www.instagram.com\/nautiparts\/"]}]}},"_links":{"self":[{"href":"https:\/\/nauti-parts.com\/es\/wp-json\/wp\/v2\/product\/21261","targetHints":{"allow":["GET"]}}],"collection":[{"href":"https:\/\/nauti-parts.com\/es\/wp-json\/wp\/v2\/product"}],"about":[{"href":"https:\/\/nauti-parts.com\/es\/wp-json\/wp\/v2\/types\/product"}],"replies":[{"embeddable":true,"href":"https:\/\/nauti-parts.com\/es\/wp-json\/wp\/v2\/comments?post=21261"}],"wp:featuredmedia":[{"embeddable":true,"href":"https:\/\/nauti-parts.com\/es\/wp-json\/wp\/v2\/media\/17959"}],"wp:attachment":[{"href":"https:\/\/nauti-parts.com\/es\/wp-json\/wp\/v2\/media?parent=21261"}],"wp:term":[{"taxonomy":"product_brand","embeddable":true,"href":"https:\/\/nauti-parts.com\/es\/wp-json\/wp\/v2\/product_brand?post=21261"},{"taxonomy":"product_cat","embeddable":true,"href":"https:\/\/nauti-parts.com\/es\/wp-json\/wp\/v2\/product_cat?post=21261"},{"taxonomy":"product_tag","embeddable":true,"href":"https:\/\/nauti-parts.com\/es\/wp-json\/wp\/v2\/product_tag?post=21261"}],"curies":[{"name":"wp","href":"https:\/\/api.w.org\/{rel}","templated":true}]}}