{"id":21247,"date":"2024-03-15T09:15:09","date_gmt":"2024-03-15T09:15:09","guid":{"rendered":"https:\/\/nauti-parts.com\/shop\/sin%20categor\u00eda\/kayak-hinchable-jobe-tasman\/"},"modified":"2026-03-30T10:22:34","modified_gmt":"2026-03-30T10:22:34","slug":"kayak-hinchable-jobe-tasman","status":"publish","type":"product","link":"https:\/\/nauti-parts.com\/es\/shop\/juguetes-acuaticos\/kayaks\/kayak-hinchable-jobe-tasman\/","title":{"rendered":"Kayak hinchable Jobe Tasman"},"content":{"rendered":"<div class=\"wpb-content-wrapper\"><p>[vc_row][vc_column][vc_column_text]<\/p>\n<h2 class=\"title-3 fs24 mt20 boldTitleFont grey normal np\">Kayak hinchable Jobe Tasman<\/h2>\n<div class=\"col-12 paragraph\">Emb\u00e1rcate en aventuras sin fin con el Kayak Hinchable Jobe Tasman, una embarcaci\u00f3n dise\u00f1ada para quienes ans\u00edan la emoci\u00f3n de la exploraci\u00f3n. Imagina navegar a la deriva por la belleza intacta de las aguas escandinavas o abrazar la costa salvaje de la Columbia Brit\u00e1nica. El Tasman, con su dise\u00f1o de techo abierto, invita a los exploradores a cartografiar lo desconocido. Comparte la experiencia con un compa\u00f1ero, guiado por las r\u00edtmicas brazadas de los remos de fibra de vidrio incluidos. Fabricada para el confort, dispone de asientos ajustables para viajes sin prisas. Con unas dimensiones de 440&#215;81,5 cm, esta maravilla de 14 pies y 5 pulgadas garantiza la durabilidad con su suelo cosido a gota y su fondo de Tarpaulin. Prepara tu mapa, infla con la bomba manual y deja que la Tasman redefina tu narrativa de exploraci\u00f3n.      <\/div>\n<p>[\/vc_column_text][vc_row_inner][vc_column_inner width=&#8221;1\/2&#8243;][vc_column_text]<\/p>\n<ul class=\"autoColumn checkListSmall blackCheck\">\n<li>1 aleta clic ez-lock<\/li>\n<li>2 Cuerdas el\u00e1sticas<\/li>\n<li>2 C\u00f3modos asientos con sistema de fijaci\u00f3n de velcro<\/li>\n<li>2 palas: Pala de fibra de vidrio de 4 piezas con hoja de nylon<\/li>\n<li>3 V\u00e1lvulas de alta presi\u00f3n Bravo<\/li>\n<li>4 Empu\u00f1adura c\u00f3moda<\/li>\n<li>Paneles antisalpicaduras de PVC traseros y delanteros<\/li>\n<li>Tap\u00f3n de vaciado<\/li>\n<li>\n<\/li>\n<\/ul>\n<p>[\/vc_column_text][\/vc_column_inner][vc_column_inner width=&#8221;1\/2&#8243;][vc_column_text]<\/p>\n<ul class=\"autoColumn checkListSmall blackCheck\">\n<li>Suelo cosido con una c\u00f3moda cubierta de eva de 3 mm<\/li>\n<li>Bomba manual para inflar el kayak.<\/li>\n<li>M\u00e1x. 2 personas <\/li>\n<li>Dise\u00f1o superior abierto<\/li>\n<li>Kit de reparaci\u00f3n<\/li>\n<li>Tama\u00f1o: 440&#215;81,5cm 14 pies y 5 pulgadas de largo x 32 pulgadas<\/li>\n<li>Fondo de lona<\/li>\n<li>Bolsa de transporte de nylon<\/li>\n<\/ul>\n<p>[\/vc_column_text][\/vc_column_inner][\/vc_row_inner][\/vc_column][\/vc_row]<\/p>\n<\/div>","protected":false},"excerpt":{"rendered":"<p>Te presentamos el Kayak Hinchable Jobe Croft 340: tu pasaporte a la diversi\u00f3n en kayak sin complicaciones. Con un tama\u00f1o compacto de 340&#215;90 cm, esta joya de 3 metros es perfecta para principiantes. <\/p>\n","protected":false},"featured_media":17969,"comment_status":"open","ping_status":"closed","template":"","meta":{"_acf_changed":false},"product_brand":[],"product_cat":[208,265],"product_tag":[],"class_list":{"0":"post-21247","1":"product","2":"type-product","3":"status-publish","4":"has-post-thumbnail","6":"product_cat-juguetes-acuaticos","7":"product_cat-kayaks","8":"repupress_customize_woocommerce_productom_class","10":"first","11":"instock","12":"taxable","13":"shipping-taxable","14":"purchasable","15":"product-type-simple"},"acf":[],"yoast_head":"<!-- This site is optimized with the Yoast SEO plugin v27.2 - https:\/\/yoast.com\/product\/yoast-seo-wordpress\/ -->\n<title>Kayak hinchable Jobe Tasman | Nauti Parts<\/title>\n<meta name=\"robots\" content=\"index, follow, max-snippet:-1, max-image-preview:large, max-video-preview:-1\" \/>\n<link rel=\"canonical\" href=\"https:\/\/nauti-parts.com\/es\/shop\/juguetes-acuaticos\/kayaks\/kayak-hinchable-jobe-tasman\/\" \/>\n<meta property=\"og:locale\" content=\"es_ES\" \/>\n<meta property=\"og:type\" content=\"article\" \/>\n<meta property=\"og:title\" content=\"Kayak hinchable Jobe Tasman | Nauti Parts\" \/>\n<meta property=\"og:description\" content=\"Te presentamos el Kayak Hinchable Jobe Croft 340: tu pasaporte a la diversi\u00f3n en kayak sin complicaciones. Con un tama\u00f1o compacto de 340x90 cm, esta joya de 3 metros es perfecta para principiantes.\" \/>\n<meta property=\"og:url\" content=\"https:\/\/nauti-parts.com\/es\/shop\/juguetes-acuaticos\/kayaks\/kayak-hinchable-jobe-tasman\/\" \/>\n<meta property=\"og:site_name\" content=\"Nauti Parts\" \/>\n<meta property=\"article:publisher\" content=\"https:\/\/www.facebook.com\/nautipartsspain\/\" \/>\n<meta property=\"article:modified_time\" content=\"2026-03-30T10:22:34+00:00\" \/>\n<meta property=\"og:image\" content=\"https:\/\/nauti-parts.com\/wp-content\/uploads\/2024\/03\/600024003-zoom.jpg\" \/>\n\t<meta property=\"og:image:width\" content=\"1500\" \/>\n\t<meta property=\"og:image:height\" content=\"1500\" \/>\n\t<meta property=\"og:image:type\" content=\"image\/jpeg\" \/>\n<meta name=\"twitter:card\" content=\"summary_large_image\" \/>\n<meta name=\"twitter:label1\" content=\"Tiempo de lectura\" \/>\n\t<meta name=\"twitter:data1\" content=\"1 minuto\" \/>\n<script type=\"application\/ld+json\" class=\"yoast-schema-graph\">{\"@context\":\"https:\/\/schema.org\",\"@graph\":[{\"@type\":\"WebPage\",\"@id\":\"https:\/\/nauti-parts.com\/es\/shop\/juguetes-acuaticos\/kayaks\/kayak-hinchable-jobe-tasman\/\",\"url\":\"https:\/\/nauti-parts.com\/es\/shop\/juguetes-acuaticos\/kayaks\/kayak-hinchable-jobe-tasman\/\",\"name\":\"Kayak hinchable Jobe Tasman | Nauti Parts\",\"isPartOf\":{\"@id\":\"https:\/\/nauti-parts.com\/es\/#website\"},\"primaryImageOfPage\":{\"@id\":\"https:\/\/nauti-parts.com\/es\/shop\/juguetes-acuaticos\/kayaks\/kayak-hinchable-jobe-tasman\/#primaryimage\"},\"image\":{\"@id\":\"https:\/\/nauti-parts.com\/es\/shop\/juguetes-acuaticos\/kayaks\/kayak-hinchable-jobe-tasman\/#primaryimage\"},\"thumbnailUrl\":\"https:\/\/nauti-parts.com\/wp-content\/uploads\/2024\/03\/600024003-zoom.jpg\",\"datePublished\":\"2024-03-15T09:15:09+00:00\",\"dateModified\":\"2026-03-30T10:22:34+00:00\",\"breadcrumb\":{\"@id\":\"https:\/\/nauti-parts.com\/es\/shop\/juguetes-acuaticos\/kayaks\/kayak-hinchable-jobe-tasman\/#breadcrumb\"},\"inLanguage\":\"es\",\"potentialAction\":[{\"@type\":\"ReadAction\",\"target\":[\"https:\/\/nauti-parts.com\/es\/shop\/juguetes-acuaticos\/kayaks\/kayak-hinchable-jobe-tasman\/\"]}]},{\"@type\":\"ImageObject\",\"inLanguage\":\"es\",\"@id\":\"https:\/\/nauti-parts.com\/es\/shop\/juguetes-acuaticos\/kayaks\/kayak-hinchable-jobe-tasman\/#primaryimage\",\"url\":\"https:\/\/nauti-parts.com\/wp-content\/uploads\/2024\/03\/600024003-zoom.jpg\",\"contentUrl\":\"https:\/\/nauti-parts.com\/wp-content\/uploads\/2024\/03\/600024003-zoom.jpg\",\"width\":1500,\"height\":1500},{\"@type\":\"BreadcrumbList\",\"@id\":\"https:\/\/nauti-parts.com\/es\/shop\/juguetes-acuaticos\/kayaks\/kayak-hinchable-jobe-tasman\/#breadcrumb\",\"itemListElement\":[{\"@type\":\"ListItem\",\"position\":1,\"name\":\"Tienda\",\"item\":\"https:\/\/nauti-parts.com\/es\/tienda\/\"},{\"@type\":\"ListItem\",\"position\":2,\"name\":\"Kayak hinchable Jobe Tasman\"}]},{\"@type\":\"WebSite\",\"@id\":\"https:\/\/nauti-parts.com\/es\/#website\",\"url\":\"https:\/\/nauti-parts.com\/es\/\",\"name\":\"Nauti Parts\",\"description\":\"Sea-Doo Jet Ski - Seabob Dealer and Rentals | Water Toys Mallorca\",\"publisher\":{\"@id\":\"https:\/\/nauti-parts.com\/es\/#organization\"},\"potentialAction\":[{\"@type\":\"SearchAction\",\"target\":{\"@type\":\"EntryPoint\",\"urlTemplate\":\"https:\/\/nauti-parts.com\/es\/?s={search_term_string}\"},\"query-input\":{\"@type\":\"PropertyValueSpecification\",\"valueRequired\":true,\"valueName\":\"search_term_string\"}}],\"inLanguage\":\"es\"},{\"@type\":\"Organization\",\"@id\":\"https:\/\/nauti-parts.com\/es\/#organization\",\"name\":\"Piezas Nauti\",\"url\":\"https:\/\/nauti-parts.com\/es\/\",\"logo\":{\"@type\":\"ImageObject\",\"inLanguage\":\"es\",\"@id\":\"https:\/\/nauti-parts.com\/es\/#\/schema\/logo\/image\/\",\"url\":\"https:\/\/nauti-parts.com\/wp-content\/uploads\/2023\/10\/np-logo-black.png\",\"contentUrl\":\"https:\/\/nauti-parts.com\/wp-content\/uploads\/2023\/10\/np-logo-black.png\",\"width\":253,\"height\":100,\"caption\":\"Piezas Nauti\"},\"image\":{\"@id\":\"https:\/\/nauti-parts.com\/es\/#\/schema\/logo\/image\/\"},\"sameAs\":[\"https:\/\/www.facebook.com\/nautipartsspain\/\",\"https:\/\/www.instagram.com\/nautiparts\/\"]}]}<\/script>\n<!-- \/ Yoast SEO plugin. -->","yoast_head_json":{"title":"Kayak hinchable Jobe Tasman | Nauti Parts","robots":{"index":"index","follow":"follow","max-snippet":"max-snippet:-1","max-image-preview":"max-image-preview:large","max-video-preview":"max-video-preview:-1"},"canonical":"https:\/\/nauti-parts.com\/es\/shop\/juguetes-acuaticos\/kayaks\/kayak-hinchable-jobe-tasman\/","og_locale":"es_ES","og_type":"article","og_title":"Kayak hinchable Jobe Tasman | Nauti Parts","og_description":"Te presentamos el Kayak Hinchable Jobe Croft 340: tu pasaporte a la diversi\u00f3n en kayak sin complicaciones. Con un tama\u00f1o compacto de 340x90 cm, esta joya de 3 metros es perfecta para principiantes.","og_url":"https:\/\/nauti-parts.com\/es\/shop\/juguetes-acuaticos\/kayaks\/kayak-hinchable-jobe-tasman\/","og_site_name":"Nauti Parts","article_publisher":"https:\/\/www.facebook.com\/nautipartsspain\/","article_modified_time":"2026-03-30T10:22:34+00:00","og_image":[{"width":1500,"height":1500,"url":"https:\/\/nauti-parts.com\/wp-content\/uploads\/2024\/03\/600024003-zoom.jpg","type":"image\/jpeg"}],"twitter_card":"summary_large_image","twitter_misc":{"Tiempo de lectura":"1 minuto"},"schema":{"@context":"https:\/\/schema.org","@graph":[{"@type":"WebPage","@id":"https:\/\/nauti-parts.com\/es\/shop\/juguetes-acuaticos\/kayaks\/kayak-hinchable-jobe-tasman\/","url":"https:\/\/nauti-parts.com\/es\/shop\/juguetes-acuaticos\/kayaks\/kayak-hinchable-jobe-tasman\/","name":"Kayak hinchable Jobe Tasman | Nauti Parts","isPartOf":{"@id":"https:\/\/nauti-parts.com\/es\/#website"},"primaryImageOfPage":{"@id":"https:\/\/nauti-parts.com\/es\/shop\/juguetes-acuaticos\/kayaks\/kayak-hinchable-jobe-tasman\/#primaryimage"},"image":{"@id":"https:\/\/nauti-parts.com\/es\/shop\/juguetes-acuaticos\/kayaks\/kayak-hinchable-jobe-tasman\/#primaryimage"},"thumbnailUrl":"https:\/\/nauti-parts.com\/wp-content\/uploads\/2024\/03\/600024003-zoom.jpg","datePublished":"2024-03-15T09:15:09+00:00","dateModified":"2026-03-30T10:22:34+00:00","breadcrumb":{"@id":"https:\/\/nauti-parts.com\/es\/shop\/juguetes-acuaticos\/kayaks\/kayak-hinchable-jobe-tasman\/#breadcrumb"},"inLanguage":"es","potentialAction":[{"@type":"ReadAction","target":["https:\/\/nauti-parts.com\/es\/shop\/juguetes-acuaticos\/kayaks\/kayak-hinchable-jobe-tasman\/"]}]},{"@type":"ImageObject","inLanguage":"es","@id":"https:\/\/nauti-parts.com\/es\/shop\/juguetes-acuaticos\/kayaks\/kayak-hinchable-jobe-tasman\/#primaryimage","url":"https:\/\/nauti-parts.com\/wp-content\/uploads\/2024\/03\/600024003-zoom.jpg","contentUrl":"https:\/\/nauti-parts.com\/wp-content\/uploads\/2024\/03\/600024003-zoom.jpg","width":1500,"height":1500},{"@type":"BreadcrumbList","@id":"https:\/\/nauti-parts.com\/es\/shop\/juguetes-acuaticos\/kayaks\/kayak-hinchable-jobe-tasman\/#breadcrumb","itemListElement":[{"@type":"ListItem","position":1,"name":"Tienda","item":"https:\/\/nauti-parts.com\/es\/tienda\/"},{"@type":"ListItem","position":2,"name":"Kayak hinchable Jobe Tasman"}]},{"@type":"WebSite","@id":"https:\/\/nauti-parts.com\/es\/#website","url":"https:\/\/nauti-parts.com\/es\/","name":"Nauti Parts","description":"Sea-Doo Jet Ski - Seabob Dealer and Rentals | Water Toys Mallorca","publisher":{"@id":"https:\/\/nauti-parts.com\/es\/#organization"},"potentialAction":[{"@type":"SearchAction","target":{"@type":"EntryPoint","urlTemplate":"https:\/\/nauti-parts.com\/es\/?s={search_term_string}"},"query-input":{"@type":"PropertyValueSpecification","valueRequired":true,"valueName":"search_term_string"}}],"inLanguage":"es"},{"@type":"Organization","@id":"https:\/\/nauti-parts.com\/es\/#organization","name":"Piezas Nauti","url":"https:\/\/nauti-parts.com\/es\/","logo":{"@type":"ImageObject","inLanguage":"es","@id":"https:\/\/nauti-parts.com\/es\/#\/schema\/logo\/image\/","url":"https:\/\/nauti-parts.com\/wp-content\/uploads\/2023\/10\/np-logo-black.png","contentUrl":"https:\/\/nauti-parts.com\/wp-content\/uploads\/2023\/10\/np-logo-black.png","width":253,"height":100,"caption":"Piezas Nauti"},"image":{"@id":"https:\/\/nauti-parts.com\/es\/#\/schema\/logo\/image\/"},"sameAs":["https:\/\/www.facebook.com\/nautipartsspain\/","https:\/\/www.instagram.com\/nautiparts\/"]}]}},"_links":{"self":[{"href":"https:\/\/nauti-parts.com\/es\/wp-json\/wp\/v2\/product\/21247","targetHints":{"allow":["GET"]}}],"collection":[{"href":"https:\/\/nauti-parts.com\/es\/wp-json\/wp\/v2\/product"}],"about":[{"href":"https:\/\/nauti-parts.com\/es\/wp-json\/wp\/v2\/types\/product"}],"replies":[{"embeddable":true,"href":"https:\/\/nauti-parts.com\/es\/wp-json\/wp\/v2\/comments?post=21247"}],"wp:featuredmedia":[{"embeddable":true,"href":"https:\/\/nauti-parts.com\/es\/wp-json\/wp\/v2\/media\/17969"}],"wp:attachment":[{"href":"https:\/\/nauti-parts.com\/es\/wp-json\/wp\/v2\/media?parent=21247"}],"wp:term":[{"taxonomy":"product_brand","embeddable":true,"href":"https:\/\/nauti-parts.com\/es\/wp-json\/wp\/v2\/product_brand?post=21247"},{"taxonomy":"product_cat","embeddable":true,"href":"https:\/\/nauti-parts.com\/es\/wp-json\/wp\/v2\/product_cat?post=21247"},{"taxonomy":"product_tag","embeddable":true,"href":"https:\/\/nauti-parts.com\/es\/wp-json\/wp\/v2\/product_tag?post=21247"}],"curies":[{"name":"wp","href":"https:\/\/api.w.org\/{rel}","templated":true}]}}