{"id":21126,"date":"2023-10-25T14:33:20","date_gmt":"2023-10-25T14:33:20","guid":{"rendered":"https:\/\/nauti-parts.com\/shop\/sin categor\u00eda\/spinera-lets-paddle-112-paleta\/"},"modified":"2023-10-25T14:33:20","modified_gmt":"2023-10-25T14:33:20","slug":"spinera-lets-paddle-112-paleta","status":"publish","type":"product","link":"https:\/\/nauti-parts.com\/es\/shop\/tablas-y-esquis\/sup\/spinera-lets-paddle-112-paleta\/","title":{"rendered":"Spinera Lets Paddle 11&#8217;2&#8243; (Paleta)"},"content":{"rendered":"<p class=\"p1\"><span class=\"s1\"><b><span class=\"s2\">PERMITE REMAR 11&#8217;2&#8221;<\/span><\/b><\/span><\/p>\n<p><span class=\"s1\"><b>M\u00c1X. CARGA: <\/b><\/span>hasta 150 kg<\/p>\n<p class=\"p1\"><span class=\"s1\"><b>PESO DEL JINETE: <\/b><\/span>mejor experiencia hasta 115 kg<\/p>\n<ul>\n<li class=\"p1\">Mochila para tabla de SUP 3 piezas<\/li>\n<li class=\"p1\">Pala Sup Alu<\/li>\n<li class=\"p1\">Bomba cl\u00e1sica de doble acci\u00f3n<\/li>\n<li class=\"p1\">Aleta central grande<\/li>\n<\/ul>\n<p>&nbsp;<\/p>\n<hr>\n<p class=\"a-spacing-base\">Fabricaci\u00f3n: 15 cm HDDS monocapa &#8211; superficie de espuma EVA de alta densidad cosida a gota con anillas en D cortadas con diamante para fijar un asiento de kayak Cable el\u00e1stico de 4 puntos<\/p>\n<h5>Contenido de la caja:<\/h5>\n<p class=\"a-spacing-base\">Mochila \/ poli\u00e9ster 600D, pala cl\u00e1sica de aluminio ajustable en 3 direcciones, bomba cl\u00e1sica de doble recorrido para un llenado r\u00e1pido, aleta central ranurada, kit de reparaci\u00f3n sin pegamento<\/p>\n","protected":false},"excerpt":{"rendered":"<h4 class=\"a-spacing-mini\">Tabla de paddle surf<\/h4>\n<h5 class=\"a-spacing-mini\">SUP polivalente perfecto para remar<\/h5>\n","protected":false},"featured_media":18884,"comment_status":"open","ping_status":"closed","template":"","meta":{"_acf_changed":false},"product_brand":[],"product_cat":[211,213],"product_tag":[],"class_list":{"0":"post-21126","1":"product","2":"type-product","3":"status-publish","4":"has-post-thumbnail","6":"product_cat-spinera","7":"product_cat-sup","8":"repupress_customize_woocommerce_productom_class","10":"first","11":"instock","12":"taxable","13":"shipping-taxable","14":"purchasable","15":"product-type-simple"},"acf":[],"yoast_head":"<!-- This site is optimized with the Yoast SEO plugin v27.5 - https:\/\/yoast.com\/product\/yoast-seo-wordpress\/ -->\n<title>Spinera Lets Paddle 11&#039;2&quot; (Paleta) | Nauti Parts<\/title>\n<meta name=\"robots\" content=\"index, follow, max-snippet:-1, max-image-preview:large, max-video-preview:-1\" \/>\n<link rel=\"canonical\" href=\"https:\/\/nauti-parts.com\/es\/shop\/tablas-y-esquis\/sup\/spinera-lets-paddle-112-paleta\/\" \/>\n<meta property=\"og:locale\" content=\"es_ES\" \/>\n<meta property=\"og:type\" content=\"article\" \/>\n<meta property=\"og:title\" content=\"Spinera Lets Paddle 11&#039;2&quot; (Paleta) | Nauti Parts\" \/>\n<meta property=\"og:description\" content=\"Tabla de paddle surf SUP polivalente perfecto para remar\" \/>\n<meta property=\"og:url\" content=\"https:\/\/nauti-parts.com\/es\/shop\/tablas-y-esquis\/sup\/spinera-lets-paddle-112-paleta\/\" \/>\n<meta property=\"og:site_name\" content=\"Nauti Parts\" \/>\n<meta property=\"article:publisher\" content=\"https:\/\/www.facebook.com\/nautipartsspain\/\" \/>\n<meta property=\"og:image\" content=\"https:\/\/nauti-parts.com\/wp-content\/uploads\/2024\/10\/71c9pugqlsl--ac-sl1500-.jpg\" \/>\n\t<meta property=\"og:image:width\" content=\"1488\" \/>\n\t<meta property=\"og:image:height\" content=\"1500\" \/>\n\t<meta property=\"og:image:type\" content=\"image\/jpeg\" \/>\n<meta name=\"twitter:card\" content=\"summary_large_image\" \/>\n<meta name=\"twitter:label1\" content=\"Tiempo de lectura\" \/>\n\t<meta name=\"twitter:data1\" content=\"1 minuto\" \/>\n<script type=\"application\/ld+json\" class=\"yoast-schema-graph\">{\"@context\":\"https:\\\/\\\/schema.org\",\"@graph\":[{\"@type\":\"WebPage\",\"@id\":\"https:\\\/\\\/nauti-parts.com\\\/es\\\/shop\\\/tablas-y-esquis\\\/sup\\\/spinera-lets-paddle-112-paleta\\\/\",\"url\":\"https:\\\/\\\/nauti-parts.com\\\/es\\\/shop\\\/tablas-y-esquis\\\/sup\\\/spinera-lets-paddle-112-paleta\\\/\",\"name\":\"Spinera Lets Paddle 11'2\\\" (Paleta) | Nauti Parts\",\"isPartOf\":{\"@id\":\"https:\\\/\\\/nauti-parts.com\\\/es\\\/#website\"},\"primaryImageOfPage\":{\"@id\":\"https:\\\/\\\/nauti-parts.com\\\/es\\\/shop\\\/tablas-y-esquis\\\/sup\\\/spinera-lets-paddle-112-paleta\\\/#primaryimage\"},\"image\":{\"@id\":\"https:\\\/\\\/nauti-parts.com\\\/es\\\/shop\\\/tablas-y-esquis\\\/sup\\\/spinera-lets-paddle-112-paleta\\\/#primaryimage\"},\"thumbnailUrl\":\"https:\\\/\\\/nauti-parts.com\\\/wp-content\\\/uploads\\\/2024\\\/10\\\/71c9pugqlsl--ac-sl1500-.jpg\",\"datePublished\":\"2023-10-25T14:33:20+00:00\",\"breadcrumb\":{\"@id\":\"https:\\\/\\\/nauti-parts.com\\\/es\\\/shop\\\/tablas-y-esquis\\\/sup\\\/spinera-lets-paddle-112-paleta\\\/#breadcrumb\"},\"inLanguage\":\"es\",\"potentialAction\":[{\"@type\":\"ReadAction\",\"target\":[\"https:\\\/\\\/nauti-parts.com\\\/es\\\/shop\\\/tablas-y-esquis\\\/sup\\\/spinera-lets-paddle-112-paleta\\\/\"]}]},{\"@type\":\"ImageObject\",\"inLanguage\":\"es\",\"@id\":\"https:\\\/\\\/nauti-parts.com\\\/es\\\/shop\\\/tablas-y-esquis\\\/sup\\\/spinera-lets-paddle-112-paleta\\\/#primaryimage\",\"url\":\"https:\\\/\\\/nauti-parts.com\\\/wp-content\\\/uploads\\\/2024\\\/10\\\/71c9pugqlsl--ac-sl1500-.jpg\",\"contentUrl\":\"https:\\\/\\\/nauti-parts.com\\\/wp-content\\\/uploads\\\/2024\\\/10\\\/71c9pugqlsl--ac-sl1500-.jpg\",\"width\":1488,\"height\":1500},{\"@type\":\"BreadcrumbList\",\"@id\":\"https:\\\/\\\/nauti-parts.com\\\/es\\\/shop\\\/tablas-y-esquis\\\/sup\\\/spinera-lets-paddle-112-paleta\\\/#breadcrumb\",\"itemListElement\":[{\"@type\":\"ListItem\",\"position\":1,\"name\":\"Tienda\",\"item\":\"https:\\\/\\\/nauti-parts.com\\\/es\\\/tienda\\\/\"},{\"@type\":\"ListItem\",\"position\":2,\"name\":\"Spinera Lets Paddle 11&#8217;2&#8243; (Paleta)\"}]},{\"@type\":\"WebSite\",\"@id\":\"https:\\\/\\\/nauti-parts.com\\\/es\\\/#website\",\"url\":\"https:\\\/\\\/nauti-parts.com\\\/es\\\/\",\"name\":\"Nauti Parts\",\"description\":\"Sea-Doo Jet Ski - Seabob Dealer and Rentals | Water Toys Mallorca\",\"publisher\":{\"@id\":\"https:\\\/\\\/nauti-parts.com\\\/es\\\/#organization\"},\"potentialAction\":[{\"@type\":\"SearchAction\",\"target\":{\"@type\":\"EntryPoint\",\"urlTemplate\":\"https:\\\/\\\/nauti-parts.com\\\/es\\\/?s={search_term_string}\"},\"query-input\":{\"@type\":\"PropertyValueSpecification\",\"valueRequired\":true,\"valueName\":\"search_term_string\"}}],\"inLanguage\":\"es\"},{\"@type\":\"Organization\",\"@id\":\"https:\\\/\\\/nauti-parts.com\\\/es\\\/#organization\",\"name\":\"Piezas Nauti\",\"url\":\"https:\\\/\\\/nauti-parts.com\\\/es\\\/\",\"logo\":{\"@type\":\"ImageObject\",\"inLanguage\":\"es\",\"@id\":\"https:\\\/\\\/nauti-parts.com\\\/es\\\/#\\\/schema\\\/logo\\\/image\\\/\",\"url\":\"https:\\\/\\\/nauti-parts.com\\\/wp-content\\\/uploads\\\/2023\\\/10\\\/np-logo-black.png\",\"contentUrl\":\"https:\\\/\\\/nauti-parts.com\\\/wp-content\\\/uploads\\\/2023\\\/10\\\/np-logo-black.png\",\"width\":253,\"height\":100,\"caption\":\"Piezas Nauti\"},\"image\":{\"@id\":\"https:\\\/\\\/nauti-parts.com\\\/es\\\/#\\\/schema\\\/logo\\\/image\\\/\"},\"sameAs\":[\"https:\\\/\\\/www.facebook.com\\\/nautipartsspain\\\/\",\"https:\\\/\\\/www.instagram.com\\\/nautiparts\\\/\"]}]}<\/script>\n<!-- \/ Yoast SEO plugin. -->","yoast_head_json":{"title":"Spinera Lets Paddle 11'2\" (Paleta) | Nauti Parts","robots":{"index":"index","follow":"follow","max-snippet":"max-snippet:-1","max-image-preview":"max-image-preview:large","max-video-preview":"max-video-preview:-1"},"canonical":"https:\/\/nauti-parts.com\/es\/shop\/tablas-y-esquis\/sup\/spinera-lets-paddle-112-paleta\/","og_locale":"es_ES","og_type":"article","og_title":"Spinera Lets Paddle 11'2\" (Paleta) | Nauti Parts","og_description":"Tabla de paddle surf SUP polivalente perfecto para remar","og_url":"https:\/\/nauti-parts.com\/es\/shop\/tablas-y-esquis\/sup\/spinera-lets-paddle-112-paleta\/","og_site_name":"Nauti Parts","article_publisher":"https:\/\/www.facebook.com\/nautipartsspain\/","og_image":[{"width":1488,"height":1500,"url":"https:\/\/nauti-parts.com\/wp-content\/uploads\/2024\/10\/71c9pugqlsl--ac-sl1500-.jpg","type":"image\/jpeg"}],"twitter_card":"summary_large_image","twitter_misc":{"Tiempo de lectura":"1 minuto"},"schema":{"@context":"https:\/\/schema.org","@graph":[{"@type":"WebPage","@id":"https:\/\/nauti-parts.com\/es\/shop\/tablas-y-esquis\/sup\/spinera-lets-paddle-112-paleta\/","url":"https:\/\/nauti-parts.com\/es\/shop\/tablas-y-esquis\/sup\/spinera-lets-paddle-112-paleta\/","name":"Spinera Lets Paddle 11'2\" (Paleta) | Nauti Parts","isPartOf":{"@id":"https:\/\/nauti-parts.com\/es\/#website"},"primaryImageOfPage":{"@id":"https:\/\/nauti-parts.com\/es\/shop\/tablas-y-esquis\/sup\/spinera-lets-paddle-112-paleta\/#primaryimage"},"image":{"@id":"https:\/\/nauti-parts.com\/es\/shop\/tablas-y-esquis\/sup\/spinera-lets-paddle-112-paleta\/#primaryimage"},"thumbnailUrl":"https:\/\/nauti-parts.com\/wp-content\/uploads\/2024\/10\/71c9pugqlsl--ac-sl1500-.jpg","datePublished":"2023-10-25T14:33:20+00:00","breadcrumb":{"@id":"https:\/\/nauti-parts.com\/es\/shop\/tablas-y-esquis\/sup\/spinera-lets-paddle-112-paleta\/#breadcrumb"},"inLanguage":"es","potentialAction":[{"@type":"ReadAction","target":["https:\/\/nauti-parts.com\/es\/shop\/tablas-y-esquis\/sup\/spinera-lets-paddle-112-paleta\/"]}]},{"@type":"ImageObject","inLanguage":"es","@id":"https:\/\/nauti-parts.com\/es\/shop\/tablas-y-esquis\/sup\/spinera-lets-paddle-112-paleta\/#primaryimage","url":"https:\/\/nauti-parts.com\/wp-content\/uploads\/2024\/10\/71c9pugqlsl--ac-sl1500-.jpg","contentUrl":"https:\/\/nauti-parts.com\/wp-content\/uploads\/2024\/10\/71c9pugqlsl--ac-sl1500-.jpg","width":1488,"height":1500},{"@type":"BreadcrumbList","@id":"https:\/\/nauti-parts.com\/es\/shop\/tablas-y-esquis\/sup\/spinera-lets-paddle-112-paleta\/#breadcrumb","itemListElement":[{"@type":"ListItem","position":1,"name":"Tienda","item":"https:\/\/nauti-parts.com\/es\/tienda\/"},{"@type":"ListItem","position":2,"name":"Spinera Lets Paddle 11&#8217;2&#8243; (Paleta)"}]},{"@type":"WebSite","@id":"https:\/\/nauti-parts.com\/es\/#website","url":"https:\/\/nauti-parts.com\/es\/","name":"Nauti Parts","description":"Sea-Doo Jet Ski - Seabob Dealer and Rentals | Water Toys Mallorca","publisher":{"@id":"https:\/\/nauti-parts.com\/es\/#organization"},"potentialAction":[{"@type":"SearchAction","target":{"@type":"EntryPoint","urlTemplate":"https:\/\/nauti-parts.com\/es\/?s={search_term_string}"},"query-input":{"@type":"PropertyValueSpecification","valueRequired":true,"valueName":"search_term_string"}}],"inLanguage":"es"},{"@type":"Organization","@id":"https:\/\/nauti-parts.com\/es\/#organization","name":"Piezas Nauti","url":"https:\/\/nauti-parts.com\/es\/","logo":{"@type":"ImageObject","inLanguage":"es","@id":"https:\/\/nauti-parts.com\/es\/#\/schema\/logo\/image\/","url":"https:\/\/nauti-parts.com\/wp-content\/uploads\/2023\/10\/np-logo-black.png","contentUrl":"https:\/\/nauti-parts.com\/wp-content\/uploads\/2023\/10\/np-logo-black.png","width":253,"height":100,"caption":"Piezas Nauti"},"image":{"@id":"https:\/\/nauti-parts.com\/es\/#\/schema\/logo\/image\/"},"sameAs":["https:\/\/www.facebook.com\/nautipartsspain\/","https:\/\/www.instagram.com\/nautiparts\/"]}]}},"_links":{"self":[{"href":"https:\/\/nauti-parts.com\/es\/wp-json\/wp\/v2\/product\/21126","targetHints":{"allow":["GET"]}}],"collection":[{"href":"https:\/\/nauti-parts.com\/es\/wp-json\/wp\/v2\/product"}],"about":[{"href":"https:\/\/nauti-parts.com\/es\/wp-json\/wp\/v2\/types\/product"}],"replies":[{"embeddable":true,"href":"https:\/\/nauti-parts.com\/es\/wp-json\/wp\/v2\/comments?post=21126"}],"wp:featuredmedia":[{"embeddable":true,"href":"https:\/\/nauti-parts.com\/es\/wp-json\/wp\/v2\/media\/18884"}],"wp:attachment":[{"href":"https:\/\/nauti-parts.com\/es\/wp-json\/wp\/v2\/media?parent=21126"}],"wp:term":[{"taxonomy":"product_brand","embeddable":true,"href":"https:\/\/nauti-parts.com\/es\/wp-json\/wp\/v2\/product_brand?post=21126"},{"taxonomy":"product_cat","embeddable":true,"href":"https:\/\/nauti-parts.com\/es\/wp-json\/wp\/v2\/product_cat?post=21126"},{"taxonomy":"product_tag","embeddable":true,"href":"https:\/\/nauti-parts.com\/es\/wp-json\/wp\/v2\/product_tag?post=21126"}],"curies":[{"name":"wp","href":"https:\/\/api.w.org\/{rel}","templated":true}]}}