{"id":21101,"date":"2023-11-29T09:29:01","date_gmt":"2023-11-29T09:29:01","guid":{"rendered":"https:\/\/nauti-parts.com\/shop\/sin categor\u00eda\/bbtalkin-soportes-para-casco\/"},"modified":"2023-11-29T09:29:01","modified_gmt":"2023-11-29T09:29:01","slug":"bbtalkin-soportes-para-casco","status":"publish","type":"product","link":"https:\/\/nauti-parts.com\/es\/shop\/accesorios\/bb-talkin\/bbtalkin-soportes-para-casco\/","title":{"rendered":"BbTalkin Soportes para casco"},"content":{"rendered":"<p class=\"font_8 wixui-rich-text__text\">BbTALKIN es un sistema de comunicaci\u00f3n inal\u00e1mbrica Bluetooth que cambia las reglas del juego para deportistas, estudiantes y entrenadores de todo el mundo.<\/p>\n<p class=\"font_8 wixui-rich-text__text\"><span class=\"wixui-rich-text__text\">Esta tecnolog\u00eda multiplica por dos la curva de aprendizaje tanto en los deportes acu\u00e1ticos como en los de invierno.<\/span><\/p>\n<p class=\"font_8 wixui-rich-text__text\"><span class=\"wixui-rich-text__text\">Es una herramienta de entrenamiento en tiempo real que permite al entrenador entrenar instant\u00e1neamente y proporcionar feedback al alumno.<\/span><\/p>\n<p class=\"font_8 wixui-rich-text__text\"><span class=\"wixui-rich-text__text\">Tanto si eres un atleta profesional como un principiante, las ventajas de este sistema de comunicaci\u00f3n son excepcionales.<\/span><\/p>\n<p class=\"font_8 wixui-rich-text__text\"><span class=\"wixui-rich-text__text\">Los entrenadores ya no tienen que gritar, por ejemplo, desde la orilla, la moto acu\u00e1tica o el barco. La distancia de comunicaci\u00f3n es de 1 km (1000 m). <\/span><\/p>\n<p class=\"font_8 wixui-rich-text__text\"><span class=\"wixui-rich-text__text\">El alumno recibir\u00e1 al instante los comentarios del entrenador, lo que le permitir\u00e1 poner en pr\u00e1ctica inmediatamente los consejos.<\/span><\/p>\n<p class=\"font_8 wixui-rich-text__text\"><span class=\"wixui-rich-text__text\">Los grupos recreativos pueden hablar claramente entre s\u00ed, lo que aumenta la seguridad y la concienciaci\u00f3n del grupo. Los productos son a prueba de viento y anulan el ruido. <\/span><\/p>\n<p class=\"font_8 wixui-rich-text__text\"><span class=\"wixui-rich-text__text\">Si eres propietario de una empresa de alquileres, un complejo tur\u00edstico, un parque de cable o una instalaci\u00f3n de deportes acu\u00e1ticos, esto es imprescindible.<\/span><\/p>\n","protected":false},"excerpt":{"rendered":"<p><b>Dispositivo BB-Talkin no incluido<\/b><\/p>\n","protected":false},"featured_media":17407,"comment_status":"open","ping_status":"closed","template":"","meta":{"_acf_changed":false},"product_brand":[],"product_cat":[237,238],"product_tag":[],"class_list":{"0":"post-21101","1":"product","2":"type-product","3":"status-publish","4":"has-post-thumbnail","6":"product_cat-accesorios","7":"product_cat-bb-talkin","8":"repupress_customize_woocommerce_productom_class","10":"first","11":"instock","12":"taxable","13":"shipping-taxable","14":"purchasable","15":"product-type-simple"},"acf":[],"yoast_head":"<!-- This site is optimized with the Yoast SEO plugin v27.2 - https:\/\/yoast.com\/product\/yoast-seo-wordpress\/ -->\n<title>BbTalkin Soportes para casco | Nauti Parts<\/title>\n<meta name=\"robots\" content=\"index, follow, max-snippet:-1, max-image-preview:large, max-video-preview:-1\" \/>\n<link rel=\"canonical\" href=\"https:\/\/nauti-parts.com\/es\/shop\/accesorios\/bb-talkin\/bbtalkin-soportes-para-casco\/\" \/>\n<meta property=\"og:locale\" content=\"es_ES\" \/>\n<meta property=\"og:type\" content=\"article\" \/>\n<meta property=\"og:title\" content=\"BbTalkin Soportes para casco | Nauti Parts\" \/>\n<meta property=\"og:description\" content=\"Dispositivo BB-Talkin no incluido\" \/>\n<meta property=\"og:url\" content=\"https:\/\/nauti-parts.com\/es\/shop\/accesorios\/bb-talkin\/bbtalkin-soportes-para-casco\/\" \/>\n<meta property=\"og:site_name\" content=\"Nauti Parts\" \/>\n<meta property=\"article:publisher\" content=\"https:\/\/www.facebook.com\/nautipartsspain\/\" \/>\n<meta property=\"og:image\" content=\"https:\/\/nauti-parts.com\/wp-content\/uploads\/2023\/11\/c3d8a0_124544a2e6684fe492f415ce0a89d459mv2.webp\" \/>\n\t<meta property=\"og:image:width\" content=\"1000\" \/>\n\t<meta property=\"og:image:height\" content=\"666\" \/>\n\t<meta property=\"og:image:type\" content=\"image\/webp\" \/>\n<meta name=\"twitter:card\" content=\"summary_large_image\" \/>\n<meta name=\"twitter:label1\" content=\"Tiempo de lectura\" \/>\n\t<meta name=\"twitter:data1\" content=\"1 minuto\" \/>\n<script type=\"application\/ld+json\" class=\"yoast-schema-graph\">{\"@context\":\"https:\/\/schema.org\",\"@graph\":[{\"@type\":\"WebPage\",\"@id\":\"https:\/\/nauti-parts.com\/es\/shop\/accesorios\/bb-talkin\/bbtalkin-soportes-para-casco\/\",\"url\":\"https:\/\/nauti-parts.com\/es\/shop\/accesorios\/bb-talkin\/bbtalkin-soportes-para-casco\/\",\"name\":\"BbTalkin Soportes para casco | Nauti Parts\",\"isPartOf\":{\"@id\":\"https:\/\/nauti-parts.com\/es\/#website\"},\"primaryImageOfPage\":{\"@id\":\"https:\/\/nauti-parts.com\/es\/shop\/accesorios\/bb-talkin\/bbtalkin-soportes-para-casco\/#primaryimage\"},\"image\":{\"@id\":\"https:\/\/nauti-parts.com\/es\/shop\/accesorios\/bb-talkin\/bbtalkin-soportes-para-casco\/#primaryimage\"},\"thumbnailUrl\":\"https:\/\/nauti-parts.com\/wp-content\/uploads\/2023\/11\/c3d8a0_124544a2e6684fe492f415ce0a89d459mv2.webp\",\"datePublished\":\"2023-11-29T09:29:01+00:00\",\"breadcrumb\":{\"@id\":\"https:\/\/nauti-parts.com\/es\/shop\/accesorios\/bb-talkin\/bbtalkin-soportes-para-casco\/#breadcrumb\"},\"inLanguage\":\"es\",\"potentialAction\":[{\"@type\":\"ReadAction\",\"target\":[\"https:\/\/nauti-parts.com\/es\/shop\/accesorios\/bb-talkin\/bbtalkin-soportes-para-casco\/\"]}]},{\"@type\":\"ImageObject\",\"inLanguage\":\"es\",\"@id\":\"https:\/\/nauti-parts.com\/es\/shop\/accesorios\/bb-talkin\/bbtalkin-soportes-para-casco\/#primaryimage\",\"url\":\"https:\/\/nauti-parts.com\/wp-content\/uploads\/2023\/11\/c3d8a0_124544a2e6684fe492f415ce0a89d459mv2.webp\",\"contentUrl\":\"https:\/\/nauti-parts.com\/wp-content\/uploads\/2023\/11\/c3d8a0_124544a2e6684fe492f415ce0a89d459mv2.webp\",\"width\":1000,\"height\":666},{\"@type\":\"BreadcrumbList\",\"@id\":\"https:\/\/nauti-parts.com\/es\/shop\/accesorios\/bb-talkin\/bbtalkin-soportes-para-casco\/#breadcrumb\",\"itemListElement\":[{\"@type\":\"ListItem\",\"position\":1,\"name\":\"Tienda\",\"item\":\"https:\/\/nauti-parts.com\/es\/tienda\/\"},{\"@type\":\"ListItem\",\"position\":2,\"name\":\"BbTalkin Soportes para casco\"}]},{\"@type\":\"WebSite\",\"@id\":\"https:\/\/nauti-parts.com\/es\/#website\",\"url\":\"https:\/\/nauti-parts.com\/es\/\",\"name\":\"Nauti Parts\",\"description\":\"Sea-Doo Jet Ski - Seabob Dealer and Rentals | Water Toys Mallorca\",\"publisher\":{\"@id\":\"https:\/\/nauti-parts.com\/es\/#organization\"},\"potentialAction\":[{\"@type\":\"SearchAction\",\"target\":{\"@type\":\"EntryPoint\",\"urlTemplate\":\"https:\/\/nauti-parts.com\/es\/?s={search_term_string}\"},\"query-input\":{\"@type\":\"PropertyValueSpecification\",\"valueRequired\":true,\"valueName\":\"search_term_string\"}}],\"inLanguage\":\"es\"},{\"@type\":\"Organization\",\"@id\":\"https:\/\/nauti-parts.com\/es\/#organization\",\"name\":\"Piezas Nauti\",\"url\":\"https:\/\/nauti-parts.com\/es\/\",\"logo\":{\"@type\":\"ImageObject\",\"inLanguage\":\"es\",\"@id\":\"https:\/\/nauti-parts.com\/es\/#\/schema\/logo\/image\/\",\"url\":\"https:\/\/nauti-parts.com\/wp-content\/uploads\/2023\/10\/np-logo-black.png\",\"contentUrl\":\"https:\/\/nauti-parts.com\/wp-content\/uploads\/2023\/10\/np-logo-black.png\",\"width\":253,\"height\":100,\"caption\":\"Piezas Nauti\"},\"image\":{\"@id\":\"https:\/\/nauti-parts.com\/es\/#\/schema\/logo\/image\/\"},\"sameAs\":[\"https:\/\/www.facebook.com\/nautipartsspain\/\",\"https:\/\/www.instagram.com\/nautiparts\/\"]}]}<\/script>\n<!-- \/ Yoast SEO plugin. -->","yoast_head_json":{"title":"BbTalkin Soportes para casco | Nauti Parts","robots":{"index":"index","follow":"follow","max-snippet":"max-snippet:-1","max-image-preview":"max-image-preview:large","max-video-preview":"max-video-preview:-1"},"canonical":"https:\/\/nauti-parts.com\/es\/shop\/accesorios\/bb-talkin\/bbtalkin-soportes-para-casco\/","og_locale":"es_ES","og_type":"article","og_title":"BbTalkin Soportes para casco | Nauti Parts","og_description":"Dispositivo BB-Talkin no incluido","og_url":"https:\/\/nauti-parts.com\/es\/shop\/accesorios\/bb-talkin\/bbtalkin-soportes-para-casco\/","og_site_name":"Nauti Parts","article_publisher":"https:\/\/www.facebook.com\/nautipartsspain\/","og_image":[{"width":1000,"height":666,"url":"https:\/\/nauti-parts.com\/wp-content\/uploads\/2023\/11\/c3d8a0_124544a2e6684fe492f415ce0a89d459mv2.webp","type":"image\/webp"}],"twitter_card":"summary_large_image","twitter_misc":{"Tiempo de lectura":"1 minuto"},"schema":{"@context":"https:\/\/schema.org","@graph":[{"@type":"WebPage","@id":"https:\/\/nauti-parts.com\/es\/shop\/accesorios\/bb-talkin\/bbtalkin-soportes-para-casco\/","url":"https:\/\/nauti-parts.com\/es\/shop\/accesorios\/bb-talkin\/bbtalkin-soportes-para-casco\/","name":"BbTalkin Soportes para casco | Nauti Parts","isPartOf":{"@id":"https:\/\/nauti-parts.com\/es\/#website"},"primaryImageOfPage":{"@id":"https:\/\/nauti-parts.com\/es\/shop\/accesorios\/bb-talkin\/bbtalkin-soportes-para-casco\/#primaryimage"},"image":{"@id":"https:\/\/nauti-parts.com\/es\/shop\/accesorios\/bb-talkin\/bbtalkin-soportes-para-casco\/#primaryimage"},"thumbnailUrl":"https:\/\/nauti-parts.com\/wp-content\/uploads\/2023\/11\/c3d8a0_124544a2e6684fe492f415ce0a89d459mv2.webp","datePublished":"2023-11-29T09:29:01+00:00","breadcrumb":{"@id":"https:\/\/nauti-parts.com\/es\/shop\/accesorios\/bb-talkin\/bbtalkin-soportes-para-casco\/#breadcrumb"},"inLanguage":"es","potentialAction":[{"@type":"ReadAction","target":["https:\/\/nauti-parts.com\/es\/shop\/accesorios\/bb-talkin\/bbtalkin-soportes-para-casco\/"]}]},{"@type":"ImageObject","inLanguage":"es","@id":"https:\/\/nauti-parts.com\/es\/shop\/accesorios\/bb-talkin\/bbtalkin-soportes-para-casco\/#primaryimage","url":"https:\/\/nauti-parts.com\/wp-content\/uploads\/2023\/11\/c3d8a0_124544a2e6684fe492f415ce0a89d459mv2.webp","contentUrl":"https:\/\/nauti-parts.com\/wp-content\/uploads\/2023\/11\/c3d8a0_124544a2e6684fe492f415ce0a89d459mv2.webp","width":1000,"height":666},{"@type":"BreadcrumbList","@id":"https:\/\/nauti-parts.com\/es\/shop\/accesorios\/bb-talkin\/bbtalkin-soportes-para-casco\/#breadcrumb","itemListElement":[{"@type":"ListItem","position":1,"name":"Tienda","item":"https:\/\/nauti-parts.com\/es\/tienda\/"},{"@type":"ListItem","position":2,"name":"BbTalkin Soportes para casco"}]},{"@type":"WebSite","@id":"https:\/\/nauti-parts.com\/es\/#website","url":"https:\/\/nauti-parts.com\/es\/","name":"Nauti Parts","description":"Sea-Doo Jet Ski - Seabob Dealer and Rentals | Water Toys Mallorca","publisher":{"@id":"https:\/\/nauti-parts.com\/es\/#organization"},"potentialAction":[{"@type":"SearchAction","target":{"@type":"EntryPoint","urlTemplate":"https:\/\/nauti-parts.com\/es\/?s={search_term_string}"},"query-input":{"@type":"PropertyValueSpecification","valueRequired":true,"valueName":"search_term_string"}}],"inLanguage":"es"},{"@type":"Organization","@id":"https:\/\/nauti-parts.com\/es\/#organization","name":"Piezas Nauti","url":"https:\/\/nauti-parts.com\/es\/","logo":{"@type":"ImageObject","inLanguage":"es","@id":"https:\/\/nauti-parts.com\/es\/#\/schema\/logo\/image\/","url":"https:\/\/nauti-parts.com\/wp-content\/uploads\/2023\/10\/np-logo-black.png","contentUrl":"https:\/\/nauti-parts.com\/wp-content\/uploads\/2023\/10\/np-logo-black.png","width":253,"height":100,"caption":"Piezas Nauti"},"image":{"@id":"https:\/\/nauti-parts.com\/es\/#\/schema\/logo\/image\/"},"sameAs":["https:\/\/www.facebook.com\/nautipartsspain\/","https:\/\/www.instagram.com\/nautiparts\/"]}]}},"_links":{"self":[{"href":"https:\/\/nauti-parts.com\/es\/wp-json\/wp\/v2\/product\/21101","targetHints":{"allow":["GET"]}}],"collection":[{"href":"https:\/\/nauti-parts.com\/es\/wp-json\/wp\/v2\/product"}],"about":[{"href":"https:\/\/nauti-parts.com\/es\/wp-json\/wp\/v2\/types\/product"}],"replies":[{"embeddable":true,"href":"https:\/\/nauti-parts.com\/es\/wp-json\/wp\/v2\/comments?post=21101"}],"wp:featuredmedia":[{"embeddable":true,"href":"https:\/\/nauti-parts.com\/es\/wp-json\/wp\/v2\/media\/17407"}],"wp:attachment":[{"href":"https:\/\/nauti-parts.com\/es\/wp-json\/wp\/v2\/media?parent=21101"}],"wp:term":[{"taxonomy":"product_brand","embeddable":true,"href":"https:\/\/nauti-parts.com\/es\/wp-json\/wp\/v2\/product_brand?post=21101"},{"taxonomy":"product_cat","embeddable":true,"href":"https:\/\/nauti-parts.com\/es\/wp-json\/wp\/v2\/product_cat?post=21101"},{"taxonomy":"product_tag","embeddable":true,"href":"https:\/\/nauti-parts.com\/es\/wp-json\/wp\/v2\/product_tag?post=21101"}],"curies":[{"name":"wp","href":"https:\/\/api.w.org\/{rel}","templated":true}]}}