{"id":21089,"date":"2024-01-31T10:03:53","date_gmt":"2024-01-31T10:03:53","guid":{"rendered":"https:\/\/nauti-parts.com\/shop\/sin categor\u00eda\/fiesta-en-el-pabellon-yachtbeach-4-10\/"},"modified":"2024-01-31T10:03:53","modified_gmt":"2024-01-31T10:03:53","slug":"fiesta-en-el-pabellon-yachtbeach-4-10","status":"publish","type":"product","link":"https:\/\/nauti-parts.com\/es\/shop\/hinchables\/playa-del-yate\/fiesta-en-el-pabellon-yachtbeach-4-10\/","title":{"rendered":"Fiesta en el Pabell\u00f3n YachtBeach 4.10"},"content":{"rendered":"<p>El Pabell\u00f3n es una estructura \u00fanica para eventos que combina el encanto del exterior con la comodidad del interior. Su dise\u00f1o hinchable de punto de ca\u00edda lo hace resistente a la intemperie y elegante. Consta de varios elementos modulares, como una plataforma base con opciones de suelo intercambiables, una carpa que da sombra y tiene varias opciones de cubierta superior, y un complemento para mejorar la sombra. Para un m\u00e1ximo confort, tambi\u00e9n est\u00e1n disponibles el Sof\u00e1, el Respaldo y la Mesa Pavilion, que pueden utilizarse por separado como una c\u00f3moda tumbona en la playa. La conexi\u00f3n del Pabell\u00f3n con el agua a\u00f1ade valor y crea una experiencia agradable para cualquier evento.    <\/p>\n<hr>\n<p><strong>Aspectos destacados de la organizaci\u00f3n de fiestas en el pabell\u00f3n Yachtbeach<\/strong><\/p>\n<p>&#8211; suave y c\u00f3moda<br \/>\n&#8211; superficie antideslizante<br \/>\n&#8211; personaliza tu plataforma con el estilo o logotipo de tu yate<br \/>\n&#8211; elige la textura y el color de la superficie<br \/>\n&#8211; duradera y renovable<br \/>\n&#8211; dif\u00edcil de rayar<br \/>\n&#8211; resistente a los rayos UV y al agua salada<\/p>\n<p><strong>Accesorios incluidos:<\/strong><br \/>\n&#8211; 1 x bolsa de embalaje<br \/>\n&#8211; 1 x manual<\/p>\n<p><img loading=\"lazy\" decoding=\"async\" class=\"aligncenter size-full wp-image-17534\" src=\"https:\/\/nauti-parts.com\/wp-content\/uploads\/2024\/01\/modular.webp\" alt=\"\" width=\"2178\" height=\"2021\" srcset=\"https:\/\/nauti-parts.com\/wp-content\/uploads\/2024\/01\/modular.webp 2178w, https:\/\/nauti-parts.com\/wp-content\/uploads\/2024\/01\/modular-300x278.webp 300w, https:\/\/nauti-parts.com\/wp-content\/uploads\/2024\/01\/modular-768x713.webp 768w, https:\/\/nauti-parts.com\/wp-content\/uploads\/2024\/01\/modular-1024x950.webp 1024w, https:\/\/nauti-parts.com\/wp-content\/uploads\/2024\/01\/modular-1536x1425.webp 1536w, https:\/\/nauti-parts.com\/wp-content\/uploads\/2024\/01\/modular-2048x1900.webp 2048w, https:\/\/nauti-parts.com\/wp-content\/uploads\/2024\/01\/modular-350x325.webp 350w, https:\/\/nauti-parts.com\/wp-content\/uploads\/2024\/01\/modular-920x854.webp 920w\" sizes=\"auto, (max-width: 2178px) 100vw, 2178px\" \/><\/p>\n","protected":false},"excerpt":{"rendered":"<p><strong>Medidas<\/strong>:<br \/>\nPlataforma Lounge &#8211; 410 x 355cm<\/p>\n<p><strong>Capacidad:<\/strong><br \/>\nHasta 5 Personas<\/p>\n","protected":false},"featured_media":17533,"comment_status":"open","ping_status":"closed","template":"","meta":{"_acf_changed":false},"product_brand":[],"product_cat":[224,232,225],"product_tag":[],"class_list":{"0":"post-21089","1":"product","2":"type-product","3":"status-publish","4":"has-post-thumbnail","6":"product_cat-hinchables","7":"product_cat-plataformas","8":"product_cat-playa-del-yate","9":"repupress_customize_woocommerce_productom_class","11":"first","12":"instock","13":"taxable","14":"shipping-taxable","15":"purchasable","16":"product-type-simple"},"acf":[],"yoast_head":"<!-- This site is optimized with the Yoast SEO plugin v27.2 - https:\/\/yoast.com\/product\/yoast-seo-wordpress\/ -->\n<title>Fiesta en el Pabell\u00f3n YachtBeach 4.10 | Nauti Parts<\/title>\n<meta name=\"robots\" content=\"index, follow, max-snippet:-1, max-image-preview:large, max-video-preview:-1\" \/>\n<link rel=\"canonical\" href=\"https:\/\/nauti-parts.com\/es\/shop\/hinchables\/playa-del-yate\/fiesta-en-el-pabellon-yachtbeach-4-10\/\" \/>\n<meta property=\"og:locale\" content=\"es_ES\" \/>\n<meta property=\"og:type\" content=\"article\" \/>\n<meta property=\"og:title\" content=\"Fiesta en el Pabell\u00f3n YachtBeach 4.10 | Nauti Parts\" \/>\n<meta property=\"og:description\" content=\"Medidas: Plataforma Lounge - 410 x 355cm Capacidad: Hasta 5 Personas\" \/>\n<meta property=\"og:url\" content=\"https:\/\/nauti-parts.com\/es\/shop\/hinchables\/playa-del-yate\/fiesta-en-el-pabellon-yachtbeach-4-10\/\" \/>\n<meta property=\"og:site_name\" content=\"Nauti Parts\" \/>\n<meta property=\"article:publisher\" content=\"https:\/\/www.facebook.com\/nautipartsspain\/\" \/>\n<meta property=\"og:image\" content=\"https:\/\/nauti-parts.com\/wp-content\/uploads\/2024\/01\/w24288-01-yachtbeach-party-setup.webp\" \/>\n\t<meta property=\"og:image:width\" content=\"1199\" \/>\n\t<meta property=\"og:image:height\" content=\"1200\" \/>\n\t<meta property=\"og:image:type\" content=\"image\/webp\" \/>\n<meta name=\"twitter:card\" content=\"summary_large_image\" \/>\n<meta name=\"twitter:label1\" content=\"Tiempo de lectura\" \/>\n\t<meta name=\"twitter:data1\" content=\"1 minuto\" \/>\n<script type=\"application\/ld+json\" class=\"yoast-schema-graph\">{\"@context\":\"https:\/\/schema.org\",\"@graph\":[{\"@type\":\"WebPage\",\"@id\":\"https:\/\/nauti-parts.com\/es\/shop\/hinchables\/playa-del-yate\/fiesta-en-el-pabellon-yachtbeach-4-10\/\",\"url\":\"https:\/\/nauti-parts.com\/es\/shop\/hinchables\/playa-del-yate\/fiesta-en-el-pabellon-yachtbeach-4-10\/\",\"name\":\"Fiesta en el Pabell\u00f3n YachtBeach 4.10 | Nauti Parts\",\"isPartOf\":{\"@id\":\"https:\/\/nauti-parts.com\/es\/#website\"},\"primaryImageOfPage\":{\"@id\":\"https:\/\/nauti-parts.com\/es\/shop\/hinchables\/playa-del-yate\/fiesta-en-el-pabellon-yachtbeach-4-10\/#primaryimage\"},\"image\":{\"@id\":\"https:\/\/nauti-parts.com\/es\/shop\/hinchables\/playa-del-yate\/fiesta-en-el-pabellon-yachtbeach-4-10\/#primaryimage\"},\"thumbnailUrl\":\"https:\/\/nauti-parts.com\/wp-content\/uploads\/2024\/01\/w24288-01-yachtbeach-party-setup.webp\",\"datePublished\":\"2024-01-31T10:03:53+00:00\",\"breadcrumb\":{\"@id\":\"https:\/\/nauti-parts.com\/es\/shop\/hinchables\/playa-del-yate\/fiesta-en-el-pabellon-yachtbeach-4-10\/#breadcrumb\"},\"inLanguage\":\"es\",\"potentialAction\":[{\"@type\":\"ReadAction\",\"target\":[\"https:\/\/nauti-parts.com\/es\/shop\/hinchables\/playa-del-yate\/fiesta-en-el-pabellon-yachtbeach-4-10\/\"]}]},{\"@type\":\"ImageObject\",\"inLanguage\":\"es\",\"@id\":\"https:\/\/nauti-parts.com\/es\/shop\/hinchables\/playa-del-yate\/fiesta-en-el-pabellon-yachtbeach-4-10\/#primaryimage\",\"url\":\"https:\/\/nauti-parts.com\/wp-content\/uploads\/2024\/01\/w24288-01-yachtbeach-party-setup.webp\",\"contentUrl\":\"https:\/\/nauti-parts.com\/wp-content\/uploads\/2024\/01\/w24288-01-yachtbeach-party-setup.webp\",\"width\":1199,\"height\":1200},{\"@type\":\"BreadcrumbList\",\"@id\":\"https:\/\/nauti-parts.com\/es\/shop\/hinchables\/playa-del-yate\/fiesta-en-el-pabellon-yachtbeach-4-10\/#breadcrumb\",\"itemListElement\":[{\"@type\":\"ListItem\",\"position\":1,\"name\":\"Tienda\",\"item\":\"https:\/\/nauti-parts.com\/es\/tienda\/\"},{\"@type\":\"ListItem\",\"position\":2,\"name\":\"Fiesta en el Pabell\u00f3n YachtBeach 4.10\"}]},{\"@type\":\"WebSite\",\"@id\":\"https:\/\/nauti-parts.com\/es\/#website\",\"url\":\"https:\/\/nauti-parts.com\/es\/\",\"name\":\"Nauti Parts\",\"description\":\"Sea-Doo Jet Ski - Seabob Dealer and Rentals | Water Toys Mallorca\",\"publisher\":{\"@id\":\"https:\/\/nauti-parts.com\/es\/#organization\"},\"potentialAction\":[{\"@type\":\"SearchAction\",\"target\":{\"@type\":\"EntryPoint\",\"urlTemplate\":\"https:\/\/nauti-parts.com\/es\/?s={search_term_string}\"},\"query-input\":{\"@type\":\"PropertyValueSpecification\",\"valueRequired\":true,\"valueName\":\"search_term_string\"}}],\"inLanguage\":\"es\"},{\"@type\":\"Organization\",\"@id\":\"https:\/\/nauti-parts.com\/es\/#organization\",\"name\":\"Piezas Nauti\",\"url\":\"https:\/\/nauti-parts.com\/es\/\",\"logo\":{\"@type\":\"ImageObject\",\"inLanguage\":\"es\",\"@id\":\"https:\/\/nauti-parts.com\/es\/#\/schema\/logo\/image\/\",\"url\":\"https:\/\/nauti-parts.com\/wp-content\/uploads\/2023\/10\/np-logo-black.png\",\"contentUrl\":\"https:\/\/nauti-parts.com\/wp-content\/uploads\/2023\/10\/np-logo-black.png\",\"width\":253,\"height\":100,\"caption\":\"Piezas Nauti\"},\"image\":{\"@id\":\"https:\/\/nauti-parts.com\/es\/#\/schema\/logo\/image\/\"},\"sameAs\":[\"https:\/\/www.facebook.com\/nautipartsspain\/\",\"https:\/\/www.instagram.com\/nautiparts\/\"]}]}<\/script>\n<!-- \/ Yoast SEO plugin. -->","yoast_head_json":{"title":"Fiesta en el Pabell\u00f3n YachtBeach 4.10 | Nauti Parts","robots":{"index":"index","follow":"follow","max-snippet":"max-snippet:-1","max-image-preview":"max-image-preview:large","max-video-preview":"max-video-preview:-1"},"canonical":"https:\/\/nauti-parts.com\/es\/shop\/hinchables\/playa-del-yate\/fiesta-en-el-pabellon-yachtbeach-4-10\/","og_locale":"es_ES","og_type":"article","og_title":"Fiesta en el Pabell\u00f3n YachtBeach 4.10 | Nauti Parts","og_description":"Medidas: Plataforma Lounge - 410 x 355cm Capacidad: Hasta 5 Personas","og_url":"https:\/\/nauti-parts.com\/es\/shop\/hinchables\/playa-del-yate\/fiesta-en-el-pabellon-yachtbeach-4-10\/","og_site_name":"Nauti Parts","article_publisher":"https:\/\/www.facebook.com\/nautipartsspain\/","og_image":[{"width":1199,"height":1200,"url":"https:\/\/nauti-parts.com\/wp-content\/uploads\/2024\/01\/w24288-01-yachtbeach-party-setup.webp","type":"image\/webp"}],"twitter_card":"summary_large_image","twitter_misc":{"Tiempo de lectura":"1 minuto"},"schema":{"@context":"https:\/\/schema.org","@graph":[{"@type":"WebPage","@id":"https:\/\/nauti-parts.com\/es\/shop\/hinchables\/playa-del-yate\/fiesta-en-el-pabellon-yachtbeach-4-10\/","url":"https:\/\/nauti-parts.com\/es\/shop\/hinchables\/playa-del-yate\/fiesta-en-el-pabellon-yachtbeach-4-10\/","name":"Fiesta en el Pabell\u00f3n YachtBeach 4.10 | Nauti Parts","isPartOf":{"@id":"https:\/\/nauti-parts.com\/es\/#website"},"primaryImageOfPage":{"@id":"https:\/\/nauti-parts.com\/es\/shop\/hinchables\/playa-del-yate\/fiesta-en-el-pabellon-yachtbeach-4-10\/#primaryimage"},"image":{"@id":"https:\/\/nauti-parts.com\/es\/shop\/hinchables\/playa-del-yate\/fiesta-en-el-pabellon-yachtbeach-4-10\/#primaryimage"},"thumbnailUrl":"https:\/\/nauti-parts.com\/wp-content\/uploads\/2024\/01\/w24288-01-yachtbeach-party-setup.webp","datePublished":"2024-01-31T10:03:53+00:00","breadcrumb":{"@id":"https:\/\/nauti-parts.com\/es\/shop\/hinchables\/playa-del-yate\/fiesta-en-el-pabellon-yachtbeach-4-10\/#breadcrumb"},"inLanguage":"es","potentialAction":[{"@type":"ReadAction","target":["https:\/\/nauti-parts.com\/es\/shop\/hinchables\/playa-del-yate\/fiesta-en-el-pabellon-yachtbeach-4-10\/"]}]},{"@type":"ImageObject","inLanguage":"es","@id":"https:\/\/nauti-parts.com\/es\/shop\/hinchables\/playa-del-yate\/fiesta-en-el-pabellon-yachtbeach-4-10\/#primaryimage","url":"https:\/\/nauti-parts.com\/wp-content\/uploads\/2024\/01\/w24288-01-yachtbeach-party-setup.webp","contentUrl":"https:\/\/nauti-parts.com\/wp-content\/uploads\/2024\/01\/w24288-01-yachtbeach-party-setup.webp","width":1199,"height":1200},{"@type":"BreadcrumbList","@id":"https:\/\/nauti-parts.com\/es\/shop\/hinchables\/playa-del-yate\/fiesta-en-el-pabellon-yachtbeach-4-10\/#breadcrumb","itemListElement":[{"@type":"ListItem","position":1,"name":"Tienda","item":"https:\/\/nauti-parts.com\/es\/tienda\/"},{"@type":"ListItem","position":2,"name":"Fiesta en el Pabell\u00f3n YachtBeach 4.10"}]},{"@type":"WebSite","@id":"https:\/\/nauti-parts.com\/es\/#website","url":"https:\/\/nauti-parts.com\/es\/","name":"Nauti Parts","description":"Sea-Doo Jet Ski - Seabob Dealer and Rentals | Water Toys Mallorca","publisher":{"@id":"https:\/\/nauti-parts.com\/es\/#organization"},"potentialAction":[{"@type":"SearchAction","target":{"@type":"EntryPoint","urlTemplate":"https:\/\/nauti-parts.com\/es\/?s={search_term_string}"},"query-input":{"@type":"PropertyValueSpecification","valueRequired":true,"valueName":"search_term_string"}}],"inLanguage":"es"},{"@type":"Organization","@id":"https:\/\/nauti-parts.com\/es\/#organization","name":"Piezas Nauti","url":"https:\/\/nauti-parts.com\/es\/","logo":{"@type":"ImageObject","inLanguage":"es","@id":"https:\/\/nauti-parts.com\/es\/#\/schema\/logo\/image\/","url":"https:\/\/nauti-parts.com\/wp-content\/uploads\/2023\/10\/np-logo-black.png","contentUrl":"https:\/\/nauti-parts.com\/wp-content\/uploads\/2023\/10\/np-logo-black.png","width":253,"height":100,"caption":"Piezas Nauti"},"image":{"@id":"https:\/\/nauti-parts.com\/es\/#\/schema\/logo\/image\/"},"sameAs":["https:\/\/www.facebook.com\/nautipartsspain\/","https:\/\/www.instagram.com\/nautiparts\/"]}]}},"_links":{"self":[{"href":"https:\/\/nauti-parts.com\/es\/wp-json\/wp\/v2\/product\/21089","targetHints":{"allow":["GET"]}}],"collection":[{"href":"https:\/\/nauti-parts.com\/es\/wp-json\/wp\/v2\/product"}],"about":[{"href":"https:\/\/nauti-parts.com\/es\/wp-json\/wp\/v2\/types\/product"}],"replies":[{"embeddable":true,"href":"https:\/\/nauti-parts.com\/es\/wp-json\/wp\/v2\/comments?post=21089"}],"wp:featuredmedia":[{"embeddable":true,"href":"https:\/\/nauti-parts.com\/es\/wp-json\/wp\/v2\/media\/17533"}],"wp:attachment":[{"href":"https:\/\/nauti-parts.com\/es\/wp-json\/wp\/v2\/media?parent=21089"}],"wp:term":[{"taxonomy":"product_brand","embeddable":true,"href":"https:\/\/nauti-parts.com\/es\/wp-json\/wp\/v2\/product_brand?post=21089"},{"taxonomy":"product_cat","embeddable":true,"href":"https:\/\/nauti-parts.com\/es\/wp-json\/wp\/v2\/product_cat?post=21089"},{"taxonomy":"product_tag","embeddable":true,"href":"https:\/\/nauti-parts.com\/es\/wp-json\/wp\/v2\/product_tag?post=21089"}],"curies":[{"name":"wp","href":"https:\/\/api.w.org\/{rel}","templated":true}]}}