{"id":21079,"date":"2024-01-31T10:09:16","date_gmt":"2024-01-31T10:09:16","guid":{"rendered":"https:\/\/nauti-parts.com\/shop\/sin categor\u00eda\/yachtbeach-plataforma-premium-820m-teca\/"},"modified":"2024-01-31T10:09:16","modified_gmt":"2024-01-31T10:09:16","slug":"yachtbeach-plataforma-premium-820m-teca","status":"publish","type":"product","link":"https:\/\/nauti-parts.com\/es\/shop\/hinchables\/playa-del-yate\/yachtbeach-plataforma-premium-820m-teca\/","title":{"rendered":"YachtBeach Plataforma Premium 8,20m Teca"},"content":{"rendered":"<p>YACHTBEACH ofrece innovadoras plataformas para yates que pueden transformar tu barco en una peque\u00f1a playa o en una elegante terraza de ba\u00f1o en tu estanque o lago. Este producto de alta gama tiene un dise\u00f1o elegante y sofisticado, que te proporciona a ti y a tus pasajeros la isla de ba\u00f1o perfecta para relajarse, leer y nadar. YACHTBEACH es una plataforma vers\u00e1til que puede utilizarse para fitness, yoga, mindfulness, o como sal\u00f3n de fiestas flotante para veladas sociales con amigos. Se puede combinar de diferentes formas, y la conexi\u00f3n puntual permite el atraque perfecto de moto acu\u00e1tica, embarcaci\u00f3n auxiliar, Seabob, SUP y mucho m\u00e1s.   <\/p>\n<hr>\n<p><strong>Constituci\u00f3n de YB 4.1 Teca Premium<\/strong><\/p>\n<p>Tama\u00f1o: 820x205cm &#8211; 26,9&#8217;x6,7?<br \/>\nPeso con bolsa: aprox. 78kg x 172lbs<br \/>\nTama\u00f1o del embalaje: aprox. 218x48x48cm &#8211; 86?x18,9?x18,9?  <\/p>\n<p><strong>Caracter\u00edsticas:<\/strong><br \/>\n&#8211; fabricado en punto de gota de 20 cm<br \/>\n&#8211; 4 bolsas de lastre<br \/>\n&#8211; 12 asas de metal Yachtbeach gratuitas<br \/>\n&#8211; superficie de teca EVA muy c\u00f3moda<br \/>\n&#8211; incluye soporte para escalera de ba\u00f1o<br \/>\n&#8211; incluye 4 anillas en la parte superior para numerosas opciones de conexi\u00f3n desde la superficie superior<br \/>\n&#8211; incluye 4 anillas en la parte inferior para plataforma de anclaje o conexi\u00f3n a otros productos hinchables y marcas   <\/p>\n","protected":false},"excerpt":{"rendered":"<p><strong>Medidas<\/strong>:<br \/>\nPlataforma &#8211; 820 x 205cm<\/p>\n","protected":false},"featured_media":17539,"comment_status":"open","ping_status":"closed","template":"","meta":{"_acf_changed":false},"product_brand":[],"product_cat":[224,232,225],"product_tag":[],"class_list":{"0":"post-21079","1":"product","2":"type-product","3":"status-publish","4":"has-post-thumbnail","6":"product_cat-hinchables","7":"product_cat-plataformas","8":"product_cat-playa-del-yate","9":"repupress_customize_woocommerce_productom_class","11":"first","12":"instock","13":"taxable","14":"shipping-taxable","15":"purchasable","16":"product-type-simple"},"acf":[],"yoast_head":"<!-- This site is optimized with the Yoast SEO plugin v27.5 - https:\/\/yoast.com\/product\/yoast-seo-wordpress\/ -->\n<title>YachtBeach Plataforma Premium 8,20m Teca | Nauti Parts<\/title>\n<meta name=\"robots\" content=\"index, follow, max-snippet:-1, max-image-preview:large, max-video-preview:-1\" \/>\n<link rel=\"canonical\" href=\"https:\/\/nauti-parts.com\/es\/shop\/hinchables\/playa-del-yate\/yachtbeach-plataforma-premium-820m-teca\/\" \/>\n<meta property=\"og:locale\" content=\"es_ES\" \/>\n<meta property=\"og:type\" content=\"article\" \/>\n<meta property=\"og:title\" content=\"YachtBeach Plataforma Premium 8,20m Teca | Nauti Parts\" \/>\n<meta property=\"og:description\" content=\"Medidas: Plataforma - 820 x 205cm\" \/>\n<meta property=\"og:url\" content=\"https:\/\/nauti-parts.com\/es\/shop\/hinchables\/playa-del-yate\/yachtbeach-plataforma-premium-820m-teca\/\" \/>\n<meta property=\"og:site_name\" content=\"Nauti Parts\" \/>\n<meta property=\"article:publisher\" content=\"https:\/\/www.facebook.com\/nautipartsspain\/\" \/>\n<meta property=\"og:image\" content=\"https:\/\/nauti-parts.com\/wp-content\/uploads\/2024\/01\/22402-04-yachtbeach-platform-4-10-1024x576-1.jpg\" \/>\n\t<meta property=\"og:image:width\" content=\"1024\" \/>\n\t<meta property=\"og:image:height\" content=\"576\" \/>\n\t<meta property=\"og:image:type\" content=\"image\/jpeg\" \/>\n<meta name=\"twitter:card\" content=\"summary_large_image\" \/>\n<meta name=\"twitter:label1\" content=\"Tiempo de lectura\" \/>\n\t<meta name=\"twitter:data1\" content=\"1 minuto\" \/>\n<script type=\"application\/ld+json\" class=\"yoast-schema-graph\">{\"@context\":\"https:\\\/\\\/schema.org\",\"@graph\":[{\"@type\":\"WebPage\",\"@id\":\"https:\\\/\\\/nauti-parts.com\\\/es\\\/shop\\\/hinchables\\\/playa-del-yate\\\/yachtbeach-plataforma-premium-820m-teca\\\/\",\"url\":\"https:\\\/\\\/nauti-parts.com\\\/es\\\/shop\\\/hinchables\\\/playa-del-yate\\\/yachtbeach-plataforma-premium-820m-teca\\\/\",\"name\":\"YachtBeach Plataforma Premium 8,20m Teca | Nauti Parts\",\"isPartOf\":{\"@id\":\"https:\\\/\\\/nauti-parts.com\\\/es\\\/#website\"},\"primaryImageOfPage\":{\"@id\":\"https:\\\/\\\/nauti-parts.com\\\/es\\\/shop\\\/hinchables\\\/playa-del-yate\\\/yachtbeach-plataforma-premium-820m-teca\\\/#primaryimage\"},\"image\":{\"@id\":\"https:\\\/\\\/nauti-parts.com\\\/es\\\/shop\\\/hinchables\\\/playa-del-yate\\\/yachtbeach-plataforma-premium-820m-teca\\\/#primaryimage\"},\"thumbnailUrl\":\"https:\\\/\\\/nauti-parts.com\\\/wp-content\\\/uploads\\\/2024\\\/01\\\/22402-04-yachtbeach-platform-4-10-1024x576-1.jpg\",\"datePublished\":\"2024-01-31T10:09:16+00:00\",\"breadcrumb\":{\"@id\":\"https:\\\/\\\/nauti-parts.com\\\/es\\\/shop\\\/hinchables\\\/playa-del-yate\\\/yachtbeach-plataforma-premium-820m-teca\\\/#breadcrumb\"},\"inLanguage\":\"es\",\"potentialAction\":[{\"@type\":\"ReadAction\",\"target\":[\"https:\\\/\\\/nauti-parts.com\\\/es\\\/shop\\\/hinchables\\\/playa-del-yate\\\/yachtbeach-plataforma-premium-820m-teca\\\/\"]}]},{\"@type\":\"ImageObject\",\"inLanguage\":\"es\",\"@id\":\"https:\\\/\\\/nauti-parts.com\\\/es\\\/shop\\\/hinchables\\\/playa-del-yate\\\/yachtbeach-plataforma-premium-820m-teca\\\/#primaryimage\",\"url\":\"https:\\\/\\\/nauti-parts.com\\\/wp-content\\\/uploads\\\/2024\\\/01\\\/22402-04-yachtbeach-platform-4-10-1024x576-1.jpg\",\"contentUrl\":\"https:\\\/\\\/nauti-parts.com\\\/wp-content\\\/uploads\\\/2024\\\/01\\\/22402-04-yachtbeach-platform-4-10-1024x576-1.jpg\",\"width\":1024,\"height\":576},{\"@type\":\"BreadcrumbList\",\"@id\":\"https:\\\/\\\/nauti-parts.com\\\/es\\\/shop\\\/hinchables\\\/playa-del-yate\\\/yachtbeach-plataforma-premium-820m-teca\\\/#breadcrumb\",\"itemListElement\":[{\"@type\":\"ListItem\",\"position\":1,\"name\":\"Tienda\",\"item\":\"https:\\\/\\\/nauti-parts.com\\\/es\\\/tienda\\\/\"},{\"@type\":\"ListItem\",\"position\":2,\"name\":\"YachtBeach Plataforma Premium 8,20m Teca\"}]},{\"@type\":\"WebSite\",\"@id\":\"https:\\\/\\\/nauti-parts.com\\\/es\\\/#website\",\"url\":\"https:\\\/\\\/nauti-parts.com\\\/es\\\/\",\"name\":\"Nauti Parts\",\"description\":\"Sea-Doo Jet Ski - Seabob Dealer and Rentals | Water Toys Mallorca\",\"publisher\":{\"@id\":\"https:\\\/\\\/nauti-parts.com\\\/es\\\/#organization\"},\"potentialAction\":[{\"@type\":\"SearchAction\",\"target\":{\"@type\":\"EntryPoint\",\"urlTemplate\":\"https:\\\/\\\/nauti-parts.com\\\/es\\\/?s={search_term_string}\"},\"query-input\":{\"@type\":\"PropertyValueSpecification\",\"valueRequired\":true,\"valueName\":\"search_term_string\"}}],\"inLanguage\":\"es\"},{\"@type\":\"Organization\",\"@id\":\"https:\\\/\\\/nauti-parts.com\\\/es\\\/#organization\",\"name\":\"Piezas Nauti\",\"url\":\"https:\\\/\\\/nauti-parts.com\\\/es\\\/\",\"logo\":{\"@type\":\"ImageObject\",\"inLanguage\":\"es\",\"@id\":\"https:\\\/\\\/nauti-parts.com\\\/es\\\/#\\\/schema\\\/logo\\\/image\\\/\",\"url\":\"https:\\\/\\\/nauti-parts.com\\\/wp-content\\\/uploads\\\/2023\\\/10\\\/np-logo-black.png\",\"contentUrl\":\"https:\\\/\\\/nauti-parts.com\\\/wp-content\\\/uploads\\\/2023\\\/10\\\/np-logo-black.png\",\"width\":253,\"height\":100,\"caption\":\"Piezas Nauti\"},\"image\":{\"@id\":\"https:\\\/\\\/nauti-parts.com\\\/es\\\/#\\\/schema\\\/logo\\\/image\\\/\"},\"sameAs\":[\"https:\\\/\\\/www.facebook.com\\\/nautipartsspain\\\/\",\"https:\\\/\\\/www.instagram.com\\\/nautiparts\\\/\"]}]}<\/script>\n<!-- \/ Yoast SEO plugin. -->","yoast_head_json":{"title":"YachtBeach Plataforma Premium 8,20m Teca | Nauti Parts","robots":{"index":"index","follow":"follow","max-snippet":"max-snippet:-1","max-image-preview":"max-image-preview:large","max-video-preview":"max-video-preview:-1"},"canonical":"https:\/\/nauti-parts.com\/es\/shop\/hinchables\/playa-del-yate\/yachtbeach-plataforma-premium-820m-teca\/","og_locale":"es_ES","og_type":"article","og_title":"YachtBeach Plataforma Premium 8,20m Teca | Nauti Parts","og_description":"Medidas: Plataforma - 820 x 205cm","og_url":"https:\/\/nauti-parts.com\/es\/shop\/hinchables\/playa-del-yate\/yachtbeach-plataforma-premium-820m-teca\/","og_site_name":"Nauti Parts","article_publisher":"https:\/\/www.facebook.com\/nautipartsspain\/","og_image":[{"width":1024,"height":576,"url":"https:\/\/nauti-parts.com\/wp-content\/uploads\/2024\/01\/22402-04-yachtbeach-platform-4-10-1024x576-1.jpg","type":"image\/jpeg"}],"twitter_card":"summary_large_image","twitter_misc":{"Tiempo de lectura":"1 minuto"},"schema":{"@context":"https:\/\/schema.org","@graph":[{"@type":"WebPage","@id":"https:\/\/nauti-parts.com\/es\/shop\/hinchables\/playa-del-yate\/yachtbeach-plataforma-premium-820m-teca\/","url":"https:\/\/nauti-parts.com\/es\/shop\/hinchables\/playa-del-yate\/yachtbeach-plataforma-premium-820m-teca\/","name":"YachtBeach Plataforma Premium 8,20m Teca | Nauti Parts","isPartOf":{"@id":"https:\/\/nauti-parts.com\/es\/#website"},"primaryImageOfPage":{"@id":"https:\/\/nauti-parts.com\/es\/shop\/hinchables\/playa-del-yate\/yachtbeach-plataforma-premium-820m-teca\/#primaryimage"},"image":{"@id":"https:\/\/nauti-parts.com\/es\/shop\/hinchables\/playa-del-yate\/yachtbeach-plataforma-premium-820m-teca\/#primaryimage"},"thumbnailUrl":"https:\/\/nauti-parts.com\/wp-content\/uploads\/2024\/01\/22402-04-yachtbeach-platform-4-10-1024x576-1.jpg","datePublished":"2024-01-31T10:09:16+00:00","breadcrumb":{"@id":"https:\/\/nauti-parts.com\/es\/shop\/hinchables\/playa-del-yate\/yachtbeach-plataforma-premium-820m-teca\/#breadcrumb"},"inLanguage":"es","potentialAction":[{"@type":"ReadAction","target":["https:\/\/nauti-parts.com\/es\/shop\/hinchables\/playa-del-yate\/yachtbeach-plataforma-premium-820m-teca\/"]}]},{"@type":"ImageObject","inLanguage":"es","@id":"https:\/\/nauti-parts.com\/es\/shop\/hinchables\/playa-del-yate\/yachtbeach-plataforma-premium-820m-teca\/#primaryimage","url":"https:\/\/nauti-parts.com\/wp-content\/uploads\/2024\/01\/22402-04-yachtbeach-platform-4-10-1024x576-1.jpg","contentUrl":"https:\/\/nauti-parts.com\/wp-content\/uploads\/2024\/01\/22402-04-yachtbeach-platform-4-10-1024x576-1.jpg","width":1024,"height":576},{"@type":"BreadcrumbList","@id":"https:\/\/nauti-parts.com\/es\/shop\/hinchables\/playa-del-yate\/yachtbeach-plataforma-premium-820m-teca\/#breadcrumb","itemListElement":[{"@type":"ListItem","position":1,"name":"Tienda","item":"https:\/\/nauti-parts.com\/es\/tienda\/"},{"@type":"ListItem","position":2,"name":"YachtBeach Plataforma Premium 8,20m Teca"}]},{"@type":"WebSite","@id":"https:\/\/nauti-parts.com\/es\/#website","url":"https:\/\/nauti-parts.com\/es\/","name":"Nauti Parts","description":"Sea-Doo Jet Ski - Seabob Dealer and Rentals | Water Toys Mallorca","publisher":{"@id":"https:\/\/nauti-parts.com\/es\/#organization"},"potentialAction":[{"@type":"SearchAction","target":{"@type":"EntryPoint","urlTemplate":"https:\/\/nauti-parts.com\/es\/?s={search_term_string}"},"query-input":{"@type":"PropertyValueSpecification","valueRequired":true,"valueName":"search_term_string"}}],"inLanguage":"es"},{"@type":"Organization","@id":"https:\/\/nauti-parts.com\/es\/#organization","name":"Piezas Nauti","url":"https:\/\/nauti-parts.com\/es\/","logo":{"@type":"ImageObject","inLanguage":"es","@id":"https:\/\/nauti-parts.com\/es\/#\/schema\/logo\/image\/","url":"https:\/\/nauti-parts.com\/wp-content\/uploads\/2023\/10\/np-logo-black.png","contentUrl":"https:\/\/nauti-parts.com\/wp-content\/uploads\/2023\/10\/np-logo-black.png","width":253,"height":100,"caption":"Piezas Nauti"},"image":{"@id":"https:\/\/nauti-parts.com\/es\/#\/schema\/logo\/image\/"},"sameAs":["https:\/\/www.facebook.com\/nautipartsspain\/","https:\/\/www.instagram.com\/nautiparts\/"]}]}},"_links":{"self":[{"href":"https:\/\/nauti-parts.com\/es\/wp-json\/wp\/v2\/product\/21079","targetHints":{"allow":["GET"]}}],"collection":[{"href":"https:\/\/nauti-parts.com\/es\/wp-json\/wp\/v2\/product"}],"about":[{"href":"https:\/\/nauti-parts.com\/es\/wp-json\/wp\/v2\/types\/product"}],"replies":[{"embeddable":true,"href":"https:\/\/nauti-parts.com\/es\/wp-json\/wp\/v2\/comments?post=21079"}],"wp:featuredmedia":[{"embeddable":true,"href":"https:\/\/nauti-parts.com\/es\/wp-json\/wp\/v2\/media\/17539"}],"wp:attachment":[{"href":"https:\/\/nauti-parts.com\/es\/wp-json\/wp\/v2\/media?parent=21079"}],"wp:term":[{"taxonomy":"product_brand","embeddable":true,"href":"https:\/\/nauti-parts.com\/es\/wp-json\/wp\/v2\/product_brand?post=21079"},{"taxonomy":"product_cat","embeddable":true,"href":"https:\/\/nauti-parts.com\/es\/wp-json\/wp\/v2\/product_cat?post=21079"},{"taxonomy":"product_tag","embeddable":true,"href":"https:\/\/nauti-parts.com\/es\/wp-json\/wp\/v2\/product_tag?post=21079"}],"curies":[{"name":"wp","href":"https:\/\/api.w.org\/{rel}","templated":true}]}}