{"id":20990,"date":"2024-01-31T11:35:02","date_gmt":"2024-01-31T11:35:02","guid":{"rendered":"https:\/\/nauti-parts.com\/shop\/sin categor\u00eda\/muelle-yachtbeach-teak-jetski-combo-8-08-x-4-10\/"},"modified":"2024-01-31T11:35:02","modified_gmt":"2024-01-31T11:35:02","slug":"muelle-yachtbeach-teak-jetski-combo-8-08-x-4-10","status":"publish","type":"product","link":"https:\/\/nauti-parts.com\/es\/shop\/hinchables\/playa-del-yate\/muelle-yachtbeach-teak-jetski-combo-8-08-x-4-10\/","title":{"rendered":"Muelle YachtBeach Teak Jetski Combo 8.08 x 4.10"},"content":{"rendered":"<p>En el segmento premium, Yachtbeach lanza el nuevo muelle de lujo para motos acu\u00e1ticas. Aparca f\u00e1cilmente hasta 2 motos acu\u00e1ticas grandes con el resto de su equipamiento para deportes acu\u00e1ticos en el Muelle para Motos Acu\u00e1ticas. La superficie de espuma \u00f3ptica de EVA endurecida llama la atenci\u00f3n por s\u00ed misma e invita a darse un ba\u00f1o o descansar un rato. Cabe destacar que puedes combinar f\u00e1cilmente el Muelle para motos acu\u00e1ticas Yachtbeach con todas las plataformas Yachtbeach 4.1 y 3.1 comunes y hacer una gran variedad de combinaciones posibles. Informaci\u00f3n detallada: -El Muelle para motos acu\u00e1ticas tiene brazos divididos m\u00e1s largos para que las motos acu\u00e1ticas no choquen y est\u00e9n mejor protegidas. Los brazos divididos tienen cada uno 200 cm de largo y 55 cm de ancho -el brazo del departamento central tiene una anchura de 40 cm -Grosor del material: 20 cm de punto de ca\u00edda reforzado -a\u00f1ade una estabilidad incre\u00edble, lo que hace que sea a\u00fan m\u00e1s seguro cuando hay varias personas en el Muelle para motos acu\u00e1ticas Yachtbeach, incluso cuando hay oleaje. -V\u00e1lvula: sistema de seguridad de 2 c\u00e1maras -equipada con 2 v\u00e1lvulas de alta presi\u00f3n que permiten un llenado r\u00e1pido y f\u00e1cil. La v\u00e1lvula de alivio de presi\u00f3n de alta calidad garantiza siempre la presi\u00f3n correcta en el Muelle para motos acu\u00e1ticas. Gracias a las 2 v\u00e1lvulas, tambi\u00e9n se ahorra un 50% de tiempo en el vaciado. -Tapa de espuma: de EVA endurecida -Anillos en D: 4 anillas D en la parte inferior &#8211; 12 anillas D en la parte superior para numerosas opciones de montaje -3 Bolsas de lastre incluidas &#8211; para un equilibrio perfecto en condiciones de oleaje Dimensiones externas: 410cm x 300cm Asas: 10 asas de sujeci\u00f3n y transporte de alta calidad Tama\u00f1o del paquete aprox.: 111x68x23cm Peso aprox. 38kg Volumen de suministro: Bolsa de transporte y kit de reparaci\u00f3n sin pegamento. La bomba no est\u00e1 incluida. Como bomba, recomendamos opcionalmente el art\u00edculo 13267 Bomba El\u00e9ctrica Spinera Resort 230V Platino, que proporciona la presi\u00f3n recomendada muy r\u00e1pidamente gracias a su alto rendimiento.<\/p>\n<p><strong>Medidas:<br \/>\n<\/strong>Tama\u00f1o: 308x155cm &#8211; 10,1&#8217;x5?<br \/>\nPeso con bolsa: aprox. 28 kg &#8211; 55,55lbs<br \/>\nTama\u00f1o del embalaje: aprox. 166x38x26cm &#8211; 65?x15?x10?  <\/p>\n<p><strong>Constituci\u00f3n de YB 4.10 Teca<\/strong><\/p>\n<p>Tama\u00f1o: 410x205cm &#8211; 13&#8217;x6,7?<br \/>\nPeso con bolsa: aprox. 38 kg &#8211; 83lbs<br \/>\nTama\u00f1o del paquete: 210x48x38cm  <\/p>\n<p><strong>Caracter\u00edsticas:<\/strong><br \/>\n&#8211; fabricado en punto de gota de 20 cm<br \/>\n&#8211; 4 bolsas de lastre<br \/>\n&#8211; 12 asas de metal Yachtbeach gratuitas<br \/>\n&#8211; superficie de teca EVA muy c\u00f3moda<br \/>\n&#8211; incluye soporte para escalera de ba\u00f1o<br \/>\n&#8211; incluye 4 anillas en la parte superior para numerosas opciones de conexi\u00f3n desde la superficie superior<br \/>\n&#8211; incluye 4 anillas en la parte inferior para plataforma de anclaje o conexi\u00f3n a otros productos hinchables y marcas   <\/p>\n","protected":false},"excerpt":{"rendered":"<p>Construye f\u00e1cilmente tu estaci\u00f3n de atraque ideal para tu moto acu\u00e1tica, embarcaci\u00f3n auxiliar, Seabob, SUP y \u00a1mucho m\u00e1s!<\/p>\n","protected":false},"featured_media":17667,"comment_status":"open","ping_status":"closed","template":"","meta":{"_acf_changed":false},"product_brand":[],"product_cat":[224,232,225],"product_tag":[],"class_list":{"0":"post-20990","1":"product","2":"type-product","3":"status-publish","4":"has-post-thumbnail","6":"product_cat-hinchables","7":"product_cat-plataformas","8":"product_cat-playa-del-yate","9":"repupress_customize_woocommerce_productom_class","11":"first","12":"instock","13":"taxable","14":"shipping-taxable","15":"product-type-simple"},"acf":[],"yoast_head":"<!-- This site is optimized with the Yoast SEO plugin v27.2 - https:\/\/yoast.com\/product\/yoast-seo-wordpress\/ -->\n<title>Muelle YachtBeach Teak Jetski Combo 8.08 x 4.10 | Nauti Parts<\/title>\n<meta name=\"robots\" content=\"index, follow, max-snippet:-1, max-image-preview:large, max-video-preview:-1\" \/>\n<link rel=\"canonical\" href=\"https:\/\/nauti-parts.com\/es\/shop\/hinchables\/playa-del-yate\/muelle-yachtbeach-teak-jetski-combo-8-08-x-4-10\/\" \/>\n<meta property=\"og:locale\" content=\"es_ES\" \/>\n<meta property=\"og:type\" content=\"article\" \/>\n<meta property=\"og:title\" content=\"Muelle YachtBeach Teak Jetski Combo 8.08 x 4.10 | Nauti Parts\" \/>\n<meta property=\"og:description\" content=\"Construye f\u00e1cilmente tu estaci\u00f3n de atraque ideal para tu moto acu\u00e1tica, embarcaci\u00f3n auxiliar, Seabob, SUP y \u00a1mucho m\u00e1s!\" \/>\n<meta property=\"og:url\" content=\"https:\/\/nauti-parts.com\/es\/shop\/hinchables\/playa-del-yate\/muelle-yachtbeach-teak-jetski-combo-8-08-x-4-10\/\" \/>\n<meta property=\"og:site_name\" content=\"Nauti Parts\" \/>\n<meta property=\"article:publisher\" content=\"https:\/\/www.facebook.com\/nautipartsspain\/\" \/>\n<meta property=\"og:image\" content=\"https:\/\/nauti-parts.com\/wp-content\/uploads\/2024\/01\/jetskidock01.webp\" \/>\n\t<meta property=\"og:image:width\" content=\"1199\" \/>\n\t<meta property=\"og:image:height\" content=\"1200\" \/>\n\t<meta property=\"og:image:type\" content=\"image\/webp\" \/>\n<meta name=\"twitter:card\" content=\"summary_large_image\" \/>\n<meta name=\"twitter:label1\" content=\"Tiempo de lectura\" \/>\n\t<meta name=\"twitter:data1\" content=\"2 minutos\" \/>\n<script type=\"application\/ld+json\" class=\"yoast-schema-graph\">{\"@context\":\"https:\/\/schema.org\",\"@graph\":[{\"@type\":\"WebPage\",\"@id\":\"https:\/\/nauti-parts.com\/es\/shop\/hinchables\/playa-del-yate\/muelle-yachtbeach-teak-jetski-combo-8-08-x-4-10\/\",\"url\":\"https:\/\/nauti-parts.com\/es\/shop\/hinchables\/playa-del-yate\/muelle-yachtbeach-teak-jetski-combo-8-08-x-4-10\/\",\"name\":\"Muelle YachtBeach Teak Jetski Combo 8.08 x 4.10 | Nauti Parts\",\"isPartOf\":{\"@id\":\"https:\/\/nauti-parts.com\/es\/#website\"},\"primaryImageOfPage\":{\"@id\":\"https:\/\/nauti-parts.com\/es\/shop\/hinchables\/playa-del-yate\/muelle-yachtbeach-teak-jetski-combo-8-08-x-4-10\/#primaryimage\"},\"image\":{\"@id\":\"https:\/\/nauti-parts.com\/es\/shop\/hinchables\/playa-del-yate\/muelle-yachtbeach-teak-jetski-combo-8-08-x-4-10\/#primaryimage\"},\"thumbnailUrl\":\"https:\/\/nauti-parts.com\/wp-content\/uploads\/2024\/01\/jetskidock01.webp\",\"datePublished\":\"2024-01-31T11:35:02+00:00\",\"breadcrumb\":{\"@id\":\"https:\/\/nauti-parts.com\/es\/shop\/hinchables\/playa-del-yate\/muelle-yachtbeach-teak-jetski-combo-8-08-x-4-10\/#breadcrumb\"},\"inLanguage\":\"es\",\"potentialAction\":[{\"@type\":\"ReadAction\",\"target\":[\"https:\/\/nauti-parts.com\/es\/shop\/hinchables\/playa-del-yate\/muelle-yachtbeach-teak-jetski-combo-8-08-x-4-10\/\"]}]},{\"@type\":\"ImageObject\",\"inLanguage\":\"es\",\"@id\":\"https:\/\/nauti-parts.com\/es\/shop\/hinchables\/playa-del-yate\/muelle-yachtbeach-teak-jetski-combo-8-08-x-4-10\/#primaryimage\",\"url\":\"https:\/\/nauti-parts.com\/wp-content\/uploads\/2024\/01\/jetskidock01.webp\",\"contentUrl\":\"https:\/\/nauti-parts.com\/wp-content\/uploads\/2024\/01\/jetskidock01.webp\",\"width\":1199,\"height\":1200},{\"@type\":\"BreadcrumbList\",\"@id\":\"https:\/\/nauti-parts.com\/es\/shop\/hinchables\/playa-del-yate\/muelle-yachtbeach-teak-jetski-combo-8-08-x-4-10\/#breadcrumb\",\"itemListElement\":[{\"@type\":\"ListItem\",\"position\":1,\"name\":\"Tienda\",\"item\":\"https:\/\/nauti-parts.com\/es\/tienda\/\"},{\"@type\":\"ListItem\",\"position\":2,\"name\":\"Muelle YachtBeach Teak Jetski Combo 8.08 x 4.10\"}]},{\"@type\":\"WebSite\",\"@id\":\"https:\/\/nauti-parts.com\/es\/#website\",\"url\":\"https:\/\/nauti-parts.com\/es\/\",\"name\":\"Nauti Parts\",\"description\":\"Sea-Doo Jet Ski - Seabob Dealer and Rentals | Water Toys Mallorca\",\"publisher\":{\"@id\":\"https:\/\/nauti-parts.com\/es\/#organization\"},\"potentialAction\":[{\"@type\":\"SearchAction\",\"target\":{\"@type\":\"EntryPoint\",\"urlTemplate\":\"https:\/\/nauti-parts.com\/es\/?s={search_term_string}\"},\"query-input\":{\"@type\":\"PropertyValueSpecification\",\"valueRequired\":true,\"valueName\":\"search_term_string\"}}],\"inLanguage\":\"es\"},{\"@type\":\"Organization\",\"@id\":\"https:\/\/nauti-parts.com\/es\/#organization\",\"name\":\"Piezas Nauti\",\"url\":\"https:\/\/nauti-parts.com\/es\/\",\"logo\":{\"@type\":\"ImageObject\",\"inLanguage\":\"es\",\"@id\":\"https:\/\/nauti-parts.com\/es\/#\/schema\/logo\/image\/\",\"url\":\"https:\/\/nauti-parts.com\/wp-content\/uploads\/2023\/10\/np-logo-black.png\",\"contentUrl\":\"https:\/\/nauti-parts.com\/wp-content\/uploads\/2023\/10\/np-logo-black.png\",\"width\":253,\"height\":100,\"caption\":\"Piezas Nauti\"},\"image\":{\"@id\":\"https:\/\/nauti-parts.com\/es\/#\/schema\/logo\/image\/\"},\"sameAs\":[\"https:\/\/www.facebook.com\/nautipartsspain\/\",\"https:\/\/www.instagram.com\/nautiparts\/\"]}]}<\/script>\n<!-- \/ Yoast SEO plugin. -->","yoast_head_json":{"title":"Muelle YachtBeach Teak Jetski Combo 8.08 x 4.10 | Nauti Parts","robots":{"index":"index","follow":"follow","max-snippet":"max-snippet:-1","max-image-preview":"max-image-preview:large","max-video-preview":"max-video-preview:-1"},"canonical":"https:\/\/nauti-parts.com\/es\/shop\/hinchables\/playa-del-yate\/muelle-yachtbeach-teak-jetski-combo-8-08-x-4-10\/","og_locale":"es_ES","og_type":"article","og_title":"Muelle YachtBeach Teak Jetski Combo 8.08 x 4.10 | Nauti Parts","og_description":"Construye f\u00e1cilmente tu estaci\u00f3n de atraque ideal para tu moto acu\u00e1tica, embarcaci\u00f3n auxiliar, Seabob, SUP y \u00a1mucho m\u00e1s!","og_url":"https:\/\/nauti-parts.com\/es\/shop\/hinchables\/playa-del-yate\/muelle-yachtbeach-teak-jetski-combo-8-08-x-4-10\/","og_site_name":"Nauti Parts","article_publisher":"https:\/\/www.facebook.com\/nautipartsspain\/","og_image":[{"width":1199,"height":1200,"url":"https:\/\/nauti-parts.com\/wp-content\/uploads\/2024\/01\/jetskidock01.webp","type":"image\/webp"}],"twitter_card":"summary_large_image","twitter_misc":{"Tiempo de lectura":"2 minutos"},"schema":{"@context":"https:\/\/schema.org","@graph":[{"@type":"WebPage","@id":"https:\/\/nauti-parts.com\/es\/shop\/hinchables\/playa-del-yate\/muelle-yachtbeach-teak-jetski-combo-8-08-x-4-10\/","url":"https:\/\/nauti-parts.com\/es\/shop\/hinchables\/playa-del-yate\/muelle-yachtbeach-teak-jetski-combo-8-08-x-4-10\/","name":"Muelle YachtBeach Teak Jetski Combo 8.08 x 4.10 | Nauti Parts","isPartOf":{"@id":"https:\/\/nauti-parts.com\/es\/#website"},"primaryImageOfPage":{"@id":"https:\/\/nauti-parts.com\/es\/shop\/hinchables\/playa-del-yate\/muelle-yachtbeach-teak-jetski-combo-8-08-x-4-10\/#primaryimage"},"image":{"@id":"https:\/\/nauti-parts.com\/es\/shop\/hinchables\/playa-del-yate\/muelle-yachtbeach-teak-jetski-combo-8-08-x-4-10\/#primaryimage"},"thumbnailUrl":"https:\/\/nauti-parts.com\/wp-content\/uploads\/2024\/01\/jetskidock01.webp","datePublished":"2024-01-31T11:35:02+00:00","breadcrumb":{"@id":"https:\/\/nauti-parts.com\/es\/shop\/hinchables\/playa-del-yate\/muelle-yachtbeach-teak-jetski-combo-8-08-x-4-10\/#breadcrumb"},"inLanguage":"es","potentialAction":[{"@type":"ReadAction","target":["https:\/\/nauti-parts.com\/es\/shop\/hinchables\/playa-del-yate\/muelle-yachtbeach-teak-jetski-combo-8-08-x-4-10\/"]}]},{"@type":"ImageObject","inLanguage":"es","@id":"https:\/\/nauti-parts.com\/es\/shop\/hinchables\/playa-del-yate\/muelle-yachtbeach-teak-jetski-combo-8-08-x-4-10\/#primaryimage","url":"https:\/\/nauti-parts.com\/wp-content\/uploads\/2024\/01\/jetskidock01.webp","contentUrl":"https:\/\/nauti-parts.com\/wp-content\/uploads\/2024\/01\/jetskidock01.webp","width":1199,"height":1200},{"@type":"BreadcrumbList","@id":"https:\/\/nauti-parts.com\/es\/shop\/hinchables\/playa-del-yate\/muelle-yachtbeach-teak-jetski-combo-8-08-x-4-10\/#breadcrumb","itemListElement":[{"@type":"ListItem","position":1,"name":"Tienda","item":"https:\/\/nauti-parts.com\/es\/tienda\/"},{"@type":"ListItem","position":2,"name":"Muelle YachtBeach Teak Jetski Combo 8.08 x 4.10"}]},{"@type":"WebSite","@id":"https:\/\/nauti-parts.com\/es\/#website","url":"https:\/\/nauti-parts.com\/es\/","name":"Nauti Parts","description":"Sea-Doo Jet Ski - Seabob Dealer and Rentals | Water Toys Mallorca","publisher":{"@id":"https:\/\/nauti-parts.com\/es\/#organization"},"potentialAction":[{"@type":"SearchAction","target":{"@type":"EntryPoint","urlTemplate":"https:\/\/nauti-parts.com\/es\/?s={search_term_string}"},"query-input":{"@type":"PropertyValueSpecification","valueRequired":true,"valueName":"search_term_string"}}],"inLanguage":"es"},{"@type":"Organization","@id":"https:\/\/nauti-parts.com\/es\/#organization","name":"Piezas Nauti","url":"https:\/\/nauti-parts.com\/es\/","logo":{"@type":"ImageObject","inLanguage":"es","@id":"https:\/\/nauti-parts.com\/es\/#\/schema\/logo\/image\/","url":"https:\/\/nauti-parts.com\/wp-content\/uploads\/2023\/10\/np-logo-black.png","contentUrl":"https:\/\/nauti-parts.com\/wp-content\/uploads\/2023\/10\/np-logo-black.png","width":253,"height":100,"caption":"Piezas Nauti"},"image":{"@id":"https:\/\/nauti-parts.com\/es\/#\/schema\/logo\/image\/"},"sameAs":["https:\/\/www.facebook.com\/nautipartsspain\/","https:\/\/www.instagram.com\/nautiparts\/"]}]}},"_links":{"self":[{"href":"https:\/\/nauti-parts.com\/es\/wp-json\/wp\/v2\/product\/20990","targetHints":{"allow":["GET"]}}],"collection":[{"href":"https:\/\/nauti-parts.com\/es\/wp-json\/wp\/v2\/product"}],"about":[{"href":"https:\/\/nauti-parts.com\/es\/wp-json\/wp\/v2\/types\/product"}],"replies":[{"embeddable":true,"href":"https:\/\/nauti-parts.com\/es\/wp-json\/wp\/v2\/comments?post=20990"}],"wp:featuredmedia":[{"embeddable":true,"href":"https:\/\/nauti-parts.com\/es\/wp-json\/wp\/v2\/media\/17667"}],"wp:attachment":[{"href":"https:\/\/nauti-parts.com\/es\/wp-json\/wp\/v2\/media?parent=20990"}],"wp:term":[{"taxonomy":"product_brand","embeddable":true,"href":"https:\/\/nauti-parts.com\/es\/wp-json\/wp\/v2\/product_brand?post=20990"},{"taxonomy":"product_cat","embeddable":true,"href":"https:\/\/nauti-parts.com\/es\/wp-json\/wp\/v2\/product_cat?post=20990"},{"taxonomy":"product_tag","embeddable":true,"href":"https:\/\/nauti-parts.com\/es\/wp-json\/wp\/v2\/product_tag?post=20990"}],"curies":[{"name":"wp","href":"https:\/\/api.w.org\/{rel}","templated":true}]}}