{"id":20925,"date":"2024-01-31T12:11:15","date_gmt":"2024-01-31T12:11:15","guid":{"rendered":"https:\/\/nauti-parts.com\/shop\/sin categor\u00eda\/vapor-sublue\/"},"modified":"2024-01-31T12:11:15","modified_gmt":"2024-01-31T12:11:15","slug":"vapor-sublue","status":"publish","type":"product","link":"https:\/\/nauti-parts.com\/es\/shop\/juguetes-acuaticos\/seascooter\/sublue\/vapor-sublue\/","title":{"rendered":"Vapor Sublue"},"content":{"rendered":"<p>Descubre el <strong>Vapor<\/strong> de Sublue, el revolucionario scooter subacu\u00e1tico que redefine la exploraci\u00f3n submarina. Con su potente motor monomotor capaz de alcanzar velocidades de hasta <strong>9 km\/h<\/strong> y profundidades de inmersi\u00f3n de hasta <strong>40 metros<\/strong>, el Vapor ofrece una experiencia de buceo sin igual. Dise\u00f1ado para los entusiastas de los deportes acu\u00e1ticos, combina potencia y comodidad gracias a su <strong>dise\u00f1o ergon\u00f3mico<\/strong>. Con tres velocidades ajustables y una pantalla que muestra la informaci\u00f3n esencial en tiempo real, el Vapor es la herramienta perfecta para los aventureros submarinos en busca de exploraciones emocionantes y seguras.   <\/p>\n<div style=\"width: 900px;\" class=\"wp-video\"><video class=\"wp-video-shortcode\" id=\"video-20925-1\" width=\"900\" height=\"506\" preload=\"metadata\" controls=\"controls\"><source type=\"video\/mp4\" src=\"https:\/\/nauti-parts.com\/wp-content\/uploads\/2024\/01\/vapor-video6.mp4?_=1\" \/><a href=\"https:\/\/nauti-parts.com\/wp-content\/uploads\/2024\/01\/vapor-video6.mp4\">https:\/\/nauti-parts.com\/wp-content\/uploads\/2024\/01\/vapor-video6.mp4<\/a><\/video><\/div>\n<h3>Especificaciones:<\/h3>\n<ul>\n<li>Dimensiones: 58 x 38 x 27 cm \/ 22,79 x 14,92 x 10,75<\/li>\n<li>Peso: 8 kg \/ 17,64 lbs<\/li>\n<li>Empuje m\u00e1ximo: 210 Newton<\/li>\n<li>Profundidad: 40 m<\/li>\n<li>Duraci\u00f3n de la bater\u00eda: 1 hora<\/li>\n<li>Velocidad: hasta 10 km\/h<\/li>\n<li>Potencia de la bater\u00eda: 384,8 Wh<\/li>\n<li>Tiempo de carga Est\u00e1ndar: 4h<\/li>\n<li>Tiempo de carga R\u00e1pida: 1,5h (85% &#8211; 1h)<\/li>\n<li>Engranajes: 3<\/li>\n<\/ul>\n<hr>\n<p><strong>Potencia inigualable<\/strong><br \/>\nEl Vapor est\u00e1 equipado con una potente turbina \u00fanica que te propulsa a velocidades de hasta 9 km\/h, permiti\u00e9ndote navegar sin problemas en las profundidades marinas. Sum\u00e9rgete hasta profundidades de 40 metros con confianza y descubre un mundo submarino fascinante. <\/p>\n<hr>\n<p><strong>Versatilidad<\/strong> de tres velocidades<br \/>\nEl Vapor ofrece una versatilidad excepcional gracias a sus tres velocidades ajustables. Elige la velocidad que mejor se adapte a tu estilo de buceo, ya sea para una exploraci\u00f3n lenta y relajada o para una aventura m\u00e1s din\u00e1mica. <\/p>\n<hr>\n<p><strong>Informaci\u00f3n de un vistazo<\/strong> La pantalla integrada de<br \/>\nVapor te proporciona informaci\u00f3n esencial en tiempo real para que tus inmersiones sean a\u00fan m\u00e1s seguras y agradables. Controla la profundidad, la velocidad y la bater\u00eda restante de un vistazo, manteni\u00e9ndote centrado en la exploraci\u00f3n. <\/p>\n","protected":false},"excerpt":{"rendered":"<div class=\"product__head\">\n<div class=\"product__meta\">\n<div class=\"elementor-element elementor-element-c2b8674 elementor-widget elementor-widget-spacer\" data-id=\"c2b8674\" data-element_type=\"widget\" data-settings=\"{\"ekit_we_effect_on\":\"none\"}\" data-widget_type=\"spacer.default\">\n<div class=\"elementor-widget-container\">\n<div class=\"elementor-spacer\">\n<h3 class=\"elementor-spacer-inner\"><strong>El mini patinete subacu\u00e1tico m\u00e1s r\u00e1pido<\/strong><\/h3>\n<\/div>\n<\/div>\n<\/div>\n<div class=\"elementor-element elementor-element-8d6f907 elementor-widget elementor-widget-text-editor\" data-id=\"8d6f907\" data-element_type=\"widget\" data-settings=\"{\"ekit_we_effect_on\":\"none\"}\" data-widget_type=\"text-editor.default\">\n<div class=\"elementor-widget-container\">\n<p>Descubre el futuro de la exploraci\u00f3n submarina con el nuevo scooter subacu\u00e1tico Vapor de Sublue. M\u00e1s potente que nunca, el Vapor est\u00e1 dise\u00f1ado para superar los l\u00edmites de tus aventuras acu\u00e1ticas. <\/p>\n<\/div>\n<\/div>\n<\/div>\n<\/div>\n","protected":false},"featured_media":17719,"comment_status":"open","ping_status":"closed","template":"","meta":{"_acf_changed":false},"product_brand":[],"product_cat":[226,227],"product_tag":[],"class_list":{"0":"post-20925","1":"product","2":"type-product","3":"status-publish","4":"has-post-thumbnail","6":"product_cat-seascooter","7":"product_cat-sublue","8":"repupress_customize_woocommerce_productom_class","10":"first","11":"instock","12":"taxable","13":"shipping-taxable","14":"purchasable","15":"product-type-simple"},"acf":[],"yoast_head":"<!-- This site is optimized with the Yoast SEO plugin v27.2 - https:\/\/yoast.com\/product\/yoast-seo-wordpress\/ -->\n<title>Vapor Sublue Moto acu\u00e1tica submarina<\/title>\n<meta name=\"description\" content=\"El scooter subacu\u00e1tico Vapor de Sublue con un potente motor monomotor capaz de alcanzar velocidades de hasta 9 km\/h y profundidades de inmersi\u00f3n de hasta 40 metros\" \/>\n<meta name=\"robots\" content=\"index, follow, max-snippet:-1, max-image-preview:large, max-video-preview:-1\" \/>\n<link rel=\"canonical\" href=\"https:\/\/nauti-parts.com\/es\/shop\/juguetes-acuaticos\/seascooter\/sublue\/vapor-sublue\/\" \/>\n<meta property=\"og:locale\" content=\"es_ES\" \/>\n<meta property=\"og:type\" content=\"article\" \/>\n<meta property=\"og:title\" content=\"Vapor Sublue Moto acu\u00e1tica submarina\" \/>\n<meta property=\"og:description\" content=\"El scooter subacu\u00e1tico Vapor de Sublue con un potente motor monomotor capaz de alcanzar velocidades de hasta 9 km\/h y profundidades de inmersi\u00f3n de hasta 40 metros\" \/>\n<meta property=\"og:url\" content=\"https:\/\/nauti-parts.com\/es\/shop\/juguetes-acuaticos\/seascooter\/sublue\/vapor-sublue\/\" \/>\n<meta property=\"og:site_name\" content=\"Nauti Parts\" \/>\n<meta property=\"article:publisher\" content=\"https:\/\/www.facebook.com\/nautipartsspain\/\" \/>\n<meta property=\"og:image\" content=\"https:\/\/nauti-parts.com\/wp-content\/uploads\/2024\/01\/vapor-face.webp\" \/>\n\t<meta property=\"og:image:width\" content=\"1599\" \/>\n\t<meta property=\"og:image:height\" content=\"703\" \/>\n\t<meta property=\"og:image:type\" content=\"image\/webp\" \/>\n<meta name=\"twitter:card\" content=\"summary_large_image\" \/>\n<meta name=\"twitter:label1\" content=\"Tiempo de lectura\" \/>\n\t<meta name=\"twitter:data1\" content=\"1 minuto\" \/>\n<script type=\"application\/ld+json\" class=\"yoast-schema-graph\">{\"@context\":\"https:\/\/schema.org\",\"@graph\":[{\"@type\":\"WebPage\",\"@id\":\"https:\/\/nauti-parts.com\/es\/shop\/juguetes-acuaticos\/seascooter\/sublue\/vapor-sublue\/\",\"url\":\"https:\/\/nauti-parts.com\/es\/shop\/juguetes-acuaticos\/seascooter\/sublue\/vapor-sublue\/\",\"name\":\"Vapor Sublue Moto acu\u00e1tica submarina\",\"isPartOf\":{\"@id\":\"https:\/\/nauti-parts.com\/es\/#website\"},\"primaryImageOfPage\":{\"@id\":\"https:\/\/nauti-parts.com\/es\/shop\/juguetes-acuaticos\/seascooter\/sublue\/vapor-sublue\/#primaryimage\"},\"image\":{\"@id\":\"https:\/\/nauti-parts.com\/es\/shop\/juguetes-acuaticos\/seascooter\/sublue\/vapor-sublue\/#primaryimage\"},\"thumbnailUrl\":\"https:\/\/nauti-parts.com\/wp-content\/uploads\/2024\/01\/vapor-face.webp\",\"datePublished\":\"2024-01-31T12:11:15+00:00\",\"description\":\"El scooter subacu\u00e1tico Vapor de Sublue con un potente motor monomotor capaz de alcanzar velocidades de hasta 9 km\/h y profundidades de inmersi\u00f3n de hasta 40 metros\",\"breadcrumb\":{\"@id\":\"https:\/\/nauti-parts.com\/es\/shop\/juguetes-acuaticos\/seascooter\/sublue\/vapor-sublue\/#breadcrumb\"},\"inLanguage\":\"es\",\"potentialAction\":[{\"@type\":\"ReadAction\",\"target\":[\"https:\/\/nauti-parts.com\/es\/shop\/juguetes-acuaticos\/seascooter\/sublue\/vapor-sublue\/\"]}]},{\"@type\":\"ImageObject\",\"inLanguage\":\"es\",\"@id\":\"https:\/\/nauti-parts.com\/es\/shop\/juguetes-acuaticos\/seascooter\/sublue\/vapor-sublue\/#primaryimage\",\"url\":\"https:\/\/nauti-parts.com\/wp-content\/uploads\/2024\/01\/vapor-face.webp\",\"contentUrl\":\"https:\/\/nauti-parts.com\/wp-content\/uploads\/2024\/01\/vapor-face.webp\",\"width\":1599,\"height\":703},{\"@type\":\"BreadcrumbList\",\"@id\":\"https:\/\/nauti-parts.com\/es\/shop\/juguetes-acuaticos\/seascooter\/sublue\/vapor-sublue\/#breadcrumb\",\"itemListElement\":[{\"@type\":\"ListItem\",\"position\":1,\"name\":\"Tienda\",\"item\":\"https:\/\/nauti-parts.com\/es\/tienda\/\"},{\"@type\":\"ListItem\",\"position\":2,\"name\":\"Vapor Sublue\"}]},{\"@type\":\"WebSite\",\"@id\":\"https:\/\/nauti-parts.com\/es\/#website\",\"url\":\"https:\/\/nauti-parts.com\/es\/\",\"name\":\"Nauti Parts\",\"description\":\"Sea-Doo Jet Ski - Seabob Dealer and Rentals | Water Toys Mallorca\",\"publisher\":{\"@id\":\"https:\/\/nauti-parts.com\/es\/#organization\"},\"potentialAction\":[{\"@type\":\"SearchAction\",\"target\":{\"@type\":\"EntryPoint\",\"urlTemplate\":\"https:\/\/nauti-parts.com\/es\/?s={search_term_string}\"},\"query-input\":{\"@type\":\"PropertyValueSpecification\",\"valueRequired\":true,\"valueName\":\"search_term_string\"}}],\"inLanguage\":\"es\"},{\"@type\":\"Organization\",\"@id\":\"https:\/\/nauti-parts.com\/es\/#organization\",\"name\":\"Piezas Nauti\",\"url\":\"https:\/\/nauti-parts.com\/es\/\",\"logo\":{\"@type\":\"ImageObject\",\"inLanguage\":\"es\",\"@id\":\"https:\/\/nauti-parts.com\/es\/#\/schema\/logo\/image\/\",\"url\":\"https:\/\/nauti-parts.com\/wp-content\/uploads\/2023\/10\/np-logo-black.png\",\"contentUrl\":\"https:\/\/nauti-parts.com\/wp-content\/uploads\/2023\/10\/np-logo-black.png\",\"width\":253,\"height\":100,\"caption\":\"Piezas Nauti\"},\"image\":{\"@id\":\"https:\/\/nauti-parts.com\/es\/#\/schema\/logo\/image\/\"},\"sameAs\":[\"https:\/\/www.facebook.com\/nautipartsspain\/\",\"https:\/\/www.instagram.com\/nautiparts\/\"]}]}<\/script>\n<!-- \/ Yoast SEO plugin. -->","yoast_head_json":{"title":"Vapor Sublue Moto acu\u00e1tica submarina","description":"El scooter subacu\u00e1tico Vapor de Sublue con un potente motor monomotor capaz de alcanzar velocidades de hasta 9 km\/h y profundidades de inmersi\u00f3n de hasta 40 metros","robots":{"index":"index","follow":"follow","max-snippet":"max-snippet:-1","max-image-preview":"max-image-preview:large","max-video-preview":"max-video-preview:-1"},"canonical":"https:\/\/nauti-parts.com\/es\/shop\/juguetes-acuaticos\/seascooter\/sublue\/vapor-sublue\/","og_locale":"es_ES","og_type":"article","og_title":"Vapor Sublue Moto acu\u00e1tica submarina","og_description":"El scooter subacu\u00e1tico Vapor de Sublue con un potente motor monomotor capaz de alcanzar velocidades de hasta 9 km\/h y profundidades de inmersi\u00f3n de hasta 40 metros","og_url":"https:\/\/nauti-parts.com\/es\/shop\/juguetes-acuaticos\/seascooter\/sublue\/vapor-sublue\/","og_site_name":"Nauti Parts","article_publisher":"https:\/\/www.facebook.com\/nautipartsspain\/","og_image":[{"width":1599,"height":703,"url":"https:\/\/nauti-parts.com\/wp-content\/uploads\/2024\/01\/vapor-face.webp","type":"image\/webp"}],"twitter_card":"summary_large_image","twitter_misc":{"Tiempo de lectura":"1 minuto"},"schema":{"@context":"https:\/\/schema.org","@graph":[{"@type":"WebPage","@id":"https:\/\/nauti-parts.com\/es\/shop\/juguetes-acuaticos\/seascooter\/sublue\/vapor-sublue\/","url":"https:\/\/nauti-parts.com\/es\/shop\/juguetes-acuaticos\/seascooter\/sublue\/vapor-sublue\/","name":"Vapor Sublue Moto acu\u00e1tica submarina","isPartOf":{"@id":"https:\/\/nauti-parts.com\/es\/#website"},"primaryImageOfPage":{"@id":"https:\/\/nauti-parts.com\/es\/shop\/juguetes-acuaticos\/seascooter\/sublue\/vapor-sublue\/#primaryimage"},"image":{"@id":"https:\/\/nauti-parts.com\/es\/shop\/juguetes-acuaticos\/seascooter\/sublue\/vapor-sublue\/#primaryimage"},"thumbnailUrl":"https:\/\/nauti-parts.com\/wp-content\/uploads\/2024\/01\/vapor-face.webp","datePublished":"2024-01-31T12:11:15+00:00","description":"El scooter subacu\u00e1tico Vapor de Sublue con un potente motor monomotor capaz de alcanzar velocidades de hasta 9 km\/h y profundidades de inmersi\u00f3n de hasta 40 metros","breadcrumb":{"@id":"https:\/\/nauti-parts.com\/es\/shop\/juguetes-acuaticos\/seascooter\/sublue\/vapor-sublue\/#breadcrumb"},"inLanguage":"es","potentialAction":[{"@type":"ReadAction","target":["https:\/\/nauti-parts.com\/es\/shop\/juguetes-acuaticos\/seascooter\/sublue\/vapor-sublue\/"]}]},{"@type":"ImageObject","inLanguage":"es","@id":"https:\/\/nauti-parts.com\/es\/shop\/juguetes-acuaticos\/seascooter\/sublue\/vapor-sublue\/#primaryimage","url":"https:\/\/nauti-parts.com\/wp-content\/uploads\/2024\/01\/vapor-face.webp","contentUrl":"https:\/\/nauti-parts.com\/wp-content\/uploads\/2024\/01\/vapor-face.webp","width":1599,"height":703},{"@type":"BreadcrumbList","@id":"https:\/\/nauti-parts.com\/es\/shop\/juguetes-acuaticos\/seascooter\/sublue\/vapor-sublue\/#breadcrumb","itemListElement":[{"@type":"ListItem","position":1,"name":"Tienda","item":"https:\/\/nauti-parts.com\/es\/tienda\/"},{"@type":"ListItem","position":2,"name":"Vapor Sublue"}]},{"@type":"WebSite","@id":"https:\/\/nauti-parts.com\/es\/#website","url":"https:\/\/nauti-parts.com\/es\/","name":"Nauti Parts","description":"Sea-Doo Jet Ski - Seabob Dealer and Rentals | Water Toys Mallorca","publisher":{"@id":"https:\/\/nauti-parts.com\/es\/#organization"},"potentialAction":[{"@type":"SearchAction","target":{"@type":"EntryPoint","urlTemplate":"https:\/\/nauti-parts.com\/es\/?s={search_term_string}"},"query-input":{"@type":"PropertyValueSpecification","valueRequired":true,"valueName":"search_term_string"}}],"inLanguage":"es"},{"@type":"Organization","@id":"https:\/\/nauti-parts.com\/es\/#organization","name":"Piezas Nauti","url":"https:\/\/nauti-parts.com\/es\/","logo":{"@type":"ImageObject","inLanguage":"es","@id":"https:\/\/nauti-parts.com\/es\/#\/schema\/logo\/image\/","url":"https:\/\/nauti-parts.com\/wp-content\/uploads\/2023\/10\/np-logo-black.png","contentUrl":"https:\/\/nauti-parts.com\/wp-content\/uploads\/2023\/10\/np-logo-black.png","width":253,"height":100,"caption":"Piezas Nauti"},"image":{"@id":"https:\/\/nauti-parts.com\/es\/#\/schema\/logo\/image\/"},"sameAs":["https:\/\/www.facebook.com\/nautipartsspain\/","https:\/\/www.instagram.com\/nautiparts\/"]}]}},"_links":{"self":[{"href":"https:\/\/nauti-parts.com\/es\/wp-json\/wp\/v2\/product\/20925","targetHints":{"allow":["GET"]}}],"collection":[{"href":"https:\/\/nauti-parts.com\/es\/wp-json\/wp\/v2\/product"}],"about":[{"href":"https:\/\/nauti-parts.com\/es\/wp-json\/wp\/v2\/types\/product"}],"replies":[{"embeddable":true,"href":"https:\/\/nauti-parts.com\/es\/wp-json\/wp\/v2\/comments?post=20925"}],"wp:featuredmedia":[{"embeddable":true,"href":"https:\/\/nauti-parts.com\/es\/wp-json\/wp\/v2\/media\/17719"}],"wp:attachment":[{"href":"https:\/\/nauti-parts.com\/es\/wp-json\/wp\/v2\/media?parent=20925"}],"wp:term":[{"taxonomy":"product_brand","embeddable":true,"href":"https:\/\/nauti-parts.com\/es\/wp-json\/wp\/v2\/product_brand?post=20925"},{"taxonomy":"product_cat","embeddable":true,"href":"https:\/\/nauti-parts.com\/es\/wp-json\/wp\/v2\/product_cat?post=20925"},{"taxonomy":"product_tag","embeddable":true,"href":"https:\/\/nauti-parts.com\/es\/wp-json\/wp\/v2\/product_tag?post=20925"}],"curies":[{"name":"wp","href":"https:\/\/api.w.org\/{rel}","templated":true}]}}