{"id":20838,"date":"2023-05-24T14:00:51","date_gmt":"2023-05-24T14:00:51","guid":{"rendered":"https:\/\/nauti-parts.com\/shop\/sin categor\u00eda\/vuelo-spinera-1\/"},"modified":"2023-05-24T14:00:51","modified_gmt":"2023-05-24T14:00:51","slug":"vuelo-spinera-1","status":"publish","type":"product","link":"https:\/\/nauti-parts.com\/es\/shop\/juguetes-acuaticos\/remolcables\/spinera\/vuelo-spinera-1\/","title":{"rendered":"Vuelo Spinera 1"},"content":{"rendered":"<p>Completamente envuelta en una funda de nailon, la argolla de tracci\u00f3n est\u00e1 cosida en varios puntos de tracci\u00f3n y las suaves empu\u00f1aduras de nailon con almohadillas de neopreno debajo son sin\u00f3nimo de la excelente calidad de Spinera. \u00bfA\u00fan te aburres o ya est\u00e1s volando? La nueva Serie Vuelo es la elecci\u00f3n adecuada para los que quieren llegar m\u00e1s alto. Tambi\u00e9n como isla de ba\u00f1o \u00a1un sue\u00f1o!   <\/p>\n<p>Nuestra OVNI volante para 1 persona. La bou\u00e9e comporte de nombreuses poign\u00e9es et une protection en n\u00e9opr\u00e8ne pour les coudes et les genoux. Alargado por la ventanilla, puedes ser catapultado a la parte superior del barco. Es la diversi\u00f3n completa. La bou\u00e9e est enti\u00e8rement recouverte de nylon.    <\/p>\n<p>Tama\u00f1o: 60&#8221;\/152cm (desinflado)<br \/>\nCalibre 26<br \/>\nEspesor del PVC: 0,65mm<br \/>\nEspesor de la funda de nylon: 420D<br \/>\nAsas de confort totalmente acolchadas con<br \/>\nprotectores de neopreno para los nudillos: 4 + 4 asas de embarque adicionales<br \/>\nV\u00e1lvula Boston para un inflado y desinflado r\u00e1pidos<br \/>\nGancho de conexi\u00f3n r\u00e1pida<br \/>\nEspecial: Amplio acolchado de neopreno para una conducci\u00f3n c\u00f3moda<br \/>\nPeso: 5,54kg<br \/>\nSistema de seguridad de 2 c\u00e1maras &#8220;nos preocupamos por la seguridad&#8221; <\/p>\n<p>Palabras clave de este art\u00edculo:<br \/>\nTubos, Hinchables, Remolcables, Deportes Acu\u00e1ticos, Waterfun, Hinchables para Navegar, Tubing Fun, isla de ba\u00f1o, sal\u00f3n<\/p>\n","protected":false},"excerpt":{"rendered":"<p>Rapidez, Diversi\u00f3n y Vuelo. Este tubo est\u00e1 fabricado para las m\u00e1s altas exigencias y durabilidad. <\/p>\n","protected":false},"featured_media":17039,"comment_status":"open","ping_status":"closed","template":"","meta":{"_acf_changed":false},"product_brand":[],"product_cat":[208,209,211],"product_tag":[],"class_list":{"0":"post-20838","1":"product","2":"type-product","3":"status-publish","4":"has-post-thumbnail","6":"product_cat-juguetes-acuaticos","7":"product_cat-remolcables","8":"product_cat-spinera","9":"repupress_customize_woocommerce_productom_class","11":"first","12":"instock","13":"taxable","14":"shipping-taxable","15":"purchasable","16":"product-type-simple"},"acf":[],"yoast_head":"<!-- This site is optimized with the Yoast SEO plugin v27.2 - https:\/\/yoast.com\/product\/yoast-seo-wordpress\/ -->\n<title>Vuelo Spinera 1 | Nauti Parts<\/title>\n<meta name=\"robots\" content=\"index, follow, max-snippet:-1, max-image-preview:large, max-video-preview:-1\" \/>\n<link rel=\"canonical\" href=\"https:\/\/nauti-parts.com\/es\/shop\/juguetes-acuaticos\/remolcables\/spinera\/vuelo-spinera-1\/\" \/>\n<meta property=\"og:locale\" content=\"es_ES\" \/>\n<meta property=\"og:type\" content=\"article\" \/>\n<meta property=\"og:title\" content=\"Vuelo Spinera 1 | Nauti Parts\" \/>\n<meta property=\"og:description\" content=\"Rapidez, Diversi\u00f3n y Vuelo. Este tubo est\u00e1 fabricado para las m\u00e1s altas exigencias y durabilidad.\" \/>\n<meta property=\"og:url\" content=\"https:\/\/nauti-parts.com\/es\/shop\/juguetes-acuaticos\/remolcables\/spinera\/vuelo-spinera-1\/\" \/>\n<meta property=\"og:site_name\" content=\"Nauti Parts\" \/>\n<meta property=\"article:publisher\" content=\"https:\/\/www.facebook.com\/nautipartsspain\/\" \/>\n<meta property=\"og:image\" content=\"https:\/\/nauti-parts.com\/wp-content\/uploads\/2023\/05\/w18248_1_1.webp\" \/>\n\t<meta property=\"og:image:width\" content=\"709\" \/>\n\t<meta property=\"og:image:height\" content=\"709\" \/>\n\t<meta property=\"og:image:type\" content=\"image\/webp\" \/>\n<meta name=\"twitter:card\" content=\"summary_large_image\" \/>\n<meta name=\"twitter:label1\" content=\"Tiempo de lectura\" \/>\n\t<meta name=\"twitter:data1\" content=\"1 minuto\" \/>\n<script type=\"application\/ld+json\" class=\"yoast-schema-graph\">{\"@context\":\"https:\/\/schema.org\",\"@graph\":[{\"@type\":\"WebPage\",\"@id\":\"https:\/\/nauti-parts.com\/es\/shop\/juguetes-acuaticos\/remolcables\/spinera\/vuelo-spinera-1\/\",\"url\":\"https:\/\/nauti-parts.com\/es\/shop\/juguetes-acuaticos\/remolcables\/spinera\/vuelo-spinera-1\/\",\"name\":\"Vuelo Spinera 1 | Nauti Parts\",\"isPartOf\":{\"@id\":\"https:\/\/nauti-parts.com\/es\/#website\"},\"primaryImageOfPage\":{\"@id\":\"https:\/\/nauti-parts.com\/es\/shop\/juguetes-acuaticos\/remolcables\/spinera\/vuelo-spinera-1\/#primaryimage\"},\"image\":{\"@id\":\"https:\/\/nauti-parts.com\/es\/shop\/juguetes-acuaticos\/remolcables\/spinera\/vuelo-spinera-1\/#primaryimage\"},\"thumbnailUrl\":\"https:\/\/nauti-parts.com\/wp-content\/uploads\/2023\/05\/w18248_1_1.webp\",\"datePublished\":\"2023-05-24T14:00:51+00:00\",\"breadcrumb\":{\"@id\":\"https:\/\/nauti-parts.com\/es\/shop\/juguetes-acuaticos\/remolcables\/spinera\/vuelo-spinera-1\/#breadcrumb\"},\"inLanguage\":\"es\",\"potentialAction\":[{\"@type\":\"ReadAction\",\"target\":[\"https:\/\/nauti-parts.com\/es\/shop\/juguetes-acuaticos\/remolcables\/spinera\/vuelo-spinera-1\/\"]}]},{\"@type\":\"ImageObject\",\"inLanguage\":\"es\",\"@id\":\"https:\/\/nauti-parts.com\/es\/shop\/juguetes-acuaticos\/remolcables\/spinera\/vuelo-spinera-1\/#primaryimage\",\"url\":\"https:\/\/nauti-parts.com\/wp-content\/uploads\/2023\/05\/w18248_1_1.webp\",\"contentUrl\":\"https:\/\/nauti-parts.com\/wp-content\/uploads\/2023\/05\/w18248_1_1.webp\",\"width\":709,\"height\":709},{\"@type\":\"BreadcrumbList\",\"@id\":\"https:\/\/nauti-parts.com\/es\/shop\/juguetes-acuaticos\/remolcables\/spinera\/vuelo-spinera-1\/#breadcrumb\",\"itemListElement\":[{\"@type\":\"ListItem\",\"position\":1,\"name\":\"Tienda\",\"item\":\"https:\/\/nauti-parts.com\/es\/tienda\/\"},{\"@type\":\"ListItem\",\"position\":2,\"name\":\"Vuelo Spinera 1\"}]},{\"@type\":\"WebSite\",\"@id\":\"https:\/\/nauti-parts.com\/es\/#website\",\"url\":\"https:\/\/nauti-parts.com\/es\/\",\"name\":\"Nauti Parts\",\"description\":\"Sea-Doo Jet Ski - Seabob Dealer and Rentals | Water Toys Mallorca\",\"publisher\":{\"@id\":\"https:\/\/nauti-parts.com\/es\/#organization\"},\"potentialAction\":[{\"@type\":\"SearchAction\",\"target\":{\"@type\":\"EntryPoint\",\"urlTemplate\":\"https:\/\/nauti-parts.com\/es\/?s={search_term_string}\"},\"query-input\":{\"@type\":\"PropertyValueSpecification\",\"valueRequired\":true,\"valueName\":\"search_term_string\"}}],\"inLanguage\":\"es\"},{\"@type\":\"Organization\",\"@id\":\"https:\/\/nauti-parts.com\/es\/#organization\",\"name\":\"Piezas Nauti\",\"url\":\"https:\/\/nauti-parts.com\/es\/\",\"logo\":{\"@type\":\"ImageObject\",\"inLanguage\":\"es\",\"@id\":\"https:\/\/nauti-parts.com\/es\/#\/schema\/logo\/image\/\",\"url\":\"https:\/\/nauti-parts.com\/wp-content\/uploads\/2023\/10\/np-logo-black.png\",\"contentUrl\":\"https:\/\/nauti-parts.com\/wp-content\/uploads\/2023\/10\/np-logo-black.png\",\"width\":253,\"height\":100,\"caption\":\"Piezas Nauti\"},\"image\":{\"@id\":\"https:\/\/nauti-parts.com\/es\/#\/schema\/logo\/image\/\"},\"sameAs\":[\"https:\/\/www.facebook.com\/nautipartsspain\/\",\"https:\/\/www.instagram.com\/nautiparts\/\"]}]}<\/script>\n<!-- \/ Yoast SEO plugin. -->","yoast_head_json":{"title":"Vuelo Spinera 1 | Nauti Parts","robots":{"index":"index","follow":"follow","max-snippet":"max-snippet:-1","max-image-preview":"max-image-preview:large","max-video-preview":"max-video-preview:-1"},"canonical":"https:\/\/nauti-parts.com\/es\/shop\/juguetes-acuaticos\/remolcables\/spinera\/vuelo-spinera-1\/","og_locale":"es_ES","og_type":"article","og_title":"Vuelo Spinera 1 | Nauti Parts","og_description":"Rapidez, Diversi\u00f3n y Vuelo. Este tubo est\u00e1 fabricado para las m\u00e1s altas exigencias y durabilidad.","og_url":"https:\/\/nauti-parts.com\/es\/shop\/juguetes-acuaticos\/remolcables\/spinera\/vuelo-spinera-1\/","og_site_name":"Nauti Parts","article_publisher":"https:\/\/www.facebook.com\/nautipartsspain\/","og_image":[{"width":709,"height":709,"url":"https:\/\/nauti-parts.com\/wp-content\/uploads\/2023\/05\/w18248_1_1.webp","type":"image\/webp"}],"twitter_card":"summary_large_image","twitter_misc":{"Tiempo de lectura":"1 minuto"},"schema":{"@context":"https:\/\/schema.org","@graph":[{"@type":"WebPage","@id":"https:\/\/nauti-parts.com\/es\/shop\/juguetes-acuaticos\/remolcables\/spinera\/vuelo-spinera-1\/","url":"https:\/\/nauti-parts.com\/es\/shop\/juguetes-acuaticos\/remolcables\/spinera\/vuelo-spinera-1\/","name":"Vuelo Spinera 1 | Nauti Parts","isPartOf":{"@id":"https:\/\/nauti-parts.com\/es\/#website"},"primaryImageOfPage":{"@id":"https:\/\/nauti-parts.com\/es\/shop\/juguetes-acuaticos\/remolcables\/spinera\/vuelo-spinera-1\/#primaryimage"},"image":{"@id":"https:\/\/nauti-parts.com\/es\/shop\/juguetes-acuaticos\/remolcables\/spinera\/vuelo-spinera-1\/#primaryimage"},"thumbnailUrl":"https:\/\/nauti-parts.com\/wp-content\/uploads\/2023\/05\/w18248_1_1.webp","datePublished":"2023-05-24T14:00:51+00:00","breadcrumb":{"@id":"https:\/\/nauti-parts.com\/es\/shop\/juguetes-acuaticos\/remolcables\/spinera\/vuelo-spinera-1\/#breadcrumb"},"inLanguage":"es","potentialAction":[{"@type":"ReadAction","target":["https:\/\/nauti-parts.com\/es\/shop\/juguetes-acuaticos\/remolcables\/spinera\/vuelo-spinera-1\/"]}]},{"@type":"ImageObject","inLanguage":"es","@id":"https:\/\/nauti-parts.com\/es\/shop\/juguetes-acuaticos\/remolcables\/spinera\/vuelo-spinera-1\/#primaryimage","url":"https:\/\/nauti-parts.com\/wp-content\/uploads\/2023\/05\/w18248_1_1.webp","contentUrl":"https:\/\/nauti-parts.com\/wp-content\/uploads\/2023\/05\/w18248_1_1.webp","width":709,"height":709},{"@type":"BreadcrumbList","@id":"https:\/\/nauti-parts.com\/es\/shop\/juguetes-acuaticos\/remolcables\/spinera\/vuelo-spinera-1\/#breadcrumb","itemListElement":[{"@type":"ListItem","position":1,"name":"Tienda","item":"https:\/\/nauti-parts.com\/es\/tienda\/"},{"@type":"ListItem","position":2,"name":"Vuelo Spinera 1"}]},{"@type":"WebSite","@id":"https:\/\/nauti-parts.com\/es\/#website","url":"https:\/\/nauti-parts.com\/es\/","name":"Nauti Parts","description":"Sea-Doo Jet Ski - Seabob Dealer and Rentals | Water Toys Mallorca","publisher":{"@id":"https:\/\/nauti-parts.com\/es\/#organization"},"potentialAction":[{"@type":"SearchAction","target":{"@type":"EntryPoint","urlTemplate":"https:\/\/nauti-parts.com\/es\/?s={search_term_string}"},"query-input":{"@type":"PropertyValueSpecification","valueRequired":true,"valueName":"search_term_string"}}],"inLanguage":"es"},{"@type":"Organization","@id":"https:\/\/nauti-parts.com\/es\/#organization","name":"Piezas Nauti","url":"https:\/\/nauti-parts.com\/es\/","logo":{"@type":"ImageObject","inLanguage":"es","@id":"https:\/\/nauti-parts.com\/es\/#\/schema\/logo\/image\/","url":"https:\/\/nauti-parts.com\/wp-content\/uploads\/2023\/10\/np-logo-black.png","contentUrl":"https:\/\/nauti-parts.com\/wp-content\/uploads\/2023\/10\/np-logo-black.png","width":253,"height":100,"caption":"Piezas Nauti"},"image":{"@id":"https:\/\/nauti-parts.com\/es\/#\/schema\/logo\/image\/"},"sameAs":["https:\/\/www.facebook.com\/nautipartsspain\/","https:\/\/www.instagram.com\/nautiparts\/"]}]}},"_links":{"self":[{"href":"https:\/\/nauti-parts.com\/es\/wp-json\/wp\/v2\/product\/20838","targetHints":{"allow":["GET"]}}],"collection":[{"href":"https:\/\/nauti-parts.com\/es\/wp-json\/wp\/v2\/product"}],"about":[{"href":"https:\/\/nauti-parts.com\/es\/wp-json\/wp\/v2\/types\/product"}],"replies":[{"embeddable":true,"href":"https:\/\/nauti-parts.com\/es\/wp-json\/wp\/v2\/comments?post=20838"}],"wp:featuredmedia":[{"embeddable":true,"href":"https:\/\/nauti-parts.com\/es\/wp-json\/wp\/v2\/media\/17039"}],"wp:attachment":[{"href":"https:\/\/nauti-parts.com\/es\/wp-json\/wp\/v2\/media?parent=20838"}],"wp:term":[{"taxonomy":"product_brand","embeddable":true,"href":"https:\/\/nauti-parts.com\/es\/wp-json\/wp\/v2\/product_brand?post=20838"},{"taxonomy":"product_cat","embeddable":true,"href":"https:\/\/nauti-parts.com\/es\/wp-json\/wp\/v2\/product_cat?post=20838"},{"taxonomy":"product_tag","embeddable":true,"href":"https:\/\/nauti-parts.com\/es\/wp-json\/wp\/v2\/product_tag?post=20838"}],"curies":[{"name":"wp","href":"https:\/\/api.w.org\/{rel}","templated":true}]}}