{"id":20801,"date":"2020-01-20T10:44:23","date_gmt":"2020-01-20T10:44:23","guid":{"rendered":"https:\/\/nauti-parts.com\/shop\/sin categor\u00eda\/bolsa-fliteboard\/"},"modified":"2020-01-20T10:44:23","modified_gmt":"2020-01-20T10:44:23","slug":"bolsa-fliteboard","status":"publish","type":"product","link":"https:\/\/nauti-parts.com\/es\/shop\/tablas-y-esquis\/e-foils\/tablero\/bolsa-fliteboard\/","title":{"rendered":"Bolsa Fliteboard"},"content":{"rendered":"<p>Dise\u00f1ada para proteger tu tabla durante el viaje y el almacenamiento.<\/p>\n<p>&#8211; Fabricada con materiales de primera calidad<br \/>\n&#8211; Construcci\u00f3n acolchada reforzada<br \/>\n&#8211; Cremalleras de alta resistencia<br \/>\n&#8211; Correas de compresi\u00f3n<br \/>\n&#8211; Asas de transporte de alta resistencia<\/p>\n<p>Elige entre est\u00e1ndar, pro o air<\/p>\n","protected":false},"excerpt":{"rendered":"<p>Dise\u00f1ada para proteger tu tabla durante el viaje y el almacenamiento. &#8211; Fabricada con materiales de primera calidad &#8211; Construcci\u00f3n acolchada reforzada &#8211; Cremalleras de alta resistencia &#8211; Correas de compresi\u00f3n &#8211; Asas de transporte de alta resistencia Elige entre est\u00e1ndar, pro o air<\/p>\n","protected":false},"featured_media":13339,"comment_status":"open","ping_status":"closed","template":"","meta":{"_acf_changed":false},"product_brand":[],"product_cat":[220,212,221],"product_tag":[],"class_list":{"0":"post-20801","1":"product","2":"type-product","3":"status-publish","4":"has-post-thumbnail","6":"product_cat-e-foils","7":"product_cat-tablas-y-esquis","8":"product_cat-tablero","9":"repupress_customize_woocommerce_productom_class","11":"first","12":"instock","13":"taxable","14":"shipping-taxable","15":"purchasable","16":"product-type-variable"},"acf":[],"yoast_head":"<!-- This site is optimized with the Yoast SEO plugin v27.2 - https:\/\/yoast.com\/product\/yoast-seo-wordpress\/ -->\n<title>Bolsa Fliteboard | Nauti Parts<\/title>\n<meta name=\"robots\" content=\"index, follow, max-snippet:-1, max-image-preview:large, max-video-preview:-1\" \/>\n<link rel=\"canonical\" href=\"https:\/\/nauti-parts.com\/es\/shop\/tablas-y-esquis\/e-foils\/tablero\/bolsa-fliteboard\/\" \/>\n<meta property=\"og:locale\" content=\"es_ES\" \/>\n<meta property=\"og:type\" content=\"article\" \/>\n<meta property=\"og:title\" content=\"Bolsa Fliteboard | Nauti Parts\" \/>\n<meta property=\"og:description\" content=\"Dise\u00f1ada para proteger tu tabla durante el viaje y el almacenamiento. &#8211; Fabricada con materiales de primera calidad &#8211; Construcci\u00f3n acolchada reforzada &#8211; Cremalleras de alta resistencia &#8211; Correas de compresi\u00f3n &#8211; Asas de transporte de alta resistencia Elige entre est\u00e1ndar, pro o air\" \/>\n<meta property=\"og:url\" content=\"https:\/\/nauti-parts.com\/es\/shop\/tablas-y-esquis\/e-foils\/tablero\/bolsa-fliteboard\/\" \/>\n<meta property=\"og:site_name\" content=\"Nauti Parts\" \/>\n<meta property=\"article:publisher\" content=\"https:\/\/www.facebook.com\/nautipartsspain\/\" \/>\n<meta property=\"og:image\" content=\"https:\/\/nauti-parts.com\/wp-content\/uploads\/2020\/01\/board-bag.png\" \/>\n\t<meta property=\"og:image:width\" content=\"1920\" \/>\n\t<meta property=\"og:image:height\" content=\"2880\" \/>\n\t<meta property=\"og:image:type\" content=\"image\/png\" \/>\n<meta name=\"twitter:card\" content=\"summary_large_image\" \/>\n<script type=\"application\/ld+json\" class=\"yoast-schema-graph\">{\"@context\":\"https:\/\/schema.org\",\"@graph\":[{\"@type\":\"WebPage\",\"@id\":\"https:\/\/nauti-parts.com\/es\/shop\/tablas-y-esquis\/e-foils\/tablero\/bolsa-fliteboard\/\",\"url\":\"https:\/\/nauti-parts.com\/es\/shop\/tablas-y-esquis\/e-foils\/tablero\/bolsa-fliteboard\/\",\"name\":\"Bolsa Fliteboard | Nauti Parts\",\"isPartOf\":{\"@id\":\"https:\/\/nauti-parts.com\/es\/#website\"},\"primaryImageOfPage\":{\"@id\":\"https:\/\/nauti-parts.com\/es\/shop\/tablas-y-esquis\/e-foils\/tablero\/bolsa-fliteboard\/#primaryimage\"},\"image\":{\"@id\":\"https:\/\/nauti-parts.com\/es\/shop\/tablas-y-esquis\/e-foils\/tablero\/bolsa-fliteboard\/#primaryimage\"},\"thumbnailUrl\":\"https:\/\/nauti-parts.com\/wp-content\/uploads\/2020\/01\/board-bag.png\",\"datePublished\":\"2020-01-20T10:44:23+00:00\",\"breadcrumb\":{\"@id\":\"https:\/\/nauti-parts.com\/es\/shop\/tablas-y-esquis\/e-foils\/tablero\/bolsa-fliteboard\/#breadcrumb\"},\"inLanguage\":\"es\",\"potentialAction\":[{\"@type\":\"ReadAction\",\"target\":[\"https:\/\/nauti-parts.com\/es\/shop\/tablas-y-esquis\/e-foils\/tablero\/bolsa-fliteboard\/\"]}]},{\"@type\":\"ImageObject\",\"inLanguage\":\"es\",\"@id\":\"https:\/\/nauti-parts.com\/es\/shop\/tablas-y-esquis\/e-foils\/tablero\/bolsa-fliteboard\/#primaryimage\",\"url\":\"https:\/\/nauti-parts.com\/wp-content\/uploads\/2020\/01\/board-bag.png\",\"contentUrl\":\"https:\/\/nauti-parts.com\/wp-content\/uploads\/2020\/01\/board-bag.png\",\"width\":1920,\"height\":2880},{\"@type\":\"BreadcrumbList\",\"@id\":\"https:\/\/nauti-parts.com\/es\/shop\/tablas-y-esquis\/e-foils\/tablero\/bolsa-fliteboard\/#breadcrumb\",\"itemListElement\":[{\"@type\":\"ListItem\",\"position\":1,\"name\":\"Tienda\",\"item\":\"https:\/\/nauti-parts.com\/es\/tienda\/\"},{\"@type\":\"ListItem\",\"position\":2,\"name\":\"Bolsa Fliteboard\"}]},{\"@type\":\"WebSite\",\"@id\":\"https:\/\/nauti-parts.com\/es\/#website\",\"url\":\"https:\/\/nauti-parts.com\/es\/\",\"name\":\"Nauti Parts\",\"description\":\"Sea-Doo Jet Ski - Seabob Dealer and Rentals | Water Toys Mallorca\",\"publisher\":{\"@id\":\"https:\/\/nauti-parts.com\/es\/#organization\"},\"potentialAction\":[{\"@type\":\"SearchAction\",\"target\":{\"@type\":\"EntryPoint\",\"urlTemplate\":\"https:\/\/nauti-parts.com\/es\/?s={search_term_string}\"},\"query-input\":{\"@type\":\"PropertyValueSpecification\",\"valueRequired\":true,\"valueName\":\"search_term_string\"}}],\"inLanguage\":\"es\"},{\"@type\":\"Organization\",\"@id\":\"https:\/\/nauti-parts.com\/es\/#organization\",\"name\":\"Piezas Nauti\",\"url\":\"https:\/\/nauti-parts.com\/es\/\",\"logo\":{\"@type\":\"ImageObject\",\"inLanguage\":\"es\",\"@id\":\"https:\/\/nauti-parts.com\/es\/#\/schema\/logo\/image\/\",\"url\":\"https:\/\/nauti-parts.com\/wp-content\/uploads\/2023\/10\/np-logo-black.png\",\"contentUrl\":\"https:\/\/nauti-parts.com\/wp-content\/uploads\/2023\/10\/np-logo-black.png\",\"width\":253,\"height\":100,\"caption\":\"Piezas Nauti\"},\"image\":{\"@id\":\"https:\/\/nauti-parts.com\/es\/#\/schema\/logo\/image\/\"},\"sameAs\":[\"https:\/\/www.facebook.com\/nautipartsspain\/\",\"https:\/\/www.instagram.com\/nautiparts\/\"]}]}<\/script>\n<!-- \/ Yoast SEO plugin. -->","yoast_head_json":{"title":"Bolsa Fliteboard | Nauti Parts","robots":{"index":"index","follow":"follow","max-snippet":"max-snippet:-1","max-image-preview":"max-image-preview:large","max-video-preview":"max-video-preview:-1"},"canonical":"https:\/\/nauti-parts.com\/es\/shop\/tablas-y-esquis\/e-foils\/tablero\/bolsa-fliteboard\/","og_locale":"es_ES","og_type":"article","og_title":"Bolsa Fliteboard | Nauti Parts","og_description":"Dise\u00f1ada para proteger tu tabla durante el viaje y el almacenamiento. &#8211; Fabricada con materiales de primera calidad &#8211; Construcci\u00f3n acolchada reforzada &#8211; Cremalleras de alta resistencia &#8211; Correas de compresi\u00f3n &#8211; Asas de transporte de alta resistencia Elige entre est\u00e1ndar, pro o air","og_url":"https:\/\/nauti-parts.com\/es\/shop\/tablas-y-esquis\/e-foils\/tablero\/bolsa-fliteboard\/","og_site_name":"Nauti Parts","article_publisher":"https:\/\/www.facebook.com\/nautipartsspain\/","og_image":[{"width":1920,"height":2880,"url":"https:\/\/nauti-parts.com\/wp-content\/uploads\/2020\/01\/board-bag.png","type":"image\/png"}],"twitter_card":"summary_large_image","schema":{"@context":"https:\/\/schema.org","@graph":[{"@type":"WebPage","@id":"https:\/\/nauti-parts.com\/es\/shop\/tablas-y-esquis\/e-foils\/tablero\/bolsa-fliteboard\/","url":"https:\/\/nauti-parts.com\/es\/shop\/tablas-y-esquis\/e-foils\/tablero\/bolsa-fliteboard\/","name":"Bolsa Fliteboard | Nauti Parts","isPartOf":{"@id":"https:\/\/nauti-parts.com\/es\/#website"},"primaryImageOfPage":{"@id":"https:\/\/nauti-parts.com\/es\/shop\/tablas-y-esquis\/e-foils\/tablero\/bolsa-fliteboard\/#primaryimage"},"image":{"@id":"https:\/\/nauti-parts.com\/es\/shop\/tablas-y-esquis\/e-foils\/tablero\/bolsa-fliteboard\/#primaryimage"},"thumbnailUrl":"https:\/\/nauti-parts.com\/wp-content\/uploads\/2020\/01\/board-bag.png","datePublished":"2020-01-20T10:44:23+00:00","breadcrumb":{"@id":"https:\/\/nauti-parts.com\/es\/shop\/tablas-y-esquis\/e-foils\/tablero\/bolsa-fliteboard\/#breadcrumb"},"inLanguage":"es","potentialAction":[{"@type":"ReadAction","target":["https:\/\/nauti-parts.com\/es\/shop\/tablas-y-esquis\/e-foils\/tablero\/bolsa-fliteboard\/"]}]},{"@type":"ImageObject","inLanguage":"es","@id":"https:\/\/nauti-parts.com\/es\/shop\/tablas-y-esquis\/e-foils\/tablero\/bolsa-fliteboard\/#primaryimage","url":"https:\/\/nauti-parts.com\/wp-content\/uploads\/2020\/01\/board-bag.png","contentUrl":"https:\/\/nauti-parts.com\/wp-content\/uploads\/2020\/01\/board-bag.png","width":1920,"height":2880},{"@type":"BreadcrumbList","@id":"https:\/\/nauti-parts.com\/es\/shop\/tablas-y-esquis\/e-foils\/tablero\/bolsa-fliteboard\/#breadcrumb","itemListElement":[{"@type":"ListItem","position":1,"name":"Tienda","item":"https:\/\/nauti-parts.com\/es\/tienda\/"},{"@type":"ListItem","position":2,"name":"Bolsa Fliteboard"}]},{"@type":"WebSite","@id":"https:\/\/nauti-parts.com\/es\/#website","url":"https:\/\/nauti-parts.com\/es\/","name":"Nauti Parts","description":"Sea-Doo Jet Ski - Seabob Dealer and Rentals | Water Toys Mallorca","publisher":{"@id":"https:\/\/nauti-parts.com\/es\/#organization"},"potentialAction":[{"@type":"SearchAction","target":{"@type":"EntryPoint","urlTemplate":"https:\/\/nauti-parts.com\/es\/?s={search_term_string}"},"query-input":{"@type":"PropertyValueSpecification","valueRequired":true,"valueName":"search_term_string"}}],"inLanguage":"es"},{"@type":"Organization","@id":"https:\/\/nauti-parts.com\/es\/#organization","name":"Piezas Nauti","url":"https:\/\/nauti-parts.com\/es\/","logo":{"@type":"ImageObject","inLanguage":"es","@id":"https:\/\/nauti-parts.com\/es\/#\/schema\/logo\/image\/","url":"https:\/\/nauti-parts.com\/wp-content\/uploads\/2023\/10\/np-logo-black.png","contentUrl":"https:\/\/nauti-parts.com\/wp-content\/uploads\/2023\/10\/np-logo-black.png","width":253,"height":100,"caption":"Piezas Nauti"},"image":{"@id":"https:\/\/nauti-parts.com\/es\/#\/schema\/logo\/image\/"},"sameAs":["https:\/\/www.facebook.com\/nautipartsspain\/","https:\/\/www.instagram.com\/nautiparts\/"]}]}},"_links":{"self":[{"href":"https:\/\/nauti-parts.com\/es\/wp-json\/wp\/v2\/product\/20801","targetHints":{"allow":["GET"]}}],"collection":[{"href":"https:\/\/nauti-parts.com\/es\/wp-json\/wp\/v2\/product"}],"about":[{"href":"https:\/\/nauti-parts.com\/es\/wp-json\/wp\/v2\/types\/product"}],"replies":[{"embeddable":true,"href":"https:\/\/nauti-parts.com\/es\/wp-json\/wp\/v2\/comments?post=20801"}],"wp:featuredmedia":[{"embeddable":true,"href":"https:\/\/nauti-parts.com\/es\/wp-json\/wp\/v2\/media\/13339"}],"wp:attachment":[{"href":"https:\/\/nauti-parts.com\/es\/wp-json\/wp\/v2\/media?parent=20801"}],"wp:term":[{"taxonomy":"product_brand","embeddable":true,"href":"https:\/\/nauti-parts.com\/es\/wp-json\/wp\/v2\/product_brand?post=20801"},{"taxonomy":"product_cat","embeddable":true,"href":"https:\/\/nauti-parts.com\/es\/wp-json\/wp\/v2\/product_cat?post=20801"},{"taxonomy":"product_tag","embeddable":true,"href":"https:\/\/nauti-parts.com\/es\/wp-json\/wp\/v2\/product_tag?post=20801"}],"curies":[{"name":"wp","href":"https:\/\/api.w.org\/{rel}","templated":true}]}}