{"id":20767,"date":"2018-10-10T10:30:22","date_gmt":"2018-10-10T10:30:22","guid":{"rendered":"https:\/\/nauti-parts.com\/shop\/sin categor\u00eda\/seascooter-tiburon-blanco\/"},"modified":"2018-10-10T10:30:22","modified_gmt":"2018-10-10T10:30:22","slug":"seascooter-tiburon-blanco","status":"publish","type":"product","link":"https:\/\/nauti-parts.com\/es\/shop\/juguetes-acuaticos\/seascooter\/sublue\/seascooter-tiburon-blanco\/","title":{"rendered":"Seascooter Tibur\u00f3n Blanco"},"content":{"rendered":"<p>Fabricado con un dise\u00f1o de carrocer\u00eda integrado, el White Shark Mix presenta un dise\u00f1o minimalista y equilibrado que garantiza que el uso del patinete sea estable y controlado. Tiene una profundidad m\u00e1xima de 40 m y la bater\u00eda permite unos 30 minutos de juego. <\/p>\n<p>La seguridad se proporciona con cubiertas protectoras de las h\u00e9lices e interruptores magn\u00e9ticos dobles en ambas empu\u00f1aduras para permitir la parada y el arranque. Con el flotador de flotaci\u00f3n suministrado, el White Shark Mix tiene &#8220;flotabilidad cero&#8221; para evitar que se hunda lejos de ti. <\/p>\n<p>Este dispositivo ergon\u00f3mico y port\u00e1til tiene incluso un soporte GoPro en la parte inferior para documentar tu aventura submarina.<\/p>\n<p>&lt;strong&gt;Diversi\u00f3n r\u00e1pida&#8230; en la piscina, en la playa&#8230; desde la parte trasera del barco&#8230; \u00a1incluso en tus vacaciones!&lt;\/strong&gt;<\/p>\n<h4>CARACTER\u00cdSTICAS<\/h4>\n<div>\n<ul>\n<li>Ligero, s\u00f3lo 2,85 kg<\/li>\n<li>Profundidad m\u00e1xima de 40 m<\/li>\n<li>Duraci\u00f3n de la bater\u00eda de 30 minutos (uso normal)<\/li>\n<li>Completamente impermeable, incluso la bater\u00eda y la unidad con el compartimento de la bater\u00eda abierto pueden sumergirse accidentalmente sin ning\u00fan fallo, esto hace que sea imposible una inundaci\u00f3n accidental<\/li>\n<li>Debido al tama\u00f1o de la bater\u00eda, la unidad se puede llevar en un avi\u00f3n sin restricciones<\/li>\n<li>Montura Go-pro<\/li>\n<li>Velocidad de 1,5 m\/s (3,35 mph)<\/li>\n<\/ul>\n<h4>ESPECIFICACI\u00d3N DEL DISPOSITIVO<\/h4>\n<div>\n<ul>\n<li>Peso = 2,85 kg (bater\u00eda incluida)<\/li>\n<li>Potencia = 520 W<\/li>\n<li>Velocidad = 3,35 mph (1,5 m\/s)<\/li>\n<li>Profundidad de trabajo = 40 m<\/li>\n<li>Duraci\u00f3n de la bater\u00eda = 30 min (uso normal)<\/li>\n<\/ul>\n<\/div>\n<\/div>\n","protected":false},"excerpt":{"rendered":"<h3>\u00a1El White Shark Mix es el patinete marino m\u00e1s peque\u00f1o del mundo!<\/h3>\n<p>Dispone de un sistema de propulsi\u00f3n formado por dos h\u00e9lices desarrolladas independientemente y equipadas uniformemente a ambos lados, lo que permite alcanzar velocidades superiores a 5 km\/h.<\/p>\n","protected":false},"featured_media":2886,"comment_status":"open","ping_status":"closed","template":"","meta":{"_acf_changed":false},"product_brand":[],"product_cat":[208,226,227],"product_tag":[],"class_list":{"0":"post-20767","1":"product","2":"type-product","3":"status-publish","4":"has-post-thumbnail","6":"product_cat-juguetes-acuaticos","7":"product_cat-seascooter","8":"product_cat-sublue","9":"repupress_customize_woocommerce_productom_class","11":"first","12":"instock","13":"taxable","14":"shipping-taxable","15":"purchasable","16":"product-type-simple"},"acf":[],"yoast_head":"<!-- This site is optimized with the Yoast SEO plugin v27.2 - https:\/\/yoast.com\/product\/yoast-seo-wordpress\/ -->\n<title>Seascooter Tibur\u00f3n Blanco | Nauti Parts<\/title>\n<meta name=\"robots\" content=\"index, follow, max-snippet:-1, max-image-preview:large, max-video-preview:-1\" \/>\n<link rel=\"canonical\" href=\"https:\/\/nauti-parts.com\/es\/shop\/juguetes-acuaticos\/seascooter\/sublue\/seascooter-tiburon-blanco\/\" \/>\n<meta property=\"og:locale\" content=\"es_ES\" \/>\n<meta property=\"og:type\" content=\"article\" \/>\n<meta property=\"og:title\" content=\"Seascooter Tibur\u00f3n Blanco | Nauti Parts\" \/>\n<meta property=\"og:description\" content=\"\u00a1El White Shark Mix es el patinete marino m\u00e1s peque\u00f1o del mundo! Dispone de un sistema de propulsi\u00f3n formado por dos h\u00e9lices desarrolladas independientemente y equipadas uniformemente a ambos lados, lo que permite alcanzar velocidades superiores a 5 km\/h.\" \/>\n<meta property=\"og:url\" content=\"https:\/\/nauti-parts.com\/es\/shop\/juguetes-acuaticos\/seascooter\/sublue\/seascooter-tiburon-blanco\/\" \/>\n<meta property=\"og:site_name\" content=\"Nauti Parts\" \/>\n<meta property=\"article:publisher\" content=\"https:\/\/www.facebook.com\/nautipartsspain\/\" \/>\n<meta property=\"og:image\" content=\"https:\/\/nauti-parts.com\/wp-content\/uploads\/2018\/10\/sublue-whiteshark-mix-underwater-scooter.jpg\" \/>\n\t<meta property=\"og:image:width\" content=\"600\" \/>\n\t<meta property=\"og:image:height\" content=\"600\" \/>\n\t<meta property=\"og:image:type\" content=\"image\/jpeg\" \/>\n<meta name=\"twitter:card\" content=\"summary_large_image\" \/>\n<meta name=\"twitter:label1\" content=\"Tiempo de lectura\" \/>\n\t<meta name=\"twitter:data1\" content=\"1 minuto\" \/>\n<script type=\"application\/ld+json\" class=\"yoast-schema-graph\">{\"@context\":\"https:\/\/schema.org\",\"@graph\":[{\"@type\":\"WebPage\",\"@id\":\"https:\/\/nauti-parts.com\/es\/shop\/juguetes-acuaticos\/seascooter\/sublue\/seascooter-tiburon-blanco\/\",\"url\":\"https:\/\/nauti-parts.com\/es\/shop\/juguetes-acuaticos\/seascooter\/sublue\/seascooter-tiburon-blanco\/\",\"name\":\"Seascooter Tibur\u00f3n Blanco | Nauti Parts\",\"isPartOf\":{\"@id\":\"https:\/\/nauti-parts.com\/es\/#website\"},\"primaryImageOfPage\":{\"@id\":\"https:\/\/nauti-parts.com\/es\/shop\/juguetes-acuaticos\/seascooter\/sublue\/seascooter-tiburon-blanco\/#primaryimage\"},\"image\":{\"@id\":\"https:\/\/nauti-parts.com\/es\/shop\/juguetes-acuaticos\/seascooter\/sublue\/seascooter-tiburon-blanco\/#primaryimage\"},\"thumbnailUrl\":\"https:\/\/nauti-parts.com\/wp-content\/uploads\/2018\/10\/sublue-whiteshark-mix-underwater-scooter.jpg\",\"datePublished\":\"2018-10-10T10:30:22+00:00\",\"breadcrumb\":{\"@id\":\"https:\/\/nauti-parts.com\/es\/shop\/juguetes-acuaticos\/seascooter\/sublue\/seascooter-tiburon-blanco\/#breadcrumb\"},\"inLanguage\":\"es\",\"potentialAction\":[{\"@type\":\"ReadAction\",\"target\":[\"https:\/\/nauti-parts.com\/es\/shop\/juguetes-acuaticos\/seascooter\/sublue\/seascooter-tiburon-blanco\/\"]}]},{\"@type\":\"ImageObject\",\"inLanguage\":\"es\",\"@id\":\"https:\/\/nauti-parts.com\/es\/shop\/juguetes-acuaticos\/seascooter\/sublue\/seascooter-tiburon-blanco\/#primaryimage\",\"url\":\"https:\/\/nauti-parts.com\/wp-content\/uploads\/2018\/10\/sublue-whiteshark-mix-underwater-scooter.jpg\",\"contentUrl\":\"https:\/\/nauti-parts.com\/wp-content\/uploads\/2018\/10\/sublue-whiteshark-mix-underwater-scooter.jpg\",\"width\":600,\"height\":600,\"caption\":\"Subblue White Shark Sea Scooter\"},{\"@type\":\"BreadcrumbList\",\"@id\":\"https:\/\/nauti-parts.com\/es\/shop\/juguetes-acuaticos\/seascooter\/sublue\/seascooter-tiburon-blanco\/#breadcrumb\",\"itemListElement\":[{\"@type\":\"ListItem\",\"position\":1,\"name\":\"Tienda\",\"item\":\"https:\/\/nauti-parts.com\/es\/tienda\/\"},{\"@type\":\"ListItem\",\"position\":2,\"name\":\"Seascooter Tibur\u00f3n Blanco\"}]},{\"@type\":\"WebSite\",\"@id\":\"https:\/\/nauti-parts.com\/es\/#website\",\"url\":\"https:\/\/nauti-parts.com\/es\/\",\"name\":\"Nauti Parts\",\"description\":\"Sea-Doo Jet Ski - Seabob Dealer and Rentals | Water Toys Mallorca\",\"publisher\":{\"@id\":\"https:\/\/nauti-parts.com\/es\/#organization\"},\"potentialAction\":[{\"@type\":\"SearchAction\",\"target\":{\"@type\":\"EntryPoint\",\"urlTemplate\":\"https:\/\/nauti-parts.com\/es\/?s={search_term_string}\"},\"query-input\":{\"@type\":\"PropertyValueSpecification\",\"valueRequired\":true,\"valueName\":\"search_term_string\"}}],\"inLanguage\":\"es\"},{\"@type\":\"Organization\",\"@id\":\"https:\/\/nauti-parts.com\/es\/#organization\",\"name\":\"Piezas Nauti\",\"url\":\"https:\/\/nauti-parts.com\/es\/\",\"logo\":{\"@type\":\"ImageObject\",\"inLanguage\":\"es\",\"@id\":\"https:\/\/nauti-parts.com\/es\/#\/schema\/logo\/image\/\",\"url\":\"https:\/\/nauti-parts.com\/wp-content\/uploads\/2023\/10\/np-logo-black.png\",\"contentUrl\":\"https:\/\/nauti-parts.com\/wp-content\/uploads\/2023\/10\/np-logo-black.png\",\"width\":253,\"height\":100,\"caption\":\"Piezas Nauti\"},\"image\":{\"@id\":\"https:\/\/nauti-parts.com\/es\/#\/schema\/logo\/image\/\"},\"sameAs\":[\"https:\/\/www.facebook.com\/nautipartsspain\/\",\"https:\/\/www.instagram.com\/nautiparts\/\"]}]}<\/script>\n<!-- \/ Yoast SEO plugin. -->","yoast_head_json":{"title":"Seascooter Tibur\u00f3n Blanco | Nauti Parts","robots":{"index":"index","follow":"follow","max-snippet":"max-snippet:-1","max-image-preview":"max-image-preview:large","max-video-preview":"max-video-preview:-1"},"canonical":"https:\/\/nauti-parts.com\/es\/shop\/juguetes-acuaticos\/seascooter\/sublue\/seascooter-tiburon-blanco\/","og_locale":"es_ES","og_type":"article","og_title":"Seascooter Tibur\u00f3n Blanco | Nauti Parts","og_description":"\u00a1El White Shark Mix es el patinete marino m\u00e1s peque\u00f1o del mundo! Dispone de un sistema de propulsi\u00f3n formado por dos h\u00e9lices desarrolladas independientemente y equipadas uniformemente a ambos lados, lo que permite alcanzar velocidades superiores a 5 km\/h.","og_url":"https:\/\/nauti-parts.com\/es\/shop\/juguetes-acuaticos\/seascooter\/sublue\/seascooter-tiburon-blanco\/","og_site_name":"Nauti Parts","article_publisher":"https:\/\/www.facebook.com\/nautipartsspain\/","og_image":[{"width":600,"height":600,"url":"https:\/\/nauti-parts.com\/wp-content\/uploads\/2018\/10\/sublue-whiteshark-mix-underwater-scooter.jpg","type":"image\/jpeg"}],"twitter_card":"summary_large_image","twitter_misc":{"Tiempo de lectura":"1 minuto"},"schema":{"@context":"https:\/\/schema.org","@graph":[{"@type":"WebPage","@id":"https:\/\/nauti-parts.com\/es\/shop\/juguetes-acuaticos\/seascooter\/sublue\/seascooter-tiburon-blanco\/","url":"https:\/\/nauti-parts.com\/es\/shop\/juguetes-acuaticos\/seascooter\/sublue\/seascooter-tiburon-blanco\/","name":"Seascooter Tibur\u00f3n Blanco | Nauti Parts","isPartOf":{"@id":"https:\/\/nauti-parts.com\/es\/#website"},"primaryImageOfPage":{"@id":"https:\/\/nauti-parts.com\/es\/shop\/juguetes-acuaticos\/seascooter\/sublue\/seascooter-tiburon-blanco\/#primaryimage"},"image":{"@id":"https:\/\/nauti-parts.com\/es\/shop\/juguetes-acuaticos\/seascooter\/sublue\/seascooter-tiburon-blanco\/#primaryimage"},"thumbnailUrl":"https:\/\/nauti-parts.com\/wp-content\/uploads\/2018\/10\/sublue-whiteshark-mix-underwater-scooter.jpg","datePublished":"2018-10-10T10:30:22+00:00","breadcrumb":{"@id":"https:\/\/nauti-parts.com\/es\/shop\/juguetes-acuaticos\/seascooter\/sublue\/seascooter-tiburon-blanco\/#breadcrumb"},"inLanguage":"es","potentialAction":[{"@type":"ReadAction","target":["https:\/\/nauti-parts.com\/es\/shop\/juguetes-acuaticos\/seascooter\/sublue\/seascooter-tiburon-blanco\/"]}]},{"@type":"ImageObject","inLanguage":"es","@id":"https:\/\/nauti-parts.com\/es\/shop\/juguetes-acuaticos\/seascooter\/sublue\/seascooter-tiburon-blanco\/#primaryimage","url":"https:\/\/nauti-parts.com\/wp-content\/uploads\/2018\/10\/sublue-whiteshark-mix-underwater-scooter.jpg","contentUrl":"https:\/\/nauti-parts.com\/wp-content\/uploads\/2018\/10\/sublue-whiteshark-mix-underwater-scooter.jpg","width":600,"height":600,"caption":"Subblue White Shark Sea Scooter"},{"@type":"BreadcrumbList","@id":"https:\/\/nauti-parts.com\/es\/shop\/juguetes-acuaticos\/seascooter\/sublue\/seascooter-tiburon-blanco\/#breadcrumb","itemListElement":[{"@type":"ListItem","position":1,"name":"Tienda","item":"https:\/\/nauti-parts.com\/es\/tienda\/"},{"@type":"ListItem","position":2,"name":"Seascooter Tibur\u00f3n Blanco"}]},{"@type":"WebSite","@id":"https:\/\/nauti-parts.com\/es\/#website","url":"https:\/\/nauti-parts.com\/es\/","name":"Nauti Parts","description":"Sea-Doo Jet Ski - Seabob Dealer and Rentals | Water Toys Mallorca","publisher":{"@id":"https:\/\/nauti-parts.com\/es\/#organization"},"potentialAction":[{"@type":"SearchAction","target":{"@type":"EntryPoint","urlTemplate":"https:\/\/nauti-parts.com\/es\/?s={search_term_string}"},"query-input":{"@type":"PropertyValueSpecification","valueRequired":true,"valueName":"search_term_string"}}],"inLanguage":"es"},{"@type":"Organization","@id":"https:\/\/nauti-parts.com\/es\/#organization","name":"Piezas Nauti","url":"https:\/\/nauti-parts.com\/es\/","logo":{"@type":"ImageObject","inLanguage":"es","@id":"https:\/\/nauti-parts.com\/es\/#\/schema\/logo\/image\/","url":"https:\/\/nauti-parts.com\/wp-content\/uploads\/2023\/10\/np-logo-black.png","contentUrl":"https:\/\/nauti-parts.com\/wp-content\/uploads\/2023\/10\/np-logo-black.png","width":253,"height":100,"caption":"Piezas Nauti"},"image":{"@id":"https:\/\/nauti-parts.com\/es\/#\/schema\/logo\/image\/"},"sameAs":["https:\/\/www.facebook.com\/nautipartsspain\/","https:\/\/www.instagram.com\/nautiparts\/"]}]}},"_links":{"self":[{"href":"https:\/\/nauti-parts.com\/es\/wp-json\/wp\/v2\/product\/20767","targetHints":{"allow":["GET"]}}],"collection":[{"href":"https:\/\/nauti-parts.com\/es\/wp-json\/wp\/v2\/product"}],"about":[{"href":"https:\/\/nauti-parts.com\/es\/wp-json\/wp\/v2\/types\/product"}],"replies":[{"embeddable":true,"href":"https:\/\/nauti-parts.com\/es\/wp-json\/wp\/v2\/comments?post=20767"}],"wp:featuredmedia":[{"embeddable":true,"href":"https:\/\/nauti-parts.com\/es\/wp-json\/wp\/v2\/media\/2886"}],"wp:attachment":[{"href":"https:\/\/nauti-parts.com\/es\/wp-json\/wp\/v2\/media?parent=20767"}],"wp:term":[{"taxonomy":"product_brand","embeddable":true,"href":"https:\/\/nauti-parts.com\/es\/wp-json\/wp\/v2\/product_brand?post=20767"},{"taxonomy":"product_cat","embeddable":true,"href":"https:\/\/nauti-parts.com\/es\/wp-json\/wp\/v2\/product_cat?post=20767"},{"taxonomy":"product_tag","embeddable":true,"href":"https:\/\/nauti-parts.com\/es\/wp-json\/wp\/v2\/product_tag?post=20767"}],"curies":[{"name":"wp","href":"https:\/\/api.w.org\/{rel}","templated":true}]}}