{"id":20652,"date":"2018-03-30T09:50:09","date_gmt":"2018-03-30T09:50:09","guid":{"rendered":"https:\/\/nauti-parts.com\/shop\/sin categor\u00eda\/jobe-sea-esta-3p\/"},"modified":"2018-03-30T09:50:09","modified_gmt":"2018-03-30T09:50:09","slug":"jobe-sea-esta-3p","status":"publish","type":"product","link":"https:\/\/nauti-parts.com\/es\/shop\/juguetes-acuaticos\/remolcables\/jobe\/jobe-sea-esta-3p\/","title":{"rendered":"Jobe Sea-Esta 3P"},"content":{"rendered":"<p>Con 12 asas de lujo rellenas de espuma con protecci\u00f3n de neopreno para los nudillos, nuestros buscadores de emociones pueden dar un divertido paseo sobre su vientre en su asiento de neopreno, o relajarse y sentarse utilizando el c\u00f3modo respaldo y los asideros montados en los laterales. S\u00f3lo tienes que desinflar e inflar el mullido respaldo del <strong>Sea-esta<\/strong> y <strong>transformarlo de un sof\u00e1 relajante a un tubo de cubierta<\/strong>. El Sea-esta est\u00e1 recubierto de resistente nailon estampado de 840 deniers con doble costura alrededor de una vejiga de PVC de calibre 28. Despu\u00e9s de toda la acci\u00f3n del tubo, los amigos y la familia pueden mantener la tradici\u00f3n y llegar a la costa para echar una querida siesta. Ponte el techo solar plegable para besar el sol en la orilla. Guarda una bebida helada en sus portabebidas moldeados y rel\u00e1jate en su suave y c\u00f3modo respaldo hinchable. \u00a1Esta es tu Siesta!      <\/p>\n<ul>\n<li>Funda de nailon de 840 deniers<\/li>\n<li>PVC de calibre 28<\/li>\n<li>M\u00e1ximo 3 personas remolcables<\/li>\n<li>V\u00e1lvula Boston unidireccional<\/li>\n<li>12 Asas con protecciones de neopreno en los nudillos<\/li>\n<li>Remolcable en varias posiciones<\/li>\n<li>Remolcable multifuncional<\/li>\n<li>Techo solar plegable<\/li>\n<li>4 portavasos<\/li>\n<li>Respaldo hinchable<\/li>\n<li>Almohadilla de asiento de neopreno<\/li>\n<li>Nylon con doble costura<\/li>\n<li>Tama\u00f1o desinflado : 112&#8243; x 98&#8243;, 285 x 250 CM<\/li>\n<\/ul>\n","protected":false},"excerpt":{"rendered":"<h3>Ai caramba, \u00a1ag\u00e1rrate! La sea-esta tiene capacidad para tres personas y es el complemento perfecto para todas las familias y amigos que buscan el sol. \u00a1Una exclusiva tumbona remolcable 3 en 1 con sombra para 3 pasajeros!  <\/h3>\n","protected":false},"featured_media":16915,"comment_status":"open","ping_status":"closed","template":"","meta":{"_acf_changed":false},"product_brand":[],"product_cat":[210,208,209],"product_tag":[],"class_list":{"0":"post-20652","1":"product","2":"type-product","3":"status-publish","4":"has-post-thumbnail","6":"product_cat-jobe","7":"product_cat-juguetes-acuaticos","8":"product_cat-remolcables","9":"repupress_customize_woocommerce_productom_class","11":"first","12":"instock","13":"taxable","14":"shipping-taxable","15":"purchasable","16":"product-type-simple"},"acf":[],"yoast_head":"<!-- This site is optimized with the Yoast SEO plugin v27.5 - https:\/\/yoast.com\/product\/yoast-seo-wordpress\/ -->\n<title>Jobe Sea-Esta 3P | Nauti Parts<\/title>\n<meta name=\"robots\" content=\"index, follow, max-snippet:-1, max-image-preview:large, max-video-preview:-1\" \/>\n<link rel=\"canonical\" href=\"https:\/\/nauti-parts.com\/es\/shop\/juguetes-acuaticos\/remolcables\/jobe\/jobe-sea-esta-3p\/\" \/>\n<meta property=\"og:locale\" content=\"es_ES\" \/>\n<meta property=\"og:type\" content=\"article\" \/>\n<meta property=\"og:title\" content=\"Jobe Sea-Esta 3P | Nauti Parts\" \/>\n<meta property=\"og:description\" content=\"Ai caramba, \u00a1ag\u00e1rrate! La sea-esta tiene capacidad para tres personas y es el complemento perfecto para todas las familias y amigos que buscan el sol. \u00a1Una exclusiva tumbona remolcable 3 en 1 con sombra para 3 pasajeros!\" \/>\n<meta property=\"og:url\" content=\"https:\/\/nauti-parts.com\/es\/shop\/juguetes-acuaticos\/remolcables\/jobe\/jobe-sea-esta-3p\/\" \/>\n<meta property=\"og:site_name\" content=\"Nauti Parts\" \/>\n<meta property=\"article:publisher\" content=\"https:\/\/www.facebook.com\/nautipartsspain\/\" \/>\n<meta property=\"og:image\" content=\"https:\/\/nauti-parts.com\/wp-content\/uploads\/2018\/03\/sea-esta.jpeg\" \/>\n\t<meta property=\"og:image:width\" content=\"800\" \/>\n\t<meta property=\"og:image:height\" content=\"800\" \/>\n\t<meta property=\"og:image:type\" content=\"image\/jpeg\" \/>\n<meta name=\"twitter:card\" content=\"summary_large_image\" \/>\n<meta name=\"twitter:label1\" content=\"Tiempo de lectura\" \/>\n\t<meta name=\"twitter:data1\" content=\"1 minuto\" \/>\n<script type=\"application\/ld+json\" class=\"yoast-schema-graph\">{\"@context\":\"https:\\\/\\\/schema.org\",\"@graph\":[{\"@type\":\"WebPage\",\"@id\":\"https:\\\/\\\/nauti-parts.com\\\/es\\\/shop\\\/juguetes-acuaticos\\\/remolcables\\\/jobe\\\/jobe-sea-esta-3p\\\/\",\"url\":\"https:\\\/\\\/nauti-parts.com\\\/es\\\/shop\\\/juguetes-acuaticos\\\/remolcables\\\/jobe\\\/jobe-sea-esta-3p\\\/\",\"name\":\"Jobe Sea-Esta 3P | Nauti Parts\",\"isPartOf\":{\"@id\":\"https:\\\/\\\/nauti-parts.com\\\/es\\\/#website\"},\"primaryImageOfPage\":{\"@id\":\"https:\\\/\\\/nauti-parts.com\\\/es\\\/shop\\\/juguetes-acuaticos\\\/remolcables\\\/jobe\\\/jobe-sea-esta-3p\\\/#primaryimage\"},\"image\":{\"@id\":\"https:\\\/\\\/nauti-parts.com\\\/es\\\/shop\\\/juguetes-acuaticos\\\/remolcables\\\/jobe\\\/jobe-sea-esta-3p\\\/#primaryimage\"},\"thumbnailUrl\":\"https:\\\/\\\/nauti-parts.com\\\/wp-content\\\/uploads\\\/2018\\\/03\\\/sea-esta.jpeg\",\"datePublished\":\"2018-03-30T09:50:09+00:00\",\"breadcrumb\":{\"@id\":\"https:\\\/\\\/nauti-parts.com\\\/es\\\/shop\\\/juguetes-acuaticos\\\/remolcables\\\/jobe\\\/jobe-sea-esta-3p\\\/#breadcrumb\"},\"inLanguage\":\"es\",\"potentialAction\":[{\"@type\":\"ReadAction\",\"target\":[\"https:\\\/\\\/nauti-parts.com\\\/es\\\/shop\\\/juguetes-acuaticos\\\/remolcables\\\/jobe\\\/jobe-sea-esta-3p\\\/\"]}]},{\"@type\":\"ImageObject\",\"inLanguage\":\"es\",\"@id\":\"https:\\\/\\\/nauti-parts.com\\\/es\\\/shop\\\/juguetes-acuaticos\\\/remolcables\\\/jobe\\\/jobe-sea-esta-3p\\\/#primaryimage\",\"url\":\"https:\\\/\\\/nauti-parts.com\\\/wp-content\\\/uploads\\\/2018\\\/03\\\/sea-esta.jpeg\",\"contentUrl\":\"https:\\\/\\\/nauti-parts.com\\\/wp-content\\\/uploads\\\/2018\\\/03\\\/sea-esta.jpeg\",\"width\":800,\"height\":800},{\"@type\":\"BreadcrumbList\",\"@id\":\"https:\\\/\\\/nauti-parts.com\\\/es\\\/shop\\\/juguetes-acuaticos\\\/remolcables\\\/jobe\\\/jobe-sea-esta-3p\\\/#breadcrumb\",\"itemListElement\":[{\"@type\":\"ListItem\",\"position\":1,\"name\":\"Tienda\",\"item\":\"https:\\\/\\\/nauti-parts.com\\\/es\\\/tienda\\\/\"},{\"@type\":\"ListItem\",\"position\":2,\"name\":\"Jobe Sea-Esta 3P\"}]},{\"@type\":\"WebSite\",\"@id\":\"https:\\\/\\\/nauti-parts.com\\\/es\\\/#website\",\"url\":\"https:\\\/\\\/nauti-parts.com\\\/es\\\/\",\"name\":\"Nauti Parts\",\"description\":\"Sea-Doo Jet Ski - Seabob Dealer and Rentals | Water Toys Mallorca\",\"publisher\":{\"@id\":\"https:\\\/\\\/nauti-parts.com\\\/es\\\/#organization\"},\"potentialAction\":[{\"@type\":\"SearchAction\",\"target\":{\"@type\":\"EntryPoint\",\"urlTemplate\":\"https:\\\/\\\/nauti-parts.com\\\/es\\\/?s={search_term_string}\"},\"query-input\":{\"@type\":\"PropertyValueSpecification\",\"valueRequired\":true,\"valueName\":\"search_term_string\"}}],\"inLanguage\":\"es\"},{\"@type\":\"Organization\",\"@id\":\"https:\\\/\\\/nauti-parts.com\\\/es\\\/#organization\",\"name\":\"Piezas Nauti\",\"url\":\"https:\\\/\\\/nauti-parts.com\\\/es\\\/\",\"logo\":{\"@type\":\"ImageObject\",\"inLanguage\":\"es\",\"@id\":\"https:\\\/\\\/nauti-parts.com\\\/es\\\/#\\\/schema\\\/logo\\\/image\\\/\",\"url\":\"https:\\\/\\\/nauti-parts.com\\\/wp-content\\\/uploads\\\/2023\\\/10\\\/np-logo-black.png\",\"contentUrl\":\"https:\\\/\\\/nauti-parts.com\\\/wp-content\\\/uploads\\\/2023\\\/10\\\/np-logo-black.png\",\"width\":253,\"height\":100,\"caption\":\"Piezas Nauti\"},\"image\":{\"@id\":\"https:\\\/\\\/nauti-parts.com\\\/es\\\/#\\\/schema\\\/logo\\\/image\\\/\"},\"sameAs\":[\"https:\\\/\\\/www.facebook.com\\\/nautipartsspain\\\/\",\"https:\\\/\\\/www.instagram.com\\\/nautiparts\\\/\"]}]}<\/script>\n<!-- \/ Yoast SEO plugin. -->","yoast_head_json":{"title":"Jobe Sea-Esta 3P | Nauti Parts","robots":{"index":"index","follow":"follow","max-snippet":"max-snippet:-1","max-image-preview":"max-image-preview:large","max-video-preview":"max-video-preview:-1"},"canonical":"https:\/\/nauti-parts.com\/es\/shop\/juguetes-acuaticos\/remolcables\/jobe\/jobe-sea-esta-3p\/","og_locale":"es_ES","og_type":"article","og_title":"Jobe Sea-Esta 3P | Nauti Parts","og_description":"Ai caramba, \u00a1ag\u00e1rrate! La sea-esta tiene capacidad para tres personas y es el complemento perfecto para todas las familias y amigos que buscan el sol. \u00a1Una exclusiva tumbona remolcable 3 en 1 con sombra para 3 pasajeros!","og_url":"https:\/\/nauti-parts.com\/es\/shop\/juguetes-acuaticos\/remolcables\/jobe\/jobe-sea-esta-3p\/","og_site_name":"Nauti Parts","article_publisher":"https:\/\/www.facebook.com\/nautipartsspain\/","og_image":[{"width":800,"height":800,"url":"https:\/\/nauti-parts.com\/wp-content\/uploads\/2018\/03\/sea-esta.jpeg","type":"image\/jpeg"}],"twitter_card":"summary_large_image","twitter_misc":{"Tiempo de lectura":"1 minuto"},"schema":{"@context":"https:\/\/schema.org","@graph":[{"@type":"WebPage","@id":"https:\/\/nauti-parts.com\/es\/shop\/juguetes-acuaticos\/remolcables\/jobe\/jobe-sea-esta-3p\/","url":"https:\/\/nauti-parts.com\/es\/shop\/juguetes-acuaticos\/remolcables\/jobe\/jobe-sea-esta-3p\/","name":"Jobe Sea-Esta 3P | Nauti Parts","isPartOf":{"@id":"https:\/\/nauti-parts.com\/es\/#website"},"primaryImageOfPage":{"@id":"https:\/\/nauti-parts.com\/es\/shop\/juguetes-acuaticos\/remolcables\/jobe\/jobe-sea-esta-3p\/#primaryimage"},"image":{"@id":"https:\/\/nauti-parts.com\/es\/shop\/juguetes-acuaticos\/remolcables\/jobe\/jobe-sea-esta-3p\/#primaryimage"},"thumbnailUrl":"https:\/\/nauti-parts.com\/wp-content\/uploads\/2018\/03\/sea-esta.jpeg","datePublished":"2018-03-30T09:50:09+00:00","breadcrumb":{"@id":"https:\/\/nauti-parts.com\/es\/shop\/juguetes-acuaticos\/remolcables\/jobe\/jobe-sea-esta-3p\/#breadcrumb"},"inLanguage":"es","potentialAction":[{"@type":"ReadAction","target":["https:\/\/nauti-parts.com\/es\/shop\/juguetes-acuaticos\/remolcables\/jobe\/jobe-sea-esta-3p\/"]}]},{"@type":"ImageObject","inLanguage":"es","@id":"https:\/\/nauti-parts.com\/es\/shop\/juguetes-acuaticos\/remolcables\/jobe\/jobe-sea-esta-3p\/#primaryimage","url":"https:\/\/nauti-parts.com\/wp-content\/uploads\/2018\/03\/sea-esta.jpeg","contentUrl":"https:\/\/nauti-parts.com\/wp-content\/uploads\/2018\/03\/sea-esta.jpeg","width":800,"height":800},{"@type":"BreadcrumbList","@id":"https:\/\/nauti-parts.com\/es\/shop\/juguetes-acuaticos\/remolcables\/jobe\/jobe-sea-esta-3p\/#breadcrumb","itemListElement":[{"@type":"ListItem","position":1,"name":"Tienda","item":"https:\/\/nauti-parts.com\/es\/tienda\/"},{"@type":"ListItem","position":2,"name":"Jobe Sea-Esta 3P"}]},{"@type":"WebSite","@id":"https:\/\/nauti-parts.com\/es\/#website","url":"https:\/\/nauti-parts.com\/es\/","name":"Nauti Parts","description":"Sea-Doo Jet Ski - Seabob Dealer and Rentals | Water Toys Mallorca","publisher":{"@id":"https:\/\/nauti-parts.com\/es\/#organization"},"potentialAction":[{"@type":"SearchAction","target":{"@type":"EntryPoint","urlTemplate":"https:\/\/nauti-parts.com\/es\/?s={search_term_string}"},"query-input":{"@type":"PropertyValueSpecification","valueRequired":true,"valueName":"search_term_string"}}],"inLanguage":"es"},{"@type":"Organization","@id":"https:\/\/nauti-parts.com\/es\/#organization","name":"Piezas Nauti","url":"https:\/\/nauti-parts.com\/es\/","logo":{"@type":"ImageObject","inLanguage":"es","@id":"https:\/\/nauti-parts.com\/es\/#\/schema\/logo\/image\/","url":"https:\/\/nauti-parts.com\/wp-content\/uploads\/2023\/10\/np-logo-black.png","contentUrl":"https:\/\/nauti-parts.com\/wp-content\/uploads\/2023\/10\/np-logo-black.png","width":253,"height":100,"caption":"Piezas Nauti"},"image":{"@id":"https:\/\/nauti-parts.com\/es\/#\/schema\/logo\/image\/"},"sameAs":["https:\/\/www.facebook.com\/nautipartsspain\/","https:\/\/www.instagram.com\/nautiparts\/"]}]}},"_links":{"self":[{"href":"https:\/\/nauti-parts.com\/es\/wp-json\/wp\/v2\/product\/20652","targetHints":{"allow":["GET"]}}],"collection":[{"href":"https:\/\/nauti-parts.com\/es\/wp-json\/wp\/v2\/product"}],"about":[{"href":"https:\/\/nauti-parts.com\/es\/wp-json\/wp\/v2\/types\/product"}],"replies":[{"embeddable":true,"href":"https:\/\/nauti-parts.com\/es\/wp-json\/wp\/v2\/comments?post=20652"}],"wp:featuredmedia":[{"embeddable":true,"href":"https:\/\/nauti-parts.com\/es\/wp-json\/wp\/v2\/media\/16915"}],"wp:attachment":[{"href":"https:\/\/nauti-parts.com\/es\/wp-json\/wp\/v2\/media?parent=20652"}],"wp:term":[{"taxonomy":"product_brand","embeddable":true,"href":"https:\/\/nauti-parts.com\/es\/wp-json\/wp\/v2\/product_brand?post=20652"},{"taxonomy":"product_cat","embeddable":true,"href":"https:\/\/nauti-parts.com\/es\/wp-json\/wp\/v2\/product_cat?post=20652"},{"taxonomy":"product_tag","embeddable":true,"href":"https:\/\/nauti-parts.com\/es\/wp-json\/wp\/v2\/product_tag?post=20652"}],"curies":[{"name":"wp","href":"https:\/\/api.w.org\/{rel}","templated":true}]}}