{"id":24524,"date":"2017-11-09T13:23:24","date_gmt":"2017-11-09T13:23:24","guid":{"rendered":"https:\/\/nauti-parts.com\/chispa\/"},"modified":"2026-03-30T13:40:01","modified_gmt":"2026-03-30T13:40:01","slug":"chispa","status":"publish","type":"page","link":"https:\/\/nauti-parts.com\/es\/sea-doo\/chispa\/","title":{"rendered":"Chispa"},"content":{"rendered":"<div class=\"wpb-content-wrapper\"><p>[vc_section full_width=&#8221;stretch_row&#8221; css=&#8221;.vc_custom_1508423743578{background-color: #1ebbb0 !important;}&#8221; el_id=&#8221;intro&#8221;][vc_row][vc_column width=&#8221;1\/6&#8243;][\/vc_column][vc_column width=&#8221;2\/3&#8243;][vc_column_text]<\/p>\n<h2 style=\"text-align: center;\">\u00a1DIVERSI\u00d3N \u00daNICA!<\/h2>\n<p>[\/vc_column_text][vc_separator color=&#8221;white&#8221;][vc_row_inner el_id=&#8221;price&#8221;][vc_column_inner width=&#8221;2\/3&#8243;][vc_column_text]<\/p>\n<p style=\"text-align: center;\">La Spark de Sea-Doo es la moto acu\u00e1tica m\u00e1s asequible del mercado actual. \u00a1Hace realidad los sue\u00f1os de toda familia de pasar grandes d\u00edas en el agua! Es juguetona, f\u00e1cil de conducir e incre\u00edblemente f\u00e1cil de remolcar con un coche peque\u00f1o.  <\/p>\n<p>[\/vc_column_text][\/vc_column_inner][vc_column_inner width=&#8221;1\/3&#8243;][vc_column_text css=&#8221;&#8221;]<\/p>\n<p style=\"text-align: center;\">En<\/p>\n<h3 style=\"text-align: center;\"><strong>11.995\u20ac<\/strong><\/h3>\n<p>[\/vc_column_text][\/vc_column_inner][\/vc_row_inner][vc_separator color=&#8221;white&#8221;][vc_btn title=&#8221;Descargar especificaciones&#8221; style=&#8221;flat&#8221; shape=&#8221;square&#8221; color=&#8221;white&#8221; size=&#8221;lg&#8221; align=&#8221;center&#8221; link=&#8221;url:https%3A%2F%2Fnauti-parts.com%2Fwp-content%2Fuploads%2F2017%2F11%2FSPARK_EN.jpg|target:%20_blank|&#8221;][\/vc_column][vc_column width=&#8221;1\/6&#8243;][\/vc_column][\/vc_row][\/vc_section][vc_section css=&#8221;.vc_custom_1508424549906{padding-bottom: 30px !important;}&#8221;][vc_row][vc_column css_animation=&#8221;fadeInLeft&#8221; width=&#8221;1\/2&#8243; el_id=&#8221;info&#8221;][vc_single_image image=&#8221;24525&#8243; img_size=&#8221;full&#8221; alignment=&#8221;center&#8221; css=&#8221;&#8221;][vc_column_text css=&#8221;&#8221;]<\/p>\n<h4 style=\"text-align: center;\">Azul Deslumbrante y Azul Vapor<\/h4>\n<p>[\/vc_column_text][\/vc_column][vc_column css_animation=&#8221;fadeInRight&#8221; width=&#8221;1\/2&#8243;][vc_single_image image=&#8221;24526&#8243; img_size=&#8221;full&#8221; alignment=&#8221;center&#8221; css=&#8221;&#8221;][vc_column_text css=&#8221;&#8221;]<\/p>\n<h4 style=\"text-align: center;\">Naranja Amanecer y Rojo Drag\u00f3n<\/h4>\n<p>[\/vc_column_text][\/vc_column][\/vc_row][\/vc_section][vc_section full_width=&#8221;stretch_row_content&#8221; el_id=&#8221;features&#8221;][vc_row equal_height=&#8221;yes&#8221; content_placement=&#8221;bottom&#8221;][vc_column css_animation=&#8221;slideInLeft&#8221; width=&#8221;1\/2&#8243; css=&#8221;.vc_custom_1508931850302{background-image: url(https:\/\/nauti-parts.com\/wp-content\/uploads\/2017\/10\/trim-system.jpg?id=2058) !important;}&#8221; el_class=&#8221;left&#8221;][vc_column_text]<\/p>\n<h3 style=\"text-align: center;\">MEJORES TRUCOS<\/h3>\n<p style=\"text-align: center;\">El sistema de trimado variable te permite exagerar la altura a la que puedes elevar el morro o la profundidad a la que puedes enterrarlo en el agua. Lo que significa que hacer trucos nunca ha sido tan f\u00e1cil, ni tan divertido. <\/p>\n<p>[\/vc_column_text][\/vc_column][vc_column css_animation=&#8221;slideInRight&#8221; width=&#8221;1\/2&#8243; css=&#8221;.vc_custom_1508931940092{background-image: url(https:\/\/nauti-parts.com\/wp-content\/uploads\/2017\/10\/step-wedges.jpg?id=2059) !important;}&#8221;][vc_column_text]<\/p>\n<h3 style=\"text-align: center;\">PASO A PASO<\/h3>\n<p style=\"text-align: center;\">Ponte de pie con las cu\u00f1as de apoyo. Proporcionan m\u00e1s estabilidad y confianza en diferentes posiciones de conducci\u00f3n de pie. Facilitando la realizaci\u00f3n de trucos como un profesional.  <\/p>\n<p>[\/vc_column_text][\/vc_column][\/vc_row][vc_row equal_height=&#8221;yes&#8221; content_placement=&#8221;bottom&#8221;][vc_column css_animation=&#8221;fadeInLeft&#8221; width=&#8221;1\/3&#8243; css=&#8221;.vc_custom_1510233750425{background-image: url(https:\/\/nauti-parts.com\/wp-content\/uploads\/2017\/10\/rotax-engine.jpeg?id=2071) !important;}&#8221;][vc_column_text]<\/p>\n<h3 style=\"text-align: center;\">MOTOR ROTAX 900<\/h3>\n<p style=\"text-align: center;\">El motor Rotax 900 ACE es el m\u00e1s eficiente del mercado, elige entre el est\u00e1ndar o el HO ACE de mayor potencia.<\/p>\n<p>[\/vc_column_text][\/vc_column][vc_column css_animation=&#8221;fadeInUp&#8221; width=&#8221;1\/3&#8243; el_class=&#8221;center&#8221; css=&#8221;.vc_custom_1508932125686{background-image: url(https:\/\/nauti-parts.com\/wp-content\/uploads\/2017\/10\/seating.jpg?id=2060) !important;}&#8221;][vc_column_text]<\/p>\n<h3 style=\"text-align: center;\">ASIENTOS PARA 2 \u00d3 3<\/h3>\n<p style=\"text-align: center;\">\u00a1Diversi\u00f3n para todos! Tanto si te gusta navegar en pareja como de tres en tres, la Sea-Doo SPARK est\u00e1 disponible en configuraciones de 2 o 3 plazas. <\/p>\n<p>[\/vc_column_text][\/vc_column][vc_column css_animation=&#8221;fadeInRight&#8221; width=&#8221;1\/3&#8243; css=&#8221;.vc_custom_1508932702866{background-image: url(https:\/\/nauti-parts.com\/wp-content\/uploads\/2017\/10\/polytec-hull.jpg?id=2066) !important;}&#8221;][vc_column_text]<\/p>\n<h3 style=\"text-align: center;\">FRENO Y MARCHA ATR\u00c1S INTELIGENTES<\/h3>\n<p style=\"text-align: center;\">Exclusivo de Sea-Doo, el sistema iBR te permite parar antes para mayor tranquilidad. Y ofrece m\u00e1s control y maniobrabilidad. <\/p>\n<p>[\/vc_column_text][\/vc_column][\/vc_row][vc_row equal_height=&#8221;yes&#8221; content_placement=&#8221;bottom&#8221;][vc_column css_animation=&#8221;slideInLeft&#8221; width=&#8221;1\/2&#8243; css=&#8221;.vc_custom_1508932250642{background-image: url(https:\/\/nauti-parts.com\/wp-content\/uploads\/2017\/10\/ibr-1.jpg?id=2062) !important;}&#8221; el_class=&#8221;left&#8221;][vc_column_text]<\/p>\n<h3 style=\"text-align: center;\">MATERIAL POLYTEC<\/h3>\n<p style=\"text-align: center;\">Este material innovador y resistente a los impactos reduce el peso del Sea-Doo SPARK para ofrecer el m\u00e1ximo rendimiento. Adem\u00e1s, el moldeado en color lo hace m\u00e1s resistente a los ara\u00f1azos que la fibra de vidrio. <\/p>\n<p>[\/vc_column_text][\/vc_column][vc_column css_animation=&#8221;slideInRight&#8221; width=&#8221;1\/2&#8243; css=&#8221;.vc_custom_1508932205033{background-image: url(https:\/\/nauti-parts.com\/wp-content\/uploads\/2017\/10\/eco-mode.jpg?id=2017) !important;}&#8221;][vc_column_text]<\/p>\n<h3 style=\"text-align: center;\">CONTROL INTELIGENTE DEL ACELERADOR<\/h3>\n<p style=\"text-align: center;\">Elige entre una aceleraci\u00f3n m\u00e1s r\u00e1pida o m\u00e1s suave gracias al modo Sport disponible con el motor Rotax 900 HO ACE y al modo Touring disponible en todos los modelos.<\/p>\n<p>[\/vc_column_text][\/vc_column][\/vc_row][\/vc_section][vc_section full_width=&#8221;stretch_row&#8221; css=&#8221;.vc_custom_1508424641954{padding-bottom: 50px !important;background-color: #f2f2f2 !important;}&#8221;][vc_row][vc_column][vc_custom_heading text=&#8221;Especificaciones&#8221; font_container=&#8221;tag:h3|text_align:center|color:%231ebbb0&#8243; use_theme_fonts=&#8221;yes&#8221; css=&#8221;.vc_custom_1508496460939{margin-bottom: 30px !important;}&#8221;][vc_tta_accordion][vc_tta_section title=&#8221;CAPACIDAD DEL JINETE&#8221; tab_id=&#8221;rider&#8221;][vc_column_text]<\/p>\n<ul>\n<li><strong>ASIENTOS<\/strong> 2 \u00f3 3<\/li>\n<li><strong>CAPACIDAD DE PESO352<\/strong>LB \/ 160 KG O 450 LB \/ 205 KG<\/li>\n<\/ul>\n<p>[\/vc_column_text][\/vc_tta_section][vc_tta_section title=&#8221;MOTOR&#8221; tab_id=&#8221;engine&#8221;][vc_column_text]<\/p>\n<ul>\n<li><strong>TYPERotax\u00ae<\/strong>900 ACE\u2122<\/li>\n<li><strong>SISTEMA DE ENTRADAAspiraci\u00f3n natural<\/strong><\/li>\n<li><strong>DESPLACAMIENTO<\/strong> 899 cc<\/li>\n<li><strong>REFRIGERACI\u00d3N<\/strong> Sistema de refrigeraci\u00f3n de circuito cerrado (CLCS)<\/li>\n<li><strong>SISTEMA DE MARCHA ATR\u00c1S<\/strong> Kit de marcha atr\u00e1s manual (opc) o iBR electr\u00f3nico (3up)<\/li>\n<li><strong>arrancador<\/strong> el\u00e9ctrico<\/li>\n<li><strong>TIPO DE COMBUSTIBLE<\/strong> 87 octanos<\/li>\n<\/ul>\n<p>[\/vc_column_text][\/vc_tta_section][vc_tta_section title=&#8221;DIMENSIONES&#8221; tab_id=&#8221;dimensions&#8221;][vc_column_text]<\/p>\n<ul>\n<li><strong>CAPACIDAD DE COMBUSTIBLE7<\/strong>,9 US gal \/ 30 L<\/li>\n<li><strong>LONGITUD<\/strong> 110&#8243; \/ 279 cm O 120&#8243; \/ 305 cm (3up)<\/li>\n<li><strong>ANCHO<\/strong> 46&#8243; \/ 118 cm<\/li>\n<li><strong>ALTURA<\/strong> 42,13&#8243; \/ 107 cm<\/li>\n<li><strong>PESO (SECO<\/strong> ) 184 kg \/ 405 lb O 191 kg \/ 421 lb (3up)<\/li>\n<li><strong>CAPACIDAD DE ALMACENAMIENTO<\/strong> 0,42 gal\/ 1,6 L<\/li>\n<\/ul>\n<p>[\/vc_column_text][\/vc_tta_section][vc_tta_section title=&#8221;HULL&#8221; tab_id=&#8221;hull&#8221;][vc_column_text]<\/p>\n<ul>\n<li><strong>SPARK<\/strong><span class=\"spanText\">Plataforma corta y ligera &#8211; Casco en V poco profundo &#8211; Juguet\u00f3n y f\u00e1cil de maniobrar<\/span><\/li>\n<\/ul>\n<p>[\/vc_column_text][\/vc_tta_section][vc_tta_section title=&#8221;CARACTER\u00cdSTICAS&#8221; tab_id=&#8221;features&#8221;][vc_column_text]<\/p>\n<ul>\n<li><strong>EXOSKEL<\/strong><span class=\"spanText\">Es una arquitectura minimalista que mantiene s\u00f3lo las partes estructurales esenciales en la parte delantera. Reduce el peso a la vez que crea un dise\u00f1o fuerte, moderno y vanguardista que define la naturaleza \u00fanica y juguetona de la Sea-Doo SPARK.<\/span><\/li>\n<li><strong>POLYTEC<\/strong><span class=\"spanText\">Es un material reciclable, de baja densidad y resistente a los ara\u00f1azos, que incluye refuerzos de polipropileno y fibra de vidrio larga. Se dise\u00f1\u00f3 para aplicaciones de casco y cubierta con el fin de mantener la integridad estructural de la embarcaci\u00f3n sometida a esfuerzos, al tiempo que proporciona piezas ligeras pero duraderas para apoyar la construcci\u00f3n del producto.<\/span><\/li>\n<li><strong>SISTEMA iTC\u2122 (CONTROL INTELIGENTE DEL ACELERADOR)<\/strong><span class=\"spanText\">Sistema fly-by-wire que funciona electr\u00f3nicamente (sin cables) para transferir la informaci\u00f3n de la palanca del acelerador al motor. Se trata de un control del acelerador m\u00e1s sensible y preciso que genera una mejor calibraci\u00f3n del motor y consumo de combustible. Tambi\u00e9n permite diferentes modos de conducci\u00f3n, como el modo deportivo que est\u00e1 disponible con el motor Rotax 900 HO ACE y se activa pulsando el bot\u00f3n situado debajo del grupo durante 3 segundos.<\/span><\/li>\n<li><strong>SISTEMA D-SEA-BEL<\/strong><span class=\"spanText\">Combina una serie de resonadores y componentes que absorben las vibraciones para hacer de las motos acu\u00e1ticas Sea-Doo unas de las m\u00e1s silenciosas del agua.<\/span><\/li>\n<li><strong>SISTEMA DE REFRIGERACI\u00d3N DE CIRCUITO CERRADO<\/strong><span class=\"spanText\">Utiliza refrigerante para mantener el motor funcionando a la temperatura ideal, como el radiador de un coche. Tambi\u00e9n mantiene alejados el agua salada corrosiva y los residuos.<\/span><\/li>\n<li><strong>CENTRO DE INFORMACI\u00d3N DIGITAL MULTIFUNCI\u00d3N INTERACTIVO<\/strong><span class=\"spanText\">Modo Touring, Modo Sport, Nivel de combustible, Tac\u00f3metro, Veloc\u00edmetro, Cuentahoras.<\/span><\/li>\n<\/ul>\n<p>[\/vc_column_text][\/vc_tta_section][vc_tta_section title=&#8221;OTROS&#8221; tab_id=&#8221;other&#8221;][vc_column_text]<\/p>\n<ul>\n<li>Empu\u00f1aduras con apoyo para la palma de la mano \/ Estribos \/ Estribo Wetgrip \/ Rodillera \/ Gancho de remolque \/ Asa de agarre trasera \/ Correa del asiento \/ Tap\u00f3n de vaciado individual \/ Kit de vaciado \/ Cord\u00f3n flotante de emergencia \/ Gu\u00eda del operador, v\u00eddeo de instrucciones y folleto<\/li>\n<\/ul>\n<p>[\/vc_column_text][\/vc_tta_section][\/vc_tta_accordion][\/vc_column][\/vc_row][\/vc_section][vc_section][vc_row][vc_column][vc_custom_heading text=&#8221;Galer\u00eda&#8221; font_container=&#8221;tag:h3|text_align:center|color:%231ebbb0&#8243; use_theme_fonts=&#8221;yes&#8221; css=&#8221;.vc_custom_1508496472181{margin-bottom: 30px !important;}&#8221;][vc_masonry_media_grid element_width=&#8221;3&#8243; gap=&#8221;10&#8243; grid_id=&#8221;vc_gid:1717774069312-b81fe6e8-d830-3&#8243; include=&#8221;24528,24527,24529,24530&#8243;][\/vc_column][\/vc_row][\/vc_section][vc_section][vc_row][vc_column width=&#8221;1\/4&#8243;][\/vc_column][vc_column width=&#8221;1\/2&#8243; css=&#8221;.vc_custom_1508498091641{padding-top: 20px !important;padding-bottom: 20px !important;}&#8221;][vc_column_text]<\/p>\n<h3 style=\"text-align: center;\">Para m\u00e1s informaci\u00f3n, ponte en contacto con nosotros en el +34 971 67 77 30 o env\u00eda un correo electr\u00f3nico <a href=\"mailto:nautiparts@yahoo.com\">a nautiparts@yahoo.com<\/a>.<\/h3>\n<p>[\/vc_column_text][\/vc_column][vc_column width=&#8221;1\/4&#8243;][\/vc_column][\/vc_row][\/vc_section][vc_row][vc_column][vc_column_text]<\/p>\n<p>[\/vc_column_text][\/vc_column][\/vc_row][vc_section full_width=&#8221;stretch_row_content&#8221; content_placement=&#8221;middle&#8221; el_id=&#8221;related&#8221;][vc_row content_placement=&#8221;middle&#8221;][vc_column width=&#8221;1\/3&#8243; css=&#8221;.vc_custom_1717773899859{background-image: url(https:\/\/nauti-parts.com\/wp-content\/uploads\/2023\/08\/Sea-Doo-2024.jpg?id=17280) !important;background-position: center !important;background-repeat: no-repeat !important;background-size: cover !important;}&#8221;][vc_column_text css=&#8221;&#8221;]<\/p>\n<h4 style=\"text-align: center;\"><a href=\"https:\/\/nauti-parts.com\/?page_id=17245\">Ver la gama Sea-Doo Jet Ski 2024<\/a><\/h4>\n<p>[\/vc_column_text][\/vc_column][vc_column width=&#8221;1\/3&#8243; css=&#8221;.vc_custom_1509099318629{background-image: url(https:\/\/nauti-parts.com\/wp-content\/uploads\/2017\/10\/rotax-engine.jpeg?id=2071) !important;background-position: center !important;background-repeat: no-repeat !important;background-size: cover !important;}&#8221; el_class=&#8221;center&#8221;][vc_column_text css=&#8221;&#8221;]<\/p>\n<h4 style=\"text-align: center;\"><a href=\"https:\/\/nauti-parts.com\/es\/servicio\/\">Nuestras opciones de servicio y almacenamiento<\/a><\/h4>\n<p>[\/vc_column_text][\/vc_column][vc_column width=&#8221;1\/3&#8243; css=&#8221;.vc_custom_1509098782295{background-image: url(https:\/\/nauti-parts.com\/wp-content\/uploads\/2015\/09\/nauti-parts-about-us.jpg?id=1851) !important;background-position: center !important;background-repeat: no-repeat !important;background-size: cover !important;}&#8221;][vc_column_text css=&#8221;&#8221;]<\/p>\n<h4 style=\"text-align: center;\"><a href=\"https:\/\/nauti-parts.com\/rental\/jet-skis\/\">Cursos, licencias y alquiler de motos acu\u00e1ticas<\/a><\/h4>\n<p>[\/vc_column_text][\/vc_column][\/vc_row][\/vc_section]<\/p>\n<\/div>","protected":false},"excerpt":{"rendered":"<p>[vc_section full_width=&#8221;stretch_row&#8221; css=&#8221;.vc_custom_1508423743578{background-color: #1ebbb0 !important;}&#8221; el_id=&#8221;intro&#8221;][vc_row][vc_column width=&#8221;1\/6&#8243;][\/vc_column][vc_column width=&#8221;2\/3&#8243;][vc_column_text] \u00a1DIVERSI\u00d3N \u00daNICA! [\/vc_column_text][vc_separator color=&#8221;white&#8221;][vc_row_inner el_id=&#8221;price&#8221;][vc_column_inner width=&#8221;2\/3&#8243;][vc_column_text] La Spark de Sea-Doo es la moto acu\u00e1tica m\u00e1s asequible del mercado actual. \u00a1Hace realidad los sue\u00f1os de toda familia de pasar grandes d\u00edas en el agua! Es juguetona, f\u00e1cil de conducir e incre\u00edblemente f\u00e1cil de remolcar con un coche peque\u00f1o. [&hellip;]<\/p>\n","protected":false},"author":1,"featured_media":24527,"parent":24690,"menu_order":0,"comment_status":"closed","ping_status":"closed","template":"","meta":{"_acf_changed":false,"footnotes":""},"class_list":["post-24524","page","type-page","status-publish","has-post-thumbnail","hentry","repupress_customize_woocommerce_productom_class"],"acf":[],"yoast_head":"<!-- This site is optimized with the Yoast SEO plugin v27.5 - https:\/\/yoast.com\/product\/yoast-seo-wordpress\/ -->\n<title>SPARK TRIXX Sea-Doo Jet Ski disponible en Mallorca con Nauti Parts<\/title>\n<meta name=\"description\" content=\"La atracci\u00f3n acu\u00e1tica m\u00e1s espeluznante y que pone los pelos de punta, \u00a1juega como nunca, porque hacer trucos nunca ha sido tan f\u00e1cil y tan divertido!\" \/>\n<meta name=\"robots\" content=\"index, follow, max-snippet:-1, max-image-preview:large, max-video-preview:-1\" \/>\n<link rel=\"canonical\" href=\"https:\/\/nauti-parts.com\/es\/sea-doo\/chispa\/\" \/>\n<meta property=\"og:locale\" content=\"es_ES\" \/>\n<meta property=\"og:type\" content=\"article\" \/>\n<meta property=\"og:title\" content=\"SPARK TRIXX Sea-Doo Jet Ski disponible en Mallorca con Nauti Parts\" \/>\n<meta property=\"og:description\" content=\"La atracci\u00f3n acu\u00e1tica m\u00e1s espeluznante y que pone los pelos de punta, \u00a1juega como nunca, porque hacer trucos nunca ha sido tan f\u00e1cil y tan divertido!\" \/>\n<meta property=\"og:url\" content=\"https:\/\/nauti-parts.com\/es\/sea-doo\/chispa\/\" \/>\n<meta property=\"og:site_name\" content=\"Nauti Parts\" \/>\n<meta property=\"article:publisher\" content=\"https:\/\/www.facebook.com\/nautipartsspain\/\" \/>\n<meta property=\"article:modified_time\" content=\"2026-03-30T13:40:01+00:00\" \/>\n<meta property=\"og:image\" content=\"https:\/\/nauti-parts.com\/wp-content\/uploads\/2017\/11\/sparks-water.jpeg\" \/>\n\t<meta property=\"og:image:width\" content=\"1322\" \/>\n\t<meta property=\"og:image:height\" content=\"660\" \/>\n\t<meta property=\"og:image:type\" content=\"image\/jpeg\" \/>\n<meta name=\"twitter:card\" content=\"summary_large_image\" \/>\n<meta name=\"twitter:label1\" content=\"Tiempo de lectura\" \/>\n\t<meta name=\"twitter:data1\" content=\"8 minutos\" \/>\n<script type=\"application\/ld+json\" class=\"yoast-schema-graph\">{\"@context\":\"https:\\\/\\\/schema.org\",\"@graph\":[{\"@type\":\"WebPage\",\"@id\":\"https:\\\/\\\/nauti-parts.com\\\/es\\\/sea-doo\\\/chispa\\\/\",\"url\":\"https:\\\/\\\/nauti-parts.com\\\/es\\\/sea-doo\\\/chispa\\\/\",\"name\":\"SPARK TRIXX Sea-Doo Jet Ski disponible en Mallorca con Nauti Parts\",\"isPartOf\":{\"@id\":\"https:\\\/\\\/nauti-parts.com\\\/es\\\/#website\"},\"primaryImageOfPage\":{\"@id\":\"https:\\\/\\\/nauti-parts.com\\\/es\\\/sea-doo\\\/chispa\\\/#primaryimage\"},\"image\":{\"@id\":\"https:\\\/\\\/nauti-parts.com\\\/es\\\/sea-doo\\\/chispa\\\/#primaryimage\"},\"thumbnailUrl\":\"https:\\\/\\\/nauti-parts.com\\\/wp-content\\\/uploads\\\/2017\\\/11\\\/sparks-water.jpeg\",\"datePublished\":\"2017-11-09T13:23:24+00:00\",\"dateModified\":\"2026-03-30T13:40:01+00:00\",\"description\":\"La atracci\u00f3n acu\u00e1tica m\u00e1s espeluznante y que pone los pelos de punta, \u00a1juega como nunca, porque hacer trucos nunca ha sido tan f\u00e1cil y tan divertido!\",\"breadcrumb\":{\"@id\":\"https:\\\/\\\/nauti-parts.com\\\/es\\\/sea-doo\\\/chispa\\\/#breadcrumb\"},\"inLanguage\":\"es\",\"potentialAction\":[{\"@type\":\"ReadAction\",\"target\":[\"https:\\\/\\\/nauti-parts.com\\\/es\\\/sea-doo\\\/chispa\\\/\"]}]},{\"@type\":\"ImageObject\",\"inLanguage\":\"es\",\"@id\":\"https:\\\/\\\/nauti-parts.com\\\/es\\\/sea-doo\\\/chispa\\\/#primaryimage\",\"url\":\"https:\\\/\\\/nauti-parts.com\\\/wp-content\\\/uploads\\\/2017\\\/11\\\/sparks-water.jpeg\",\"contentUrl\":\"https:\\\/\\\/nauti-parts.com\\\/wp-content\\\/uploads\\\/2017\\\/11\\\/sparks-water.jpeg\",\"width\":1322,\"height\":660,\"caption\":\"Salidas en moto acu\u00e1tica para grupos en Mallorca\"},{\"@type\":\"BreadcrumbList\",\"@id\":\"https:\\\/\\\/nauti-parts.com\\\/es\\\/sea-doo\\\/chispa\\\/#breadcrumb\",\"itemListElement\":[{\"@type\":\"ListItem\",\"position\":1,\"name\":\"Sea-Doo\",\"item\":\"https:\\\/\\\/nauti-parts.com\\\/es\\\/sea-doo\\\/\"},{\"@type\":\"ListItem\",\"position\":2,\"name\":\"Chispa\"}]},{\"@type\":\"WebSite\",\"@id\":\"https:\\\/\\\/nauti-parts.com\\\/es\\\/#website\",\"url\":\"https:\\\/\\\/nauti-parts.com\\\/es\\\/\",\"name\":\"Nauti Parts\",\"description\":\"Sea-Doo Jet Ski - Seabob Dealer and Rentals | Water Toys Mallorca\",\"publisher\":{\"@id\":\"https:\\\/\\\/nauti-parts.com\\\/es\\\/#organization\"},\"potentialAction\":[{\"@type\":\"SearchAction\",\"target\":{\"@type\":\"EntryPoint\",\"urlTemplate\":\"https:\\\/\\\/nauti-parts.com\\\/es\\\/?s={search_term_string}\"},\"query-input\":{\"@type\":\"PropertyValueSpecification\",\"valueRequired\":true,\"valueName\":\"search_term_string\"}}],\"inLanguage\":\"es\"},{\"@type\":\"Organization\",\"@id\":\"https:\\\/\\\/nauti-parts.com\\\/es\\\/#organization\",\"name\":\"Piezas Nauti\",\"url\":\"https:\\\/\\\/nauti-parts.com\\\/es\\\/\",\"logo\":{\"@type\":\"ImageObject\",\"inLanguage\":\"es\",\"@id\":\"https:\\\/\\\/nauti-parts.com\\\/es\\\/#\\\/schema\\\/logo\\\/image\\\/\",\"url\":\"https:\\\/\\\/nauti-parts.com\\\/wp-content\\\/uploads\\\/2023\\\/10\\\/np-logo-black.png\",\"contentUrl\":\"https:\\\/\\\/nauti-parts.com\\\/wp-content\\\/uploads\\\/2023\\\/10\\\/np-logo-black.png\",\"width\":253,\"height\":100,\"caption\":\"Piezas Nauti\"},\"image\":{\"@id\":\"https:\\\/\\\/nauti-parts.com\\\/es\\\/#\\\/schema\\\/logo\\\/image\\\/\"},\"sameAs\":[\"https:\\\/\\\/www.facebook.com\\\/nautipartsspain\\\/\",\"https:\\\/\\\/www.instagram.com\\\/nautiparts\\\/\"]}]}<\/script>\n<!-- \/ Yoast SEO plugin. -->","yoast_head_json":{"title":"SPARK TRIXX Sea-Doo Jet Ski disponible en Mallorca con Nauti Parts","description":"La atracci\u00f3n acu\u00e1tica m\u00e1s espeluznante y que pone los pelos de punta, \u00a1juega como nunca, porque hacer trucos nunca ha sido tan f\u00e1cil y tan divertido!","robots":{"index":"index","follow":"follow","max-snippet":"max-snippet:-1","max-image-preview":"max-image-preview:large","max-video-preview":"max-video-preview:-1"},"canonical":"https:\/\/nauti-parts.com\/es\/sea-doo\/chispa\/","og_locale":"es_ES","og_type":"article","og_title":"SPARK TRIXX Sea-Doo Jet Ski disponible en Mallorca con Nauti Parts","og_description":"La atracci\u00f3n acu\u00e1tica m\u00e1s espeluznante y que pone los pelos de punta, \u00a1juega como nunca, porque hacer trucos nunca ha sido tan f\u00e1cil y tan divertido!","og_url":"https:\/\/nauti-parts.com\/es\/sea-doo\/chispa\/","og_site_name":"Nauti Parts","article_publisher":"https:\/\/www.facebook.com\/nautipartsspain\/","article_modified_time":"2026-03-30T13:40:01+00:00","og_image":[{"width":1322,"height":660,"url":"https:\/\/nauti-parts.com\/wp-content\/uploads\/2017\/11\/sparks-water.jpeg","type":"image\/jpeg"}],"twitter_card":"summary_large_image","twitter_misc":{"Tiempo de lectura":"8 minutos"},"schema":{"@context":"https:\/\/schema.org","@graph":[{"@type":"WebPage","@id":"https:\/\/nauti-parts.com\/es\/sea-doo\/chispa\/","url":"https:\/\/nauti-parts.com\/es\/sea-doo\/chispa\/","name":"SPARK TRIXX Sea-Doo Jet Ski disponible en Mallorca con Nauti Parts","isPartOf":{"@id":"https:\/\/nauti-parts.com\/es\/#website"},"primaryImageOfPage":{"@id":"https:\/\/nauti-parts.com\/es\/sea-doo\/chispa\/#primaryimage"},"image":{"@id":"https:\/\/nauti-parts.com\/es\/sea-doo\/chispa\/#primaryimage"},"thumbnailUrl":"https:\/\/nauti-parts.com\/wp-content\/uploads\/2017\/11\/sparks-water.jpeg","datePublished":"2017-11-09T13:23:24+00:00","dateModified":"2026-03-30T13:40:01+00:00","description":"La atracci\u00f3n acu\u00e1tica m\u00e1s espeluznante y que pone los pelos de punta, \u00a1juega como nunca, porque hacer trucos nunca ha sido tan f\u00e1cil y tan divertido!","breadcrumb":{"@id":"https:\/\/nauti-parts.com\/es\/sea-doo\/chispa\/#breadcrumb"},"inLanguage":"es","potentialAction":[{"@type":"ReadAction","target":["https:\/\/nauti-parts.com\/es\/sea-doo\/chispa\/"]}]},{"@type":"ImageObject","inLanguage":"es","@id":"https:\/\/nauti-parts.com\/es\/sea-doo\/chispa\/#primaryimage","url":"https:\/\/nauti-parts.com\/wp-content\/uploads\/2017\/11\/sparks-water.jpeg","contentUrl":"https:\/\/nauti-parts.com\/wp-content\/uploads\/2017\/11\/sparks-water.jpeg","width":1322,"height":660,"caption":"Salidas en moto acu\u00e1tica para grupos en Mallorca"},{"@type":"BreadcrumbList","@id":"https:\/\/nauti-parts.com\/es\/sea-doo\/chispa\/#breadcrumb","itemListElement":[{"@type":"ListItem","position":1,"name":"Sea-Doo","item":"https:\/\/nauti-parts.com\/es\/sea-doo\/"},{"@type":"ListItem","position":2,"name":"Chispa"}]},{"@type":"WebSite","@id":"https:\/\/nauti-parts.com\/es\/#website","url":"https:\/\/nauti-parts.com\/es\/","name":"Nauti Parts","description":"Sea-Doo Jet Ski - Seabob Dealer and Rentals | Water Toys Mallorca","publisher":{"@id":"https:\/\/nauti-parts.com\/es\/#organization"},"potentialAction":[{"@type":"SearchAction","target":{"@type":"EntryPoint","urlTemplate":"https:\/\/nauti-parts.com\/es\/?s={search_term_string}"},"query-input":{"@type":"PropertyValueSpecification","valueRequired":true,"valueName":"search_term_string"}}],"inLanguage":"es"},{"@type":"Organization","@id":"https:\/\/nauti-parts.com\/es\/#organization","name":"Piezas Nauti","url":"https:\/\/nauti-parts.com\/es\/","logo":{"@type":"ImageObject","inLanguage":"es","@id":"https:\/\/nauti-parts.com\/es\/#\/schema\/logo\/image\/","url":"https:\/\/nauti-parts.com\/wp-content\/uploads\/2023\/10\/np-logo-black.png","contentUrl":"https:\/\/nauti-parts.com\/wp-content\/uploads\/2023\/10\/np-logo-black.png","width":253,"height":100,"caption":"Piezas Nauti"},"image":{"@id":"https:\/\/nauti-parts.com\/es\/#\/schema\/logo\/image\/"},"sameAs":["https:\/\/www.facebook.com\/nautipartsspain\/","https:\/\/www.instagram.com\/nautiparts\/"]}]}},"_links":{"self":[{"href":"https:\/\/nauti-parts.com\/es\/wp-json\/wp\/v2\/pages\/24524","targetHints":{"allow":["GET"]}}],"collection":[{"href":"https:\/\/nauti-parts.com\/es\/wp-json\/wp\/v2\/pages"}],"about":[{"href":"https:\/\/nauti-parts.com\/es\/wp-json\/wp\/v2\/types\/page"}],"author":[{"embeddable":true,"href":"https:\/\/nauti-parts.com\/es\/wp-json\/wp\/v2\/users\/1"}],"replies":[{"embeddable":true,"href":"https:\/\/nauti-parts.com\/es\/wp-json\/wp\/v2\/comments?post=24524"}],"version-history":[{"count":0,"href":"https:\/\/nauti-parts.com\/es\/wp-json\/wp\/v2\/pages\/24524\/revisions"}],"up":[{"embeddable":true,"href":"https:\/\/nauti-parts.com\/es\/wp-json\/wp\/v2\/pages\/24690"}],"wp:featuredmedia":[{"embeddable":true,"href":"https:\/\/nauti-parts.com\/es\/wp-json\/wp\/v2\/media\/24527"}],"wp:attachment":[{"href":"https:\/\/nauti-parts.com\/es\/wp-json\/wp\/v2\/media?parent=24524"}],"curies":[{"name":"wp","href":"https:\/\/api.w.org\/{rel}","templated":true}]}}