{"id":24213,"date":"2015-09-23T10:58:15","date_gmt":"2015-09-23T10:58:15","guid":{"rendered":"https:\/\/nauti-parts.com\/servicio\/"},"modified":"2026-03-30T13:38:52","modified_gmt":"2026-03-30T13:38:52","slug":"servicio","status":"publish","type":"page","link":"https:\/\/nauti-parts.com\/es\/servicio\/","title":{"rendered":"Servicio"},"content":{"rendered":"<div class=\"wpb-content-wrapper\"><p>[vc_row content_placement=&#8221;middle&#8221; height=&#8221;550&#8243; font_color=&#8221;#000000&#8243; css=&#8221;.vc_custom_1725712971996{background: #000000 url(https:\/\/nauti-parts.com\/wp-content\/uploads\/2017\/10\/rotax-engine.jpeg?id=2071) !important;background-position: center !important;background-repeat: no-repeat !important;background-size: cover !important;}&#8221; background_style=&#8221;parallax&#8221; el_class=&#8221;main&#8221;][vc_column css=&#8221;.vc_custom_1479830058137{padding-bottom: 50px !important;}&#8221;][vc_row_inner content_placement=&#8221;middle&#8221; font_color=&#8221;#ffffff&#8221; el_id=&#8221;intro&#8221; css=&#8221;.vc_custom_1725712966256{background-position: center !important;background-repeat: no-repeat !important;background-size: cover !important;}&#8221;][vc_column_inner width=&#8221;1\/6&#8243;][\/vc_column_inner][vc_column_inner el_class=&#8221;hide-mobile&#8221; width=&#8221;2\/3&#8243; css=&#8221;.vc_custom_1725717120303{margin-top: 80px !important;margin-bottom: 0px !important;}&#8221;][vc_column_text css=&#8221;.vc_custom_1693906939801{margin-top: 0px !important;border-top-width: 0px !important;padding-top: 0px !important;}&#8221;]<\/p>\n<h1 style=\"text-align: center; line-height: 1em !important;\"><span style=\"color: #ffffff; text-shadow: 0 0 10px rgba(0, 0, 0, 0.35);\"><strong>Servicio<\/strong><\/span><\/h1>\n<h3 style=\"text-align: center; line-height: 1em !important;\"><span style=\"color: #ffffff; text-shadow: 0 0 10px rgba(0, 0, 0, 0.35);\"><strong>Ofrecemos servicio completo para Sea-Doo, Seabobs, tablas E-foil y juguetes acu\u00e1ticos. Todo en nuestro centro de servicio totalmente equipado en Son Bugadellas , Calvia, Mallorca.<br \/>\n<\/strong><\/span><\/h3>\n<p style=\"text-align: center;\"><a href=\"#featured\">M\u00e1s informaci\u00f3n<\/a><\/p>\n<p>[\/vc_column_text][\/vc_column_inner][vc_column_inner width=&#8221;1\/6&#8243;][\/vc_column_inner][\/vc_row_inner][\/vc_column][\/vc_row][vc_row][vc_column][vc_empty_space height=&#8221;30px&#8221;][\/vc_column][\/vc_row][vc_section full_width=&#8221;stretch_row&#8221;][vc_row][vc_column width=&#8221;1\/6&#8243;][\/vc_column][vc_column width=&#8221;2\/3&#8243; css=&#8221;.vc_custom_1725717146852{padding-right: 60px !important;padding-left: 60px !important;}&#8221;][vc_column_text css=&#8221;&#8221;]<\/p>\n<h2 style=\"text-align: center;\">Mantenimiento y reparaciones<\/h2>\n<p>[\/vc_column_text][vc_single_image image=&#8221;24224&#8243; img_size=&#8221;full&#8221; alignment=&#8221;center&#8221;][vc_column_text]<strong>Tanto si se trata de un nuevo cable de direcci\u00f3n para una moto acu\u00e1tica, como de una reconstrucci\u00f3n completa del motor o de un servicio Seabob, podemos ayudarte.<\/strong><\/p>\n<p>Con muchos art\u00edculos y piezas en stock, nuestro equipo de ingenieros te proporcionar\u00e1 un servicio r\u00e1pido y eficaz. Tambi\u00e9n ofrecemos servicios de gel coat, pintura, reparaci\u00f3n de tapicer\u00edas y antiincrustantes. Tambi\u00e9n podemos suministrar una amplia gama de piezas de recambio, aceites y accesorios.[\/vc_column_text][\/vc_column][vc_column width=&#8221;1\/6&#8243;][\/vc_column][\/vc_row][vc_row type=&#8221;boxed&#8221; css=&#8221;.vc_custom_1725713194929{padding-right: 40px !important;padding-left: 40px !important;background-position: center !important;background-repeat: no-repeat !important;background-size: cover !important;}&#8221; background_style=&#8221;normal&#8221;][vc_column][vc_empty_space height=&#8221;30px&#8221;][vc_row_inner type=&#8221;boxed&#8221; el_id=&#8221;seabob&#8221;][vc_column_inner][vc_column_text]<\/p>\n<h2>Almacenamiento e Invernaje<\/h2>\n<p>[\/vc_column_text][vc_separator][\/vc_column_inner][\/vc_row_inner][vc_row_inner type=&#8221;boxed&#8221;][vc_column_inner width=&#8221;1\/2&#8243; css=&#8221;.vc_custom_1415876422803{margin-bottom: 35px !important;}&#8221;][vc_column_text]<strong>Ofrecemos una amplia gama de opciones de almacenamiento que se adaptan a todas tus necesidades y presupuestos.<\/strong><\/p>\n<p>Disponemos de almacenamiento a corto o largo plazo durante todo el a\u00f1o en nuestra <a href=\"https:\/\/www.google.es\/maps\/place\/Nauti+Parts+Jet+Centre\/@39.5282399,2.5105093,17z\/data=!4m12!1m6!3m5!1s0x12978e9980b7b797:0xc4113de6c9bf0e9c!2sNauti+Parts!8m2!3d39.5332679!4d2.5671404!3m4!1s0x0:0xc4de77cc7a632f27!8m2!3d39.5284932!4d2.5068516\" target=\"_blank\" rel=\"noopener noreferrer\">unidad espec\u00edficamente adaptada<\/a> en el Pol\u00edgono de Son Bugadelles. As\u00ed que, tanto si necesitas un lugar s\u00f3lo para el invierno como mientras se terminan las obras en el barco principal, podemos ayudarte. Actualmente almacenamos una gran variedad de motos acu\u00e1ticas, motos de agua, costillas, embarcaciones auxiliares e incluso embarcaciones deportivas. Todos los almacenes son interiores, seguros y con buen acceso. La unidad est\u00e1 totalmente asegurada.    <\/p>\n<p>Normalmente se cobra y se paga mensualmente, pero pregunta por las promociones de prepago que puedan estar disponibles.[\/vc_column_text][\/vc_column_inner][vc_column_inner width=&#8221;1\/2&#8243; css=&#8221;.vc_custom_1415876435066{margin-bottom: 35px !important;}&#8221;][vc_column_text css=&#8221;.vc_custom_1492695244265{padding-right: 20px !important;}&#8221;]<strong>Recomendamos encarecidamente que todas las motos acu\u00e1ticas y motores fueraborda se preparen para el invierno al final de la temporada.<\/strong><\/p>\n<p>Ofrecemos este servicio antes de guardar tu moto acu\u00e1tica o motor fueraborda.<\/p>\n<p>Tambi\u00e9n podemos ofrecerte una revisi\u00f3n al final de la temporada, en la que te aconsejaremos sobre cualquier trabajo necesario para mantener el rendimiento de tu moto acu\u00e1tica o motor fueraborda.[\/vc_column_text][\/vc_column_inner][\/vc_row_inner][\/vc_column][\/vc_row][\/vc_section][vc_row css=&#8221;.vc_custom_1725712669308{padding-right: 40px !important;padding-left: 40px !important;background-color: #1ebbb0 !important;}&#8221; el_id=&#8221;seabob&#8221;][vc_column][vc_row_inner][vc_column_inner width=&#8221;1\/4&#8243;][\/vc_column_inner][vc_column_inner width=&#8221;1\/2&#8243;][vc_single_image image=&#8221;24225&#8243; img_size=&#8221;full&#8221; alignment=&#8221;center&#8221;][\/vc_column_inner][vc_column_inner width=&#8221;1\/4&#8243;][\/vc_column_inner][\/vc_row_inner][vc_row_inner type=&#8221;boxed&#8221;][vc_column_inner width=&#8221;1\/2&#8243;][vc_column_text]<\/p>\n<h3>Como distribuidor oficial y socio de servicio Seabob, podemos ofrecer un servicio de 24 y 48 horas en todas las reparaciones y revisiones Seabob.<\/h3>\n<hr>\n<p>En nuestro centro de servicio disponemos de un completo stock de piezas y equipos, lo que garantiza que si tu Seabob se aver\u00eda, podamos repararlo y devolverlo al agua, minimizando cualquier retraso o inconveniente para tu yate, propietarios e invitados.<\/p>\n<hr>\n<p><strong>Para m\u00e1s informaci\u00f3n, o para concertar una reparaci\u00f3n o servicio, ponte en contacto con nosotros hoy mismo: env\u00eda un correo electr\u00f3nico <a href=\"mailto:nautiparts@yahoo.com\">a nautiparts@yahoo.com<\/a> o llama al (+34) 971 677 730<\/strong>[\/vc_column_text][\/vc_column_inner][vc_column_inner width=&#8221;1\/2&#8243;][vc_column_text]<\/p>\n<h3>Nuestro servicio incluye:<\/h3>\n<hr>\n<p><strong>Servicio de entrega en 24 \/ 48 horas.  <\/strong><strong>Centro de recambios totalmente equipado<\/strong><\/p>\n<hr>\n<p><strong>Servicio de invierno 99\u20ac<\/strong><br \/>\nIncluye un servicio completo e invernaje<\/p>\n<hr>\n<p><strong>Almacenamiento de invierno 29\u20ac \/ Mes<\/strong><br \/>\nAlmacenamiento seguro y protegido con comprobaciones y cargas peri\u00f3dicas de tu Seabob, para que est\u00e9 listo para la pr\u00f3xima temporada.[\/vc_column_text][\/vc_column_inner][\/vc_row_inner][\/vc_column][\/vc_row][vc_row type=&#8221;boxed&#8221; css=&#8221;.vc_custom_1492695476123{border-bottom-width: 1px !important;padding-top: 6% !important;padding-bottom: 4% !important;background-position: center !important;background-repeat: no-repeat !important;background-size: cover !important;border-bottom-color: #dddddd !important;border-bottom-style: solid !important;}&#8221; background_style=&#8221;normal&#8221;][vc_column][vc_column_text css=&#8221;.vc_custom_1479828377370{margin-bottom: 20px !important;}&#8221;]<\/p>\n<h2 style=\"text-align: center;\"><strong>\u00bfQuieres saber m\u00e1s?<\/strong><\/h2>\n<p>[\/vc_column_text][vc_column_text]<\/p>\n<p style=\"text-align: center;\">Ponte en contacto con nosotros hoy mismo para obtener m\u00e1s informaci\u00f3n sobre cualquiera de nuestros productos o servicios.<\/p>\n<p>[\/vc_column_text][vc_btn title=&#8221;Ponte en contacto con nosotros&#8221; style=&#8221;flat&#8221; shape=&#8221;square&#8221; color=&#8221;black&#8221; size=&#8221;lg&#8221; align=&#8221;center&#8221; link=&#8221;url:https%3A%2F%2Fnauti-parts.com%2Fes%2Fponte-en-contacto-con%2F|&#8221;][vc_empty_space height=&#8221;30px&#8221;][\/vc_column][\/vc_row]<\/p>\n<\/div>","protected":false},"excerpt":{"rendered":"<p>[vc_row content_placement=&#8221;middle&#8221; height=&#8221;550&#8243; font_color=&#8221;#000000&#8243; css=&#8221;.vc_custom_1725712971996{background: #000000 url(https:\/\/nauti-parts.com\/wp-content\/uploads\/2017\/10\/rotax-engine.jpeg?id=2071) !important;background-position: center !important;background-repeat: no-repeat !important;background-size: cover !important;}&#8221; background_style=&#8221;parallax&#8221; el_class=&#8221;main&#8221;][vc_column css=&#8221;.vc_custom_1479830058137{padding-bottom: 50px !important;}&#8221;][vc_row_inner content_placement=&#8221;middle&#8221; font_color=&#8221;#ffffff&#8221; el_id=&#8221;intro&#8221; css=&#8221;.vc_custom_1725712966256{background-position: center !important;background-repeat: no-repeat !important;background-size: cover !important;}&#8221;][vc_column_inner width=&#8221;1\/6&#8243;][\/vc_column_inner][vc_column_inner el_class=&#8221;hide-mobile&#8221; width=&#8221;2\/3&#8243; css=&#8221;.vc_custom_1725717120303{margin-top: 80px !important;margin-bottom: 0px !important;}&#8221;][vc_column_text css=&#8221;.vc_custom_1693906939801{margin-top: 0px !important;border-top-width: 0px !important;padding-top: 0px !important;}&#8221;] Servicio Ofrecemos servicio completo para Sea-Doo, Seabobs, tablas E-foil y juguetes [&hellip;]<\/p>\n","protected":false},"author":1,"featured_media":0,"parent":0,"menu_order":0,"comment_status":"closed","ping_status":"closed","template":"page-full-width.php","meta":{"_acf_changed":false,"footnotes":""},"class_list":["post-24213","page","type-page","status-publish","hentry","repupress_customize_woocommerce_productom_class"],"acf":[],"yoast_head":"<!-- This site is optimized with the Yoast SEO plugin v27.5 - https:\/\/yoast.com\/product\/yoast-seo-wordpress\/ -->\n<title>Servicio y mantenimiento para Jet Ski y Seabob | Nauti Parts | Mallorca<\/title>\n<meta name=\"description\" content=\"Centro de servicio y almacenamiento totalmente equipado en Mallorca. Podemos proporcionar almacenamiento seguro, as\u00ed como ofrecer reparaciones y preparaci\u00f3n para el invierno.\" \/>\n<meta name=\"robots\" content=\"index, follow, max-snippet:-1, max-image-preview:large, max-video-preview:-1\" \/>\n<link rel=\"canonical\" href=\"https:\/\/nauti-parts.com\/es\/servicio\/\" \/>\n<meta property=\"og:locale\" content=\"es_ES\" \/>\n<meta property=\"og:type\" content=\"article\" \/>\n<meta property=\"og:title\" content=\"Servicio y mantenimiento para Jet Ski y Seabob | Nauti Parts | Mallorca\" \/>\n<meta property=\"og:description\" content=\"Centro de servicio y almacenamiento totalmente equipado en Mallorca. Podemos proporcionar almacenamiento seguro, as\u00ed como ofrecer reparaciones y preparaci\u00f3n para el invierno.\" \/>\n<meta property=\"og:url\" content=\"https:\/\/nauti-parts.com\/es\/servicio\/\" \/>\n<meta property=\"og:site_name\" content=\"Nauti Parts\" \/>\n<meta property=\"article:publisher\" content=\"https:\/\/www.facebook.com\/nautipartsspain\/\" \/>\n<meta property=\"article:modified_time\" content=\"2026-03-30T13:38:52+00:00\" \/>\n<meta property=\"og:image\" content=\"https:\/\/nauti-parts.com\/wp-content\/uploads\/2019\/05\/Sea-Doo-jetskis-mallorca.jpg\" \/>\n\t<meta property=\"og:image:width\" content=\"900\" \/>\n\t<meta property=\"og:image:height\" content=\"500\" \/>\n\t<meta property=\"og:image:type\" content=\"image\/jpeg\" \/>\n<meta name=\"twitter:card\" content=\"summary_large_image\" \/>\n<meta name=\"twitter:label1\" content=\"Tiempo de lectura\" \/>\n\t<meta name=\"twitter:data1\" content=\"5 minutos\" \/>\n<script type=\"application\/ld+json\" class=\"yoast-schema-graph\">{\"@context\":\"https:\\\/\\\/schema.org\",\"@graph\":[{\"@type\":\"WebPage\",\"@id\":\"https:\\\/\\\/nauti-parts.com\\\/es\\\/servicio\\\/\",\"url\":\"https:\\\/\\\/nauti-parts.com\\\/es\\\/servicio\\\/\",\"name\":\"Servicio y mantenimiento para Jet Ski y Seabob | Nauti Parts | Mallorca\",\"isPartOf\":{\"@id\":\"https:\\\/\\\/nauti-parts.com\\\/es\\\/#website\"},\"datePublished\":\"2015-09-23T10:58:15+00:00\",\"dateModified\":\"2026-03-30T13:38:52+00:00\",\"description\":\"Centro de servicio y almacenamiento totalmente equipado en Mallorca. Podemos proporcionar almacenamiento seguro, as\u00ed como ofrecer reparaciones y preparaci\u00f3n para el invierno.\",\"inLanguage\":\"es\",\"potentialAction\":[{\"@type\":\"ReadAction\",\"target\":[\"https:\\\/\\\/nauti-parts.com\\\/es\\\/servicio\\\/\"]}]},{\"@type\":\"WebSite\",\"@id\":\"https:\\\/\\\/nauti-parts.com\\\/es\\\/#website\",\"url\":\"https:\\\/\\\/nauti-parts.com\\\/es\\\/\",\"name\":\"Nauti Parts\",\"description\":\"Sea-Doo Jet Ski - Seabob Dealer and Rentals | Water Toys Mallorca\",\"publisher\":{\"@id\":\"https:\\\/\\\/nauti-parts.com\\\/es\\\/#organization\"},\"potentialAction\":[{\"@type\":\"SearchAction\",\"target\":{\"@type\":\"EntryPoint\",\"urlTemplate\":\"https:\\\/\\\/nauti-parts.com\\\/es\\\/?s={search_term_string}\"},\"query-input\":{\"@type\":\"PropertyValueSpecification\",\"valueRequired\":true,\"valueName\":\"search_term_string\"}}],\"inLanguage\":\"es\"},{\"@type\":\"Organization\",\"@id\":\"https:\\\/\\\/nauti-parts.com\\\/es\\\/#organization\",\"name\":\"Piezas Nauti\",\"url\":\"https:\\\/\\\/nauti-parts.com\\\/es\\\/\",\"logo\":{\"@type\":\"ImageObject\",\"inLanguage\":\"es\",\"@id\":\"https:\\\/\\\/nauti-parts.com\\\/es\\\/#\\\/schema\\\/logo\\\/image\\\/\",\"url\":\"https:\\\/\\\/nauti-parts.com\\\/wp-content\\\/uploads\\\/2023\\\/10\\\/np-logo-black.png\",\"contentUrl\":\"https:\\\/\\\/nauti-parts.com\\\/wp-content\\\/uploads\\\/2023\\\/10\\\/np-logo-black.png\",\"width\":253,\"height\":100,\"caption\":\"Piezas Nauti\"},\"image\":{\"@id\":\"https:\\\/\\\/nauti-parts.com\\\/es\\\/#\\\/schema\\\/logo\\\/image\\\/\"},\"sameAs\":[\"https:\\\/\\\/www.facebook.com\\\/nautipartsspain\\\/\",\"https:\\\/\\\/www.instagram.com\\\/nautiparts\\\/\"]}]}<\/script>\n<!-- \/ Yoast SEO plugin. -->","yoast_head_json":{"title":"Servicio y mantenimiento para Jet Ski y Seabob | Nauti Parts | Mallorca","description":"Centro de servicio y almacenamiento totalmente equipado en Mallorca. Podemos proporcionar almacenamiento seguro, as\u00ed como ofrecer reparaciones y preparaci\u00f3n para el invierno.","robots":{"index":"index","follow":"follow","max-snippet":"max-snippet:-1","max-image-preview":"max-image-preview:large","max-video-preview":"max-video-preview:-1"},"canonical":"https:\/\/nauti-parts.com\/es\/servicio\/","og_locale":"es_ES","og_type":"article","og_title":"Servicio y mantenimiento para Jet Ski y Seabob | Nauti Parts | Mallorca","og_description":"Centro de servicio y almacenamiento totalmente equipado en Mallorca. Podemos proporcionar almacenamiento seguro, as\u00ed como ofrecer reparaciones y preparaci\u00f3n para el invierno.","og_url":"https:\/\/nauti-parts.com\/es\/servicio\/","og_site_name":"Nauti Parts","article_publisher":"https:\/\/www.facebook.com\/nautipartsspain\/","article_modified_time":"2026-03-30T13:38:52+00:00","og_image":[{"width":900,"height":500,"url":"https:\/\/nauti-parts.com\/wp-content\/uploads\/2019\/05\/Sea-Doo-jetskis-mallorca.jpg","type":"image\/jpeg"}],"twitter_card":"summary_large_image","twitter_misc":{"Tiempo de lectura":"5 minutos"},"schema":{"@context":"https:\/\/schema.org","@graph":[{"@type":"WebPage","@id":"https:\/\/nauti-parts.com\/es\/servicio\/","url":"https:\/\/nauti-parts.com\/es\/servicio\/","name":"Servicio y mantenimiento para Jet Ski y Seabob | Nauti Parts | Mallorca","isPartOf":{"@id":"https:\/\/nauti-parts.com\/es\/#website"},"datePublished":"2015-09-23T10:58:15+00:00","dateModified":"2026-03-30T13:38:52+00:00","description":"Centro de servicio y almacenamiento totalmente equipado en Mallorca. Podemos proporcionar almacenamiento seguro, as\u00ed como ofrecer reparaciones y preparaci\u00f3n para el invierno.","inLanguage":"es","potentialAction":[{"@type":"ReadAction","target":["https:\/\/nauti-parts.com\/es\/servicio\/"]}]},{"@type":"WebSite","@id":"https:\/\/nauti-parts.com\/es\/#website","url":"https:\/\/nauti-parts.com\/es\/","name":"Nauti Parts","description":"Sea-Doo Jet Ski - Seabob Dealer and Rentals | Water Toys Mallorca","publisher":{"@id":"https:\/\/nauti-parts.com\/es\/#organization"},"potentialAction":[{"@type":"SearchAction","target":{"@type":"EntryPoint","urlTemplate":"https:\/\/nauti-parts.com\/es\/?s={search_term_string}"},"query-input":{"@type":"PropertyValueSpecification","valueRequired":true,"valueName":"search_term_string"}}],"inLanguage":"es"},{"@type":"Organization","@id":"https:\/\/nauti-parts.com\/es\/#organization","name":"Piezas Nauti","url":"https:\/\/nauti-parts.com\/es\/","logo":{"@type":"ImageObject","inLanguage":"es","@id":"https:\/\/nauti-parts.com\/es\/#\/schema\/logo\/image\/","url":"https:\/\/nauti-parts.com\/wp-content\/uploads\/2023\/10\/np-logo-black.png","contentUrl":"https:\/\/nauti-parts.com\/wp-content\/uploads\/2023\/10\/np-logo-black.png","width":253,"height":100,"caption":"Piezas Nauti"},"image":{"@id":"https:\/\/nauti-parts.com\/es\/#\/schema\/logo\/image\/"},"sameAs":["https:\/\/www.facebook.com\/nautipartsspain\/","https:\/\/www.instagram.com\/nautiparts\/"]}]}},"_links":{"self":[{"href":"https:\/\/nauti-parts.com\/es\/wp-json\/wp\/v2\/pages\/24213","targetHints":{"allow":["GET"]}}],"collection":[{"href":"https:\/\/nauti-parts.com\/es\/wp-json\/wp\/v2\/pages"}],"about":[{"href":"https:\/\/nauti-parts.com\/es\/wp-json\/wp\/v2\/types\/page"}],"author":[{"embeddable":true,"href":"https:\/\/nauti-parts.com\/es\/wp-json\/wp\/v2\/users\/1"}],"replies":[{"embeddable":true,"href":"https:\/\/nauti-parts.com\/es\/wp-json\/wp\/v2\/comments?post=24213"}],"version-history":[{"count":0,"href":"https:\/\/nauti-parts.com\/es\/wp-json\/wp\/v2\/pages\/24213\/revisions"}],"wp:attachment":[{"href":"https:\/\/nauti-parts.com\/es\/wp-json\/wp\/v2\/media?parent=24213"}],"curies":[{"name":"wp","href":"https:\/\/api.w.org\/{rel}","templated":true}]}}