{"id":24145,"date":"2016-06-22T15:40:56","date_gmt":"2016-06-22T15:40:56","guid":{"rendered":"https:\/\/nauti-parts.com\/alquileres\/"},"modified":"2026-03-30T13:38:30","modified_gmt":"2026-03-30T13:38:30","slug":"alquileres","status":"publish","type":"page","link":"https:\/\/nauti-parts.com\/es\/alquileres\/","title":{"rendered":"Alquileres"},"content":{"rendered":"<div class=\"wpb-content-wrapper\"><p>[vc_row][vc_column width=&#8221;1\/4&#8243;][\/vc_column][vc_column width=&#8221;1\/2&#8243;][vc_column_text]<\/p>\n<h3 style=\"text-align: center;\"><em>\u00a1Alquila los mejores juguetes acu\u00e1ticos este verano en Mallorca! Tenemos una amplia selecci\u00f3n de juguetes y equipos acu\u00e1ticos disponibles para alquilar, desde motos acu\u00e1ticas Sea-Doo hasta hinchables, esqu\u00eds acu\u00e1ticos, Seabob&#8217;s, Jet Pack&#8217;s \u00a1y mucho m\u00e1s! <\/em><\/h3>\n<p>[\/vc_column_text][\/vc_column][vc_column width=&#8221;1\/4&#8243;][\/vc_column][\/vc_row][vc_row full_width=&#8221;stretch_row&#8221;][vc_column][vc_empty_space]\n    \n\t\t<div class=\"portfolio-isotope-container default_grid items_per_row_3\">\n\n\t        \n\t        <div class=\"portfolio-isotope\">\n\n\t            <div class=\"portfolio-grid-sizer\"><\/div>\n\n\t                \n\t                    <div class=\"portfolio-box hidden   rentals \">\n\n\t                        <a href=\"https:\/\/nauti-parts.com\/es\/rental\/seabob-rentals\/\" class=\"portfolio-box-inner hover-effect-link\" style=\"background-color:#1ebbb0\">\n\n\t                            <div class=\"portfolio-content-wrapper hover-effect-content\">\n\n\t                                \t                                    <span class=\"portfolio-thumb hover-effect-thumb\" style=\"background-image: url(https:\/\/nauti-parts.com\/wp-content\/uploads\/2015\/09\/seabob-rentals-mallorca-1024x683.jpg)\"><\/span>\n\t                                \n\t                                <h2 class=\"portfolio-title hover-effect-title\">Seabob Rental<\/h2>\n\n\t                                <p class=\"portfolio-categories hover-effect-text\">Rentals<\/p>\n\n\t                            <\/div>\n\n\t                        <\/a>\n\n\t                    <\/div>\n\n\t                \n\t                    <div class=\"portfolio-box hidden   rentals \">\n\n\t                        <a href=\"https:\/\/nauti-parts.com\/es\/rental\/jet-skis\/\" class=\"portfolio-box-inner hover-effect-link\" style=\"background-color:#1ebbb0\">\n\n\t                            <div class=\"portfolio-content-wrapper hover-effect-content\">\n\n\t                                \t                                    <span class=\"portfolio-thumb hover-effect-thumb\" style=\"background-image: url(https:\/\/nauti-parts.com\/wp-content\/uploads\/2015\/09\/Sea-Doo-jet-skis-1024x683.jpg)\"><\/span>\n\t                                \n\t                                <h2 class=\"portfolio-title hover-effect-title\">Jet Ski Rentals<\/h2>\n\n\t                                <p class=\"portfolio-categories hover-effect-text\">Rentals<\/p>\n\n\t                            <\/div>\n\n\t                        <\/a>\n\n\t                    <\/div>\n\n\t                \n\t                    <div class=\"portfolio-box hidden   rentals \">\n\n\t                        <a href=\"https:\/\/nauti-parts.com\/es\/rental\/skis-boards\/\" class=\"portfolio-box-inner hover-effect-link\" style=\"background-color:#1ebbb0\">\n\n\t                            <div class=\"portfolio-content-wrapper hover-effect-content\">\n\n\t                                \t                                    <span class=\"portfolio-thumb hover-effect-thumb\" style=\"background-image: url(https:\/\/nauti-parts.com\/wp-content\/uploads\/2016\/06\/jobe-2016-aero-sup-10-0-alt1-zoom-1024x1024.jpg)\"><\/span>\n\t                                \n\t                                <h2 class=\"portfolio-title hover-effect-title\">Boards &#038; Ski&#8217;s<\/h2>\n\n\t                                <p class=\"portfolio-categories hover-effect-text\">Rentals<\/p>\n\n\t                            <\/div>\n\n\t                        <\/a>\n\n\t                    <\/div>\n\n\t                \n\t        <\/div><!--portfolio-isotope-->\n\n\t    <\/div><!--portfolio-isotope-container-->\n\n\t[\/vc_column][\/vc_row][vc_row css=&#8221;.vc_custom_1715339954579{margin-top: 30px !important;margin-bottom: 30px !important;}&#8221;][vc_column width=&#8221;1\/6&#8243;][\/vc_column][vc_column width=&#8221;2\/3&#8243; css=&#8221;.vc_custom_1717770502510{background-color: #ffffff !important;}&#8221; el_id=&#8221;island&#8221;][vc_row_inner content_placement=&#8221;middle&#8221;][vc_column_inner width=&#8221;1\/2&#8243; css=&#8221;.vc_custom_1717770405770{padding-top: 170px !important;padding-bottom: 170px !important;background-image: url(https:\/\/nauti-parts.com\/wp-content\/uploads\/2024\/06\/infinity-island-yacht-platform.jpeg?id=18318) !important;background-position: center !important;background-repeat: no-repeat !important;background-size: cover !important;}&#8221; el_id=&#8221;island-image&#8221;][\/vc_column_inner][vc_column_inner width=&#8221;1\/2&#8243; css=&#8221;.vc_custom_1717770493038{background-color: #ffffff !important;}&#8221;][vc_column_text css=&#8221;.vc_custom_1717772967504{margin-bottom: 20px !important;padding-top: 35px !important;padding-right: 50px !important;padding-left: 50px !important;}&#8221;]<\/p>\n<h2 style=\"text-align: center;\"><span style=\"color: #1ebbb0;\">PLATAFORMA FLOTANTE JOBE INFINITY ISLAND DE ALQUILER<\/span><\/h2>\n<p style=\"text-align: center;\"><span style=\"color: #1ebbb0;\">\u00a1Novedad para tu yate! Si quieres ampliar tu yate pero no quieres guardar la plataforma a bordo, puedes alquilar nuestra Isla Infinity &#8211; <strong><a href=\"https:\/\/nauti-parts.com\/contact\/\">contacta con nosotros para m\u00e1s informaci\u00f3n<\/a><\/strong> <\/span><\/p>\n<p style=\"text-align: center;\"><span style=\"color: #1ebbb0;\"><strong>Perfecto para eventos y fiestas<\/strong><\/span><\/p>\n<p>[\/vc_column_text][vc_btn title=&#8221;PRECIOS POR CORREO ELECTR\u00d3NICO&#8221; style=&#8221;flat&#8221; shape=&#8221;round&#8221; color=&#8221;info&#8221; size=&#8221;lg&#8221; align=&#8221;center&#8221; css=&#8221;&#8221; link=&#8221;url:mailto%3Anautiparts%40yahoo.com|title:Jet%20Ski%20Guided%20Tours|&#8221;][\/vc_column_inner][\/vc_row_inner][\/vc_column][vc_column width=&#8221;1\/6&#8243;][\/vc_column][\/vc_row][vc_row css=&#8221;.vc_custom_1415882190006{border-bottom-width: 1px !important;padding-top: 6% !important;padding-bottom: 4% !important;background-position: center !important;background-repeat: no-repeat !important;background-size: cover !important;border-bottom-color: #dddddd !important;border-bottom-style: solid !important;}&#8221; background_style=&#8221;normal&#8221;][vc_column width=&#8221;1\/4&#8243;][\/vc_column][vc_column width=&#8221;1\/2&#8243;][vc_column_text css=&#8221;.vc_custom_1479828377370{margin-bottom: 20px !important;}&#8221;]<\/p>\n<h2 style=\"text-align: center;\"><strong>\u00bfQuieres saber m\u00e1s?<\/strong><\/h2>\n<p>[\/vc_column_text][vc_column_text]<\/p>\n<p style=\"text-align: center;\">Si necesitas m\u00e1s informaci\u00f3n o buscas un art\u00edculo concreto para alquilar, ponte en contacto con nosotros hoy mismo para obtener m\u00e1s informaci\u00f3n sobre cualquiera de nuestros productos o servicios, \u00a1y estaremos encantados de ayudarte!<\/p>\n<p>[\/vc_column_text][vc_btn title=&#8221;Ponte en contacto con nosotros&#8221; style=&#8221;flat&#8221; shape=&#8221;square&#8221; color=&#8221;black&#8221; size=&#8221;lg&#8221; align=&#8221;center&#8221; css=&#8221;&#8221; link=&#8221;url:https%3A%2F%2Fnauti-parts.com%2Fcontact%2F|title:Contact|&#8221;][vc_empty_space height=&#8221;30px&#8221;][\/vc_column][vc_column width=&#8221;1\/4&#8243;][\/vc_column][\/vc_row]<\/p>\n<\/div>","protected":false},"excerpt":{"rendered":"<p>[vc_row][vc_column width=&#8221;1\/4&#8243;][\/vc_column][vc_column width=&#8221;1\/2&#8243;][vc_column_text] \u00a1Alquila los mejores juguetes acu\u00e1ticos este verano en Mallorca! Tenemos una amplia selecci\u00f3n de juguetes y equipos acu\u00e1ticos disponibles para alquilar, desde motos acu\u00e1ticas Sea-Doo hasta hinchables, esqu\u00eds acu\u00e1ticos, Seabob&#8217;s, Jet Pack&#8217;s \u00a1y mucho m\u00e1s! [\/vc_column_text][\/vc_column][vc_column width=&#8221;1\/4&#8243;][\/vc_column][\/vc_row][vc_row full_width=&#8221;stretch_row&#8221;][vc_column][vc_empty_space][\/vc_column][\/vc_row][vc_row css=&#8221;.vc_custom_1715339954579{margin-top: 30px !important;margin-bottom: 30px !important;}&#8221;][vc_column width=&#8221;1\/6&#8243;][\/vc_column][vc_column width=&#8221;2\/3&#8243; css=&#8221;.vc_custom_1717770502510{background-color: #ffffff !important;}&#8221; el_id=&#8221;island&#8221;][vc_row_inner content_placement=&#8221;middle&#8221;][vc_column_inner width=&#8221;1\/2&#8243; css=&#8221;.vc_custom_1717770405770{padding-top: [&hellip;]<\/p>\n","protected":false},"author":1,"featured_media":0,"parent":0,"menu_order":0,"comment_status":"closed","ping_status":"closed","template":"page-full-width.php","meta":{"_acf_changed":false,"footnotes":""},"class_list":["post-24145","page","type-page","status-publish","hentry","repupress_customize_woocommerce_productom_class"],"acf":[],"yoast_head":"<!-- This site is optimized with the Yoast SEO plugin v27.5 - https:\/\/yoast.com\/product\/yoast-seo-wordpress\/ -->\n<title>Jet Ski, Seabob, Hinchables en alquiler Mallorca | Nauti Parts<\/title>\n<meta name=\"description\" content=\"Alquila una moto de agua en Mallorca, tenemos una amplia gama de Seabobs, motos de agua, hinchables, esqu\u00eds y tablas para alquilar - tambi\u00e9n ofrecemos cursos de formaci\u00f3n y licencias\" \/>\n<meta name=\"robots\" content=\"index, follow, max-snippet:-1, max-image-preview:large, max-video-preview:-1\" \/>\n<link rel=\"canonical\" href=\"https:\/\/nauti-parts.com\/es\/alquileres\/\" \/>\n<meta property=\"og:locale\" content=\"es_ES\" \/>\n<meta property=\"og:type\" content=\"article\" \/>\n<meta property=\"og:title\" content=\"Jet Ski, Seabob, Hinchables en alquiler Mallorca | Nauti Parts\" \/>\n<meta property=\"og:description\" content=\"Alquila una moto de agua en Mallorca, tenemos una amplia gama de Seabobs, motos de agua, hinchables, esqu\u00eds y tablas para alquilar - tambi\u00e9n ofrecemos cursos de formaci\u00f3n y licencias\" \/>\n<meta property=\"og:url\" content=\"https:\/\/nauti-parts.com\/es\/alquileres\/\" \/>\n<meta property=\"og:site_name\" content=\"Nauti Parts\" \/>\n<meta property=\"article:publisher\" content=\"https:\/\/www.facebook.com\/nautipartsspain\/\" \/>\n<meta property=\"article:modified_time\" content=\"2026-03-30T13:38:30+00:00\" \/>\n<meta property=\"og:image\" content=\"https:\/\/nauti-parts.com\/wp-content\/uploads\/2019\/05\/Sea-Doo-jetskis-mallorca.jpg\" \/>\n\t<meta property=\"og:image:width\" content=\"900\" \/>\n\t<meta property=\"og:image:height\" content=\"500\" \/>\n\t<meta property=\"og:image:type\" content=\"image\/jpeg\" \/>\n<meta name=\"twitter:card\" content=\"summary_large_image\" \/>\n<meta name=\"twitter:label1\" content=\"Tiempo de lectura\" \/>\n\t<meta name=\"twitter:data1\" content=\"2 minutos\" \/>\n<script type=\"application\/ld+json\" class=\"yoast-schema-graph\">{\"@context\":\"https:\\\/\\\/schema.org\",\"@graph\":[{\"@type\":\"WebPage\",\"@id\":\"https:\\\/\\\/nauti-parts.com\\\/es\\\/alquileres\\\/\",\"url\":\"https:\\\/\\\/nauti-parts.com\\\/es\\\/alquileres\\\/\",\"name\":\"Jet Ski, Seabob, Hinchables en alquiler Mallorca | Nauti Parts\",\"isPartOf\":{\"@id\":\"https:\\\/\\\/nauti-parts.com\\\/es\\\/#website\"},\"datePublished\":\"2016-06-22T15:40:56+00:00\",\"dateModified\":\"2026-03-30T13:38:30+00:00\",\"description\":\"Alquila una moto de agua en Mallorca, tenemos una amplia gama de Seabobs, motos de agua, hinchables, esqu\u00eds y tablas para alquilar - tambi\u00e9n ofrecemos cursos de formaci\u00f3n y licencias\",\"inLanguage\":\"es\",\"potentialAction\":[{\"@type\":\"ReadAction\",\"target\":[\"https:\\\/\\\/nauti-parts.com\\\/es\\\/alquileres\\\/\"]}]},{\"@type\":\"WebSite\",\"@id\":\"https:\\\/\\\/nauti-parts.com\\\/es\\\/#website\",\"url\":\"https:\\\/\\\/nauti-parts.com\\\/es\\\/\",\"name\":\"Nauti Parts\",\"description\":\"Sea-Doo Jet Ski - Seabob Dealer and Rentals | Water Toys Mallorca\",\"publisher\":{\"@id\":\"https:\\\/\\\/nauti-parts.com\\\/es\\\/#organization\"},\"potentialAction\":[{\"@type\":\"SearchAction\",\"target\":{\"@type\":\"EntryPoint\",\"urlTemplate\":\"https:\\\/\\\/nauti-parts.com\\\/es\\\/?s={search_term_string}\"},\"query-input\":{\"@type\":\"PropertyValueSpecification\",\"valueRequired\":true,\"valueName\":\"search_term_string\"}}],\"inLanguage\":\"es\"},{\"@type\":\"Organization\",\"@id\":\"https:\\\/\\\/nauti-parts.com\\\/es\\\/#organization\",\"name\":\"Piezas Nauti\",\"url\":\"https:\\\/\\\/nauti-parts.com\\\/es\\\/\",\"logo\":{\"@type\":\"ImageObject\",\"inLanguage\":\"es\",\"@id\":\"https:\\\/\\\/nauti-parts.com\\\/es\\\/#\\\/schema\\\/logo\\\/image\\\/\",\"url\":\"https:\\\/\\\/nauti-parts.com\\\/wp-content\\\/uploads\\\/2023\\\/10\\\/np-logo-black.png\",\"contentUrl\":\"https:\\\/\\\/nauti-parts.com\\\/wp-content\\\/uploads\\\/2023\\\/10\\\/np-logo-black.png\",\"width\":253,\"height\":100,\"caption\":\"Piezas Nauti\"},\"image\":{\"@id\":\"https:\\\/\\\/nauti-parts.com\\\/es\\\/#\\\/schema\\\/logo\\\/image\\\/\"},\"sameAs\":[\"https:\\\/\\\/www.facebook.com\\\/nautipartsspain\\\/\",\"https:\\\/\\\/www.instagram.com\\\/nautiparts\\\/\"]}]}<\/script>\n<!-- \/ Yoast SEO plugin. -->","yoast_head_json":{"title":"Jet Ski, Seabob, Hinchables en alquiler Mallorca | Nauti Parts","description":"Alquila una moto de agua en Mallorca, tenemos una amplia gama de Seabobs, motos de agua, hinchables, esqu\u00eds y tablas para alquilar - tambi\u00e9n ofrecemos cursos de formaci\u00f3n y licencias","robots":{"index":"index","follow":"follow","max-snippet":"max-snippet:-1","max-image-preview":"max-image-preview:large","max-video-preview":"max-video-preview:-1"},"canonical":"https:\/\/nauti-parts.com\/es\/alquileres\/","og_locale":"es_ES","og_type":"article","og_title":"Jet Ski, Seabob, Hinchables en alquiler Mallorca | Nauti Parts","og_description":"Alquila una moto de agua en Mallorca, tenemos una amplia gama de Seabobs, motos de agua, hinchables, esqu\u00eds y tablas para alquilar - tambi\u00e9n ofrecemos cursos de formaci\u00f3n y licencias","og_url":"https:\/\/nauti-parts.com\/es\/alquileres\/","og_site_name":"Nauti Parts","article_publisher":"https:\/\/www.facebook.com\/nautipartsspain\/","article_modified_time":"2026-03-30T13:38:30+00:00","og_image":[{"width":900,"height":500,"url":"https:\/\/nauti-parts.com\/wp-content\/uploads\/2019\/05\/Sea-Doo-jetskis-mallorca.jpg","type":"image\/jpeg"}],"twitter_card":"summary_large_image","twitter_misc":{"Tiempo de lectura":"2 minutos"},"schema":{"@context":"https:\/\/schema.org","@graph":[{"@type":"WebPage","@id":"https:\/\/nauti-parts.com\/es\/alquileres\/","url":"https:\/\/nauti-parts.com\/es\/alquileres\/","name":"Jet Ski, Seabob, Hinchables en alquiler Mallorca | Nauti Parts","isPartOf":{"@id":"https:\/\/nauti-parts.com\/es\/#website"},"datePublished":"2016-06-22T15:40:56+00:00","dateModified":"2026-03-30T13:38:30+00:00","description":"Alquila una moto de agua en Mallorca, tenemos una amplia gama de Seabobs, motos de agua, hinchables, esqu\u00eds y tablas para alquilar - tambi\u00e9n ofrecemos cursos de formaci\u00f3n y licencias","inLanguage":"es","potentialAction":[{"@type":"ReadAction","target":["https:\/\/nauti-parts.com\/es\/alquileres\/"]}]},{"@type":"WebSite","@id":"https:\/\/nauti-parts.com\/es\/#website","url":"https:\/\/nauti-parts.com\/es\/","name":"Nauti Parts","description":"Sea-Doo Jet Ski - Seabob Dealer and Rentals | Water Toys Mallorca","publisher":{"@id":"https:\/\/nauti-parts.com\/es\/#organization"},"potentialAction":[{"@type":"SearchAction","target":{"@type":"EntryPoint","urlTemplate":"https:\/\/nauti-parts.com\/es\/?s={search_term_string}"},"query-input":{"@type":"PropertyValueSpecification","valueRequired":true,"valueName":"search_term_string"}}],"inLanguage":"es"},{"@type":"Organization","@id":"https:\/\/nauti-parts.com\/es\/#organization","name":"Piezas Nauti","url":"https:\/\/nauti-parts.com\/es\/","logo":{"@type":"ImageObject","inLanguage":"es","@id":"https:\/\/nauti-parts.com\/es\/#\/schema\/logo\/image\/","url":"https:\/\/nauti-parts.com\/wp-content\/uploads\/2023\/10\/np-logo-black.png","contentUrl":"https:\/\/nauti-parts.com\/wp-content\/uploads\/2023\/10\/np-logo-black.png","width":253,"height":100,"caption":"Piezas Nauti"},"image":{"@id":"https:\/\/nauti-parts.com\/es\/#\/schema\/logo\/image\/"},"sameAs":["https:\/\/www.facebook.com\/nautipartsspain\/","https:\/\/www.instagram.com\/nautiparts\/"]}]}},"_links":{"self":[{"href":"https:\/\/nauti-parts.com\/es\/wp-json\/wp\/v2\/pages\/24145","targetHints":{"allow":["GET"]}}],"collection":[{"href":"https:\/\/nauti-parts.com\/es\/wp-json\/wp\/v2\/pages"}],"about":[{"href":"https:\/\/nauti-parts.com\/es\/wp-json\/wp\/v2\/types\/page"}],"author":[{"embeddable":true,"href":"https:\/\/nauti-parts.com\/es\/wp-json\/wp\/v2\/users\/1"}],"replies":[{"embeddable":true,"href":"https:\/\/nauti-parts.com\/es\/wp-json\/wp\/v2\/comments?post=24145"}],"version-history":[{"count":0,"href":"https:\/\/nauti-parts.com\/es\/wp-json\/wp\/v2\/pages\/24145\/revisions"}],"wp:attachment":[{"href":"https:\/\/nauti-parts.com\/es\/wp-json\/wp\/v2\/media?parent=24145"}],"curies":[{"name":"wp","href":"https:\/\/api.w.org\/{rel}","templated":true}]}}