{"id":24114,"date":"2018-10-19T08:21:53","date_gmt":"2018-10-19T08:21:53","guid":{"rendered":"https:\/\/nauti-parts.com\/recambios-sea-doo\/"},"modified":"2026-03-30T13:38:39","modified_gmt":"2026-03-30T13:38:39","slug":"recambios-sea-doo","status":"publish","type":"page","link":"https:\/\/nauti-parts.com\/es\/servicio\/recambios-sea-doo\/","title":{"rendered":"Recambios Sea-Doo"},"content":{"rendered":"<div class=\"wpb-content-wrapper\"><p>[vc_section][vc_row][vc_column width=&#8221;1\/4&#8243;][\/vc_column][vc_column width=&#8221;1\/2&#8243; css=&#8221;.vc_custom_1539937951382{margin-top: 30px !important;}&#8221;][vc_column_text]<\/p>\n<h3 style=\"text-align: center;\">Pide tus recambios para motos acu\u00e1ticas Sea-Doo online con Nauti Parts<\/h3>\n<p style=\"text-align: center;\">Para que te resulte m\u00e1s f\u00e1cil conseguir las piezas que necesitas para tu Sea-Doo, podemos permitirte pedir online las piezas que necesites. S\u00f3lo tienes que hacer clic en el enlace que aparece a continuaci\u00f3n y seguir las instrucciones proporcionadas, seleccionando el a\u00f1o de tu moto, el modelo de moto acu\u00e1tica y, a continuaci\u00f3n, las piezas que puedas necesitar. Para hacer el pedido, s\u00f3lo tienes que hacer clic en el icono del carrito de la compra que aparece junto al nombre de la pieza. Una vez que hayas terminado, en la parte superior derecha de la pantalla tienes la opci\u00f3n de ver tu &#8220;lista de selecci\u00f3n&#8221; y, a continuaci\u00f3n, elegir la opci\u00f3n de impresi\u00f3n y cambiar el destino a &#8220;Guardar como pdf&#8221;.   <\/p>\n<p style=\"text-align: center;\"><strong>Entonces env\u00edanos el pdf por correo electr\u00f3nico a <a href=\"mailto:nautiparts@yahoo.com\">nautiparts@yahoo.com<\/a> y estaremos encantados de organizar el pedido por ti.<\/strong><\/p>\n<p>[\/vc_column_text][vc_btn title=&#8221;Pide tus piezas Sea-Doo&#8221; style=&#8221;flat&#8221; shape=&#8221;square&#8221; color=&#8221;info&#8221; size=&#8221;lg&#8221; align=&#8221;center&#8221; link=&#8221;url:http%3A%2F%2Fepc.brp.com%2FIndex.aspx%3Flang%3DE%26s1%3Dacd9ab06-4691-427e-a43d-0483cea535bc|target:%20_blank|&#8221; el_id=&#8221;seebtn&#8221;][\/vc_column][vc_column width=&#8221;1\/4&#8243;][\/vc_column][\/vc_row][\/vc_section]<\/p>\n<\/div>","protected":false},"excerpt":{"rendered":"<p>[vc_section][vc_row][vc_column width=&#8221;1\/4&#8243;][\/vc_column][vc_column width=&#8221;1\/2&#8243; css=&#8221;.vc_custom_1539937951382{margin-top: 30px !important;}&#8221;][vc_column_text] Pide tus recambios para motos acu\u00e1ticas Sea-Doo online con Nauti Parts Para que te resulte m\u00e1s f\u00e1cil conseguir las piezas que necesitas para tu Sea-Doo, podemos permitirte pedir online las piezas que necesites. S\u00f3lo tienes que hacer clic en el enlace que aparece a continuaci\u00f3n y seguir las instrucciones [&hellip;]<\/p>\n","protected":false},"author":1,"featured_media":24116,"parent":24213,"menu_order":0,"comment_status":"closed","ping_status":"closed","template":"","meta":{"_acf_changed":false,"footnotes":""},"class_list":["post-24114","page","type-page","status-publish","has-post-thumbnail","hentry","repupress_customize_woocommerce_productom_class"],"acf":[],"yoast_head":"<!-- This site is optimized with the Yoast SEO plugin v27.5 - https:\/\/yoast.com\/product\/yoast-seo-wordpress\/ -->\n<title>Recambios Sea-Doo | Nauti Parts<\/title>\n<meta name=\"robots\" content=\"index, follow, max-snippet:-1, max-image-preview:large, max-video-preview:-1\" \/>\n<link rel=\"canonical\" href=\"https:\/\/nauti-parts.com\/es\/servicio\/recambios-sea-doo\/\" \/>\n<meta property=\"og:locale\" content=\"es_ES\" \/>\n<meta property=\"og:type\" content=\"article\" \/>\n<meta property=\"og:title\" content=\"Recambios Sea-Doo | Nauti Parts\" \/>\n<meta property=\"og:description\" content=\"[vc_section][vc_row][vc_column width=&#8221;1\/4&#8243;][\/vc_column][vc_column width=&#8221;1\/2&#8243; css=&#8221;.vc_custom_1539937951382{margin-top: 30px !important;}&#8221;][vc_column_text] Pide tus recambios para motos acu\u00e1ticas Sea-Doo online con Nauti Parts Para que te resulte m\u00e1s f\u00e1cil conseguir las piezas que necesitas para tu Sea-Doo, podemos permitirte pedir online las piezas que necesites. S\u00f3lo tienes que hacer clic en el enlace que aparece a continuaci\u00f3n y seguir las instrucciones [&hellip;]\" \/>\n<meta property=\"og:url\" content=\"https:\/\/nauti-parts.com\/es\/servicio\/recambios-sea-doo\/\" \/>\n<meta property=\"og:site_name\" content=\"Nauti Parts\" \/>\n<meta property=\"article:publisher\" content=\"https:\/\/www.facebook.com\/nautipartsspain\/\" \/>\n<meta property=\"article:modified_time\" content=\"2026-03-30T13:38:39+00:00\" \/>\n<meta property=\"og:image\" content=\"https:\/\/nauti-parts.com\/wp-content\/uploads\/2018\/10\/Sea-Doo-parts.jpg\" \/>\n\t<meta property=\"og:image:width\" content=\"2560\" \/>\n\t<meta property=\"og:image:height\" content=\"1708\" \/>\n\t<meta property=\"og:image:type\" content=\"image\/jpeg\" \/>\n<meta name=\"twitter:card\" content=\"summary_large_image\" \/>\n<meta name=\"twitter:label1\" content=\"Tiempo de lectura\" \/>\n\t<meta name=\"twitter:data1\" content=\"1 minuto\" \/>\n<script type=\"application\/ld+json\" class=\"yoast-schema-graph\">{\"@context\":\"https:\\\/\\\/schema.org\",\"@graph\":[{\"@type\":\"WebPage\",\"@id\":\"https:\\\/\\\/nauti-parts.com\\\/es\\\/servicio\\\/recambios-sea-doo\\\/\",\"url\":\"https:\\\/\\\/nauti-parts.com\\\/es\\\/servicio\\\/recambios-sea-doo\\\/\",\"name\":\"Recambios Sea-Doo | Nauti Parts\",\"isPartOf\":{\"@id\":\"https:\\\/\\\/nauti-parts.com\\\/es\\\/#website\"},\"primaryImageOfPage\":{\"@id\":\"https:\\\/\\\/nauti-parts.com\\\/es\\\/servicio\\\/recambios-sea-doo\\\/#primaryimage\"},\"image\":{\"@id\":\"https:\\\/\\\/nauti-parts.com\\\/es\\\/servicio\\\/recambios-sea-doo\\\/#primaryimage\"},\"thumbnailUrl\":\"https:\\\/\\\/nauti-parts.com\\\/wp-content\\\/uploads\\\/2018\\\/10\\\/Sea-Doo-parts.jpg\",\"datePublished\":\"2018-10-19T08:21:53+00:00\",\"dateModified\":\"2026-03-30T13:38:39+00:00\",\"breadcrumb\":{\"@id\":\"https:\\\/\\\/nauti-parts.com\\\/es\\\/servicio\\\/recambios-sea-doo\\\/#breadcrumb\"},\"inLanguage\":\"es\",\"potentialAction\":[{\"@type\":\"ReadAction\",\"target\":[\"https:\\\/\\\/nauti-parts.com\\\/es\\\/servicio\\\/recambios-sea-doo\\\/\"]}]},{\"@type\":\"ImageObject\",\"inLanguage\":\"es\",\"@id\":\"https:\\\/\\\/nauti-parts.com\\\/es\\\/servicio\\\/recambios-sea-doo\\\/#primaryimage\",\"url\":\"https:\\\/\\\/nauti-parts.com\\\/wp-content\\\/uploads\\\/2018\\\/10\\\/Sea-Doo-parts.jpg\",\"contentUrl\":\"https:\\\/\\\/nauti-parts.com\\\/wp-content\\\/uploads\\\/2018\\\/10\\\/Sea-Doo-parts.jpg\",\"width\":2560,\"height\":1708,\"caption\":\"Recambios motos acu\u00e1ticas Sea-Doo Mallorca\"},{\"@type\":\"BreadcrumbList\",\"@id\":\"https:\\\/\\\/nauti-parts.com\\\/es\\\/servicio\\\/recambios-sea-doo\\\/#breadcrumb\",\"itemListElement\":[{\"@type\":\"ListItem\",\"position\":1,\"name\":\"Servicio\",\"item\":\"https:\\\/\\\/nauti-parts.com\\\/es\\\/servicio\\\/\"},{\"@type\":\"ListItem\",\"position\":2,\"name\":\"Recambios Sea-Doo\"}]},{\"@type\":\"WebSite\",\"@id\":\"https:\\\/\\\/nauti-parts.com\\\/es\\\/#website\",\"url\":\"https:\\\/\\\/nauti-parts.com\\\/es\\\/\",\"name\":\"Nauti Parts\",\"description\":\"Sea-Doo Jet Ski - Seabob Dealer and Rentals | Water Toys Mallorca\",\"publisher\":{\"@id\":\"https:\\\/\\\/nauti-parts.com\\\/es\\\/#organization\"},\"potentialAction\":[{\"@type\":\"SearchAction\",\"target\":{\"@type\":\"EntryPoint\",\"urlTemplate\":\"https:\\\/\\\/nauti-parts.com\\\/es\\\/?s={search_term_string}\"},\"query-input\":{\"@type\":\"PropertyValueSpecification\",\"valueRequired\":true,\"valueName\":\"search_term_string\"}}],\"inLanguage\":\"es\"},{\"@type\":\"Organization\",\"@id\":\"https:\\\/\\\/nauti-parts.com\\\/es\\\/#organization\",\"name\":\"Piezas Nauti\",\"url\":\"https:\\\/\\\/nauti-parts.com\\\/es\\\/\",\"logo\":{\"@type\":\"ImageObject\",\"inLanguage\":\"es\",\"@id\":\"https:\\\/\\\/nauti-parts.com\\\/es\\\/#\\\/schema\\\/logo\\\/image\\\/\",\"url\":\"https:\\\/\\\/nauti-parts.com\\\/wp-content\\\/uploads\\\/2023\\\/10\\\/np-logo-black.png\",\"contentUrl\":\"https:\\\/\\\/nauti-parts.com\\\/wp-content\\\/uploads\\\/2023\\\/10\\\/np-logo-black.png\",\"width\":253,\"height\":100,\"caption\":\"Piezas Nauti\"},\"image\":{\"@id\":\"https:\\\/\\\/nauti-parts.com\\\/es\\\/#\\\/schema\\\/logo\\\/image\\\/\"},\"sameAs\":[\"https:\\\/\\\/www.facebook.com\\\/nautipartsspain\\\/\",\"https:\\\/\\\/www.instagram.com\\\/nautiparts\\\/\"]}]}<\/script>\n<!-- \/ Yoast SEO plugin. -->","yoast_head_json":{"title":"Recambios Sea-Doo | Nauti Parts","robots":{"index":"index","follow":"follow","max-snippet":"max-snippet:-1","max-image-preview":"max-image-preview:large","max-video-preview":"max-video-preview:-1"},"canonical":"https:\/\/nauti-parts.com\/es\/servicio\/recambios-sea-doo\/","og_locale":"es_ES","og_type":"article","og_title":"Recambios Sea-Doo | Nauti Parts","og_description":"[vc_section][vc_row][vc_column width=&#8221;1\/4&#8243;][\/vc_column][vc_column width=&#8221;1\/2&#8243; css=&#8221;.vc_custom_1539937951382{margin-top: 30px !important;}&#8221;][vc_column_text] Pide tus recambios para motos acu\u00e1ticas Sea-Doo online con Nauti Parts Para que te resulte m\u00e1s f\u00e1cil conseguir las piezas que necesitas para tu Sea-Doo, podemos permitirte pedir online las piezas que necesites. S\u00f3lo tienes que hacer clic en el enlace que aparece a continuaci\u00f3n y seguir las instrucciones [&hellip;]","og_url":"https:\/\/nauti-parts.com\/es\/servicio\/recambios-sea-doo\/","og_site_name":"Nauti Parts","article_publisher":"https:\/\/www.facebook.com\/nautipartsspain\/","article_modified_time":"2026-03-30T13:38:39+00:00","og_image":[{"width":2560,"height":1708,"url":"https:\/\/nauti-parts.com\/wp-content\/uploads\/2018\/10\/Sea-Doo-parts.jpg","type":"image\/jpeg"}],"twitter_card":"summary_large_image","twitter_misc":{"Tiempo de lectura":"1 minuto"},"schema":{"@context":"https:\/\/schema.org","@graph":[{"@type":"WebPage","@id":"https:\/\/nauti-parts.com\/es\/servicio\/recambios-sea-doo\/","url":"https:\/\/nauti-parts.com\/es\/servicio\/recambios-sea-doo\/","name":"Recambios Sea-Doo | Nauti Parts","isPartOf":{"@id":"https:\/\/nauti-parts.com\/es\/#website"},"primaryImageOfPage":{"@id":"https:\/\/nauti-parts.com\/es\/servicio\/recambios-sea-doo\/#primaryimage"},"image":{"@id":"https:\/\/nauti-parts.com\/es\/servicio\/recambios-sea-doo\/#primaryimage"},"thumbnailUrl":"https:\/\/nauti-parts.com\/wp-content\/uploads\/2018\/10\/Sea-Doo-parts.jpg","datePublished":"2018-10-19T08:21:53+00:00","dateModified":"2026-03-30T13:38:39+00:00","breadcrumb":{"@id":"https:\/\/nauti-parts.com\/es\/servicio\/recambios-sea-doo\/#breadcrumb"},"inLanguage":"es","potentialAction":[{"@type":"ReadAction","target":["https:\/\/nauti-parts.com\/es\/servicio\/recambios-sea-doo\/"]}]},{"@type":"ImageObject","inLanguage":"es","@id":"https:\/\/nauti-parts.com\/es\/servicio\/recambios-sea-doo\/#primaryimage","url":"https:\/\/nauti-parts.com\/wp-content\/uploads\/2018\/10\/Sea-Doo-parts.jpg","contentUrl":"https:\/\/nauti-parts.com\/wp-content\/uploads\/2018\/10\/Sea-Doo-parts.jpg","width":2560,"height":1708,"caption":"Recambios motos acu\u00e1ticas Sea-Doo Mallorca"},{"@type":"BreadcrumbList","@id":"https:\/\/nauti-parts.com\/es\/servicio\/recambios-sea-doo\/#breadcrumb","itemListElement":[{"@type":"ListItem","position":1,"name":"Servicio","item":"https:\/\/nauti-parts.com\/es\/servicio\/"},{"@type":"ListItem","position":2,"name":"Recambios Sea-Doo"}]},{"@type":"WebSite","@id":"https:\/\/nauti-parts.com\/es\/#website","url":"https:\/\/nauti-parts.com\/es\/","name":"Nauti Parts","description":"Sea-Doo Jet Ski - Seabob Dealer and Rentals | Water Toys Mallorca","publisher":{"@id":"https:\/\/nauti-parts.com\/es\/#organization"},"potentialAction":[{"@type":"SearchAction","target":{"@type":"EntryPoint","urlTemplate":"https:\/\/nauti-parts.com\/es\/?s={search_term_string}"},"query-input":{"@type":"PropertyValueSpecification","valueRequired":true,"valueName":"search_term_string"}}],"inLanguage":"es"},{"@type":"Organization","@id":"https:\/\/nauti-parts.com\/es\/#organization","name":"Piezas Nauti","url":"https:\/\/nauti-parts.com\/es\/","logo":{"@type":"ImageObject","inLanguage":"es","@id":"https:\/\/nauti-parts.com\/es\/#\/schema\/logo\/image\/","url":"https:\/\/nauti-parts.com\/wp-content\/uploads\/2023\/10\/np-logo-black.png","contentUrl":"https:\/\/nauti-parts.com\/wp-content\/uploads\/2023\/10\/np-logo-black.png","width":253,"height":100,"caption":"Piezas Nauti"},"image":{"@id":"https:\/\/nauti-parts.com\/es\/#\/schema\/logo\/image\/"},"sameAs":["https:\/\/www.facebook.com\/nautipartsspain\/","https:\/\/www.instagram.com\/nautiparts\/"]}]}},"_links":{"self":[{"href":"https:\/\/nauti-parts.com\/es\/wp-json\/wp\/v2\/pages\/24114","targetHints":{"allow":["GET"]}}],"collection":[{"href":"https:\/\/nauti-parts.com\/es\/wp-json\/wp\/v2\/pages"}],"about":[{"href":"https:\/\/nauti-parts.com\/es\/wp-json\/wp\/v2\/types\/page"}],"author":[{"embeddable":true,"href":"https:\/\/nauti-parts.com\/es\/wp-json\/wp\/v2\/users\/1"}],"replies":[{"embeddable":true,"href":"https:\/\/nauti-parts.com\/es\/wp-json\/wp\/v2\/comments?post=24114"}],"version-history":[{"count":0,"href":"https:\/\/nauti-parts.com\/es\/wp-json\/wp\/v2\/pages\/24114\/revisions"}],"up":[{"embeddable":true,"href":"https:\/\/nauti-parts.com\/es\/wp-json\/wp\/v2\/pages\/24213"}],"wp:featuredmedia":[{"embeddable":true,"href":"https:\/\/nauti-parts.com\/es\/wp-json\/wp\/v2\/media\/24116"}],"wp:attachment":[{"href":"https:\/\/nauti-parts.com\/es\/wp-json\/wp\/v2\/media?parent=24114"}],"curies":[{"name":"wp","href":"https:\/\/api.w.org\/{rel}","templated":true}]}}