{"id":24048,"date":"2024-09-13T08:56:02","date_gmt":"2024-09-13T08:56:02","guid":{"rendered":"https:\/\/nauti-parts.com\/seabob-f9\/"},"modified":"2026-03-30T13:38:29","modified_gmt":"2026-03-30T13:38:29","slug":"seabob-f9","status":"publish","type":"page","link":"https:\/\/nauti-parts.com\/es\/seabob\/seabob-f9\/","title":{"rendered":"Seabob F9"},"content":{"rendered":"<div class=\"wpb-content-wrapper\"><p>[vc_row full_width=&#8221;stretch_row_content_no_spaces&#8221; content_placement=&#8221;middle&#8221; min_height=&#8221;75vh&#8221; css=&#8221;.vc_custom_1726232419624{background-image: url(https:\/\/nauti-parts.com\/wp-content\/uploads\/2024\/09\/serabob-f9-mallorca-1.jpeg?id=18564) !important;background-position: center !important;background-repeat: no-repeat !important;background-size: cover !important;}&#8221; el_class=&#8221;mob-height&#8221;][vc_column][\/vc_column][\/vc_row][vc_row][vc_column width=&#8221;1\/4&#8243;][\/vc_column][vc_column width=&#8221;1\/2&#8243;][vc_column_text css=&#8221;&#8221;]<\/p>\n<h1 style=\"text-align: center;\">SEABOB F9<\/h1>\n<h2 style=\"text-align: center;\">YA DISPONIBLE &#8211; EL SEABOB F9 Y F9 S<\/h2>\n<hr>\n<p style=\"text-align: center;\" data-sourcepos=\"3:1-3:254\">El Seabob F9 es un revolucionario scooter subacu\u00e1tico que redefine los deportes acu\u00e1ticos.  <span class=\"citation-0 recitation citation-end-0\">Con su dise\u00f1o elegante, sus potentes prestaciones y sus innovadoras caracter\u00edsticas, el F9 ofrece una experiencia sin igual a buceadores, submarinistas y buscadores de emociones.<\/span><\/p>\n<p style=\"text-align: center;\" data-sourcepos=\"15:1-15:224\">Tanto si eres propietario de un yate privado o alquilado, un buceador experimentado o un aficionado ocasional al agua, el Seabob F9 te ofrece una experiencia inolvidable. Explora mundos submarinos ocultos, descubre la vida marina o simplemente disfruta de la emoci\u00f3n de deslizarte por el agua. <\/p>\n<p style=\"text-align: center;\" data-sourcepos=\"17:1-17:68\"><strong>Abraza el futuro de la exploraci\u00f3n submarina con el Seabob F9.<\/strong><\/p>\n<p>[\/vc_column_text][\/vc_column][vc_column width=&#8221;1\/4&#8243;][\/vc_column][\/vc_row][vc_row][vc_column width=&#8221;1\/6&#8243;][\/vc_column][vc_column width=&#8221;2\/3&#8243; el_id=&#8221;models&#8221; css=&#8221;.vc_custom_1726221192762{margin-bottom: 30px !important;}&#8221;][vc_row_inner][vc_column_inner el_class=&#8221;border&#8221; width=&#8221;1\/2&#8243;][vc_single_image image=&#8221;24052&#8243; img_size=&#8221;FULL&#8221; alignment=&#8221;center&#8221; css=&#8221;&#8221;][vc_column_text css=&#8221;&#8221;]<\/p>\n<h2>SEABOB F9<\/h2>\n<h3>Ligero y fuerte.<\/h3>\n<h3>11.125\u20ac IVA inc<\/h3>\n<hr>\n<p>Con un peso de poco m\u00e1s de 20 kg, la SEABOB F9 proporciona un manejo \u00f3ptimo. Construido para aplicaciones vers\u00e1tiles. El SEABOB F9 impresiona por su fenomenal agilidad, incluso en piscinas peque\u00f1as.[\/vc_column_text][vc_raw_html css=&#8221;&#8221;]PHRhYmxlIHdpZHRoPSIxMDAlIiBib3JkZXI9IjEiIGNlbGxzcGFjaW5nPSIwIiBjZWxscGFkZGluZz0iNSI+CiAgPHRib2R5PgogICAgPHRyPgogICAgICA8dGQ+VGllbXBvIGRlIGZ1bmNpb25hbWllbnRvPC90ZD4KICAgICAgPHRkPjQwIG1pbiAvIDYwIG1pbjwvdGQ+CiAgICA8L3RyPgogICAgPHRyPgogICAgICA8dGQ+VGllbXBvIGRlIGNhcmdhIChFc3TDoW5kYXIpPC90ZD4KICAgICAgPHRkPjQgaCAvIDYgaCo8L3RkPgogICAgPC90cj4KICAgIDx0cj4KICAgICAgPHRkPlRpZW1wbyBkZSBjYXJnYSAoUsOhcGlkYSk8L3RkPgogICAgICA8dGQ+MSBoIC8gMSw1IGg8L3RkPgogICAgPC90cj4KICAgIDx0cj4KICAgICAgPHRkPk1vdG9yPC90ZD4KICAgICAgPHRkPjIsNiBLVzwvdGQ+CiAgICA8L3RyPgogICAgPHRyPgogICAgICA8dGQ+UG90ZW5jaWE8L3RkPgogICAgICA8dGQ+NjAgVFA8L3RkPgogICAgPC90cj4KICAgIDx0cj4KICAgICAgPHRkPlByb2Z1bmRpZGFkIGRlIGlubWVyc2nDs24gKFNlZ3VyaWRhZCk8L3RkPgogICAgICA8dGQ+M208L3RkPgogICAgPC90cj4KICAgIDx0cj4KICAgICAgPHRkPlByb2Z1bmRpZGFkIGRlIGlubWVyc2nDs24gKE3DoXhpbWEpPC90ZD4KICAgICAgPHRkPjMwbTwvdGQ+CiAgICA8L3RyPgogICAgPHRyPgogICAgICA8dGQ+RGltZW5zaW9uZXMgTCB4IEEgeCBBIChlbiBtbSk8L3RkPgogICAgICA8dGQ+MS4wMjMgeCA1MjYgeCAzNDM8L3RkPgogICAgPC90cj4KICAgIDx0cj4KICAgICAgPHRkPlBlc288L3RkPgogICAgICA8dGQ+MjAsOSBrZyAvIDIyLDgga2cqLjwvdGQ+CiAgICA8L3RyPgogICAgPHRyPgogICAgICA8dGQ+U2lzdGVtYSBkZSBFc3RhYmlsaWRhZCBkZSBDb25kdWNjacOzbjwvdGQ+CiAgICAgIDx0ZD5Fc3RhYmlsaXphZG9yIGRlIHBvcGEgZXh0cmHDrWJsZSBhIGl6cXVpZXJkYSB5IGRlcmVjaGEgeSBkb3MgbMOhbWluYXMgZW4gbGEgcGFydGUgaW5mZXJpb3IgZGVsIGN1ZXJwbzwvdGQ+CiAgICA8L3RyPgogIDwvdGJvZHk+CjwvdGFibGU+CjxzcGFuIGNsYXNzPSJzbWFsbCI+KiBDYXBhY2lkYWQgZGUgbGEgYmF0ZXLDrWEgbcOhczwvc3Bhbj4=[\/vc_raw_html][vc_btn title=&#8221;Haz tu pedido&#8221; size=&#8221;lg&#8221; css=&#8221;&#8221; link=&#8221;url:https%3A%2F%2Fnauti-parts.com%2Fes%2Fshop%2Fjuguetes-acuaticos%2Fseascooter%2Fseabob-f9%2F|title:Seabob%20F9|&#8221;][\/vc_column_inner][vc_column_inner el_class=&#8221;border&#8221; width=&#8221;1\/2&#8243;][vc_single_image image=&#8221;24053&#8243; img_size=&#8221;FULL&#8221; css=&#8221;&#8221;][vc_column_text css=&#8221;&#8221;]<\/p>\n<div class=\"column mcb-column one column_column txt-block-head column-margin-\">\n<div class=\"column_attr clearfix\">\n<h2>SEABOB F9 S<\/h2>\n<h3>Pura deportividad.<\/h3>\n<h3>14.785\u20ac IVA inc<\/h3>\n<\/div>\n<\/div>\n<div class=\"column mcb-column one-second column_column column-margin-\">\n<div class=\"column_attr clearfix\">\n<hr>\n<p>El placer de conducci\u00f3n es indescriptible. Es algo que simplemente hay que experimentar, y con s\u00f3lo 23 kg de peso, el F9 S es siempre muy divertido para pasar los d\u00edas \u00a1tanto dentro como debajo del agua! <\/p>\n<\/div>\n<\/div>\n<p>[\/vc_column_text][vc_raw_html css=&#8221;&#8221;]PHRhYmxlIHdpZHRoPSIxMDAlIiBib3JkZXI9IjEiIGNlbGxzcGFjaW5nPSIwIiBjZWxscGFkZGluZz0iNSI+CiAgPHRib2R5PgogICAgPHRyPgogICAgICA8dGQ+VGllbXBvIGRlIGZ1bmNpb25hbWllbnRvPC90ZD4KICAgICAgPHRkPjUwIG1pbjwvdGQ+CiAgICA8L3RyPgogICAgPHRyPgogICAgICA8dGQ+VGllbXBvIGRlIGNhcmdhIChFc3TDoW5kYXIpPC90ZD4KICAgICAgPHRkPjYgaDwvdGQ+CiAgICA8L3RyPgogICAgPHRyPgogICAgICA8dGQ+VGllbXBvIGRlIGNhcmdhIChSw6FwaWRhKTwvdGQ+CiAgICAgIDx0ZD4xLDUgaDwvdGQ+CiAgICA8L3RyPgogICAgPHRyPgogICAgICA8dGQ+TW90b3I8L3RkPgogICAgICA8dGQ+Myw2IEtXPC90ZD4KICAgIDwvdHI+CiAgICA8dHI+CiAgICAgIDx0ZD5Qb3RlbmNpYTwvdGQ+CiAgICAgIDx0ZD44NCBUUDwvdGQ+CiAgICA8L3RyPgogICAgPHRyPgogICAgICA8dGQ+UHJvZnVuZGlkYWQgZGUgaW5tZXJzacOzbiAoU2VndXJpZGFkKTwvdGQ+CiAgICAgIDx0ZD4zbTwvdGQ+CiAgICA8L3RyPgogICAgPHRyPgogICAgICA8dGQ+UHJvZnVuZGlkYWQgZGUgaW5tZXJzacOzbiAoTcOheGltYSk8L3RkPgogICAgICA8dGQ+MzBtPC90ZD4KICAgIDwvdHI+CiAgICA8dHI+CiAgICAgIDx0ZD5EaW1lbnNpb25lcyBMIHggQSB4IEEgKGVuIG1tKTwvdGQ+CiAgICAgIDx0ZD4xLjAyMyB4IDUyNiB4IDM0MzwvdGQ+CiAgICA8L3RyPgogICAgPHRyPgogICAgICA8dGQ+UGVzbzwvdGQ+CiAgICAgIDx0ZD4yMyw5IGtnIDwvdGQ+IAogICAgPC90cj4KICAgIDx0cj4KICAgICAgPHRkPlNpc3RlbWEgZGUgRXN0YWJpbGlkYWQgZGUgQ29uZHVjY2nDs248L3RkPgogICAgICA8dGQ+RXN0YWJpbGl6YWRvciBkZSBwb3BhIGV4dHJhw61ibGUgYSBpenF1aWVyZGEgeSBkZXJlY2hhIHkgZG9zIGzDoW1pbmFzIGVuIGxhIHBhcnRlIGluZmVyaW9yIGRlbCBjdWVycG88L3RkPgogICAgPC90cj4KICA8L3Rib2R5Pgo8L3RhYmxlPgo8c3BhbiBjbGFzcz0ic21hbGwiPk1vZGlmaWNhY2lvbmVzIHTDqWNuaWNhcyB5IHRvbGVyYW5jaWFzIHJlc2VydmFkYXMuPC9zcGFuPg==[\/vc_raw_html][vc_btn title=&#8221;Haz tu pedido&#8221; size=&#8221;lg&#8221; css=&#8221;&#8221; link=&#8221;url:https%3A%2F%2Fnauti-parts.com%2Fes%2Fshop%2Fjuguetes-acuaticos%2Fseascooter%2Fseabob-f9s%2F|title:Seabob%20F9S|&#8221;][\/vc_column_inner][\/vc_row_inner][\/vc_column][vc_column width=&#8221;1\/6&#8243;][\/vc_column][\/vc_row][vc_row full_width=&#8221;stretch_row_content_no_spaces&#8221; min_height=&#8221;60vh&#8221; css=&#8221;.vc_custom_1726232411992{background-image: url(https:\/\/nauti-parts.com\/wp-content\/uploads\/2024\/09\/seabob-f9-underwater.png?id=18565) !important;background-position: center !important;background-repeat: no-repeat !important;background-size: cover !important;}&#8221; el_class=&#8221;mob-height&#8221;][vc_column][\/vc_column][\/vc_row][vc_row][vc_column width=&#8221;1\/4&#8243;][\/vc_column][vc_column width=&#8221;1\/2&#8243;][vc_column_text css=&#8221;&#8221;]<\/p>\n<h2 style=\"text-align: center;\">COLORES DISPONIBLES<\/h2>\n<hr>\n<p style=\"text-align: center;\">Con 6 colores disponibles (3 est\u00e1ndar y 3 especiales), expresa tu estilo personal con un Seabob F9 en tu color preferido.<\/p>\n<p>[\/vc_column_text][\/vc_column][vc_column width=&#8221;1\/4&#8243;][\/vc_column][\/vc_row][vc_row][vc_column width=&#8221;1\/6&#8243;][\/vc_column][vc_column width=&#8221;2\/3&#8243; el_id=&#8221;no-margin&#8221; css=&#8221;.vc_custom_1726221353046{margin-bottom: 30px !important;}&#8221;][vc_row_inner][vc_column_inner el_class=&#8221;border-top&#8221; width=&#8221;1\/2&#8243;][vc_column_text css=&#8221;&#8221;]<\/p>\n<h3 style=\"text-align: center;\">COLORES DE SERIE<\/h3>\n<p>[\/vc_column_text][vc_single_image image=&#8221;24053&#8243; img_size=&#8221;full&#8221; css=&#8221;&#8221;][vc_raw_html css=&#8221;&#8221;]PHNwYW4+Q0FSRVggQU1BUklMTE88L3NwYW4+[\/vc_raw_html][vc_separator css=&#8221;&#8221;][vc_single_image image=&#8221;24054&#8243; img_size=&#8221;full&#8221; css=&#8221;&#8221;][vc_raw_html css=&#8221;&#8221;]PHNwYW4+U0lHTk8gUk9KTzwvc3Bhbj4=[\/vc_raw_html][vc_separator css=&#8221;&#8221;][vc_single_image image=&#8221;24052&#8243; img_size=&#8221;full&#8221; css=&#8221;&#8221;][vc_raw_html css=&#8221;&#8221;]PHNwYW4+QkxBTkNPIEVTVFJFTExBPC9zcGFuPg==[\/vc_raw_html][\/vc_column_inner][vc_column_inner el_class=&#8221;border-top&#8221; width=&#8221;1\/2&#8243;][vc_column_text css=&#8221;&#8221;]<\/p>\n<h3 style=\"text-align: center;\">COLORES ESPECIALES<\/h3>\n<p>[\/vc_column_text][vc_single_image image=&#8221;24055&#8243; img_size=&#8221;full&#8221; css=&#8221;&#8221;][vc_raw_html css=&#8221;&#8221;]PHNwYW4+TkFWRUwgTkFSQU5KQTwvc3Bhbj4=[\/vc_raw_html][vc_separator css=&#8221;&#8221;][vc_single_image image=&#8221;24056&#8243; img_size=&#8221;full&#8221; css=&#8221;&#8221;][vc_raw_html css=&#8221;&#8221;]PHNwYW4+VElUQU5JTzwvc3Bhbj4=[\/vc_raw_html][vc_separator css=&#8221;&#8221;][vc_single_image image=&#8221;24057&#8243; img_size=&#8221;full&#8221; css=&#8221;&#8221;][vc_raw_html css=&#8221;&#8221;]PHNwYW4+TUVURU8gUExBVEE8L3NwYW4+[\/vc_raw_html][\/vc_column_inner][\/vc_row_inner][\/vc_column][vc_column width=&#8221;1\/6&#8243;][\/vc_column][\/vc_row][vc_row full_width=&#8221;stretch_row_content_no_spaces&#8221; min_height=&#8221;60vh&#8221; css=&#8221;.vc_custom_1726232404261{background-image: url(https:\/\/nauti-parts.com\/wp-content\/uploads\/2024\/09\/seabob-f9-20kilos.jpeg?id=18561) !important;background-position: center !important;background-repeat: no-repeat !important;background-size: cover !important;}&#8221; el_class=&#8221;mob-height&#8221;][vc_column width=&#8221;1\/6&#8243;][\/vc_column][vc_column width=&#8221;2\/3&#8243;][\/vc_column][vc_column width=&#8221;1\/6&#8243;][\/vc_column][\/vc_row][vc_row][vc_column width=&#8221;1\/4&#8243;][\/vc_column][vc_column width=&#8221;1\/2&#8243;][vc_column_text css=&#8221;&#8221;]<\/p>\n<h2 style=\"text-align: center;\">ACCESORIOS<\/h2>\n<hr>\n<p style=\"text-align: center;\">Eleva tus aventuras subacu\u00e1ticas con una gama de accesorios Seabob de alta calidad dise\u00f1ados para mejorar tu comodidad, seguridad y rendimiento. Desde fundas protectoras y estaciones de carga hasta elegantes opciones de personalizaci\u00f3n, nuestros accesorios se adaptan a las necesidades de cada entusiasta de Seabob. <\/p>\n<p>[\/vc_column_text][\/vc_column][vc_column width=&#8221;1\/4&#8243;][\/vc_column][\/vc_row][vc_row][vc_column width=&#8221;1\/6&#8243;][\/vc_column][vc_column width=&#8221;2\/3&#8243; css=&#8221;.vc_custom_1726221353046{margin-bottom: 30px !important;}&#8221;][vc_row_inner][vc_column_inner el_class=&#8221;border-top no-bottom-mob&#8221; width=&#8221;1\/2&#8243;][vc_single_image image=&#8221;24058&#8243; img_size=&#8221;full&#8221; css=&#8221;&#8221;][vc_raw_html css=&#8221;&#8221;]PHNwYW4+Q0FSR0FET1IgUsOBUElETzwvc3Bhbj4=[\/vc_raw_html][vc_separator css=&#8221;&#8221;][vc_single_image image=&#8221;24059&#8243; img_size=&#8221;full&#8221; css=&#8221;&#8221;][vc_raw_html css=&#8221;&#8221;]PHNwYW4+Q1VCSUVSVEEgU0VBQk9CPC9zcGFuPg==[\/vc_raw_html][vc_separator css=&#8221;&#8221;][vc_single_image image=&#8221;24060&#8243; img_size=&#8221;full&#8221; css=&#8221;&#8221;][vc_raw_html css=&#8221;&#8221;]PHNwYW4+Qk9MU0EgU0VBQk9CPC9zcGFuPg==[\/vc_raw_html][vc_separator css=&#8221;&#8221; el_class=&#8221;show-mobile&#8221;][\/vc_column_inner][vc_column_inner el_class=&#8221;border-top no-top-mob&#8221; width=&#8221;1\/2&#8243;][vc_single_image image=&#8221;24051&#8243; img_size=&#8221;full&#8221; css=&#8221;&#8221;][vc_raw_html css=&#8221;&#8221;]PHNwYW4+TVVFTExFIEVMRVZBRE9SPC9zcGFuPg==[\/vc_raw_html][vc_separator css=&#8221;&#8221;][vc_single_image image=&#8221;24061&#8243; img_size=&#8221;full&#8221; css=&#8221;&#8221;][vc_raw_html css=&#8221;&#8221;]PHNwYW4+U0lTVEVNQSBERSBDSU5UVVLDk04gUElMT1RPPC9zcGFuPg==[\/vc_raw_html][vc_separator css=&#8221;&#8221;][vc_single_image image=&#8221;24050&#8243; img_size=&#8221;full&#8221; css=&#8221;&#8221;][vc_raw_html css=&#8221;&#8221;]PHNwYW4+UEVTT1MgU0VBQk9CPC9zcGFuPg==[\/vc_raw_html][\/vc_column_inner][\/vc_row_inner][\/vc_column][vc_column width=&#8221;1\/6&#8243;][\/vc_column][\/vc_row][vc_row full_width=&#8221;stretch_row_content_no_spaces&#8221; min_height=&#8221;60vh&#8221; css=&#8221;.vc_custom_1726233319047{background-image: url(https:\/\/nauti-parts.com\/wp-content\/uploads\/2024\/09\/seabob-f9-custom-colours.png?id=18563) !important;background-position: center !important;background-repeat: no-repeat !important;background-size: cover !important;}&#8221; el_class=&#8221;mob-height&#8221;][vc_column width=&#8221;1\/6&#8243;][\/vc_column][vc_column width=&#8221;2\/3&#8243;][\/vc_column][vc_column width=&#8221;1\/6&#8243;][\/vc_column][\/vc_row][vc_row][vc_column width=&#8221;1\/4&#8243;][\/vc_column][vc_column width=&#8221;1\/2&#8243;][vc_single_image image=&#8221;21586&#8243; img_size=&#8221;full&#8221; css=&#8221;.vc_custom_1726242234300{margin-right: 40px !important;margin-left: 40px !important;padding-right: 40px !important;padding-left: 40px !important;}&#8221;][vc_column_text css=&#8221;&#8221;]<\/p>\n<p style=\"text-align: center;\" data-sourcepos=\"17:1-17:68\"><strong>Nauti-Parts es el \u00fanico Concesionario y Servicio Oficial Seabob en Mallorca.<br \/>\n<\/strong><\/p>\n<p style=\"text-align: center;\" data-sourcepos=\"17:1-17:68\">Para obtener m\u00e1s informaci\u00f3n sobre los modelos, accesorios y servicios de Seabob y Cayago, incluidos los modelos de segunda mano, ponte en contacto con nosotros.<\/p>\n<p>[\/vc_column_text][vc_btn title=&#8221;Contacta con nosotros&#8221; style=&#8221;flat&#8221; shape=&#8221;square&#8221; color=&#8221;danger&#8221; size=&#8221;lg&#8221; align=&#8221;center&#8221; css=&#8221;&#8221; link=&#8221;url:https%3A%2F%2Fnauti-parts.com%2Fcontact%2F|title:Ponte%20en%20contacto%20con|&#8221;][\/vc_column][vc_column width=&#8221;1\/4&#8243;][\/vc_column][\/vc_row]<\/p>\n<\/div>","protected":false},"excerpt":{"rendered":"<p>[vc_row full_width=&#8221;stretch_row_content_no_spaces&#8221; content_placement=&#8221;middle&#8221; min_height=&#8221;75vh&#8221; css=&#8221;.vc_custom_1726232419624{background-image: url(https:\/\/nauti-parts.com\/wp-content\/uploads\/2024\/09\/serabob-f9-mallorca-1.jpeg?id=18564) !important;background-position: center !important;background-repeat: no-repeat !important;background-size: cover !important;}&#8221; el_class=&#8221;mob-height&#8221;][vc_column][\/vc_column][\/vc_row][vc_row][vc_column width=&#8221;1\/4&#8243;][\/vc_column][vc_column width=&#8221;1\/2&#8243;][vc_column_text css=&#8221;&#8221;] SEABOB F9 YA DISPONIBLE &#8211; EL SEABOB F9 Y F9 S El Seabob F9 es un revolucionario scooter subacu\u00e1tico que redefine los deportes acu\u00e1ticos. Con su dise\u00f1o elegante, sus potentes prestaciones y sus innovadoras caracter\u00edsticas, el F9 ofrece [&hellip;]<\/p>\n","protected":false},"author":1,"featured_media":0,"parent":24168,"menu_order":0,"comment_status":"closed","ping_status":"closed","template":"","meta":{"_acf_changed":false,"footnotes":""},"class_list":["post-24048","page","type-page","status-publish","hentry","repupress_customize_woocommerce_productom_class"],"acf":[],"yoast_head":"<!-- This site is optimized with the Yoast SEO plugin v27.5 - https:\/\/yoast.com\/product\/yoast-seo-wordpress\/ -->\n<title>Seabob F9 | Nauti Parts<\/title>\n<meta name=\"robots\" content=\"index, follow, max-snippet:-1, max-image-preview:large, max-video-preview:-1\" \/>\n<link rel=\"canonical\" href=\"https:\/\/nauti-parts.com\/es\/seabob\/seabob-f9\/\" \/>\n<meta property=\"og:locale\" content=\"es_ES\" \/>\n<meta property=\"og:type\" content=\"article\" \/>\n<meta property=\"og:title\" content=\"Seabob F9 | Nauti Parts\" \/>\n<meta property=\"og:description\" content=\"[vc_row full_width=&#8221;stretch_row_content_no_spaces&#8221; content_placement=&#8221;middle&#8221; min_height=&#8221;75vh&#8221; css=&#8221;.vc_custom_1726232419624{background-image: url(https:\/\/nauti-parts.com\/wp-content\/uploads\/2024\/09\/serabob-f9-mallorca-1.jpeg?id=18564) !important;background-position: center !important;background-repeat: no-repeat !important;background-size: cover !important;}&#8221; el_class=&#8221;mob-height&#8221;][vc_column][\/vc_column][\/vc_row][vc_row][vc_column width=&#8221;1\/4&#8243;][\/vc_column][vc_column width=&#8221;1\/2&#8243;][vc_column_text css=&#8221;&#8221;] SEABOB F9 YA DISPONIBLE &#8211; EL SEABOB F9 Y F9 S El Seabob F9 es un revolucionario scooter subacu\u00e1tico que redefine los deportes acu\u00e1ticos. Con su dise\u00f1o elegante, sus potentes prestaciones y sus innovadoras caracter\u00edsticas, el F9 ofrece [&hellip;]\" \/>\n<meta property=\"og:url\" content=\"https:\/\/nauti-parts.com\/es\/seabob\/seabob-f9\/\" \/>\n<meta property=\"og:site_name\" content=\"Nauti Parts\" \/>\n<meta property=\"article:publisher\" content=\"https:\/\/www.facebook.com\/nautipartsspain\/\" \/>\n<meta property=\"article:modified_time\" content=\"2026-03-30T13:38:29+00:00\" \/>\n<meta property=\"og:image\" content=\"https:\/\/nauti-parts.com\/wp-content\/uploads\/2019\/05\/Sea-Doo-jetskis-mallorca.jpg\" \/>\n\t<meta property=\"og:image:width\" content=\"900\" \/>\n\t<meta property=\"og:image:height\" content=\"500\" \/>\n\t<meta property=\"og:image:type\" content=\"image\/jpeg\" \/>\n<meta name=\"twitter:card\" content=\"summary_large_image\" \/>\n<meta name=\"twitter:label1\" content=\"Tiempo de lectura\" \/>\n\t<meta name=\"twitter:data1\" content=\"8 minutos\" \/>\n<script type=\"application\/ld+json\" class=\"yoast-schema-graph\">{\"@context\":\"https:\\\/\\\/schema.org\",\"@graph\":[{\"@type\":\"WebPage\",\"@id\":\"https:\\\/\\\/nauti-parts.com\\\/es\\\/seabob\\\/seabob-f9\\\/\",\"url\":\"https:\\\/\\\/nauti-parts.com\\\/es\\\/seabob\\\/seabob-f9\\\/\",\"name\":\"Seabob F9 | Nauti Parts\",\"isPartOf\":{\"@id\":\"https:\\\/\\\/nauti-parts.com\\\/es\\\/#website\"},\"datePublished\":\"2024-09-13T08:56:02+00:00\",\"dateModified\":\"2026-03-30T13:38:29+00:00\",\"breadcrumb\":{\"@id\":\"https:\\\/\\\/nauti-parts.com\\\/es\\\/seabob\\\/seabob-f9\\\/#breadcrumb\"},\"inLanguage\":\"es\",\"potentialAction\":[{\"@type\":\"ReadAction\",\"target\":[\"https:\\\/\\\/nauti-parts.com\\\/es\\\/seabob\\\/seabob-f9\\\/\"]}]},{\"@type\":\"BreadcrumbList\",\"@id\":\"https:\\\/\\\/nauti-parts.com\\\/es\\\/seabob\\\/seabob-f9\\\/#breadcrumb\",\"itemListElement\":[{\"@type\":\"ListItem\",\"position\":1,\"name\":\"Seabob\",\"item\":\"https:\\\/\\\/nauti-parts.com\\\/es\\\/seabob\\\/\"},{\"@type\":\"ListItem\",\"position\":2,\"name\":\"Seabob F9\"}]},{\"@type\":\"WebSite\",\"@id\":\"https:\\\/\\\/nauti-parts.com\\\/es\\\/#website\",\"url\":\"https:\\\/\\\/nauti-parts.com\\\/es\\\/\",\"name\":\"Nauti Parts\",\"description\":\"Sea-Doo Jet Ski - Seabob Dealer and Rentals | Water Toys Mallorca\",\"publisher\":{\"@id\":\"https:\\\/\\\/nauti-parts.com\\\/es\\\/#organization\"},\"potentialAction\":[{\"@type\":\"SearchAction\",\"target\":{\"@type\":\"EntryPoint\",\"urlTemplate\":\"https:\\\/\\\/nauti-parts.com\\\/es\\\/?s={search_term_string}\"},\"query-input\":{\"@type\":\"PropertyValueSpecification\",\"valueRequired\":true,\"valueName\":\"search_term_string\"}}],\"inLanguage\":\"es\"},{\"@type\":\"Organization\",\"@id\":\"https:\\\/\\\/nauti-parts.com\\\/es\\\/#organization\",\"name\":\"Piezas Nauti\",\"url\":\"https:\\\/\\\/nauti-parts.com\\\/es\\\/\",\"logo\":{\"@type\":\"ImageObject\",\"inLanguage\":\"es\",\"@id\":\"https:\\\/\\\/nauti-parts.com\\\/es\\\/#\\\/schema\\\/logo\\\/image\\\/\",\"url\":\"https:\\\/\\\/nauti-parts.com\\\/wp-content\\\/uploads\\\/2023\\\/10\\\/np-logo-black.png\",\"contentUrl\":\"https:\\\/\\\/nauti-parts.com\\\/wp-content\\\/uploads\\\/2023\\\/10\\\/np-logo-black.png\",\"width\":253,\"height\":100,\"caption\":\"Piezas Nauti\"},\"image\":{\"@id\":\"https:\\\/\\\/nauti-parts.com\\\/es\\\/#\\\/schema\\\/logo\\\/image\\\/\"},\"sameAs\":[\"https:\\\/\\\/www.facebook.com\\\/nautipartsspain\\\/\",\"https:\\\/\\\/www.instagram.com\\\/nautiparts\\\/\"]}]}<\/script>\n<!-- \/ Yoast SEO plugin. -->","yoast_head_json":{"title":"Seabob F9 | Nauti Parts","robots":{"index":"index","follow":"follow","max-snippet":"max-snippet:-1","max-image-preview":"max-image-preview:large","max-video-preview":"max-video-preview:-1"},"canonical":"https:\/\/nauti-parts.com\/es\/seabob\/seabob-f9\/","og_locale":"es_ES","og_type":"article","og_title":"Seabob F9 | Nauti Parts","og_description":"[vc_row full_width=&#8221;stretch_row_content_no_spaces&#8221; content_placement=&#8221;middle&#8221; min_height=&#8221;75vh&#8221; css=&#8221;.vc_custom_1726232419624{background-image: url(https:\/\/nauti-parts.com\/wp-content\/uploads\/2024\/09\/serabob-f9-mallorca-1.jpeg?id=18564) !important;background-position: center !important;background-repeat: no-repeat !important;background-size: cover !important;}&#8221; el_class=&#8221;mob-height&#8221;][vc_column][\/vc_column][\/vc_row][vc_row][vc_column width=&#8221;1\/4&#8243;][\/vc_column][vc_column width=&#8221;1\/2&#8243;][vc_column_text css=&#8221;&#8221;] SEABOB F9 YA DISPONIBLE &#8211; EL SEABOB F9 Y F9 S El Seabob F9 es un revolucionario scooter subacu\u00e1tico que redefine los deportes acu\u00e1ticos. Con su dise\u00f1o elegante, sus potentes prestaciones y sus innovadoras caracter\u00edsticas, el F9 ofrece [&hellip;]","og_url":"https:\/\/nauti-parts.com\/es\/seabob\/seabob-f9\/","og_site_name":"Nauti Parts","article_publisher":"https:\/\/www.facebook.com\/nautipartsspain\/","article_modified_time":"2026-03-30T13:38:29+00:00","og_image":[{"width":900,"height":500,"url":"https:\/\/nauti-parts.com\/wp-content\/uploads\/2019\/05\/Sea-Doo-jetskis-mallorca.jpg","type":"image\/jpeg"}],"twitter_card":"summary_large_image","twitter_misc":{"Tiempo de lectura":"8 minutos"},"schema":{"@context":"https:\/\/schema.org","@graph":[{"@type":"WebPage","@id":"https:\/\/nauti-parts.com\/es\/seabob\/seabob-f9\/","url":"https:\/\/nauti-parts.com\/es\/seabob\/seabob-f9\/","name":"Seabob F9 | Nauti Parts","isPartOf":{"@id":"https:\/\/nauti-parts.com\/es\/#website"},"datePublished":"2024-09-13T08:56:02+00:00","dateModified":"2026-03-30T13:38:29+00:00","breadcrumb":{"@id":"https:\/\/nauti-parts.com\/es\/seabob\/seabob-f9\/#breadcrumb"},"inLanguage":"es","potentialAction":[{"@type":"ReadAction","target":["https:\/\/nauti-parts.com\/es\/seabob\/seabob-f9\/"]}]},{"@type":"BreadcrumbList","@id":"https:\/\/nauti-parts.com\/es\/seabob\/seabob-f9\/#breadcrumb","itemListElement":[{"@type":"ListItem","position":1,"name":"Seabob","item":"https:\/\/nauti-parts.com\/es\/seabob\/"},{"@type":"ListItem","position":2,"name":"Seabob F9"}]},{"@type":"WebSite","@id":"https:\/\/nauti-parts.com\/es\/#website","url":"https:\/\/nauti-parts.com\/es\/","name":"Nauti Parts","description":"Sea-Doo Jet Ski - Seabob Dealer and Rentals | Water Toys Mallorca","publisher":{"@id":"https:\/\/nauti-parts.com\/es\/#organization"},"potentialAction":[{"@type":"SearchAction","target":{"@type":"EntryPoint","urlTemplate":"https:\/\/nauti-parts.com\/es\/?s={search_term_string}"},"query-input":{"@type":"PropertyValueSpecification","valueRequired":true,"valueName":"search_term_string"}}],"inLanguage":"es"},{"@type":"Organization","@id":"https:\/\/nauti-parts.com\/es\/#organization","name":"Piezas Nauti","url":"https:\/\/nauti-parts.com\/es\/","logo":{"@type":"ImageObject","inLanguage":"es","@id":"https:\/\/nauti-parts.com\/es\/#\/schema\/logo\/image\/","url":"https:\/\/nauti-parts.com\/wp-content\/uploads\/2023\/10\/np-logo-black.png","contentUrl":"https:\/\/nauti-parts.com\/wp-content\/uploads\/2023\/10\/np-logo-black.png","width":253,"height":100,"caption":"Piezas Nauti"},"image":{"@id":"https:\/\/nauti-parts.com\/es\/#\/schema\/logo\/image\/"},"sameAs":["https:\/\/www.facebook.com\/nautipartsspain\/","https:\/\/www.instagram.com\/nautiparts\/"]}]}},"_links":{"self":[{"href":"https:\/\/nauti-parts.com\/es\/wp-json\/wp\/v2\/pages\/24048","targetHints":{"allow":["GET"]}}],"collection":[{"href":"https:\/\/nauti-parts.com\/es\/wp-json\/wp\/v2\/pages"}],"about":[{"href":"https:\/\/nauti-parts.com\/es\/wp-json\/wp\/v2\/types\/page"}],"author":[{"embeddable":true,"href":"https:\/\/nauti-parts.com\/es\/wp-json\/wp\/v2\/users\/1"}],"replies":[{"embeddable":true,"href":"https:\/\/nauti-parts.com\/es\/wp-json\/wp\/v2\/comments?post=24048"}],"version-history":[{"count":0,"href":"https:\/\/nauti-parts.com\/es\/wp-json\/wp\/v2\/pages\/24048\/revisions"}],"up":[{"embeddable":true,"href":"https:\/\/nauti-parts.com\/es\/wp-json\/wp\/v2\/pages\/24168"}],"wp:attachment":[{"href":"https:\/\/nauti-parts.com\/es\/wp-json\/wp\/v2\/media?parent=24048"}],"curies":[{"name":"wp","href":"https:\/\/api.w.org\/{rel}","templated":true}]}}