{"id":20598,"date":"2015-09-23T09:33:00","date_gmt":"2015-09-23T09:33:00","guid":{"rendered":"https:\/\/nauti-parts.com\/quienes-somos\/"},"modified":"2026-03-30T09:52:08","modified_gmt":"2026-03-30T09:52:08","slug":"quienes-somos","status":"publish","type":"page","link":"https:\/\/nauti-parts.com\/es\/quienes-somos\/","title":{"rendered":"Qui\u00e9nes somos"},"content":{"rendered":"<div class=\"wpb-content-wrapper\"><p>[vc_row content_placement=&#8221;bottom&#8221; height=&#8221;550&#8243; font_color=&#8221;#000000&#8243; css=&#8221;.vc_custom_1759313218495{padding-top: 20% !important;padding-bottom: 3% !important;background-image: url(https:\/\/nauti-parts.com\/wp-content\/uploads\/2025\/10\/about-nauti-parts.jpg?id=19830) !important;background-position: center !important;background-repeat: no-repeat !important;background-size: cover !important;}&#8221; background_style=&#8221;parallax&#8221;][vc_column css=&#8221;.vc_custom_1479830058137{padding-bottom: 50px !important;}&#8221;][vc_row_inner content_placement=&#8221;bottom&#8221; font_color=&#8221;#ffffff&#8221; el_id=&#8221;intro&#8221;][vc_column_inner width=&#8221;1\/6&#8243;][\/vc_column_inner][vc_column_inner el_class=&#8221;hide-mobile&#8221; width=&#8221;2\/3&#8243; css=&#8221;.vc_custom_1725713288295{margin-bottom: 160px !important;}&#8221;][vc_column_text css=&#8221;.vc_custom_1499776816740{margin-top: 0px !important;border-top-width: 0px !important;padding-top: 0px !important;}&#8221;]<\/p>\n<h1 style=\"text-align: center; line-height: 1em !important; margin-top: 10px;\"><span style=\"color: #ffffff; text-shadow: 0 0 10px rgba(0, 0, 0, 0.35);\"><strong>Acerca de Nauti Parts<\/strong><\/span><\/h1>\n<h2 style=\"text-align: center; line-height: 1em !important;\"><span style=\"color: #ffffff; text-shadow: 0 0 10px rgba(0, 0, 0, 0.35);\"><strong>Fundada en 1995, Nauti Parts es ahora la empresa l\u00edder en deportes acu\u00e1ticos y extremos de Mallorca.<br \/><\/strong><\/span><\/h2>\n<p>[\/vc_column_text][\/vc_column_inner][vc_column_inner width=&#8221;1\/6&#8243;][\/vc_column_inner][\/vc_row_inner][vc_empty_space height=&#8221;30px&#8221;][\/vc_column][\/vc_row][vc_row el_class=&#8221;show-mobile&#8221;][vc_column width=&#8221;1\/6&#8243;][\/vc_column][vc_column width=&#8221;2\/3&#8243;][vc_column_text css=&#8221;&#8221;]<\/p>\n<h1 style=\"text-align: center; line-height: 1em !important; margin-top: 10px;\"><strong>Acerca de Nauti Parts<\/strong><\/h1>\n<h2 style=\"text-align: center; line-height: 1em !important;\"><strong>Fundada en 1995, Nauti Parts es ahora la empresa l\u00edder en deportes acu\u00e1ticos y extremos de Mallorca.<br \/><\/strong><\/h2>\n<p>[\/vc_column_text][\/vc_column][vc_column width=&#8221;1\/6&#8243;][\/vc_column][\/vc_row][vc_row columns_height=&#8221;adjust_cols_height&#8221; css=&#8221;.vc_custom_1492852318534{background-position: center !important;background-repeat: no-repeat !important;background-size: cover !important;}&#8221; background_style=&#8221;normal&#8221; el_class=&#8221;clear-text&#8221;][vc_column width=&#8221;1\/2&#8243; css=&#8221;.vc_custom_1479894848840{background-position: center !important;background-repeat: no-repeat !important;background-size: cover !important;}&#8221;][vc_single_image image=&#8221;20612&#8243; img_size=&#8221;full&#8221; css=&#8221;&#8221; el_class=&#8221;show-mobile&#8221;][vc_empty_space height=&#8221;150px&#8221;][vc_column_text]<\/p>\n<h2 style=\"text-align: center;\"><strong>Concesionario y servicio t\u00e9cnico oficial de Sea-Doo y Seabob<br \/><\/strong><\/h2>\n<p>[\/vc_column_text][vc_column_text css=&#8221;.vc_custom_1479894178477{padding-right: 20% !important;padding-left: 20% !important;}&#8221;]<\/p>\n<p style=\"text-align: center;\"><span style=\"color: #808080;\">El \u00fanico distribuidor autorizado de Sea-Doo y Seabob en la isla, Nauti-Parts, ha ido creciendo con fuerza, empleando ahora a una amplia plantilla y ofreciendo una amplia gama de servicios, desde la sustituci\u00f3n de una v\u00e1lvula Boston hasta el suministro de embarcaciones auxiliares y juguetes para los mayores superyates. Adem\u00e1s de motos acu\u00e1ticas y una amplia gama de alquiler de juguetes acu\u00e1ticos en las dos tiendas de Portals Nous y Port Adriano. <\/span><\/p>\n<p>[\/vc_column_text][vc_empty_space height=&#8221;150px&#8221;][\/vc_column][vc_column width=&#8221;1\/2&#8243; css=&#8221;.vc_custom_1725713425656{background-image: url(https:\/\/nauti-parts.com\/wp-content\/uploads\/2015\/09\/seabob-rentals-mallorca.jpg?id=692) !important;background-position: center !important;background-repeat: no-repeat !important;background-size: cover !important;}&#8221; el_class=&#8221;full-image hide-mobile&#8221;][vc_empty_space height=&#8221;600px&#8221;][\/vc_column][\/vc_row][vc_row equal_height=&#8221;yes&#8221; content_placement=&#8221;middle&#8221; background_style=&#8221;normal&#8221;][vc_column width=&#8221;1\/2&#8243; css=&#8221;.vc_custom_1725713412093{padding-top: 150px !important;padding-bottom: 150px !important;background-image: url(https:\/\/nauti-parts.com\/wp-content\/uploads\/2015\/09\/gocycle-g3.jpg?id=682) !important;background-position: center !important;background-repeat: no-repeat !important;background-size: cover !important;}&#8221; el_class=&#8221;hide-mobile&#8221;][vc_empty_space height=&#8221;500px&#8221; css=&#8221;.vc_custom_1479827507834{background-position: center !important;background-repeat: no-repeat !important;background-size: cover !important;}&#8221;][\/vc_column][vc_column width=&#8221;1\/2&#8243; css=&#8221;.vc_custom_1492852235520{padding-top: 4% !important;padding-bottom: 4% !important;}&#8221; el_class=&#8221;clear-text&#8221;][vc_single_image image=&#8221;20613&#8243; img_size=&#8221;full&#8221; css=&#8221;&#8221; el_class=&#8221;show-mobile&#8221;][vc_empty_space height=&#8221;150px&#8221;][vc_column_text]<\/p>\n<h2 style=\"text-align: center;\"><strong>Centro de servicio e invernaje<\/strong><\/h2>\n<p>[\/vc_column_text][vc_column_text css=&#8221;.vc_custom_1725713571356{padding-right: 20% !important;padding-left: 20% !important;}&#8221;]<\/p>\n<p style=\"text-align: center;\"><span style=\"color: #808080;\">Nauti-Parts tambi\u00e9n proporciona almacenamiento, mantenimiento, reparaciones y un servicio de recogida y entrega inigualable, lo que nos permite ocuparnos de cualquier tarea, desde la m\u00e1s peque\u00f1a a la m\u00e1s grande, para mantener tu inversi\u00f3n en perfectas condiciones, tanto si se trata de un asunto privado como de un ch\u00e1rter, podemos satisfacer todas tus necesidades.<\/span><\/p>\n<p style=\"text-align: center;\"><strong><span style=\"color: #808080;\">Nos esforzaremos por almacenar y suministrar tu embarcaci\u00f3n en un abrir y cerrar de ojos y, si no es as\u00ed, haremos todo lo posible por satisfacer tus necesidades y requisitos lo antes f\u00edsicamente posible.<\/span><\/strong><\/p>\n<p>[\/vc_column_text][vc_empty_space height=&#8221;150px&#8221;][\/vc_column][\/vc_row][vc_row css=&#8221;.vc_custom_1725713485440{padding-top: 6% !important;padding-right: 40px !important;padding-bottom: 4% !important;padding-left: 40px !important;background-position: center !important;background-repeat: no-repeat !important;background-size: cover !important;}&#8221; background_style=&#8221;normal&#8221;][vc_column][vc_empty_space height=&#8221;10px&#8221;][vc_icon icon_fontawesome=&#8221;fa fa-globe&#8221; color=&#8221;black&#8221; size=&#8221;xl&#8221; align=&#8221;center&#8221; css_animation=&#8221;appear&#8221;][vc_column_text css=&#8221;.vc_custom_1479894742579{margin-bottom: 20px !important;}&#8221;]<\/p>\n<h2 style=\"text-align: center;\"><strong>ENTREGA EN TODO EL MUNDO<\/strong><\/h2>\n<p>[\/vc_column_text][vc_column_text]<\/p>\n<p style=\"text-align: center;\">EN PRODUCTOS SELECCIONADOS, AS\u00cd COMO ENTREGAS REGULARES EN IBIZA EN LA TEMPORADA DE VERANO<\/p>\n<p>[\/vc_column_text][vc_empty_space height=&#8221;10px&#8221;][\/vc_column][\/vc_row][vc_row parallax=&#8221;content-moving&#8221; parallax_image=&#8221;1385&#8243; height=&#8221;500px&#8221; font_color=&#8221;#000000&#8243; css=&#8221;.vc_custom_1725713495989{padding-top: 8% !important;padding-bottom: 8% !important;background-image: url(https:\/\/nauti-parts.com\/wp-content\/uploads\/2015\/09\/radinn-bg.jpg?id=1385) !important;background-position: center;background-repeat: no-repeat !important;background-size: cover !important;}&#8221; background_style=&#8221;parallax&#8221; el_class=&#8221;full-image hide-mobile&#8221;][vc_column][vc_empty_space height=&#8221;30px&#8221;][vc_row_inner type=&#8221;boxed&#8221; font_color=&#8221;#ffffff&#8221;][vc_column_inner][\/vc_column_inner][\/vc_row_inner][vc_empty_space height=&#8221;30px&#8221;][\/vc_column][\/vc_row][vc_row font_color=&#8221;#ffffff&#8221; background_style=&#8221;normal&#8221; el_class=&#8221;links&#8221;][vc_column width=&#8221;1\/2&#8243; css=&#8221;.vc_custom_1479894140029{padding-top: 5% !important;padding-right: 12% !important;padding-bottom: 5% !important;padding-left: 12% !important;background: #988c8d url(https:\/\/nauti-parts.com\/wp-content\/uploads\/2016\/07\/seabob.jpg?id=592) !important;background-position: center !important;background-repeat: no-repeat !important;background-size: cover !important;}&#8221;][vc_empty_space height=&#8221;65px&#8221;][vc_column_text css=&#8221;.vc_custom_1492694939470{margin-top: -20px !important;}&#8221;]<\/p>\n<h2 style=\"text-align: center;\"><span style=\"color: #ffffff;\"><strong>ALQUILERES<\/strong><\/span><\/h2>\n<p style=\"text-align: center;\"><span style=\"color: #ffffff;\">Tenemos una amplia gama de juguetes disponibles para alquilar en nuestras tiendas de Puerto Portals y Port Adriano, desde motos acu\u00e1ticas a Seabob&#8217;s, hinchables, SUP&#8217;s, Flyboards y \u00a1mucho m\u00e1s!<\/span><\/p>\n<p>[\/vc_column_text][vc_btn title=&#8221;Saber m\u00e1s&#8221; style=&#8221;outline&#8221; shape=&#8221;square&#8221; color=&#8221;white&#8221; align=&#8221;center&#8221; link=&#8221;url:https%3A%2F%2Fnauti-parts.com%2Frentals%2F|&#8221;][vc_empty_space height=&#8221;65px&#8221;][\/vc_column][vc_column width=&#8221;1\/2&#8243; css=&#8221;.vc_custom_1492685151916{padding-top: 5% !important;padding-right: 12% !important;padding-bottom: 5% !important;padding-left: 12% !important;background: #333333 url(https:\/\/nauti-parts.com\/wp-content\/uploads\/2015\/09\/rotax-engine.jpg?id=1380) !important;}&#8221;][vc_empty_space height=&#8221;65px&#8221;][vc_column_text css=&#8221;.vc_custom_1479828684464{margin-top: -20px !important;}&#8221;]<\/p>\n<h2 style=\"text-align: center;\"><span style=\"color: #ffffff;\"><strong>ALMACENAJE<\/strong><\/span><\/h2>\n<p style=\"text-align: center;\"><span style=\"color: #ffffff;\">Ofrecemos una soluci\u00f3n completa de almacenamiento e invernaje para todas tus necesidades de juguetes acu\u00e1ticos, todo desde nuestras instalaciones seguras de Santa Ponsa.<\/span><\/p>\n<p>[\/vc_column_text][vc_btn title=&#8221;Saber m\u00e1s&#8221; style=&#8221;outline&#8221; shape=&#8221;square&#8221; color=&#8221;white&#8221; align=&#8221;center&#8221; link=&#8221;url:https%3A%2F%2Fnauti-parts.com%2Fservice%2F|&#8221;][vc_empty_space height=&#8221;65px&#8221;][\/vc_column][\/vc_row][vc_row css=&#8221;.vc_custom_1415882190006{border-bottom-width: 1px !important;padding-top: 6% !important;padding-bottom: 4% !important;background-position: center !important;background-repeat: no-repeat !important;background-size: cover !important;border-bottom-color: #dddddd !important;border-bottom-style: solid !important;}&#8221; background_style=&#8221;normal&#8221;][vc_column][vc_empty_space height=&#8221;30px&#8221;][vc_column_text css=&#8221;.vc_custom_1479828377370{margin-bottom: 20px !important;}&#8221;]<\/p>\n<h2 style=\"text-align: center;\"><strong>\u00bfQuieres saber m\u00e1s?<\/strong><\/h2>\n<p>[\/vc_column_text][vc_column_text]<\/p>\n<p style=\"text-align: center;\">Ponte en contacto con nosotros hoy mismo para obtener m\u00e1s informaci\u00f3n sobre cualquiera de nuestros productos o servicios.<\/p>\n<p>[\/vc_column_text][vc_btn title=&#8221;Ponte en contacto con nosotros&#8221; style=&#8221;flat&#8221; shape=&#8221;square&#8221; color=&#8221;black&#8221; size=&#8221;lg&#8221; align=&#8221;center&#8221; link=&#8221;url:https%3A%2F%2Fnauti-parts.com%2Fcontact%2F|&#8221;][vc_empty_space height=&#8221;30px&#8221;][\/vc_column][\/vc_row]<\/p>\n<\/div>","protected":false},"excerpt":{"rendered":"<p>[vc_row content_placement=&#8221;bottom&#8221; height=&#8221;550&#8243; font_color=&#8221;#000000&#8243; css=&#8221;.vc_custom_1759313218495{padding-top: 20% !important;padding-bottom: 3% !important;background-image: url(https:\/\/nauti-parts.com\/wp-content\/uploads\/2025\/10\/about-nauti-parts.jpg?id=19830) !important;background-position: center !important;background-repeat: no-repeat !important;background-size: cover !important;}&#8221; background_style=&#8221;parallax&#8221;][vc_column css=&#8221;.vc_custom_1479830058137{padding-bottom: 50px !important;}&#8221;][vc_row_inner content_placement=&#8221;bottom&#8221; font_color=&#8221;#ffffff&#8221; el_id=&#8221;intro&#8221;][vc_column_inner width=&#8221;1\/6&#8243;][\/vc_column_inner][vc_column_inner el_class=&#8221;hide-mobile&#8221; width=&#8221;2\/3&#8243; css=&#8221;.vc_custom_1725713288295{margin-bottom: 160px !important;}&#8221;][vc_column_text css=&#8221;.vc_custom_1499776816740{margin-top: 0px !important;border-top-width: 0px !important;padding-top: 0px !important;}&#8221;] Acerca de Nauti Parts Fundada en 1995, Nauti Parts es ahora la empresa l\u00edder en deportes acu\u00e1ticos y [&hellip;]<\/p>\n","protected":false},"author":1,"featured_media":0,"parent":0,"menu_order":0,"comment_status":"closed","ping_status":"closed","template":"page-full-width.php","meta":{"_acf_changed":false,"footnotes":""},"class_list":["post-20598","page","type-page","status-publish","hentry","repupress_customize_woocommerce_productom_class"],"acf":[],"yoast_head":"<!-- This site is optimized with the Yoast SEO plugin v27.5 - https:\/\/yoast.com\/product\/yoast-seo-wordpress\/ -->\n<title>Nauti Parts - La empresa de deportes acu\u00e1ticos con m\u00e1s solera de Mallorca<\/title>\n<meta name=\"description\" content=\"Somos la empresa de deportes acu\u00e1ticos m\u00e1s consolidada de Mallorca, concesionario oficial de Sea-Doo y Seabob y agente de servicios que suministra a los superyates los \u00faltimos juguetes\" \/>\n<meta name=\"robots\" content=\"index, follow, max-snippet:-1, max-image-preview:large, max-video-preview:-1\" \/>\n<link rel=\"canonical\" href=\"https:\/\/nauti-parts.com\/es\/quienes-somos\/\" \/>\n<meta property=\"og:locale\" content=\"es_ES\" \/>\n<meta property=\"og:type\" content=\"article\" \/>\n<meta property=\"og:title\" content=\"Nauti Parts - La empresa de deportes acu\u00e1ticos con m\u00e1s solera de Mallorca\" \/>\n<meta property=\"og:description\" content=\"Somos la empresa de deportes acu\u00e1ticos m\u00e1s consolidada de Mallorca, concesionario oficial de Sea-Doo y Seabob y agente de servicios que suministra a los superyates los \u00faltimos juguetes\" \/>\n<meta property=\"og:url\" content=\"https:\/\/nauti-parts.com\/es\/quienes-somos\/\" \/>\n<meta property=\"og:site_name\" content=\"Nauti Parts\" \/>\n<meta property=\"article:publisher\" content=\"https:\/\/www.facebook.com\/nautipartsspain\/\" \/>\n<meta property=\"article:modified_time\" content=\"2026-03-30T09:52:08+00:00\" \/>\n<meta property=\"og:image\" content=\"https:\/\/nauti-parts.com\/wp-content\/uploads\/2019\/05\/Sea-Doo-jetskis-mallorca.jpg\" \/>\n\t<meta property=\"og:image:width\" content=\"900\" \/>\n\t<meta property=\"og:image:height\" content=\"500\" \/>\n\t<meta property=\"og:image:type\" content=\"image\/jpeg\" \/>\n<meta name=\"twitter:card\" content=\"summary_large_image\" \/>\n<meta name=\"twitter:label1\" content=\"Tiempo de lectura\" \/>\n\t<meta name=\"twitter:data1\" content=\"6 minutos\" \/>\n<script type=\"application\/ld+json\" class=\"yoast-schema-graph\">{\"@context\":\"https:\\\/\\\/schema.org\",\"@graph\":[{\"@type\":\"WebPage\",\"@id\":\"https:\\\/\\\/nauti-parts.com\\\/es\\\/quienes-somos\\\/\",\"url\":\"https:\\\/\\\/nauti-parts.com\\\/es\\\/quienes-somos\\\/\",\"name\":\"Nauti Parts - La empresa de deportes acu\u00e1ticos con m\u00e1s solera de Mallorca\",\"isPartOf\":{\"@id\":\"https:\\\/\\\/nauti-parts.com\\\/es\\\/#website\"},\"datePublished\":\"2015-09-23T09:33:00+00:00\",\"dateModified\":\"2026-03-30T09:52:08+00:00\",\"description\":\"Somos la empresa de deportes acu\u00e1ticos m\u00e1s consolidada de Mallorca, concesionario oficial de Sea-Doo y Seabob y agente de servicios que suministra a los superyates los \u00faltimos juguetes\",\"inLanguage\":\"es\",\"potentialAction\":[{\"@type\":\"ReadAction\",\"target\":[\"https:\\\/\\\/nauti-parts.com\\\/es\\\/quienes-somos\\\/\"]}]},{\"@type\":\"WebSite\",\"@id\":\"https:\\\/\\\/nauti-parts.com\\\/es\\\/#website\",\"url\":\"https:\\\/\\\/nauti-parts.com\\\/es\\\/\",\"name\":\"Nauti Parts\",\"description\":\"Sea-Doo Jet Ski - Seabob Dealer and Rentals | Water Toys Mallorca\",\"publisher\":{\"@id\":\"https:\\\/\\\/nauti-parts.com\\\/es\\\/#organization\"},\"potentialAction\":[{\"@type\":\"SearchAction\",\"target\":{\"@type\":\"EntryPoint\",\"urlTemplate\":\"https:\\\/\\\/nauti-parts.com\\\/es\\\/?s={search_term_string}\"},\"query-input\":{\"@type\":\"PropertyValueSpecification\",\"valueRequired\":true,\"valueName\":\"search_term_string\"}}],\"inLanguage\":\"es\"},{\"@type\":\"Organization\",\"@id\":\"https:\\\/\\\/nauti-parts.com\\\/es\\\/#organization\",\"name\":\"Piezas Nauti\",\"url\":\"https:\\\/\\\/nauti-parts.com\\\/es\\\/\",\"logo\":{\"@type\":\"ImageObject\",\"inLanguage\":\"es\",\"@id\":\"https:\\\/\\\/nauti-parts.com\\\/es\\\/#\\\/schema\\\/logo\\\/image\\\/\",\"url\":\"https:\\\/\\\/nauti-parts.com\\\/wp-content\\\/uploads\\\/2023\\\/10\\\/np-logo-black.png\",\"contentUrl\":\"https:\\\/\\\/nauti-parts.com\\\/wp-content\\\/uploads\\\/2023\\\/10\\\/np-logo-black.png\",\"width\":253,\"height\":100,\"caption\":\"Piezas Nauti\"},\"image\":{\"@id\":\"https:\\\/\\\/nauti-parts.com\\\/es\\\/#\\\/schema\\\/logo\\\/image\\\/\"},\"sameAs\":[\"https:\\\/\\\/www.facebook.com\\\/nautipartsspain\\\/\",\"https:\\\/\\\/www.instagram.com\\\/nautiparts\\\/\"]}]}<\/script>\n<!-- \/ Yoast SEO plugin. -->","yoast_head_json":{"title":"Nauti Parts - La empresa de deportes acu\u00e1ticos con m\u00e1s solera de Mallorca","description":"Somos la empresa de deportes acu\u00e1ticos m\u00e1s consolidada de Mallorca, concesionario oficial de Sea-Doo y Seabob y agente de servicios que suministra a los superyates los \u00faltimos juguetes","robots":{"index":"index","follow":"follow","max-snippet":"max-snippet:-1","max-image-preview":"max-image-preview:large","max-video-preview":"max-video-preview:-1"},"canonical":"https:\/\/nauti-parts.com\/es\/quienes-somos\/","og_locale":"es_ES","og_type":"article","og_title":"Nauti Parts - La empresa de deportes acu\u00e1ticos con m\u00e1s solera de Mallorca","og_description":"Somos la empresa de deportes acu\u00e1ticos m\u00e1s consolidada de Mallorca, concesionario oficial de Sea-Doo y Seabob y agente de servicios que suministra a los superyates los \u00faltimos juguetes","og_url":"https:\/\/nauti-parts.com\/es\/quienes-somos\/","og_site_name":"Nauti Parts","article_publisher":"https:\/\/www.facebook.com\/nautipartsspain\/","article_modified_time":"2026-03-30T09:52:08+00:00","og_image":[{"width":900,"height":500,"url":"https:\/\/nauti-parts.com\/wp-content\/uploads\/2019\/05\/Sea-Doo-jetskis-mallorca.jpg","type":"image\/jpeg"}],"twitter_card":"summary_large_image","twitter_misc":{"Tiempo de lectura":"6 minutos"},"schema":{"@context":"https:\/\/schema.org","@graph":[{"@type":"WebPage","@id":"https:\/\/nauti-parts.com\/es\/quienes-somos\/","url":"https:\/\/nauti-parts.com\/es\/quienes-somos\/","name":"Nauti Parts - La empresa de deportes acu\u00e1ticos con m\u00e1s solera de Mallorca","isPartOf":{"@id":"https:\/\/nauti-parts.com\/es\/#website"},"datePublished":"2015-09-23T09:33:00+00:00","dateModified":"2026-03-30T09:52:08+00:00","description":"Somos la empresa de deportes acu\u00e1ticos m\u00e1s consolidada de Mallorca, concesionario oficial de Sea-Doo y Seabob y agente de servicios que suministra a los superyates los \u00faltimos juguetes","inLanguage":"es","potentialAction":[{"@type":"ReadAction","target":["https:\/\/nauti-parts.com\/es\/quienes-somos\/"]}]},{"@type":"WebSite","@id":"https:\/\/nauti-parts.com\/es\/#website","url":"https:\/\/nauti-parts.com\/es\/","name":"Nauti Parts","description":"Sea-Doo Jet Ski - Seabob Dealer and Rentals | Water Toys Mallorca","publisher":{"@id":"https:\/\/nauti-parts.com\/es\/#organization"},"potentialAction":[{"@type":"SearchAction","target":{"@type":"EntryPoint","urlTemplate":"https:\/\/nauti-parts.com\/es\/?s={search_term_string}"},"query-input":{"@type":"PropertyValueSpecification","valueRequired":true,"valueName":"search_term_string"}}],"inLanguage":"es"},{"@type":"Organization","@id":"https:\/\/nauti-parts.com\/es\/#organization","name":"Piezas Nauti","url":"https:\/\/nauti-parts.com\/es\/","logo":{"@type":"ImageObject","inLanguage":"es","@id":"https:\/\/nauti-parts.com\/es\/#\/schema\/logo\/image\/","url":"https:\/\/nauti-parts.com\/wp-content\/uploads\/2023\/10\/np-logo-black.png","contentUrl":"https:\/\/nauti-parts.com\/wp-content\/uploads\/2023\/10\/np-logo-black.png","width":253,"height":100,"caption":"Piezas Nauti"},"image":{"@id":"https:\/\/nauti-parts.com\/es\/#\/schema\/logo\/image\/"},"sameAs":["https:\/\/www.facebook.com\/nautipartsspain\/","https:\/\/www.instagram.com\/nautiparts\/"]}]}},"_links":{"self":[{"href":"https:\/\/nauti-parts.com\/es\/wp-json\/wp\/v2\/pages\/20598","targetHints":{"allow":["GET"]}}],"collection":[{"href":"https:\/\/nauti-parts.com\/es\/wp-json\/wp\/v2\/pages"}],"about":[{"href":"https:\/\/nauti-parts.com\/es\/wp-json\/wp\/v2\/types\/page"}],"author":[{"embeddable":true,"href":"https:\/\/nauti-parts.com\/es\/wp-json\/wp\/v2\/users\/1"}],"replies":[{"embeddable":true,"href":"https:\/\/nauti-parts.com\/es\/wp-json\/wp\/v2\/comments?post=20598"}],"version-history":[{"count":0,"href":"https:\/\/nauti-parts.com\/es\/wp-json\/wp\/v2\/pages\/20598\/revisions"}],"wp:attachment":[{"href":"https:\/\/nauti-parts.com\/es\/wp-json\/wp\/v2\/media?parent=20598"}],"curies":[{"name":"wp","href":"https:\/\/api.w.org\/{rel}","templated":true}]}}