{"id":26258,"date":"2026-04-27T08:51:05","date_gmt":"2026-04-27T08:51:05","guid":{"rendered":"https:\/\/nauti-parts.com\/?post_type=product&#038;p=26258"},"modified":"2026-04-27T09:30:47","modified_gmt":"2026-04-27T09:30:47","slug":"waydoo-subnado-seescooter-copy","status":"publish","type":"product","link":"https:\/\/nauti-parts.com\/de\/shop\/bretter-skier\/e-folien\/waydoo\/waydoo-subnado-seescooter-copy\/","title":{"rendered":"Waydoo Subnado Plus Seescooter"},"content":{"rendered":"<div id=\"model-response-message-contentr_90fe792d02e382e1\" class=\"markdown markdown-main-panel enable-updated-hr-color\" dir=\"ltr\">\n<h3 data-path-to-node=\"2\">Waydoo Subnado Plus &#8211; Der ultimative kompakte Unterwasser-Scooter<\/h3>\n<hr>\n<p id=\"p-rc_eb981c058b35f9f5-31\" data-path-to-node=\"3\"><b data-path-to-node=\"3\" data-index-in-node=\"0\">Erleben Sie die n\u00e4chste Stufe des Unterwasserantriebs.  <span class=\"citation-27\">Mehr Leistung, mehr Geschwindigkeit und l\u00e4ngere Laufzeiten in einem ultra-portablen Design.<\/span><\/b><\/p>\n<p id=\"p-rc_eb981c058b35f9f5-32\" data-path-to-node=\"4\">Der Waydoo Subnado Plus ist das leistungsstarke Upgrade des kleinsten Unterwasserscooters der Welt.  <span class=\"citation-26 citation-end-26\">Die Plus-Version wurde f\u00fcr Taucher, Schnorchler und Wassersportler entwickelt, die zus\u00e4tzlichen Schub ben\u00f6tigen. Sie liefert eine beeindruckende Leistung von 800 W, mit der Sie m\u00fchelos durch das Wasser gleiten k\u00f6nnen.<\/span>  Ob Sie nun Korallenriffe erforschen, Ihr SUP verst\u00e4rken oder filmische Unterwasseraufnahmen machen, der Subnado Plus ist Ihr perfekter Begleiter im Wasser.<\/p>\n<hr>\n<h3 data-path-to-node=\"5\">Wichtige Merkmale:<\/h3>\n<ul data-path-to-node=\"6\">\n<li>\n<p id=\"p-rc_eb981c058b35f9f5-33\" data-path-to-node=\"6,0,0\"><b data-path-to-node=\"6,0,0\" data-index-in-node=\"0\">Verbesserter 800W Motor:<\/b><span class=\"citation-25 citation-end-25\"> Liefert bis zu 9,3 kg Schubkraft und erreicht Geschwindigkeiten von 1,7 m\/s (Einzelger\u00e4t) bzw. 2,4 m\/s in der Konfiguration mit zwei Ger\u00e4ten.<\/span><\/p>\n<\/li>\n<li>\n<p id=\"p-rc_eb981c058b35f9f5-34\" data-path-to-node=\"6,1,0\"><b data-path-to-node=\"6,1,0\" data-index-in-node=\"0\">Zugelassen f\u00fcr Fluggesellschaften:<\/b><span class=\"citation-24 citation-end-24\"> Trotz seiner erh\u00f6hten Leistung ist der 144-Wh-Akku f\u00fcr Reisen ausgelegt und damit der ultimative Begleiter f\u00fcr Ihre weltweiten Abenteuer.<\/span><\/p>\n<\/li>\n<li>\n<p id=\"p-rc_eb981c058b35f9f5-35\" data-path-to-node=\"6,2,0\"><b data-path-to-node=\"6,2,0\" data-index-in-node=\"0\"><span class=\"citation-23\">Quick-Release Befestigungssystem:<\/span><\/b><span class=\"citation-23 citation-end-23\"> Ein vielseitiges \u00d6kosystem, mit dem Sie den Subnado an Ihren Armen, Beinen oder sogar an Ihrem Surfbrett und SUP befestigen k\u00f6nnen.<\/span><\/p>\n<\/li>\n<li>\n<p id=\"p-rc_eb981c058b35f9f5-36\" data-path-to-node=\"6,3,0\"><b data-path-to-node=\"6,3,0\" data-index-in-node=\"0\">Schnelles Aufladen &amp; Powerbank-Modus:<\/b><span class=\"citation-22 citation-end-22\"> Verf\u00fcgt \u00fcber 140W bi-direktionale PD3.1-Schnellladung (0-100% in ca.<\/span> 1,2 Stunden) und kann sogar Ihre GoPro oder Ihr Smartphone aufladen.<\/p>\n<\/li>\n<li>\n<p id=\"p-rc_eb981c058b35f9f5-37\" data-path-to-node=\"6,4,0\"><b data-path-to-node=\"6,4,0\" data-index-in-node=\"0\"><span class=\"citation-21\">Intuitive Steuerung:<\/span><\/b><span class=\"citation-21 citation-end-21\"> Enth\u00e4lt einen kabelgebundenen Daumen-Controller f\u00fcr pr\u00e4zises Geschwindigkeitsmanagement und eine Fingerring-Fernbedienung f\u00fcr echtes freih\u00e4ndiges Erkunden.<\/span><\/p>\n<\/li>\n<\/ul>\n<hr>\n<h3 data-path-to-node=\"7\">Tiefer eintauchen, weiter erforschen<\/h3>\n<p id=\"p-rc_eb981c058b35f9f5-38\" data-path-to-node=\"8\"><span class=\"citation-20\">Der Subnado Plus ist aus robustem, flugzeugtauglichem Aluminium gefertigt und wasserdicht bis zu einer Tiefe von <\/span><b data-path-to-node=\"8\" data-index-in-node=\"89\"><span class=\"citation-20\">60 Meter (197 ft)<\/span><\/b><span class=\"citation-20 citation-end-20\">.<\/span> <span class=\"citation-19 citation-end-19\">Sein einzigartiges Jet-Antriebssystem ist auf Effizienz optimiert und sorgt f\u00fcr eine sanfte und leise Fahrt, die die Meeresbewohner nicht st\u00f6rt.<\/span> <span class=\"citation-18 citation-end-18\">Mit drei Gangstufen k\u00f6nnen Sie zwischen einer gem\u00e4chlichen Fahrt und einem schnellen &#8220;Super Gear&#8221; w\u00e4hlen, wenn Sie den Extrakick brauchen.<\/span><\/p>\n<hr data-path-to-node=\"9\">\n<h3 data-path-to-node=\"10\">Technische Daten:<\/h3>\n<table data-path-to-node=\"11\">\n<thead>\n<tr>\n<td><strong>Merkmal<\/strong><\/td>\n<td><strong>Spezifikation<\/strong><\/td>\n<\/tr>\n<\/thead>\n<tbody>\n<tr>\n<td><span data-path-to-node=\"11,1,0,0\"><b data-path-to-node=\"11,1,0,0\" data-index-in-node=\"0\">Motor Leistung<\/b><\/span><\/td>\n<td><span data-path-to-node=\"11,1,1,0\">800W<\/span><\/td>\n<\/tr>\n<tr>\n<td><span data-path-to-node=\"11,2,0,0\"><b data-path-to-node=\"11,2,0,0\" data-index-in-node=\"0\">Max. Schubkraft<\/b><\/span><\/td>\n<td><span data-path-to-node=\"11,2,1,0\">9,3 kg (20,5 lbs)<\/span><\/td>\n<\/tr>\n<tr>\n<td><span data-path-to-node=\"11,3,0,0\"><b data-path-to-node=\"11,3,0,0\" data-index-in-node=\"0\">Maximale Geschwindigkeit<\/b><\/span><\/td>\n<td><span data-path-to-node=\"11,3,1,0\">1,7 m\/s (einfach) \/ 2,4 m\/s (doppelt)<\/span><\/td>\n<\/tr>\n<tr>\n<td><span data-path-to-node=\"11,4,0,0\"><b data-path-to-node=\"11,4,0,0\" data-index-in-node=\"0\">Maximale Tiefe<\/b><\/span><\/td>\n<td><span data-path-to-node=\"11,4,1,0\">60 Meter (197 ft)<\/span><\/td>\n<\/tr>\n<tr>\n<td><span data-path-to-node=\"11,5,0,0\"><b data-path-to-node=\"11,5,0,0\" data-index-in-node=\"0\">Maximale Laufzeit<\/b><\/span><\/td>\n<td><span data-path-to-node=\"11,5,1,0\">Bis zu 60 Minuten<\/span><\/td>\n<\/tr>\n<tr>\n<td><span data-path-to-node=\"11,6,0,0\"><b data-path-to-node=\"11,6,0,0\" data-index-in-node=\"0\">Akku-Kapazit\u00e4t<\/b><\/span><\/td>\n<td><span data-path-to-node=\"11,6,1,0\">144Wh Li-Ion (f\u00fcr Fluggesellschaften zugelassen)<\/span><\/td>\n<\/tr>\n<tr>\n<td><span data-path-to-node=\"11,7,0,0\"><b data-path-to-node=\"11,7,0,0\" data-index-in-node=\"0\">Aufladezeit<\/b><\/span><\/td>\n<td><span data-path-to-node=\"11,7,1,0\">~1,2 Stunden (\u00fcber 140W PD3.1 Schnellladung)<\/span><\/td>\n<\/tr>\n<tr>\n<td><span data-path-to-node=\"11,8,0,0\"><b data-path-to-node=\"11,8,0,0\" data-index-in-node=\"0\">Gewicht<\/b><\/span><\/td>\n<td><span data-path-to-node=\"11,8,1,0\">1,8 kg (4,0 lbs)<\/span><\/td>\n<\/tr>\n<tr>\n<td><span data-path-to-node=\"11,9,0,0\"><b data-path-to-node=\"11,9,0,0\" data-index-in-node=\"0\">Abmessungen<\/b><\/span><\/td>\n<td><span data-path-to-node=\"11,9,1,0\">397 x 70 x 70 mm<\/span><\/td>\n<\/tr>\n<tr>\n<td><span data-path-to-node=\"11,10,0,0\"><b data-path-to-node=\"11,10,0,0\" data-index-in-node=\"0\">Materialien<\/b><\/span><\/td>\n<td><span data-path-to-node=\"11,10,1,0\">Aluminium-Legierung, EPP-Schaum, Harz<\/span><\/td>\n<\/tr>\n<tr>\n<td><span data-path-to-node=\"11,11,0,0\"><b data-path-to-node=\"11,11,0,0\" data-index-in-node=\"0\">Konnektivit\u00e4t<\/b><\/span><\/td>\n<td><span data-path-to-node=\"11,11,1,0\">USB-C (bi-direktional)<\/span><\/td>\n<\/tr>\n<tr>\n<td><span data-path-to-node=\"11,12,0,0\"><b data-path-to-node=\"11,12,0,0\" data-index-in-node=\"0\">Befestigung<\/b><\/span><\/td>\n<td><span data-path-to-node=\"11,12,1,0\">1\/4-20 UNC Schraube (Kompatibel mit GoPro)<\/span><\/td>\n<\/tr>\n<\/tbody>\n<\/table>\n<p>&nbsp;<\/p>\n<hr>\n<h3 data-path-to-node=\"12\">Was ist in der Box?<\/h3>\n<ul data-path-to-node=\"13\">\n<li>\n<p data-path-to-node=\"13,0,0\">1x Waydoo Subnado Plus Haupteinheit<\/p>\n<\/li>\n<li>\n<p id=\"p-rc_eb981c058b35f9f5-39\" data-path-to-node=\"13,1,0\"><span class=\"citation-17 citation-end-17\">1x Kabelgebundener Daumen-Controller (Standard)<\/span><\/p>\n<\/li>\n<li>\n<p data-path-to-node=\"13,2,0\">1x Subnado Plus Griffhalterung<\/p>\n<\/li>\n<li>\n<p id=\"p-rc_eb981c058b35f9f5-40\" data-path-to-node=\"13,3,0\"><span class=\"citation-16 citation-end-16\">1x Armhalterung &amp; Riemen<\/span><\/p>\n<\/li>\n<li>\n<p id=\"p-rc_eb981c058b35f9f5-41\" data-path-to-node=\"13,4,0\"><span class=\"citation-15 citation-end-15\">1x USB-C-Ladekabel<\/span><\/p>\n<\/li>\n<li>\n<p id=\"p-rc_eb981c058b35f9f5-42\" data-path-to-node=\"13,5,0\"><span class=\"citation-14 citation-end-14\">Ersatz-O-Ringe &amp; Propellerstift<\/span><\/p>\n<\/li>\n<\/ul>\n<\/div>\n","protected":false},"excerpt":{"rendered":"<h2 class=\"h1 appear-delay\">Langanhaltende Leistung &#8211; Unbegrenzter Spa\u00df<\/h2>\n<div class=\"rte appear-delay-1\">\n<p>Bis zu 60 Minuten Laufzeit f\u00fcr die Erkundung der Unterwasserwelt.<\/p>\n<\/div>\n<p>Preise inklusive IVA und Lieferung (25\u20ac)<\/p>\n","protected":false},"featured_media":26274,"comment_status":"open","ping_status":"closed","template":"","meta":{"_acf_changed":false},"product_brand":[],"product_cat":[245,205,353],"product_tag":[],"class_list":{"0":"post-26258","1":"product","2":"type-product","3":"status-publish","4":"has-post-thumbnail","6":"product_cat-seascooter","7":"product_cat-wasserspielzeug","8":"product_cat-waydoo","9":"repupress_customize_woocommerce_productom_class","11":"first","12":"instock","13":"taxable","14":"shipping-taxable","15":"purchasable","16":"product-type-simple"},"acf":[],"yoast_head":"<!-- This site is optimized with the Yoast SEO plugin v27.5 - https:\/\/yoast.com\/product\/yoast-seo-wordpress\/ -->\n<title>Waydoo Subnado Plus Seescooter | Nauti Parts<\/title>\n<meta name=\"robots\" content=\"index, follow, max-snippet:-1, max-image-preview:large, max-video-preview:-1\" \/>\n<link rel=\"canonical\" href=\"https:\/\/nauti-parts.com\/de\/shop\/bretter-skier\/e-folien\/waydoo\/waydoo-subnado-seescooter-copy\/\" \/>\n<meta property=\"og:locale\" content=\"de_DE\" \/>\n<meta property=\"og:type\" content=\"article\" \/>\n<meta property=\"og:title\" content=\"Waydoo Subnado Plus Seescooter | Nauti Parts\" \/>\n<meta property=\"og:description\" content=\"Langanhaltende Leistung - Unbegrenzter Spa\u00df  Bis zu 60 Minuten Laufzeit f\u00fcr die Erkundung der Unterwasserwelt.  Preise inklusive IVA und Lieferung (25\u20ac)\" \/>\n<meta property=\"og:url\" content=\"https:\/\/nauti-parts.com\/de\/shop\/bretter-skier\/e-folien\/waydoo\/waydoo-subnado-seescooter-copy\/\" \/>\n<meta property=\"og:site_name\" content=\"Nauti Parts\" \/>\n<meta property=\"article:publisher\" content=\"https:\/\/www.facebook.com\/nautipartsspain\/\" \/>\n<meta property=\"article:modified_time\" content=\"2026-04-27T09:30:47+00:00\" \/>\n<meta property=\"og:image\" content=\"https:\/\/nauti-parts.com\/wp-content\/uploads\/2026\/04\/waydoo-subnado-plus--1.webp\" \/>\n\t<meta property=\"og:image:width\" content=\"1500\" \/>\n\t<meta property=\"og:image:height\" content=\"1500\" \/>\n\t<meta property=\"og:image:type\" content=\"image\/webp\" \/>\n<meta name=\"twitter:card\" content=\"summary_large_image\" \/>\n<meta name=\"twitter:label1\" content=\"Gesch\u00e4tzte Lesezeit\" \/>\n\t<meta name=\"twitter:data1\" content=\"2\u00a0Minuten\" \/>\n<script type=\"application\/ld+json\" class=\"yoast-schema-graph\">{\"@context\":\"https:\\\/\\\/schema.org\",\"@graph\":[{\"@type\":\"WebPage\",\"@id\":\"https:\\\/\\\/nauti-parts.com\\\/de\\\/shop\\\/bretter-skier\\\/e-folien\\\/waydoo\\\/waydoo-subnado-seescooter-copy\\\/\",\"url\":\"https:\\\/\\\/nauti-parts.com\\\/de\\\/shop\\\/bretter-skier\\\/e-folien\\\/waydoo\\\/waydoo-subnado-seescooter-copy\\\/\",\"name\":\"Waydoo Subnado Plus Seescooter | Nauti Parts\",\"isPartOf\":{\"@id\":\"https:\\\/\\\/nauti-parts.com\\\/de\\\/#website\"},\"primaryImageOfPage\":{\"@id\":\"https:\\\/\\\/nauti-parts.com\\\/de\\\/shop\\\/bretter-skier\\\/e-folien\\\/waydoo\\\/waydoo-subnado-seescooter-copy\\\/#primaryimage\"},\"image\":{\"@id\":\"https:\\\/\\\/nauti-parts.com\\\/de\\\/shop\\\/bretter-skier\\\/e-folien\\\/waydoo\\\/waydoo-subnado-seescooter-copy\\\/#primaryimage\"},\"thumbnailUrl\":\"https:\\\/\\\/nauti-parts.com\\\/wp-content\\\/uploads\\\/2026\\\/04\\\/waydoo-subnado-plus--1.webp\",\"datePublished\":\"2026-04-27T08:51:05+00:00\",\"dateModified\":\"2026-04-27T09:30:47+00:00\",\"breadcrumb\":{\"@id\":\"https:\\\/\\\/nauti-parts.com\\\/de\\\/shop\\\/bretter-skier\\\/e-folien\\\/waydoo\\\/waydoo-subnado-seescooter-copy\\\/#breadcrumb\"},\"inLanguage\":\"de\",\"potentialAction\":[{\"@type\":\"ReadAction\",\"target\":[\"https:\\\/\\\/nauti-parts.com\\\/de\\\/shop\\\/bretter-skier\\\/e-folien\\\/waydoo\\\/waydoo-subnado-seescooter-copy\\\/\"]}]},{\"@type\":\"ImageObject\",\"inLanguage\":\"de\",\"@id\":\"https:\\\/\\\/nauti-parts.com\\\/de\\\/shop\\\/bretter-skier\\\/e-folien\\\/waydoo\\\/waydoo-subnado-seescooter-copy\\\/#primaryimage\",\"url\":\"https:\\\/\\\/nauti-parts.com\\\/wp-content\\\/uploads\\\/2026\\\/04\\\/waydoo-subnado-plus--1.webp\",\"contentUrl\":\"https:\\\/\\\/nauti-parts.com\\\/wp-content\\\/uploads\\\/2026\\\/04\\\/waydoo-subnado-plus--1.webp\",\"width\":1500,\"height\":1500},{\"@type\":\"BreadcrumbList\",\"@id\":\"https:\\\/\\\/nauti-parts.com\\\/de\\\/shop\\\/bretter-skier\\\/e-folien\\\/waydoo\\\/waydoo-subnado-seescooter-copy\\\/#breadcrumb\",\"itemListElement\":[{\"@type\":\"ListItem\",\"position\":1,\"name\":\"Shop\",\"item\":\"https:\\\/\\\/nauti-parts.com\\\/de\\\/shop\\\/\"},{\"@type\":\"ListItem\",\"position\":2,\"name\":\"Waydoo Subnado Plus Seescooter\"}]},{\"@type\":\"WebSite\",\"@id\":\"https:\\\/\\\/nauti-parts.com\\\/de\\\/#website\",\"url\":\"https:\\\/\\\/nauti-parts.com\\\/de\\\/\",\"name\":\"Nauti Parts\",\"description\":\"Sea-Doo Jet Ski - Seabob Dealer and Rentals | Water Toys Mallorca\",\"publisher\":{\"@id\":\"https:\\\/\\\/nauti-parts.com\\\/de\\\/#organization\"},\"potentialAction\":[{\"@type\":\"SearchAction\",\"target\":{\"@type\":\"EntryPoint\",\"urlTemplate\":\"https:\\\/\\\/nauti-parts.com\\\/de\\\/?s={search_term_string}\"},\"query-input\":{\"@type\":\"PropertyValueSpecification\",\"valueRequired\":true,\"valueName\":\"search_term_string\"}}],\"inLanguage\":\"de\"},{\"@type\":\"Organization\",\"@id\":\"https:\\\/\\\/nauti-parts.com\\\/de\\\/#organization\",\"name\":\"Nauti Teile\",\"url\":\"https:\\\/\\\/nauti-parts.com\\\/de\\\/\",\"logo\":{\"@type\":\"ImageObject\",\"inLanguage\":\"de\",\"@id\":\"https:\\\/\\\/nauti-parts.com\\\/de\\\/#\\\/schema\\\/logo\\\/image\\\/\",\"url\":\"https:\\\/\\\/nauti-parts.com\\\/wp-content\\\/uploads\\\/2023\\\/10\\\/np-logo-black.png\",\"contentUrl\":\"https:\\\/\\\/nauti-parts.com\\\/wp-content\\\/uploads\\\/2023\\\/10\\\/np-logo-black.png\",\"width\":253,\"height\":100,\"caption\":\"Nauti Teile\"},\"image\":{\"@id\":\"https:\\\/\\\/nauti-parts.com\\\/de\\\/#\\\/schema\\\/logo\\\/image\\\/\"},\"sameAs\":[\"https:\\\/\\\/www.facebook.com\\\/nautipartsspain\\\/\",\"https:\\\/\\\/www.instagram.com\\\/nautiparts\\\/\"]}]}<\/script>\n<!-- \/ Yoast SEO plugin. -->","yoast_head_json":{"title":"Waydoo Subnado Plus Seescooter | Nauti Parts","robots":{"index":"index","follow":"follow","max-snippet":"max-snippet:-1","max-image-preview":"max-image-preview:large","max-video-preview":"max-video-preview:-1"},"canonical":"https:\/\/nauti-parts.com\/de\/shop\/bretter-skier\/e-folien\/waydoo\/waydoo-subnado-seescooter-copy\/","og_locale":"de_DE","og_type":"article","og_title":"Waydoo Subnado Plus Seescooter | Nauti Parts","og_description":"Langanhaltende Leistung - Unbegrenzter Spa\u00df  Bis zu 60 Minuten Laufzeit f\u00fcr die Erkundung der Unterwasserwelt.  Preise inklusive IVA und Lieferung (25\u20ac)","og_url":"https:\/\/nauti-parts.com\/de\/shop\/bretter-skier\/e-folien\/waydoo\/waydoo-subnado-seescooter-copy\/","og_site_name":"Nauti Parts","article_publisher":"https:\/\/www.facebook.com\/nautipartsspain\/","article_modified_time":"2026-04-27T09:30:47+00:00","og_image":[{"width":1500,"height":1500,"url":"https:\/\/nauti-parts.com\/wp-content\/uploads\/2026\/04\/waydoo-subnado-plus--1.webp","type":"image\/webp"}],"twitter_card":"summary_large_image","twitter_misc":{"Gesch\u00e4tzte Lesezeit":"2\u00a0Minuten"},"schema":{"@context":"https:\/\/schema.org","@graph":[{"@type":"WebPage","@id":"https:\/\/nauti-parts.com\/de\/shop\/bretter-skier\/e-folien\/waydoo\/waydoo-subnado-seescooter-copy\/","url":"https:\/\/nauti-parts.com\/de\/shop\/bretter-skier\/e-folien\/waydoo\/waydoo-subnado-seescooter-copy\/","name":"Waydoo Subnado Plus Seescooter | Nauti Parts","isPartOf":{"@id":"https:\/\/nauti-parts.com\/de\/#website"},"primaryImageOfPage":{"@id":"https:\/\/nauti-parts.com\/de\/shop\/bretter-skier\/e-folien\/waydoo\/waydoo-subnado-seescooter-copy\/#primaryimage"},"image":{"@id":"https:\/\/nauti-parts.com\/de\/shop\/bretter-skier\/e-folien\/waydoo\/waydoo-subnado-seescooter-copy\/#primaryimage"},"thumbnailUrl":"https:\/\/nauti-parts.com\/wp-content\/uploads\/2026\/04\/waydoo-subnado-plus--1.webp","datePublished":"2026-04-27T08:51:05+00:00","dateModified":"2026-04-27T09:30:47+00:00","breadcrumb":{"@id":"https:\/\/nauti-parts.com\/de\/shop\/bretter-skier\/e-folien\/waydoo\/waydoo-subnado-seescooter-copy\/#breadcrumb"},"inLanguage":"de","potentialAction":[{"@type":"ReadAction","target":["https:\/\/nauti-parts.com\/de\/shop\/bretter-skier\/e-folien\/waydoo\/waydoo-subnado-seescooter-copy\/"]}]},{"@type":"ImageObject","inLanguage":"de","@id":"https:\/\/nauti-parts.com\/de\/shop\/bretter-skier\/e-folien\/waydoo\/waydoo-subnado-seescooter-copy\/#primaryimage","url":"https:\/\/nauti-parts.com\/wp-content\/uploads\/2026\/04\/waydoo-subnado-plus--1.webp","contentUrl":"https:\/\/nauti-parts.com\/wp-content\/uploads\/2026\/04\/waydoo-subnado-plus--1.webp","width":1500,"height":1500},{"@type":"BreadcrumbList","@id":"https:\/\/nauti-parts.com\/de\/shop\/bretter-skier\/e-folien\/waydoo\/waydoo-subnado-seescooter-copy\/#breadcrumb","itemListElement":[{"@type":"ListItem","position":1,"name":"Shop","item":"https:\/\/nauti-parts.com\/de\/shop\/"},{"@type":"ListItem","position":2,"name":"Waydoo Subnado Plus Seescooter"}]},{"@type":"WebSite","@id":"https:\/\/nauti-parts.com\/de\/#website","url":"https:\/\/nauti-parts.com\/de\/","name":"Nauti Parts","description":"Sea-Doo Jet Ski - Seabob Dealer and Rentals | Water Toys Mallorca","publisher":{"@id":"https:\/\/nauti-parts.com\/de\/#organization"},"potentialAction":[{"@type":"SearchAction","target":{"@type":"EntryPoint","urlTemplate":"https:\/\/nauti-parts.com\/de\/?s={search_term_string}"},"query-input":{"@type":"PropertyValueSpecification","valueRequired":true,"valueName":"search_term_string"}}],"inLanguage":"de"},{"@type":"Organization","@id":"https:\/\/nauti-parts.com\/de\/#organization","name":"Nauti Teile","url":"https:\/\/nauti-parts.com\/de\/","logo":{"@type":"ImageObject","inLanguage":"de","@id":"https:\/\/nauti-parts.com\/de\/#\/schema\/logo\/image\/","url":"https:\/\/nauti-parts.com\/wp-content\/uploads\/2023\/10\/np-logo-black.png","contentUrl":"https:\/\/nauti-parts.com\/wp-content\/uploads\/2023\/10\/np-logo-black.png","width":253,"height":100,"caption":"Nauti Teile"},"image":{"@id":"https:\/\/nauti-parts.com\/de\/#\/schema\/logo\/image\/"},"sameAs":["https:\/\/www.facebook.com\/nautipartsspain\/","https:\/\/www.instagram.com\/nautiparts\/"]}]}},"_links":{"self":[{"href":"https:\/\/nauti-parts.com\/de\/wp-json\/wp\/v2\/product\/26258","targetHints":{"allow":["GET"]}}],"collection":[{"href":"https:\/\/nauti-parts.com\/de\/wp-json\/wp\/v2\/product"}],"about":[{"href":"https:\/\/nauti-parts.com\/de\/wp-json\/wp\/v2\/types\/product"}],"replies":[{"embeddable":true,"href":"https:\/\/nauti-parts.com\/de\/wp-json\/wp\/v2\/comments?post=26258"}],"wp:featuredmedia":[{"embeddable":true,"href":"https:\/\/nauti-parts.com\/de\/wp-json\/wp\/v2\/media\/26274"}],"wp:attachment":[{"href":"https:\/\/nauti-parts.com\/de\/wp-json\/wp\/v2\/media?parent=26258"}],"wp:term":[{"taxonomy":"product_brand","embeddable":true,"href":"https:\/\/nauti-parts.com\/de\/wp-json\/wp\/v2\/product_brand?post=26258"},{"taxonomy":"product_cat","embeddable":true,"href":"https:\/\/nauti-parts.com\/de\/wp-json\/wp\/v2\/product_cat?post=26258"},{"taxonomy":"product_tag","embeddable":true,"href":"https:\/\/nauti-parts.com\/de\/wp-json\/wp\/v2\/product_tag?post=26258"}],"curies":[{"name":"wp","href":"https:\/\/api.w.org\/{rel}","templated":true}]}}