{"id":25854,"date":"2021-03-29T11:09:51","date_gmt":"2021-03-29T11:09:51","guid":{"rendered":"https:\/\/nauti-parts.com\/shop\/unkategorisiert\/jobe-infinity-komfort-stuhl-2\/"},"modified":"2021-03-29T11:09:51","modified_gmt":"2021-03-29T11:09:51","slug":"jobe-infinity-komfort-stuhl-2","status":"publish","type":"product","link":"https:\/\/nauti-parts.com\/de\/shop\/wasserspielzeug\/jobe-unendlichkeit\/jobe-infinity-komfort-stuhl-2\/","title":{"rendered":"Jobe Infinity Komfort Stuhl"},"content":{"rendered":"<ul class=\"checkListSmall\">\n<li>Bequeme und verstellbare Kopfst\u00fctze, Kniest\u00fctze und R\u00fcckenlehne<\/li>\n<li>Abnehmbarer Schultergurt<\/li>\n<li>UV-best\u00e4ndiger Stoff: Sunbrella 290g\/m<\/li>\n<li>Wasser und Schimmel abweisender Stoff<\/li>\n<li>Gewicht: 5,5kg | 12,1lbs<\/li>\n<li>Abmessungen: 64,6&#8243; x 18,9 x 3,2&#8243; | 164 x 48 x 8cm<\/li>\n<\/ul>\n","protected":false},"excerpt":{"rendered":"<p>\u00c4u\u00dferst komfortabler und verstellbarer Stuhl, den Sie auf der Infinity-Insel, am Strand oder wo immer Sie m\u00f6chten verwenden k\u00f6nnen. Der wasser- und schimmelabweisende Stoff macht ihn perfekt f\u00fcr den Einsatz am Wasser. Der Stuhl wird mit einem einfach zu bedienenden Tragegurt geliefert, so dass Sie ihn mit auf Ihre Reise nehmen k\u00f6nnen.  <\/p>\n","protected":false},"featured_media":16283,"comment_status":"open","ping_status":"closed","template":"","meta":{"_acf_changed":false},"product_brand":[],"product_cat":[348,205],"product_tag":[],"class_list":{"0":"post-25854","1":"product","2":"type-product","3":"status-publish","4":"has-post-thumbnail","6":"product_cat-jobe-unendlichkeit","7":"product_cat-wasserspielzeug","8":"repupress_customize_woocommerce_productom_class","10":"first","11":"instock","12":"taxable","13":"shipping-taxable","14":"purchasable","15":"product-type-simple"},"acf":[],"yoast_head":"<!-- This site is optimized with the Yoast SEO plugin v27.2 - https:\/\/yoast.com\/product\/yoast-seo-wordpress\/ -->\n<title>Jobe Infinity Komfort Stuhl | Nauti Parts<\/title>\n<meta name=\"robots\" content=\"index, follow, max-snippet:-1, max-image-preview:large, max-video-preview:-1\" \/>\n<link rel=\"canonical\" href=\"https:\/\/nauti-parts.com\/de\/shop\/wasserspielzeug\/jobe-unendlichkeit\/jobe-infinity-komfort-stuhl-2\/\" \/>\n<meta property=\"og:locale\" content=\"de_DE\" \/>\n<meta property=\"og:type\" content=\"article\" \/>\n<meta property=\"og:title\" content=\"Jobe Infinity Komfort Stuhl | Nauti Parts\" \/>\n<meta property=\"og:description\" content=\"\u00c4u\u00dferst komfortabler und verstellbarer Stuhl, den Sie auf der Infinity-Insel, am Strand oder wo immer Sie m\u00f6chten verwenden k\u00f6nnen. Der wasser- und schimmelabweisende Stoff macht ihn perfekt f\u00fcr den Einsatz am Wasser. Der Stuhl wird mit einem einfach zu bedienenden Tragegurt geliefert, so dass Sie ihn mit auf Ihre Reise nehmen k\u00f6nnen.\" \/>\n<meta property=\"og:url\" content=\"https:\/\/nauti-parts.com\/de\/shop\/wasserspielzeug\/jobe-unendlichkeit\/jobe-infinity-komfort-stuhl-2\/\" \/>\n<meta property=\"og:site_name\" content=\"Nauti Parts\" \/>\n<meta property=\"article:publisher\" content=\"https:\/\/www.facebook.com\/nautipartsspain\/\" \/>\n<meta property=\"og:image\" content=\"https:\/\/nauti-parts.com\/wp-content\/uploads\/2021\/03\/jobe-ifinity-comfort-chair.jpeg\" \/>\n\t<meta property=\"og:image:width\" content=\"960\" \/>\n\t<meta property=\"og:image:height\" content=\"1200\" \/>\n\t<meta property=\"og:image:type\" content=\"image\/jpeg\" \/>\n<meta name=\"twitter:card\" content=\"summary_large_image\" \/>\n<script type=\"application\/ld+json\" class=\"yoast-schema-graph\">{\"@context\":\"https:\/\/schema.org\",\"@graph\":[{\"@type\":\"WebPage\",\"@id\":\"https:\/\/nauti-parts.com\/de\/shop\/wasserspielzeug\/jobe-unendlichkeit\/jobe-infinity-komfort-stuhl-2\/\",\"url\":\"https:\/\/nauti-parts.com\/de\/shop\/wasserspielzeug\/jobe-unendlichkeit\/jobe-infinity-komfort-stuhl-2\/\",\"name\":\"Jobe Infinity Komfort Stuhl | Nauti Parts\",\"isPartOf\":{\"@id\":\"https:\/\/nauti-parts.com\/de\/#website\"},\"primaryImageOfPage\":{\"@id\":\"https:\/\/nauti-parts.com\/de\/shop\/wasserspielzeug\/jobe-unendlichkeit\/jobe-infinity-komfort-stuhl-2\/#primaryimage\"},\"image\":{\"@id\":\"https:\/\/nauti-parts.com\/de\/shop\/wasserspielzeug\/jobe-unendlichkeit\/jobe-infinity-komfort-stuhl-2\/#primaryimage\"},\"thumbnailUrl\":\"https:\/\/nauti-parts.com\/wp-content\/uploads\/2021\/03\/jobe-ifinity-comfort-chair.jpeg\",\"datePublished\":\"2021-03-29T11:09:51+00:00\",\"breadcrumb\":{\"@id\":\"https:\/\/nauti-parts.com\/de\/shop\/wasserspielzeug\/jobe-unendlichkeit\/jobe-infinity-komfort-stuhl-2\/#breadcrumb\"},\"inLanguage\":\"de\",\"potentialAction\":[{\"@type\":\"ReadAction\",\"target\":[\"https:\/\/nauti-parts.com\/de\/shop\/wasserspielzeug\/jobe-unendlichkeit\/jobe-infinity-komfort-stuhl-2\/\"]}]},{\"@type\":\"ImageObject\",\"inLanguage\":\"de\",\"@id\":\"https:\/\/nauti-parts.com\/de\/shop\/wasserspielzeug\/jobe-unendlichkeit\/jobe-infinity-komfort-stuhl-2\/#primaryimage\",\"url\":\"https:\/\/nauti-parts.com\/wp-content\/uploads\/2021\/03\/jobe-ifinity-comfort-chair.jpeg\",\"contentUrl\":\"https:\/\/nauti-parts.com\/wp-content\/uploads\/2021\/03\/jobe-ifinity-comfort-chair.jpeg\",\"width\":960,\"height\":1200,\"caption\":\"Jobe Infinity Comfort Chair\"},{\"@type\":\"BreadcrumbList\",\"@id\":\"https:\/\/nauti-parts.com\/de\/shop\/wasserspielzeug\/jobe-unendlichkeit\/jobe-infinity-komfort-stuhl-2\/#breadcrumb\",\"itemListElement\":[{\"@type\":\"ListItem\",\"position\":1,\"name\":\"Shop\",\"item\":\"https:\/\/nauti-parts.com\/de\/shop\/\"},{\"@type\":\"ListItem\",\"position\":2,\"name\":\"Jobe Infinity Komfort Stuhl\"}]},{\"@type\":\"WebSite\",\"@id\":\"https:\/\/nauti-parts.com\/de\/#website\",\"url\":\"https:\/\/nauti-parts.com\/de\/\",\"name\":\"Nauti Parts\",\"description\":\"Sea-Doo Jet Ski - Seabob Dealer and Rentals | Water Toys Mallorca\",\"publisher\":{\"@id\":\"https:\/\/nauti-parts.com\/de\/#organization\"},\"potentialAction\":[{\"@type\":\"SearchAction\",\"target\":{\"@type\":\"EntryPoint\",\"urlTemplate\":\"https:\/\/nauti-parts.com\/de\/?s={search_term_string}\"},\"query-input\":{\"@type\":\"PropertyValueSpecification\",\"valueRequired\":true,\"valueName\":\"search_term_string\"}}],\"inLanguage\":\"de\"},{\"@type\":\"Organization\",\"@id\":\"https:\/\/nauti-parts.com\/de\/#organization\",\"name\":\"Nauti Teile\",\"url\":\"https:\/\/nauti-parts.com\/de\/\",\"logo\":{\"@type\":\"ImageObject\",\"inLanguage\":\"de\",\"@id\":\"https:\/\/nauti-parts.com\/de\/#\/schema\/logo\/image\/\",\"url\":\"https:\/\/nauti-parts.com\/wp-content\/uploads\/2023\/10\/np-logo-black.png\",\"contentUrl\":\"https:\/\/nauti-parts.com\/wp-content\/uploads\/2023\/10\/np-logo-black.png\",\"width\":253,\"height\":100,\"caption\":\"Nauti Teile\"},\"image\":{\"@id\":\"https:\/\/nauti-parts.com\/de\/#\/schema\/logo\/image\/\"},\"sameAs\":[\"https:\/\/www.facebook.com\/nautipartsspain\/\",\"https:\/\/www.instagram.com\/nautiparts\/\"]}]}<\/script>\n<!-- \/ Yoast SEO plugin. -->","yoast_head_json":{"title":"Jobe Infinity Komfort Stuhl | Nauti Parts","robots":{"index":"index","follow":"follow","max-snippet":"max-snippet:-1","max-image-preview":"max-image-preview:large","max-video-preview":"max-video-preview:-1"},"canonical":"https:\/\/nauti-parts.com\/de\/shop\/wasserspielzeug\/jobe-unendlichkeit\/jobe-infinity-komfort-stuhl-2\/","og_locale":"de_DE","og_type":"article","og_title":"Jobe Infinity Komfort Stuhl | Nauti Parts","og_description":"\u00c4u\u00dferst komfortabler und verstellbarer Stuhl, den Sie auf der Infinity-Insel, am Strand oder wo immer Sie m\u00f6chten verwenden k\u00f6nnen. Der wasser- und schimmelabweisende Stoff macht ihn perfekt f\u00fcr den Einsatz am Wasser. Der Stuhl wird mit einem einfach zu bedienenden Tragegurt geliefert, so dass Sie ihn mit auf Ihre Reise nehmen k\u00f6nnen.","og_url":"https:\/\/nauti-parts.com\/de\/shop\/wasserspielzeug\/jobe-unendlichkeit\/jobe-infinity-komfort-stuhl-2\/","og_site_name":"Nauti Parts","article_publisher":"https:\/\/www.facebook.com\/nautipartsspain\/","og_image":[{"width":960,"height":1200,"url":"https:\/\/nauti-parts.com\/wp-content\/uploads\/2021\/03\/jobe-ifinity-comfort-chair.jpeg","type":"image\/jpeg"}],"twitter_card":"summary_large_image","schema":{"@context":"https:\/\/schema.org","@graph":[{"@type":"WebPage","@id":"https:\/\/nauti-parts.com\/de\/shop\/wasserspielzeug\/jobe-unendlichkeit\/jobe-infinity-komfort-stuhl-2\/","url":"https:\/\/nauti-parts.com\/de\/shop\/wasserspielzeug\/jobe-unendlichkeit\/jobe-infinity-komfort-stuhl-2\/","name":"Jobe Infinity Komfort Stuhl | Nauti Parts","isPartOf":{"@id":"https:\/\/nauti-parts.com\/de\/#website"},"primaryImageOfPage":{"@id":"https:\/\/nauti-parts.com\/de\/shop\/wasserspielzeug\/jobe-unendlichkeit\/jobe-infinity-komfort-stuhl-2\/#primaryimage"},"image":{"@id":"https:\/\/nauti-parts.com\/de\/shop\/wasserspielzeug\/jobe-unendlichkeit\/jobe-infinity-komfort-stuhl-2\/#primaryimage"},"thumbnailUrl":"https:\/\/nauti-parts.com\/wp-content\/uploads\/2021\/03\/jobe-ifinity-comfort-chair.jpeg","datePublished":"2021-03-29T11:09:51+00:00","breadcrumb":{"@id":"https:\/\/nauti-parts.com\/de\/shop\/wasserspielzeug\/jobe-unendlichkeit\/jobe-infinity-komfort-stuhl-2\/#breadcrumb"},"inLanguage":"de","potentialAction":[{"@type":"ReadAction","target":["https:\/\/nauti-parts.com\/de\/shop\/wasserspielzeug\/jobe-unendlichkeit\/jobe-infinity-komfort-stuhl-2\/"]}]},{"@type":"ImageObject","inLanguage":"de","@id":"https:\/\/nauti-parts.com\/de\/shop\/wasserspielzeug\/jobe-unendlichkeit\/jobe-infinity-komfort-stuhl-2\/#primaryimage","url":"https:\/\/nauti-parts.com\/wp-content\/uploads\/2021\/03\/jobe-ifinity-comfort-chair.jpeg","contentUrl":"https:\/\/nauti-parts.com\/wp-content\/uploads\/2021\/03\/jobe-ifinity-comfort-chair.jpeg","width":960,"height":1200,"caption":"Jobe Infinity Comfort Chair"},{"@type":"BreadcrumbList","@id":"https:\/\/nauti-parts.com\/de\/shop\/wasserspielzeug\/jobe-unendlichkeit\/jobe-infinity-komfort-stuhl-2\/#breadcrumb","itemListElement":[{"@type":"ListItem","position":1,"name":"Shop","item":"https:\/\/nauti-parts.com\/de\/shop\/"},{"@type":"ListItem","position":2,"name":"Jobe Infinity Komfort Stuhl"}]},{"@type":"WebSite","@id":"https:\/\/nauti-parts.com\/de\/#website","url":"https:\/\/nauti-parts.com\/de\/","name":"Nauti Parts","description":"Sea-Doo Jet Ski - Seabob Dealer and Rentals | Water Toys Mallorca","publisher":{"@id":"https:\/\/nauti-parts.com\/de\/#organization"},"potentialAction":[{"@type":"SearchAction","target":{"@type":"EntryPoint","urlTemplate":"https:\/\/nauti-parts.com\/de\/?s={search_term_string}"},"query-input":{"@type":"PropertyValueSpecification","valueRequired":true,"valueName":"search_term_string"}}],"inLanguage":"de"},{"@type":"Organization","@id":"https:\/\/nauti-parts.com\/de\/#organization","name":"Nauti Teile","url":"https:\/\/nauti-parts.com\/de\/","logo":{"@type":"ImageObject","inLanguage":"de","@id":"https:\/\/nauti-parts.com\/de\/#\/schema\/logo\/image\/","url":"https:\/\/nauti-parts.com\/wp-content\/uploads\/2023\/10\/np-logo-black.png","contentUrl":"https:\/\/nauti-parts.com\/wp-content\/uploads\/2023\/10\/np-logo-black.png","width":253,"height":100,"caption":"Nauti Teile"},"image":{"@id":"https:\/\/nauti-parts.com\/de\/#\/schema\/logo\/image\/"},"sameAs":["https:\/\/www.facebook.com\/nautipartsspain\/","https:\/\/www.instagram.com\/nautiparts\/"]}]}},"_links":{"self":[{"href":"https:\/\/nauti-parts.com\/de\/wp-json\/wp\/v2\/product\/25854","targetHints":{"allow":["GET"]}}],"collection":[{"href":"https:\/\/nauti-parts.com\/de\/wp-json\/wp\/v2\/product"}],"about":[{"href":"https:\/\/nauti-parts.com\/de\/wp-json\/wp\/v2\/types\/product"}],"replies":[{"embeddable":true,"href":"https:\/\/nauti-parts.com\/de\/wp-json\/wp\/v2\/comments?post=25854"}],"wp:featuredmedia":[{"embeddable":true,"href":"https:\/\/nauti-parts.com\/de\/wp-json\/wp\/v2\/media\/16283"}],"wp:attachment":[{"href":"https:\/\/nauti-parts.com\/de\/wp-json\/wp\/v2\/media?parent=25854"}],"wp:term":[{"taxonomy":"product_brand","embeddable":true,"href":"https:\/\/nauti-parts.com\/de\/wp-json\/wp\/v2\/product_brand?post=25854"},{"taxonomy":"product_cat","embeddable":true,"href":"https:\/\/nauti-parts.com\/de\/wp-json\/wp\/v2\/product_cat?post=25854"},{"taxonomy":"product_tag","embeddable":true,"href":"https:\/\/nauti-parts.com\/de\/wp-json\/wp\/v2\/product_tag?post=25854"}],"curies":[{"name":"wp","href":"https:\/\/api.w.org\/{rel}","templated":true}]}}