{"id":25837,"date":"2022-03-15T12:16:44","date_gmt":"2022-03-15T12:16:44","guid":{"rendered":"https:\/\/nauti-parts.com\/shop\/unkategorisiert\/fliteboard-pro\/"},"modified":"2022-03-15T12:16:44","modified_gmt":"2022-03-15T12:16:44","slug":"fliteboard-pro","status":"publish","type":"product","link":"https:\/\/nauti-parts.com\/de\/shop\/bretter-skier\/e-folien\/fliteboard\/fliteboard-pro\/","title":{"rendered":"Fliteboard Pro"},"content":{"rendered":"<p>Das Fliteboard PRO ist ein kleineres Board, das sich hervorragend f\u00fcr leichtere Fahrer eignet und fortgeschrittenen Fahrern die M\u00f6glichkeit bietet, ihre eFoiling-F\u00e4higkeiten mit Leichtigkeit zu verbessern.<\/p>\n<hr>\n<p><strong>Gebaut, um Leistung zu bringen<\/strong><br \/>\nDa der eFoiling-Sport w\u00e4chst, erwarten wir, dass viele Fliteboard PRO-Fahrer auf dem Podium stehen werden.<\/p>\n<p><strong>Austauschbar<\/strong><br \/>\nUnser modulares System erm\u00f6glicht es Ihnen, jedes beliebige Board aus der Produktpalette an Ihrem eFoil-Mast zu befestigen. Behalten Sie das PRO f\u00fcr sich und tauschen Sie es gegen das AIR aus, wenn Sie Freunde und Familie unterrichten. <\/p>\n<p><strong>Klein, aber oho<\/strong><br \/>\nMit seinen 67 Litern ist das Fliteboard PRO wendig und reaktionsschnell und wird zu einer Erweiterung des Fahrers.<\/p>\n<p><strong>Sprechen Sie \u00fcber das Drehmoment<\/strong><br \/>\nDie integrierte Antriebseinheit dieses eFoil liefert ein un\u00fcbertroffenes Drehmoment f\u00fcr die ultimative Fahrt.<\/p>\n<p><strong>75cm Mast<\/strong><br \/>\nWir empfehlen den l\u00e4ngeren Mast f\u00fcr h\u00e4rteres und engeres Carven mit der Freiheit gr\u00f6\u00dferer Schr\u00e4glagenwinkel.<\/p>\n<p><strong>Handgefertigt<\/strong><br \/>\nIn unserer Fabrik in Byron Bay, Australien, wird jedes Fliteboard mit Seele gefertigt!<\/p>\n<hr>\n<p class=\"p1\">F\u00fcr leichtere\/erfahrene Fahrer, die ein leichteres, reaktionsfreudigeres Board w\u00fcnschen. Das Fliteboard wird standardm\u00e4\u00dfig mit einem Propellerschutz geliefert. Fortgeschrittene Fahrer k\u00f6nnen den &#8220;Pro Mode&#8221; einrichten, indem sie den Propellerschutz mit unserem Kit zum Entfernen des Propellers entfernen &#8211; dies erh\u00f6ht die Reaktionsf\u00e4higkeit, Effizienz und Laufzeit.  <\/p>\n<hr>\n<p>DER ANGEGEBENE PREIS BEINHALTET DATEIZELLE, FOLIE UND FL\u00dcGEL, FLITE JET, STANDARD-LADEGER\u00c4T, FLITE CONTROLLER + EINFUHRGEB\u00dcHREN, Z\u00d6LLE &amp; STEUERN, VERSAND &amp; SCHULUNG<\/p>\n","protected":false},"excerpt":{"rendered":"<h3 class=\"p1\">Das Fliteboard PRO ist ein speziell entwickeltes eFoil f\u00fcr Fahrer, die bereits Erfahrung im Boardsport haben und sich auf ein h\u00f6heres Niveau begeben m\u00f6chten.<\/h3>\n<p>DER ANGEGEBENE PREIS BEINHALTET ARBEITEN, IMPORTGEB\u00dcHREN, Z\u00d6LLE UND STEUERN, VERSAND UND SCHULUNG<\/p>\n","protected":false},"featured_media":18263,"comment_status":"open","ping_status":"closed","template":"","meta":{"_acf_changed":false},"product_brand":[],"product_cat":[214,222,223],"product_tag":[],"class_list":{"0":"post-25837","1":"product","2":"type-product","3":"status-publish","4":"has-post-thumbnail","6":"product_cat-bretter-skier","7":"product_cat-e-folien","8":"product_cat-fliteboard","9":"repupress_customize_woocommerce_productom_class","11":"first","12":"instock","13":"featured","14":"taxable","15":"shipping-taxable","16":"purchasable","17":"product-type-variable"},"acf":[],"yoast_head":"<!-- This site is optimized with the Yoast SEO plugin v27.5 - https:\/\/yoast.com\/product\/yoast-seo-wordpress\/ -->\n<title>Fliteboard Pro | Nauti Parts<\/title>\n<meta name=\"robots\" content=\"index, follow, max-snippet:-1, max-image-preview:large, max-video-preview:-1\" \/>\n<link rel=\"canonical\" href=\"https:\/\/nauti-parts.com\/de\/shop\/bretter-skier\/e-folien\/fliteboard\/fliteboard-pro\/\" \/>\n<meta property=\"og:locale\" content=\"de_DE\" \/>\n<meta property=\"og:type\" content=\"article\" \/>\n<meta property=\"og:title\" content=\"Fliteboard Pro | Nauti Parts\" \/>\n<meta property=\"og:description\" content=\"Das Fliteboard PRO ist ein speziell entwickeltes eFoil f\u00fcr Fahrer, die bereits Erfahrung im Boardsport haben und sich auf ein h\u00f6heres Niveau begeben m\u00f6chten. DER ANGEGEBENE PREIS BEINHALTET ARBEITEN, IMPORTGEB\u00dcHREN, Z\u00d6LLE UND STEUERN, VERSAND UND SCHULUNG\" \/>\n<meta property=\"og:url\" content=\"https:\/\/nauti-parts.com\/de\/shop\/bretter-skier\/e-folien\/fliteboard\/fliteboard-pro\/\" \/>\n<meta property=\"og:site_name\" content=\"Nauti Parts\" \/>\n<meta property=\"article:publisher\" content=\"https:\/\/www.facebook.com\/nautipartsspain\/\" \/>\n<meta property=\"og:image\" content=\"https:\/\/nauti-parts.com\/wp-content\/uploads\/2022\/03\/flite-pro-coral.png\" \/>\n\t<meta property=\"og:image:width\" content=\"1024\" \/>\n\t<meta property=\"og:image:height\" content=\"1024\" \/>\n\t<meta property=\"og:image:type\" content=\"image\/png\" \/>\n<meta name=\"twitter:card\" content=\"summary_large_image\" \/>\n<meta name=\"twitter:label1\" content=\"Gesch\u00e4tzte Lesezeit\" \/>\n\t<meta name=\"twitter:data1\" content=\"1\u00a0Minute\" \/>\n<script type=\"application\/ld+json\" class=\"yoast-schema-graph\">{\"@context\":\"https:\\\/\\\/schema.org\",\"@graph\":[{\"@type\":\"WebPage\",\"@id\":\"https:\\\/\\\/nauti-parts.com\\\/de\\\/shop\\\/bretter-skier\\\/e-folien\\\/fliteboard\\\/fliteboard-pro\\\/\",\"url\":\"https:\\\/\\\/nauti-parts.com\\\/de\\\/shop\\\/bretter-skier\\\/e-folien\\\/fliteboard\\\/fliteboard-pro\\\/\",\"name\":\"Fliteboard Pro | Nauti Parts\",\"isPartOf\":{\"@id\":\"https:\\\/\\\/nauti-parts.com\\\/de\\\/#website\"},\"primaryImageOfPage\":{\"@id\":\"https:\\\/\\\/nauti-parts.com\\\/de\\\/shop\\\/bretter-skier\\\/e-folien\\\/fliteboard\\\/fliteboard-pro\\\/#primaryimage\"},\"image\":{\"@id\":\"https:\\\/\\\/nauti-parts.com\\\/de\\\/shop\\\/bretter-skier\\\/e-folien\\\/fliteboard\\\/fliteboard-pro\\\/#primaryimage\"},\"thumbnailUrl\":\"https:\\\/\\\/nauti-parts.com\\\/wp-content\\\/uploads\\\/2022\\\/03\\\/flite-pro-coral.png\",\"datePublished\":\"2022-03-15T12:16:44+00:00\",\"breadcrumb\":{\"@id\":\"https:\\\/\\\/nauti-parts.com\\\/de\\\/shop\\\/bretter-skier\\\/e-folien\\\/fliteboard\\\/fliteboard-pro\\\/#breadcrumb\"},\"inLanguage\":\"de\",\"potentialAction\":[{\"@type\":\"ReadAction\",\"target\":[\"https:\\\/\\\/nauti-parts.com\\\/de\\\/shop\\\/bretter-skier\\\/e-folien\\\/fliteboard\\\/fliteboard-pro\\\/\"]}]},{\"@type\":\"ImageObject\",\"inLanguage\":\"de\",\"@id\":\"https:\\\/\\\/nauti-parts.com\\\/de\\\/shop\\\/bretter-skier\\\/e-folien\\\/fliteboard\\\/fliteboard-pro\\\/#primaryimage\",\"url\":\"https:\\\/\\\/nauti-parts.com\\\/wp-content\\\/uploads\\\/2022\\\/03\\\/flite-pro-coral.png\",\"contentUrl\":\"https:\\\/\\\/nauti-parts.com\\\/wp-content\\\/uploads\\\/2022\\\/03\\\/flite-pro-coral.png\",\"width\":1024,\"height\":1024},{\"@type\":\"BreadcrumbList\",\"@id\":\"https:\\\/\\\/nauti-parts.com\\\/de\\\/shop\\\/bretter-skier\\\/e-folien\\\/fliteboard\\\/fliteboard-pro\\\/#breadcrumb\",\"itemListElement\":[{\"@type\":\"ListItem\",\"position\":1,\"name\":\"Shop\",\"item\":\"https:\\\/\\\/nauti-parts.com\\\/de\\\/shop\\\/\"},{\"@type\":\"ListItem\",\"position\":2,\"name\":\"Fliteboard Pro\"}]},{\"@type\":\"WebSite\",\"@id\":\"https:\\\/\\\/nauti-parts.com\\\/de\\\/#website\",\"url\":\"https:\\\/\\\/nauti-parts.com\\\/de\\\/\",\"name\":\"Nauti Parts\",\"description\":\"Sea-Doo Jet Ski - Seabob Dealer and Rentals | Water Toys Mallorca\",\"publisher\":{\"@id\":\"https:\\\/\\\/nauti-parts.com\\\/de\\\/#organization\"},\"potentialAction\":[{\"@type\":\"SearchAction\",\"target\":{\"@type\":\"EntryPoint\",\"urlTemplate\":\"https:\\\/\\\/nauti-parts.com\\\/de\\\/?s={search_term_string}\"},\"query-input\":{\"@type\":\"PropertyValueSpecification\",\"valueRequired\":true,\"valueName\":\"search_term_string\"}}],\"inLanguage\":\"de\"},{\"@type\":\"Organization\",\"@id\":\"https:\\\/\\\/nauti-parts.com\\\/de\\\/#organization\",\"name\":\"Nauti Teile\",\"url\":\"https:\\\/\\\/nauti-parts.com\\\/de\\\/\",\"logo\":{\"@type\":\"ImageObject\",\"inLanguage\":\"de\",\"@id\":\"https:\\\/\\\/nauti-parts.com\\\/de\\\/#\\\/schema\\\/logo\\\/image\\\/\",\"url\":\"https:\\\/\\\/nauti-parts.com\\\/wp-content\\\/uploads\\\/2023\\\/10\\\/np-logo-black.png\",\"contentUrl\":\"https:\\\/\\\/nauti-parts.com\\\/wp-content\\\/uploads\\\/2023\\\/10\\\/np-logo-black.png\",\"width\":253,\"height\":100,\"caption\":\"Nauti Teile\"},\"image\":{\"@id\":\"https:\\\/\\\/nauti-parts.com\\\/de\\\/#\\\/schema\\\/logo\\\/image\\\/\"},\"sameAs\":[\"https:\\\/\\\/www.facebook.com\\\/nautipartsspain\\\/\",\"https:\\\/\\\/www.instagram.com\\\/nautiparts\\\/\"]}]}<\/script>\n<!-- \/ Yoast SEO plugin. -->","yoast_head_json":{"title":"Fliteboard Pro | Nauti Parts","robots":{"index":"index","follow":"follow","max-snippet":"max-snippet:-1","max-image-preview":"max-image-preview:large","max-video-preview":"max-video-preview:-1"},"canonical":"https:\/\/nauti-parts.com\/de\/shop\/bretter-skier\/e-folien\/fliteboard\/fliteboard-pro\/","og_locale":"de_DE","og_type":"article","og_title":"Fliteboard Pro | Nauti Parts","og_description":"Das Fliteboard PRO ist ein speziell entwickeltes eFoil f\u00fcr Fahrer, die bereits Erfahrung im Boardsport haben und sich auf ein h\u00f6heres Niveau begeben m\u00f6chten. DER ANGEGEBENE PREIS BEINHALTET ARBEITEN, IMPORTGEB\u00dcHREN, Z\u00d6LLE UND STEUERN, VERSAND UND SCHULUNG","og_url":"https:\/\/nauti-parts.com\/de\/shop\/bretter-skier\/e-folien\/fliteboard\/fliteboard-pro\/","og_site_name":"Nauti Parts","article_publisher":"https:\/\/www.facebook.com\/nautipartsspain\/","og_image":[{"width":1024,"height":1024,"url":"https:\/\/nauti-parts.com\/wp-content\/uploads\/2022\/03\/flite-pro-coral.png","type":"image\/png"}],"twitter_card":"summary_large_image","twitter_misc":{"Gesch\u00e4tzte Lesezeit":"1\u00a0Minute"},"schema":{"@context":"https:\/\/schema.org","@graph":[{"@type":"WebPage","@id":"https:\/\/nauti-parts.com\/de\/shop\/bretter-skier\/e-folien\/fliteboard\/fliteboard-pro\/","url":"https:\/\/nauti-parts.com\/de\/shop\/bretter-skier\/e-folien\/fliteboard\/fliteboard-pro\/","name":"Fliteboard Pro | Nauti Parts","isPartOf":{"@id":"https:\/\/nauti-parts.com\/de\/#website"},"primaryImageOfPage":{"@id":"https:\/\/nauti-parts.com\/de\/shop\/bretter-skier\/e-folien\/fliteboard\/fliteboard-pro\/#primaryimage"},"image":{"@id":"https:\/\/nauti-parts.com\/de\/shop\/bretter-skier\/e-folien\/fliteboard\/fliteboard-pro\/#primaryimage"},"thumbnailUrl":"https:\/\/nauti-parts.com\/wp-content\/uploads\/2022\/03\/flite-pro-coral.png","datePublished":"2022-03-15T12:16:44+00:00","breadcrumb":{"@id":"https:\/\/nauti-parts.com\/de\/shop\/bretter-skier\/e-folien\/fliteboard\/fliteboard-pro\/#breadcrumb"},"inLanguage":"de","potentialAction":[{"@type":"ReadAction","target":["https:\/\/nauti-parts.com\/de\/shop\/bretter-skier\/e-folien\/fliteboard\/fliteboard-pro\/"]}]},{"@type":"ImageObject","inLanguage":"de","@id":"https:\/\/nauti-parts.com\/de\/shop\/bretter-skier\/e-folien\/fliteboard\/fliteboard-pro\/#primaryimage","url":"https:\/\/nauti-parts.com\/wp-content\/uploads\/2022\/03\/flite-pro-coral.png","contentUrl":"https:\/\/nauti-parts.com\/wp-content\/uploads\/2022\/03\/flite-pro-coral.png","width":1024,"height":1024},{"@type":"BreadcrumbList","@id":"https:\/\/nauti-parts.com\/de\/shop\/bretter-skier\/e-folien\/fliteboard\/fliteboard-pro\/#breadcrumb","itemListElement":[{"@type":"ListItem","position":1,"name":"Shop","item":"https:\/\/nauti-parts.com\/de\/shop\/"},{"@type":"ListItem","position":2,"name":"Fliteboard Pro"}]},{"@type":"WebSite","@id":"https:\/\/nauti-parts.com\/de\/#website","url":"https:\/\/nauti-parts.com\/de\/","name":"Nauti Parts","description":"Sea-Doo Jet Ski - Seabob Dealer and Rentals | Water Toys Mallorca","publisher":{"@id":"https:\/\/nauti-parts.com\/de\/#organization"},"potentialAction":[{"@type":"SearchAction","target":{"@type":"EntryPoint","urlTemplate":"https:\/\/nauti-parts.com\/de\/?s={search_term_string}"},"query-input":{"@type":"PropertyValueSpecification","valueRequired":true,"valueName":"search_term_string"}}],"inLanguage":"de"},{"@type":"Organization","@id":"https:\/\/nauti-parts.com\/de\/#organization","name":"Nauti Teile","url":"https:\/\/nauti-parts.com\/de\/","logo":{"@type":"ImageObject","inLanguage":"de","@id":"https:\/\/nauti-parts.com\/de\/#\/schema\/logo\/image\/","url":"https:\/\/nauti-parts.com\/wp-content\/uploads\/2023\/10\/np-logo-black.png","contentUrl":"https:\/\/nauti-parts.com\/wp-content\/uploads\/2023\/10\/np-logo-black.png","width":253,"height":100,"caption":"Nauti Teile"},"image":{"@id":"https:\/\/nauti-parts.com\/de\/#\/schema\/logo\/image\/"},"sameAs":["https:\/\/www.facebook.com\/nautipartsspain\/","https:\/\/www.instagram.com\/nautiparts\/"]}]}},"_links":{"self":[{"href":"https:\/\/nauti-parts.com\/de\/wp-json\/wp\/v2\/product\/25837","targetHints":{"allow":["GET"]}}],"collection":[{"href":"https:\/\/nauti-parts.com\/de\/wp-json\/wp\/v2\/product"}],"about":[{"href":"https:\/\/nauti-parts.com\/de\/wp-json\/wp\/v2\/types\/product"}],"replies":[{"embeddable":true,"href":"https:\/\/nauti-parts.com\/de\/wp-json\/wp\/v2\/comments?post=25837"}],"wp:featuredmedia":[{"embeddable":true,"href":"https:\/\/nauti-parts.com\/de\/wp-json\/wp\/v2\/media\/18263"}],"wp:attachment":[{"href":"https:\/\/nauti-parts.com\/de\/wp-json\/wp\/v2\/media?parent=25837"}],"wp:term":[{"taxonomy":"product_brand","embeddable":true,"href":"https:\/\/nauti-parts.com\/de\/wp-json\/wp\/v2\/product_brand?post=25837"},{"taxonomy":"product_cat","embeddable":true,"href":"https:\/\/nauti-parts.com\/de\/wp-json\/wp\/v2\/product_cat?post=25837"},{"taxonomy":"product_tag","embeddable":true,"href":"https:\/\/nauti-parts.com\/de\/wp-json\/wp\/v2\/product_tag?post=25837"}],"curies":[{"name":"wp","href":"https:\/\/api.w.org\/{rel}","templated":true}]}}