{"id":25802,"date":"2022-03-15T12:19:15","date_gmt":"2022-03-15T12:19:15","guid":{"rendered":"https:\/\/nauti-parts.com\/shop\/unkategorisiert\/fliteboard-ultra\/"},"modified":"2022-03-15T12:19:15","modified_gmt":"2022-03-15T12:19:15","slug":"fliteboard-ultra","status":"publish","type":"product","link":"https:\/\/nauti-parts.com\/de\/shop\/bretter-skier\/e-folien\/fliteboard\/fliteboard-ultra\/","title":{"rendered":"Fliteboard Ultra"},"content":{"rendered":"<p class=\"p1\">F\u00fcr erfahrene Rider, die auf dem kleinsten verf\u00fcgbaren Board an ihre Grenzen gehen wollen. Fu\u00dfschlaufen sind Standard, Backflips sind optional. Fortgeschrittene Fahrer k\u00f6nnen den &#8220;Pro Mode&#8221; einrichten, indem sie den Propellerschutz mit unserem Kit zum Entfernen des Propellerkanals entfernen &#8211; das erh\u00f6ht die Reaktionsf\u00e4higkeit, die Effizienz und die Fahrzeit.  <\/p>\n<hr>\n<p><strong>Erh\u00e4ltlich in 3 Modellen, Ultra, Ultra L und Ultra L2<\/strong><\/p>\n<hr>\n<p>DER ANGEGEBENE PREIS BEINHALTET DATEIZELLE, FOLIE UND FL\u00dcGEL, FLITE JET, STANDARD-LADEGER\u00c4T, FLITE CONTROLLER + EINFUHRGEB\u00dcHREN, Z\u00d6LLE &amp; STEUERN, VERSAND &amp; SCHULUNG<\/p>\n","protected":false},"excerpt":{"rendered":"<h3 class=\"p1\">Peppen Sie Ihr Fliteboarding mit dem Fliteboard ULTRA eFoil auf. Bei einer L\u00e4nge von 4ft 2inches k\u00f6nnen Sie mit dem reduzierten Schwunggewicht an Ihre Grenzen gehen. <\/h3>\n<p>DER ANGEGEBENE PREIS BEINHALTET ARBEITEN, IMPORTGEB\u00dcHREN, Z\u00d6LLE UND STEUERN, VERSAND UND SCHULUNG<\/p>\n","protected":false},"featured_media":18250,"comment_status":"open","ping_status":"closed","template":"","meta":{"_acf_changed":false},"product_brand":[],"product_cat":[214,222,223],"product_tag":[],"class_list":{"0":"post-25802","1":"product","2":"type-product","3":"status-publish","4":"has-post-thumbnail","6":"product_cat-bretter-skier","7":"product_cat-e-folien","8":"product_cat-fliteboard","9":"repupress_customize_woocommerce_productom_class","11":"first","12":"instock","13":"featured","14":"taxable","15":"shipping-taxable","16":"purchasable","17":"product-type-variable"},"acf":[],"yoast_head":"<!-- This site is optimized with the Yoast SEO plugin v27.5 - https:\/\/yoast.com\/product\/yoast-seo-wordpress\/ -->\n<title>Fliteboard Ultra | Nauti Parts<\/title>\n<meta name=\"robots\" content=\"index, follow, max-snippet:-1, max-image-preview:large, max-video-preview:-1\" \/>\n<link rel=\"canonical\" href=\"https:\/\/nauti-parts.com\/de\/shop\/bretter-skier\/e-folien\/fliteboard\/fliteboard-ultra\/\" \/>\n<meta property=\"og:locale\" content=\"de_DE\" \/>\n<meta property=\"og:type\" content=\"article\" \/>\n<meta property=\"og:title\" content=\"Fliteboard Ultra | Nauti Parts\" \/>\n<meta property=\"og:description\" content=\"Peppen Sie Ihr Fliteboarding mit dem Fliteboard ULTRA eFoil auf. Bei einer L\u00e4nge von 4ft 2inches k\u00f6nnen Sie mit dem reduzierten Schwunggewicht an Ihre Grenzen gehen. DER ANGEGEBENE PREIS BEINHALTET ARBEITEN, IMPORTGEB\u00dcHREN, Z\u00d6LLE UND STEUERN, VERSAND UND SCHULUNG\" \/>\n<meta property=\"og:url\" content=\"https:\/\/nauti-parts.com\/de\/shop\/bretter-skier\/e-folien\/fliteboard\/fliteboard-ultra\/\" \/>\n<meta property=\"og:site_name\" content=\"Nauti Parts\" \/>\n<meta property=\"article:publisher\" content=\"https:\/\/www.facebook.com\/nautipartsspain\/\" \/>\n<meta property=\"og:image\" content=\"https:\/\/nauti-parts.com\/wp-content\/uploads\/2022\/03\/flite-ultra-l-gold.png\" \/>\n\t<meta property=\"og:image:width\" content=\"1024\" \/>\n\t<meta property=\"og:image:height\" content=\"1024\" \/>\n\t<meta property=\"og:image:type\" content=\"image\/png\" \/>\n<meta name=\"twitter:card\" content=\"summary_large_image\" \/>\n<script type=\"application\/ld+json\" class=\"yoast-schema-graph\">{\"@context\":\"https:\\\/\\\/schema.org\",\"@graph\":[{\"@type\":\"WebPage\",\"@id\":\"https:\\\/\\\/nauti-parts.com\\\/de\\\/shop\\\/bretter-skier\\\/e-folien\\\/fliteboard\\\/fliteboard-ultra\\\/\",\"url\":\"https:\\\/\\\/nauti-parts.com\\\/de\\\/shop\\\/bretter-skier\\\/e-folien\\\/fliteboard\\\/fliteboard-ultra\\\/\",\"name\":\"Fliteboard Ultra | Nauti Parts\",\"isPartOf\":{\"@id\":\"https:\\\/\\\/nauti-parts.com\\\/de\\\/#website\"},\"primaryImageOfPage\":{\"@id\":\"https:\\\/\\\/nauti-parts.com\\\/de\\\/shop\\\/bretter-skier\\\/e-folien\\\/fliteboard\\\/fliteboard-ultra\\\/#primaryimage\"},\"image\":{\"@id\":\"https:\\\/\\\/nauti-parts.com\\\/de\\\/shop\\\/bretter-skier\\\/e-folien\\\/fliteboard\\\/fliteboard-ultra\\\/#primaryimage\"},\"thumbnailUrl\":\"https:\\\/\\\/nauti-parts.com\\\/wp-content\\\/uploads\\\/2022\\\/03\\\/flite-ultra-l-gold.png\",\"datePublished\":\"2022-03-15T12:19:15+00:00\",\"breadcrumb\":{\"@id\":\"https:\\\/\\\/nauti-parts.com\\\/de\\\/shop\\\/bretter-skier\\\/e-folien\\\/fliteboard\\\/fliteboard-ultra\\\/#breadcrumb\"},\"inLanguage\":\"de\",\"potentialAction\":[{\"@type\":\"ReadAction\",\"target\":[\"https:\\\/\\\/nauti-parts.com\\\/de\\\/shop\\\/bretter-skier\\\/e-folien\\\/fliteboard\\\/fliteboard-ultra\\\/\"]}]},{\"@type\":\"ImageObject\",\"inLanguage\":\"de\",\"@id\":\"https:\\\/\\\/nauti-parts.com\\\/de\\\/shop\\\/bretter-skier\\\/e-folien\\\/fliteboard\\\/fliteboard-ultra\\\/#primaryimage\",\"url\":\"https:\\\/\\\/nauti-parts.com\\\/wp-content\\\/uploads\\\/2022\\\/03\\\/flite-ultra-l-gold.png\",\"contentUrl\":\"https:\\\/\\\/nauti-parts.com\\\/wp-content\\\/uploads\\\/2022\\\/03\\\/flite-ultra-l-gold.png\",\"width\":1024,\"height\":1024},{\"@type\":\"BreadcrumbList\",\"@id\":\"https:\\\/\\\/nauti-parts.com\\\/de\\\/shop\\\/bretter-skier\\\/e-folien\\\/fliteboard\\\/fliteboard-ultra\\\/#breadcrumb\",\"itemListElement\":[{\"@type\":\"ListItem\",\"position\":1,\"name\":\"Shop\",\"item\":\"https:\\\/\\\/nauti-parts.com\\\/de\\\/shop\\\/\"},{\"@type\":\"ListItem\",\"position\":2,\"name\":\"Fliteboard Ultra\"}]},{\"@type\":\"WebSite\",\"@id\":\"https:\\\/\\\/nauti-parts.com\\\/de\\\/#website\",\"url\":\"https:\\\/\\\/nauti-parts.com\\\/de\\\/\",\"name\":\"Nauti Parts\",\"description\":\"Sea-Doo Jet Ski - Seabob Dealer and Rentals | Water Toys Mallorca\",\"publisher\":{\"@id\":\"https:\\\/\\\/nauti-parts.com\\\/de\\\/#organization\"},\"potentialAction\":[{\"@type\":\"SearchAction\",\"target\":{\"@type\":\"EntryPoint\",\"urlTemplate\":\"https:\\\/\\\/nauti-parts.com\\\/de\\\/?s={search_term_string}\"},\"query-input\":{\"@type\":\"PropertyValueSpecification\",\"valueRequired\":true,\"valueName\":\"search_term_string\"}}],\"inLanguage\":\"de\"},{\"@type\":\"Organization\",\"@id\":\"https:\\\/\\\/nauti-parts.com\\\/de\\\/#organization\",\"name\":\"Nauti Teile\",\"url\":\"https:\\\/\\\/nauti-parts.com\\\/de\\\/\",\"logo\":{\"@type\":\"ImageObject\",\"inLanguage\":\"de\",\"@id\":\"https:\\\/\\\/nauti-parts.com\\\/de\\\/#\\\/schema\\\/logo\\\/image\\\/\",\"url\":\"https:\\\/\\\/nauti-parts.com\\\/wp-content\\\/uploads\\\/2023\\\/10\\\/np-logo-black.png\",\"contentUrl\":\"https:\\\/\\\/nauti-parts.com\\\/wp-content\\\/uploads\\\/2023\\\/10\\\/np-logo-black.png\",\"width\":253,\"height\":100,\"caption\":\"Nauti Teile\"},\"image\":{\"@id\":\"https:\\\/\\\/nauti-parts.com\\\/de\\\/#\\\/schema\\\/logo\\\/image\\\/\"},\"sameAs\":[\"https:\\\/\\\/www.facebook.com\\\/nautipartsspain\\\/\",\"https:\\\/\\\/www.instagram.com\\\/nautiparts\\\/\"]}]}<\/script>\n<!-- \/ Yoast SEO plugin. -->","yoast_head_json":{"title":"Fliteboard Ultra | Nauti Parts","robots":{"index":"index","follow":"follow","max-snippet":"max-snippet:-1","max-image-preview":"max-image-preview:large","max-video-preview":"max-video-preview:-1"},"canonical":"https:\/\/nauti-parts.com\/de\/shop\/bretter-skier\/e-folien\/fliteboard\/fliteboard-ultra\/","og_locale":"de_DE","og_type":"article","og_title":"Fliteboard Ultra | Nauti Parts","og_description":"Peppen Sie Ihr Fliteboarding mit dem Fliteboard ULTRA eFoil auf. Bei einer L\u00e4nge von 4ft 2inches k\u00f6nnen Sie mit dem reduzierten Schwunggewicht an Ihre Grenzen gehen. DER ANGEGEBENE PREIS BEINHALTET ARBEITEN, IMPORTGEB\u00dcHREN, Z\u00d6LLE UND STEUERN, VERSAND UND SCHULUNG","og_url":"https:\/\/nauti-parts.com\/de\/shop\/bretter-skier\/e-folien\/fliteboard\/fliteboard-ultra\/","og_site_name":"Nauti Parts","article_publisher":"https:\/\/www.facebook.com\/nautipartsspain\/","og_image":[{"width":1024,"height":1024,"url":"https:\/\/nauti-parts.com\/wp-content\/uploads\/2022\/03\/flite-ultra-l-gold.png","type":"image\/png"}],"twitter_card":"summary_large_image","schema":{"@context":"https:\/\/schema.org","@graph":[{"@type":"WebPage","@id":"https:\/\/nauti-parts.com\/de\/shop\/bretter-skier\/e-folien\/fliteboard\/fliteboard-ultra\/","url":"https:\/\/nauti-parts.com\/de\/shop\/bretter-skier\/e-folien\/fliteboard\/fliteboard-ultra\/","name":"Fliteboard Ultra | Nauti Parts","isPartOf":{"@id":"https:\/\/nauti-parts.com\/de\/#website"},"primaryImageOfPage":{"@id":"https:\/\/nauti-parts.com\/de\/shop\/bretter-skier\/e-folien\/fliteboard\/fliteboard-ultra\/#primaryimage"},"image":{"@id":"https:\/\/nauti-parts.com\/de\/shop\/bretter-skier\/e-folien\/fliteboard\/fliteboard-ultra\/#primaryimage"},"thumbnailUrl":"https:\/\/nauti-parts.com\/wp-content\/uploads\/2022\/03\/flite-ultra-l-gold.png","datePublished":"2022-03-15T12:19:15+00:00","breadcrumb":{"@id":"https:\/\/nauti-parts.com\/de\/shop\/bretter-skier\/e-folien\/fliteboard\/fliteboard-ultra\/#breadcrumb"},"inLanguage":"de","potentialAction":[{"@type":"ReadAction","target":["https:\/\/nauti-parts.com\/de\/shop\/bretter-skier\/e-folien\/fliteboard\/fliteboard-ultra\/"]}]},{"@type":"ImageObject","inLanguage":"de","@id":"https:\/\/nauti-parts.com\/de\/shop\/bretter-skier\/e-folien\/fliteboard\/fliteboard-ultra\/#primaryimage","url":"https:\/\/nauti-parts.com\/wp-content\/uploads\/2022\/03\/flite-ultra-l-gold.png","contentUrl":"https:\/\/nauti-parts.com\/wp-content\/uploads\/2022\/03\/flite-ultra-l-gold.png","width":1024,"height":1024},{"@type":"BreadcrumbList","@id":"https:\/\/nauti-parts.com\/de\/shop\/bretter-skier\/e-folien\/fliteboard\/fliteboard-ultra\/#breadcrumb","itemListElement":[{"@type":"ListItem","position":1,"name":"Shop","item":"https:\/\/nauti-parts.com\/de\/shop\/"},{"@type":"ListItem","position":2,"name":"Fliteboard Ultra"}]},{"@type":"WebSite","@id":"https:\/\/nauti-parts.com\/de\/#website","url":"https:\/\/nauti-parts.com\/de\/","name":"Nauti Parts","description":"Sea-Doo Jet Ski - Seabob Dealer and Rentals | Water Toys Mallorca","publisher":{"@id":"https:\/\/nauti-parts.com\/de\/#organization"},"potentialAction":[{"@type":"SearchAction","target":{"@type":"EntryPoint","urlTemplate":"https:\/\/nauti-parts.com\/de\/?s={search_term_string}"},"query-input":{"@type":"PropertyValueSpecification","valueRequired":true,"valueName":"search_term_string"}}],"inLanguage":"de"},{"@type":"Organization","@id":"https:\/\/nauti-parts.com\/de\/#organization","name":"Nauti Teile","url":"https:\/\/nauti-parts.com\/de\/","logo":{"@type":"ImageObject","inLanguage":"de","@id":"https:\/\/nauti-parts.com\/de\/#\/schema\/logo\/image\/","url":"https:\/\/nauti-parts.com\/wp-content\/uploads\/2023\/10\/np-logo-black.png","contentUrl":"https:\/\/nauti-parts.com\/wp-content\/uploads\/2023\/10\/np-logo-black.png","width":253,"height":100,"caption":"Nauti Teile"},"image":{"@id":"https:\/\/nauti-parts.com\/de\/#\/schema\/logo\/image\/"},"sameAs":["https:\/\/www.facebook.com\/nautipartsspain\/","https:\/\/www.instagram.com\/nautiparts\/"]}]}},"_links":{"self":[{"href":"https:\/\/nauti-parts.com\/de\/wp-json\/wp\/v2\/product\/25802","targetHints":{"allow":["GET"]}}],"collection":[{"href":"https:\/\/nauti-parts.com\/de\/wp-json\/wp\/v2\/product"}],"about":[{"href":"https:\/\/nauti-parts.com\/de\/wp-json\/wp\/v2\/types\/product"}],"replies":[{"embeddable":true,"href":"https:\/\/nauti-parts.com\/de\/wp-json\/wp\/v2\/comments?post=25802"}],"wp:featuredmedia":[{"embeddable":true,"href":"https:\/\/nauti-parts.com\/de\/wp-json\/wp\/v2\/media\/18250"}],"wp:attachment":[{"href":"https:\/\/nauti-parts.com\/de\/wp-json\/wp\/v2\/media?parent=25802"}],"wp:term":[{"taxonomy":"product_brand","embeddable":true,"href":"https:\/\/nauti-parts.com\/de\/wp-json\/wp\/v2\/product_brand?post=25802"},{"taxonomy":"product_cat","embeddable":true,"href":"https:\/\/nauti-parts.com\/de\/wp-json\/wp\/v2\/product_cat?post=25802"},{"taxonomy":"product_tag","embeddable":true,"href":"https:\/\/nauti-parts.com\/de\/wp-json\/wp\/v2\/product_tag?post=25802"}],"curies":[{"name":"wp","href":"https:\/\/api.w.org\/{rel}","templated":true}]}}