{"id":25725,"date":"2023-04-19T09:53:35","date_gmt":"2023-04-19T09:53:35","guid":{"rendered":"https:\/\/nauti-parts.com\/shop\/unkategorisiert\/sifly-e\/"},"modified":"2023-04-19T09:53:35","modified_gmt":"2023-04-19T09:53:35","slug":"sifly-e","status":"publish","type":"product","link":"https:\/\/nauti-parts.com\/de\/shop\/unkategorisiert\/sifly-e\/","title":{"rendered":"SiFly-E"},"content":{"rendered":"<div class=\"heading gen-heading-40\" data-name=\"gen-heading-40\" data-class=\"Shoptico.Editor.Frontend.Components.Basic.Heading\">\n<h2 class=\"h\" data-contenteditable-key=\"text\">Spezifikationen<\/h2>\n<\/div>\n<div class=\"product-characteristic-list gen-productcharacteristiclist-1\" data-name=\"gen-productcharacteristiclist-1\" data-class=\"Shoptico.Editor.Frontend.Components.Store.ProductCharacteristicList\">\n<div class=\"product-characteristic-view\" data-class=\"Shoptico.Editor.Frontend.Components.Store.ProductCharacteristicView_9\">\n<div class=\"block gen-block-63\" data-name=\"gen-block-63\" data-class=\"Shoptico.Editor.Frontend.Components.Block\">\n<ul>\n<li class=\"paragraph gen-paragraph-103\" data-name=\"gen-paragraph-103\" data-class=\"Shoptico.Editor.Frontend.Components.Basic.Paragraph\"><span class=\"paragraph\" data-name=\"span\" data-contenteditable-key=\"text\">Gewicht<\/span><span class=\"paragraph\" data-name=\"span\" data-contenteditable-key=\"text\">: <\/span><span class=\"paragraph\" data-name=\"span\" data-contenteditable-key=\"text\">34 kg \/ 30 lbs<\/span><\/li>\n<li class=\"paragraph gen-paragraph-103\" data-name=\"gen-paragraph-103\" data-class=\"Shoptico.Editor.Frontend.Components.Basic.Paragraph\">Abmessungen (LxB)<span class=\"paragraph\" data-name=\"span\" data-contenteditable-key=\"text\">: <\/span><span class=\"paragraph\" data-name=\"span\" data-contenteditable-key=\"text\">190 x 80 cm<\/span><\/li>\n<li class=\"paragraph gen-paragraph-103\" data-name=\"gen-paragraph-103\" data-class=\"Shoptico.Editor.Frontend.Components.Basic.Paragraph\">Brettl\u00e4nge<span class=\"paragraph\" data-name=\"span\" data-contenteditable-key=\"text\">: <\/span><span class=\"paragraph\" data-name=\"span\" data-contenteditable-key=\"text\">190cm<\/span><\/li>\n<li class=\"paragraph gen-paragraph-103\" data-name=\"gen-paragraph-103\" data-class=\"Shoptico.Editor.Frontend.Components.Basic.Paragraph\">Volumen<span class=\"paragraph\" data-name=\"span\" data-contenteditable-key=\"text\">: <\/span><span class=\"paragraph\" data-name=\"span\" data-contenteditable-key=\"text\">170 Liter<\/span><\/li>\n<li class=\"paragraph gen-paragraph-103\" data-name=\"gen-paragraph-103\" data-class=\"Shoptico.Editor.Frontend.Components.Basic.Paragraph\">Geschwindigkeit<span class=\"paragraph\" data-name=\"span\" data-contenteditable-key=\"text\">: <\/span><span class=\"paragraph\" data-name=\"span\" data-contenteditable-key=\"text\">bis zu 45 km\/h<\/span><\/li>\n<li class=\"paragraph gen-paragraph-103\" data-name=\"gen-paragraph-103\" data-class=\"Shoptico.Editor.Frontend.Components.Basic.Paragraph\">Akku<span class=\"paragraph\" data-name=\"span\" data-contenteditable-key=\"text\">: <\/span><span class=\"paragraph\" data-name=\"span\" data-contenteditable-key=\"text\">Wiederaufladbarer Lithium-Ionen-Akku 44,8 Ah \/ 58,8 V \/ 30 km Reichweite<\/span><\/li>\n<li data-name=\"gen-paragraph-103\" data-class=\"Shoptico.Editor.Frontend.Components.Basic.Paragraph\"><span class=\"paragraph\" data-name=\"span\" data-contenteditable-key=\"text\">Material<\/span><span class=\"paragraph\" data-name=\"span\" data-contenteditable-key=\"text\">: <\/span><span class=\"paragraph\" data-name=\"span\" data-contenteditable-key=\"text\">Verbundplatte aus Kohlefaser und Glasfaser mit einem leichten EPS-Kern<\/span><\/li>\n<li data-name=\"gen-paragraph-103\" data-class=\"Shoptico.Editor.Frontend.Components.Basic.Paragraph\">Lebensdauer der Batterie<span class=\"paragraph\" data-name=\"span\" data-contenteditable-key=\"text\">: <\/span><span class=\"paragraph\" data-name=\"span\" data-contenteditable-key=\"text\">120 min<\/span><\/li>\n<li data-name=\"gen-paragraph-103\" data-class=\"Shoptico.Editor.Frontend.Components.Basic.Paragraph\">Aufladezeit<span class=\"paragraph\" data-name=\"span\" data-contenteditable-key=\"text\">: <\/span><span class=\"paragraph\" data-name=\"span\" data-contenteditable-key=\"text\">2,5 h<\/span><\/li>\n<\/ul>\n<\/div>\n<\/div>\n<\/div>\n","protected":false},"excerpt":{"rendered":"<h3 class=\"paragraph gen-paragraph-100\" data-name=\"gen-paragraph-100\" data-class=\"Shoptico.Editor.Frontend.Components.Basic.Paragraph\"><span class=\"paragraph\" data-name=\"span\" data-contenteditable-key=\"text\">Ein Nervenkitzel f\u00fcr die ganze Familie.<\/span><\/h3>\n<p>Das gr\u00f6\u00dfte Board in unserem Sortiment bietet die niedrigste Gleitgeschwindigkeit und das h\u00f6chste Volumen auf dem Markt, was es perfekt f\u00fcr Anf\u00e4nger und schwerere Fahrer macht. Das SiFly E ist ein Blickfang und tragbar und hebt Sie bei jedem Familienurlaub aus der Masse hervor. Stabil und vielseitig, bietet der SiFly E ein sicheres und aufregendes Fahrerlebnis. Efoiling ist jetzt ein Abenteuer, auf das sich jedes Familienmitglied einlassen kann.   <\/p>\n<p>Preis beinhaltet IVA, Schulung und Lieferung<\/p>\n","protected":false},"featured_media":0,"comment_status":"open","ping_status":"closed","template":"","meta":{"_acf_changed":false},"product_brand":[],"product_cat":[79],"product_tag":[],"class_list":{"0":"post-25725","1":"product","2":"type-product","3":"status-publish","5":"product_cat-uncategorized","6":"repupress_customize_woocommerce_productom_class","8":"first","9":"instock","10":"taxable","11":"shipping-taxable","12":"purchasable","13":"product-type-simple"},"acf":[],"yoast_head":"<!-- This site is optimized with the Yoast SEO plugin v27.5 - https:\/\/yoast.com\/product\/yoast-seo-wordpress\/ -->\n<title>SiFly-E | Nauti Parts<\/title>\n<meta name=\"robots\" content=\"index, follow, max-snippet:-1, max-image-preview:large, max-video-preview:-1\" \/>\n<link rel=\"canonical\" href=\"https:\/\/nauti-parts.com\/de\/shop\/unkategorisiert\/sifly-e\/\" \/>\n<meta property=\"og:locale\" content=\"de_DE\" \/>\n<meta property=\"og:type\" content=\"article\" \/>\n<meta property=\"og:title\" content=\"SiFly-E | Nauti Parts\" \/>\n<meta property=\"og:description\" content=\"Ein Nervenkitzel f\u00fcr die ganze Familie. Das gr\u00f6\u00dfte Board in unserem Sortiment bietet die niedrigste Gleitgeschwindigkeit und das h\u00f6chste Volumen auf dem Markt, was es perfekt f\u00fcr Anf\u00e4nger und schwerere Fahrer macht. Das SiFly E ist ein Blickfang und tragbar und hebt Sie bei jedem Familienurlaub aus der Masse hervor. Stabil und vielseitig, bietet der SiFly E ein sicheres und aufregendes Fahrerlebnis. Efoiling ist jetzt ein Abenteuer, auf das sich jedes Familienmitglied einlassen kann.   Preis beinhaltet IVA, Schulung und Lieferung\" \/>\n<meta property=\"og:url\" content=\"https:\/\/nauti-parts.com\/de\/shop\/unkategorisiert\/sifly-e\/\" \/>\n<meta property=\"og:site_name\" content=\"Nauti Parts\" \/>\n<meta property=\"article:publisher\" content=\"https:\/\/www.facebook.com\/nautipartsspain\/\" \/>\n<meta property=\"og:image\" content=\"https:\/\/nauti-parts.com\/wp-content\/uploads\/2019\/05\/Sea-Doo-jetskis-mallorca.jpg\" \/>\n\t<meta property=\"og:image:width\" content=\"900\" \/>\n\t<meta property=\"og:image:height\" content=\"500\" \/>\n\t<meta property=\"og:image:type\" content=\"image\/jpeg\" \/>\n<meta name=\"twitter:card\" content=\"summary_large_image\" \/>\n<script type=\"application\/ld+json\" class=\"yoast-schema-graph\">{\"@context\":\"https:\\\/\\\/schema.org\",\"@graph\":[{\"@type\":\"WebPage\",\"@id\":\"https:\\\/\\\/nauti-parts.com\\\/de\\\/shop\\\/unkategorisiert\\\/sifly-e\\\/\",\"url\":\"https:\\\/\\\/nauti-parts.com\\\/de\\\/shop\\\/unkategorisiert\\\/sifly-e\\\/\",\"name\":\"SiFly-E | Nauti Parts\",\"isPartOf\":{\"@id\":\"https:\\\/\\\/nauti-parts.com\\\/de\\\/#website\"},\"datePublished\":\"2023-04-19T09:53:35+00:00\",\"breadcrumb\":{\"@id\":\"https:\\\/\\\/nauti-parts.com\\\/de\\\/shop\\\/unkategorisiert\\\/sifly-e\\\/#breadcrumb\"},\"inLanguage\":\"de\",\"potentialAction\":[{\"@type\":\"ReadAction\",\"target\":[\"https:\\\/\\\/nauti-parts.com\\\/de\\\/shop\\\/unkategorisiert\\\/sifly-e\\\/\"]}]},{\"@type\":\"BreadcrumbList\",\"@id\":\"https:\\\/\\\/nauti-parts.com\\\/de\\\/shop\\\/unkategorisiert\\\/sifly-e\\\/#breadcrumb\",\"itemListElement\":[{\"@type\":\"ListItem\",\"position\":1,\"name\":\"Shop\",\"item\":\"https:\\\/\\\/nauti-parts.com\\\/de\\\/shop\\\/\"},{\"@type\":\"ListItem\",\"position\":2,\"name\":\"SiFly-E\"}]},{\"@type\":\"WebSite\",\"@id\":\"https:\\\/\\\/nauti-parts.com\\\/de\\\/#website\",\"url\":\"https:\\\/\\\/nauti-parts.com\\\/de\\\/\",\"name\":\"Nauti Parts\",\"description\":\"Sea-Doo Jet Ski - Seabob Dealer and Rentals | Water Toys Mallorca\",\"publisher\":{\"@id\":\"https:\\\/\\\/nauti-parts.com\\\/de\\\/#organization\"},\"potentialAction\":[{\"@type\":\"SearchAction\",\"target\":{\"@type\":\"EntryPoint\",\"urlTemplate\":\"https:\\\/\\\/nauti-parts.com\\\/de\\\/?s={search_term_string}\"},\"query-input\":{\"@type\":\"PropertyValueSpecification\",\"valueRequired\":true,\"valueName\":\"search_term_string\"}}],\"inLanguage\":\"de\"},{\"@type\":\"Organization\",\"@id\":\"https:\\\/\\\/nauti-parts.com\\\/de\\\/#organization\",\"name\":\"Nauti Teile\",\"url\":\"https:\\\/\\\/nauti-parts.com\\\/de\\\/\",\"logo\":{\"@type\":\"ImageObject\",\"inLanguage\":\"de\",\"@id\":\"https:\\\/\\\/nauti-parts.com\\\/de\\\/#\\\/schema\\\/logo\\\/image\\\/\",\"url\":\"https:\\\/\\\/nauti-parts.com\\\/wp-content\\\/uploads\\\/2023\\\/10\\\/np-logo-black.png\",\"contentUrl\":\"https:\\\/\\\/nauti-parts.com\\\/wp-content\\\/uploads\\\/2023\\\/10\\\/np-logo-black.png\",\"width\":253,\"height\":100,\"caption\":\"Nauti Teile\"},\"image\":{\"@id\":\"https:\\\/\\\/nauti-parts.com\\\/de\\\/#\\\/schema\\\/logo\\\/image\\\/\"},\"sameAs\":[\"https:\\\/\\\/www.facebook.com\\\/nautipartsspain\\\/\",\"https:\\\/\\\/www.instagram.com\\\/nautiparts\\\/\"]}]}<\/script>\n<!-- \/ Yoast SEO plugin. -->","yoast_head_json":{"title":"SiFly-E | Nauti Parts","robots":{"index":"index","follow":"follow","max-snippet":"max-snippet:-1","max-image-preview":"max-image-preview:large","max-video-preview":"max-video-preview:-1"},"canonical":"https:\/\/nauti-parts.com\/de\/shop\/unkategorisiert\/sifly-e\/","og_locale":"de_DE","og_type":"article","og_title":"SiFly-E | Nauti Parts","og_description":"Ein Nervenkitzel f\u00fcr die ganze Familie. Das gr\u00f6\u00dfte Board in unserem Sortiment bietet die niedrigste Gleitgeschwindigkeit und das h\u00f6chste Volumen auf dem Markt, was es perfekt f\u00fcr Anf\u00e4nger und schwerere Fahrer macht. Das SiFly E ist ein Blickfang und tragbar und hebt Sie bei jedem Familienurlaub aus der Masse hervor. Stabil und vielseitig, bietet der SiFly E ein sicheres und aufregendes Fahrerlebnis. Efoiling ist jetzt ein Abenteuer, auf das sich jedes Familienmitglied einlassen kann.   Preis beinhaltet IVA, Schulung und Lieferung","og_url":"https:\/\/nauti-parts.com\/de\/shop\/unkategorisiert\/sifly-e\/","og_site_name":"Nauti Parts","article_publisher":"https:\/\/www.facebook.com\/nautipartsspain\/","og_image":[{"width":900,"height":500,"url":"https:\/\/nauti-parts.com\/wp-content\/uploads\/2019\/05\/Sea-Doo-jetskis-mallorca.jpg","type":"image\/jpeg"}],"twitter_card":"summary_large_image","schema":{"@context":"https:\/\/schema.org","@graph":[{"@type":"WebPage","@id":"https:\/\/nauti-parts.com\/de\/shop\/unkategorisiert\/sifly-e\/","url":"https:\/\/nauti-parts.com\/de\/shop\/unkategorisiert\/sifly-e\/","name":"SiFly-E | Nauti Parts","isPartOf":{"@id":"https:\/\/nauti-parts.com\/de\/#website"},"datePublished":"2023-04-19T09:53:35+00:00","breadcrumb":{"@id":"https:\/\/nauti-parts.com\/de\/shop\/unkategorisiert\/sifly-e\/#breadcrumb"},"inLanguage":"de","potentialAction":[{"@type":"ReadAction","target":["https:\/\/nauti-parts.com\/de\/shop\/unkategorisiert\/sifly-e\/"]}]},{"@type":"BreadcrumbList","@id":"https:\/\/nauti-parts.com\/de\/shop\/unkategorisiert\/sifly-e\/#breadcrumb","itemListElement":[{"@type":"ListItem","position":1,"name":"Shop","item":"https:\/\/nauti-parts.com\/de\/shop\/"},{"@type":"ListItem","position":2,"name":"SiFly-E"}]},{"@type":"WebSite","@id":"https:\/\/nauti-parts.com\/de\/#website","url":"https:\/\/nauti-parts.com\/de\/","name":"Nauti Parts","description":"Sea-Doo Jet Ski - Seabob Dealer and Rentals | Water Toys Mallorca","publisher":{"@id":"https:\/\/nauti-parts.com\/de\/#organization"},"potentialAction":[{"@type":"SearchAction","target":{"@type":"EntryPoint","urlTemplate":"https:\/\/nauti-parts.com\/de\/?s={search_term_string}"},"query-input":{"@type":"PropertyValueSpecification","valueRequired":true,"valueName":"search_term_string"}}],"inLanguage":"de"},{"@type":"Organization","@id":"https:\/\/nauti-parts.com\/de\/#organization","name":"Nauti Teile","url":"https:\/\/nauti-parts.com\/de\/","logo":{"@type":"ImageObject","inLanguage":"de","@id":"https:\/\/nauti-parts.com\/de\/#\/schema\/logo\/image\/","url":"https:\/\/nauti-parts.com\/wp-content\/uploads\/2023\/10\/np-logo-black.png","contentUrl":"https:\/\/nauti-parts.com\/wp-content\/uploads\/2023\/10\/np-logo-black.png","width":253,"height":100,"caption":"Nauti Teile"},"image":{"@id":"https:\/\/nauti-parts.com\/de\/#\/schema\/logo\/image\/"},"sameAs":["https:\/\/www.facebook.com\/nautipartsspain\/","https:\/\/www.instagram.com\/nautiparts\/"]}]}},"_links":{"self":[{"href":"https:\/\/nauti-parts.com\/de\/wp-json\/wp\/v2\/product\/25725","targetHints":{"allow":["GET"]}}],"collection":[{"href":"https:\/\/nauti-parts.com\/de\/wp-json\/wp\/v2\/product"}],"about":[{"href":"https:\/\/nauti-parts.com\/de\/wp-json\/wp\/v2\/types\/product"}],"replies":[{"embeddable":true,"href":"https:\/\/nauti-parts.com\/de\/wp-json\/wp\/v2\/comments?post=25725"}],"wp:attachment":[{"href":"https:\/\/nauti-parts.com\/de\/wp-json\/wp\/v2\/media?parent=25725"}],"wp:term":[{"taxonomy":"product_brand","embeddable":true,"href":"https:\/\/nauti-parts.com\/de\/wp-json\/wp\/v2\/product_brand?post=25725"},{"taxonomy":"product_cat","embeddable":true,"href":"https:\/\/nauti-parts.com\/de\/wp-json\/wp\/v2\/product_cat?post=25725"},{"taxonomy":"product_tag","embeddable":true,"href":"https:\/\/nauti-parts.com\/de\/wp-json\/wp\/v2\/product_tag?post=25725"}],"curies":[{"name":"wp","href":"https:\/\/api.w.org\/{rel}","templated":true}]}}