{"id":25673,"date":"2023-05-19T09:03:51","date_gmt":"2023-05-19T09:03:51","guid":{"rendered":"https:\/\/nauti-parts.com\/shop\/unkategorisiert\/jobe-mini-manta-schwimmende-matte\/"},"modified":"2023-05-19T09:03:51","modified_gmt":"2023-05-19T09:03:51","slug":"jobe-mini-manta-schwimmende-matte","status":"publish","type":"product","link":"https:\/\/nauti-parts.com\/de\/shop\/wasserspielzeug\/jobe-unendlichkeit\/jobe-mini-manta-schwimmende-matte\/","title":{"rendered":"Jobe Mini Manta Schwimmende Matte"},"content":{"rendered":"<div class=\"col-12 paragraph\">Die modularen Rei\u00dfverschl\u00fcsse erm\u00f6glichen es Ihnen, weitere Mantas, Switch oder Retreat-Schlauchboote anzuschlie\u00dfen. Der Manta l\u00e4sst sich au\u00dferdem klein zusammenpacken und ist somit extrem mobil. Sie brauchen etwas Gr\u00f6\u00dferes? Wir haben auch eine Manta in voller Gr\u00f6\u00dfe! Die perfekte Wassermatte, die Sie \u00fcberallhin mitnehmen k\u00f6nnen, wo Sie schwimmen wollen!    <\/div>\n<div class=\"col-12 paragraph mt20\">\n<ul class=\"autoColumn checkListSmall blackCheck\">\n<li>4 Ankerpunkte f\u00fcr Anlegem\u00f6glichkeiten<\/li>\n<li>Tasche zur kompakten und einfachen Aufbewahrung<\/li>\n<li>Selbstaufblasbar<\/li>\n<li>Rei\u00dfverschluss zum Verbinden verschiedener Manta&#8217;s, Switch und Retreat<\/li>\n<\/ul>\n<\/div>\n","protected":false},"excerpt":{"rendered":"<p>Was k\u00f6nnen wir \u00fcber die Jobe Mini Manta-Schwimmmatte sagen? Es handelt sich um eine schwimmende, modulare, selbstaufblasende Wassermatte, die f\u00fcr den perfekten Entspannungsort auf dem Wasser gebaut ist. <\/p>\n<ul class=\"autoColumn checkListSmall blackCheck\">\n<li><strong>Gewicht: 4,5 kg<\/strong><\/li>\n<li><strong>Abmessungen: 150 x 150 x 6cm<\/strong><\/li>\n<li><strong>Paketgr\u00f6\u00dfe: 10 x 52 x 75cm<\/strong><\/li>\n<\/ul>\n","protected":false},"featured_media":19582,"comment_status":"open","ping_status":"closed","template":"","meta":{"_acf_changed":false},"product_brand":[],"product_cat":[348,205],"product_tag":[],"class_list":{"0":"post-25673","1":"product","2":"type-product","3":"status-publish","4":"has-post-thumbnail","6":"product_cat-jobe-unendlichkeit","7":"product_cat-wasserspielzeug","8":"repupress_customize_woocommerce_productom_class","10":"first","11":"instock","12":"taxable","13":"shipping-taxable","14":"purchasable","15":"product-type-simple"},"acf":[],"yoast_head":"<!-- This site is optimized with the Yoast SEO plugin v27.5 - https:\/\/yoast.com\/product\/yoast-seo-wordpress\/ -->\n<title>Jobe Mini Manta Schwimmende Matte | Nauti Parts<\/title>\n<meta name=\"robots\" content=\"index, follow, max-snippet:-1, max-image-preview:large, max-video-preview:-1\" \/>\n<link rel=\"canonical\" href=\"https:\/\/nauti-parts.com\/de\/shop\/wasserspielzeug\/jobe-unendlichkeit\/jobe-mini-manta-schwimmende-matte\/\" \/>\n<meta property=\"og:locale\" content=\"de_DE\" \/>\n<meta property=\"og:type\" content=\"article\" \/>\n<meta property=\"og:title\" content=\"Jobe Mini Manta Schwimmende Matte | Nauti Parts\" \/>\n<meta property=\"og:description\" content=\"Was k\u00f6nnen wir \u00fcber die Jobe Mini Manta-Schwimmmatte sagen? Es handelt sich um eine schwimmende, modulare, selbstaufblasende Wassermatte, die f\u00fcr den perfekten Entspannungsort auf dem Wasser gebaut ist.   Gewicht: 4,5 kg  Abmessungen: 150 x 150 x 6cm  Paketgr\u00f6\u00dfe: 10 x 52 x 75cm\" \/>\n<meta property=\"og:url\" content=\"https:\/\/nauti-parts.com\/de\/shop\/wasserspielzeug\/jobe-unendlichkeit\/jobe-mini-manta-schwimmende-matte\/\" \/>\n<meta property=\"og:site_name\" content=\"Nauti Parts\" \/>\n<meta property=\"article:publisher\" content=\"https:\/\/www.facebook.com\/nautipartsspain\/\" \/>\n<meta property=\"og:image\" content=\"https:\/\/nauti-parts.com\/wp-content\/uploads\/2023\/05\/manta-mini.jpg\" \/>\n\t<meta property=\"og:image:width\" content=\"1500\" \/>\n\t<meta property=\"og:image:height\" content=\"1500\" \/>\n\t<meta property=\"og:image:type\" content=\"image\/jpeg\" \/>\n<meta name=\"twitter:card\" content=\"summary_large_image\" \/>\n<script type=\"application\/ld+json\" class=\"yoast-schema-graph\">{\"@context\":\"https:\\\/\\\/schema.org\",\"@graph\":[{\"@type\":\"WebPage\",\"@id\":\"https:\\\/\\\/nauti-parts.com\\\/de\\\/shop\\\/wasserspielzeug\\\/jobe-unendlichkeit\\\/jobe-mini-manta-schwimmende-matte\\\/\",\"url\":\"https:\\\/\\\/nauti-parts.com\\\/de\\\/shop\\\/wasserspielzeug\\\/jobe-unendlichkeit\\\/jobe-mini-manta-schwimmende-matte\\\/\",\"name\":\"Jobe Mini Manta Schwimmende Matte | Nauti Parts\",\"isPartOf\":{\"@id\":\"https:\\\/\\\/nauti-parts.com\\\/de\\\/#website\"},\"primaryImageOfPage\":{\"@id\":\"https:\\\/\\\/nauti-parts.com\\\/de\\\/shop\\\/wasserspielzeug\\\/jobe-unendlichkeit\\\/jobe-mini-manta-schwimmende-matte\\\/#primaryimage\"},\"image\":{\"@id\":\"https:\\\/\\\/nauti-parts.com\\\/de\\\/shop\\\/wasserspielzeug\\\/jobe-unendlichkeit\\\/jobe-mini-manta-schwimmende-matte\\\/#primaryimage\"},\"thumbnailUrl\":\"https:\\\/\\\/nauti-parts.com\\\/wp-content\\\/uploads\\\/2023\\\/05\\\/manta-mini.jpg\",\"datePublished\":\"2023-05-19T09:03:51+00:00\",\"breadcrumb\":{\"@id\":\"https:\\\/\\\/nauti-parts.com\\\/de\\\/shop\\\/wasserspielzeug\\\/jobe-unendlichkeit\\\/jobe-mini-manta-schwimmende-matte\\\/#breadcrumb\"},\"inLanguage\":\"de\",\"potentialAction\":[{\"@type\":\"ReadAction\",\"target\":[\"https:\\\/\\\/nauti-parts.com\\\/de\\\/shop\\\/wasserspielzeug\\\/jobe-unendlichkeit\\\/jobe-mini-manta-schwimmende-matte\\\/\"]}]},{\"@type\":\"ImageObject\",\"inLanguage\":\"de\",\"@id\":\"https:\\\/\\\/nauti-parts.com\\\/de\\\/shop\\\/wasserspielzeug\\\/jobe-unendlichkeit\\\/jobe-mini-manta-schwimmende-matte\\\/#primaryimage\",\"url\":\"https:\\\/\\\/nauti-parts.com\\\/wp-content\\\/uploads\\\/2023\\\/05\\\/manta-mini.jpg\",\"contentUrl\":\"https:\\\/\\\/nauti-parts.com\\\/wp-content\\\/uploads\\\/2023\\\/05\\\/manta-mini.jpg\",\"width\":1500,\"height\":1500},{\"@type\":\"BreadcrumbList\",\"@id\":\"https:\\\/\\\/nauti-parts.com\\\/de\\\/shop\\\/wasserspielzeug\\\/jobe-unendlichkeit\\\/jobe-mini-manta-schwimmende-matte\\\/#breadcrumb\",\"itemListElement\":[{\"@type\":\"ListItem\",\"position\":1,\"name\":\"Shop\",\"item\":\"https:\\\/\\\/nauti-parts.com\\\/de\\\/shop\\\/\"},{\"@type\":\"ListItem\",\"position\":2,\"name\":\"Jobe Mini Manta Schwimmende Matte\"}]},{\"@type\":\"WebSite\",\"@id\":\"https:\\\/\\\/nauti-parts.com\\\/de\\\/#website\",\"url\":\"https:\\\/\\\/nauti-parts.com\\\/de\\\/\",\"name\":\"Nauti Parts\",\"description\":\"Sea-Doo Jet Ski - Seabob Dealer and Rentals | Water Toys Mallorca\",\"publisher\":{\"@id\":\"https:\\\/\\\/nauti-parts.com\\\/de\\\/#organization\"},\"potentialAction\":[{\"@type\":\"SearchAction\",\"target\":{\"@type\":\"EntryPoint\",\"urlTemplate\":\"https:\\\/\\\/nauti-parts.com\\\/de\\\/?s={search_term_string}\"},\"query-input\":{\"@type\":\"PropertyValueSpecification\",\"valueRequired\":true,\"valueName\":\"search_term_string\"}}],\"inLanguage\":\"de\"},{\"@type\":\"Organization\",\"@id\":\"https:\\\/\\\/nauti-parts.com\\\/de\\\/#organization\",\"name\":\"Nauti Teile\",\"url\":\"https:\\\/\\\/nauti-parts.com\\\/de\\\/\",\"logo\":{\"@type\":\"ImageObject\",\"inLanguage\":\"de\",\"@id\":\"https:\\\/\\\/nauti-parts.com\\\/de\\\/#\\\/schema\\\/logo\\\/image\\\/\",\"url\":\"https:\\\/\\\/nauti-parts.com\\\/wp-content\\\/uploads\\\/2023\\\/10\\\/np-logo-black.png\",\"contentUrl\":\"https:\\\/\\\/nauti-parts.com\\\/wp-content\\\/uploads\\\/2023\\\/10\\\/np-logo-black.png\",\"width\":253,\"height\":100,\"caption\":\"Nauti Teile\"},\"image\":{\"@id\":\"https:\\\/\\\/nauti-parts.com\\\/de\\\/#\\\/schema\\\/logo\\\/image\\\/\"},\"sameAs\":[\"https:\\\/\\\/www.facebook.com\\\/nautipartsspain\\\/\",\"https:\\\/\\\/www.instagram.com\\\/nautiparts\\\/\"]}]}<\/script>\n<!-- \/ Yoast SEO plugin. -->","yoast_head_json":{"title":"Jobe Mini Manta Schwimmende Matte | Nauti Parts","robots":{"index":"index","follow":"follow","max-snippet":"max-snippet:-1","max-image-preview":"max-image-preview:large","max-video-preview":"max-video-preview:-1"},"canonical":"https:\/\/nauti-parts.com\/de\/shop\/wasserspielzeug\/jobe-unendlichkeit\/jobe-mini-manta-schwimmende-matte\/","og_locale":"de_DE","og_type":"article","og_title":"Jobe Mini Manta Schwimmende Matte | Nauti Parts","og_description":"Was k\u00f6nnen wir \u00fcber die Jobe Mini Manta-Schwimmmatte sagen? Es handelt sich um eine schwimmende, modulare, selbstaufblasende Wassermatte, die f\u00fcr den perfekten Entspannungsort auf dem Wasser gebaut ist.   Gewicht: 4,5 kg  Abmessungen: 150 x 150 x 6cm  Paketgr\u00f6\u00dfe: 10 x 52 x 75cm","og_url":"https:\/\/nauti-parts.com\/de\/shop\/wasserspielzeug\/jobe-unendlichkeit\/jobe-mini-manta-schwimmende-matte\/","og_site_name":"Nauti Parts","article_publisher":"https:\/\/www.facebook.com\/nautipartsspain\/","og_image":[{"width":1500,"height":1500,"url":"https:\/\/nauti-parts.com\/wp-content\/uploads\/2023\/05\/manta-mini.jpg","type":"image\/jpeg"}],"twitter_card":"summary_large_image","schema":{"@context":"https:\/\/schema.org","@graph":[{"@type":"WebPage","@id":"https:\/\/nauti-parts.com\/de\/shop\/wasserspielzeug\/jobe-unendlichkeit\/jobe-mini-manta-schwimmende-matte\/","url":"https:\/\/nauti-parts.com\/de\/shop\/wasserspielzeug\/jobe-unendlichkeit\/jobe-mini-manta-schwimmende-matte\/","name":"Jobe Mini Manta Schwimmende Matte | Nauti Parts","isPartOf":{"@id":"https:\/\/nauti-parts.com\/de\/#website"},"primaryImageOfPage":{"@id":"https:\/\/nauti-parts.com\/de\/shop\/wasserspielzeug\/jobe-unendlichkeit\/jobe-mini-manta-schwimmende-matte\/#primaryimage"},"image":{"@id":"https:\/\/nauti-parts.com\/de\/shop\/wasserspielzeug\/jobe-unendlichkeit\/jobe-mini-manta-schwimmende-matte\/#primaryimage"},"thumbnailUrl":"https:\/\/nauti-parts.com\/wp-content\/uploads\/2023\/05\/manta-mini.jpg","datePublished":"2023-05-19T09:03:51+00:00","breadcrumb":{"@id":"https:\/\/nauti-parts.com\/de\/shop\/wasserspielzeug\/jobe-unendlichkeit\/jobe-mini-manta-schwimmende-matte\/#breadcrumb"},"inLanguage":"de","potentialAction":[{"@type":"ReadAction","target":["https:\/\/nauti-parts.com\/de\/shop\/wasserspielzeug\/jobe-unendlichkeit\/jobe-mini-manta-schwimmende-matte\/"]}]},{"@type":"ImageObject","inLanguage":"de","@id":"https:\/\/nauti-parts.com\/de\/shop\/wasserspielzeug\/jobe-unendlichkeit\/jobe-mini-manta-schwimmende-matte\/#primaryimage","url":"https:\/\/nauti-parts.com\/wp-content\/uploads\/2023\/05\/manta-mini.jpg","contentUrl":"https:\/\/nauti-parts.com\/wp-content\/uploads\/2023\/05\/manta-mini.jpg","width":1500,"height":1500},{"@type":"BreadcrumbList","@id":"https:\/\/nauti-parts.com\/de\/shop\/wasserspielzeug\/jobe-unendlichkeit\/jobe-mini-manta-schwimmende-matte\/#breadcrumb","itemListElement":[{"@type":"ListItem","position":1,"name":"Shop","item":"https:\/\/nauti-parts.com\/de\/shop\/"},{"@type":"ListItem","position":2,"name":"Jobe Mini Manta Schwimmende Matte"}]},{"@type":"WebSite","@id":"https:\/\/nauti-parts.com\/de\/#website","url":"https:\/\/nauti-parts.com\/de\/","name":"Nauti Parts","description":"Sea-Doo Jet Ski - Seabob Dealer and Rentals | Water Toys Mallorca","publisher":{"@id":"https:\/\/nauti-parts.com\/de\/#organization"},"potentialAction":[{"@type":"SearchAction","target":{"@type":"EntryPoint","urlTemplate":"https:\/\/nauti-parts.com\/de\/?s={search_term_string}"},"query-input":{"@type":"PropertyValueSpecification","valueRequired":true,"valueName":"search_term_string"}}],"inLanguage":"de"},{"@type":"Organization","@id":"https:\/\/nauti-parts.com\/de\/#organization","name":"Nauti Teile","url":"https:\/\/nauti-parts.com\/de\/","logo":{"@type":"ImageObject","inLanguage":"de","@id":"https:\/\/nauti-parts.com\/de\/#\/schema\/logo\/image\/","url":"https:\/\/nauti-parts.com\/wp-content\/uploads\/2023\/10\/np-logo-black.png","contentUrl":"https:\/\/nauti-parts.com\/wp-content\/uploads\/2023\/10\/np-logo-black.png","width":253,"height":100,"caption":"Nauti Teile"},"image":{"@id":"https:\/\/nauti-parts.com\/de\/#\/schema\/logo\/image\/"},"sameAs":["https:\/\/www.facebook.com\/nautipartsspain\/","https:\/\/www.instagram.com\/nautiparts\/"]}]}},"_links":{"self":[{"href":"https:\/\/nauti-parts.com\/de\/wp-json\/wp\/v2\/product\/25673","targetHints":{"allow":["GET"]}}],"collection":[{"href":"https:\/\/nauti-parts.com\/de\/wp-json\/wp\/v2\/product"}],"about":[{"href":"https:\/\/nauti-parts.com\/de\/wp-json\/wp\/v2\/types\/product"}],"replies":[{"embeddable":true,"href":"https:\/\/nauti-parts.com\/de\/wp-json\/wp\/v2\/comments?post=25673"}],"wp:featuredmedia":[{"embeddable":true,"href":"https:\/\/nauti-parts.com\/de\/wp-json\/wp\/v2\/media\/19582"}],"wp:attachment":[{"href":"https:\/\/nauti-parts.com\/de\/wp-json\/wp\/v2\/media?parent=25673"}],"wp:term":[{"taxonomy":"product_brand","embeddable":true,"href":"https:\/\/nauti-parts.com\/de\/wp-json\/wp\/v2\/product_brand?post=25673"},{"taxonomy":"product_cat","embeddable":true,"href":"https:\/\/nauti-parts.com\/de\/wp-json\/wp\/v2\/product_cat?post=25673"},{"taxonomy":"product_tag","embeddable":true,"href":"https:\/\/nauti-parts.com\/de\/wp-json\/wp\/v2\/product_tag?post=25673"}],"curies":[{"name":"wp","href":"https:\/\/api.w.org\/{rel}","templated":true}]}}