{"id":25645,"date":"2023-05-24T13:57:28","date_gmt":"2023-05-24T13:57:28","guid":{"rendered":"https:\/\/nauti-parts.com\/shop\/unkategorisiert\/spinera-kajak-hybris-420\/"},"modified":"2023-05-24T13:57:28","modified_gmt":"2023-05-24T13:57:28","slug":"spinera-kajak-hybris-420","status":"publish","type":"product","link":"https:\/\/nauti-parts.com\/de\/shop\/bretter-skier\/sup\/spinera-kajak-hybris-420\/","title":{"rendered":"Spinera Kajak Hybris 420"},"content":{"rendered":"<p>Ein sehr stabiles Kajak, das dank des glatten Planenbodens beste Gleiteigenschaften bietet.<\/p>\n<p>Hybris 410 Spezifikationen:<br \/>\nAbmessungen: 410cm x 90cm<br \/>\nMax. Benutzer: 2 Personen<br \/>\nLuftkammern: 3-fach Sicherheitssystem<br \/>\nMax. Belastung: 200 kg<br \/>\nKategorie: Kajak<br \/>\nVerst\u00e4rkte PVC-Innenschl\u00e4uche<br \/>\nVerst\u00e4rkter Planenunterboden f\u00fcr beste Gleiteigenschaften auf dem Wasser<br \/>\n8 cm HDDS-Boden &#8211; High Density Dropstitch Floor &#8211; Erm\u00f6glicht stabiles und bequemes Einsteigen und Aufstehen w\u00e4hrend der Kajaktour<br \/>\nNettogewicht Hauptteil: 9.2kg<br \/>\nNettogewicht Boden: 3.8kg<br \/>\nNettogewicht Hauptteil &amp; Boden: 13kg<br \/>\nVolumen: 280k<br \/>\nPackma\u00df: 55x27x85cm<br \/>\nFarbe: Gr\u00fcn  <\/p>\n<p>Wir wissen, dass Kajakfahrer sich mehr L\u00e4nge f\u00fcr noch mehr Stabilit\u00e4t w\u00fcnschen. Deshalb eignet sich das Spinera Kayak Hybris 410 auch hervorragend zum Paddeln als Einsitzer.<\/p>\n<p>Lieferumfang:<br \/>\n2 Flossen, Tragetasche aus 600D Polyester, Kajaksitz<\/p>\n<p>HINWEIS: Wir empfehlen dringend, bei der Benutzung des Kajaks ein Schwimmger\u00e4t\/eine Schwimmhilfe zu tragen. Schwimmhilfen geben Auftrieb nach einem Sturz ins Wasser und erhalten die Schwimm- und Handlungsf\u00e4higkeit. Eine Schwimmhilfe\/Auftriebshilfe ist nicht im Lieferumfang enthalten  <\/p>\n","protected":false},"excerpt":{"rendered":"<p>Die Hybris-Serie ist die neue Allround-Touren-Kajaklinie von Spinera. In 3 verschiedenen Gr\u00f6\u00dfen k\u00f6nnen Sie das Richtige f\u00fcr sich ausw\u00e4hlen. Mit den Hybriskajaks sind Sie auf Fl\u00fcssen, Seen und dem Meer bestens ausger\u00fcstet.  <\/p>\n","protected":false},"featured_media":17025,"comment_status":"open","ping_status":"closed","template":"","meta":{"_acf_changed":false},"product_brand":[],"product_cat":[215,205],"product_tag":[],"class_list":{"0":"post-25645","1":"product","2":"type-product","3":"status-publish","4":"has-post-thumbnail","6":"product_cat-sup","7":"product_cat-wasserspielzeug","8":"repupress_customize_woocommerce_productom_class","10":"first","11":"instock","12":"taxable","13":"shipping-taxable","14":"purchasable","15":"product-type-simple"},"acf":[],"yoast_head":"<!-- This site is optimized with the Yoast SEO plugin v27.2 - https:\/\/yoast.com\/product\/yoast-seo-wordpress\/ -->\n<title>Spinera Kajak Hybris 420 | Nauti Parts<\/title>\n<meta name=\"robots\" content=\"index, follow, max-snippet:-1, max-image-preview:large, max-video-preview:-1\" \/>\n<link rel=\"canonical\" href=\"https:\/\/nauti-parts.com\/de\/shop\/bretter-skier\/sup\/spinera-kajak-hybris-420\/\" \/>\n<meta property=\"og:locale\" content=\"de_DE\" \/>\n<meta property=\"og:type\" content=\"article\" \/>\n<meta property=\"og:title\" content=\"Spinera Kajak Hybris 420 | Nauti Parts\" \/>\n<meta property=\"og:description\" content=\"Die Hybris-Serie ist die neue Allround-Touren-Kajaklinie von Spinera. In 3 verschiedenen Gr\u00f6\u00dfen k\u00f6nnen Sie das Richtige f\u00fcr sich ausw\u00e4hlen. Mit den Hybriskajaks sind Sie auf Fl\u00fcssen, Seen und dem Meer bestens ausger\u00fcstet.\" \/>\n<meta property=\"og:url\" content=\"https:\/\/nauti-parts.com\/de\/shop\/bretter-skier\/sup\/spinera-kajak-hybris-420\/\" \/>\n<meta property=\"og:site_name\" content=\"Nauti Parts\" \/>\n<meta property=\"article:publisher\" content=\"https:\/\/www.facebook.com\/nautipartsspain\/\" \/>\n<meta property=\"og:image\" content=\"https:\/\/nauti-parts.com\/wp-content\/uploads\/2023\/05\/w22220-8-spinera-kayak-hybris-410-set_1.webp\" \/>\n\t<meta property=\"og:image:width\" content=\"700\" \/>\n\t<meta property=\"og:image:height\" content=\"700\" \/>\n\t<meta property=\"og:image:type\" content=\"image\/webp\" \/>\n<meta name=\"twitter:card\" content=\"summary_large_image\" \/>\n<meta name=\"twitter:label1\" content=\"Gesch\u00e4tzte Lesezeit\" \/>\n\t<meta name=\"twitter:data1\" content=\"1\u00a0Minute\" \/>\n<script type=\"application\/ld+json\" class=\"yoast-schema-graph\">{\"@context\":\"https:\/\/schema.org\",\"@graph\":[{\"@type\":\"WebPage\",\"@id\":\"https:\/\/nauti-parts.com\/de\/shop\/bretter-skier\/sup\/spinera-kajak-hybris-420\/\",\"url\":\"https:\/\/nauti-parts.com\/de\/shop\/bretter-skier\/sup\/spinera-kajak-hybris-420\/\",\"name\":\"Spinera Kajak Hybris 420 | Nauti Parts\",\"isPartOf\":{\"@id\":\"https:\/\/nauti-parts.com\/de\/#website\"},\"primaryImageOfPage\":{\"@id\":\"https:\/\/nauti-parts.com\/de\/shop\/bretter-skier\/sup\/spinera-kajak-hybris-420\/#primaryimage\"},\"image\":{\"@id\":\"https:\/\/nauti-parts.com\/de\/shop\/bretter-skier\/sup\/spinera-kajak-hybris-420\/#primaryimage\"},\"thumbnailUrl\":\"https:\/\/nauti-parts.com\/wp-content\/uploads\/2023\/05\/w22220-8-spinera-kayak-hybris-410-set_1.webp\",\"datePublished\":\"2023-05-24T13:57:28+00:00\",\"breadcrumb\":{\"@id\":\"https:\/\/nauti-parts.com\/de\/shop\/bretter-skier\/sup\/spinera-kajak-hybris-420\/#breadcrumb\"},\"inLanguage\":\"de\",\"potentialAction\":[{\"@type\":\"ReadAction\",\"target\":[\"https:\/\/nauti-parts.com\/de\/shop\/bretter-skier\/sup\/spinera-kajak-hybris-420\/\"]}]},{\"@type\":\"ImageObject\",\"inLanguage\":\"de\",\"@id\":\"https:\/\/nauti-parts.com\/de\/shop\/bretter-skier\/sup\/spinera-kajak-hybris-420\/#primaryimage\",\"url\":\"https:\/\/nauti-parts.com\/wp-content\/uploads\/2023\/05\/w22220-8-spinera-kayak-hybris-410-set_1.webp\",\"contentUrl\":\"https:\/\/nauti-parts.com\/wp-content\/uploads\/2023\/05\/w22220-8-spinera-kayak-hybris-410-set_1.webp\",\"width\":700,\"height\":700},{\"@type\":\"BreadcrumbList\",\"@id\":\"https:\/\/nauti-parts.com\/de\/shop\/bretter-skier\/sup\/spinera-kajak-hybris-420\/#breadcrumb\",\"itemListElement\":[{\"@type\":\"ListItem\",\"position\":1,\"name\":\"Shop\",\"item\":\"https:\/\/nauti-parts.com\/de\/shop\/\"},{\"@type\":\"ListItem\",\"position\":2,\"name\":\"Spinera Kajak Hybris 420\"}]},{\"@type\":\"WebSite\",\"@id\":\"https:\/\/nauti-parts.com\/de\/#website\",\"url\":\"https:\/\/nauti-parts.com\/de\/\",\"name\":\"Nauti Parts\",\"description\":\"Sea-Doo Jet Ski - Seabob Dealer and Rentals | Water Toys Mallorca\",\"publisher\":{\"@id\":\"https:\/\/nauti-parts.com\/de\/#organization\"},\"potentialAction\":[{\"@type\":\"SearchAction\",\"target\":{\"@type\":\"EntryPoint\",\"urlTemplate\":\"https:\/\/nauti-parts.com\/de\/?s={search_term_string}\"},\"query-input\":{\"@type\":\"PropertyValueSpecification\",\"valueRequired\":true,\"valueName\":\"search_term_string\"}}],\"inLanguage\":\"de\"},{\"@type\":\"Organization\",\"@id\":\"https:\/\/nauti-parts.com\/de\/#organization\",\"name\":\"Nauti Teile\",\"url\":\"https:\/\/nauti-parts.com\/de\/\",\"logo\":{\"@type\":\"ImageObject\",\"inLanguage\":\"de\",\"@id\":\"https:\/\/nauti-parts.com\/de\/#\/schema\/logo\/image\/\",\"url\":\"https:\/\/nauti-parts.com\/wp-content\/uploads\/2023\/10\/np-logo-black.png\",\"contentUrl\":\"https:\/\/nauti-parts.com\/wp-content\/uploads\/2023\/10\/np-logo-black.png\",\"width\":253,\"height\":100,\"caption\":\"Nauti Teile\"},\"image\":{\"@id\":\"https:\/\/nauti-parts.com\/de\/#\/schema\/logo\/image\/\"},\"sameAs\":[\"https:\/\/www.facebook.com\/nautipartsspain\/\",\"https:\/\/www.instagram.com\/nautiparts\/\"]}]}<\/script>\n<!-- \/ Yoast SEO plugin. -->","yoast_head_json":{"title":"Spinera Kajak Hybris 420 | Nauti Parts","robots":{"index":"index","follow":"follow","max-snippet":"max-snippet:-1","max-image-preview":"max-image-preview:large","max-video-preview":"max-video-preview:-1"},"canonical":"https:\/\/nauti-parts.com\/de\/shop\/bretter-skier\/sup\/spinera-kajak-hybris-420\/","og_locale":"de_DE","og_type":"article","og_title":"Spinera Kajak Hybris 420 | Nauti Parts","og_description":"Die Hybris-Serie ist die neue Allround-Touren-Kajaklinie von Spinera. In 3 verschiedenen Gr\u00f6\u00dfen k\u00f6nnen Sie das Richtige f\u00fcr sich ausw\u00e4hlen. Mit den Hybriskajaks sind Sie auf Fl\u00fcssen, Seen und dem Meer bestens ausger\u00fcstet.","og_url":"https:\/\/nauti-parts.com\/de\/shop\/bretter-skier\/sup\/spinera-kajak-hybris-420\/","og_site_name":"Nauti Parts","article_publisher":"https:\/\/www.facebook.com\/nautipartsspain\/","og_image":[{"width":700,"height":700,"url":"https:\/\/nauti-parts.com\/wp-content\/uploads\/2023\/05\/w22220-8-spinera-kayak-hybris-410-set_1.webp","type":"image\/webp"}],"twitter_card":"summary_large_image","twitter_misc":{"Gesch\u00e4tzte Lesezeit":"1\u00a0Minute"},"schema":{"@context":"https:\/\/schema.org","@graph":[{"@type":"WebPage","@id":"https:\/\/nauti-parts.com\/de\/shop\/bretter-skier\/sup\/spinera-kajak-hybris-420\/","url":"https:\/\/nauti-parts.com\/de\/shop\/bretter-skier\/sup\/spinera-kajak-hybris-420\/","name":"Spinera Kajak Hybris 420 | Nauti Parts","isPartOf":{"@id":"https:\/\/nauti-parts.com\/de\/#website"},"primaryImageOfPage":{"@id":"https:\/\/nauti-parts.com\/de\/shop\/bretter-skier\/sup\/spinera-kajak-hybris-420\/#primaryimage"},"image":{"@id":"https:\/\/nauti-parts.com\/de\/shop\/bretter-skier\/sup\/spinera-kajak-hybris-420\/#primaryimage"},"thumbnailUrl":"https:\/\/nauti-parts.com\/wp-content\/uploads\/2023\/05\/w22220-8-spinera-kayak-hybris-410-set_1.webp","datePublished":"2023-05-24T13:57:28+00:00","breadcrumb":{"@id":"https:\/\/nauti-parts.com\/de\/shop\/bretter-skier\/sup\/spinera-kajak-hybris-420\/#breadcrumb"},"inLanguage":"de","potentialAction":[{"@type":"ReadAction","target":["https:\/\/nauti-parts.com\/de\/shop\/bretter-skier\/sup\/spinera-kajak-hybris-420\/"]}]},{"@type":"ImageObject","inLanguage":"de","@id":"https:\/\/nauti-parts.com\/de\/shop\/bretter-skier\/sup\/spinera-kajak-hybris-420\/#primaryimage","url":"https:\/\/nauti-parts.com\/wp-content\/uploads\/2023\/05\/w22220-8-spinera-kayak-hybris-410-set_1.webp","contentUrl":"https:\/\/nauti-parts.com\/wp-content\/uploads\/2023\/05\/w22220-8-spinera-kayak-hybris-410-set_1.webp","width":700,"height":700},{"@type":"BreadcrumbList","@id":"https:\/\/nauti-parts.com\/de\/shop\/bretter-skier\/sup\/spinera-kajak-hybris-420\/#breadcrumb","itemListElement":[{"@type":"ListItem","position":1,"name":"Shop","item":"https:\/\/nauti-parts.com\/de\/shop\/"},{"@type":"ListItem","position":2,"name":"Spinera Kajak Hybris 420"}]},{"@type":"WebSite","@id":"https:\/\/nauti-parts.com\/de\/#website","url":"https:\/\/nauti-parts.com\/de\/","name":"Nauti Parts","description":"Sea-Doo Jet Ski - Seabob Dealer and Rentals | Water Toys Mallorca","publisher":{"@id":"https:\/\/nauti-parts.com\/de\/#organization"},"potentialAction":[{"@type":"SearchAction","target":{"@type":"EntryPoint","urlTemplate":"https:\/\/nauti-parts.com\/de\/?s={search_term_string}"},"query-input":{"@type":"PropertyValueSpecification","valueRequired":true,"valueName":"search_term_string"}}],"inLanguage":"de"},{"@type":"Organization","@id":"https:\/\/nauti-parts.com\/de\/#organization","name":"Nauti Teile","url":"https:\/\/nauti-parts.com\/de\/","logo":{"@type":"ImageObject","inLanguage":"de","@id":"https:\/\/nauti-parts.com\/de\/#\/schema\/logo\/image\/","url":"https:\/\/nauti-parts.com\/wp-content\/uploads\/2023\/10\/np-logo-black.png","contentUrl":"https:\/\/nauti-parts.com\/wp-content\/uploads\/2023\/10\/np-logo-black.png","width":253,"height":100,"caption":"Nauti Teile"},"image":{"@id":"https:\/\/nauti-parts.com\/de\/#\/schema\/logo\/image\/"},"sameAs":["https:\/\/www.facebook.com\/nautipartsspain\/","https:\/\/www.instagram.com\/nautiparts\/"]}]}},"_links":{"self":[{"href":"https:\/\/nauti-parts.com\/de\/wp-json\/wp\/v2\/product\/25645","targetHints":{"allow":["GET"]}}],"collection":[{"href":"https:\/\/nauti-parts.com\/de\/wp-json\/wp\/v2\/product"}],"about":[{"href":"https:\/\/nauti-parts.com\/de\/wp-json\/wp\/v2\/types\/product"}],"replies":[{"embeddable":true,"href":"https:\/\/nauti-parts.com\/de\/wp-json\/wp\/v2\/comments?post=25645"}],"wp:featuredmedia":[{"embeddable":true,"href":"https:\/\/nauti-parts.com\/de\/wp-json\/wp\/v2\/media\/17025"}],"wp:attachment":[{"href":"https:\/\/nauti-parts.com\/de\/wp-json\/wp\/v2\/media?parent=25645"}],"wp:term":[{"taxonomy":"product_brand","embeddable":true,"href":"https:\/\/nauti-parts.com\/de\/wp-json\/wp\/v2\/product_brand?post=25645"},{"taxonomy":"product_cat","embeddable":true,"href":"https:\/\/nauti-parts.com\/de\/wp-json\/wp\/v2\/product_cat?post=25645"},{"taxonomy":"product_tag","embeddable":true,"href":"https:\/\/nauti-parts.com\/de\/wp-json\/wp\/v2\/product_tag?post=25645"}],"curies":[{"name":"wp","href":"https:\/\/api.w.org\/{rel}","templated":true}]}}