{"id":25608,"date":"2023-05-31T13:17:02","date_gmt":"2023-05-31T13:17:02","guid":{"rendered":"https:\/\/nauti-parts.com\/shop\/unkategorisiert\/spinera-blue-fantasy-kniebrett\/"},"modified":"2023-05-31T13:17:02","modified_gmt":"2023-05-31T13:17:02","slug":"spinera-blue-fantasy-kniebrett","status":"publish","type":"product","link":"https:\/\/nauti-parts.com\/de\/shop\/bretter-skier\/kniebretter\/spinera-blue-fantasy-kniebrett\/","title":{"rendered":"Spinera Blue Fantasy Kniebrett"},"content":{"rendered":"<p>Mit gro\u00dfer Stabilit\u00e4t, guter Leistung und perfekter Spurtreue erm\u00f6glicht dieses Kneeboard einfache Starts mit dem Griffhaken.<\/p>\n<p>&#8211; Kunststoff rotationsgeformt<br \/>\n&#8211; komfortable Schaumstoff-Knieschoner<br \/>\n&#8211; geformte Finnen f\u00fcr gute Spurtreue<br \/>\n&#8211; gepolsterter Kneeboard-Gurt<br \/>\n&#8211; L\u00e4nge: 126 cm, Breite 51 cm<br \/>\n&#8211; Fahrergewicht: bis zu 100 kg<\/p>\n","protected":false},"excerpt":{"rendered":"<p>Spinera Kneeboard Blue Fantasy &#8211; Leicht zu erlernendes und lustiges Kneeboard &#8211; perfekt f\u00fcr die ganze Familie!<\/p>\n","protected":false},"featured_media":17086,"comment_status":"open","ping_status":"closed","template":"","meta":{"_acf_changed":false},"product_brand":[],"product_cat":[364,216,205],"product_tag":[],"class_list":{"0":"post-25608","1":"product","2":"type-product","3":"status-publish","4":"has-post-thumbnail","6":"product_cat-kniebretter","7":"product_cat-spinera","8":"product_cat-wasserspielzeug","9":"repupress_customize_woocommerce_productom_class","11":"first","12":"instock","13":"taxable","14":"shipping-taxable","15":"purchasable","16":"product-type-simple"},"acf":[],"yoast_head":"<!-- This site is optimized with the Yoast SEO plugin v27.2 - https:\/\/yoast.com\/product\/yoast-seo-wordpress\/ -->\n<title>Spinera Blue Fantasy Kniebrett | Nauti Parts<\/title>\n<meta name=\"robots\" content=\"index, follow, max-snippet:-1, max-image-preview:large, max-video-preview:-1\" \/>\n<link rel=\"canonical\" href=\"https:\/\/nauti-parts.com\/de\/shop\/bretter-skier\/kniebretter\/spinera-blue-fantasy-kniebrett\/\" \/>\n<meta property=\"og:locale\" content=\"de_DE\" \/>\n<meta property=\"og:type\" content=\"article\" \/>\n<meta property=\"og:title\" content=\"Spinera Blue Fantasy Kniebrett | Nauti Parts\" \/>\n<meta property=\"og:description\" content=\"Spinera Kneeboard Blue Fantasy - Leicht zu erlernendes und lustiges Kneeboard - perfekt f\u00fcr die ganze Familie!\" \/>\n<meta property=\"og:url\" content=\"https:\/\/nauti-parts.com\/de\/shop\/bretter-skier\/kniebretter\/spinera-blue-fantasy-kniebrett\/\" \/>\n<meta property=\"og:site_name\" content=\"Nauti Parts\" \/>\n<meta property=\"article:publisher\" content=\"https:\/\/www.facebook.com\/nautipartsspain\/\" \/>\n<meta property=\"og:image\" content=\"https:\/\/nauti-parts.com\/wp-content\/uploads\/2023\/05\/w19509-Spinera-Wassersport-Kneeboard_1_1-1.webp\" \/>\n\t<meta property=\"og:image:width\" content=\"700\" \/>\n\t<meta property=\"og:image:height\" content=\"700\" \/>\n\t<meta property=\"og:image:type\" content=\"image\/webp\" \/>\n<meta name=\"twitter:card\" content=\"summary_large_image\" \/>\n<script type=\"application\/ld+json\" class=\"yoast-schema-graph\">{\"@context\":\"https:\/\/schema.org\",\"@graph\":[{\"@type\":\"WebPage\",\"@id\":\"https:\/\/nauti-parts.com\/de\/shop\/bretter-skier\/kniebretter\/spinera-blue-fantasy-kniebrett\/\",\"url\":\"https:\/\/nauti-parts.com\/de\/shop\/bretter-skier\/kniebretter\/spinera-blue-fantasy-kniebrett\/\",\"name\":\"Spinera Blue Fantasy Kniebrett | Nauti Parts\",\"isPartOf\":{\"@id\":\"https:\/\/nauti-parts.com\/de\/#website\"},\"primaryImageOfPage\":{\"@id\":\"https:\/\/nauti-parts.com\/de\/shop\/bretter-skier\/kniebretter\/spinera-blue-fantasy-kniebrett\/#primaryimage\"},\"image\":{\"@id\":\"https:\/\/nauti-parts.com\/de\/shop\/bretter-skier\/kniebretter\/spinera-blue-fantasy-kniebrett\/#primaryimage\"},\"thumbnailUrl\":\"https:\/\/nauti-parts.com\/wp-content\/uploads\/2023\/05\/w19509-Spinera-Wassersport-Kneeboard_1_1-1.webp\",\"datePublished\":\"2023-05-31T13:17:02+00:00\",\"breadcrumb\":{\"@id\":\"https:\/\/nauti-parts.com\/de\/shop\/bretter-skier\/kniebretter\/spinera-blue-fantasy-kniebrett\/#breadcrumb\"},\"inLanguage\":\"de\",\"potentialAction\":[{\"@type\":\"ReadAction\",\"target\":[\"https:\/\/nauti-parts.com\/de\/shop\/bretter-skier\/kniebretter\/spinera-blue-fantasy-kniebrett\/\"]}]},{\"@type\":\"ImageObject\",\"inLanguage\":\"de\",\"@id\":\"https:\/\/nauti-parts.com\/de\/shop\/bretter-skier\/kniebretter\/spinera-blue-fantasy-kniebrett\/#primaryimage\",\"url\":\"https:\/\/nauti-parts.com\/wp-content\/uploads\/2023\/05\/w19509-Spinera-Wassersport-Kneeboard_1_1-1.webp\",\"contentUrl\":\"https:\/\/nauti-parts.com\/wp-content\/uploads\/2023\/05\/w19509-Spinera-Wassersport-Kneeboard_1_1-1.webp\",\"width\":700,\"height\":700},{\"@type\":\"BreadcrumbList\",\"@id\":\"https:\/\/nauti-parts.com\/de\/shop\/bretter-skier\/kniebretter\/spinera-blue-fantasy-kniebrett\/#breadcrumb\",\"itemListElement\":[{\"@type\":\"ListItem\",\"position\":1,\"name\":\"Shop\",\"item\":\"https:\/\/nauti-parts.com\/de\/shop\/\"},{\"@type\":\"ListItem\",\"position\":2,\"name\":\"Spinera Blue Fantasy Kniebrett\"}]},{\"@type\":\"WebSite\",\"@id\":\"https:\/\/nauti-parts.com\/de\/#website\",\"url\":\"https:\/\/nauti-parts.com\/de\/\",\"name\":\"Nauti Parts\",\"description\":\"Sea-Doo Jet Ski - Seabob Dealer and Rentals | Water Toys Mallorca\",\"publisher\":{\"@id\":\"https:\/\/nauti-parts.com\/de\/#organization\"},\"potentialAction\":[{\"@type\":\"SearchAction\",\"target\":{\"@type\":\"EntryPoint\",\"urlTemplate\":\"https:\/\/nauti-parts.com\/de\/?s={search_term_string}\"},\"query-input\":{\"@type\":\"PropertyValueSpecification\",\"valueRequired\":true,\"valueName\":\"search_term_string\"}}],\"inLanguage\":\"de\"},{\"@type\":\"Organization\",\"@id\":\"https:\/\/nauti-parts.com\/de\/#organization\",\"name\":\"Nauti Teile\",\"url\":\"https:\/\/nauti-parts.com\/de\/\",\"logo\":{\"@type\":\"ImageObject\",\"inLanguage\":\"de\",\"@id\":\"https:\/\/nauti-parts.com\/de\/#\/schema\/logo\/image\/\",\"url\":\"https:\/\/nauti-parts.com\/wp-content\/uploads\/2023\/10\/np-logo-black.png\",\"contentUrl\":\"https:\/\/nauti-parts.com\/wp-content\/uploads\/2023\/10\/np-logo-black.png\",\"width\":253,\"height\":100,\"caption\":\"Nauti Teile\"},\"image\":{\"@id\":\"https:\/\/nauti-parts.com\/de\/#\/schema\/logo\/image\/\"},\"sameAs\":[\"https:\/\/www.facebook.com\/nautipartsspain\/\",\"https:\/\/www.instagram.com\/nautiparts\/\"]}]}<\/script>\n<!-- \/ Yoast SEO plugin. -->","yoast_head_json":{"title":"Spinera Blue Fantasy Kniebrett | Nauti Parts","robots":{"index":"index","follow":"follow","max-snippet":"max-snippet:-1","max-image-preview":"max-image-preview:large","max-video-preview":"max-video-preview:-1"},"canonical":"https:\/\/nauti-parts.com\/de\/shop\/bretter-skier\/kniebretter\/spinera-blue-fantasy-kniebrett\/","og_locale":"de_DE","og_type":"article","og_title":"Spinera Blue Fantasy Kniebrett | Nauti Parts","og_description":"Spinera Kneeboard Blue Fantasy - Leicht zu erlernendes und lustiges Kneeboard - perfekt f\u00fcr die ganze Familie!","og_url":"https:\/\/nauti-parts.com\/de\/shop\/bretter-skier\/kniebretter\/spinera-blue-fantasy-kniebrett\/","og_site_name":"Nauti Parts","article_publisher":"https:\/\/www.facebook.com\/nautipartsspain\/","og_image":[{"width":700,"height":700,"url":"https:\/\/nauti-parts.com\/wp-content\/uploads\/2023\/05\/w19509-Spinera-Wassersport-Kneeboard_1_1-1.webp","type":"image\/webp"}],"twitter_card":"summary_large_image","schema":{"@context":"https:\/\/schema.org","@graph":[{"@type":"WebPage","@id":"https:\/\/nauti-parts.com\/de\/shop\/bretter-skier\/kniebretter\/spinera-blue-fantasy-kniebrett\/","url":"https:\/\/nauti-parts.com\/de\/shop\/bretter-skier\/kniebretter\/spinera-blue-fantasy-kniebrett\/","name":"Spinera Blue Fantasy Kniebrett | Nauti Parts","isPartOf":{"@id":"https:\/\/nauti-parts.com\/de\/#website"},"primaryImageOfPage":{"@id":"https:\/\/nauti-parts.com\/de\/shop\/bretter-skier\/kniebretter\/spinera-blue-fantasy-kniebrett\/#primaryimage"},"image":{"@id":"https:\/\/nauti-parts.com\/de\/shop\/bretter-skier\/kniebretter\/spinera-blue-fantasy-kniebrett\/#primaryimage"},"thumbnailUrl":"https:\/\/nauti-parts.com\/wp-content\/uploads\/2023\/05\/w19509-Spinera-Wassersport-Kneeboard_1_1-1.webp","datePublished":"2023-05-31T13:17:02+00:00","breadcrumb":{"@id":"https:\/\/nauti-parts.com\/de\/shop\/bretter-skier\/kniebretter\/spinera-blue-fantasy-kniebrett\/#breadcrumb"},"inLanguage":"de","potentialAction":[{"@type":"ReadAction","target":["https:\/\/nauti-parts.com\/de\/shop\/bretter-skier\/kniebretter\/spinera-blue-fantasy-kniebrett\/"]}]},{"@type":"ImageObject","inLanguage":"de","@id":"https:\/\/nauti-parts.com\/de\/shop\/bretter-skier\/kniebretter\/spinera-blue-fantasy-kniebrett\/#primaryimage","url":"https:\/\/nauti-parts.com\/wp-content\/uploads\/2023\/05\/w19509-Spinera-Wassersport-Kneeboard_1_1-1.webp","contentUrl":"https:\/\/nauti-parts.com\/wp-content\/uploads\/2023\/05\/w19509-Spinera-Wassersport-Kneeboard_1_1-1.webp","width":700,"height":700},{"@type":"BreadcrumbList","@id":"https:\/\/nauti-parts.com\/de\/shop\/bretter-skier\/kniebretter\/spinera-blue-fantasy-kniebrett\/#breadcrumb","itemListElement":[{"@type":"ListItem","position":1,"name":"Shop","item":"https:\/\/nauti-parts.com\/de\/shop\/"},{"@type":"ListItem","position":2,"name":"Spinera Blue Fantasy Kniebrett"}]},{"@type":"WebSite","@id":"https:\/\/nauti-parts.com\/de\/#website","url":"https:\/\/nauti-parts.com\/de\/","name":"Nauti Parts","description":"Sea-Doo Jet Ski - Seabob Dealer and Rentals | Water Toys Mallorca","publisher":{"@id":"https:\/\/nauti-parts.com\/de\/#organization"},"potentialAction":[{"@type":"SearchAction","target":{"@type":"EntryPoint","urlTemplate":"https:\/\/nauti-parts.com\/de\/?s={search_term_string}"},"query-input":{"@type":"PropertyValueSpecification","valueRequired":true,"valueName":"search_term_string"}}],"inLanguage":"de"},{"@type":"Organization","@id":"https:\/\/nauti-parts.com\/de\/#organization","name":"Nauti Teile","url":"https:\/\/nauti-parts.com\/de\/","logo":{"@type":"ImageObject","inLanguage":"de","@id":"https:\/\/nauti-parts.com\/de\/#\/schema\/logo\/image\/","url":"https:\/\/nauti-parts.com\/wp-content\/uploads\/2023\/10\/np-logo-black.png","contentUrl":"https:\/\/nauti-parts.com\/wp-content\/uploads\/2023\/10\/np-logo-black.png","width":253,"height":100,"caption":"Nauti Teile"},"image":{"@id":"https:\/\/nauti-parts.com\/de\/#\/schema\/logo\/image\/"},"sameAs":["https:\/\/www.facebook.com\/nautipartsspain\/","https:\/\/www.instagram.com\/nautiparts\/"]}]}},"_links":{"self":[{"href":"https:\/\/nauti-parts.com\/de\/wp-json\/wp\/v2\/product\/25608","targetHints":{"allow":["GET"]}}],"collection":[{"href":"https:\/\/nauti-parts.com\/de\/wp-json\/wp\/v2\/product"}],"about":[{"href":"https:\/\/nauti-parts.com\/de\/wp-json\/wp\/v2\/types\/product"}],"replies":[{"embeddable":true,"href":"https:\/\/nauti-parts.com\/de\/wp-json\/wp\/v2\/comments?post=25608"}],"wp:featuredmedia":[{"embeddable":true,"href":"https:\/\/nauti-parts.com\/de\/wp-json\/wp\/v2\/media\/17086"}],"wp:attachment":[{"href":"https:\/\/nauti-parts.com\/de\/wp-json\/wp\/v2\/media?parent=25608"}],"wp:term":[{"taxonomy":"product_brand","embeddable":true,"href":"https:\/\/nauti-parts.com\/de\/wp-json\/wp\/v2\/product_brand?post=25608"},{"taxonomy":"product_cat","embeddable":true,"href":"https:\/\/nauti-parts.com\/de\/wp-json\/wp\/v2\/product_cat?post=25608"},{"taxonomy":"product_tag","embeddable":true,"href":"https:\/\/nauti-parts.com\/de\/wp-json\/wp\/v2\/product_tag?post=25608"}],"curies":[{"name":"wp","href":"https:\/\/api.w.org\/{rel}","templated":true}]}}