{"id":25546,"date":"2023-11-29T09:23:56","date_gmt":"2023-11-29T09:23:56","guid":{"rendered":"https:\/\/nauti-parts.com\/shop\/unkategorisiert\/bbtalkin-nicht-wasserdichter-stereo-kopfhoerer\/"},"modified":"2023-11-29T09:23:56","modified_gmt":"2023-11-29T09:23:56","slug":"bbtalkin-nicht-wasserdichter-stereo-kopfhoerer","status":"publish","type":"product","link":"https:\/\/nauti-parts.com\/de\/shop\/zubehor\/bb-talkin\/bbtalkin-nicht-wasserdichter-stereo-kopfhoerer\/","title":{"rendered":"BbTalkin Nicht wasserdichter Stereo-Kopfh\u00f6rer"},"content":{"rendered":"<p class=\"font_8 wixui-rich-text__text\">BbTALKIN ist ein revolution\u00e4res drahtloses Bluetooth-Kommunikationssystem f\u00fcr Sportler, Studenten und Trainer weltweit.<\/p>\n<p class=\"font_8 wixui-rich-text__text\"><span class=\"wixui-rich-text__text\">Diese Technologie verbessert die Lernkurve sowohl beim Wasser- als auch beim Wintersport um das Doppelte.<\/span><\/p>\n<p class=\"font_8 wixui-rich-text__text\"><span class=\"wixui-rich-text__text\">Es ist ein Echtzeit-Coaching-Tool, mit dem der Coach sofort trainieren und dem Sch\u00fcler Feedback geben kann.<\/span><\/p>\n<p class=\"font_8 wixui-rich-text__text\"><span class=\"wixui-rich-text__text\">Ob Sie ein Profisportler oder ein Anf\u00e4nger sind, die Vorteile dieses Kommunikationssystems sind au\u00dfergew\u00f6hnlich.<\/span><\/p>\n<p class=\"font_8 wixui-rich-text__text\"><span class=\"wixui-rich-text__text\">Trainer m\u00fcssen nicht mehr schreien, z.B. vom Ufer, Jetski oder Boot aus. Die Kommunikationsentfernung betr\u00e4gt 1 km (1000m). <\/span><\/p>\n<p class=\"font_8 wixui-rich-text__text\"><span class=\"wixui-rich-text__text\">Der Student erh\u00e4lt sofort das Feedback des Coaches und kann die Ratschl\u00e4ge sofort umsetzen.<\/span><\/p>\n<p class=\"font_8 wixui-rich-text__text\"><span class=\"wixui-rich-text__text\">Freizeitgruppen k\u00f6nnen sich deutlich miteinander unterhalten, was die Sicherheit und das Bewusstsein der Gruppe erh\u00f6ht. Die Produkte sind winddicht und ger\u00e4uschunterdr\u00fcckend. <\/span><\/p>\n<p class=\"font_8 wixui-rich-text__text\"><span class=\"wixui-rich-text__text\">Wenn Sie ein Vermietungsunternehmen, einen Ferienort, einen Seilpark oder eine Wassersportanlage besitzen, ist dies ein Muss f\u00fcr Sie.<\/span><\/p>\n","protected":false},"excerpt":{"rendered":"<p><b>BB-Talkin Ger\u00e4t nicht enthalten<\/b><\/p>\n","protected":false},"featured_media":17397,"comment_status":"open","ping_status":"closed","template":"","meta":{"_acf_changed":false},"product_brand":[],"product_cat":[234,233],"product_tag":[],"class_list":{"0":"post-25546","1":"product","2":"type-product","3":"status-publish","4":"has-post-thumbnail","6":"product_cat-bb-talkin","7":"product_cat-zubehor","8":"repupress_customize_woocommerce_productom_class","10":"first","11":"instock","12":"taxable","13":"shipping-taxable","14":"purchasable","15":"product-type-simple"},"acf":[],"yoast_head":"<!-- This site is optimized with the Yoast SEO plugin v27.2 - https:\/\/yoast.com\/product\/yoast-seo-wordpress\/ -->\n<title>BbTalkin Nicht wasserdichter Stereo-Kopfh\u00f6rer | Nauti Parts<\/title>\n<meta name=\"robots\" content=\"index, follow, max-snippet:-1, max-image-preview:large, max-video-preview:-1\" \/>\n<link rel=\"canonical\" href=\"https:\/\/nauti-parts.com\/de\/shop\/zubehor\/bb-talkin\/bbtalkin-nicht-wasserdichter-stereo-kopfhoerer\/\" \/>\n<meta property=\"og:locale\" content=\"de_DE\" \/>\n<meta property=\"og:type\" content=\"article\" \/>\n<meta property=\"og:title\" content=\"BbTalkin Nicht wasserdichter Stereo-Kopfh\u00f6rer | Nauti Parts\" \/>\n<meta property=\"og:description\" content=\"BB-Talkin Ger\u00e4t nicht enthalten\" \/>\n<meta property=\"og:url\" content=\"https:\/\/nauti-parts.com\/de\/shop\/zubehor\/bb-talkin\/bbtalkin-nicht-wasserdichter-stereo-kopfhoerer\/\" \/>\n<meta property=\"og:site_name\" content=\"Nauti Parts\" \/>\n<meta property=\"article:publisher\" content=\"https:\/\/www.facebook.com\/nautipartsspain\/\" \/>\n<meta property=\"og:image\" content=\"https:\/\/nauti-parts.com\/wp-content\/uploads\/2023\/11\/df8990_a412a332bd28402dab8ed48b0d9c8d96mv2_d_3660_2832_s_4_2.webp\" \/>\n\t<meta property=\"og:image:width\" content=\"1000\" \/>\n\t<meta property=\"og:image:height\" content=\"750\" \/>\n\t<meta property=\"og:image:type\" content=\"image\/webp\" \/>\n<meta name=\"twitter:card\" content=\"summary_large_image\" \/>\n<meta name=\"twitter:label1\" content=\"Gesch\u00e4tzte Lesezeit\" \/>\n\t<meta name=\"twitter:data1\" content=\"1\u00a0Minute\" \/>\n<script type=\"application\/ld+json\" class=\"yoast-schema-graph\">{\"@context\":\"https:\/\/schema.org\",\"@graph\":[{\"@type\":\"WebPage\",\"@id\":\"https:\/\/nauti-parts.com\/de\/shop\/zubehor\/bb-talkin\/bbtalkin-nicht-wasserdichter-stereo-kopfhoerer\/\",\"url\":\"https:\/\/nauti-parts.com\/de\/shop\/zubehor\/bb-talkin\/bbtalkin-nicht-wasserdichter-stereo-kopfhoerer\/\",\"name\":\"BbTalkin Nicht wasserdichter Stereo-Kopfh\u00f6rer | Nauti Parts\",\"isPartOf\":{\"@id\":\"https:\/\/nauti-parts.com\/de\/#website\"},\"primaryImageOfPage\":{\"@id\":\"https:\/\/nauti-parts.com\/de\/shop\/zubehor\/bb-talkin\/bbtalkin-nicht-wasserdichter-stereo-kopfhoerer\/#primaryimage\"},\"image\":{\"@id\":\"https:\/\/nauti-parts.com\/de\/shop\/zubehor\/bb-talkin\/bbtalkin-nicht-wasserdichter-stereo-kopfhoerer\/#primaryimage\"},\"thumbnailUrl\":\"https:\/\/nauti-parts.com\/wp-content\/uploads\/2023\/11\/df8990_a412a332bd28402dab8ed48b0d9c8d96mv2_d_3660_2832_s_4_2.webp\",\"datePublished\":\"2023-11-29T09:23:56+00:00\",\"breadcrumb\":{\"@id\":\"https:\/\/nauti-parts.com\/de\/shop\/zubehor\/bb-talkin\/bbtalkin-nicht-wasserdichter-stereo-kopfhoerer\/#breadcrumb\"},\"inLanguage\":\"de\",\"potentialAction\":[{\"@type\":\"ReadAction\",\"target\":[\"https:\/\/nauti-parts.com\/de\/shop\/zubehor\/bb-talkin\/bbtalkin-nicht-wasserdichter-stereo-kopfhoerer\/\"]}]},{\"@type\":\"ImageObject\",\"inLanguage\":\"de\",\"@id\":\"https:\/\/nauti-parts.com\/de\/shop\/zubehor\/bb-talkin\/bbtalkin-nicht-wasserdichter-stereo-kopfhoerer\/#primaryimage\",\"url\":\"https:\/\/nauti-parts.com\/wp-content\/uploads\/2023\/11\/df8990_a412a332bd28402dab8ed48b0d9c8d96mv2_d_3660_2832_s_4_2.webp\",\"contentUrl\":\"https:\/\/nauti-parts.com\/wp-content\/uploads\/2023\/11\/df8990_a412a332bd28402dab8ed48b0d9c8d96mv2_d_3660_2832_s_4_2.webp\",\"width\":1000,\"height\":750},{\"@type\":\"BreadcrumbList\",\"@id\":\"https:\/\/nauti-parts.com\/de\/shop\/zubehor\/bb-talkin\/bbtalkin-nicht-wasserdichter-stereo-kopfhoerer\/#breadcrumb\",\"itemListElement\":[{\"@type\":\"ListItem\",\"position\":1,\"name\":\"Shop\",\"item\":\"https:\/\/nauti-parts.com\/de\/shop\/\"},{\"@type\":\"ListItem\",\"position\":2,\"name\":\"BbTalkin Nicht wasserdichter Stereo-Kopfh\u00f6rer\"}]},{\"@type\":\"WebSite\",\"@id\":\"https:\/\/nauti-parts.com\/de\/#website\",\"url\":\"https:\/\/nauti-parts.com\/de\/\",\"name\":\"Nauti Parts\",\"description\":\"Sea-Doo Jet Ski - Seabob Dealer and Rentals | Water Toys Mallorca\",\"publisher\":{\"@id\":\"https:\/\/nauti-parts.com\/de\/#organization\"},\"potentialAction\":[{\"@type\":\"SearchAction\",\"target\":{\"@type\":\"EntryPoint\",\"urlTemplate\":\"https:\/\/nauti-parts.com\/de\/?s={search_term_string}\"},\"query-input\":{\"@type\":\"PropertyValueSpecification\",\"valueRequired\":true,\"valueName\":\"search_term_string\"}}],\"inLanguage\":\"de\"},{\"@type\":\"Organization\",\"@id\":\"https:\/\/nauti-parts.com\/de\/#organization\",\"name\":\"Nauti Teile\",\"url\":\"https:\/\/nauti-parts.com\/de\/\",\"logo\":{\"@type\":\"ImageObject\",\"inLanguage\":\"de\",\"@id\":\"https:\/\/nauti-parts.com\/de\/#\/schema\/logo\/image\/\",\"url\":\"https:\/\/nauti-parts.com\/wp-content\/uploads\/2023\/10\/np-logo-black.png\",\"contentUrl\":\"https:\/\/nauti-parts.com\/wp-content\/uploads\/2023\/10\/np-logo-black.png\",\"width\":253,\"height\":100,\"caption\":\"Nauti Teile\"},\"image\":{\"@id\":\"https:\/\/nauti-parts.com\/de\/#\/schema\/logo\/image\/\"},\"sameAs\":[\"https:\/\/www.facebook.com\/nautipartsspain\/\",\"https:\/\/www.instagram.com\/nautiparts\/\"]}]}<\/script>\n<!-- \/ Yoast SEO plugin. -->","yoast_head_json":{"title":"BbTalkin Nicht wasserdichter Stereo-Kopfh\u00f6rer | Nauti Parts","robots":{"index":"index","follow":"follow","max-snippet":"max-snippet:-1","max-image-preview":"max-image-preview:large","max-video-preview":"max-video-preview:-1"},"canonical":"https:\/\/nauti-parts.com\/de\/shop\/zubehor\/bb-talkin\/bbtalkin-nicht-wasserdichter-stereo-kopfhoerer\/","og_locale":"de_DE","og_type":"article","og_title":"BbTalkin Nicht wasserdichter Stereo-Kopfh\u00f6rer | Nauti Parts","og_description":"BB-Talkin Ger\u00e4t nicht enthalten","og_url":"https:\/\/nauti-parts.com\/de\/shop\/zubehor\/bb-talkin\/bbtalkin-nicht-wasserdichter-stereo-kopfhoerer\/","og_site_name":"Nauti Parts","article_publisher":"https:\/\/www.facebook.com\/nautipartsspain\/","og_image":[{"width":1000,"height":750,"url":"https:\/\/nauti-parts.com\/wp-content\/uploads\/2023\/11\/df8990_a412a332bd28402dab8ed48b0d9c8d96mv2_d_3660_2832_s_4_2.webp","type":"image\/webp"}],"twitter_card":"summary_large_image","twitter_misc":{"Gesch\u00e4tzte Lesezeit":"1\u00a0Minute"},"schema":{"@context":"https:\/\/schema.org","@graph":[{"@type":"WebPage","@id":"https:\/\/nauti-parts.com\/de\/shop\/zubehor\/bb-talkin\/bbtalkin-nicht-wasserdichter-stereo-kopfhoerer\/","url":"https:\/\/nauti-parts.com\/de\/shop\/zubehor\/bb-talkin\/bbtalkin-nicht-wasserdichter-stereo-kopfhoerer\/","name":"BbTalkin Nicht wasserdichter Stereo-Kopfh\u00f6rer | Nauti Parts","isPartOf":{"@id":"https:\/\/nauti-parts.com\/de\/#website"},"primaryImageOfPage":{"@id":"https:\/\/nauti-parts.com\/de\/shop\/zubehor\/bb-talkin\/bbtalkin-nicht-wasserdichter-stereo-kopfhoerer\/#primaryimage"},"image":{"@id":"https:\/\/nauti-parts.com\/de\/shop\/zubehor\/bb-talkin\/bbtalkin-nicht-wasserdichter-stereo-kopfhoerer\/#primaryimage"},"thumbnailUrl":"https:\/\/nauti-parts.com\/wp-content\/uploads\/2023\/11\/df8990_a412a332bd28402dab8ed48b0d9c8d96mv2_d_3660_2832_s_4_2.webp","datePublished":"2023-11-29T09:23:56+00:00","breadcrumb":{"@id":"https:\/\/nauti-parts.com\/de\/shop\/zubehor\/bb-talkin\/bbtalkin-nicht-wasserdichter-stereo-kopfhoerer\/#breadcrumb"},"inLanguage":"de","potentialAction":[{"@type":"ReadAction","target":["https:\/\/nauti-parts.com\/de\/shop\/zubehor\/bb-talkin\/bbtalkin-nicht-wasserdichter-stereo-kopfhoerer\/"]}]},{"@type":"ImageObject","inLanguage":"de","@id":"https:\/\/nauti-parts.com\/de\/shop\/zubehor\/bb-talkin\/bbtalkin-nicht-wasserdichter-stereo-kopfhoerer\/#primaryimage","url":"https:\/\/nauti-parts.com\/wp-content\/uploads\/2023\/11\/df8990_a412a332bd28402dab8ed48b0d9c8d96mv2_d_3660_2832_s_4_2.webp","contentUrl":"https:\/\/nauti-parts.com\/wp-content\/uploads\/2023\/11\/df8990_a412a332bd28402dab8ed48b0d9c8d96mv2_d_3660_2832_s_4_2.webp","width":1000,"height":750},{"@type":"BreadcrumbList","@id":"https:\/\/nauti-parts.com\/de\/shop\/zubehor\/bb-talkin\/bbtalkin-nicht-wasserdichter-stereo-kopfhoerer\/#breadcrumb","itemListElement":[{"@type":"ListItem","position":1,"name":"Shop","item":"https:\/\/nauti-parts.com\/de\/shop\/"},{"@type":"ListItem","position":2,"name":"BbTalkin Nicht wasserdichter Stereo-Kopfh\u00f6rer"}]},{"@type":"WebSite","@id":"https:\/\/nauti-parts.com\/de\/#website","url":"https:\/\/nauti-parts.com\/de\/","name":"Nauti Parts","description":"Sea-Doo Jet Ski - Seabob Dealer and Rentals | Water Toys Mallorca","publisher":{"@id":"https:\/\/nauti-parts.com\/de\/#organization"},"potentialAction":[{"@type":"SearchAction","target":{"@type":"EntryPoint","urlTemplate":"https:\/\/nauti-parts.com\/de\/?s={search_term_string}"},"query-input":{"@type":"PropertyValueSpecification","valueRequired":true,"valueName":"search_term_string"}}],"inLanguage":"de"},{"@type":"Organization","@id":"https:\/\/nauti-parts.com\/de\/#organization","name":"Nauti Teile","url":"https:\/\/nauti-parts.com\/de\/","logo":{"@type":"ImageObject","inLanguage":"de","@id":"https:\/\/nauti-parts.com\/de\/#\/schema\/logo\/image\/","url":"https:\/\/nauti-parts.com\/wp-content\/uploads\/2023\/10\/np-logo-black.png","contentUrl":"https:\/\/nauti-parts.com\/wp-content\/uploads\/2023\/10\/np-logo-black.png","width":253,"height":100,"caption":"Nauti Teile"},"image":{"@id":"https:\/\/nauti-parts.com\/de\/#\/schema\/logo\/image\/"},"sameAs":["https:\/\/www.facebook.com\/nautipartsspain\/","https:\/\/www.instagram.com\/nautiparts\/"]}]}},"_links":{"self":[{"href":"https:\/\/nauti-parts.com\/de\/wp-json\/wp\/v2\/product\/25546","targetHints":{"allow":["GET"]}}],"collection":[{"href":"https:\/\/nauti-parts.com\/de\/wp-json\/wp\/v2\/product"}],"about":[{"href":"https:\/\/nauti-parts.com\/de\/wp-json\/wp\/v2\/types\/product"}],"replies":[{"embeddable":true,"href":"https:\/\/nauti-parts.com\/de\/wp-json\/wp\/v2\/comments?post=25546"}],"wp:featuredmedia":[{"embeddable":true,"href":"https:\/\/nauti-parts.com\/de\/wp-json\/wp\/v2\/media\/17397"}],"wp:attachment":[{"href":"https:\/\/nauti-parts.com\/de\/wp-json\/wp\/v2\/media?parent=25546"}],"wp:term":[{"taxonomy":"product_brand","embeddable":true,"href":"https:\/\/nauti-parts.com\/de\/wp-json\/wp\/v2\/product_brand?post=25546"},{"taxonomy":"product_cat","embeddable":true,"href":"https:\/\/nauti-parts.com\/de\/wp-json\/wp\/v2\/product_cat?post=25546"},{"taxonomy":"product_tag","embeddable":true,"href":"https:\/\/nauti-parts.com\/de\/wp-json\/wp\/v2\/product_tag?post=25546"}],"curies":[{"name":"wp","href":"https:\/\/api.w.org\/{rel}","templated":true}]}}