{"id":25501,"date":"2024-02-19T15:47:05","date_gmt":"2024-02-19T15:47:05","guid":{"rendered":"https:\/\/nauti-parts.com\/shop\/unkategorisiert\/seabob-f5\/"},"modified":"2024-02-19T15:47:05","modified_gmt":"2024-02-19T15:47:05","slug":"seabob-f5","status":"publish","type":"product","link":"https:\/\/nauti-parts.com\/de\/shop\/wasserspielzeug\/seabob\/seabob-f5\/","title":{"rendered":"Seabob F5"},"content":{"rendered":"<p>Die hervorragenden Eigenschaften des SEABOB F5 in Bezug auf die Handhabung machen ihn f\u00fcr den Einsatz in jeder Wasserumgebung geeignet. Sie ist im Meer zu Hause. Auf der Wasseroberfl\u00e4che und beim Tauchen zeigt er eine hervorragende Leistung. Dank seiner hohen Man\u00f6vrierf\u00e4higkeit kann der SEABOB F5 sowohl in kleinen als auch in gro\u00dfen Pools eingesetzt werden.   <\/p>\n<p>(Galerie Bilder sind F5 S Einheit)<\/p>\n","protected":false},"excerpt":{"rendered":"<p>Ein besonderes Merkmal des SEABOB F5 ist sein geringes Gewicht. Das E-Jet Power System im SEABOB F5 wird in 4 Leistungsstufen gesteuert. Diese Stufen garantieren absoluten Spa\u00df und Vergn\u00fcgen. Seine besondere Dynamik auf dem Wasser resultiert aus der hohen Leistung des Bootes in Verbindung mit dem geringen Leistungsgewicht.   <\/p>\n<p>Individuelle Farben und Optionen sind erh\u00e4ltlich, um Ihren Seabob zu individualisieren &#8211; <a href=\"https:\/\/nauti-parts.com\/de\/kontakt\/\">kontaktieren Sie uns<\/a> f\u00fcr weitere Informationen<\/p>\n","protected":false},"featured_media":1068,"comment_status":"open","ping_status":"closed","template":"","meta":{"_acf_changed":false},"product_brand":[],"product_cat":[356,205],"product_tag":[357],"class_list":{"0":"post-25501","1":"product","2":"type-product","3":"status-publish","4":"has-post-thumbnail","6":"product_cat-seabob","7":"product_cat-wasserspielzeug","8":"product_tag-seabob","9":"repupress_customize_woocommerce_productom_class","11":"first","12":"instock","13":"featured","14":"taxable","15":"shipping-taxable","16":"purchasable","17":"product-type-variable"},"acf":[],"yoast_head":"<!-- This site is optimized with the Yoast SEO plugin v27.5 - https:\/\/yoast.com\/product\/yoast-seo-wordpress\/ -->\n<title>Seabob F5 | Nauti Parts<\/title>\n<meta name=\"robots\" content=\"index, follow, max-snippet:-1, max-image-preview:large, max-video-preview:-1\" \/>\n<link rel=\"canonical\" href=\"https:\/\/nauti-parts.com\/de\/shop\/wasserspielzeug\/seabob\/seabob-f5\/\" \/>\n<meta property=\"og:locale\" content=\"de_DE\" \/>\n<meta property=\"og:type\" content=\"article\" \/>\n<meta property=\"og:title\" content=\"Seabob F5 | Nauti Parts\" \/>\n<meta property=\"og:description\" content=\"Ein besonderes Merkmal des SEABOB F5 ist sein geringes Gewicht. Das E-Jet Power System im SEABOB F5 wird in 4 Leistungsstufen gesteuert. Diese Stufen garantieren absoluten Spa\u00df und Vergn\u00fcgen. Seine besondere Dynamik auf dem Wasser resultiert aus der hohen Leistung des Bootes in Verbindung mit dem geringen Leistungsgewicht.   Individuelle Farben und Optionen sind erh\u00e4ltlich, um Ihren Seabob zu individualisieren - kontaktieren Sie uns f\u00fcr weitere Informationen\" \/>\n<meta property=\"og:url\" content=\"https:\/\/nauti-parts.com\/de\/shop\/wasserspielzeug\/seabob\/seabob-f5\/\" \/>\n<meta property=\"og:site_name\" content=\"Nauti Parts\" \/>\n<meta property=\"article:publisher\" content=\"https:\/\/www.facebook.com\/nautipartsspain\/\" \/>\n<meta property=\"og:image\" content=\"https:\/\/nauti-parts.com\/wp-content\/uploads\/2016\/07\/f5-yellow.jpg\" \/>\n\t<meta property=\"og:image:width\" content=\"1230\" \/>\n\t<meta property=\"og:image:height\" content=\"613\" \/>\n\t<meta property=\"og:image:type\" content=\"image\/jpeg\" \/>\n<meta name=\"twitter:card\" content=\"summary_large_image\" \/>\n<script type=\"application\/ld+json\" class=\"yoast-schema-graph\">{\"@context\":\"https:\\\/\\\/schema.org\",\"@graph\":[{\"@type\":\"WebPage\",\"@id\":\"https:\\\/\\\/nauti-parts.com\\\/de\\\/shop\\\/wasserspielzeug\\\/seabob\\\/seabob-f5\\\/\",\"url\":\"https:\\\/\\\/nauti-parts.com\\\/de\\\/shop\\\/wasserspielzeug\\\/seabob\\\/seabob-f5\\\/\",\"name\":\"Seabob F5 | Nauti Parts\",\"isPartOf\":{\"@id\":\"https:\\\/\\\/nauti-parts.com\\\/de\\\/#website\"},\"primaryImageOfPage\":{\"@id\":\"https:\\\/\\\/nauti-parts.com\\\/de\\\/shop\\\/wasserspielzeug\\\/seabob\\\/seabob-f5\\\/#primaryimage\"},\"image\":{\"@id\":\"https:\\\/\\\/nauti-parts.com\\\/de\\\/shop\\\/wasserspielzeug\\\/seabob\\\/seabob-f5\\\/#primaryimage\"},\"thumbnailUrl\":\"https:\\\/\\\/nauti-parts.com\\\/wp-content\\\/uploads\\\/2016\\\/07\\\/f5-yellow.jpg\",\"datePublished\":\"2024-02-19T15:47:05+00:00\",\"breadcrumb\":{\"@id\":\"https:\\\/\\\/nauti-parts.com\\\/de\\\/shop\\\/wasserspielzeug\\\/seabob\\\/seabob-f5\\\/#breadcrumb\"},\"inLanguage\":\"de\",\"potentialAction\":[{\"@type\":\"ReadAction\",\"target\":[\"https:\\\/\\\/nauti-parts.com\\\/de\\\/shop\\\/wasserspielzeug\\\/seabob\\\/seabob-f5\\\/\"]}]},{\"@type\":\"ImageObject\",\"inLanguage\":\"de\",\"@id\":\"https:\\\/\\\/nauti-parts.com\\\/de\\\/shop\\\/wasserspielzeug\\\/seabob\\\/seabob-f5\\\/#primaryimage\",\"url\":\"https:\\\/\\\/nauti-parts.com\\\/wp-content\\\/uploads\\\/2016\\\/07\\\/f5-yellow.jpg\",\"contentUrl\":\"https:\\\/\\\/nauti-parts.com\\\/wp-content\\\/uploads\\\/2016\\\/07\\\/f5-yellow.jpg\",\"width\":1230,\"height\":613},{\"@type\":\"BreadcrumbList\",\"@id\":\"https:\\\/\\\/nauti-parts.com\\\/de\\\/shop\\\/wasserspielzeug\\\/seabob\\\/seabob-f5\\\/#breadcrumb\",\"itemListElement\":[{\"@type\":\"ListItem\",\"position\":1,\"name\":\"Shop\",\"item\":\"https:\\\/\\\/nauti-parts.com\\\/de\\\/shop\\\/\"},{\"@type\":\"ListItem\",\"position\":2,\"name\":\"Seabob F5\"}]},{\"@type\":\"WebSite\",\"@id\":\"https:\\\/\\\/nauti-parts.com\\\/de\\\/#website\",\"url\":\"https:\\\/\\\/nauti-parts.com\\\/de\\\/\",\"name\":\"Nauti Parts\",\"description\":\"Sea-Doo Jet Ski - Seabob Dealer and Rentals | Water Toys Mallorca\",\"publisher\":{\"@id\":\"https:\\\/\\\/nauti-parts.com\\\/de\\\/#organization\"},\"potentialAction\":[{\"@type\":\"SearchAction\",\"target\":{\"@type\":\"EntryPoint\",\"urlTemplate\":\"https:\\\/\\\/nauti-parts.com\\\/de\\\/?s={search_term_string}\"},\"query-input\":{\"@type\":\"PropertyValueSpecification\",\"valueRequired\":true,\"valueName\":\"search_term_string\"}}],\"inLanguage\":\"de\"},{\"@type\":\"Organization\",\"@id\":\"https:\\\/\\\/nauti-parts.com\\\/de\\\/#organization\",\"name\":\"Nauti Teile\",\"url\":\"https:\\\/\\\/nauti-parts.com\\\/de\\\/\",\"logo\":{\"@type\":\"ImageObject\",\"inLanguage\":\"de\",\"@id\":\"https:\\\/\\\/nauti-parts.com\\\/de\\\/#\\\/schema\\\/logo\\\/image\\\/\",\"url\":\"https:\\\/\\\/nauti-parts.com\\\/wp-content\\\/uploads\\\/2023\\\/10\\\/np-logo-black.png\",\"contentUrl\":\"https:\\\/\\\/nauti-parts.com\\\/wp-content\\\/uploads\\\/2023\\\/10\\\/np-logo-black.png\",\"width\":253,\"height\":100,\"caption\":\"Nauti Teile\"},\"image\":{\"@id\":\"https:\\\/\\\/nauti-parts.com\\\/de\\\/#\\\/schema\\\/logo\\\/image\\\/\"},\"sameAs\":[\"https:\\\/\\\/www.facebook.com\\\/nautipartsspain\\\/\",\"https:\\\/\\\/www.instagram.com\\\/nautiparts\\\/\"]}]}<\/script>\n<!-- \/ Yoast SEO plugin. -->","yoast_head_json":{"title":"Seabob F5 | Nauti Parts","robots":{"index":"index","follow":"follow","max-snippet":"max-snippet:-1","max-image-preview":"max-image-preview:large","max-video-preview":"max-video-preview:-1"},"canonical":"https:\/\/nauti-parts.com\/de\/shop\/wasserspielzeug\/seabob\/seabob-f5\/","og_locale":"de_DE","og_type":"article","og_title":"Seabob F5 | Nauti Parts","og_description":"Ein besonderes Merkmal des SEABOB F5 ist sein geringes Gewicht. Das E-Jet Power System im SEABOB F5 wird in 4 Leistungsstufen gesteuert. Diese Stufen garantieren absoluten Spa\u00df und Vergn\u00fcgen. Seine besondere Dynamik auf dem Wasser resultiert aus der hohen Leistung des Bootes in Verbindung mit dem geringen Leistungsgewicht.   Individuelle Farben und Optionen sind erh\u00e4ltlich, um Ihren Seabob zu individualisieren - kontaktieren Sie uns f\u00fcr weitere Informationen","og_url":"https:\/\/nauti-parts.com\/de\/shop\/wasserspielzeug\/seabob\/seabob-f5\/","og_site_name":"Nauti Parts","article_publisher":"https:\/\/www.facebook.com\/nautipartsspain\/","og_image":[{"width":1230,"height":613,"url":"https:\/\/nauti-parts.com\/wp-content\/uploads\/2016\/07\/f5-yellow.jpg","type":"image\/jpeg"}],"twitter_card":"summary_large_image","schema":{"@context":"https:\/\/schema.org","@graph":[{"@type":"WebPage","@id":"https:\/\/nauti-parts.com\/de\/shop\/wasserspielzeug\/seabob\/seabob-f5\/","url":"https:\/\/nauti-parts.com\/de\/shop\/wasserspielzeug\/seabob\/seabob-f5\/","name":"Seabob F5 | Nauti Parts","isPartOf":{"@id":"https:\/\/nauti-parts.com\/de\/#website"},"primaryImageOfPage":{"@id":"https:\/\/nauti-parts.com\/de\/shop\/wasserspielzeug\/seabob\/seabob-f5\/#primaryimage"},"image":{"@id":"https:\/\/nauti-parts.com\/de\/shop\/wasserspielzeug\/seabob\/seabob-f5\/#primaryimage"},"thumbnailUrl":"https:\/\/nauti-parts.com\/wp-content\/uploads\/2016\/07\/f5-yellow.jpg","datePublished":"2024-02-19T15:47:05+00:00","breadcrumb":{"@id":"https:\/\/nauti-parts.com\/de\/shop\/wasserspielzeug\/seabob\/seabob-f5\/#breadcrumb"},"inLanguage":"de","potentialAction":[{"@type":"ReadAction","target":["https:\/\/nauti-parts.com\/de\/shop\/wasserspielzeug\/seabob\/seabob-f5\/"]}]},{"@type":"ImageObject","inLanguage":"de","@id":"https:\/\/nauti-parts.com\/de\/shop\/wasserspielzeug\/seabob\/seabob-f5\/#primaryimage","url":"https:\/\/nauti-parts.com\/wp-content\/uploads\/2016\/07\/f5-yellow.jpg","contentUrl":"https:\/\/nauti-parts.com\/wp-content\/uploads\/2016\/07\/f5-yellow.jpg","width":1230,"height":613},{"@type":"BreadcrumbList","@id":"https:\/\/nauti-parts.com\/de\/shop\/wasserspielzeug\/seabob\/seabob-f5\/#breadcrumb","itemListElement":[{"@type":"ListItem","position":1,"name":"Shop","item":"https:\/\/nauti-parts.com\/de\/shop\/"},{"@type":"ListItem","position":2,"name":"Seabob F5"}]},{"@type":"WebSite","@id":"https:\/\/nauti-parts.com\/de\/#website","url":"https:\/\/nauti-parts.com\/de\/","name":"Nauti Parts","description":"Sea-Doo Jet Ski - Seabob Dealer and Rentals | Water Toys Mallorca","publisher":{"@id":"https:\/\/nauti-parts.com\/de\/#organization"},"potentialAction":[{"@type":"SearchAction","target":{"@type":"EntryPoint","urlTemplate":"https:\/\/nauti-parts.com\/de\/?s={search_term_string}"},"query-input":{"@type":"PropertyValueSpecification","valueRequired":true,"valueName":"search_term_string"}}],"inLanguage":"de"},{"@type":"Organization","@id":"https:\/\/nauti-parts.com\/de\/#organization","name":"Nauti Teile","url":"https:\/\/nauti-parts.com\/de\/","logo":{"@type":"ImageObject","inLanguage":"de","@id":"https:\/\/nauti-parts.com\/de\/#\/schema\/logo\/image\/","url":"https:\/\/nauti-parts.com\/wp-content\/uploads\/2023\/10\/np-logo-black.png","contentUrl":"https:\/\/nauti-parts.com\/wp-content\/uploads\/2023\/10\/np-logo-black.png","width":253,"height":100,"caption":"Nauti Teile"},"image":{"@id":"https:\/\/nauti-parts.com\/de\/#\/schema\/logo\/image\/"},"sameAs":["https:\/\/www.facebook.com\/nautipartsspain\/","https:\/\/www.instagram.com\/nautiparts\/"]}]}},"_links":{"self":[{"href":"https:\/\/nauti-parts.com\/de\/wp-json\/wp\/v2\/product\/25501","targetHints":{"allow":["GET"]}}],"collection":[{"href":"https:\/\/nauti-parts.com\/de\/wp-json\/wp\/v2\/product"}],"about":[{"href":"https:\/\/nauti-parts.com\/de\/wp-json\/wp\/v2\/types\/product"}],"replies":[{"embeddable":true,"href":"https:\/\/nauti-parts.com\/de\/wp-json\/wp\/v2\/comments?post=25501"}],"wp:featuredmedia":[{"embeddable":true,"href":"https:\/\/nauti-parts.com\/de\/wp-json\/wp\/v2\/media\/1068"}],"wp:attachment":[{"href":"https:\/\/nauti-parts.com\/de\/wp-json\/wp\/v2\/media?parent=25501"}],"wp:term":[{"taxonomy":"product_brand","embeddable":true,"href":"https:\/\/nauti-parts.com\/de\/wp-json\/wp\/v2\/product_brand?post=25501"},{"taxonomy":"product_cat","embeddable":true,"href":"https:\/\/nauti-parts.com\/de\/wp-json\/wp\/v2\/product_cat?post=25501"},{"taxonomy":"product_tag","embeddable":true,"href":"https:\/\/nauti-parts.com\/de\/wp-json\/wp\/v2\/product_tag?post=25501"}],"curies":[{"name":"wp","href":"https:\/\/api.w.org\/{rel}","templated":true}]}}