{"id":25395,"date":"2017-04-19T09:26:24","date_gmt":"2017-04-19T09:26:24","guid":{"rendered":"https:\/\/nauti-parts.com\/shop\/unkategorisiert\/sonnenstrahl-1p\/"},"modified":"2017-04-19T09:26:24","modified_gmt":"2017-04-19T09:26:24","slug":"sonnenstrahl-1p","status":"publish","type":"product","link":"https:\/\/nauti-parts.com\/de\/shop\/wasserspielzeug\/abschleppwagen\/jobe\/sonnenstrahl-1p\/","title":{"rendered":"Sonnenstrahl 1p"},"content":{"rendered":"<ul>\n<li>H\u00fclle aus 420 Denier-Nylon<\/li>\n<li>24-Gauge-PVC<\/li>\n<li>Maximal 1 Person abschleppbar<\/li>\n<li>Schnellverbinder<\/li>\n<li>Einwegventil<\/li>\n<li>2-Wege-Schleppwagen<\/li>\n<li>Mehrere Positionen<\/li>\n<li>Deflationierte Gr\u00f6\u00dfe &#8211; 64 &#8220;X60&#8221; | 162X153CM<\/li>\n<\/ul>\n","protected":false},"excerpt":{"rendered":"<p>Begr\u00fc\u00dfen Sie den neuesten 2-Wege-Schlepper in der Produktreihe! Diese Sch\u00f6nheit kann in zwei Richtungen gezogen werden und ist super bequem, egal ob Sie sich hinknien oder aufrecht sitzen. Eine lustige und aufregende Fahrt, die dennoch sch\u00f6n stabil ist, wenn Sie sie brauchen.  <\/p>\n","protected":false},"featured_media":16256,"comment_status":"open","ping_status":"closed","template":"","meta":{"_acf_changed":false},"product_brand":[],"product_cat":[206,207,205],"product_tag":[],"class_list":{"0":"post-25395","1":"product","2":"type-product","3":"status-publish","4":"has-post-thumbnail","6":"product_cat-abschleppwagen","7":"product_cat-jobe","8":"product_cat-wasserspielzeug","9":"repupress_customize_woocommerce_productom_class","11":"first","12":"instock","13":"taxable","14":"shipping-taxable","15":"purchasable","16":"product-type-simple"},"acf":[],"yoast_head":"<!-- This site is optimized with the Yoast SEO plugin v27.2 - https:\/\/yoast.com\/product\/yoast-seo-wordpress\/ -->\n<title>Sonnenstrahl 1p | Nauti Parts<\/title>\n<meta name=\"robots\" content=\"index, follow, max-snippet:-1, max-image-preview:large, max-video-preview:-1\" \/>\n<link rel=\"canonical\" href=\"https:\/\/nauti-parts.com\/de\/shop\/wasserspielzeug\/abschleppwagen\/jobe\/sonnenstrahl-1p\/\" \/>\n<meta property=\"og:locale\" content=\"de_DE\" \/>\n<meta property=\"og:type\" content=\"article\" \/>\n<meta property=\"og:title\" content=\"Sonnenstrahl 1p | Nauti Parts\" \/>\n<meta property=\"og:description\" content=\"Begr\u00fc\u00dfen Sie den neuesten 2-Wege-Schlepper in der Produktreihe! Diese Sch\u00f6nheit kann in zwei Richtungen gezogen werden und ist super bequem, egal ob Sie sich hinknien oder aufrecht sitzen. Eine lustige und aufregende Fahrt, die dennoch sch\u00f6n stabil ist, wenn Sie sie brauchen.\" \/>\n<meta property=\"og:url\" content=\"https:\/\/nauti-parts.com\/de\/shop\/wasserspielzeug\/abschleppwagen\/jobe\/sonnenstrahl-1p\/\" \/>\n<meta property=\"og:site_name\" content=\"Nauti Parts\" \/>\n<meta property=\"article:publisher\" content=\"https:\/\/www.facebook.com\/nautipartsspain\/\" \/>\n<meta property=\"og:image\" content=\"https:\/\/nauti-parts.com\/wp-content\/uploads\/2017\/04\/jobe-sunray.jpeg\" \/>\n\t<meta property=\"og:image:width\" content=\"960\" \/>\n\t<meta property=\"og:image:height\" content=\"1200\" \/>\n\t<meta property=\"og:image:type\" content=\"image\/jpeg\" \/>\n<meta name=\"twitter:card\" content=\"summary_large_image\" \/>\n<script type=\"application\/ld+json\" class=\"yoast-schema-graph\">{\"@context\":\"https:\/\/schema.org\",\"@graph\":[{\"@type\":\"WebPage\",\"@id\":\"https:\/\/nauti-parts.com\/de\/shop\/wasserspielzeug\/abschleppwagen\/jobe\/sonnenstrahl-1p\/\",\"url\":\"https:\/\/nauti-parts.com\/de\/shop\/wasserspielzeug\/abschleppwagen\/jobe\/sonnenstrahl-1p\/\",\"name\":\"Sonnenstrahl 1p | Nauti Parts\",\"isPartOf\":{\"@id\":\"https:\/\/nauti-parts.com\/de\/#website\"},\"primaryImageOfPage\":{\"@id\":\"https:\/\/nauti-parts.com\/de\/shop\/wasserspielzeug\/abschleppwagen\/jobe\/sonnenstrahl-1p\/#primaryimage\"},\"image\":{\"@id\":\"https:\/\/nauti-parts.com\/de\/shop\/wasserspielzeug\/abschleppwagen\/jobe\/sonnenstrahl-1p\/#primaryimage\"},\"thumbnailUrl\":\"https:\/\/nauti-parts.com\/wp-content\/uploads\/2017\/04\/jobe-sunray.jpeg\",\"datePublished\":\"2017-04-19T09:26:24+00:00\",\"breadcrumb\":{\"@id\":\"https:\/\/nauti-parts.com\/de\/shop\/wasserspielzeug\/abschleppwagen\/jobe\/sonnenstrahl-1p\/#breadcrumb\"},\"inLanguage\":\"de\",\"potentialAction\":[{\"@type\":\"ReadAction\",\"target\":[\"https:\/\/nauti-parts.com\/de\/shop\/wasserspielzeug\/abschleppwagen\/jobe\/sonnenstrahl-1p\/\"]}]},{\"@type\":\"ImageObject\",\"inLanguage\":\"de\",\"@id\":\"https:\/\/nauti-parts.com\/de\/shop\/wasserspielzeug\/abschleppwagen\/jobe\/sonnenstrahl-1p\/#primaryimage\",\"url\":\"https:\/\/nauti-parts.com\/wp-content\/uploads\/2017\/04\/jobe-sunray.jpeg\",\"contentUrl\":\"https:\/\/nauti-parts.com\/wp-content\/uploads\/2017\/04\/jobe-sunray.jpeg\",\"width\":960,\"height\":1200,\"caption\":\"Jobe Sunray\"},{\"@type\":\"BreadcrumbList\",\"@id\":\"https:\/\/nauti-parts.com\/de\/shop\/wasserspielzeug\/abschleppwagen\/jobe\/sonnenstrahl-1p\/#breadcrumb\",\"itemListElement\":[{\"@type\":\"ListItem\",\"position\":1,\"name\":\"Shop\",\"item\":\"https:\/\/nauti-parts.com\/de\/shop\/\"},{\"@type\":\"ListItem\",\"position\":2,\"name\":\"Sonnenstrahl 1p\"}]},{\"@type\":\"WebSite\",\"@id\":\"https:\/\/nauti-parts.com\/de\/#website\",\"url\":\"https:\/\/nauti-parts.com\/de\/\",\"name\":\"Nauti Parts\",\"description\":\"Sea-Doo Jet Ski - Seabob Dealer and Rentals | Water Toys Mallorca\",\"publisher\":{\"@id\":\"https:\/\/nauti-parts.com\/de\/#organization\"},\"potentialAction\":[{\"@type\":\"SearchAction\",\"target\":{\"@type\":\"EntryPoint\",\"urlTemplate\":\"https:\/\/nauti-parts.com\/de\/?s={search_term_string}\"},\"query-input\":{\"@type\":\"PropertyValueSpecification\",\"valueRequired\":true,\"valueName\":\"search_term_string\"}}],\"inLanguage\":\"de\"},{\"@type\":\"Organization\",\"@id\":\"https:\/\/nauti-parts.com\/de\/#organization\",\"name\":\"Nauti Teile\",\"url\":\"https:\/\/nauti-parts.com\/de\/\",\"logo\":{\"@type\":\"ImageObject\",\"inLanguage\":\"de\",\"@id\":\"https:\/\/nauti-parts.com\/de\/#\/schema\/logo\/image\/\",\"url\":\"https:\/\/nauti-parts.com\/wp-content\/uploads\/2023\/10\/np-logo-black.png\",\"contentUrl\":\"https:\/\/nauti-parts.com\/wp-content\/uploads\/2023\/10\/np-logo-black.png\",\"width\":253,\"height\":100,\"caption\":\"Nauti Teile\"},\"image\":{\"@id\":\"https:\/\/nauti-parts.com\/de\/#\/schema\/logo\/image\/\"},\"sameAs\":[\"https:\/\/www.facebook.com\/nautipartsspain\/\",\"https:\/\/www.instagram.com\/nautiparts\/\"]}]}<\/script>\n<!-- \/ Yoast SEO plugin. -->","yoast_head_json":{"title":"Sonnenstrahl 1p | Nauti Parts","robots":{"index":"index","follow":"follow","max-snippet":"max-snippet:-1","max-image-preview":"max-image-preview:large","max-video-preview":"max-video-preview:-1"},"canonical":"https:\/\/nauti-parts.com\/de\/shop\/wasserspielzeug\/abschleppwagen\/jobe\/sonnenstrahl-1p\/","og_locale":"de_DE","og_type":"article","og_title":"Sonnenstrahl 1p | Nauti Parts","og_description":"Begr\u00fc\u00dfen Sie den neuesten 2-Wege-Schlepper in der Produktreihe! Diese Sch\u00f6nheit kann in zwei Richtungen gezogen werden und ist super bequem, egal ob Sie sich hinknien oder aufrecht sitzen. Eine lustige und aufregende Fahrt, die dennoch sch\u00f6n stabil ist, wenn Sie sie brauchen.","og_url":"https:\/\/nauti-parts.com\/de\/shop\/wasserspielzeug\/abschleppwagen\/jobe\/sonnenstrahl-1p\/","og_site_name":"Nauti Parts","article_publisher":"https:\/\/www.facebook.com\/nautipartsspain\/","og_image":[{"width":960,"height":1200,"url":"https:\/\/nauti-parts.com\/wp-content\/uploads\/2017\/04\/jobe-sunray.jpeg","type":"image\/jpeg"}],"twitter_card":"summary_large_image","schema":{"@context":"https:\/\/schema.org","@graph":[{"@type":"WebPage","@id":"https:\/\/nauti-parts.com\/de\/shop\/wasserspielzeug\/abschleppwagen\/jobe\/sonnenstrahl-1p\/","url":"https:\/\/nauti-parts.com\/de\/shop\/wasserspielzeug\/abschleppwagen\/jobe\/sonnenstrahl-1p\/","name":"Sonnenstrahl 1p | Nauti Parts","isPartOf":{"@id":"https:\/\/nauti-parts.com\/de\/#website"},"primaryImageOfPage":{"@id":"https:\/\/nauti-parts.com\/de\/shop\/wasserspielzeug\/abschleppwagen\/jobe\/sonnenstrahl-1p\/#primaryimage"},"image":{"@id":"https:\/\/nauti-parts.com\/de\/shop\/wasserspielzeug\/abschleppwagen\/jobe\/sonnenstrahl-1p\/#primaryimage"},"thumbnailUrl":"https:\/\/nauti-parts.com\/wp-content\/uploads\/2017\/04\/jobe-sunray.jpeg","datePublished":"2017-04-19T09:26:24+00:00","breadcrumb":{"@id":"https:\/\/nauti-parts.com\/de\/shop\/wasserspielzeug\/abschleppwagen\/jobe\/sonnenstrahl-1p\/#breadcrumb"},"inLanguage":"de","potentialAction":[{"@type":"ReadAction","target":["https:\/\/nauti-parts.com\/de\/shop\/wasserspielzeug\/abschleppwagen\/jobe\/sonnenstrahl-1p\/"]}]},{"@type":"ImageObject","inLanguage":"de","@id":"https:\/\/nauti-parts.com\/de\/shop\/wasserspielzeug\/abschleppwagen\/jobe\/sonnenstrahl-1p\/#primaryimage","url":"https:\/\/nauti-parts.com\/wp-content\/uploads\/2017\/04\/jobe-sunray.jpeg","contentUrl":"https:\/\/nauti-parts.com\/wp-content\/uploads\/2017\/04\/jobe-sunray.jpeg","width":960,"height":1200,"caption":"Jobe Sunray"},{"@type":"BreadcrumbList","@id":"https:\/\/nauti-parts.com\/de\/shop\/wasserspielzeug\/abschleppwagen\/jobe\/sonnenstrahl-1p\/#breadcrumb","itemListElement":[{"@type":"ListItem","position":1,"name":"Shop","item":"https:\/\/nauti-parts.com\/de\/shop\/"},{"@type":"ListItem","position":2,"name":"Sonnenstrahl 1p"}]},{"@type":"WebSite","@id":"https:\/\/nauti-parts.com\/de\/#website","url":"https:\/\/nauti-parts.com\/de\/","name":"Nauti Parts","description":"Sea-Doo Jet Ski - Seabob Dealer and Rentals | Water Toys Mallorca","publisher":{"@id":"https:\/\/nauti-parts.com\/de\/#organization"},"potentialAction":[{"@type":"SearchAction","target":{"@type":"EntryPoint","urlTemplate":"https:\/\/nauti-parts.com\/de\/?s={search_term_string}"},"query-input":{"@type":"PropertyValueSpecification","valueRequired":true,"valueName":"search_term_string"}}],"inLanguage":"de"},{"@type":"Organization","@id":"https:\/\/nauti-parts.com\/de\/#organization","name":"Nauti Teile","url":"https:\/\/nauti-parts.com\/de\/","logo":{"@type":"ImageObject","inLanguage":"de","@id":"https:\/\/nauti-parts.com\/de\/#\/schema\/logo\/image\/","url":"https:\/\/nauti-parts.com\/wp-content\/uploads\/2023\/10\/np-logo-black.png","contentUrl":"https:\/\/nauti-parts.com\/wp-content\/uploads\/2023\/10\/np-logo-black.png","width":253,"height":100,"caption":"Nauti Teile"},"image":{"@id":"https:\/\/nauti-parts.com\/de\/#\/schema\/logo\/image\/"},"sameAs":["https:\/\/www.facebook.com\/nautipartsspain\/","https:\/\/www.instagram.com\/nautiparts\/"]}]}},"_links":{"self":[{"href":"https:\/\/nauti-parts.com\/de\/wp-json\/wp\/v2\/product\/25395","targetHints":{"allow":["GET"]}}],"collection":[{"href":"https:\/\/nauti-parts.com\/de\/wp-json\/wp\/v2\/product"}],"about":[{"href":"https:\/\/nauti-parts.com\/de\/wp-json\/wp\/v2\/types\/product"}],"replies":[{"embeddable":true,"href":"https:\/\/nauti-parts.com\/de\/wp-json\/wp\/v2\/comments?post=25395"}],"wp:featuredmedia":[{"embeddable":true,"href":"https:\/\/nauti-parts.com\/de\/wp-json\/wp\/v2\/media\/16256"}],"wp:attachment":[{"href":"https:\/\/nauti-parts.com\/de\/wp-json\/wp\/v2\/media?parent=25395"}],"wp:term":[{"taxonomy":"product_brand","embeddable":true,"href":"https:\/\/nauti-parts.com\/de\/wp-json\/wp\/v2\/product_brand?post=25395"},{"taxonomy":"product_cat","embeddable":true,"href":"https:\/\/nauti-parts.com\/de\/wp-json\/wp\/v2\/product_cat?post=25395"},{"taxonomy":"product_tag","embeddable":true,"href":"https:\/\/nauti-parts.com\/de\/wp-json\/wp\/v2\/product_tag?post=25395"}],"curies":[{"name":"wp","href":"https:\/\/api.w.org\/{rel}","templated":true}]}}