{"id":25316,"date":"2017-04-19T10:55:19","date_gmt":"2017-04-19T10:55:19","guid":{"rendered":"https:\/\/nauti-parts.com\/shop\/unkategorisiert\/verfolger\/"},"modified":"2017-04-19T10:55:19","modified_gmt":"2017-04-19T10:55:19","slug":"verfolger","status":"publish","type":"product","link":"https:\/\/nauti-parts.com\/de\/shop\/wasserspielzeug\/abschleppwagen\/jobe\/verfolger\/","title":{"rendered":"Verfolger"},"content":{"rendered":"<div class=\"col-6 p30 equalHeight paragraph show\">Die Nylonh\u00fclle bietet zus\u00e4tzlichen Schutz f\u00fcr den Innenschlauch und macht ihn zu einem langlebigen Zugfahrzeug!<\/div>\n<ul>\n<li><a href=\"https:\/\/www.jobesports.com\/en\/happycustomers\/\" target=\"_blank\" rel=\"noopener noreferrer\">3 Jahre Garantie nach Registrierung<\/a><\/li>\n<li>Doppelt gen\u00e4htes Nylon<\/li>\n<li>Einwegventil Boston<\/li>\n<li>Schnellanschluss f\u00fcr einfaches Abschleppen<\/li>\n<li>H\u00fclle aus 840 Denier-Nylon<\/li>\n<li>28-Gauge-PVC<\/li>\n<li>2 Personen &#8211; Gr\u00f6\u00dfe ohne Luft &#8211; 100&#8243; | 254CM<\/li>\n<li>3 Personen &#8211; Gr\u00f6\u00dfe ohne Luft &#8211; 119&#8243; | 302CM<\/li>\n<li>4 Personen &#8211; Gr\u00f6\u00dfe ohne Luft &#8211; 135&#8243; | 343CM<\/li>\n<\/ul>\n","protected":false},"excerpt":{"rendered":"<h3 class=\"col-6 p30 equalHeight paragraph show\">Jagen Sie Ihrer Leidenschaft nach, nicht Ihrer Rente, mit unserer Jobe Bananen-Wasserrutsche f\u00fcr bis zu 4 Personen.<\/h3>\n","protected":false},"featured_media":16267,"comment_status":"open","ping_status":"closed","template":"","meta":{"_acf_changed":false},"product_brand":[],"product_cat":[206,207,205],"product_tag":[],"class_list":{"0":"post-25316","1":"product","2":"type-product","3":"status-publish","4":"has-post-thumbnail","6":"product_cat-abschleppwagen","7":"product_cat-jobe","8":"product_cat-wasserspielzeug","9":"repupress_customize_woocommerce_productom_class","11":"first","12":"instock","13":"taxable","14":"shipping-taxable","15":"purchasable","16":"product-type-variable"},"acf":[],"yoast_head":"<!-- This site is optimized with the Yoast SEO plugin v27.2 - https:\/\/yoast.com\/product\/yoast-seo-wordpress\/ -->\n<title>Verfolger | Nauti Parts<\/title>\n<meta name=\"robots\" content=\"index, follow, max-snippet:-1, max-image-preview:large, max-video-preview:-1\" \/>\n<link rel=\"canonical\" href=\"https:\/\/nauti-parts.com\/de\/shop\/wasserspielzeug\/abschleppwagen\/jobe\/verfolger\/\" \/>\n<meta property=\"og:locale\" content=\"de_DE\" \/>\n<meta property=\"og:type\" content=\"article\" \/>\n<meta property=\"og:title\" content=\"Verfolger | Nauti Parts\" \/>\n<meta property=\"og:description\" content=\"Jagen Sie Ihrer Leidenschaft nach, nicht Ihrer Rente, mit unserer Jobe Bananen-Wasserrutsche f\u00fcr bis zu 4 Personen.\" \/>\n<meta property=\"og:url\" content=\"https:\/\/nauti-parts.com\/de\/shop\/wasserspielzeug\/abschleppwagen\/jobe\/verfolger\/\" \/>\n<meta property=\"og:site_name\" content=\"Nauti Parts\" \/>\n<meta property=\"article:publisher\" content=\"https:\/\/www.facebook.com\/nautipartsspain\/\" \/>\n<meta property=\"og:image\" content=\"https:\/\/nauti-parts.com\/wp-content\/uploads\/2017\/04\/jobe-chaser-3.jpeg\" \/>\n\t<meta property=\"og:image:width\" content=\"960\" \/>\n\t<meta property=\"og:image:height\" content=\"1200\" \/>\n\t<meta property=\"og:image:type\" content=\"image\/jpeg\" \/>\n<meta name=\"twitter:card\" content=\"summary_large_image\" \/>\n<script type=\"application\/ld+json\" class=\"yoast-schema-graph\">{\"@context\":\"https:\/\/schema.org\",\"@graph\":[{\"@type\":\"WebPage\",\"@id\":\"https:\/\/nauti-parts.com\/de\/shop\/wasserspielzeug\/abschleppwagen\/jobe\/verfolger\/\",\"url\":\"https:\/\/nauti-parts.com\/de\/shop\/wasserspielzeug\/abschleppwagen\/jobe\/verfolger\/\",\"name\":\"Verfolger | Nauti Parts\",\"isPartOf\":{\"@id\":\"https:\/\/nauti-parts.com\/de\/#website\"},\"primaryImageOfPage\":{\"@id\":\"https:\/\/nauti-parts.com\/de\/shop\/wasserspielzeug\/abschleppwagen\/jobe\/verfolger\/#primaryimage\"},\"image\":{\"@id\":\"https:\/\/nauti-parts.com\/de\/shop\/wasserspielzeug\/abschleppwagen\/jobe\/verfolger\/#primaryimage\"},\"thumbnailUrl\":\"https:\/\/nauti-parts.com\/wp-content\/uploads\/2017\/04\/jobe-chaser-3.jpeg\",\"datePublished\":\"2017-04-19T10:55:19+00:00\",\"breadcrumb\":{\"@id\":\"https:\/\/nauti-parts.com\/de\/shop\/wasserspielzeug\/abschleppwagen\/jobe\/verfolger\/#breadcrumb\"},\"inLanguage\":\"de\",\"potentialAction\":[{\"@type\":\"ReadAction\",\"target\":[\"https:\/\/nauti-parts.com\/de\/shop\/wasserspielzeug\/abschleppwagen\/jobe\/verfolger\/\"]}]},{\"@type\":\"ImageObject\",\"inLanguage\":\"de\",\"@id\":\"https:\/\/nauti-parts.com\/de\/shop\/wasserspielzeug\/abschleppwagen\/jobe\/verfolger\/#primaryimage\",\"url\":\"https:\/\/nauti-parts.com\/wp-content\/uploads\/2017\/04\/jobe-chaser-3.jpeg\",\"contentUrl\":\"https:\/\/nauti-parts.com\/wp-content\/uploads\/2017\/04\/jobe-chaser-3.jpeg\",\"width\":960,\"height\":1200,\"caption\":\"Jobe Chaser 3\"},{\"@type\":\"BreadcrumbList\",\"@id\":\"https:\/\/nauti-parts.com\/de\/shop\/wasserspielzeug\/abschleppwagen\/jobe\/verfolger\/#breadcrumb\",\"itemListElement\":[{\"@type\":\"ListItem\",\"position\":1,\"name\":\"Shop\",\"item\":\"https:\/\/nauti-parts.com\/de\/shop\/\"},{\"@type\":\"ListItem\",\"position\":2,\"name\":\"Verfolger\"}]},{\"@type\":\"WebSite\",\"@id\":\"https:\/\/nauti-parts.com\/de\/#website\",\"url\":\"https:\/\/nauti-parts.com\/de\/\",\"name\":\"Nauti Parts\",\"description\":\"Sea-Doo Jet Ski - Seabob Dealer and Rentals | Water Toys Mallorca\",\"publisher\":{\"@id\":\"https:\/\/nauti-parts.com\/de\/#organization\"},\"potentialAction\":[{\"@type\":\"SearchAction\",\"target\":{\"@type\":\"EntryPoint\",\"urlTemplate\":\"https:\/\/nauti-parts.com\/de\/?s={search_term_string}\"},\"query-input\":{\"@type\":\"PropertyValueSpecification\",\"valueRequired\":true,\"valueName\":\"search_term_string\"}}],\"inLanguage\":\"de\"},{\"@type\":\"Organization\",\"@id\":\"https:\/\/nauti-parts.com\/de\/#organization\",\"name\":\"Nauti Teile\",\"url\":\"https:\/\/nauti-parts.com\/de\/\",\"logo\":{\"@type\":\"ImageObject\",\"inLanguage\":\"de\",\"@id\":\"https:\/\/nauti-parts.com\/de\/#\/schema\/logo\/image\/\",\"url\":\"https:\/\/nauti-parts.com\/wp-content\/uploads\/2023\/10\/np-logo-black.png\",\"contentUrl\":\"https:\/\/nauti-parts.com\/wp-content\/uploads\/2023\/10\/np-logo-black.png\",\"width\":253,\"height\":100,\"caption\":\"Nauti Teile\"},\"image\":{\"@id\":\"https:\/\/nauti-parts.com\/de\/#\/schema\/logo\/image\/\"},\"sameAs\":[\"https:\/\/www.facebook.com\/nautipartsspain\/\",\"https:\/\/www.instagram.com\/nautiparts\/\"]}]}<\/script>\n<!-- \/ Yoast SEO plugin. -->","yoast_head_json":{"title":"Verfolger | Nauti Parts","robots":{"index":"index","follow":"follow","max-snippet":"max-snippet:-1","max-image-preview":"max-image-preview:large","max-video-preview":"max-video-preview:-1"},"canonical":"https:\/\/nauti-parts.com\/de\/shop\/wasserspielzeug\/abschleppwagen\/jobe\/verfolger\/","og_locale":"de_DE","og_type":"article","og_title":"Verfolger | Nauti Parts","og_description":"Jagen Sie Ihrer Leidenschaft nach, nicht Ihrer Rente, mit unserer Jobe Bananen-Wasserrutsche f\u00fcr bis zu 4 Personen.","og_url":"https:\/\/nauti-parts.com\/de\/shop\/wasserspielzeug\/abschleppwagen\/jobe\/verfolger\/","og_site_name":"Nauti Parts","article_publisher":"https:\/\/www.facebook.com\/nautipartsspain\/","og_image":[{"width":960,"height":1200,"url":"https:\/\/nauti-parts.com\/wp-content\/uploads\/2017\/04\/jobe-chaser-3.jpeg","type":"image\/jpeg"}],"twitter_card":"summary_large_image","schema":{"@context":"https:\/\/schema.org","@graph":[{"@type":"WebPage","@id":"https:\/\/nauti-parts.com\/de\/shop\/wasserspielzeug\/abschleppwagen\/jobe\/verfolger\/","url":"https:\/\/nauti-parts.com\/de\/shop\/wasserspielzeug\/abschleppwagen\/jobe\/verfolger\/","name":"Verfolger | Nauti Parts","isPartOf":{"@id":"https:\/\/nauti-parts.com\/de\/#website"},"primaryImageOfPage":{"@id":"https:\/\/nauti-parts.com\/de\/shop\/wasserspielzeug\/abschleppwagen\/jobe\/verfolger\/#primaryimage"},"image":{"@id":"https:\/\/nauti-parts.com\/de\/shop\/wasserspielzeug\/abschleppwagen\/jobe\/verfolger\/#primaryimage"},"thumbnailUrl":"https:\/\/nauti-parts.com\/wp-content\/uploads\/2017\/04\/jobe-chaser-3.jpeg","datePublished":"2017-04-19T10:55:19+00:00","breadcrumb":{"@id":"https:\/\/nauti-parts.com\/de\/shop\/wasserspielzeug\/abschleppwagen\/jobe\/verfolger\/#breadcrumb"},"inLanguage":"de","potentialAction":[{"@type":"ReadAction","target":["https:\/\/nauti-parts.com\/de\/shop\/wasserspielzeug\/abschleppwagen\/jobe\/verfolger\/"]}]},{"@type":"ImageObject","inLanguage":"de","@id":"https:\/\/nauti-parts.com\/de\/shop\/wasserspielzeug\/abschleppwagen\/jobe\/verfolger\/#primaryimage","url":"https:\/\/nauti-parts.com\/wp-content\/uploads\/2017\/04\/jobe-chaser-3.jpeg","contentUrl":"https:\/\/nauti-parts.com\/wp-content\/uploads\/2017\/04\/jobe-chaser-3.jpeg","width":960,"height":1200,"caption":"Jobe Chaser 3"},{"@type":"BreadcrumbList","@id":"https:\/\/nauti-parts.com\/de\/shop\/wasserspielzeug\/abschleppwagen\/jobe\/verfolger\/#breadcrumb","itemListElement":[{"@type":"ListItem","position":1,"name":"Shop","item":"https:\/\/nauti-parts.com\/de\/shop\/"},{"@type":"ListItem","position":2,"name":"Verfolger"}]},{"@type":"WebSite","@id":"https:\/\/nauti-parts.com\/de\/#website","url":"https:\/\/nauti-parts.com\/de\/","name":"Nauti Parts","description":"Sea-Doo Jet Ski - Seabob Dealer and Rentals | Water Toys Mallorca","publisher":{"@id":"https:\/\/nauti-parts.com\/de\/#organization"},"potentialAction":[{"@type":"SearchAction","target":{"@type":"EntryPoint","urlTemplate":"https:\/\/nauti-parts.com\/de\/?s={search_term_string}"},"query-input":{"@type":"PropertyValueSpecification","valueRequired":true,"valueName":"search_term_string"}}],"inLanguage":"de"},{"@type":"Organization","@id":"https:\/\/nauti-parts.com\/de\/#organization","name":"Nauti Teile","url":"https:\/\/nauti-parts.com\/de\/","logo":{"@type":"ImageObject","inLanguage":"de","@id":"https:\/\/nauti-parts.com\/de\/#\/schema\/logo\/image\/","url":"https:\/\/nauti-parts.com\/wp-content\/uploads\/2023\/10\/np-logo-black.png","contentUrl":"https:\/\/nauti-parts.com\/wp-content\/uploads\/2023\/10\/np-logo-black.png","width":253,"height":100,"caption":"Nauti Teile"},"image":{"@id":"https:\/\/nauti-parts.com\/de\/#\/schema\/logo\/image\/"},"sameAs":["https:\/\/www.facebook.com\/nautipartsspain\/","https:\/\/www.instagram.com\/nautiparts\/"]}]}},"_links":{"self":[{"href":"https:\/\/nauti-parts.com\/de\/wp-json\/wp\/v2\/product\/25316","targetHints":{"allow":["GET"]}}],"collection":[{"href":"https:\/\/nauti-parts.com\/de\/wp-json\/wp\/v2\/product"}],"about":[{"href":"https:\/\/nauti-parts.com\/de\/wp-json\/wp\/v2\/types\/product"}],"replies":[{"embeddable":true,"href":"https:\/\/nauti-parts.com\/de\/wp-json\/wp\/v2\/comments?post=25316"}],"wp:featuredmedia":[{"embeddable":true,"href":"https:\/\/nauti-parts.com\/de\/wp-json\/wp\/v2\/media\/16267"}],"wp:attachment":[{"href":"https:\/\/nauti-parts.com\/de\/wp-json\/wp\/v2\/media?parent=25316"}],"wp:term":[{"taxonomy":"product_brand","embeddable":true,"href":"https:\/\/nauti-parts.com\/de\/wp-json\/wp\/v2\/product_brand?post=25316"},{"taxonomy":"product_cat","embeddable":true,"href":"https:\/\/nauti-parts.com\/de\/wp-json\/wp\/v2\/product_cat?post=25316"},{"taxonomy":"product_tag","embeddable":true,"href":"https:\/\/nauti-parts.com\/de\/wp-json\/wp\/v2\/product_tag?post=25316"}],"curies":[{"name":"wp","href":"https:\/\/api.w.org\/{rel}","templated":true}]}}