{"id":25267,"date":"2024-03-01T11:32:40","date_gmt":"2024-03-01T11:32:40","guid":{"rendered":"https:\/\/nauti-parts.com\/shop\/unkategorisiert\/yarra-10-6-sup-paket\/"},"modified":"2024-03-01T11:32:40","modified_gmt":"2024-03-01T11:32:40","slug":"yarra-10-6-sup-paket","status":"publish","type":"product","link":"https:\/\/nauti-parts.com\/de\/shop\/bretter-skier\/sup\/yarra-10-6-sup-paket\/","title":{"rendered":"Yarra 10.6 SUP Paket"},"content":{"rendered":"<p>Das aufblasbare Yarra ist vollgepackt mit gro\u00dfartigen Merkmalen wie unserer leichten X-Stitching Technology und einem in die Ober- und Unterseite des SUP-Boards eingebauten Stringer f\u00fcr zus\u00e4tzliche Steifigkeit. Das Paket enth\u00e4lt alles, was Sie brauchen, um Ihre Reise zu beginnen und mit einem Gesamtgewicht des Boards von 20,5 Pfund k\u00f6nnen Sie Ihr Abenteuer \u00fcberallhin mitnehmen! <\/p>\n<ul>\n<li><a href=\"https:\/\/www.jobesports.com\/en\/happycustomers\/\" target=\"_blank\" rel=\"noopener noreferrer\">3 Jahre Garantie nach Registrierung<\/a><\/li>\n<li><a href=\"https:\/\/www.jobesports.com\/en\/newsflash\/heat-bonded-technology-warm-sup-2678\/\" target=\"_blank\" rel=\"noopener noreferrer\">W\u00e4rmegebundene Technologie: mehr Schichtqualit\u00e4t und Sicherheit<\/a><\/li>\n<li>Rutschfestes EVA-Schaumstoffmuster, erm\u00f6glicht komfortables SUPing auf lange Sicht<\/li>\n<li>Leichte X-Tropfenstich-Konstruktion<\/li>\n<li>Stringer oben und unten f\u00fcr die beste Steifigkeit<\/li>\n<li>Bungee-Aufbewahrungsnetz<\/li>\n<li>Leicht zu tragender Neoprengriff mit Paddelhalterung<\/li>\n<li>Halkey Roberts Ventil<\/li>\n<li>8&#8243; EZ Lock Flosse<\/li>\n<li>D-Ring an Spitze und Schwanz<\/li>\n<li>Hilfe bei Ventilpatches<\/li>\n<li>Nose Rocker: 9&#8243;, Tail Rocker: 0&#8243;<\/li>\n<li>Empfohlenes Gewicht des Fahrers: Bis zu 140kg | 308 lbs<\/li>\n<li>Gewicht des Boards: 9,3kg | 20,5lbs<\/li>\n<li>Paketgewicht: 14,3kg | 31,5lbs<\/li>\n<li>Abmessungen: 10&#8217;6&#8243; x 32&#8243; x 6&#8243; | 320 x 81,3 x 15cm<\/li>\n<li>Volumen: 310 l<\/li>\n<li>Das Paket enth\u00e4lt: Aero Yarra SUP Board 10.6 teal, verstellbares 3-teiliges Fiberglas-Paddel, wasserdichter Rucksack, Double-Action-Pumpe, 10ft \/ 3,04m gespulte Leash<\/li>\n<li>\n<\/li>\n<\/ul>\n","protected":false},"excerpt":{"rendered":"<p>Das Aero Yarra Stand Up Paddle Board 10.6 Paket ist ein Paradebeispiel daf\u00fcr, wie Form und Funktion zusammenpassen! Ausgestattet mit einer brandneuen &#8220;EZ Lock Fin&#8221; und einer hochwertigen Konstruktion und Haltbarkeit durch unsere Heat-Bonded-Technologie, ist dieses Aero Yarra SUP das perfekte Allround-Board f\u00fcr Abenteuer auf dem Wasser. <\/p>\n","protected":false},"featured_media":20013,"comment_status":"open","ping_status":"closed","template":"","meta":{"_acf_changed":false},"product_brand":[],"product_cat":[214,215],"product_tag":[389,390],"class_list":{"0":"post-25267","1":"product","2":"type-product","3":"status-publish","4":"has-post-thumbnail","6":"product_cat-bretter-skier","7":"product_cat-sup","8":"product_tag-stand-up-paddle-board","9":"product_tag-sup","10":"repupress_customize_woocommerce_productom_class","12":"first","13":"instock","14":"taxable","15":"shipping-taxable","16":"purchasable","17":"product-type-variable"},"acf":[],"yoast_head":"<!-- This site is optimized with the Yoast SEO plugin v27.5 - https:\/\/yoast.com\/product\/yoast-seo-wordpress\/ -->\n<title>Yarra 10.6 SUP Paket | Nauti Parts<\/title>\n<meta name=\"robots\" content=\"index, follow, max-snippet:-1, max-image-preview:large, max-video-preview:-1\" \/>\n<link rel=\"canonical\" href=\"https:\/\/nauti-parts.com\/de\/shop\/bretter-skier\/sup\/yarra-10-6-sup-paket\/\" \/>\n<meta property=\"og:locale\" content=\"de_DE\" \/>\n<meta property=\"og:type\" content=\"article\" \/>\n<meta property=\"og:title\" content=\"Yarra 10.6 SUP Paket | Nauti Parts\" \/>\n<meta property=\"og:description\" content=\"Das Aero Yarra Stand Up Paddle Board 10.6 Paket ist ein Paradebeispiel daf\u00fcr, wie Form und Funktion zusammenpassen! Ausgestattet mit einer brandneuen &quot;EZ Lock Fin&quot; und einer hochwertigen Konstruktion und Haltbarkeit durch unsere Heat-Bonded-Technologie, ist dieses Aero Yarra SUP das perfekte Allround-Board f\u00fcr Abenteuer auf dem Wasser.\" \/>\n<meta property=\"og:url\" content=\"https:\/\/nauti-parts.com\/de\/shop\/bretter-skier\/sup\/yarra-10-6-sup-paket\/\" \/>\n<meta property=\"og:site_name\" content=\"Nauti Parts\" \/>\n<meta property=\"article:publisher\" content=\"https:\/\/www.facebook.com\/nautipartsspain\/\" \/>\n<meta property=\"og:image\" content=\"https:\/\/nauti-parts.com\/wp-content\/uploads\/2022\/01\/yarra-blue-1.jpg\" \/>\n\t<meta property=\"og:image:width\" content=\"1500\" \/>\n\t<meta property=\"og:image:height\" content=\"1500\" \/>\n\t<meta property=\"og:image:type\" content=\"image\/jpeg\" \/>\n<meta name=\"twitter:card\" content=\"summary_large_image\" \/>\n<meta name=\"twitter:label1\" content=\"Gesch\u00e4tzte Lesezeit\" \/>\n\t<meta name=\"twitter:data1\" content=\"1\u00a0Minute\" \/>\n<script type=\"application\/ld+json\" class=\"yoast-schema-graph\">{\"@context\":\"https:\\\/\\\/schema.org\",\"@graph\":[{\"@type\":\"WebPage\",\"@id\":\"https:\\\/\\\/nauti-parts.com\\\/de\\\/shop\\\/bretter-skier\\\/sup\\\/yarra-10-6-sup-paket\\\/\",\"url\":\"https:\\\/\\\/nauti-parts.com\\\/de\\\/shop\\\/bretter-skier\\\/sup\\\/yarra-10-6-sup-paket\\\/\",\"name\":\"Yarra 10.6 SUP Paket | Nauti Parts\",\"isPartOf\":{\"@id\":\"https:\\\/\\\/nauti-parts.com\\\/de\\\/#website\"},\"primaryImageOfPage\":{\"@id\":\"https:\\\/\\\/nauti-parts.com\\\/de\\\/shop\\\/bretter-skier\\\/sup\\\/yarra-10-6-sup-paket\\\/#primaryimage\"},\"image\":{\"@id\":\"https:\\\/\\\/nauti-parts.com\\\/de\\\/shop\\\/bretter-skier\\\/sup\\\/yarra-10-6-sup-paket\\\/#primaryimage\"},\"thumbnailUrl\":\"https:\\\/\\\/nauti-parts.com\\\/wp-content\\\/uploads\\\/2022\\\/01\\\/yarra-blue-1.jpg\",\"datePublished\":\"2024-03-01T11:32:40+00:00\",\"breadcrumb\":{\"@id\":\"https:\\\/\\\/nauti-parts.com\\\/de\\\/shop\\\/bretter-skier\\\/sup\\\/yarra-10-6-sup-paket\\\/#breadcrumb\"},\"inLanguage\":\"de\",\"potentialAction\":[{\"@type\":\"ReadAction\",\"target\":[\"https:\\\/\\\/nauti-parts.com\\\/de\\\/shop\\\/bretter-skier\\\/sup\\\/yarra-10-6-sup-paket\\\/\"]}]},{\"@type\":\"ImageObject\",\"inLanguage\":\"de\",\"@id\":\"https:\\\/\\\/nauti-parts.com\\\/de\\\/shop\\\/bretter-skier\\\/sup\\\/yarra-10-6-sup-paket\\\/#primaryimage\",\"url\":\"https:\\\/\\\/nauti-parts.com\\\/wp-content\\\/uploads\\\/2022\\\/01\\\/yarra-blue-1.jpg\",\"contentUrl\":\"https:\\\/\\\/nauti-parts.com\\\/wp-content\\\/uploads\\\/2022\\\/01\\\/yarra-blue-1.jpg\",\"width\":1500,\"height\":1500},{\"@type\":\"BreadcrumbList\",\"@id\":\"https:\\\/\\\/nauti-parts.com\\\/de\\\/shop\\\/bretter-skier\\\/sup\\\/yarra-10-6-sup-paket\\\/#breadcrumb\",\"itemListElement\":[{\"@type\":\"ListItem\",\"position\":1,\"name\":\"Shop\",\"item\":\"https:\\\/\\\/nauti-parts.com\\\/de\\\/shop\\\/\"},{\"@type\":\"ListItem\",\"position\":2,\"name\":\"Yarra 10.6 SUP Paket\"}]},{\"@type\":\"WebSite\",\"@id\":\"https:\\\/\\\/nauti-parts.com\\\/de\\\/#website\",\"url\":\"https:\\\/\\\/nauti-parts.com\\\/de\\\/\",\"name\":\"Nauti Parts\",\"description\":\"Sea-Doo Jet Ski - Seabob Dealer and Rentals | Water Toys Mallorca\",\"publisher\":{\"@id\":\"https:\\\/\\\/nauti-parts.com\\\/de\\\/#organization\"},\"potentialAction\":[{\"@type\":\"SearchAction\",\"target\":{\"@type\":\"EntryPoint\",\"urlTemplate\":\"https:\\\/\\\/nauti-parts.com\\\/de\\\/?s={search_term_string}\"},\"query-input\":{\"@type\":\"PropertyValueSpecification\",\"valueRequired\":true,\"valueName\":\"search_term_string\"}}],\"inLanguage\":\"de\"},{\"@type\":\"Organization\",\"@id\":\"https:\\\/\\\/nauti-parts.com\\\/de\\\/#organization\",\"name\":\"Nauti Teile\",\"url\":\"https:\\\/\\\/nauti-parts.com\\\/de\\\/\",\"logo\":{\"@type\":\"ImageObject\",\"inLanguage\":\"de\",\"@id\":\"https:\\\/\\\/nauti-parts.com\\\/de\\\/#\\\/schema\\\/logo\\\/image\\\/\",\"url\":\"https:\\\/\\\/nauti-parts.com\\\/wp-content\\\/uploads\\\/2023\\\/10\\\/np-logo-black.png\",\"contentUrl\":\"https:\\\/\\\/nauti-parts.com\\\/wp-content\\\/uploads\\\/2023\\\/10\\\/np-logo-black.png\",\"width\":253,\"height\":100,\"caption\":\"Nauti Teile\"},\"image\":{\"@id\":\"https:\\\/\\\/nauti-parts.com\\\/de\\\/#\\\/schema\\\/logo\\\/image\\\/\"},\"sameAs\":[\"https:\\\/\\\/www.facebook.com\\\/nautipartsspain\\\/\",\"https:\\\/\\\/www.instagram.com\\\/nautiparts\\\/\"]}]}<\/script>\n<!-- \/ Yoast SEO plugin. -->","yoast_head_json":{"title":"Yarra 10.6 SUP Paket | Nauti Parts","robots":{"index":"index","follow":"follow","max-snippet":"max-snippet:-1","max-image-preview":"max-image-preview:large","max-video-preview":"max-video-preview:-1"},"canonical":"https:\/\/nauti-parts.com\/de\/shop\/bretter-skier\/sup\/yarra-10-6-sup-paket\/","og_locale":"de_DE","og_type":"article","og_title":"Yarra 10.6 SUP Paket | Nauti Parts","og_description":"Das Aero Yarra Stand Up Paddle Board 10.6 Paket ist ein Paradebeispiel daf\u00fcr, wie Form und Funktion zusammenpassen! Ausgestattet mit einer brandneuen \"EZ Lock Fin\" und einer hochwertigen Konstruktion und Haltbarkeit durch unsere Heat-Bonded-Technologie, ist dieses Aero Yarra SUP das perfekte Allround-Board f\u00fcr Abenteuer auf dem Wasser.","og_url":"https:\/\/nauti-parts.com\/de\/shop\/bretter-skier\/sup\/yarra-10-6-sup-paket\/","og_site_name":"Nauti Parts","article_publisher":"https:\/\/www.facebook.com\/nautipartsspain\/","og_image":[{"width":1500,"height":1500,"url":"https:\/\/nauti-parts.com\/wp-content\/uploads\/2022\/01\/yarra-blue-1.jpg","type":"image\/jpeg"}],"twitter_card":"summary_large_image","twitter_misc":{"Gesch\u00e4tzte Lesezeit":"1\u00a0Minute"},"schema":{"@context":"https:\/\/schema.org","@graph":[{"@type":"WebPage","@id":"https:\/\/nauti-parts.com\/de\/shop\/bretter-skier\/sup\/yarra-10-6-sup-paket\/","url":"https:\/\/nauti-parts.com\/de\/shop\/bretter-skier\/sup\/yarra-10-6-sup-paket\/","name":"Yarra 10.6 SUP Paket | Nauti Parts","isPartOf":{"@id":"https:\/\/nauti-parts.com\/de\/#website"},"primaryImageOfPage":{"@id":"https:\/\/nauti-parts.com\/de\/shop\/bretter-skier\/sup\/yarra-10-6-sup-paket\/#primaryimage"},"image":{"@id":"https:\/\/nauti-parts.com\/de\/shop\/bretter-skier\/sup\/yarra-10-6-sup-paket\/#primaryimage"},"thumbnailUrl":"https:\/\/nauti-parts.com\/wp-content\/uploads\/2022\/01\/yarra-blue-1.jpg","datePublished":"2024-03-01T11:32:40+00:00","breadcrumb":{"@id":"https:\/\/nauti-parts.com\/de\/shop\/bretter-skier\/sup\/yarra-10-6-sup-paket\/#breadcrumb"},"inLanguage":"de","potentialAction":[{"@type":"ReadAction","target":["https:\/\/nauti-parts.com\/de\/shop\/bretter-skier\/sup\/yarra-10-6-sup-paket\/"]}]},{"@type":"ImageObject","inLanguage":"de","@id":"https:\/\/nauti-parts.com\/de\/shop\/bretter-skier\/sup\/yarra-10-6-sup-paket\/#primaryimage","url":"https:\/\/nauti-parts.com\/wp-content\/uploads\/2022\/01\/yarra-blue-1.jpg","contentUrl":"https:\/\/nauti-parts.com\/wp-content\/uploads\/2022\/01\/yarra-blue-1.jpg","width":1500,"height":1500},{"@type":"BreadcrumbList","@id":"https:\/\/nauti-parts.com\/de\/shop\/bretter-skier\/sup\/yarra-10-6-sup-paket\/#breadcrumb","itemListElement":[{"@type":"ListItem","position":1,"name":"Shop","item":"https:\/\/nauti-parts.com\/de\/shop\/"},{"@type":"ListItem","position":2,"name":"Yarra 10.6 SUP Paket"}]},{"@type":"WebSite","@id":"https:\/\/nauti-parts.com\/de\/#website","url":"https:\/\/nauti-parts.com\/de\/","name":"Nauti Parts","description":"Sea-Doo Jet Ski - Seabob Dealer and Rentals | Water Toys Mallorca","publisher":{"@id":"https:\/\/nauti-parts.com\/de\/#organization"},"potentialAction":[{"@type":"SearchAction","target":{"@type":"EntryPoint","urlTemplate":"https:\/\/nauti-parts.com\/de\/?s={search_term_string}"},"query-input":{"@type":"PropertyValueSpecification","valueRequired":true,"valueName":"search_term_string"}}],"inLanguage":"de"},{"@type":"Organization","@id":"https:\/\/nauti-parts.com\/de\/#organization","name":"Nauti Teile","url":"https:\/\/nauti-parts.com\/de\/","logo":{"@type":"ImageObject","inLanguage":"de","@id":"https:\/\/nauti-parts.com\/de\/#\/schema\/logo\/image\/","url":"https:\/\/nauti-parts.com\/wp-content\/uploads\/2023\/10\/np-logo-black.png","contentUrl":"https:\/\/nauti-parts.com\/wp-content\/uploads\/2023\/10\/np-logo-black.png","width":253,"height":100,"caption":"Nauti Teile"},"image":{"@id":"https:\/\/nauti-parts.com\/de\/#\/schema\/logo\/image\/"},"sameAs":["https:\/\/www.facebook.com\/nautipartsspain\/","https:\/\/www.instagram.com\/nautiparts\/"]}]}},"_links":{"self":[{"href":"https:\/\/nauti-parts.com\/de\/wp-json\/wp\/v2\/product\/25267","targetHints":{"allow":["GET"]}}],"collection":[{"href":"https:\/\/nauti-parts.com\/de\/wp-json\/wp\/v2\/product"}],"about":[{"href":"https:\/\/nauti-parts.com\/de\/wp-json\/wp\/v2\/types\/product"}],"replies":[{"embeddable":true,"href":"https:\/\/nauti-parts.com\/de\/wp-json\/wp\/v2\/comments?post=25267"}],"wp:featuredmedia":[{"embeddable":true,"href":"https:\/\/nauti-parts.com\/de\/wp-json\/wp\/v2\/media\/20013"}],"wp:attachment":[{"href":"https:\/\/nauti-parts.com\/de\/wp-json\/wp\/v2\/media?parent=25267"}],"wp:term":[{"taxonomy":"product_brand","embeddable":true,"href":"https:\/\/nauti-parts.com\/de\/wp-json\/wp\/v2\/product_brand?post=25267"},{"taxonomy":"product_cat","embeddable":true,"href":"https:\/\/nauti-parts.com\/de\/wp-json\/wp\/v2\/product_cat?post=25267"},{"taxonomy":"product_tag","embeddable":true,"href":"https:\/\/nauti-parts.com\/de\/wp-json\/wp\/v2\/product_tag?post=25267"}],"curies":[{"name":"wp","href":"https:\/\/api.w.org\/{rel}","templated":true}]}}