{"id":25180,"date":"2024-03-01T11:34:24","date_gmt":"2024-03-01T11:34:24","guid":{"rendered":"https:\/\/nauti-parts.com\/shop\/unkategorisiert\/duna-11-6-abenteuer-sup-paket\/"},"modified":"2024-03-01T11:34:24","modified_gmt":"2024-03-01T11:34:24","slug":"duna-11-6-abenteuer-sup-paket","status":"publish","type":"product","link":"https:\/\/nauti-parts.com\/de\/shop\/bretter-skier\/sup\/duna-11-6-abenteuer-sup-paket\/","title":{"rendered":"Duna 11.6 Abenteuer SUP Paket"},"content":{"rendered":"<p>F\u00fchlen Sie sich wie Kolumbus und erkunden und entdecken Sie, was unser sch\u00f6ner Planet zu bieten hat. Dank der Verbindungsschnallen k\u00f6nnen Sie problemlos 2 Taschen mit sich f\u00fchren und Ihre gesamte Ausr\u00fcstung auf Ihre n\u00e4chste Expedition mitnehmen. Der Adventure Duna ist mit erstklassigen Technologien ausgestattet, wie z.B. der Heat Bonded Technology f\u00fcr mehr Lagenqualit\u00e4t und Sicherheit und X-Drop-N\u00e4hten f\u00fcr maximale Steifigkeit. Mit diesem Paket sind Sie bereit f\u00fcr die Reise! Im Lieferumfang enthalten sind das Aero Adventure Duna SUP Board 11.6, ein verstellbares 3-teiliges Glasfaserpaddel, 1 gro\u00dfer wasserdichter Rucksack mit Schnallen zum Befestigen des Rucksacks am Board und 1 kleiner Drybag mit Schulterriemen und Schnallen zum Befestigen am Board.    <\/p>\n<ul>\n<li><a href=\"https:\/\/www.jobesports.com\/en\/happycustomers\/\" target=\"_blank\" rel=\"noopener\">3 Jahre Garantie nach Registrierung<\/a><\/li>\n<li><a href=\"https:\/\/www.jobesports.com\/en\/newsflash\/heat-bonded-technology-warm-sup-2678\/\" target=\"_blank\" rel=\"noopener\">W\u00e4rmegebundene Technologie: mehr Schichtqualit\u00e4t und Sicherheit<\/a><\/li>\n<li>Rutschfestes EVA-Schaumstoffmuster, erm\u00f6glicht komfortables SUPing auf lange Sicht<\/li>\n<li>Leichte X-Tropfenstich-Konstruktion<\/li>\n<li>Stringer oben und unten f\u00fcr die beste Steifigkeit<\/li>\n<li>Bungee-Aufbewahrungsnetz<\/li>\n<li>Leicht zu tragender Neoprengriff mit Paddelhalterung<\/li>\n<li>Halkey Roberts Ventil<\/li>\n<li>2 mittlere Flossen unterhalb der Standposition f\u00fcr zus\u00e4tzlichen Halt und Traktion<\/li>\n<li>8&#8243; EZ Lock Flosse<\/li>\n<li>Bungee-Aufbewahrungsnetz mit Schnallen<\/li>\n<li>D-Ring an Spitze und Schwanz<\/li>\n<li>Nose Rocker: 9&#8243;, Tail Rocker: 0&#8243;<\/li>\n<li>Empfohlenes Gewicht des Fahrers: Bis zu 150kg | 330 lbs<\/li>\n<li>Gewicht des Boards: 10,2kg | 22,5lbs<\/li>\n<li>Paketgewicht: 15,2kg | 33.5lbs<\/li>\n<li>Abmessungen: 11&#8217;6&#8243; x 31&#8243; x 6&#8243; | 350 x 78,8 x 15cm<\/li>\n<li>Volumen: 324 l<\/li>\n<li>Paket enth\u00e4lt: Aero Adventure Duna SUP Board 11.6, verstellbares 3-teiliges Fiberglas-Paddel, 1 gro\u00dfer wasserdichter Rucksack mit Schnallen zum Verbinden des Rucksacks mit dem Board, 1 kleiner Drybag mit Schultergurten und Schnallen zum Verbinden mit dem Board, Doppel<\/li>\n<li>\n<\/li>\n<\/ul>\n","protected":false},"excerpt":{"rendered":"<p>Mit unserem brandneuen Adventure Duna 11.6 aufblasbaren Stand Up Paddle Board haben wir die Messlatte in der Welt des Stand Up Paddling h\u00f6her gelegt. Sind Sie bereit f\u00fcr ein neues Abenteuer? <\/p>\n","protected":false},"featured_media":20040,"comment_status":"open","ping_status":"closed","template":"","meta":{"_acf_changed":false},"product_brand":[],"product_cat":[214,215],"product_tag":[389,390],"class_list":{"0":"post-25180","1":"product","2":"type-product","3":"status-publish","4":"has-post-thumbnail","6":"product_cat-bretter-skier","7":"product_cat-sup","8":"product_tag-stand-up-paddle-board","9":"product_tag-sup","10":"repupress_customize_woocommerce_productom_class","12":"first","13":"instock","14":"taxable","15":"shipping-taxable","16":"purchasable","17":"product-type-variable"},"acf":[],"yoast_head":"<!-- This site is optimized with the Yoast SEO plugin v27.2 - https:\/\/yoast.com\/product\/yoast-seo-wordpress\/ -->\n<title>Duna 11.6 Abenteuer SUP Paket | Nauti Parts<\/title>\n<meta name=\"robots\" content=\"index, follow, max-snippet:-1, max-image-preview:large, max-video-preview:-1\" \/>\n<link rel=\"canonical\" href=\"https:\/\/nauti-parts.com\/de\/shop\/bretter-skier\/sup\/duna-11-6-abenteuer-sup-paket\/\" \/>\n<meta property=\"og:locale\" content=\"de_DE\" \/>\n<meta property=\"og:type\" content=\"article\" \/>\n<meta property=\"og:title\" content=\"Duna 11.6 Abenteuer SUP Paket | Nauti Parts\" \/>\n<meta property=\"og:description\" content=\"Mit unserem brandneuen Adventure Duna 11.6 aufblasbaren Stand Up Paddle Board haben wir die Messlatte in der Welt des Stand Up Paddling h\u00f6her gelegt. Sind Sie bereit f\u00fcr ein neues Abenteuer?\" \/>\n<meta property=\"og:url\" content=\"https:\/\/nauti-parts.com\/de\/shop\/bretter-skier\/sup\/duna-11-6-abenteuer-sup-paket\/\" \/>\n<meta property=\"og:site_name\" content=\"Nauti Parts\" \/>\n<meta property=\"article:publisher\" content=\"https:\/\/www.facebook.com\/nautipartsspain\/\" \/>\n<meta property=\"og:image\" content=\"https:\/\/nauti-parts.com\/wp-content\/uploads\/2025\/10\/duna-purple-1.jpg\" \/>\n\t<meta property=\"og:image:width\" content=\"1500\" \/>\n\t<meta property=\"og:image:height\" content=\"1500\" \/>\n\t<meta property=\"og:image:type\" content=\"image\/jpeg\" \/>\n<meta name=\"twitter:card\" content=\"summary_large_image\" \/>\n<meta name=\"twitter:label1\" content=\"Gesch\u00e4tzte Lesezeit\" \/>\n\t<meta name=\"twitter:data1\" content=\"1\u00a0Minute\" \/>\n<script type=\"application\/ld+json\" class=\"yoast-schema-graph\">{\"@context\":\"https:\/\/schema.org\",\"@graph\":[{\"@type\":\"WebPage\",\"@id\":\"https:\/\/nauti-parts.com\/de\/shop\/bretter-skier\/sup\/duna-11-6-abenteuer-sup-paket\/\",\"url\":\"https:\/\/nauti-parts.com\/de\/shop\/bretter-skier\/sup\/duna-11-6-abenteuer-sup-paket\/\",\"name\":\"Duna 11.6 Abenteuer SUP Paket | Nauti Parts\",\"isPartOf\":{\"@id\":\"https:\/\/nauti-parts.com\/de\/#website\"},\"primaryImageOfPage\":{\"@id\":\"https:\/\/nauti-parts.com\/de\/shop\/bretter-skier\/sup\/duna-11-6-abenteuer-sup-paket\/#primaryimage\"},\"image\":{\"@id\":\"https:\/\/nauti-parts.com\/de\/shop\/bretter-skier\/sup\/duna-11-6-abenteuer-sup-paket\/#primaryimage\"},\"thumbnailUrl\":\"https:\/\/nauti-parts.com\/wp-content\/uploads\/2025\/10\/duna-purple-1.jpg\",\"datePublished\":\"2024-03-01T11:34:24+00:00\",\"breadcrumb\":{\"@id\":\"https:\/\/nauti-parts.com\/de\/shop\/bretter-skier\/sup\/duna-11-6-abenteuer-sup-paket\/#breadcrumb\"},\"inLanguage\":\"de\",\"potentialAction\":[{\"@type\":\"ReadAction\",\"target\":[\"https:\/\/nauti-parts.com\/de\/shop\/bretter-skier\/sup\/duna-11-6-abenteuer-sup-paket\/\"]}]},{\"@type\":\"ImageObject\",\"inLanguage\":\"de\",\"@id\":\"https:\/\/nauti-parts.com\/de\/shop\/bretter-skier\/sup\/duna-11-6-abenteuer-sup-paket\/#primaryimage\",\"url\":\"https:\/\/nauti-parts.com\/wp-content\/uploads\/2025\/10\/duna-purple-1.jpg\",\"contentUrl\":\"https:\/\/nauti-parts.com\/wp-content\/uploads\/2025\/10\/duna-purple-1.jpg\",\"width\":1500,\"height\":1500},{\"@type\":\"BreadcrumbList\",\"@id\":\"https:\/\/nauti-parts.com\/de\/shop\/bretter-skier\/sup\/duna-11-6-abenteuer-sup-paket\/#breadcrumb\",\"itemListElement\":[{\"@type\":\"ListItem\",\"position\":1,\"name\":\"Shop\",\"item\":\"https:\/\/nauti-parts.com\/de\/shop\/\"},{\"@type\":\"ListItem\",\"position\":2,\"name\":\"Duna 11.6 Abenteuer SUP Paket\"}]},{\"@type\":\"WebSite\",\"@id\":\"https:\/\/nauti-parts.com\/de\/#website\",\"url\":\"https:\/\/nauti-parts.com\/de\/\",\"name\":\"Nauti Parts\",\"description\":\"Sea-Doo Jet Ski - Seabob Dealer and Rentals | Water Toys Mallorca\",\"publisher\":{\"@id\":\"https:\/\/nauti-parts.com\/de\/#organization\"},\"potentialAction\":[{\"@type\":\"SearchAction\",\"target\":{\"@type\":\"EntryPoint\",\"urlTemplate\":\"https:\/\/nauti-parts.com\/de\/?s={search_term_string}\"},\"query-input\":{\"@type\":\"PropertyValueSpecification\",\"valueRequired\":true,\"valueName\":\"search_term_string\"}}],\"inLanguage\":\"de\"},{\"@type\":\"Organization\",\"@id\":\"https:\/\/nauti-parts.com\/de\/#organization\",\"name\":\"Nauti Teile\",\"url\":\"https:\/\/nauti-parts.com\/de\/\",\"logo\":{\"@type\":\"ImageObject\",\"inLanguage\":\"de\",\"@id\":\"https:\/\/nauti-parts.com\/de\/#\/schema\/logo\/image\/\",\"url\":\"https:\/\/nauti-parts.com\/wp-content\/uploads\/2023\/10\/np-logo-black.png\",\"contentUrl\":\"https:\/\/nauti-parts.com\/wp-content\/uploads\/2023\/10\/np-logo-black.png\",\"width\":253,\"height\":100,\"caption\":\"Nauti Teile\"},\"image\":{\"@id\":\"https:\/\/nauti-parts.com\/de\/#\/schema\/logo\/image\/\"},\"sameAs\":[\"https:\/\/www.facebook.com\/nautipartsspain\/\",\"https:\/\/www.instagram.com\/nautiparts\/\"]}]}<\/script>\n<!-- \/ Yoast SEO plugin. -->","yoast_head_json":{"title":"Duna 11.6 Abenteuer SUP Paket | Nauti Parts","robots":{"index":"index","follow":"follow","max-snippet":"max-snippet:-1","max-image-preview":"max-image-preview:large","max-video-preview":"max-video-preview:-1"},"canonical":"https:\/\/nauti-parts.com\/de\/shop\/bretter-skier\/sup\/duna-11-6-abenteuer-sup-paket\/","og_locale":"de_DE","og_type":"article","og_title":"Duna 11.6 Abenteuer SUP Paket | Nauti Parts","og_description":"Mit unserem brandneuen Adventure Duna 11.6 aufblasbaren Stand Up Paddle Board haben wir die Messlatte in der Welt des Stand Up Paddling h\u00f6her gelegt. Sind Sie bereit f\u00fcr ein neues Abenteuer?","og_url":"https:\/\/nauti-parts.com\/de\/shop\/bretter-skier\/sup\/duna-11-6-abenteuer-sup-paket\/","og_site_name":"Nauti Parts","article_publisher":"https:\/\/www.facebook.com\/nautipartsspain\/","og_image":[{"width":1500,"height":1500,"url":"https:\/\/nauti-parts.com\/wp-content\/uploads\/2025\/10\/duna-purple-1.jpg","type":"image\/jpeg"}],"twitter_card":"summary_large_image","twitter_misc":{"Gesch\u00e4tzte Lesezeit":"1\u00a0Minute"},"schema":{"@context":"https:\/\/schema.org","@graph":[{"@type":"WebPage","@id":"https:\/\/nauti-parts.com\/de\/shop\/bretter-skier\/sup\/duna-11-6-abenteuer-sup-paket\/","url":"https:\/\/nauti-parts.com\/de\/shop\/bretter-skier\/sup\/duna-11-6-abenteuer-sup-paket\/","name":"Duna 11.6 Abenteuer SUP Paket | Nauti Parts","isPartOf":{"@id":"https:\/\/nauti-parts.com\/de\/#website"},"primaryImageOfPage":{"@id":"https:\/\/nauti-parts.com\/de\/shop\/bretter-skier\/sup\/duna-11-6-abenteuer-sup-paket\/#primaryimage"},"image":{"@id":"https:\/\/nauti-parts.com\/de\/shop\/bretter-skier\/sup\/duna-11-6-abenteuer-sup-paket\/#primaryimage"},"thumbnailUrl":"https:\/\/nauti-parts.com\/wp-content\/uploads\/2025\/10\/duna-purple-1.jpg","datePublished":"2024-03-01T11:34:24+00:00","breadcrumb":{"@id":"https:\/\/nauti-parts.com\/de\/shop\/bretter-skier\/sup\/duna-11-6-abenteuer-sup-paket\/#breadcrumb"},"inLanguage":"de","potentialAction":[{"@type":"ReadAction","target":["https:\/\/nauti-parts.com\/de\/shop\/bretter-skier\/sup\/duna-11-6-abenteuer-sup-paket\/"]}]},{"@type":"ImageObject","inLanguage":"de","@id":"https:\/\/nauti-parts.com\/de\/shop\/bretter-skier\/sup\/duna-11-6-abenteuer-sup-paket\/#primaryimage","url":"https:\/\/nauti-parts.com\/wp-content\/uploads\/2025\/10\/duna-purple-1.jpg","contentUrl":"https:\/\/nauti-parts.com\/wp-content\/uploads\/2025\/10\/duna-purple-1.jpg","width":1500,"height":1500},{"@type":"BreadcrumbList","@id":"https:\/\/nauti-parts.com\/de\/shop\/bretter-skier\/sup\/duna-11-6-abenteuer-sup-paket\/#breadcrumb","itemListElement":[{"@type":"ListItem","position":1,"name":"Shop","item":"https:\/\/nauti-parts.com\/de\/shop\/"},{"@type":"ListItem","position":2,"name":"Duna 11.6 Abenteuer SUP Paket"}]},{"@type":"WebSite","@id":"https:\/\/nauti-parts.com\/de\/#website","url":"https:\/\/nauti-parts.com\/de\/","name":"Nauti Parts","description":"Sea-Doo Jet Ski - Seabob Dealer and Rentals | Water Toys Mallorca","publisher":{"@id":"https:\/\/nauti-parts.com\/de\/#organization"},"potentialAction":[{"@type":"SearchAction","target":{"@type":"EntryPoint","urlTemplate":"https:\/\/nauti-parts.com\/de\/?s={search_term_string}"},"query-input":{"@type":"PropertyValueSpecification","valueRequired":true,"valueName":"search_term_string"}}],"inLanguage":"de"},{"@type":"Organization","@id":"https:\/\/nauti-parts.com\/de\/#organization","name":"Nauti Teile","url":"https:\/\/nauti-parts.com\/de\/","logo":{"@type":"ImageObject","inLanguage":"de","@id":"https:\/\/nauti-parts.com\/de\/#\/schema\/logo\/image\/","url":"https:\/\/nauti-parts.com\/wp-content\/uploads\/2023\/10\/np-logo-black.png","contentUrl":"https:\/\/nauti-parts.com\/wp-content\/uploads\/2023\/10\/np-logo-black.png","width":253,"height":100,"caption":"Nauti Teile"},"image":{"@id":"https:\/\/nauti-parts.com\/de\/#\/schema\/logo\/image\/"},"sameAs":["https:\/\/www.facebook.com\/nautipartsspain\/","https:\/\/www.instagram.com\/nautiparts\/"]}]}},"_links":{"self":[{"href":"https:\/\/nauti-parts.com\/de\/wp-json\/wp\/v2\/product\/25180","targetHints":{"allow":["GET"]}}],"collection":[{"href":"https:\/\/nauti-parts.com\/de\/wp-json\/wp\/v2\/product"}],"about":[{"href":"https:\/\/nauti-parts.com\/de\/wp-json\/wp\/v2\/types\/product"}],"replies":[{"embeddable":true,"href":"https:\/\/nauti-parts.com\/de\/wp-json\/wp\/v2\/comments?post=25180"}],"wp:featuredmedia":[{"embeddable":true,"href":"https:\/\/nauti-parts.com\/de\/wp-json\/wp\/v2\/media\/20040"}],"wp:attachment":[{"href":"https:\/\/nauti-parts.com\/de\/wp-json\/wp\/v2\/media?parent=25180"}],"wp:term":[{"taxonomy":"product_brand","embeddable":true,"href":"https:\/\/nauti-parts.com\/de\/wp-json\/wp\/v2\/product_brand?post=25180"},{"taxonomy":"product_cat","embeddable":true,"href":"https:\/\/nauti-parts.com\/de\/wp-json\/wp\/v2\/product_cat?post=25180"},{"taxonomy":"product_tag","embeddable":true,"href":"https:\/\/nauti-parts.com\/de\/wp-json\/wp\/v2\/product_tag?post=25180"}],"curies":[{"name":"wp","href":"https:\/\/api.w.org\/{rel}","templated":true}]}}