{"id":25075,"date":"2018-03-30T08:59:03","date_gmt":"2018-03-30T08:59:03","guid":{"rendered":"https:\/\/nauti-parts.com\/shop\/unkategorisiert\/spinera-fluegel-2\/"},"modified":"2018-03-30T08:59:03","modified_gmt":"2018-03-30T08:59:03","slug":"spinera-fluegel-2","status":"publish","type":"product","link":"https:\/\/nauti-parts.com\/de\/shop\/wasserspielzeug\/abschleppwagen\/spinera\/spinera-fluegel-2\/","title":{"rendered":"Spinera Fl\u00fcgel 2"},"content":{"rendered":"<p>Dieser abschleppbare Schlauch hat eine sehr einzigartige Form mit optimierter Seitenfl\u00fcgelkonstruktion. Beide Seiten des Schlauchs sind leicht angehoben, was Fl\u00fcgel imitiert, den Luftwiderstand reduziert und das Wasser und den Wind von Ihrem Gesicht fernh\u00e4lt. <\/p>\n<ul>\n<li>Gr\u00f6\u00dfe: 73 &#8220;x60,5 &#8220;x23&#8243;\/185x154x58cm (inklusive Fl\u00fcgel aufgeblasen)<\/li>\n<li>28 Spurweite<\/li>\n<li>PVC Dicke: 0,7mm<\/li>\n<li>Polyester Dicke des Bezugs: 840D<\/li>\n<li>Vollst\u00e4ndig gepolsterte Komfort-Griffe mit EVA-Kn\u00f6chelsch\u00fctzern: 4 <\/li>\n<li>Boston Ventil f\u00fcr schnelles Aufblasen und Entleeren<\/li>\n<li>Schnellverschluss-Haken<\/li>\n<li>1 Jahr Garantie<\/li>\n<li>Spezial: optimierte Seitenfl\u00fcgelkonstruktion f\u00fcr maximalen Spa\u00df<\/li>\n<\/ul>\n","protected":false},"excerpt":{"rendered":"<p>Der Wing 2 ist einer der erschwinglichsten und hochwertigsten aufblasbaren Schlauchboote der neuen Schlauchbootmarke Spinera.<\/p>\n","protected":false},"featured_media":17063,"comment_status":"open","ping_status":"closed","template":"","meta":{"_acf_changed":false},"product_brand":[],"product_cat":[206,216,205],"product_tag":[],"class_list":{"0":"post-25075","1":"product","2":"type-product","3":"status-publish","4":"has-post-thumbnail","6":"product_cat-abschleppwagen","7":"product_cat-spinera","8":"product_cat-wasserspielzeug","9":"repupress_customize_woocommerce_productom_class","11":"first","12":"instock","13":"taxable","14":"shipping-taxable","15":"purchasable","16":"product-type-simple"},"acf":[],"yoast_head":"<!-- This site is optimized with the Yoast SEO plugin v27.5 - https:\/\/yoast.com\/product\/yoast-seo-wordpress\/ -->\n<title>Spinera Fl\u00fcgel 2 | Nauti Parts<\/title>\n<meta name=\"robots\" content=\"index, follow, max-snippet:-1, max-image-preview:large, max-video-preview:-1\" \/>\n<link rel=\"canonical\" href=\"https:\/\/nauti-parts.com\/de\/shop\/wasserspielzeug\/abschleppwagen\/spinera\/spinera-fluegel-2\/\" \/>\n<meta property=\"og:locale\" content=\"de_DE\" \/>\n<meta property=\"og:type\" content=\"article\" \/>\n<meta property=\"og:title\" content=\"Spinera Fl\u00fcgel 2 | Nauti Parts\" \/>\n<meta property=\"og:description\" content=\"Der Wing 2 ist einer der erschwinglichsten und hochwertigsten aufblasbaren Schlauchboote der neuen Schlauchbootmarke Spinera.\" \/>\n<meta property=\"og:url\" content=\"https:\/\/nauti-parts.com\/de\/shop\/wasserspielzeug\/abschleppwagen\/spinera\/spinera-fluegel-2\/\" \/>\n<meta property=\"og:site_name\" content=\"Nauti Parts\" \/>\n<meta property=\"article:publisher\" content=\"https:\/\/www.facebook.com\/nautipartsspain\/\" \/>\n<meta property=\"og:image\" content=\"https:\/\/nauti-parts.com\/wp-content\/uploads\/2018\/03\/w20243-spinera-wassersport-wing2-tube_1.webp\" \/>\n\t<meta property=\"og:image:width\" content=\"700\" \/>\n\t<meta property=\"og:image:height\" content=\"700\" \/>\n\t<meta property=\"og:image:type\" content=\"image\/webp\" \/>\n<meta name=\"twitter:card\" content=\"summary_large_image\" \/>\n<script type=\"application\/ld+json\" class=\"yoast-schema-graph\">{\"@context\":\"https:\\\/\\\/schema.org\",\"@graph\":[{\"@type\":\"WebPage\",\"@id\":\"https:\\\/\\\/nauti-parts.com\\\/de\\\/shop\\\/wasserspielzeug\\\/abschleppwagen\\\/spinera\\\/spinera-fluegel-2\\\/\",\"url\":\"https:\\\/\\\/nauti-parts.com\\\/de\\\/shop\\\/wasserspielzeug\\\/abschleppwagen\\\/spinera\\\/spinera-fluegel-2\\\/\",\"name\":\"Spinera Fl\u00fcgel 2 | Nauti Parts\",\"isPartOf\":{\"@id\":\"https:\\\/\\\/nauti-parts.com\\\/de\\\/#website\"},\"primaryImageOfPage\":{\"@id\":\"https:\\\/\\\/nauti-parts.com\\\/de\\\/shop\\\/wasserspielzeug\\\/abschleppwagen\\\/spinera\\\/spinera-fluegel-2\\\/#primaryimage\"},\"image\":{\"@id\":\"https:\\\/\\\/nauti-parts.com\\\/de\\\/shop\\\/wasserspielzeug\\\/abschleppwagen\\\/spinera\\\/spinera-fluegel-2\\\/#primaryimage\"},\"thumbnailUrl\":\"https:\\\/\\\/nauti-parts.com\\\/wp-content\\\/uploads\\\/2018\\\/03\\\/w20243-spinera-wassersport-wing2-tube_1.webp\",\"datePublished\":\"2018-03-30T08:59:03+00:00\",\"breadcrumb\":{\"@id\":\"https:\\\/\\\/nauti-parts.com\\\/de\\\/shop\\\/wasserspielzeug\\\/abschleppwagen\\\/spinera\\\/spinera-fluegel-2\\\/#breadcrumb\"},\"inLanguage\":\"de\",\"potentialAction\":[{\"@type\":\"ReadAction\",\"target\":[\"https:\\\/\\\/nauti-parts.com\\\/de\\\/shop\\\/wasserspielzeug\\\/abschleppwagen\\\/spinera\\\/spinera-fluegel-2\\\/\"]}]},{\"@type\":\"ImageObject\",\"inLanguage\":\"de\",\"@id\":\"https:\\\/\\\/nauti-parts.com\\\/de\\\/shop\\\/wasserspielzeug\\\/abschleppwagen\\\/spinera\\\/spinera-fluegel-2\\\/#primaryimage\",\"url\":\"https:\\\/\\\/nauti-parts.com\\\/wp-content\\\/uploads\\\/2018\\\/03\\\/w20243-spinera-wassersport-wing2-tube_1.webp\",\"contentUrl\":\"https:\\\/\\\/nauti-parts.com\\\/wp-content\\\/uploads\\\/2018\\\/03\\\/w20243-spinera-wassersport-wing2-tube_1.webp\",\"width\":700,\"height\":700},{\"@type\":\"BreadcrumbList\",\"@id\":\"https:\\\/\\\/nauti-parts.com\\\/de\\\/shop\\\/wasserspielzeug\\\/abschleppwagen\\\/spinera\\\/spinera-fluegel-2\\\/#breadcrumb\",\"itemListElement\":[{\"@type\":\"ListItem\",\"position\":1,\"name\":\"Shop\",\"item\":\"https:\\\/\\\/nauti-parts.com\\\/de\\\/shop\\\/\"},{\"@type\":\"ListItem\",\"position\":2,\"name\":\"Spinera Fl\u00fcgel 2\"}]},{\"@type\":\"WebSite\",\"@id\":\"https:\\\/\\\/nauti-parts.com\\\/de\\\/#website\",\"url\":\"https:\\\/\\\/nauti-parts.com\\\/de\\\/\",\"name\":\"Nauti Parts\",\"description\":\"Sea-Doo Jet Ski - Seabob Dealer and Rentals | Water Toys Mallorca\",\"publisher\":{\"@id\":\"https:\\\/\\\/nauti-parts.com\\\/de\\\/#organization\"},\"potentialAction\":[{\"@type\":\"SearchAction\",\"target\":{\"@type\":\"EntryPoint\",\"urlTemplate\":\"https:\\\/\\\/nauti-parts.com\\\/de\\\/?s={search_term_string}\"},\"query-input\":{\"@type\":\"PropertyValueSpecification\",\"valueRequired\":true,\"valueName\":\"search_term_string\"}}],\"inLanguage\":\"de\"},{\"@type\":\"Organization\",\"@id\":\"https:\\\/\\\/nauti-parts.com\\\/de\\\/#organization\",\"name\":\"Nauti Teile\",\"url\":\"https:\\\/\\\/nauti-parts.com\\\/de\\\/\",\"logo\":{\"@type\":\"ImageObject\",\"inLanguage\":\"de\",\"@id\":\"https:\\\/\\\/nauti-parts.com\\\/de\\\/#\\\/schema\\\/logo\\\/image\\\/\",\"url\":\"https:\\\/\\\/nauti-parts.com\\\/wp-content\\\/uploads\\\/2023\\\/10\\\/np-logo-black.png\",\"contentUrl\":\"https:\\\/\\\/nauti-parts.com\\\/wp-content\\\/uploads\\\/2023\\\/10\\\/np-logo-black.png\",\"width\":253,\"height\":100,\"caption\":\"Nauti Teile\"},\"image\":{\"@id\":\"https:\\\/\\\/nauti-parts.com\\\/de\\\/#\\\/schema\\\/logo\\\/image\\\/\"},\"sameAs\":[\"https:\\\/\\\/www.facebook.com\\\/nautipartsspain\\\/\",\"https:\\\/\\\/www.instagram.com\\\/nautiparts\\\/\"]}]}<\/script>\n<!-- \/ Yoast SEO plugin. -->","yoast_head_json":{"title":"Spinera Fl\u00fcgel 2 | Nauti Parts","robots":{"index":"index","follow":"follow","max-snippet":"max-snippet:-1","max-image-preview":"max-image-preview:large","max-video-preview":"max-video-preview:-1"},"canonical":"https:\/\/nauti-parts.com\/de\/shop\/wasserspielzeug\/abschleppwagen\/spinera\/spinera-fluegel-2\/","og_locale":"de_DE","og_type":"article","og_title":"Spinera Fl\u00fcgel 2 | Nauti Parts","og_description":"Der Wing 2 ist einer der erschwinglichsten und hochwertigsten aufblasbaren Schlauchboote der neuen Schlauchbootmarke Spinera.","og_url":"https:\/\/nauti-parts.com\/de\/shop\/wasserspielzeug\/abschleppwagen\/spinera\/spinera-fluegel-2\/","og_site_name":"Nauti Parts","article_publisher":"https:\/\/www.facebook.com\/nautipartsspain\/","og_image":[{"width":700,"height":700,"url":"https:\/\/nauti-parts.com\/wp-content\/uploads\/2018\/03\/w20243-spinera-wassersport-wing2-tube_1.webp","type":"image\/webp"}],"twitter_card":"summary_large_image","schema":{"@context":"https:\/\/schema.org","@graph":[{"@type":"WebPage","@id":"https:\/\/nauti-parts.com\/de\/shop\/wasserspielzeug\/abschleppwagen\/spinera\/spinera-fluegel-2\/","url":"https:\/\/nauti-parts.com\/de\/shop\/wasserspielzeug\/abschleppwagen\/spinera\/spinera-fluegel-2\/","name":"Spinera Fl\u00fcgel 2 | Nauti Parts","isPartOf":{"@id":"https:\/\/nauti-parts.com\/de\/#website"},"primaryImageOfPage":{"@id":"https:\/\/nauti-parts.com\/de\/shop\/wasserspielzeug\/abschleppwagen\/spinera\/spinera-fluegel-2\/#primaryimage"},"image":{"@id":"https:\/\/nauti-parts.com\/de\/shop\/wasserspielzeug\/abschleppwagen\/spinera\/spinera-fluegel-2\/#primaryimage"},"thumbnailUrl":"https:\/\/nauti-parts.com\/wp-content\/uploads\/2018\/03\/w20243-spinera-wassersport-wing2-tube_1.webp","datePublished":"2018-03-30T08:59:03+00:00","breadcrumb":{"@id":"https:\/\/nauti-parts.com\/de\/shop\/wasserspielzeug\/abschleppwagen\/spinera\/spinera-fluegel-2\/#breadcrumb"},"inLanguage":"de","potentialAction":[{"@type":"ReadAction","target":["https:\/\/nauti-parts.com\/de\/shop\/wasserspielzeug\/abschleppwagen\/spinera\/spinera-fluegel-2\/"]}]},{"@type":"ImageObject","inLanguage":"de","@id":"https:\/\/nauti-parts.com\/de\/shop\/wasserspielzeug\/abschleppwagen\/spinera\/spinera-fluegel-2\/#primaryimage","url":"https:\/\/nauti-parts.com\/wp-content\/uploads\/2018\/03\/w20243-spinera-wassersport-wing2-tube_1.webp","contentUrl":"https:\/\/nauti-parts.com\/wp-content\/uploads\/2018\/03\/w20243-spinera-wassersport-wing2-tube_1.webp","width":700,"height":700},{"@type":"BreadcrumbList","@id":"https:\/\/nauti-parts.com\/de\/shop\/wasserspielzeug\/abschleppwagen\/spinera\/spinera-fluegel-2\/#breadcrumb","itemListElement":[{"@type":"ListItem","position":1,"name":"Shop","item":"https:\/\/nauti-parts.com\/de\/shop\/"},{"@type":"ListItem","position":2,"name":"Spinera Fl\u00fcgel 2"}]},{"@type":"WebSite","@id":"https:\/\/nauti-parts.com\/de\/#website","url":"https:\/\/nauti-parts.com\/de\/","name":"Nauti Parts","description":"Sea-Doo Jet Ski - Seabob Dealer and Rentals | Water Toys Mallorca","publisher":{"@id":"https:\/\/nauti-parts.com\/de\/#organization"},"potentialAction":[{"@type":"SearchAction","target":{"@type":"EntryPoint","urlTemplate":"https:\/\/nauti-parts.com\/de\/?s={search_term_string}"},"query-input":{"@type":"PropertyValueSpecification","valueRequired":true,"valueName":"search_term_string"}}],"inLanguage":"de"},{"@type":"Organization","@id":"https:\/\/nauti-parts.com\/de\/#organization","name":"Nauti Teile","url":"https:\/\/nauti-parts.com\/de\/","logo":{"@type":"ImageObject","inLanguage":"de","@id":"https:\/\/nauti-parts.com\/de\/#\/schema\/logo\/image\/","url":"https:\/\/nauti-parts.com\/wp-content\/uploads\/2023\/10\/np-logo-black.png","contentUrl":"https:\/\/nauti-parts.com\/wp-content\/uploads\/2023\/10\/np-logo-black.png","width":253,"height":100,"caption":"Nauti Teile"},"image":{"@id":"https:\/\/nauti-parts.com\/de\/#\/schema\/logo\/image\/"},"sameAs":["https:\/\/www.facebook.com\/nautipartsspain\/","https:\/\/www.instagram.com\/nautiparts\/"]}]}},"_links":{"self":[{"href":"https:\/\/nauti-parts.com\/de\/wp-json\/wp\/v2\/product\/25075","targetHints":{"allow":["GET"]}}],"collection":[{"href":"https:\/\/nauti-parts.com\/de\/wp-json\/wp\/v2\/product"}],"about":[{"href":"https:\/\/nauti-parts.com\/de\/wp-json\/wp\/v2\/types\/product"}],"replies":[{"embeddable":true,"href":"https:\/\/nauti-parts.com\/de\/wp-json\/wp\/v2\/comments?post=25075"}],"wp:featuredmedia":[{"embeddable":true,"href":"https:\/\/nauti-parts.com\/de\/wp-json\/wp\/v2\/media\/17063"}],"wp:attachment":[{"href":"https:\/\/nauti-parts.com\/de\/wp-json\/wp\/v2\/media?parent=25075"}],"wp:term":[{"taxonomy":"product_brand","embeddable":true,"href":"https:\/\/nauti-parts.com\/de\/wp-json\/wp\/v2\/product_brand?post=25075"},{"taxonomy":"product_cat","embeddable":true,"href":"https:\/\/nauti-parts.com\/de\/wp-json\/wp\/v2\/product_cat?post=25075"},{"taxonomy":"product_tag","embeddable":true,"href":"https:\/\/nauti-parts.com\/de\/wp-json\/wp\/v2\/product_tag?post=25075"}],"curies":[{"name":"wp","href":"https:\/\/api.w.org\/{rel}","templated":true}]}}