{"id":25063,"date":"2018-10-10T10:30:22","date_gmt":"2018-10-10T10:30:22","guid":{"rendered":"https:\/\/nauti-parts.com\/shop\/unkategorisiert\/weisser-hai-seescooter\/"},"modified":"2018-10-10T10:30:22","modified_gmt":"2018-10-10T10:30:22","slug":"weisser-hai-seescooter","status":"publish","type":"product","link":"https:\/\/nauti-parts.com\/de\/shop\/wasserspielzeug\/seascooter\/sublue\/weisser-hai-seescooter\/","title":{"rendered":"Wei\u00dfer Hai Seescooter"},"content":{"rendered":"<p>Der White Shark Mix ist mit einem integrierten Geh\u00e4use ausgestattet, das minimalistisch und ausgewogen ist und eine gleichm\u00e4\u00dfige und kontrollierte Nutzung des Scooters gew\u00e4hrleistet. Er ist f\u00fcr eine maximale Tiefe von 40 m ausgelegt und der Akku erm\u00f6glicht eine Spielzeit von etwa 30 Minuten. <\/p>\n<p>F\u00fcr die Sicherheit sorgen Propellerschutzabdeckungen und zwei Magnetschalter an beiden Griffen, die das Anhalten und Starten erm\u00f6glichen. Mit dem mitgelieferten Auftriebsk\u00f6rper hat der White Shark Mix &#8216;null Auftrieb&#8217;, um zu verhindern, dass er von Ihnen weggesunken wird. <\/p>\n<p>Dieses ergonomische, tragbare Ger\u00e4t hat sogar eine GoPro-Halterung an der Unterseite, mit der Sie Ihr Unterwasserabenteuer dokumentieren k\u00f6nnen.<\/p>\n<p>&lt;strong&gt;Schneller Spa\u00df &#8230; im Pool, am Strand &#8230; vom Heck des Bootes &#8230; sogar im Urlaub!&lt;\/strong&gt;<\/p>\n<h4>FEATURES<\/h4>\n<div>\n<ul>\n<li>Leichtes Gewicht von nur 2,85 kg<\/li>\n<li>Maximale Tiefe von 40m<\/li>\n<li>Akkulaufzeit von 30 Minuten (normale Nutzung)<\/li>\n<li>V\u00f6llig wasserdicht, sogar die Batterie und das Ger\u00e4t mit ge\u00f6ffnetem Batteriefach k\u00f6nnen versehentlich untergetaucht werden, ohne dass ein Fehler auftritt, was eine versehentliche \u00dcberschwemmung unm\u00f6glich macht<\/li>\n<li>Aufgrund der Gr\u00f6\u00dfe des Akkus kann das Ger\u00e4t ohne Einschr\u00e4nkungen in ein Flugzeug mitgenommen werden<\/li>\n<li>Go-pro Halterung<\/li>\n<li>Geschwindigkeit von 3,35mph (1,5 m\/s)<\/li>\n<\/ul>\n<h4>GER\u00c4TESPEZIFIKATION<\/h4>\n<div>\n<ul>\n<li>Gewicht = 2.85kg (inkl. Batterie)<\/li>\n<li>Leistung = 520W<\/li>\n<li>Geschwindigkeit = 3,35mph (1,5 m\/s)<\/li>\n<li>Arbeitstiefe = 40m<\/li>\n<li>Batteriedauer = 30 min (normale Nutzung)<\/li>\n<\/ul>\n<\/div>\n<\/div>\n","protected":false},"excerpt":{"rendered":"<h3>Der White Shark Mix ist der kleinste Seescooter der Welt!<\/h3>\n<p>Er verf\u00fcgt \u00fcber ein Antriebssystem, das aus zwei unabh\u00e4ngig voneinander entwickelten und gleichm\u00e4\u00dfig best\u00fcckten Propellern auf beiden Seiten besteht und Geschwindigkeiten von \u00fcber 5 km\/h erm\u00f6glicht.<\/p>\n","protected":false},"featured_media":2886,"comment_status":"open","ping_status":"closed","template":"","meta":{"_acf_changed":false},"product_brand":[],"product_cat":[245,246,205],"product_tag":[],"class_list":{"0":"post-25063","1":"product","2":"type-product","3":"status-publish","4":"has-post-thumbnail","6":"product_cat-seascooter","7":"product_cat-sublue","8":"product_cat-wasserspielzeug","9":"repupress_customize_woocommerce_productom_class","11":"first","12":"instock","13":"taxable","14":"shipping-taxable","15":"purchasable","16":"product-type-simple"},"acf":[],"yoast_head":"<!-- This site is optimized with the Yoast SEO plugin v27.2 - https:\/\/yoast.com\/product\/yoast-seo-wordpress\/ -->\n<title>Wei\u00dfer Hai Seescooter | Nauti Parts<\/title>\n<meta name=\"robots\" content=\"index, follow, max-snippet:-1, max-image-preview:large, max-video-preview:-1\" \/>\n<link rel=\"canonical\" href=\"https:\/\/nauti-parts.com\/de\/shop\/wasserspielzeug\/seascooter\/sublue\/weisser-hai-seescooter\/\" \/>\n<meta property=\"og:locale\" content=\"de_DE\" \/>\n<meta property=\"og:type\" content=\"article\" \/>\n<meta property=\"og:title\" content=\"Wei\u00dfer Hai Seescooter | Nauti Parts\" \/>\n<meta property=\"og:description\" content=\"Der White Shark Mix ist der kleinste Seescooter der Welt! Er verf\u00fcgt \u00fcber ein Antriebssystem, das aus zwei unabh\u00e4ngig voneinander entwickelten und gleichm\u00e4\u00dfig best\u00fcckten Propellern auf beiden Seiten besteht und Geschwindigkeiten von \u00fcber 5 km\/h erm\u00f6glicht.\" \/>\n<meta property=\"og:url\" content=\"https:\/\/nauti-parts.com\/de\/shop\/wasserspielzeug\/seascooter\/sublue\/weisser-hai-seescooter\/\" \/>\n<meta property=\"og:site_name\" content=\"Nauti Parts\" \/>\n<meta property=\"article:publisher\" content=\"https:\/\/www.facebook.com\/nautipartsspain\/\" \/>\n<meta property=\"og:image\" content=\"https:\/\/nauti-parts.com\/wp-content\/uploads\/2018\/10\/sublue-whiteshark-mix-underwater-scooter.jpg\" \/>\n\t<meta property=\"og:image:width\" content=\"600\" \/>\n\t<meta property=\"og:image:height\" content=\"600\" \/>\n\t<meta property=\"og:image:type\" content=\"image\/jpeg\" \/>\n<meta name=\"twitter:card\" content=\"summary_large_image\" \/>\n<meta name=\"twitter:label1\" content=\"Gesch\u00e4tzte Lesezeit\" \/>\n\t<meta name=\"twitter:data1\" content=\"1\u00a0Minute\" \/>\n<script type=\"application\/ld+json\" class=\"yoast-schema-graph\">{\"@context\":\"https:\/\/schema.org\",\"@graph\":[{\"@type\":\"WebPage\",\"@id\":\"https:\/\/nauti-parts.com\/de\/shop\/wasserspielzeug\/seascooter\/sublue\/weisser-hai-seescooter\/\",\"url\":\"https:\/\/nauti-parts.com\/de\/shop\/wasserspielzeug\/seascooter\/sublue\/weisser-hai-seescooter\/\",\"name\":\"Wei\u00dfer Hai Seescooter | Nauti Parts\",\"isPartOf\":{\"@id\":\"https:\/\/nauti-parts.com\/de\/#website\"},\"primaryImageOfPage\":{\"@id\":\"https:\/\/nauti-parts.com\/de\/shop\/wasserspielzeug\/seascooter\/sublue\/weisser-hai-seescooter\/#primaryimage\"},\"image\":{\"@id\":\"https:\/\/nauti-parts.com\/de\/shop\/wasserspielzeug\/seascooter\/sublue\/weisser-hai-seescooter\/#primaryimage\"},\"thumbnailUrl\":\"https:\/\/nauti-parts.com\/wp-content\/uploads\/2018\/10\/sublue-whiteshark-mix-underwater-scooter.jpg\",\"datePublished\":\"2018-10-10T10:30:22+00:00\",\"breadcrumb\":{\"@id\":\"https:\/\/nauti-parts.com\/de\/shop\/wasserspielzeug\/seascooter\/sublue\/weisser-hai-seescooter\/#breadcrumb\"},\"inLanguage\":\"de\",\"potentialAction\":[{\"@type\":\"ReadAction\",\"target\":[\"https:\/\/nauti-parts.com\/de\/shop\/wasserspielzeug\/seascooter\/sublue\/weisser-hai-seescooter\/\"]}]},{\"@type\":\"ImageObject\",\"inLanguage\":\"de\",\"@id\":\"https:\/\/nauti-parts.com\/de\/shop\/wasserspielzeug\/seascooter\/sublue\/weisser-hai-seescooter\/#primaryimage\",\"url\":\"https:\/\/nauti-parts.com\/wp-content\/uploads\/2018\/10\/sublue-whiteshark-mix-underwater-scooter.jpg\",\"contentUrl\":\"https:\/\/nauti-parts.com\/wp-content\/uploads\/2018\/10\/sublue-whiteshark-mix-underwater-scooter.jpg\",\"width\":600,\"height\":600,\"caption\":\"Subblue White Shark Sea Scooter\"},{\"@type\":\"BreadcrumbList\",\"@id\":\"https:\/\/nauti-parts.com\/de\/shop\/wasserspielzeug\/seascooter\/sublue\/weisser-hai-seescooter\/#breadcrumb\",\"itemListElement\":[{\"@type\":\"ListItem\",\"position\":1,\"name\":\"Shop\",\"item\":\"https:\/\/nauti-parts.com\/de\/shop\/\"},{\"@type\":\"ListItem\",\"position\":2,\"name\":\"Wei\u00dfer Hai Seescooter\"}]},{\"@type\":\"WebSite\",\"@id\":\"https:\/\/nauti-parts.com\/de\/#website\",\"url\":\"https:\/\/nauti-parts.com\/de\/\",\"name\":\"Nauti Parts\",\"description\":\"Sea-Doo Jet Ski - Seabob Dealer and Rentals | Water Toys Mallorca\",\"publisher\":{\"@id\":\"https:\/\/nauti-parts.com\/de\/#organization\"},\"potentialAction\":[{\"@type\":\"SearchAction\",\"target\":{\"@type\":\"EntryPoint\",\"urlTemplate\":\"https:\/\/nauti-parts.com\/de\/?s={search_term_string}\"},\"query-input\":{\"@type\":\"PropertyValueSpecification\",\"valueRequired\":true,\"valueName\":\"search_term_string\"}}],\"inLanguage\":\"de\"},{\"@type\":\"Organization\",\"@id\":\"https:\/\/nauti-parts.com\/de\/#organization\",\"name\":\"Nauti Teile\",\"url\":\"https:\/\/nauti-parts.com\/de\/\",\"logo\":{\"@type\":\"ImageObject\",\"inLanguage\":\"de\",\"@id\":\"https:\/\/nauti-parts.com\/de\/#\/schema\/logo\/image\/\",\"url\":\"https:\/\/nauti-parts.com\/wp-content\/uploads\/2023\/10\/np-logo-black.png\",\"contentUrl\":\"https:\/\/nauti-parts.com\/wp-content\/uploads\/2023\/10\/np-logo-black.png\",\"width\":253,\"height\":100,\"caption\":\"Nauti Teile\"},\"image\":{\"@id\":\"https:\/\/nauti-parts.com\/de\/#\/schema\/logo\/image\/\"},\"sameAs\":[\"https:\/\/www.facebook.com\/nautipartsspain\/\",\"https:\/\/www.instagram.com\/nautiparts\/\"]}]}<\/script>\n<!-- \/ Yoast SEO plugin. -->","yoast_head_json":{"title":"Wei\u00dfer Hai Seescooter | Nauti Parts","robots":{"index":"index","follow":"follow","max-snippet":"max-snippet:-1","max-image-preview":"max-image-preview:large","max-video-preview":"max-video-preview:-1"},"canonical":"https:\/\/nauti-parts.com\/de\/shop\/wasserspielzeug\/seascooter\/sublue\/weisser-hai-seescooter\/","og_locale":"de_DE","og_type":"article","og_title":"Wei\u00dfer Hai Seescooter | Nauti Parts","og_description":"Der White Shark Mix ist der kleinste Seescooter der Welt! Er verf\u00fcgt \u00fcber ein Antriebssystem, das aus zwei unabh\u00e4ngig voneinander entwickelten und gleichm\u00e4\u00dfig best\u00fcckten Propellern auf beiden Seiten besteht und Geschwindigkeiten von \u00fcber 5 km\/h erm\u00f6glicht.","og_url":"https:\/\/nauti-parts.com\/de\/shop\/wasserspielzeug\/seascooter\/sublue\/weisser-hai-seescooter\/","og_site_name":"Nauti Parts","article_publisher":"https:\/\/www.facebook.com\/nautipartsspain\/","og_image":[{"width":600,"height":600,"url":"https:\/\/nauti-parts.com\/wp-content\/uploads\/2018\/10\/sublue-whiteshark-mix-underwater-scooter.jpg","type":"image\/jpeg"}],"twitter_card":"summary_large_image","twitter_misc":{"Gesch\u00e4tzte Lesezeit":"1\u00a0Minute"},"schema":{"@context":"https:\/\/schema.org","@graph":[{"@type":"WebPage","@id":"https:\/\/nauti-parts.com\/de\/shop\/wasserspielzeug\/seascooter\/sublue\/weisser-hai-seescooter\/","url":"https:\/\/nauti-parts.com\/de\/shop\/wasserspielzeug\/seascooter\/sublue\/weisser-hai-seescooter\/","name":"Wei\u00dfer Hai Seescooter | Nauti Parts","isPartOf":{"@id":"https:\/\/nauti-parts.com\/de\/#website"},"primaryImageOfPage":{"@id":"https:\/\/nauti-parts.com\/de\/shop\/wasserspielzeug\/seascooter\/sublue\/weisser-hai-seescooter\/#primaryimage"},"image":{"@id":"https:\/\/nauti-parts.com\/de\/shop\/wasserspielzeug\/seascooter\/sublue\/weisser-hai-seescooter\/#primaryimage"},"thumbnailUrl":"https:\/\/nauti-parts.com\/wp-content\/uploads\/2018\/10\/sublue-whiteshark-mix-underwater-scooter.jpg","datePublished":"2018-10-10T10:30:22+00:00","breadcrumb":{"@id":"https:\/\/nauti-parts.com\/de\/shop\/wasserspielzeug\/seascooter\/sublue\/weisser-hai-seescooter\/#breadcrumb"},"inLanguage":"de","potentialAction":[{"@type":"ReadAction","target":["https:\/\/nauti-parts.com\/de\/shop\/wasserspielzeug\/seascooter\/sublue\/weisser-hai-seescooter\/"]}]},{"@type":"ImageObject","inLanguage":"de","@id":"https:\/\/nauti-parts.com\/de\/shop\/wasserspielzeug\/seascooter\/sublue\/weisser-hai-seescooter\/#primaryimage","url":"https:\/\/nauti-parts.com\/wp-content\/uploads\/2018\/10\/sublue-whiteshark-mix-underwater-scooter.jpg","contentUrl":"https:\/\/nauti-parts.com\/wp-content\/uploads\/2018\/10\/sublue-whiteshark-mix-underwater-scooter.jpg","width":600,"height":600,"caption":"Subblue White Shark Sea Scooter"},{"@type":"BreadcrumbList","@id":"https:\/\/nauti-parts.com\/de\/shop\/wasserspielzeug\/seascooter\/sublue\/weisser-hai-seescooter\/#breadcrumb","itemListElement":[{"@type":"ListItem","position":1,"name":"Shop","item":"https:\/\/nauti-parts.com\/de\/shop\/"},{"@type":"ListItem","position":2,"name":"Wei\u00dfer Hai Seescooter"}]},{"@type":"WebSite","@id":"https:\/\/nauti-parts.com\/de\/#website","url":"https:\/\/nauti-parts.com\/de\/","name":"Nauti Parts","description":"Sea-Doo Jet Ski - Seabob Dealer and Rentals | Water Toys Mallorca","publisher":{"@id":"https:\/\/nauti-parts.com\/de\/#organization"},"potentialAction":[{"@type":"SearchAction","target":{"@type":"EntryPoint","urlTemplate":"https:\/\/nauti-parts.com\/de\/?s={search_term_string}"},"query-input":{"@type":"PropertyValueSpecification","valueRequired":true,"valueName":"search_term_string"}}],"inLanguage":"de"},{"@type":"Organization","@id":"https:\/\/nauti-parts.com\/de\/#organization","name":"Nauti Teile","url":"https:\/\/nauti-parts.com\/de\/","logo":{"@type":"ImageObject","inLanguage":"de","@id":"https:\/\/nauti-parts.com\/de\/#\/schema\/logo\/image\/","url":"https:\/\/nauti-parts.com\/wp-content\/uploads\/2023\/10\/np-logo-black.png","contentUrl":"https:\/\/nauti-parts.com\/wp-content\/uploads\/2023\/10\/np-logo-black.png","width":253,"height":100,"caption":"Nauti Teile"},"image":{"@id":"https:\/\/nauti-parts.com\/de\/#\/schema\/logo\/image\/"},"sameAs":["https:\/\/www.facebook.com\/nautipartsspain\/","https:\/\/www.instagram.com\/nautiparts\/"]}]}},"_links":{"self":[{"href":"https:\/\/nauti-parts.com\/de\/wp-json\/wp\/v2\/product\/25063","targetHints":{"allow":["GET"]}}],"collection":[{"href":"https:\/\/nauti-parts.com\/de\/wp-json\/wp\/v2\/product"}],"about":[{"href":"https:\/\/nauti-parts.com\/de\/wp-json\/wp\/v2\/types\/product"}],"replies":[{"embeddable":true,"href":"https:\/\/nauti-parts.com\/de\/wp-json\/wp\/v2\/comments?post=25063"}],"wp:featuredmedia":[{"embeddable":true,"href":"https:\/\/nauti-parts.com\/de\/wp-json\/wp\/v2\/media\/2886"}],"wp:attachment":[{"href":"https:\/\/nauti-parts.com\/de\/wp-json\/wp\/v2\/media?parent=25063"}],"wp:term":[{"taxonomy":"product_brand","embeddable":true,"href":"https:\/\/nauti-parts.com\/de\/wp-json\/wp\/v2\/product_brand?post=25063"},{"taxonomy":"product_cat","embeddable":true,"href":"https:\/\/nauti-parts.com\/de\/wp-json\/wp\/v2\/product_cat?post=25063"},{"taxonomy":"product_tag","embeddable":true,"href":"https:\/\/nauti-parts.com\/de\/wp-json\/wp\/v2\/product_tag?post=25063"}],"curies":[{"name":"wp","href":"https:\/\/api.w.org\/{rel}","templated":true}]}}