{"id":25042,"date":"2020-12-04T09:28:00","date_gmt":"2020-12-04T09:28:00","guid":{"rendered":"https:\/\/nauti-parts.com\/shop\/unkategorisiert\/supernova-v1260-integrierte-leuchte\/"},"modified":"2020-12-04T09:28:00","modified_gmt":"2020-12-04T09:28:00","slug":"supernova-v1260-integrierte-leuchte","status":"publish","type":"product","link":"https:\/\/nauti-parts.com\/de\/shop\/zubehor\/gocycle\/supernova-v1260-integrierte-leuchte\/","title":{"rendered":"Supernova V1260 Integrierte Leuchte"},"content":{"rendered":"<p>Supernova hat sich einen beneidenswerten Ruf f\u00fcr die Entwicklung hochwertiger Fahrradbeleuchtungssysteme erworben, und das V1260 ist da keine Ausnahme. Das Vorderlicht verf\u00fcgt \u00fcber einen eingebauten mechanischen Schalter, mit dem Sie sowohl das Vorder- als auch das R\u00fccklicht ein- und ausschalten k\u00f6nnen. Die clevere Twin Beam Technologie mit innovativen seitlichen Lichtleitern sorgt f\u00fcr erh\u00f6hte Sichtbarkeit und Sicherheit, aber dennoch f\u00fcr ein diskretes Design.  <\/p>\n","protected":false},"excerpt":{"rendered":"<p><span style=\"color: #000000; font-family: Arial, sans-serif;\">Sie m\u00fcssen nicht weiter suchen. Wir haben das perfekte Licht f\u00fcr Sie. Das Supernova Light Kit ist kompatibel mit dem <\/span><b>Gocycle G2, G3, GS, GX und GXi (*)<\/b><span style=\"color: #000000; font-family: Arial, sans-serif;\">. <\/span> <\/p>\n","protected":false},"featured_media":16159,"comment_status":"open","ping_status":"closed","template":"","meta":{"_acf_changed":false},"product_brand":[],"product_cat":[236,235,233],"product_tag":[],"class_list":{"0":"post-25042","1":"product","2":"type-product","3":"status-publish","4":"has-post-thumbnail","6":"product_cat-gocycle","8":"product_cat-zubehor","9":"repupress_customize_woocommerce_productom_class","11":"first","12":"instock","13":"taxable","14":"shipping-taxable","15":"purchasable","16":"product-type-simple"},"acf":[],"yoast_head":"<!-- This site is optimized with the Yoast SEO plugin v27.5 - https:\/\/yoast.com\/product\/yoast-seo-wordpress\/ -->\n<title>Supernova V1260 Integrierte Leuchte | Nauti Parts<\/title>\n<meta name=\"robots\" content=\"index, follow, max-snippet:-1, max-image-preview:large, max-video-preview:-1\" \/>\n<link rel=\"canonical\" href=\"https:\/\/nauti-parts.com\/de\/shop\/zubehor\/gocycle\/supernova-v1260-integrierte-leuchte\/\" \/>\n<meta property=\"og:locale\" content=\"de_DE\" \/>\n<meta property=\"og:type\" content=\"article\" \/>\n<meta property=\"og:title\" content=\"Supernova V1260 Integrierte Leuchte | Nauti Parts\" \/>\n<meta property=\"og:description\" content=\"Sie m\u00fcssen nicht weiter suchen. Wir haben das perfekte Licht f\u00fcr Sie. Das Supernova Light Kit ist kompatibel mit dem Gocycle G2, G3, GS, GX und GXi (*).\" \/>\n<meta property=\"og:url\" content=\"https:\/\/nauti-parts.com\/de\/shop\/zubehor\/gocycle\/supernova-v1260-integrierte-leuchte\/\" \/>\n<meta property=\"og:site_name\" content=\"Nauti Parts\" \/>\n<meta property=\"article:publisher\" content=\"https:\/\/www.facebook.com\/nautipartsspain\/\" \/>\n<meta property=\"og:image\" content=\"https:\/\/nauti-parts.com\/wp-content\/uploads\/2020\/12\/supernova-v1260-integrated-light-kit-gocycle.jpg\" \/>\n\t<meta property=\"og:image:width\" content=\"800\" \/>\n\t<meta property=\"og:image:height\" content=\"800\" \/>\n\t<meta property=\"og:image:type\" content=\"image\/jpeg\" \/>\n<meta name=\"twitter:card\" content=\"summary_large_image\" \/>\n<script type=\"application\/ld+json\" class=\"yoast-schema-graph\">{\"@context\":\"https:\\\/\\\/schema.org\",\"@graph\":[{\"@type\":\"WebPage\",\"@id\":\"https:\\\/\\\/nauti-parts.com\\\/de\\\/shop\\\/zubehor\\\/gocycle\\\/supernova-v1260-integrierte-leuchte\\\/\",\"url\":\"https:\\\/\\\/nauti-parts.com\\\/de\\\/shop\\\/zubehor\\\/gocycle\\\/supernova-v1260-integrierte-leuchte\\\/\",\"name\":\"Supernova V1260 Integrierte Leuchte | Nauti Parts\",\"isPartOf\":{\"@id\":\"https:\\\/\\\/nauti-parts.com\\\/de\\\/#website\"},\"primaryImageOfPage\":{\"@id\":\"https:\\\/\\\/nauti-parts.com\\\/de\\\/shop\\\/zubehor\\\/gocycle\\\/supernova-v1260-integrierte-leuchte\\\/#primaryimage\"},\"image\":{\"@id\":\"https:\\\/\\\/nauti-parts.com\\\/de\\\/shop\\\/zubehor\\\/gocycle\\\/supernova-v1260-integrierte-leuchte\\\/#primaryimage\"},\"thumbnailUrl\":\"https:\\\/\\\/nauti-parts.com\\\/wp-content\\\/uploads\\\/2020\\\/12\\\/supernova-v1260-integrated-light-kit-gocycle.jpg\",\"datePublished\":\"2020-12-04T09:28:00+00:00\",\"breadcrumb\":{\"@id\":\"https:\\\/\\\/nauti-parts.com\\\/de\\\/shop\\\/zubehor\\\/gocycle\\\/supernova-v1260-integrierte-leuchte\\\/#breadcrumb\"},\"inLanguage\":\"de\",\"potentialAction\":[{\"@type\":\"ReadAction\",\"target\":[\"https:\\\/\\\/nauti-parts.com\\\/de\\\/shop\\\/zubehor\\\/gocycle\\\/supernova-v1260-integrierte-leuchte\\\/\"]}]},{\"@type\":\"ImageObject\",\"inLanguage\":\"de\",\"@id\":\"https:\\\/\\\/nauti-parts.com\\\/de\\\/shop\\\/zubehor\\\/gocycle\\\/supernova-v1260-integrierte-leuchte\\\/#primaryimage\",\"url\":\"https:\\\/\\\/nauti-parts.com\\\/wp-content\\\/uploads\\\/2020\\\/12\\\/supernova-v1260-integrated-light-kit-gocycle.jpg\",\"contentUrl\":\"https:\\\/\\\/nauti-parts.com\\\/wp-content\\\/uploads\\\/2020\\\/12\\\/supernova-v1260-integrated-light-kit-gocycle.jpg\",\"width\":800,\"height\":800},{\"@type\":\"BreadcrumbList\",\"@id\":\"https:\\\/\\\/nauti-parts.com\\\/de\\\/shop\\\/zubehor\\\/gocycle\\\/supernova-v1260-integrierte-leuchte\\\/#breadcrumb\",\"itemListElement\":[{\"@type\":\"ListItem\",\"position\":1,\"name\":\"Shop\",\"item\":\"https:\\\/\\\/nauti-parts.com\\\/de\\\/shop\\\/\"},{\"@type\":\"ListItem\",\"position\":2,\"name\":\"Supernova V1260 Integrierte Leuchte\"}]},{\"@type\":\"WebSite\",\"@id\":\"https:\\\/\\\/nauti-parts.com\\\/de\\\/#website\",\"url\":\"https:\\\/\\\/nauti-parts.com\\\/de\\\/\",\"name\":\"Nauti Parts\",\"description\":\"Sea-Doo Jet Ski - Seabob Dealer and Rentals | Water Toys Mallorca\",\"publisher\":{\"@id\":\"https:\\\/\\\/nauti-parts.com\\\/de\\\/#organization\"},\"potentialAction\":[{\"@type\":\"SearchAction\",\"target\":{\"@type\":\"EntryPoint\",\"urlTemplate\":\"https:\\\/\\\/nauti-parts.com\\\/de\\\/?s={search_term_string}\"},\"query-input\":{\"@type\":\"PropertyValueSpecification\",\"valueRequired\":true,\"valueName\":\"search_term_string\"}}],\"inLanguage\":\"de\"},{\"@type\":\"Organization\",\"@id\":\"https:\\\/\\\/nauti-parts.com\\\/de\\\/#organization\",\"name\":\"Nauti Teile\",\"url\":\"https:\\\/\\\/nauti-parts.com\\\/de\\\/\",\"logo\":{\"@type\":\"ImageObject\",\"inLanguage\":\"de\",\"@id\":\"https:\\\/\\\/nauti-parts.com\\\/de\\\/#\\\/schema\\\/logo\\\/image\\\/\",\"url\":\"https:\\\/\\\/nauti-parts.com\\\/wp-content\\\/uploads\\\/2023\\\/10\\\/np-logo-black.png\",\"contentUrl\":\"https:\\\/\\\/nauti-parts.com\\\/wp-content\\\/uploads\\\/2023\\\/10\\\/np-logo-black.png\",\"width\":253,\"height\":100,\"caption\":\"Nauti Teile\"},\"image\":{\"@id\":\"https:\\\/\\\/nauti-parts.com\\\/de\\\/#\\\/schema\\\/logo\\\/image\\\/\"},\"sameAs\":[\"https:\\\/\\\/www.facebook.com\\\/nautipartsspain\\\/\",\"https:\\\/\\\/www.instagram.com\\\/nautiparts\\\/\"]}]}<\/script>\n<!-- \/ Yoast SEO plugin. -->","yoast_head_json":{"title":"Supernova V1260 Integrierte Leuchte | Nauti Parts","robots":{"index":"index","follow":"follow","max-snippet":"max-snippet:-1","max-image-preview":"max-image-preview:large","max-video-preview":"max-video-preview:-1"},"canonical":"https:\/\/nauti-parts.com\/de\/shop\/zubehor\/gocycle\/supernova-v1260-integrierte-leuchte\/","og_locale":"de_DE","og_type":"article","og_title":"Supernova V1260 Integrierte Leuchte | Nauti Parts","og_description":"Sie m\u00fcssen nicht weiter suchen. Wir haben das perfekte Licht f\u00fcr Sie. Das Supernova Light Kit ist kompatibel mit dem Gocycle G2, G3, GS, GX und GXi (*).","og_url":"https:\/\/nauti-parts.com\/de\/shop\/zubehor\/gocycle\/supernova-v1260-integrierte-leuchte\/","og_site_name":"Nauti Parts","article_publisher":"https:\/\/www.facebook.com\/nautipartsspain\/","og_image":[{"width":800,"height":800,"url":"https:\/\/nauti-parts.com\/wp-content\/uploads\/2020\/12\/supernova-v1260-integrated-light-kit-gocycle.jpg","type":"image\/jpeg"}],"twitter_card":"summary_large_image","schema":{"@context":"https:\/\/schema.org","@graph":[{"@type":"WebPage","@id":"https:\/\/nauti-parts.com\/de\/shop\/zubehor\/gocycle\/supernova-v1260-integrierte-leuchte\/","url":"https:\/\/nauti-parts.com\/de\/shop\/zubehor\/gocycle\/supernova-v1260-integrierte-leuchte\/","name":"Supernova V1260 Integrierte Leuchte | Nauti Parts","isPartOf":{"@id":"https:\/\/nauti-parts.com\/de\/#website"},"primaryImageOfPage":{"@id":"https:\/\/nauti-parts.com\/de\/shop\/zubehor\/gocycle\/supernova-v1260-integrierte-leuchte\/#primaryimage"},"image":{"@id":"https:\/\/nauti-parts.com\/de\/shop\/zubehor\/gocycle\/supernova-v1260-integrierte-leuchte\/#primaryimage"},"thumbnailUrl":"https:\/\/nauti-parts.com\/wp-content\/uploads\/2020\/12\/supernova-v1260-integrated-light-kit-gocycle.jpg","datePublished":"2020-12-04T09:28:00+00:00","breadcrumb":{"@id":"https:\/\/nauti-parts.com\/de\/shop\/zubehor\/gocycle\/supernova-v1260-integrierte-leuchte\/#breadcrumb"},"inLanguage":"de","potentialAction":[{"@type":"ReadAction","target":["https:\/\/nauti-parts.com\/de\/shop\/zubehor\/gocycle\/supernova-v1260-integrierte-leuchte\/"]}]},{"@type":"ImageObject","inLanguage":"de","@id":"https:\/\/nauti-parts.com\/de\/shop\/zubehor\/gocycle\/supernova-v1260-integrierte-leuchte\/#primaryimage","url":"https:\/\/nauti-parts.com\/wp-content\/uploads\/2020\/12\/supernova-v1260-integrated-light-kit-gocycle.jpg","contentUrl":"https:\/\/nauti-parts.com\/wp-content\/uploads\/2020\/12\/supernova-v1260-integrated-light-kit-gocycle.jpg","width":800,"height":800},{"@type":"BreadcrumbList","@id":"https:\/\/nauti-parts.com\/de\/shop\/zubehor\/gocycle\/supernova-v1260-integrierte-leuchte\/#breadcrumb","itemListElement":[{"@type":"ListItem","position":1,"name":"Shop","item":"https:\/\/nauti-parts.com\/de\/shop\/"},{"@type":"ListItem","position":2,"name":"Supernova V1260 Integrierte Leuchte"}]},{"@type":"WebSite","@id":"https:\/\/nauti-parts.com\/de\/#website","url":"https:\/\/nauti-parts.com\/de\/","name":"Nauti Parts","description":"Sea-Doo Jet Ski - Seabob Dealer and Rentals | Water Toys Mallorca","publisher":{"@id":"https:\/\/nauti-parts.com\/de\/#organization"},"potentialAction":[{"@type":"SearchAction","target":{"@type":"EntryPoint","urlTemplate":"https:\/\/nauti-parts.com\/de\/?s={search_term_string}"},"query-input":{"@type":"PropertyValueSpecification","valueRequired":true,"valueName":"search_term_string"}}],"inLanguage":"de"},{"@type":"Organization","@id":"https:\/\/nauti-parts.com\/de\/#organization","name":"Nauti Teile","url":"https:\/\/nauti-parts.com\/de\/","logo":{"@type":"ImageObject","inLanguage":"de","@id":"https:\/\/nauti-parts.com\/de\/#\/schema\/logo\/image\/","url":"https:\/\/nauti-parts.com\/wp-content\/uploads\/2023\/10\/np-logo-black.png","contentUrl":"https:\/\/nauti-parts.com\/wp-content\/uploads\/2023\/10\/np-logo-black.png","width":253,"height":100,"caption":"Nauti Teile"},"image":{"@id":"https:\/\/nauti-parts.com\/de\/#\/schema\/logo\/image\/"},"sameAs":["https:\/\/www.facebook.com\/nautipartsspain\/","https:\/\/www.instagram.com\/nautiparts\/"]}]}},"_links":{"self":[{"href":"https:\/\/nauti-parts.com\/de\/wp-json\/wp\/v2\/product\/25042","targetHints":{"allow":["GET"]}}],"collection":[{"href":"https:\/\/nauti-parts.com\/de\/wp-json\/wp\/v2\/product"}],"about":[{"href":"https:\/\/nauti-parts.com\/de\/wp-json\/wp\/v2\/types\/product"}],"replies":[{"embeddable":true,"href":"https:\/\/nauti-parts.com\/de\/wp-json\/wp\/v2\/comments?post=25042"}],"wp:featuredmedia":[{"embeddable":true,"href":"https:\/\/nauti-parts.com\/de\/wp-json\/wp\/v2\/media\/16159"}],"wp:attachment":[{"href":"https:\/\/nauti-parts.com\/de\/wp-json\/wp\/v2\/media?parent=25042"}],"wp:term":[{"taxonomy":"product_brand","embeddable":true,"href":"https:\/\/nauti-parts.com\/de\/wp-json\/wp\/v2\/product_brand?post=25042"},{"taxonomy":"product_cat","embeddable":true,"href":"https:\/\/nauti-parts.com\/de\/wp-json\/wp\/v2\/product_cat?post=25042"},{"taxonomy":"product_tag","embeddable":true,"href":"https:\/\/nauti-parts.com\/de\/wp-json\/wp\/v2\/product_tag?post=25042"}],"curies":[{"name":"wp","href":"https:\/\/api.w.org\/{rel}","templated":true}]}}