{"id":25029,"date":"2020-12-04T09:29:46","date_gmt":"2020-12-04T09:29:46","guid":{"rendered":"https:\/\/nauti-parts.com\/shop\/unkategorisiert\/gocycle-front-gepaecktraeger\/"},"modified":"2020-12-04T09:29:46","modified_gmt":"2020-12-04T09:29:46","slug":"gocycle-front-gepaecktraeger","status":"publish","type":"product","link":"https:\/\/nauti-parts.com\/de\/shop\/zubehor\/gocycle\/gocycle-front-gepaecktraeger\/","title":{"rendered":"Gocycle Front Gep\u00e4cktr\u00e4ger"},"content":{"rendered":"<p>Multidirektionale Erweiterungsf\u00e4cher sorgen f\u00fcr zus\u00e4tzliches Volumen, w\u00e4hrend die Tasche kompakt bleibt, wenn sie nicht ben\u00f6tigt wird. Gepolsterter Schultergurt f\u00fcr Komfort und Bequemlichkeit. Ergonomisch geformte Rei\u00dfverschl\u00fcsse mit weichem Griff. Inspiriert durch das patentierte Pitstopwheel\u00ae von Gocycle l\u00e4sst sich die vordere Tasche mit einer einfachen Bewegung m\u00fchelos abnehmen oder wieder anbringen. Inklusive Schultergurt.    <\/p>\n","protected":false},"excerpt":{"rendered":"<p>Speziell f\u00fcr Gocycle angefertigter, leichter Vorderradkoffer aus Hightech-Material.<\/p>\n","protected":false},"featured_media":16144,"comment_status":"open","ping_status":"closed","template":"","meta":{"_acf_changed":false},"product_brand":[],"product_cat":[236,235,233],"product_tag":[],"class_list":{"0":"post-25029","1":"product","2":"type-product","3":"status-publish","4":"has-post-thumbnail","6":"product_cat-gocycle","8":"product_cat-zubehor","9":"repupress_customize_woocommerce_productom_class","11":"first","12":"instock","13":"taxable","14":"shipping-taxable","15":"purchasable","16":"product-type-simple"},"acf":[],"yoast_head":"<!-- This site is optimized with the Yoast SEO plugin v27.2 - https:\/\/yoast.com\/product\/yoast-seo-wordpress\/ -->\n<title>Gocycle Front Gep\u00e4cktr\u00e4ger | Nauti Parts<\/title>\n<meta name=\"robots\" content=\"index, follow, max-snippet:-1, max-image-preview:large, max-video-preview:-1\" \/>\n<link rel=\"canonical\" href=\"https:\/\/nauti-parts.com\/de\/shop\/zubehor\/gocycle\/gocycle-front-gepaecktraeger\/\" \/>\n<meta property=\"og:locale\" content=\"de_DE\" \/>\n<meta property=\"og:type\" content=\"article\" \/>\n<meta property=\"og:title\" content=\"Gocycle Front Gep\u00e4cktr\u00e4ger | Nauti Parts\" \/>\n<meta property=\"og:description\" content=\"Speziell f\u00fcr Gocycle angefertigter, leichter Vorderradkoffer aus Hightech-Material.\" \/>\n<meta property=\"og:url\" content=\"https:\/\/nauti-parts.com\/de\/shop\/zubehor\/gocycle\/gocycle-front-gepaecktraeger\/\" \/>\n<meta property=\"og:site_name\" content=\"Nauti Parts\" \/>\n<meta property=\"article:publisher\" content=\"https:\/\/www.facebook.com\/nautipartsspain\/\" \/>\n<meta property=\"og:image\" content=\"https:\/\/nauti-parts.com\/wp-content\/uploads\/2020\/12\/front-pannier-gocycle.jpg\" \/>\n\t<meta property=\"og:image:width\" content=\"800\" \/>\n\t<meta property=\"og:image:height\" content=\"800\" \/>\n\t<meta property=\"og:image:type\" content=\"image\/jpeg\" \/>\n<meta name=\"twitter:card\" content=\"summary_large_image\" \/>\n<script type=\"application\/ld+json\" class=\"yoast-schema-graph\">{\"@context\":\"https:\/\/schema.org\",\"@graph\":[{\"@type\":\"WebPage\",\"@id\":\"https:\/\/nauti-parts.com\/de\/shop\/zubehor\/gocycle\/gocycle-front-gepaecktraeger\/\",\"url\":\"https:\/\/nauti-parts.com\/de\/shop\/zubehor\/gocycle\/gocycle-front-gepaecktraeger\/\",\"name\":\"Gocycle Front Gep\u00e4cktr\u00e4ger | Nauti Parts\",\"isPartOf\":{\"@id\":\"https:\/\/nauti-parts.com\/de\/#website\"},\"primaryImageOfPage\":{\"@id\":\"https:\/\/nauti-parts.com\/de\/shop\/zubehor\/gocycle\/gocycle-front-gepaecktraeger\/#primaryimage\"},\"image\":{\"@id\":\"https:\/\/nauti-parts.com\/de\/shop\/zubehor\/gocycle\/gocycle-front-gepaecktraeger\/#primaryimage\"},\"thumbnailUrl\":\"https:\/\/nauti-parts.com\/wp-content\/uploads\/2020\/12\/front-pannier-gocycle.jpg\",\"datePublished\":\"2020-12-04T09:29:46+00:00\",\"breadcrumb\":{\"@id\":\"https:\/\/nauti-parts.com\/de\/shop\/zubehor\/gocycle\/gocycle-front-gepaecktraeger\/#breadcrumb\"},\"inLanguage\":\"de\",\"potentialAction\":[{\"@type\":\"ReadAction\",\"target\":[\"https:\/\/nauti-parts.com\/de\/shop\/zubehor\/gocycle\/gocycle-front-gepaecktraeger\/\"]}]},{\"@type\":\"ImageObject\",\"inLanguage\":\"de\",\"@id\":\"https:\/\/nauti-parts.com\/de\/shop\/zubehor\/gocycle\/gocycle-front-gepaecktraeger\/#primaryimage\",\"url\":\"https:\/\/nauti-parts.com\/wp-content\/uploads\/2020\/12\/front-pannier-gocycle.jpg\",\"contentUrl\":\"https:\/\/nauti-parts.com\/wp-content\/uploads\/2020\/12\/front-pannier-gocycle.jpg\",\"width\":800,\"height\":800},{\"@type\":\"BreadcrumbList\",\"@id\":\"https:\/\/nauti-parts.com\/de\/shop\/zubehor\/gocycle\/gocycle-front-gepaecktraeger\/#breadcrumb\",\"itemListElement\":[{\"@type\":\"ListItem\",\"position\":1,\"name\":\"Shop\",\"item\":\"https:\/\/nauti-parts.com\/de\/shop\/\"},{\"@type\":\"ListItem\",\"position\":2,\"name\":\"Gocycle Front Gep\u00e4cktr\u00e4ger\"}]},{\"@type\":\"WebSite\",\"@id\":\"https:\/\/nauti-parts.com\/de\/#website\",\"url\":\"https:\/\/nauti-parts.com\/de\/\",\"name\":\"Nauti Parts\",\"description\":\"Sea-Doo Jet Ski - Seabob Dealer and Rentals | Water Toys Mallorca\",\"publisher\":{\"@id\":\"https:\/\/nauti-parts.com\/de\/#organization\"},\"potentialAction\":[{\"@type\":\"SearchAction\",\"target\":{\"@type\":\"EntryPoint\",\"urlTemplate\":\"https:\/\/nauti-parts.com\/de\/?s={search_term_string}\"},\"query-input\":{\"@type\":\"PropertyValueSpecification\",\"valueRequired\":true,\"valueName\":\"search_term_string\"}}],\"inLanguage\":\"de\"},{\"@type\":\"Organization\",\"@id\":\"https:\/\/nauti-parts.com\/de\/#organization\",\"name\":\"Nauti Teile\",\"url\":\"https:\/\/nauti-parts.com\/de\/\",\"logo\":{\"@type\":\"ImageObject\",\"inLanguage\":\"de\",\"@id\":\"https:\/\/nauti-parts.com\/de\/#\/schema\/logo\/image\/\",\"url\":\"https:\/\/nauti-parts.com\/wp-content\/uploads\/2023\/10\/np-logo-black.png\",\"contentUrl\":\"https:\/\/nauti-parts.com\/wp-content\/uploads\/2023\/10\/np-logo-black.png\",\"width\":253,\"height\":100,\"caption\":\"Nauti Teile\"},\"image\":{\"@id\":\"https:\/\/nauti-parts.com\/de\/#\/schema\/logo\/image\/\"},\"sameAs\":[\"https:\/\/www.facebook.com\/nautipartsspain\/\",\"https:\/\/www.instagram.com\/nautiparts\/\"]}]}<\/script>\n<!-- \/ Yoast SEO plugin. -->","yoast_head_json":{"title":"Gocycle Front Gep\u00e4cktr\u00e4ger | Nauti Parts","robots":{"index":"index","follow":"follow","max-snippet":"max-snippet:-1","max-image-preview":"max-image-preview:large","max-video-preview":"max-video-preview:-1"},"canonical":"https:\/\/nauti-parts.com\/de\/shop\/zubehor\/gocycle\/gocycle-front-gepaecktraeger\/","og_locale":"de_DE","og_type":"article","og_title":"Gocycle Front Gep\u00e4cktr\u00e4ger | Nauti Parts","og_description":"Speziell f\u00fcr Gocycle angefertigter, leichter Vorderradkoffer aus Hightech-Material.","og_url":"https:\/\/nauti-parts.com\/de\/shop\/zubehor\/gocycle\/gocycle-front-gepaecktraeger\/","og_site_name":"Nauti Parts","article_publisher":"https:\/\/www.facebook.com\/nautipartsspain\/","og_image":[{"width":800,"height":800,"url":"https:\/\/nauti-parts.com\/wp-content\/uploads\/2020\/12\/front-pannier-gocycle.jpg","type":"image\/jpeg"}],"twitter_card":"summary_large_image","schema":{"@context":"https:\/\/schema.org","@graph":[{"@type":"WebPage","@id":"https:\/\/nauti-parts.com\/de\/shop\/zubehor\/gocycle\/gocycle-front-gepaecktraeger\/","url":"https:\/\/nauti-parts.com\/de\/shop\/zubehor\/gocycle\/gocycle-front-gepaecktraeger\/","name":"Gocycle Front Gep\u00e4cktr\u00e4ger | Nauti Parts","isPartOf":{"@id":"https:\/\/nauti-parts.com\/de\/#website"},"primaryImageOfPage":{"@id":"https:\/\/nauti-parts.com\/de\/shop\/zubehor\/gocycle\/gocycle-front-gepaecktraeger\/#primaryimage"},"image":{"@id":"https:\/\/nauti-parts.com\/de\/shop\/zubehor\/gocycle\/gocycle-front-gepaecktraeger\/#primaryimage"},"thumbnailUrl":"https:\/\/nauti-parts.com\/wp-content\/uploads\/2020\/12\/front-pannier-gocycle.jpg","datePublished":"2020-12-04T09:29:46+00:00","breadcrumb":{"@id":"https:\/\/nauti-parts.com\/de\/shop\/zubehor\/gocycle\/gocycle-front-gepaecktraeger\/#breadcrumb"},"inLanguage":"de","potentialAction":[{"@type":"ReadAction","target":["https:\/\/nauti-parts.com\/de\/shop\/zubehor\/gocycle\/gocycle-front-gepaecktraeger\/"]}]},{"@type":"ImageObject","inLanguage":"de","@id":"https:\/\/nauti-parts.com\/de\/shop\/zubehor\/gocycle\/gocycle-front-gepaecktraeger\/#primaryimage","url":"https:\/\/nauti-parts.com\/wp-content\/uploads\/2020\/12\/front-pannier-gocycle.jpg","contentUrl":"https:\/\/nauti-parts.com\/wp-content\/uploads\/2020\/12\/front-pannier-gocycle.jpg","width":800,"height":800},{"@type":"BreadcrumbList","@id":"https:\/\/nauti-parts.com\/de\/shop\/zubehor\/gocycle\/gocycle-front-gepaecktraeger\/#breadcrumb","itemListElement":[{"@type":"ListItem","position":1,"name":"Shop","item":"https:\/\/nauti-parts.com\/de\/shop\/"},{"@type":"ListItem","position":2,"name":"Gocycle Front Gep\u00e4cktr\u00e4ger"}]},{"@type":"WebSite","@id":"https:\/\/nauti-parts.com\/de\/#website","url":"https:\/\/nauti-parts.com\/de\/","name":"Nauti Parts","description":"Sea-Doo Jet Ski - Seabob Dealer and Rentals | Water Toys Mallorca","publisher":{"@id":"https:\/\/nauti-parts.com\/de\/#organization"},"potentialAction":[{"@type":"SearchAction","target":{"@type":"EntryPoint","urlTemplate":"https:\/\/nauti-parts.com\/de\/?s={search_term_string}"},"query-input":{"@type":"PropertyValueSpecification","valueRequired":true,"valueName":"search_term_string"}}],"inLanguage":"de"},{"@type":"Organization","@id":"https:\/\/nauti-parts.com\/de\/#organization","name":"Nauti Teile","url":"https:\/\/nauti-parts.com\/de\/","logo":{"@type":"ImageObject","inLanguage":"de","@id":"https:\/\/nauti-parts.com\/de\/#\/schema\/logo\/image\/","url":"https:\/\/nauti-parts.com\/wp-content\/uploads\/2023\/10\/np-logo-black.png","contentUrl":"https:\/\/nauti-parts.com\/wp-content\/uploads\/2023\/10\/np-logo-black.png","width":253,"height":100,"caption":"Nauti Teile"},"image":{"@id":"https:\/\/nauti-parts.com\/de\/#\/schema\/logo\/image\/"},"sameAs":["https:\/\/www.facebook.com\/nautipartsspain\/","https:\/\/www.instagram.com\/nautiparts\/"]}]}},"_links":{"self":[{"href":"https:\/\/nauti-parts.com\/de\/wp-json\/wp\/v2\/product\/25029","targetHints":{"allow":["GET"]}}],"collection":[{"href":"https:\/\/nauti-parts.com\/de\/wp-json\/wp\/v2\/product"}],"about":[{"href":"https:\/\/nauti-parts.com\/de\/wp-json\/wp\/v2\/types\/product"}],"replies":[{"embeddable":true,"href":"https:\/\/nauti-parts.com\/de\/wp-json\/wp\/v2\/comments?post=25029"}],"wp:featuredmedia":[{"embeddable":true,"href":"https:\/\/nauti-parts.com\/de\/wp-json\/wp\/v2\/media\/16144"}],"wp:attachment":[{"href":"https:\/\/nauti-parts.com\/de\/wp-json\/wp\/v2\/media?parent=25029"}],"wp:term":[{"taxonomy":"product_brand","embeddable":true,"href":"https:\/\/nauti-parts.com\/de\/wp-json\/wp\/v2\/product_brand?post=25029"},{"taxonomy":"product_cat","embeddable":true,"href":"https:\/\/nauti-parts.com\/de\/wp-json\/wp\/v2\/product_cat?post=25029"},{"taxonomy":"product_tag","embeddable":true,"href":"https:\/\/nauti-parts.com\/de\/wp-json\/wp\/v2\/product_tag?post=25029"}],"curies":[{"name":"wp","href":"https:\/\/api.w.org\/{rel}","templated":true}]}}