{"id":24812,"date":"2017-12-04T15:35:43","date_gmt":"2017-12-04T15:35:43","guid":{"rendered":"https:\/\/nauti-parts.com\/shop\/unkategorisiert\/xps-vergaserreiniger\/"},"modified":"2017-12-04T15:35:43","modified_gmt":"2017-12-04T15:35:43","slug":"xps-vergaserreiniger","status":"publish","type":"product","link":"https:\/\/nauti-parts.com\/de\/shop\/sea-doo-zubehor\/xps\/xps-vergaserreiniger\/","title":{"rendered":"XPS VERGASERREINIGER"},"content":{"rendered":"<p class=\"p1\">Komplette Kraftstoffbehandlung, die speziell zur Vorbeugung von Problemen mit kleinen Motoren entwickelt wurde, die durch mit Ethanol gemischte Kraftstoffe verursacht werden.<\/p>\n<p class=\"p1\">Es entfernt Kaugummi und Verlackungen im Kraftstoffsystem, die sich w\u00e4hrend der Lagerung angesammelt haben k\u00f6nnen, stabilisiert den Kraftstoff f\u00fcr 12 Monate oder l\u00e4nger und bietet einen Korrosionsschutz vor Feuchtigkeit f\u00fcr die kurz- und langfristige Lagerung.<\/p>\n<p class=\"p1\">Es hilft auch, die Gasannahme und den Startvorgang zu erleichtern.<\/p>\n<p class=\"p1\">Es kann regelm\u00e4\u00dfig verwendet werden, um die Integrit\u00e4t des Kraftstoffsystems aufrechtzuerhalten, die Vergaserd\u00fcsen sauber zu halten und auch Feuchtigkeitsprobleme zu bek\u00e4mpfen, die durch mit Ethanol gemischte Kraftstoffe verursacht werden, um eisenhaltige und weiche Metallteile sauber und korrosionsfrei zu halten.<\/p>\n","protected":false},"excerpt":{"rendered":"<p class=\"p1\">Die Marke XPS bietet eine komplette Familie von Hochleistungsprodukten, die Ihr Sea-Doo-Wasserfahrzeug fachm\u00e4nnisch sch\u00fctzen, verbessern und dessen Lebensdauer verl\u00e4ngern.<\/p>\n<p>355 ml<\/p>\n","protected":false},"featured_media":2452,"comment_status":"open","ping_status":"closed","template":"","meta":{"_acf_changed":false},"product_brand":[],"product_cat":[374,384],"product_tag":[],"class_list":{"0":"post-24812","1":"product","2":"type-product","3":"status-publish","4":"has-post-thumbnail","6":"product_cat-sea-doo-zubehor","7":"product_cat-xps","8":"repupress_customize_woocommerce_productom_class","10":"first","11":"instock","12":"taxable","13":"shipping-taxable","14":"product-type-simple"},"acf":[],"yoast_head":"<!-- This site is optimized with the Yoast SEO plugin v27.2 - https:\/\/yoast.com\/product\/yoast-seo-wordpress\/ -->\n<title>XPS VERGASERREINIGER | Nauti Parts<\/title>\n<meta name=\"robots\" content=\"index, follow, max-snippet:-1, max-image-preview:large, max-video-preview:-1\" \/>\n<link rel=\"canonical\" href=\"https:\/\/nauti-parts.com\/de\/shop\/sea-doo-zubehor\/xps\/xps-vergaserreiniger\/\" \/>\n<meta property=\"og:locale\" content=\"de_DE\" \/>\n<meta property=\"og:type\" content=\"article\" \/>\n<meta property=\"og:title\" content=\"XPS VERGASERREINIGER | Nauti Parts\" \/>\n<meta property=\"og:description\" content=\"Die Marke XPS bietet eine komplette Familie von Hochleistungsprodukten, die Ihr Sea-Doo-Wasserfahrzeug fachm\u00e4nnisch sch\u00fctzen, verbessern und dessen Lebensdauer verl\u00e4ngern. 355 ml\" \/>\n<meta property=\"og:url\" content=\"https:\/\/nauti-parts.com\/de\/shop\/sea-doo-zubehor\/xps\/xps-vergaserreiniger\/\" \/>\n<meta property=\"og:site_name\" content=\"Nauti Parts\" \/>\n<meta property=\"article:publisher\" content=\"https:\/\/www.facebook.com\/nautipartsspain\/\" \/>\n<meta property=\"og:image\" content=\"https:\/\/nauti-parts.com\/wp-content\/uploads\/2017\/12\/779172.jpg\" \/>\n\t<meta property=\"og:image:width\" content=\"1600\" \/>\n\t<meta property=\"og:image:height\" content=\"1600\" \/>\n\t<meta property=\"og:image:type\" content=\"image\/jpeg\" \/>\n<meta name=\"twitter:card\" content=\"summary_large_image\" \/>\n<meta name=\"twitter:label1\" content=\"Gesch\u00e4tzte Lesezeit\" \/>\n\t<meta name=\"twitter:data1\" content=\"1\u00a0Minute\" \/>\n<script type=\"application\/ld+json\" class=\"yoast-schema-graph\">{\"@context\":\"https:\/\/schema.org\",\"@graph\":[{\"@type\":\"WebPage\",\"@id\":\"https:\/\/nauti-parts.com\/de\/shop\/sea-doo-zubehor\/xps\/xps-vergaserreiniger\/\",\"url\":\"https:\/\/nauti-parts.com\/de\/shop\/sea-doo-zubehor\/xps\/xps-vergaserreiniger\/\",\"name\":\"XPS VERGASERREINIGER | Nauti Parts\",\"isPartOf\":{\"@id\":\"https:\/\/nauti-parts.com\/de\/#website\"},\"primaryImageOfPage\":{\"@id\":\"https:\/\/nauti-parts.com\/de\/shop\/sea-doo-zubehor\/xps\/xps-vergaserreiniger\/#primaryimage\"},\"image\":{\"@id\":\"https:\/\/nauti-parts.com\/de\/shop\/sea-doo-zubehor\/xps\/xps-vergaserreiniger\/#primaryimage\"},\"thumbnailUrl\":\"https:\/\/nauti-parts.com\/wp-content\/uploads\/2017\/12\/779172.jpg\",\"datePublished\":\"2017-12-04T15:35:43+00:00\",\"breadcrumb\":{\"@id\":\"https:\/\/nauti-parts.com\/de\/shop\/sea-doo-zubehor\/xps\/xps-vergaserreiniger\/#breadcrumb\"},\"inLanguage\":\"de\",\"potentialAction\":[{\"@type\":\"ReadAction\",\"target\":[\"https:\/\/nauti-parts.com\/de\/shop\/sea-doo-zubehor\/xps\/xps-vergaserreiniger\/\"]}]},{\"@type\":\"ImageObject\",\"inLanguage\":\"de\",\"@id\":\"https:\/\/nauti-parts.com\/de\/shop\/sea-doo-zubehor\/xps\/xps-vergaserreiniger\/#primaryimage\",\"url\":\"https:\/\/nauti-parts.com\/wp-content\/uploads\/2017\/12\/779172.jpg\",\"contentUrl\":\"https:\/\/nauti-parts.com\/wp-content\/uploads\/2017\/12\/779172.jpg\",\"width\":1600,\"height\":1600},{\"@type\":\"BreadcrumbList\",\"@id\":\"https:\/\/nauti-parts.com\/de\/shop\/sea-doo-zubehor\/xps\/xps-vergaserreiniger\/#breadcrumb\",\"itemListElement\":[{\"@type\":\"ListItem\",\"position\":1,\"name\":\"Shop\",\"item\":\"https:\/\/nauti-parts.com\/de\/shop\/\"},{\"@type\":\"ListItem\",\"position\":2,\"name\":\"XPS VERGASERREINIGER\"}]},{\"@type\":\"WebSite\",\"@id\":\"https:\/\/nauti-parts.com\/de\/#website\",\"url\":\"https:\/\/nauti-parts.com\/de\/\",\"name\":\"Nauti Parts\",\"description\":\"Sea-Doo Jet Ski - Seabob Dealer and Rentals | Water Toys Mallorca\",\"publisher\":{\"@id\":\"https:\/\/nauti-parts.com\/de\/#organization\"},\"potentialAction\":[{\"@type\":\"SearchAction\",\"target\":{\"@type\":\"EntryPoint\",\"urlTemplate\":\"https:\/\/nauti-parts.com\/de\/?s={search_term_string}\"},\"query-input\":{\"@type\":\"PropertyValueSpecification\",\"valueRequired\":true,\"valueName\":\"search_term_string\"}}],\"inLanguage\":\"de\"},{\"@type\":\"Organization\",\"@id\":\"https:\/\/nauti-parts.com\/de\/#organization\",\"name\":\"Nauti Teile\",\"url\":\"https:\/\/nauti-parts.com\/de\/\",\"logo\":{\"@type\":\"ImageObject\",\"inLanguage\":\"de\",\"@id\":\"https:\/\/nauti-parts.com\/de\/#\/schema\/logo\/image\/\",\"url\":\"https:\/\/nauti-parts.com\/wp-content\/uploads\/2023\/10\/np-logo-black.png\",\"contentUrl\":\"https:\/\/nauti-parts.com\/wp-content\/uploads\/2023\/10\/np-logo-black.png\",\"width\":253,\"height\":100,\"caption\":\"Nauti Teile\"},\"image\":{\"@id\":\"https:\/\/nauti-parts.com\/de\/#\/schema\/logo\/image\/\"},\"sameAs\":[\"https:\/\/www.facebook.com\/nautipartsspain\/\",\"https:\/\/www.instagram.com\/nautiparts\/\"]}]}<\/script>\n<!-- \/ Yoast SEO plugin. -->","yoast_head_json":{"title":"XPS VERGASERREINIGER | Nauti Parts","robots":{"index":"index","follow":"follow","max-snippet":"max-snippet:-1","max-image-preview":"max-image-preview:large","max-video-preview":"max-video-preview:-1"},"canonical":"https:\/\/nauti-parts.com\/de\/shop\/sea-doo-zubehor\/xps\/xps-vergaserreiniger\/","og_locale":"de_DE","og_type":"article","og_title":"XPS VERGASERREINIGER | Nauti Parts","og_description":"Die Marke XPS bietet eine komplette Familie von Hochleistungsprodukten, die Ihr Sea-Doo-Wasserfahrzeug fachm\u00e4nnisch sch\u00fctzen, verbessern und dessen Lebensdauer verl\u00e4ngern. 355 ml","og_url":"https:\/\/nauti-parts.com\/de\/shop\/sea-doo-zubehor\/xps\/xps-vergaserreiniger\/","og_site_name":"Nauti Parts","article_publisher":"https:\/\/www.facebook.com\/nautipartsspain\/","og_image":[{"width":1600,"height":1600,"url":"https:\/\/nauti-parts.com\/wp-content\/uploads\/2017\/12\/779172.jpg","type":"image\/jpeg"}],"twitter_card":"summary_large_image","twitter_misc":{"Gesch\u00e4tzte Lesezeit":"1\u00a0Minute"},"schema":{"@context":"https:\/\/schema.org","@graph":[{"@type":"WebPage","@id":"https:\/\/nauti-parts.com\/de\/shop\/sea-doo-zubehor\/xps\/xps-vergaserreiniger\/","url":"https:\/\/nauti-parts.com\/de\/shop\/sea-doo-zubehor\/xps\/xps-vergaserreiniger\/","name":"XPS VERGASERREINIGER | Nauti Parts","isPartOf":{"@id":"https:\/\/nauti-parts.com\/de\/#website"},"primaryImageOfPage":{"@id":"https:\/\/nauti-parts.com\/de\/shop\/sea-doo-zubehor\/xps\/xps-vergaserreiniger\/#primaryimage"},"image":{"@id":"https:\/\/nauti-parts.com\/de\/shop\/sea-doo-zubehor\/xps\/xps-vergaserreiniger\/#primaryimage"},"thumbnailUrl":"https:\/\/nauti-parts.com\/wp-content\/uploads\/2017\/12\/779172.jpg","datePublished":"2017-12-04T15:35:43+00:00","breadcrumb":{"@id":"https:\/\/nauti-parts.com\/de\/shop\/sea-doo-zubehor\/xps\/xps-vergaserreiniger\/#breadcrumb"},"inLanguage":"de","potentialAction":[{"@type":"ReadAction","target":["https:\/\/nauti-parts.com\/de\/shop\/sea-doo-zubehor\/xps\/xps-vergaserreiniger\/"]}]},{"@type":"ImageObject","inLanguage":"de","@id":"https:\/\/nauti-parts.com\/de\/shop\/sea-doo-zubehor\/xps\/xps-vergaserreiniger\/#primaryimage","url":"https:\/\/nauti-parts.com\/wp-content\/uploads\/2017\/12\/779172.jpg","contentUrl":"https:\/\/nauti-parts.com\/wp-content\/uploads\/2017\/12\/779172.jpg","width":1600,"height":1600},{"@type":"BreadcrumbList","@id":"https:\/\/nauti-parts.com\/de\/shop\/sea-doo-zubehor\/xps\/xps-vergaserreiniger\/#breadcrumb","itemListElement":[{"@type":"ListItem","position":1,"name":"Shop","item":"https:\/\/nauti-parts.com\/de\/shop\/"},{"@type":"ListItem","position":2,"name":"XPS VERGASERREINIGER"}]},{"@type":"WebSite","@id":"https:\/\/nauti-parts.com\/de\/#website","url":"https:\/\/nauti-parts.com\/de\/","name":"Nauti Parts","description":"Sea-Doo Jet Ski - Seabob Dealer and Rentals | Water Toys Mallorca","publisher":{"@id":"https:\/\/nauti-parts.com\/de\/#organization"},"potentialAction":[{"@type":"SearchAction","target":{"@type":"EntryPoint","urlTemplate":"https:\/\/nauti-parts.com\/de\/?s={search_term_string}"},"query-input":{"@type":"PropertyValueSpecification","valueRequired":true,"valueName":"search_term_string"}}],"inLanguage":"de"},{"@type":"Organization","@id":"https:\/\/nauti-parts.com\/de\/#organization","name":"Nauti Teile","url":"https:\/\/nauti-parts.com\/de\/","logo":{"@type":"ImageObject","inLanguage":"de","@id":"https:\/\/nauti-parts.com\/de\/#\/schema\/logo\/image\/","url":"https:\/\/nauti-parts.com\/wp-content\/uploads\/2023\/10\/np-logo-black.png","contentUrl":"https:\/\/nauti-parts.com\/wp-content\/uploads\/2023\/10\/np-logo-black.png","width":253,"height":100,"caption":"Nauti Teile"},"image":{"@id":"https:\/\/nauti-parts.com\/de\/#\/schema\/logo\/image\/"},"sameAs":["https:\/\/www.facebook.com\/nautipartsspain\/","https:\/\/www.instagram.com\/nautiparts\/"]}]}},"_links":{"self":[{"href":"https:\/\/nauti-parts.com\/de\/wp-json\/wp\/v2\/product\/24812","targetHints":{"allow":["GET"]}}],"collection":[{"href":"https:\/\/nauti-parts.com\/de\/wp-json\/wp\/v2\/product"}],"about":[{"href":"https:\/\/nauti-parts.com\/de\/wp-json\/wp\/v2\/types\/product"}],"replies":[{"embeddable":true,"href":"https:\/\/nauti-parts.com\/de\/wp-json\/wp\/v2\/comments?post=24812"}],"wp:featuredmedia":[{"embeddable":true,"href":"https:\/\/nauti-parts.com\/de\/wp-json\/wp\/v2\/media\/2452"}],"wp:attachment":[{"href":"https:\/\/nauti-parts.com\/de\/wp-json\/wp\/v2\/media?parent=24812"}],"wp:term":[{"taxonomy":"product_brand","embeddable":true,"href":"https:\/\/nauti-parts.com\/de\/wp-json\/wp\/v2\/product_brand?post=24812"},{"taxonomy":"product_cat","embeddable":true,"href":"https:\/\/nauti-parts.com\/de\/wp-json\/wp\/v2\/product_cat?post=24812"},{"taxonomy":"product_tag","embeddable":true,"href":"https:\/\/nauti-parts.com\/de\/wp-json\/wp\/v2\/product_tag?post=24812"}],"curies":[{"name":"wp","href":"https:\/\/api.w.org\/{rel}","templated":true}]}}