{"id":24809,"date":"2017-12-04T15:38:03","date_gmt":"2017-12-04T15:38:03","guid":{"rendered":"https:\/\/nauti-parts.com\/shop\/unkategorisiert\/xps-vorgemischtes-frostschutzmittel-kuehlmittel\/"},"modified":"2017-12-04T15:38:03","modified_gmt":"2017-12-04T15:38:03","slug":"xps-vorgemischtes-frostschutzmittel-kuehlmittel","status":"publish","type":"product","link":"https:\/\/nauti-parts.com\/de\/shop\/sea-doo-zubehor\/xps\/xps-vorgemischtes-frostschutzmittel-kuehlmittel\/","title":{"rendered":"XPS VORGEMISCHTES FROSTSCHUTZMITTEL\/K\u00dcHLMITTEL"},"content":{"rendered":"<p class=\"p1\">XPS Antifreeze\/Coolant enth\u00e4lt die richtige Verd\u00fcnnung und die notwendigen Additive, um Korrosion zu verhindern und Kavitation in BRP-K\u00fchlsystemen zu hemmen.<\/p>\n<p class=\"p1\">Langlebige 5-Jahres-Formel, die speziell f\u00fcr BRP-Fahrzeuge entwickelt wurde.<\/p>\n<p class=\"p1\">\u00dcberlegene W\u00e4rme\u00fcbertragung.<\/p>\n<p class=\"p1\">Idealer Ersatz f\u00fcr Fahrzeuge, die normalerweise ein 2-Jahres-Frostschutzmittel\/K\u00fchlmittel (gr\u00fcn) verwenden.<\/p>\n","protected":false},"excerpt":{"rendered":"<p class=\"p1\">Die Marke XPS bietet eine komplette Familie von Hochleistungsprodukten, die Ihr Sea-Doo-Wasserfahrzeug fachm\u00e4nnisch sch\u00fctzen, verbessern und dessen Lebensdauer verl\u00e4ngern.<\/p>\n<p>946 ml<\/p>\n","protected":false},"featured_media":2454,"comment_status":"open","ping_status":"closed","template":"","meta":{"_acf_changed":false},"product_brand":[],"product_cat":[374,384],"product_tag":[],"class_list":{"0":"post-24809","1":"product","2":"type-product","3":"status-publish","4":"has-post-thumbnail","6":"product_cat-sea-doo-zubehor","7":"product_cat-xps","8":"repupress_customize_woocommerce_productom_class","10":"first","11":"instock","12":"taxable","13":"shipping-taxable","14":"product-type-simple"},"acf":[],"yoast_head":"<!-- This site is optimized with the Yoast SEO plugin v27.2 - https:\/\/yoast.com\/product\/yoast-seo-wordpress\/ -->\n<title>XPS VORGEMISCHTES FROSTSCHUTZMITTEL\/K\u00dcHLMITTEL | Nauti Parts<\/title>\n<meta name=\"robots\" content=\"index, follow, max-snippet:-1, max-image-preview:large, max-video-preview:-1\" \/>\n<link rel=\"canonical\" href=\"https:\/\/nauti-parts.com\/de\/shop\/sea-doo-zubehor\/xps\/xps-vorgemischtes-frostschutzmittel-kuehlmittel\/\" \/>\n<meta property=\"og:locale\" content=\"de_DE\" \/>\n<meta property=\"og:type\" content=\"article\" \/>\n<meta property=\"og:title\" content=\"XPS VORGEMISCHTES FROSTSCHUTZMITTEL\/K\u00dcHLMITTEL | Nauti Parts\" \/>\n<meta property=\"og:description\" content=\"Die Marke XPS bietet eine komplette Familie von Hochleistungsprodukten, die Ihr Sea-Doo-Wasserfahrzeug fachm\u00e4nnisch sch\u00fctzen, verbessern und dessen Lebensdauer verl\u00e4ngern. 946 ml\" \/>\n<meta property=\"og:url\" content=\"https:\/\/nauti-parts.com\/de\/shop\/sea-doo-zubehor\/xps\/xps-vorgemischtes-frostschutzmittel-kuehlmittel\/\" \/>\n<meta property=\"og:site_name\" content=\"Nauti Parts\" \/>\n<meta property=\"article:publisher\" content=\"https:\/\/www.facebook.com\/nautipartsspain\/\" \/>\n<meta property=\"og:image\" content=\"https:\/\/nauti-parts.com\/wp-content\/uploads\/2017\/12\/779150.jpg\" \/>\n\t<meta property=\"og:image:width\" content=\"1600\" \/>\n\t<meta property=\"og:image:height\" content=\"1600\" \/>\n\t<meta property=\"og:image:type\" content=\"image\/jpeg\" \/>\n<meta name=\"twitter:card\" content=\"summary_large_image\" \/>\n<script type=\"application\/ld+json\" class=\"yoast-schema-graph\">{\"@context\":\"https:\/\/schema.org\",\"@graph\":[{\"@type\":\"WebPage\",\"@id\":\"https:\/\/nauti-parts.com\/de\/shop\/sea-doo-zubehor\/xps\/xps-vorgemischtes-frostschutzmittel-kuehlmittel\/\",\"url\":\"https:\/\/nauti-parts.com\/de\/shop\/sea-doo-zubehor\/xps\/xps-vorgemischtes-frostschutzmittel-kuehlmittel\/\",\"name\":\"XPS VORGEMISCHTES FROSTSCHUTZMITTEL\/K\u00dcHLMITTEL | Nauti Parts\",\"isPartOf\":{\"@id\":\"https:\/\/nauti-parts.com\/de\/#website\"},\"primaryImageOfPage\":{\"@id\":\"https:\/\/nauti-parts.com\/de\/shop\/sea-doo-zubehor\/xps\/xps-vorgemischtes-frostschutzmittel-kuehlmittel\/#primaryimage\"},\"image\":{\"@id\":\"https:\/\/nauti-parts.com\/de\/shop\/sea-doo-zubehor\/xps\/xps-vorgemischtes-frostschutzmittel-kuehlmittel\/#primaryimage\"},\"thumbnailUrl\":\"https:\/\/nauti-parts.com\/wp-content\/uploads\/2017\/12\/779150.jpg\",\"datePublished\":\"2017-12-04T15:38:03+00:00\",\"breadcrumb\":{\"@id\":\"https:\/\/nauti-parts.com\/de\/shop\/sea-doo-zubehor\/xps\/xps-vorgemischtes-frostschutzmittel-kuehlmittel\/#breadcrumb\"},\"inLanguage\":\"de\",\"potentialAction\":[{\"@type\":\"ReadAction\",\"target\":[\"https:\/\/nauti-parts.com\/de\/shop\/sea-doo-zubehor\/xps\/xps-vorgemischtes-frostschutzmittel-kuehlmittel\/\"]}]},{\"@type\":\"ImageObject\",\"inLanguage\":\"de\",\"@id\":\"https:\/\/nauti-parts.com\/de\/shop\/sea-doo-zubehor\/xps\/xps-vorgemischtes-frostschutzmittel-kuehlmittel\/#primaryimage\",\"url\":\"https:\/\/nauti-parts.com\/wp-content\/uploads\/2017\/12\/779150.jpg\",\"contentUrl\":\"https:\/\/nauti-parts.com\/wp-content\/uploads\/2017\/12\/779150.jpg\",\"width\":1600,\"height\":1600},{\"@type\":\"BreadcrumbList\",\"@id\":\"https:\/\/nauti-parts.com\/de\/shop\/sea-doo-zubehor\/xps\/xps-vorgemischtes-frostschutzmittel-kuehlmittel\/#breadcrumb\",\"itemListElement\":[{\"@type\":\"ListItem\",\"position\":1,\"name\":\"Shop\",\"item\":\"https:\/\/nauti-parts.com\/de\/shop\/\"},{\"@type\":\"ListItem\",\"position\":2,\"name\":\"XPS VORGEMISCHTES FROSTSCHUTZMITTEL\/K\u00dcHLMITTEL\"}]},{\"@type\":\"WebSite\",\"@id\":\"https:\/\/nauti-parts.com\/de\/#website\",\"url\":\"https:\/\/nauti-parts.com\/de\/\",\"name\":\"Nauti Parts\",\"description\":\"Sea-Doo Jet Ski - Seabob Dealer and Rentals | Water Toys Mallorca\",\"publisher\":{\"@id\":\"https:\/\/nauti-parts.com\/de\/#organization\"},\"potentialAction\":[{\"@type\":\"SearchAction\",\"target\":{\"@type\":\"EntryPoint\",\"urlTemplate\":\"https:\/\/nauti-parts.com\/de\/?s={search_term_string}\"},\"query-input\":{\"@type\":\"PropertyValueSpecification\",\"valueRequired\":true,\"valueName\":\"search_term_string\"}}],\"inLanguage\":\"de\"},{\"@type\":\"Organization\",\"@id\":\"https:\/\/nauti-parts.com\/de\/#organization\",\"name\":\"Nauti Teile\",\"url\":\"https:\/\/nauti-parts.com\/de\/\",\"logo\":{\"@type\":\"ImageObject\",\"inLanguage\":\"de\",\"@id\":\"https:\/\/nauti-parts.com\/de\/#\/schema\/logo\/image\/\",\"url\":\"https:\/\/nauti-parts.com\/wp-content\/uploads\/2023\/10\/np-logo-black.png\",\"contentUrl\":\"https:\/\/nauti-parts.com\/wp-content\/uploads\/2023\/10\/np-logo-black.png\",\"width\":253,\"height\":100,\"caption\":\"Nauti Teile\"},\"image\":{\"@id\":\"https:\/\/nauti-parts.com\/de\/#\/schema\/logo\/image\/\"},\"sameAs\":[\"https:\/\/www.facebook.com\/nautipartsspain\/\",\"https:\/\/www.instagram.com\/nautiparts\/\"]}]}<\/script>\n<!-- \/ Yoast SEO plugin. -->","yoast_head_json":{"title":"XPS VORGEMISCHTES FROSTSCHUTZMITTEL\/K\u00dcHLMITTEL | Nauti Parts","robots":{"index":"index","follow":"follow","max-snippet":"max-snippet:-1","max-image-preview":"max-image-preview:large","max-video-preview":"max-video-preview:-1"},"canonical":"https:\/\/nauti-parts.com\/de\/shop\/sea-doo-zubehor\/xps\/xps-vorgemischtes-frostschutzmittel-kuehlmittel\/","og_locale":"de_DE","og_type":"article","og_title":"XPS VORGEMISCHTES FROSTSCHUTZMITTEL\/K\u00dcHLMITTEL | Nauti Parts","og_description":"Die Marke XPS bietet eine komplette Familie von Hochleistungsprodukten, die Ihr Sea-Doo-Wasserfahrzeug fachm\u00e4nnisch sch\u00fctzen, verbessern und dessen Lebensdauer verl\u00e4ngern. 946 ml","og_url":"https:\/\/nauti-parts.com\/de\/shop\/sea-doo-zubehor\/xps\/xps-vorgemischtes-frostschutzmittel-kuehlmittel\/","og_site_name":"Nauti Parts","article_publisher":"https:\/\/www.facebook.com\/nautipartsspain\/","og_image":[{"width":1600,"height":1600,"url":"https:\/\/nauti-parts.com\/wp-content\/uploads\/2017\/12\/779150.jpg","type":"image\/jpeg"}],"twitter_card":"summary_large_image","schema":{"@context":"https:\/\/schema.org","@graph":[{"@type":"WebPage","@id":"https:\/\/nauti-parts.com\/de\/shop\/sea-doo-zubehor\/xps\/xps-vorgemischtes-frostschutzmittel-kuehlmittel\/","url":"https:\/\/nauti-parts.com\/de\/shop\/sea-doo-zubehor\/xps\/xps-vorgemischtes-frostschutzmittel-kuehlmittel\/","name":"XPS VORGEMISCHTES FROSTSCHUTZMITTEL\/K\u00dcHLMITTEL | Nauti Parts","isPartOf":{"@id":"https:\/\/nauti-parts.com\/de\/#website"},"primaryImageOfPage":{"@id":"https:\/\/nauti-parts.com\/de\/shop\/sea-doo-zubehor\/xps\/xps-vorgemischtes-frostschutzmittel-kuehlmittel\/#primaryimage"},"image":{"@id":"https:\/\/nauti-parts.com\/de\/shop\/sea-doo-zubehor\/xps\/xps-vorgemischtes-frostschutzmittel-kuehlmittel\/#primaryimage"},"thumbnailUrl":"https:\/\/nauti-parts.com\/wp-content\/uploads\/2017\/12\/779150.jpg","datePublished":"2017-12-04T15:38:03+00:00","breadcrumb":{"@id":"https:\/\/nauti-parts.com\/de\/shop\/sea-doo-zubehor\/xps\/xps-vorgemischtes-frostschutzmittel-kuehlmittel\/#breadcrumb"},"inLanguage":"de","potentialAction":[{"@type":"ReadAction","target":["https:\/\/nauti-parts.com\/de\/shop\/sea-doo-zubehor\/xps\/xps-vorgemischtes-frostschutzmittel-kuehlmittel\/"]}]},{"@type":"ImageObject","inLanguage":"de","@id":"https:\/\/nauti-parts.com\/de\/shop\/sea-doo-zubehor\/xps\/xps-vorgemischtes-frostschutzmittel-kuehlmittel\/#primaryimage","url":"https:\/\/nauti-parts.com\/wp-content\/uploads\/2017\/12\/779150.jpg","contentUrl":"https:\/\/nauti-parts.com\/wp-content\/uploads\/2017\/12\/779150.jpg","width":1600,"height":1600},{"@type":"BreadcrumbList","@id":"https:\/\/nauti-parts.com\/de\/shop\/sea-doo-zubehor\/xps\/xps-vorgemischtes-frostschutzmittel-kuehlmittel\/#breadcrumb","itemListElement":[{"@type":"ListItem","position":1,"name":"Shop","item":"https:\/\/nauti-parts.com\/de\/shop\/"},{"@type":"ListItem","position":2,"name":"XPS VORGEMISCHTES FROSTSCHUTZMITTEL\/K\u00dcHLMITTEL"}]},{"@type":"WebSite","@id":"https:\/\/nauti-parts.com\/de\/#website","url":"https:\/\/nauti-parts.com\/de\/","name":"Nauti Parts","description":"Sea-Doo Jet Ski - Seabob Dealer and Rentals | Water Toys Mallorca","publisher":{"@id":"https:\/\/nauti-parts.com\/de\/#organization"},"potentialAction":[{"@type":"SearchAction","target":{"@type":"EntryPoint","urlTemplate":"https:\/\/nauti-parts.com\/de\/?s={search_term_string}"},"query-input":{"@type":"PropertyValueSpecification","valueRequired":true,"valueName":"search_term_string"}}],"inLanguage":"de"},{"@type":"Organization","@id":"https:\/\/nauti-parts.com\/de\/#organization","name":"Nauti Teile","url":"https:\/\/nauti-parts.com\/de\/","logo":{"@type":"ImageObject","inLanguage":"de","@id":"https:\/\/nauti-parts.com\/de\/#\/schema\/logo\/image\/","url":"https:\/\/nauti-parts.com\/wp-content\/uploads\/2023\/10\/np-logo-black.png","contentUrl":"https:\/\/nauti-parts.com\/wp-content\/uploads\/2023\/10\/np-logo-black.png","width":253,"height":100,"caption":"Nauti Teile"},"image":{"@id":"https:\/\/nauti-parts.com\/de\/#\/schema\/logo\/image\/"},"sameAs":["https:\/\/www.facebook.com\/nautipartsspain\/","https:\/\/www.instagram.com\/nautiparts\/"]}]}},"_links":{"self":[{"href":"https:\/\/nauti-parts.com\/de\/wp-json\/wp\/v2\/product\/24809","targetHints":{"allow":["GET"]}}],"collection":[{"href":"https:\/\/nauti-parts.com\/de\/wp-json\/wp\/v2\/product"}],"about":[{"href":"https:\/\/nauti-parts.com\/de\/wp-json\/wp\/v2\/types\/product"}],"replies":[{"embeddable":true,"href":"https:\/\/nauti-parts.com\/de\/wp-json\/wp\/v2\/comments?post=24809"}],"wp:featuredmedia":[{"embeddable":true,"href":"https:\/\/nauti-parts.com\/de\/wp-json\/wp\/v2\/media\/2454"}],"wp:attachment":[{"href":"https:\/\/nauti-parts.com\/de\/wp-json\/wp\/v2\/media?parent=24809"}],"wp:term":[{"taxonomy":"product_brand","embeddable":true,"href":"https:\/\/nauti-parts.com\/de\/wp-json\/wp\/v2\/product_brand?post=24809"},{"taxonomy":"product_cat","embeddable":true,"href":"https:\/\/nauti-parts.com\/de\/wp-json\/wp\/v2\/product_cat?post=24809"},{"taxonomy":"product_tag","embeddable":true,"href":"https:\/\/nauti-parts.com\/de\/wp-json\/wp\/v2\/product_tag?post=24809"}],"curies":[{"name":"wp","href":"https:\/\/api.w.org\/{rel}","templated":true}]}}