{"id":23712,"date":"2025-01-20T10:06:44","date_gmt":"2025-01-20T10:06:44","guid":{"rendered":"https:\/\/nauti-parts.com\/shop\/unkategorisiert\/jobe-aero-lina-sup-board-10-0-paket\/"},"modified":"2025-01-20T10:06:44","modified_gmt":"2025-01-20T10:06:44","slug":"jobe-aero-lina-sup-board-10-0-paket","status":"publish","type":"product","link":"https:\/\/nauti-parts.com\/de\/shop\/bretter-skier\/sup\/jobe-aero-lina-sup-board-10-0-paket\/","title":{"rendered":"Jobe Aero Lina SUP Board 10.0 Paket"},"content":{"rendered":"<h2 class=\"title-3 fs24 mt20 boldTitleFont grey normal np\">Jobe Aero Lina SUP Board 10.0 Paket<\/h2>\n<div class=\"col-12 paragraph\">Tauchen Sie ein in das Paddleboarding mit dem Aero Lina SUP Board 10.0 Paket, der perfekten Wahl f\u00fcr Anf\u00e4nger. Es wurde f\u00fcr Leichtigkeit und Komfort entwickelt und verf\u00fcgt \u00fcber ein 3 mm dickes, rutschfestes Deckpad aus EVA-Schaumstoff und leichte vertikale Steppn\u00e4hte f\u00fcr eine stabile und angenehme Fahrt. Das Halkey-Roberts-Ventil macht das Aufpumpen einfach und die 8-Zoll-Flosse sorgt in Kombination mit einem 7,5-Zoll-Nose-Rocker f\u00fcr reibungslose Man\u00f6vrierbarkeit auf dem Wasser. Mit einer Gr\u00f6\u00dfe von 10&#8242; x 32&#8243; x 6&#8243; und einem Gewicht von bis zu 90 kg (198 lbs) bietet dieses Board ausreichend Platz und Stabilit\u00e4t f\u00fcr Einsteiger. Mit nur 8 kg (17,5 lbs) ist es leicht zu transportieren und aufzubauen. Im Lieferumfang enthalten sind ein verstellbares 3-teiliges Glasfaserpaddel, ein Nylonrucksack, eine Single-Action-Pumpe und eine 10 Fu\u00df lange, aufgerollte Leine. Auf alles erhalten Sie eine 5-j\u00e4hrige Garantie. Beginnen Sie Ihre Paddleboarding-Reise mit Vertrauen und Leichtigkeit.      <\/div>\n<div><\/div>\n<div>\n<ul class=\"autoColumn checkListSmall blackCheck\">\n<li>  5 Jahre Garantie<\/li>\n<li>Rutschfestes EVA-Schaumstoffmuster: Ein weiches Deckpad f\u00fcr komfortables SUPing, egal wie lang Ihre Tour ist<\/li>\n<li>9&#8243; Flosse (Montage ohne Werkzeug)<\/li>\n<li>Bungee-Aufbewahrungsnetz<\/li>\n<li>Leicht zu tragender Neoprengriff mit Paddelhalterung<\/li>\n<li>Halkey Roberts Ventil<\/li>\n<li>Abmessungen im aufgeblasenen Zustand: 10&#8242; x 32&#8243;&#8221; x 6&#8243;&#8221; | 305 x 81,3 x 15cm<\/li>\n<li>Leichte Konstruktion mit vertikalen Falln\u00e4hten<\/li>\n<li>Hilfe bei Ventilpatches<\/li>\n<li>Nasenwippe: 7,5&#8243;, Heckwippe: 0&#8243;<\/li>\n<li>Empfohlenes Gewicht des Fahrers: Bis zu 90kg | 200 Ibs<\/li>\n<li>Paketgewicht: 14kg | 31lbs<\/li>\n<\/ul>\n<\/div>\n","protected":false},"excerpt":{"rendered":"<div class=\"col-12 paragraph\">Tauchen Sie ein in das Paddleboarding mit dem Aero Lina SUP Board 10.0 Paket, der perfekten Wahl f\u00fcr Anf\u00e4nger.<\/div>\n","protected":false},"featured_media":19213,"comment_status":"open","ping_status":"closed","template":"","meta":{"_acf_changed":false},"product_brand":[],"product_cat":[214,215],"product_tag":[],"class_list":{"0":"post-23712","1":"product","2":"type-product","3":"status-publish","4":"has-post-thumbnail","6":"product_cat-bretter-skier","7":"product_cat-sup","8":"repupress_customize_woocommerce_productom_class","10":"first","11":"instock","12":"taxable","13":"shipping-taxable","14":"purchasable","15":"product-type-simple"},"acf":[],"yoast_head":"<!-- This site is optimized with the Yoast SEO plugin v27.5 - https:\/\/yoast.com\/product\/yoast-seo-wordpress\/ -->\n<title>Jobe Aero Lina SUP Board 10.0 Paket | Nauti Parts<\/title>\n<meta name=\"robots\" content=\"index, follow, max-snippet:-1, max-image-preview:large, max-video-preview:-1\" \/>\n<link rel=\"canonical\" href=\"https:\/\/nauti-parts.com\/de\/shop\/bretter-skier\/sup\/jobe-aero-lina-sup-board-10-0-paket\/\" \/>\n<meta property=\"og:locale\" content=\"de_DE\" \/>\n<meta property=\"og:type\" content=\"article\" \/>\n<meta property=\"og:title\" content=\"Jobe Aero Lina SUP Board 10.0 Paket | Nauti Parts\" \/>\n<meta property=\"og:description\" content=\"Tauchen Sie ein in das Paddleboarding mit dem Aero Lina SUP Board 10.0 Paket, der perfekten Wahl f\u00fcr Anf\u00e4nger.\" \/>\n<meta property=\"og:url\" content=\"https:\/\/nauti-parts.com\/de\/shop\/bretter-skier\/sup\/jobe-aero-lina-sup-board-10-0-paket\/\" \/>\n<meta property=\"og:site_name\" content=\"Nauti Parts\" \/>\n<meta property=\"article:publisher\" content=\"https:\/\/www.facebook.com\/nautipartsspain\/\" \/>\n<meta property=\"og:image\" content=\"https:\/\/nauti-parts.com\/wp-content\/uploads\/2025\/01\/jobe-aero-sup-lina-1-1.jpg\" \/>\n\t<meta property=\"og:image:width\" content=\"1500\" \/>\n\t<meta property=\"og:image:height\" content=\"1500\" \/>\n\t<meta property=\"og:image:type\" content=\"image\/jpeg\" \/>\n<meta name=\"twitter:card\" content=\"summary_large_image\" \/>\n<meta name=\"twitter:label1\" content=\"Gesch\u00e4tzte Lesezeit\" \/>\n\t<meta name=\"twitter:data1\" content=\"1\u00a0Minute\" \/>\n<script type=\"application\/ld+json\" class=\"yoast-schema-graph\">{\"@context\":\"https:\\\/\\\/schema.org\",\"@graph\":[{\"@type\":\"WebPage\",\"@id\":\"https:\\\/\\\/nauti-parts.com\\\/de\\\/shop\\\/bretter-skier\\\/sup\\\/jobe-aero-lina-sup-board-10-0-paket\\\/\",\"url\":\"https:\\\/\\\/nauti-parts.com\\\/de\\\/shop\\\/bretter-skier\\\/sup\\\/jobe-aero-lina-sup-board-10-0-paket\\\/\",\"name\":\"Jobe Aero Lina SUP Board 10.0 Paket | Nauti Parts\",\"isPartOf\":{\"@id\":\"https:\\\/\\\/nauti-parts.com\\\/de\\\/#website\"},\"primaryImageOfPage\":{\"@id\":\"https:\\\/\\\/nauti-parts.com\\\/de\\\/shop\\\/bretter-skier\\\/sup\\\/jobe-aero-lina-sup-board-10-0-paket\\\/#primaryimage\"},\"image\":{\"@id\":\"https:\\\/\\\/nauti-parts.com\\\/de\\\/shop\\\/bretter-skier\\\/sup\\\/jobe-aero-lina-sup-board-10-0-paket\\\/#primaryimage\"},\"thumbnailUrl\":\"https:\\\/\\\/nauti-parts.com\\\/wp-content\\\/uploads\\\/2025\\\/01\\\/jobe-aero-sup-lina-1-1.jpg\",\"datePublished\":\"2025-01-20T10:06:44+00:00\",\"breadcrumb\":{\"@id\":\"https:\\\/\\\/nauti-parts.com\\\/de\\\/shop\\\/bretter-skier\\\/sup\\\/jobe-aero-lina-sup-board-10-0-paket\\\/#breadcrumb\"},\"inLanguage\":\"de\",\"potentialAction\":[{\"@type\":\"ReadAction\",\"target\":[\"https:\\\/\\\/nauti-parts.com\\\/de\\\/shop\\\/bretter-skier\\\/sup\\\/jobe-aero-lina-sup-board-10-0-paket\\\/\"]}]},{\"@type\":\"ImageObject\",\"inLanguage\":\"de\",\"@id\":\"https:\\\/\\\/nauti-parts.com\\\/de\\\/shop\\\/bretter-skier\\\/sup\\\/jobe-aero-lina-sup-board-10-0-paket\\\/#primaryimage\",\"url\":\"https:\\\/\\\/nauti-parts.com\\\/wp-content\\\/uploads\\\/2025\\\/01\\\/jobe-aero-sup-lina-1-1.jpg\",\"contentUrl\":\"https:\\\/\\\/nauti-parts.com\\\/wp-content\\\/uploads\\\/2025\\\/01\\\/jobe-aero-sup-lina-1-1.jpg\",\"width\":1500,\"height\":1500},{\"@type\":\"BreadcrumbList\",\"@id\":\"https:\\\/\\\/nauti-parts.com\\\/de\\\/shop\\\/bretter-skier\\\/sup\\\/jobe-aero-lina-sup-board-10-0-paket\\\/#breadcrumb\",\"itemListElement\":[{\"@type\":\"ListItem\",\"position\":1,\"name\":\"Shop\",\"item\":\"https:\\\/\\\/nauti-parts.com\\\/de\\\/shop\\\/\"},{\"@type\":\"ListItem\",\"position\":2,\"name\":\"Jobe Aero Lina SUP Board 10.0 Paket\"}]},{\"@type\":\"WebSite\",\"@id\":\"https:\\\/\\\/nauti-parts.com\\\/de\\\/#website\",\"url\":\"https:\\\/\\\/nauti-parts.com\\\/de\\\/\",\"name\":\"Nauti Parts\",\"description\":\"Sea-Doo Jet Ski - Seabob Dealer and Rentals | Water Toys Mallorca\",\"publisher\":{\"@id\":\"https:\\\/\\\/nauti-parts.com\\\/de\\\/#organization\"},\"potentialAction\":[{\"@type\":\"SearchAction\",\"target\":{\"@type\":\"EntryPoint\",\"urlTemplate\":\"https:\\\/\\\/nauti-parts.com\\\/de\\\/?s={search_term_string}\"},\"query-input\":{\"@type\":\"PropertyValueSpecification\",\"valueRequired\":true,\"valueName\":\"search_term_string\"}}],\"inLanguage\":\"de\"},{\"@type\":\"Organization\",\"@id\":\"https:\\\/\\\/nauti-parts.com\\\/de\\\/#organization\",\"name\":\"Nauti Teile\",\"url\":\"https:\\\/\\\/nauti-parts.com\\\/de\\\/\",\"logo\":{\"@type\":\"ImageObject\",\"inLanguage\":\"de\",\"@id\":\"https:\\\/\\\/nauti-parts.com\\\/de\\\/#\\\/schema\\\/logo\\\/image\\\/\",\"url\":\"https:\\\/\\\/nauti-parts.com\\\/wp-content\\\/uploads\\\/2023\\\/10\\\/np-logo-black.png\",\"contentUrl\":\"https:\\\/\\\/nauti-parts.com\\\/wp-content\\\/uploads\\\/2023\\\/10\\\/np-logo-black.png\",\"width\":253,\"height\":100,\"caption\":\"Nauti Teile\"},\"image\":{\"@id\":\"https:\\\/\\\/nauti-parts.com\\\/de\\\/#\\\/schema\\\/logo\\\/image\\\/\"},\"sameAs\":[\"https:\\\/\\\/www.facebook.com\\\/nautipartsspain\\\/\",\"https:\\\/\\\/www.instagram.com\\\/nautiparts\\\/\"]}]}<\/script>\n<!-- \/ Yoast SEO plugin. -->","yoast_head_json":{"title":"Jobe Aero Lina SUP Board 10.0 Paket | Nauti Parts","robots":{"index":"index","follow":"follow","max-snippet":"max-snippet:-1","max-image-preview":"max-image-preview:large","max-video-preview":"max-video-preview:-1"},"canonical":"https:\/\/nauti-parts.com\/de\/shop\/bretter-skier\/sup\/jobe-aero-lina-sup-board-10-0-paket\/","og_locale":"de_DE","og_type":"article","og_title":"Jobe Aero Lina SUP Board 10.0 Paket | Nauti Parts","og_description":"Tauchen Sie ein in das Paddleboarding mit dem Aero Lina SUP Board 10.0 Paket, der perfekten Wahl f\u00fcr Anf\u00e4nger.","og_url":"https:\/\/nauti-parts.com\/de\/shop\/bretter-skier\/sup\/jobe-aero-lina-sup-board-10-0-paket\/","og_site_name":"Nauti Parts","article_publisher":"https:\/\/www.facebook.com\/nautipartsspain\/","og_image":[{"width":1500,"height":1500,"url":"https:\/\/nauti-parts.com\/wp-content\/uploads\/2025\/01\/jobe-aero-sup-lina-1-1.jpg","type":"image\/jpeg"}],"twitter_card":"summary_large_image","twitter_misc":{"Gesch\u00e4tzte Lesezeit":"1\u00a0Minute"},"schema":{"@context":"https:\/\/schema.org","@graph":[{"@type":"WebPage","@id":"https:\/\/nauti-parts.com\/de\/shop\/bretter-skier\/sup\/jobe-aero-lina-sup-board-10-0-paket\/","url":"https:\/\/nauti-parts.com\/de\/shop\/bretter-skier\/sup\/jobe-aero-lina-sup-board-10-0-paket\/","name":"Jobe Aero Lina SUP Board 10.0 Paket | Nauti Parts","isPartOf":{"@id":"https:\/\/nauti-parts.com\/de\/#website"},"primaryImageOfPage":{"@id":"https:\/\/nauti-parts.com\/de\/shop\/bretter-skier\/sup\/jobe-aero-lina-sup-board-10-0-paket\/#primaryimage"},"image":{"@id":"https:\/\/nauti-parts.com\/de\/shop\/bretter-skier\/sup\/jobe-aero-lina-sup-board-10-0-paket\/#primaryimage"},"thumbnailUrl":"https:\/\/nauti-parts.com\/wp-content\/uploads\/2025\/01\/jobe-aero-sup-lina-1-1.jpg","datePublished":"2025-01-20T10:06:44+00:00","breadcrumb":{"@id":"https:\/\/nauti-parts.com\/de\/shop\/bretter-skier\/sup\/jobe-aero-lina-sup-board-10-0-paket\/#breadcrumb"},"inLanguage":"de","potentialAction":[{"@type":"ReadAction","target":["https:\/\/nauti-parts.com\/de\/shop\/bretter-skier\/sup\/jobe-aero-lina-sup-board-10-0-paket\/"]}]},{"@type":"ImageObject","inLanguage":"de","@id":"https:\/\/nauti-parts.com\/de\/shop\/bretter-skier\/sup\/jobe-aero-lina-sup-board-10-0-paket\/#primaryimage","url":"https:\/\/nauti-parts.com\/wp-content\/uploads\/2025\/01\/jobe-aero-sup-lina-1-1.jpg","contentUrl":"https:\/\/nauti-parts.com\/wp-content\/uploads\/2025\/01\/jobe-aero-sup-lina-1-1.jpg","width":1500,"height":1500},{"@type":"BreadcrumbList","@id":"https:\/\/nauti-parts.com\/de\/shop\/bretter-skier\/sup\/jobe-aero-lina-sup-board-10-0-paket\/#breadcrumb","itemListElement":[{"@type":"ListItem","position":1,"name":"Shop","item":"https:\/\/nauti-parts.com\/de\/shop\/"},{"@type":"ListItem","position":2,"name":"Jobe Aero Lina SUP Board 10.0 Paket"}]},{"@type":"WebSite","@id":"https:\/\/nauti-parts.com\/de\/#website","url":"https:\/\/nauti-parts.com\/de\/","name":"Nauti Parts","description":"Sea-Doo Jet Ski - Seabob Dealer and Rentals | Water Toys Mallorca","publisher":{"@id":"https:\/\/nauti-parts.com\/de\/#organization"},"potentialAction":[{"@type":"SearchAction","target":{"@type":"EntryPoint","urlTemplate":"https:\/\/nauti-parts.com\/de\/?s={search_term_string}"},"query-input":{"@type":"PropertyValueSpecification","valueRequired":true,"valueName":"search_term_string"}}],"inLanguage":"de"},{"@type":"Organization","@id":"https:\/\/nauti-parts.com\/de\/#organization","name":"Nauti Teile","url":"https:\/\/nauti-parts.com\/de\/","logo":{"@type":"ImageObject","inLanguage":"de","@id":"https:\/\/nauti-parts.com\/de\/#\/schema\/logo\/image\/","url":"https:\/\/nauti-parts.com\/wp-content\/uploads\/2023\/10\/np-logo-black.png","contentUrl":"https:\/\/nauti-parts.com\/wp-content\/uploads\/2023\/10\/np-logo-black.png","width":253,"height":100,"caption":"Nauti Teile"},"image":{"@id":"https:\/\/nauti-parts.com\/de\/#\/schema\/logo\/image\/"},"sameAs":["https:\/\/www.facebook.com\/nautipartsspain\/","https:\/\/www.instagram.com\/nautiparts\/"]}]}},"_links":{"self":[{"href":"https:\/\/nauti-parts.com\/de\/wp-json\/wp\/v2\/product\/23712","targetHints":{"allow":["GET"]}}],"collection":[{"href":"https:\/\/nauti-parts.com\/de\/wp-json\/wp\/v2\/product"}],"about":[{"href":"https:\/\/nauti-parts.com\/de\/wp-json\/wp\/v2\/types\/product"}],"replies":[{"embeddable":true,"href":"https:\/\/nauti-parts.com\/de\/wp-json\/wp\/v2\/comments?post=23712"}],"wp:featuredmedia":[{"embeddable":true,"href":"https:\/\/nauti-parts.com\/de\/wp-json\/wp\/v2\/media\/19213"}],"wp:attachment":[{"href":"https:\/\/nauti-parts.com\/de\/wp-json\/wp\/v2\/media?parent=23712"}],"wp:term":[{"taxonomy":"product_brand","embeddable":true,"href":"https:\/\/nauti-parts.com\/de\/wp-json\/wp\/v2\/product_brand?post=23712"},{"taxonomy":"product_cat","embeddable":true,"href":"https:\/\/nauti-parts.com\/de\/wp-json\/wp\/v2\/product_cat?post=23712"},{"taxonomy":"product_tag","embeddable":true,"href":"https:\/\/nauti-parts.com\/de\/wp-json\/wp\/v2\/product_tag?post=23712"}],"curies":[{"name":"wp","href":"https:\/\/api.w.org\/{rel}","templated":true}]}}