{"id":23620,"date":"2025-05-16T10:10:10","date_gmt":"2025-05-16T10:10:10","guid":{"rendered":"https:\/\/nauti-parts.com\/shop\/unkategorisiert\/waydoo-flyer-evo-pro-pro-plus-tragflaeche\/"},"modified":"2026-04-23T16:43:52","modified_gmt":"2026-04-23T16:43:52","slug":"waydoo-flyer-evo-pro-pro-plus-tragflaeche","status":"publish","type":"product","link":"https:\/\/nauti-parts.com\/de\/shop\/bretter-skier\/e-folien\/waydoo\/waydoo-flyer-evo-pro-pro-plus-tragflaeche\/","title":{"rendered":"Waydoo Flyer EVO PRO \/ PRO PLUS Tragfl\u00e4che"},"content":{"rendered":"<h3>Waydoo Flyer EVO PRO \/ PRO Plus: Die n\u00e4chste Evolution des E-Foiling<\/h3>\n<p><span class=\"selected\">Die mit Spannung erwarteten neuen Waydoo Boards sind da, vollgepackt mit aufregenden Innovationen. Erleben Sie verbesserte Leistung, m\u00fchelosen Transport mit <\/span><strong><span class=\"selected\">Plug &amp; Play R\u00e4dern<\/span><\/strong><span class=\"selected\">und unglaubliche Anpassungsm\u00f6glichkeiten. Die neue Serie kombiniert <\/span><strong><span class=\"selected\">herausragende Leistung<\/span><\/strong><span class=\"selected\">, a <\/span><strong><span class=\"selected\">futuristisches Design<\/span><\/strong><span class=\"selected\">und Waydoo&#8217;s charakteristische <\/span><strong><span class=\"selected\">erschwinglichen Preis<\/span><\/strong><span class=\"selected\">machen ihn zu einem Traum f\u00fcr jeden E-Fil-Enthusiasten.<\/span><\/p>\n<p><span class=\"selected\">W\u00e4hlen Sie aus zwei vorkonfigurierten Sets:<\/span><\/p>\n<ul>\n<li><strong><span class=\"selected\">EVO PRO &#8220;Einsteiger&#8221;-Set:<\/span><\/strong><span class=\"selected\"> Standard-Antrieb<\/span><\/li>\n<li><strong><span class=\"selected\">EVO PRO &#8220;Performance&#8221; Set:<\/span><\/strong><span class=\"selected\"> Verbesserter Vortrieb<\/span><\/li>\n<\/ul>\n<p><span class=\"selected\">Hergestellt aus strapazierf\u00e4higem <\/span><strong><span class=\"selected\">EPP-Material<\/span><\/strong><span class=\"selected\">bietet der EVO PRO ein kosteng\u00fcnstiges und sicheres Fahrgef\u00fchl und absorbiert St\u00f6\u00dfe perfekt. F\u00fcr noch bessere Kontrolle bietet der <\/span><strong><span class=\"selected\">PRO Plus<\/span><\/strong><span class=\"selected\"> Version mit internen Sensoren ausgestattet, die in das Waydoo Flight Management System integriert sind und ein noch besseres E-Foiling-Erlebnis bieten.<\/span><\/p>\n<hr>\n<h3><strong><span class=\"selected\">Antrieb: Entwickelte Leistung, vielf\u00e4ltige Optionen<\/span><\/strong><\/h3>\n<p><span class=\"selected\">Der Waydoo Flyer EVO bietet drei leistungsstarke Antriebsvarianten, die zu Ihrem Fahrstil passen: 6 kW (Performance und Elite) und 4 kW (Standard). Der Performance-Antrieb liefert eine berauschende Leistung f\u00fcr Fahrer bis zu 170 kg und erreicht Geschwindigkeiten bis zu 45 km\/h. Das Elite-Modell hat die gleiche Leistung wie der Performance-Antrieb, ist aber mit seinem pr\u00e4zisionsgefertigten CNC-gefr\u00e4sten Geh\u00e4use noch einen Hauch raffinierter. Die Standard-Option bietet dieselbe aufregende Geschwindigkeit f\u00fcr Fahrer bis zu 130 kg.   <\/span><\/p>\n<p><span class=\"selected\">Alle Antriebssysteme verf\u00fcgen \u00fcber ein branchenf\u00fchrendes modulares Design. Dieses einzigartige System erm\u00f6glicht ein einfaches Abnehmen vom Mast, was die Anpassungsf\u00e4higkeit, Portabilit\u00e4t und Sicherheit erh\u00f6ht und gleichzeitig die Wartungskosten minimiert. Die EVO-Antriebseinheit stellt eine bahnbrechende Kombination aus Qualit\u00e4t, Vielseitigkeit und benutzerfreundlicher Wartung dar.  <\/span><\/p>\n<hr>\n<h3><strong><span class=\"selected\">Batterie: Agilit\u00e4t trifft auf Ausdauer<\/span><\/strong><\/h3>\n<p><span class=\"selected\">Versorgen Sie Ihre Abenteuer mit dem Powerflight-Akku des Waydoo Flyer EVO, der in den Kapazit\u00e4ten 36Ah und 45Ah erh\u00e4ltlich ist. Diese Batterien sind in einem robusten Geh\u00e4use aus einer Aluminiumlegierung untergebracht und halten auch anspruchsvollen Bedingungen stand. Bei der 36Ah-Batterie steht die Gewichtsreduzierung im Vordergrund, um die Agilit\u00e4t und Man\u00f6vrierf\u00e4higkeit zu verbessern, w\u00e4hrend die 45Ah-Batterie f\u00fcr l\u00e4ngere Fahrten ausgelegt ist und bis zu 135 Minuten Fahrzeit bietet.  <\/span><\/p>\n<p><span class=\"selected\">Beide Batterien verf\u00fcgen \u00fcber ein intuitives LCD-Display f\u00fcr klare Statusaktualisierungen und sind nach IP68 wasserdicht. Eine vereinfachte Verbindung \u00fcber Lichtsignal\u00fcbertragung, Warnungen bei Auslaufen, intelligentes W\u00e4rmemanagement und dynamische Ladeanpassung sorgen f\u00fcr maximale Sicherheit, Langlebigkeit und ein optimiertes Benutzererlebnis. <\/span><\/p>\n<hr>\n<h3><strong><span class=\"selected\">Mast: Passen Sie Ihr Fahrzeug mit drei Gr\u00f6\u00dfenoptionen an<\/span><\/strong><\/h3>\n<p><span class=\"selected\">Das Waydoo Flyer EVO bietet drei Mastl\u00e4ngen, die perfekt zu Ihrem Fahrstil und Ihrer Erfahrung passen: 69 cm und 89 cm, gefertigt aus einer haltbaren Aluminiumlegierung, und eine 79 cm lange Option aus robuster, leichter Kohlefaser. Erleben Sie mehr Kontrolle und Stabilit\u00e4t mit den k\u00fcrzeren Masten, die ideal sind, um die Grundlagen zu erlernen. Die l\u00e4ngeren Masten erm\u00f6glichen es erfahrenen Fahrern, anspruchsvolle Wellen zu erobern und maximale Agilit\u00e4t zu erreichen.  <\/span><\/p>\n<p><span class=\"selected\">Das revolution\u00e4re modulare Design erm\u00f6glicht die einfache Trennung des Mastes von der Antriebseinheit, was die Tragbarkeit erheblich verbessert und die Wartung vereinfacht. Ein integriertes, programmierbares Farb-LED-Licht im oberen Mast sorgt f\u00fcr ein beeindruckendes visuelles Element, insbesondere bei Nachtfahrten. <\/span><\/p>\n<ul>\n<li><strong><span class=\"selected\">Wichtiger Hinweis:<\/span><\/strong><span class=\"selected\"> F\u00fcr die Kompatibilit\u00e4t mit dem Waydoo Au\u00dfenbordmotor-Adapter wird ein l\u00e4ngerer Mast empfohlen.<\/span><\/li>\n<\/ul>\n<hr>\n<h3><strong><span class=\"selected\">Aufr\u00fcstbare Funktionen: Unbegrenztes Potenzial freisetzen<\/span><\/strong><\/h3>\n<p><span class=\"selected\">Erweitern Sie Ihr E-Foiling-Erlebnis mit dem umfangreichen Angebot an Aufr\u00fcstungsoptionen von Waydoo. Von praktischen Transportr\u00e4dern und Au\u00dfenbordmotor-Halterungen f\u00fcr Ihr Schlauchboot bis hin zu einem leistungsstarken 1500 W Wechselrichter f\u00fcr all Ihre Ger\u00e4te &#8211; Waydoo bietet Ihnen die Werkzeuge, um Ihre Fahrt individuell zu gestalten. <\/span><\/p>\n<p><span class=\"selected\">Verwandeln Sie Ihr E-Foil in ein vielseitiges Antriebssystem, das f\u00fcr jedes Abenteuer auf dem Wasser bereit ist. Bezwingen Sie alle Bedingungen und maximieren Sie Ihren Spa\u00df, selbst bei rauer See. Mit den Upgrade-Optionen von Waydoo sind die M\u00f6glichkeiten wirklich grenzenlos.  <\/span><\/p>\n","protected":false},"excerpt":{"rendered":"<h3>Das Evo Pro ist ideal f\u00fcr Fahrer, die bereit sind, in ihre F\u00e4higkeiten zu investieren. Das Volumen des Boards und andere Leistungsparameter geben den Fahrern mehr Spielraum f\u00fcr Man\u00f6ver und machen es perfekt f\u00fcr kontinuierliche Verbesserungen. <\/h3>\n<p>Spezifikationen:<\/p>\n<p class=\"p1\">BOARD GEWICHT: <span class=\"s1\">8.7 KG<br \/>\n<\/span>ABMESSUNGEN (LXB): <span class=\"s1\">154 x 67 x 15cm<br \/>\n<\/span>VOLUMEN: <span class=\"s1\">90 L<br \/>\n<\/span>FAHRERGEWICHT: <span class=\"s1\">90 KG<br \/>\n<\/span>BATTERIE LEBENSDAUER: <span class=\"s1\">BIS ZU 140 MIN<br \/>\n<\/span>LADEDAUER: <span class=\"s1\">2.5 H<br \/>\n<\/span><span class=\"s2\">GESCHWINDIGKEIT: <\/span>BIS ZU 36 KM\/H<br \/>\n<span class=\"s2\">MAX PO WER: <\/span>4000W<br \/>\nMATERIAL: <span class=\"s1\">EPP<br \/>\n<\/span><span class=\"s2\">AKKU: <\/span>WIEDERAUFLADBARER LITHIUM-IONEN-AKKU 1800W<\/p>\n<p>Der angegebene Preis beinhaltet die IVA und schlie\u00dft die Lieferung aus.<\/p>\n","protected":false},"featured_media":23627,"comment_status":"open","ping_status":"closed","template":"","meta":{"_acf_changed":false},"product_brand":[],"product_cat":[222,353],"product_tag":[],"class_list":{"0":"post-23620","1":"product","2":"type-product","3":"status-publish","4":"has-post-thumbnail","6":"product_cat-e-folien","7":"product_cat-waydoo","8":"repupress_customize_woocommerce_productom_class","10":"first","11":"instock","12":"taxable","13":"shipping-taxable","14":"purchasable","15":"product-type-variable"},"acf":[],"yoast_head":"<!-- This site is optimized with the Yoast SEO plugin v27.5 - https:\/\/yoast.com\/product\/yoast-seo-wordpress\/ -->\n<title>Waydoo Flyer EVO PRO \/ PRO PLUS Tragfl\u00e4che | Nauti Parts<\/title>\n<meta name=\"robots\" content=\"index, follow, max-snippet:-1, max-image-preview:large, max-video-preview:-1\" \/>\n<link rel=\"canonical\" href=\"https:\/\/nauti-parts.com\/de\/shop\/bretter-skier\/e-folien\/waydoo\/waydoo-flyer-evo-pro-pro-plus-tragflaeche\/\" \/>\n<meta property=\"og:locale\" content=\"de_DE\" \/>\n<meta property=\"og:type\" content=\"article\" \/>\n<meta property=\"og:title\" content=\"Waydoo Flyer EVO PRO \/ PRO PLUS Tragfl\u00e4che | Nauti Parts\" \/>\n<meta property=\"og:description\" content=\"Das Evo Pro ist ideal f\u00fcr Fahrer, die bereit sind, in ihre F\u00e4higkeiten zu investieren. Das Volumen des Boards und andere Leistungsparameter geben den Fahrern mehr Spielraum f\u00fcr Man\u00f6ver und machen es perfekt f\u00fcr kontinuierliche Verbesserungen. Spezifikationen: BOARD GEWICHT: 8.7 KG ABMESSUNGEN (LXB): 154 x 67 x 15cm VOLUMEN: 90 L FAHRERGEWICHT: 90 KG BATTERIE LEBENSDAUER: BIS ZU 140 MIN LADEDAUER: 2.5 H GESCHWINDIGKEIT: BIS ZU 36 KM\/H MAX PO WER: 4000W MATERIAL: EPP AKKU: WIEDERAUFLADBARER LITHIUM-IONEN-AKKU 1800W Der angegebene Preis beinhaltet die IVA und schlie\u00dft die Lieferung aus.\" \/>\n<meta property=\"og:url\" content=\"https:\/\/nauti-parts.com\/de\/shop\/bretter-skier\/e-folien\/waydoo\/waydoo-flyer-evo-pro-pro-plus-tragflaeche\/\" \/>\n<meta property=\"og:site_name\" content=\"Nauti Parts\" \/>\n<meta property=\"article:publisher\" content=\"https:\/\/www.facebook.com\/nautipartsspain\/\" \/>\n<meta property=\"article:modified_time\" content=\"2026-04-23T16:43:52+00:00\" \/>\n<meta property=\"og:image\" content=\"https:\/\/nauti-parts.com\/wp-content\/uploads\/2025\/05\/waydoo-pro-efoil.jpg\" \/>\n\t<meta property=\"og:image:width\" content=\"1600\" \/>\n\t<meta property=\"og:image:height\" content=\"1600\" \/>\n\t<meta property=\"og:image:type\" content=\"image\/jpeg\" \/>\n<meta name=\"twitter:card\" content=\"summary_large_image\" \/>\n<meta name=\"twitter:label1\" content=\"Gesch\u00e4tzte Lesezeit\" \/>\n\t<meta name=\"twitter:data1\" content=\"3\u00a0Minuten\" \/>\n<script type=\"application\/ld+json\" class=\"yoast-schema-graph\">{\"@context\":\"https:\\\/\\\/schema.org\",\"@graph\":[{\"@type\":\"WebPage\",\"@id\":\"https:\\\/\\\/nauti-parts.com\\\/de\\\/shop\\\/bretter-skier\\\/e-folien\\\/waydoo\\\/waydoo-flyer-evo-pro-pro-plus-tragflaeche\\\/\",\"url\":\"https:\\\/\\\/nauti-parts.com\\\/de\\\/shop\\\/bretter-skier\\\/e-folien\\\/waydoo\\\/waydoo-flyer-evo-pro-pro-plus-tragflaeche\\\/\",\"name\":\"Waydoo Flyer EVO PRO \\\/ PRO PLUS Tragfl\u00e4che | Nauti Parts\",\"isPartOf\":{\"@id\":\"https:\\\/\\\/nauti-parts.com\\\/de\\\/#website\"},\"primaryImageOfPage\":{\"@id\":\"https:\\\/\\\/nauti-parts.com\\\/de\\\/shop\\\/bretter-skier\\\/e-folien\\\/waydoo\\\/waydoo-flyer-evo-pro-pro-plus-tragflaeche\\\/#primaryimage\"},\"image\":{\"@id\":\"https:\\\/\\\/nauti-parts.com\\\/de\\\/shop\\\/bretter-skier\\\/e-folien\\\/waydoo\\\/waydoo-flyer-evo-pro-pro-plus-tragflaeche\\\/#primaryimage\"},\"thumbnailUrl\":\"https:\\\/\\\/nauti-parts.com\\\/wp-content\\\/uploads\\\/2025\\\/05\\\/waydoo-pro-efoil.jpg\",\"datePublished\":\"2025-05-16T10:10:10+00:00\",\"dateModified\":\"2026-04-23T16:43:52+00:00\",\"breadcrumb\":{\"@id\":\"https:\\\/\\\/nauti-parts.com\\\/de\\\/shop\\\/bretter-skier\\\/e-folien\\\/waydoo\\\/waydoo-flyer-evo-pro-pro-plus-tragflaeche\\\/#breadcrumb\"},\"inLanguage\":\"de\",\"potentialAction\":[{\"@type\":\"ReadAction\",\"target\":[\"https:\\\/\\\/nauti-parts.com\\\/de\\\/shop\\\/bretter-skier\\\/e-folien\\\/waydoo\\\/waydoo-flyer-evo-pro-pro-plus-tragflaeche\\\/\"]}]},{\"@type\":\"ImageObject\",\"inLanguage\":\"de\",\"@id\":\"https:\\\/\\\/nauti-parts.com\\\/de\\\/shop\\\/bretter-skier\\\/e-folien\\\/waydoo\\\/waydoo-flyer-evo-pro-pro-plus-tragflaeche\\\/#primaryimage\",\"url\":\"https:\\\/\\\/nauti-parts.com\\\/wp-content\\\/uploads\\\/2025\\\/05\\\/waydoo-pro-efoil.jpg\",\"contentUrl\":\"https:\\\/\\\/nauti-parts.com\\\/wp-content\\\/uploads\\\/2025\\\/05\\\/waydoo-pro-efoil.jpg\",\"width\":1600,\"height\":1600},{\"@type\":\"BreadcrumbList\",\"@id\":\"https:\\\/\\\/nauti-parts.com\\\/de\\\/shop\\\/bretter-skier\\\/e-folien\\\/waydoo\\\/waydoo-flyer-evo-pro-pro-plus-tragflaeche\\\/#breadcrumb\",\"itemListElement\":[{\"@type\":\"ListItem\",\"position\":1,\"name\":\"Shop\",\"item\":\"https:\\\/\\\/nauti-parts.com\\\/de\\\/shop\\\/\"},{\"@type\":\"ListItem\",\"position\":2,\"name\":\"Waydoo Flyer EVO PRO \\\/ PRO PLUS Tragfl\u00e4che\"}]},{\"@type\":\"WebSite\",\"@id\":\"https:\\\/\\\/nauti-parts.com\\\/de\\\/#website\",\"url\":\"https:\\\/\\\/nauti-parts.com\\\/de\\\/\",\"name\":\"Nauti Parts\",\"description\":\"Sea-Doo Jet Ski - Seabob Dealer and Rentals | Water Toys Mallorca\",\"publisher\":{\"@id\":\"https:\\\/\\\/nauti-parts.com\\\/de\\\/#organization\"},\"potentialAction\":[{\"@type\":\"SearchAction\",\"target\":{\"@type\":\"EntryPoint\",\"urlTemplate\":\"https:\\\/\\\/nauti-parts.com\\\/de\\\/?s={search_term_string}\"},\"query-input\":{\"@type\":\"PropertyValueSpecification\",\"valueRequired\":true,\"valueName\":\"search_term_string\"}}],\"inLanguage\":\"de\"},{\"@type\":\"Organization\",\"@id\":\"https:\\\/\\\/nauti-parts.com\\\/de\\\/#organization\",\"name\":\"Nauti Teile\",\"url\":\"https:\\\/\\\/nauti-parts.com\\\/de\\\/\",\"logo\":{\"@type\":\"ImageObject\",\"inLanguage\":\"de\",\"@id\":\"https:\\\/\\\/nauti-parts.com\\\/de\\\/#\\\/schema\\\/logo\\\/image\\\/\",\"url\":\"https:\\\/\\\/nauti-parts.com\\\/wp-content\\\/uploads\\\/2023\\\/10\\\/np-logo-black.png\",\"contentUrl\":\"https:\\\/\\\/nauti-parts.com\\\/wp-content\\\/uploads\\\/2023\\\/10\\\/np-logo-black.png\",\"width\":253,\"height\":100,\"caption\":\"Nauti Teile\"},\"image\":{\"@id\":\"https:\\\/\\\/nauti-parts.com\\\/de\\\/#\\\/schema\\\/logo\\\/image\\\/\"},\"sameAs\":[\"https:\\\/\\\/www.facebook.com\\\/nautipartsspain\\\/\",\"https:\\\/\\\/www.instagram.com\\\/nautiparts\\\/\"]}]}<\/script>\n<!-- \/ Yoast SEO plugin. -->","yoast_head_json":{"title":"Waydoo Flyer EVO PRO \/ PRO PLUS Tragfl\u00e4che | Nauti Parts","robots":{"index":"index","follow":"follow","max-snippet":"max-snippet:-1","max-image-preview":"max-image-preview:large","max-video-preview":"max-video-preview:-1"},"canonical":"https:\/\/nauti-parts.com\/de\/shop\/bretter-skier\/e-folien\/waydoo\/waydoo-flyer-evo-pro-pro-plus-tragflaeche\/","og_locale":"de_DE","og_type":"article","og_title":"Waydoo Flyer EVO PRO \/ PRO PLUS Tragfl\u00e4che | Nauti Parts","og_description":"Das Evo Pro ist ideal f\u00fcr Fahrer, die bereit sind, in ihre F\u00e4higkeiten zu investieren. Das Volumen des Boards und andere Leistungsparameter geben den Fahrern mehr Spielraum f\u00fcr Man\u00f6ver und machen es perfekt f\u00fcr kontinuierliche Verbesserungen. Spezifikationen: BOARD GEWICHT: 8.7 KG ABMESSUNGEN (LXB): 154 x 67 x 15cm VOLUMEN: 90 L FAHRERGEWICHT: 90 KG BATTERIE LEBENSDAUER: BIS ZU 140 MIN LADEDAUER: 2.5 H GESCHWINDIGKEIT: BIS ZU 36 KM\/H MAX PO WER: 4000W MATERIAL: EPP AKKU: WIEDERAUFLADBARER LITHIUM-IONEN-AKKU 1800W Der angegebene Preis beinhaltet die IVA und schlie\u00dft die Lieferung aus.","og_url":"https:\/\/nauti-parts.com\/de\/shop\/bretter-skier\/e-folien\/waydoo\/waydoo-flyer-evo-pro-pro-plus-tragflaeche\/","og_site_name":"Nauti Parts","article_publisher":"https:\/\/www.facebook.com\/nautipartsspain\/","article_modified_time":"2026-04-23T16:43:52+00:00","og_image":[{"width":1600,"height":1600,"url":"https:\/\/nauti-parts.com\/wp-content\/uploads\/2025\/05\/waydoo-pro-efoil.jpg","type":"image\/jpeg"}],"twitter_card":"summary_large_image","twitter_misc":{"Gesch\u00e4tzte Lesezeit":"3\u00a0Minuten"},"schema":{"@context":"https:\/\/schema.org","@graph":[{"@type":"WebPage","@id":"https:\/\/nauti-parts.com\/de\/shop\/bretter-skier\/e-folien\/waydoo\/waydoo-flyer-evo-pro-pro-plus-tragflaeche\/","url":"https:\/\/nauti-parts.com\/de\/shop\/bretter-skier\/e-folien\/waydoo\/waydoo-flyer-evo-pro-pro-plus-tragflaeche\/","name":"Waydoo Flyer EVO PRO \/ PRO PLUS Tragfl\u00e4che | Nauti Parts","isPartOf":{"@id":"https:\/\/nauti-parts.com\/de\/#website"},"primaryImageOfPage":{"@id":"https:\/\/nauti-parts.com\/de\/shop\/bretter-skier\/e-folien\/waydoo\/waydoo-flyer-evo-pro-pro-plus-tragflaeche\/#primaryimage"},"image":{"@id":"https:\/\/nauti-parts.com\/de\/shop\/bretter-skier\/e-folien\/waydoo\/waydoo-flyer-evo-pro-pro-plus-tragflaeche\/#primaryimage"},"thumbnailUrl":"https:\/\/nauti-parts.com\/wp-content\/uploads\/2025\/05\/waydoo-pro-efoil.jpg","datePublished":"2025-05-16T10:10:10+00:00","dateModified":"2026-04-23T16:43:52+00:00","breadcrumb":{"@id":"https:\/\/nauti-parts.com\/de\/shop\/bretter-skier\/e-folien\/waydoo\/waydoo-flyer-evo-pro-pro-plus-tragflaeche\/#breadcrumb"},"inLanguage":"de","potentialAction":[{"@type":"ReadAction","target":["https:\/\/nauti-parts.com\/de\/shop\/bretter-skier\/e-folien\/waydoo\/waydoo-flyer-evo-pro-pro-plus-tragflaeche\/"]}]},{"@type":"ImageObject","inLanguage":"de","@id":"https:\/\/nauti-parts.com\/de\/shop\/bretter-skier\/e-folien\/waydoo\/waydoo-flyer-evo-pro-pro-plus-tragflaeche\/#primaryimage","url":"https:\/\/nauti-parts.com\/wp-content\/uploads\/2025\/05\/waydoo-pro-efoil.jpg","contentUrl":"https:\/\/nauti-parts.com\/wp-content\/uploads\/2025\/05\/waydoo-pro-efoil.jpg","width":1600,"height":1600},{"@type":"BreadcrumbList","@id":"https:\/\/nauti-parts.com\/de\/shop\/bretter-skier\/e-folien\/waydoo\/waydoo-flyer-evo-pro-pro-plus-tragflaeche\/#breadcrumb","itemListElement":[{"@type":"ListItem","position":1,"name":"Shop","item":"https:\/\/nauti-parts.com\/de\/shop\/"},{"@type":"ListItem","position":2,"name":"Waydoo Flyer EVO PRO \/ PRO PLUS Tragfl\u00e4che"}]},{"@type":"WebSite","@id":"https:\/\/nauti-parts.com\/de\/#website","url":"https:\/\/nauti-parts.com\/de\/","name":"Nauti Parts","description":"Sea-Doo Jet Ski - Seabob Dealer and Rentals | Water Toys Mallorca","publisher":{"@id":"https:\/\/nauti-parts.com\/de\/#organization"},"potentialAction":[{"@type":"SearchAction","target":{"@type":"EntryPoint","urlTemplate":"https:\/\/nauti-parts.com\/de\/?s={search_term_string}"},"query-input":{"@type":"PropertyValueSpecification","valueRequired":true,"valueName":"search_term_string"}}],"inLanguage":"de"},{"@type":"Organization","@id":"https:\/\/nauti-parts.com\/de\/#organization","name":"Nauti Teile","url":"https:\/\/nauti-parts.com\/de\/","logo":{"@type":"ImageObject","inLanguage":"de","@id":"https:\/\/nauti-parts.com\/de\/#\/schema\/logo\/image\/","url":"https:\/\/nauti-parts.com\/wp-content\/uploads\/2023\/10\/np-logo-black.png","contentUrl":"https:\/\/nauti-parts.com\/wp-content\/uploads\/2023\/10\/np-logo-black.png","width":253,"height":100,"caption":"Nauti Teile"},"image":{"@id":"https:\/\/nauti-parts.com\/de\/#\/schema\/logo\/image\/"},"sameAs":["https:\/\/www.facebook.com\/nautipartsspain\/","https:\/\/www.instagram.com\/nautiparts\/"]}]}},"_links":{"self":[{"href":"https:\/\/nauti-parts.com\/de\/wp-json\/wp\/v2\/product\/23620","targetHints":{"allow":["GET"]}}],"collection":[{"href":"https:\/\/nauti-parts.com\/de\/wp-json\/wp\/v2\/product"}],"about":[{"href":"https:\/\/nauti-parts.com\/de\/wp-json\/wp\/v2\/types\/product"}],"replies":[{"embeddable":true,"href":"https:\/\/nauti-parts.com\/de\/wp-json\/wp\/v2\/comments?post=23620"}],"wp:featuredmedia":[{"embeddable":true,"href":"https:\/\/nauti-parts.com\/de\/wp-json\/wp\/v2\/media\/23627"}],"wp:attachment":[{"href":"https:\/\/nauti-parts.com\/de\/wp-json\/wp\/v2\/media?parent=23620"}],"wp:term":[{"taxonomy":"product_brand","embeddable":true,"href":"https:\/\/nauti-parts.com\/de\/wp-json\/wp\/v2\/product_brand?post=23620"},{"taxonomy":"product_cat","embeddable":true,"href":"https:\/\/nauti-parts.com\/de\/wp-json\/wp\/v2\/product_cat?post=23620"},{"taxonomy":"product_tag","embeddable":true,"href":"https:\/\/nauti-parts.com\/de\/wp-json\/wp\/v2\/product_tag?post=23620"}],"curies":[{"name":"wp","href":"https:\/\/api.w.org\/{rel}","templated":true}]}}