{"id":23556,"date":"2025-07-30T12:15:05","date_gmt":"2025-07-30T12:15:05","guid":{"rendered":"https:\/\/nauti-parts.com\/shop\/unkategorisiert\/seanxt-elite-2025\/"},"modified":"2025-07-30T12:15:05","modified_gmt":"2025-07-30T12:15:05","slug":"seanxt-elite-2025","status":"publish","type":"product","link":"https:\/\/nauti-parts.com\/de\/shop\/wasserspielzeug\/seascooter\/seanxt-elite-2025\/","title":{"rendered":"SeaNXT ELITE 2025"},"content":{"rendered":"<p><span class=\"citation-5\">Die <\/span><b><span class=\"citation-5\">SeaNXT Elite<\/span><\/b><span class=\"citation-5 citation-end-5\"> setzt einen neuen Standard f\u00fcr Luxus-Unterwasserscooter.<\/span> Er ist das einzige Modell auf dem Markt, das vollst\u00e4ndig aus Carbon gefertigt ist und eine einzigartige Verbindungstechnologie aufweist, die die Steuergriffe nahtlos in den K\u00f6rper integriert. <span class=\"citation-4\">Seine <\/span><b><span class=\"citation-4\">T-3000 Modulus Kohlefaser<\/span><\/b><span class=\"citation-4\"> sorgt nicht nur f\u00fcr ein au\u00dfergew\u00f6hnlich hochwertiges Finish und ein bemerkenswert <\/span><b><span class=\"citation-4\">niedriges Gewicht von 22 kg<\/span><\/b><span class=\"citation-4 citation-end-4\">sondern bietet auch eine \u00fcberragende Steifigkeit f\u00fcr verbesserte Haltbarkeit.<\/span> Au\u00dferdem bringt es einen dringend ben\u00f6tigten Hauch von <b>franz\u00f6sischem Stil<\/b> auf den Markt. W\u00e4hlen Sie aus <b>vier verschiedenen Carbonfarben<\/b> f\u00fcr einen wirklich einzigartigen Look. <\/p>\n<hr>\n<p><strong>Spezifikationen<\/strong>:<\/p>\n<p>Material: Vollkarbon<br \/>\nMotor: Doppelmotor 2.2kw x2<br \/>\nAkkutyp: Lithium (24Ah)<br \/>\nBatteriegewicht: 8kg<br \/>\nMax. Schubkraft: 670N<br \/>\nH\u00f6chstgeschwindigkeit: 21 km\/h (im Shark-Modus)<br \/>\nTauchtiefe: 40m (kann stufenweise eingestellt werden)<br \/>\nAuftrieb: +3kg<br \/>\nDisplay: LCD HD 5,5&#8243; 13cm<br \/>\nModi: 4 (Shark, Sport, Cruise, Eco)<br \/>\nMindestlaufzeit: 37 min (20min im Shark-Modus + 17min im Eco-Modus )<br \/>\nMaximale Laufzeit: 120min (im ECO-Modus)<br \/>\nLadezeit: 96min<br \/>\nLichter: Voll-LED-Signatur<br \/>\nLadeger\u00e4t: Variables Ladeger\u00e4t (Langsam-, Standard- und Schnellladung)<br \/>\nProduktgr\u00f6\u00dfe: 98x50x28 cm<br \/>\nGewicht: 23kg<\/p>\n","protected":false},"excerpt":{"rendered":"<p>Wir stellen Ihnen den weltweit ersten Unterwasserscooter aus Vollkohlefaser vor: ein Wunderwerk der Technik, das eine auff\u00e4llige High-End-\u00c4sthetik mit au\u00dfergew\u00f6hnlicher Leistung verbindet &#8211; und das bei unglaublichen 22 kg.<\/p>\n<p>*Der angegebene Preis beinhaltet die IVA<\/p>\n","protected":false},"featured_media":19668,"comment_status":"open","ping_status":"closed","template":"","meta":{"_acf_changed":false},"product_brand":[],"product_cat":[245],"product_tag":[],"class_list":{"0":"post-23556","1":"product","2":"type-product","3":"status-publish","4":"has-post-thumbnail","6":"product_cat-seascooter","7":"repupress_customize_woocommerce_productom_class","9":"first","10":"instock","11":"taxable","12":"shipping-taxable","13":"purchasable","14":"product-type-simple"},"acf":[],"yoast_head":"<!-- This site is optimized with the Yoast SEO plugin v27.5 - https:\/\/yoast.com\/product\/yoast-seo-wordpress\/ -->\n<title>SeaNXT ELITE 2025 | Nauti Parts<\/title>\n<meta name=\"robots\" content=\"index, follow, max-snippet:-1, max-image-preview:large, max-video-preview:-1\" \/>\n<link rel=\"canonical\" href=\"https:\/\/nauti-parts.com\/de\/shop\/wasserspielzeug\/seascooter\/seanxt-elite-2025\/\" \/>\n<meta property=\"og:locale\" content=\"de_DE\" \/>\n<meta property=\"og:type\" content=\"article\" \/>\n<meta property=\"og:title\" content=\"SeaNXT ELITE 2025 | Nauti Parts\" \/>\n<meta property=\"og:description\" content=\"Wir stellen Ihnen den weltweit ersten Unterwasserscooter aus Vollkohlefaser vor: ein Wunderwerk der Technik, das eine auff\u00e4llige High-End-\u00c4sthetik mit au\u00dfergew\u00f6hnlicher Leistung verbindet - und das bei unglaublichen 22 kg. *Der angegebene Preis beinhaltet die IVA\" \/>\n<meta property=\"og:url\" content=\"https:\/\/nauti-parts.com\/de\/shop\/wasserspielzeug\/seascooter\/seanxt-elite-2025\/\" \/>\n<meta property=\"og:site_name\" content=\"Nauti Parts\" \/>\n<meta property=\"article:publisher\" content=\"https:\/\/www.facebook.com\/nautipartsspain\/\" \/>\n<meta property=\"og:image\" content=\"https:\/\/nauti-parts.com\/wp-content\/uploads\/2025\/07\/seanxt-elite-underwater-scooter-01.webp\" \/>\n\t<meta property=\"og:image:width\" content=\"1200\" \/>\n\t<meta property=\"og:image:height\" content=\"800\" \/>\n\t<meta property=\"og:image:type\" content=\"image\/webp\" \/>\n<meta name=\"twitter:card\" content=\"summary_large_image\" \/>\n<meta name=\"twitter:label1\" content=\"Gesch\u00e4tzte Lesezeit\" \/>\n\t<meta name=\"twitter:data1\" content=\"1\u00a0Minute\" \/>\n<script type=\"application\/ld+json\" class=\"yoast-schema-graph\">{\"@context\":\"https:\\\/\\\/schema.org\",\"@graph\":[{\"@type\":\"WebPage\",\"@id\":\"https:\\\/\\\/nauti-parts.com\\\/de\\\/shop\\\/wasserspielzeug\\\/seascooter\\\/seanxt-elite-2025\\\/\",\"url\":\"https:\\\/\\\/nauti-parts.com\\\/de\\\/shop\\\/wasserspielzeug\\\/seascooter\\\/seanxt-elite-2025\\\/\",\"name\":\"SeaNXT ELITE 2025 | Nauti Parts\",\"isPartOf\":{\"@id\":\"https:\\\/\\\/nauti-parts.com\\\/de\\\/#website\"},\"primaryImageOfPage\":{\"@id\":\"https:\\\/\\\/nauti-parts.com\\\/de\\\/shop\\\/wasserspielzeug\\\/seascooter\\\/seanxt-elite-2025\\\/#primaryimage\"},\"image\":{\"@id\":\"https:\\\/\\\/nauti-parts.com\\\/de\\\/shop\\\/wasserspielzeug\\\/seascooter\\\/seanxt-elite-2025\\\/#primaryimage\"},\"thumbnailUrl\":\"https:\\\/\\\/nauti-parts.com\\\/wp-content\\\/uploads\\\/2025\\\/07\\\/seanxt-elite-underwater-scooter-01.webp\",\"datePublished\":\"2025-07-30T12:15:05+00:00\",\"breadcrumb\":{\"@id\":\"https:\\\/\\\/nauti-parts.com\\\/de\\\/shop\\\/wasserspielzeug\\\/seascooter\\\/seanxt-elite-2025\\\/#breadcrumb\"},\"inLanguage\":\"de\",\"potentialAction\":[{\"@type\":\"ReadAction\",\"target\":[\"https:\\\/\\\/nauti-parts.com\\\/de\\\/shop\\\/wasserspielzeug\\\/seascooter\\\/seanxt-elite-2025\\\/\"]}]},{\"@type\":\"ImageObject\",\"inLanguage\":\"de\",\"@id\":\"https:\\\/\\\/nauti-parts.com\\\/de\\\/shop\\\/wasserspielzeug\\\/seascooter\\\/seanxt-elite-2025\\\/#primaryimage\",\"url\":\"https:\\\/\\\/nauti-parts.com\\\/wp-content\\\/uploads\\\/2025\\\/07\\\/seanxt-elite-underwater-scooter-01.webp\",\"contentUrl\":\"https:\\\/\\\/nauti-parts.com\\\/wp-content\\\/uploads\\\/2025\\\/07\\\/seanxt-elite-underwater-scooter-01.webp\",\"width\":1200,\"height\":800},{\"@type\":\"BreadcrumbList\",\"@id\":\"https:\\\/\\\/nauti-parts.com\\\/de\\\/shop\\\/wasserspielzeug\\\/seascooter\\\/seanxt-elite-2025\\\/#breadcrumb\",\"itemListElement\":[{\"@type\":\"ListItem\",\"position\":1,\"name\":\"Shop\",\"item\":\"https:\\\/\\\/nauti-parts.com\\\/de\\\/shop\\\/\"},{\"@type\":\"ListItem\",\"position\":2,\"name\":\"SeaNXT ELITE 2025\"}]},{\"@type\":\"WebSite\",\"@id\":\"https:\\\/\\\/nauti-parts.com\\\/de\\\/#website\",\"url\":\"https:\\\/\\\/nauti-parts.com\\\/de\\\/\",\"name\":\"Nauti Parts\",\"description\":\"Sea-Doo Jet Ski - Seabob Dealer and Rentals | Water Toys Mallorca\",\"publisher\":{\"@id\":\"https:\\\/\\\/nauti-parts.com\\\/de\\\/#organization\"},\"potentialAction\":[{\"@type\":\"SearchAction\",\"target\":{\"@type\":\"EntryPoint\",\"urlTemplate\":\"https:\\\/\\\/nauti-parts.com\\\/de\\\/?s={search_term_string}\"},\"query-input\":{\"@type\":\"PropertyValueSpecification\",\"valueRequired\":true,\"valueName\":\"search_term_string\"}}],\"inLanguage\":\"de\"},{\"@type\":\"Organization\",\"@id\":\"https:\\\/\\\/nauti-parts.com\\\/de\\\/#organization\",\"name\":\"Nauti Teile\",\"url\":\"https:\\\/\\\/nauti-parts.com\\\/de\\\/\",\"logo\":{\"@type\":\"ImageObject\",\"inLanguage\":\"de\",\"@id\":\"https:\\\/\\\/nauti-parts.com\\\/de\\\/#\\\/schema\\\/logo\\\/image\\\/\",\"url\":\"https:\\\/\\\/nauti-parts.com\\\/wp-content\\\/uploads\\\/2023\\\/10\\\/np-logo-black.png\",\"contentUrl\":\"https:\\\/\\\/nauti-parts.com\\\/wp-content\\\/uploads\\\/2023\\\/10\\\/np-logo-black.png\",\"width\":253,\"height\":100,\"caption\":\"Nauti Teile\"},\"image\":{\"@id\":\"https:\\\/\\\/nauti-parts.com\\\/de\\\/#\\\/schema\\\/logo\\\/image\\\/\"},\"sameAs\":[\"https:\\\/\\\/www.facebook.com\\\/nautipartsspain\\\/\",\"https:\\\/\\\/www.instagram.com\\\/nautiparts\\\/\"]}]}<\/script>\n<!-- \/ Yoast SEO plugin. -->","yoast_head_json":{"title":"SeaNXT ELITE 2025 | Nauti Parts","robots":{"index":"index","follow":"follow","max-snippet":"max-snippet:-1","max-image-preview":"max-image-preview:large","max-video-preview":"max-video-preview:-1"},"canonical":"https:\/\/nauti-parts.com\/de\/shop\/wasserspielzeug\/seascooter\/seanxt-elite-2025\/","og_locale":"de_DE","og_type":"article","og_title":"SeaNXT ELITE 2025 | Nauti Parts","og_description":"Wir stellen Ihnen den weltweit ersten Unterwasserscooter aus Vollkohlefaser vor: ein Wunderwerk der Technik, das eine auff\u00e4llige High-End-\u00c4sthetik mit au\u00dfergew\u00f6hnlicher Leistung verbindet - und das bei unglaublichen 22 kg. *Der angegebene Preis beinhaltet die IVA","og_url":"https:\/\/nauti-parts.com\/de\/shop\/wasserspielzeug\/seascooter\/seanxt-elite-2025\/","og_site_name":"Nauti Parts","article_publisher":"https:\/\/www.facebook.com\/nautipartsspain\/","og_image":[{"width":1200,"height":800,"url":"https:\/\/nauti-parts.com\/wp-content\/uploads\/2025\/07\/seanxt-elite-underwater-scooter-01.webp","type":"image\/webp"}],"twitter_card":"summary_large_image","twitter_misc":{"Gesch\u00e4tzte Lesezeit":"1\u00a0Minute"},"schema":{"@context":"https:\/\/schema.org","@graph":[{"@type":"WebPage","@id":"https:\/\/nauti-parts.com\/de\/shop\/wasserspielzeug\/seascooter\/seanxt-elite-2025\/","url":"https:\/\/nauti-parts.com\/de\/shop\/wasserspielzeug\/seascooter\/seanxt-elite-2025\/","name":"SeaNXT ELITE 2025 | Nauti Parts","isPartOf":{"@id":"https:\/\/nauti-parts.com\/de\/#website"},"primaryImageOfPage":{"@id":"https:\/\/nauti-parts.com\/de\/shop\/wasserspielzeug\/seascooter\/seanxt-elite-2025\/#primaryimage"},"image":{"@id":"https:\/\/nauti-parts.com\/de\/shop\/wasserspielzeug\/seascooter\/seanxt-elite-2025\/#primaryimage"},"thumbnailUrl":"https:\/\/nauti-parts.com\/wp-content\/uploads\/2025\/07\/seanxt-elite-underwater-scooter-01.webp","datePublished":"2025-07-30T12:15:05+00:00","breadcrumb":{"@id":"https:\/\/nauti-parts.com\/de\/shop\/wasserspielzeug\/seascooter\/seanxt-elite-2025\/#breadcrumb"},"inLanguage":"de","potentialAction":[{"@type":"ReadAction","target":["https:\/\/nauti-parts.com\/de\/shop\/wasserspielzeug\/seascooter\/seanxt-elite-2025\/"]}]},{"@type":"ImageObject","inLanguage":"de","@id":"https:\/\/nauti-parts.com\/de\/shop\/wasserspielzeug\/seascooter\/seanxt-elite-2025\/#primaryimage","url":"https:\/\/nauti-parts.com\/wp-content\/uploads\/2025\/07\/seanxt-elite-underwater-scooter-01.webp","contentUrl":"https:\/\/nauti-parts.com\/wp-content\/uploads\/2025\/07\/seanxt-elite-underwater-scooter-01.webp","width":1200,"height":800},{"@type":"BreadcrumbList","@id":"https:\/\/nauti-parts.com\/de\/shop\/wasserspielzeug\/seascooter\/seanxt-elite-2025\/#breadcrumb","itemListElement":[{"@type":"ListItem","position":1,"name":"Shop","item":"https:\/\/nauti-parts.com\/de\/shop\/"},{"@type":"ListItem","position":2,"name":"SeaNXT ELITE 2025"}]},{"@type":"WebSite","@id":"https:\/\/nauti-parts.com\/de\/#website","url":"https:\/\/nauti-parts.com\/de\/","name":"Nauti Parts","description":"Sea-Doo Jet Ski - Seabob Dealer and Rentals | Water Toys Mallorca","publisher":{"@id":"https:\/\/nauti-parts.com\/de\/#organization"},"potentialAction":[{"@type":"SearchAction","target":{"@type":"EntryPoint","urlTemplate":"https:\/\/nauti-parts.com\/de\/?s={search_term_string}"},"query-input":{"@type":"PropertyValueSpecification","valueRequired":true,"valueName":"search_term_string"}}],"inLanguage":"de"},{"@type":"Organization","@id":"https:\/\/nauti-parts.com\/de\/#organization","name":"Nauti Teile","url":"https:\/\/nauti-parts.com\/de\/","logo":{"@type":"ImageObject","inLanguage":"de","@id":"https:\/\/nauti-parts.com\/de\/#\/schema\/logo\/image\/","url":"https:\/\/nauti-parts.com\/wp-content\/uploads\/2023\/10\/np-logo-black.png","contentUrl":"https:\/\/nauti-parts.com\/wp-content\/uploads\/2023\/10\/np-logo-black.png","width":253,"height":100,"caption":"Nauti Teile"},"image":{"@id":"https:\/\/nauti-parts.com\/de\/#\/schema\/logo\/image\/"},"sameAs":["https:\/\/www.facebook.com\/nautipartsspain\/","https:\/\/www.instagram.com\/nautiparts\/"]}]}},"_links":{"self":[{"href":"https:\/\/nauti-parts.com\/de\/wp-json\/wp\/v2\/product\/23556","targetHints":{"allow":["GET"]}}],"collection":[{"href":"https:\/\/nauti-parts.com\/de\/wp-json\/wp\/v2\/product"}],"about":[{"href":"https:\/\/nauti-parts.com\/de\/wp-json\/wp\/v2\/types\/product"}],"replies":[{"embeddable":true,"href":"https:\/\/nauti-parts.com\/de\/wp-json\/wp\/v2\/comments?post=23556"}],"wp:featuredmedia":[{"embeddable":true,"href":"https:\/\/nauti-parts.com\/de\/wp-json\/wp\/v2\/media\/19668"}],"wp:attachment":[{"href":"https:\/\/nauti-parts.com\/de\/wp-json\/wp\/v2\/media?parent=23556"}],"wp:term":[{"taxonomy":"product_brand","embeddable":true,"href":"https:\/\/nauti-parts.com\/de\/wp-json\/wp\/v2\/product_brand?post=23556"},{"taxonomy":"product_cat","embeddable":true,"href":"https:\/\/nauti-parts.com\/de\/wp-json\/wp\/v2\/product_cat?post=23556"},{"taxonomy":"product_tag","embeddable":true,"href":"https:\/\/nauti-parts.com\/de\/wp-json\/wp\/v2\/product_tag?post=23556"}],"curies":[{"name":"wp","href":"https:\/\/api.w.org\/{rel}","templated":true}]}}