{"id":23488,"date":"2025-10-24T13:47:51","date_gmt":"2025-10-24T13:47:51","guid":{"rendered":"https:\/\/nauti-parts.com\/shop\/unkategorisiert\/spinera-bootstreppe-und-sitz\/"},"modified":"2025-10-24T13:47:51","modified_gmt":"2025-10-24T13:47:51","slug":"spinera-bootstreppe-und-sitz","status":"publish","type":"product","link":"https:\/\/nauti-parts.com\/de\/shop\/aufblasbare-waren\/plattformen\/spinera-bootstreppe-und-sitz\/","title":{"rendered":"Spinera Bootstreppe und Sitz"},"content":{"rendered":"<p class=\"p1\">Spinera Boating Steps and Seat ist die ideale Erg\u00e4nzung f\u00fcr den Steg oder das Boot. Dank der integrierten Gittertreppe mit zwei Stufen erm\u00f6glicht sie einen besonders einfachen und sicheren Einstieg ins Wasser. Au\u00dferdem dient die Plattform als bequeme Sitzgelegenheit direkt auf dem Wasser &#8211; perfekt zum Entspannen oder zum einfachen Einsteigen.  <\/p>\n<p class=\"p2\">Die robuste 15 cm HDDS Dropstitch-Konstruktion sorgt f\u00fcr Langlebigkeit und Robustheit und ist gleichzeitig kompakt und leicht.<\/p>\n<p><strong>Spezifikationen:<\/strong><\/p>\n<ul>\n<li class=\"p2\">Gr\u00f6\u00dfe: 102 x 155 cm<\/li>\n<li class=\"p2\">Material: 15 cm HDDS Dropstitch Plattform<\/li>\n<li class=\"p2\">Ventil: 1 Hochdruckventil<\/li>\n<li class=\"p2\">Anbringung: 4 D-Ringe (#316 rostfreier Stahl)<\/li>\n<li class=\"p2\">Tragekomfort: 2 obere Griffe f\u00fcr einfaches Einsteigen und Handling<\/li>\n<li class=\"p2\">Mesh-Stufen: 2 eingelassene Stufen aus fest verklebtem Netz, nicht abnehmbar<\/li>\n<li class=\"p2\">Gr\u00f6\u00dfe der Aufbewahrung: 63 x 52 x 19 cm<\/li>\n<li class=\"p2\">Gewicht: 7 kg<\/li>\n<\/ul>\n<p class=\"p1\"><strong>Das Paket enth\u00e4lt:<\/strong><\/p>\n<ul>\n<li class=\"p1\">1x Basic Tragetasche<\/li>\n<li class=\"p1\">2x Cam Buckle Straps zur Verbindung mit zus\u00e4tzlichen Plattformen<\/li>\n<li class=\"p1\">1x Reparatur-Set<\/li>\n<li class=\"p2\">2x einh\u00e4ngbare Getr\u00e4nkehalter (Art.-Nr. 24317)<\/li>\n<\/ul>\n","protected":false},"excerpt":{"rendered":"<p><b>Bequemes Einsteigen und Sitzen direkt auf dem Wasser  <\/b><\/p>\n","protected":false},"featured_media":20129,"comment_status":"open","ping_status":"closed","template":"","meta":{"_acf_changed":false},"product_brand":[],"product_cat":[239,243],"product_tag":[],"class_list":{"0":"post-23488","1":"product","2":"type-product","3":"status-publish","4":"has-post-thumbnail","6":"product_cat-aufblasbare-waren","7":"product_cat-plattformen","8":"repupress_customize_woocommerce_productom_class","10":"first","11":"instock","12":"taxable","13":"shipping-taxable","14":"purchasable","15":"product-type-simple"},"acf":[],"yoast_head":"<!-- This site is optimized with the Yoast SEO plugin v27.5 - https:\/\/yoast.com\/product\/yoast-seo-wordpress\/ -->\n<title>Spinera Bootstreppe und Sitz | Nauti Parts<\/title>\n<meta name=\"robots\" content=\"index, follow, max-snippet:-1, max-image-preview:large, max-video-preview:-1\" \/>\n<link rel=\"canonical\" href=\"https:\/\/nauti-parts.com\/de\/shop\/aufblasbare-waren\/plattformen\/spinera-bootstreppe-und-sitz\/\" \/>\n<meta property=\"og:locale\" content=\"de_DE\" \/>\n<meta property=\"og:type\" content=\"article\" \/>\n<meta property=\"og:title\" content=\"Spinera Bootstreppe und Sitz | Nauti Parts\" \/>\n<meta property=\"og:description\" content=\"Bequemes Einsteigen und Sitzen direkt auf dem Wasser\" \/>\n<meta property=\"og:url\" content=\"https:\/\/nauti-parts.com\/de\/shop\/aufblasbare-waren\/plattformen\/spinera-bootstreppe-und-sitz\/\" \/>\n<meta property=\"og:site_name\" content=\"Nauti Parts\" \/>\n<meta property=\"article:publisher\" content=\"https:\/\/www.facebook.com\/nautipartsspain\/\" \/>\n<meta property=\"og:image\" content=\"https:\/\/nauti-parts.com\/wp-content\/uploads\/2025\/10\/steps-1.jpg\" \/>\n\t<meta property=\"og:image:width\" content=\"680\" \/>\n\t<meta property=\"og:image:height\" content=\"680\" \/>\n\t<meta property=\"og:image:type\" content=\"image\/jpeg\" \/>\n<meta name=\"twitter:card\" content=\"summary_large_image\" \/>\n<meta name=\"twitter:label1\" content=\"Gesch\u00e4tzte Lesezeit\" \/>\n\t<meta name=\"twitter:data1\" content=\"1\u00a0Minute\" \/>\n<script type=\"application\/ld+json\" class=\"yoast-schema-graph\">{\"@context\":\"https:\\\/\\\/schema.org\",\"@graph\":[{\"@type\":\"WebPage\",\"@id\":\"https:\\\/\\\/nauti-parts.com\\\/de\\\/shop\\\/aufblasbare-waren\\\/plattformen\\\/spinera-bootstreppe-und-sitz\\\/\",\"url\":\"https:\\\/\\\/nauti-parts.com\\\/de\\\/shop\\\/aufblasbare-waren\\\/plattformen\\\/spinera-bootstreppe-und-sitz\\\/\",\"name\":\"Spinera Bootstreppe und Sitz | Nauti Parts\",\"isPartOf\":{\"@id\":\"https:\\\/\\\/nauti-parts.com\\\/de\\\/#website\"},\"primaryImageOfPage\":{\"@id\":\"https:\\\/\\\/nauti-parts.com\\\/de\\\/shop\\\/aufblasbare-waren\\\/plattformen\\\/spinera-bootstreppe-und-sitz\\\/#primaryimage\"},\"image\":{\"@id\":\"https:\\\/\\\/nauti-parts.com\\\/de\\\/shop\\\/aufblasbare-waren\\\/plattformen\\\/spinera-bootstreppe-und-sitz\\\/#primaryimage\"},\"thumbnailUrl\":\"https:\\\/\\\/nauti-parts.com\\\/wp-content\\\/uploads\\\/2025\\\/10\\\/steps-1.jpg\",\"datePublished\":\"2025-10-24T13:47:51+00:00\",\"breadcrumb\":{\"@id\":\"https:\\\/\\\/nauti-parts.com\\\/de\\\/shop\\\/aufblasbare-waren\\\/plattformen\\\/spinera-bootstreppe-und-sitz\\\/#breadcrumb\"},\"inLanguage\":\"de\",\"potentialAction\":[{\"@type\":\"ReadAction\",\"target\":[\"https:\\\/\\\/nauti-parts.com\\\/de\\\/shop\\\/aufblasbare-waren\\\/plattformen\\\/spinera-bootstreppe-und-sitz\\\/\"]}]},{\"@type\":\"ImageObject\",\"inLanguage\":\"de\",\"@id\":\"https:\\\/\\\/nauti-parts.com\\\/de\\\/shop\\\/aufblasbare-waren\\\/plattformen\\\/spinera-bootstreppe-und-sitz\\\/#primaryimage\",\"url\":\"https:\\\/\\\/nauti-parts.com\\\/wp-content\\\/uploads\\\/2025\\\/10\\\/steps-1.jpg\",\"contentUrl\":\"https:\\\/\\\/nauti-parts.com\\\/wp-content\\\/uploads\\\/2025\\\/10\\\/steps-1.jpg\",\"width\":680,\"height\":680},{\"@type\":\"BreadcrumbList\",\"@id\":\"https:\\\/\\\/nauti-parts.com\\\/de\\\/shop\\\/aufblasbare-waren\\\/plattformen\\\/spinera-bootstreppe-und-sitz\\\/#breadcrumb\",\"itemListElement\":[{\"@type\":\"ListItem\",\"position\":1,\"name\":\"Shop\",\"item\":\"https:\\\/\\\/nauti-parts.com\\\/de\\\/shop\\\/\"},{\"@type\":\"ListItem\",\"position\":2,\"name\":\"Spinera Bootstreppe und Sitz\"}]},{\"@type\":\"WebSite\",\"@id\":\"https:\\\/\\\/nauti-parts.com\\\/de\\\/#website\",\"url\":\"https:\\\/\\\/nauti-parts.com\\\/de\\\/\",\"name\":\"Nauti Parts\",\"description\":\"Sea-Doo Jet Ski - Seabob Dealer and Rentals | Water Toys Mallorca\",\"publisher\":{\"@id\":\"https:\\\/\\\/nauti-parts.com\\\/de\\\/#organization\"},\"potentialAction\":[{\"@type\":\"SearchAction\",\"target\":{\"@type\":\"EntryPoint\",\"urlTemplate\":\"https:\\\/\\\/nauti-parts.com\\\/de\\\/?s={search_term_string}\"},\"query-input\":{\"@type\":\"PropertyValueSpecification\",\"valueRequired\":true,\"valueName\":\"search_term_string\"}}],\"inLanguage\":\"de\"},{\"@type\":\"Organization\",\"@id\":\"https:\\\/\\\/nauti-parts.com\\\/de\\\/#organization\",\"name\":\"Nauti Teile\",\"url\":\"https:\\\/\\\/nauti-parts.com\\\/de\\\/\",\"logo\":{\"@type\":\"ImageObject\",\"inLanguage\":\"de\",\"@id\":\"https:\\\/\\\/nauti-parts.com\\\/de\\\/#\\\/schema\\\/logo\\\/image\\\/\",\"url\":\"https:\\\/\\\/nauti-parts.com\\\/wp-content\\\/uploads\\\/2023\\\/10\\\/np-logo-black.png\",\"contentUrl\":\"https:\\\/\\\/nauti-parts.com\\\/wp-content\\\/uploads\\\/2023\\\/10\\\/np-logo-black.png\",\"width\":253,\"height\":100,\"caption\":\"Nauti Teile\"},\"image\":{\"@id\":\"https:\\\/\\\/nauti-parts.com\\\/de\\\/#\\\/schema\\\/logo\\\/image\\\/\"},\"sameAs\":[\"https:\\\/\\\/www.facebook.com\\\/nautipartsspain\\\/\",\"https:\\\/\\\/www.instagram.com\\\/nautiparts\\\/\"]}]}<\/script>\n<!-- \/ Yoast SEO plugin. -->","yoast_head_json":{"title":"Spinera Bootstreppe und Sitz | Nauti Parts","robots":{"index":"index","follow":"follow","max-snippet":"max-snippet:-1","max-image-preview":"max-image-preview:large","max-video-preview":"max-video-preview:-1"},"canonical":"https:\/\/nauti-parts.com\/de\/shop\/aufblasbare-waren\/plattformen\/spinera-bootstreppe-und-sitz\/","og_locale":"de_DE","og_type":"article","og_title":"Spinera Bootstreppe und Sitz | Nauti Parts","og_description":"Bequemes Einsteigen und Sitzen direkt auf dem Wasser","og_url":"https:\/\/nauti-parts.com\/de\/shop\/aufblasbare-waren\/plattformen\/spinera-bootstreppe-und-sitz\/","og_site_name":"Nauti Parts","article_publisher":"https:\/\/www.facebook.com\/nautipartsspain\/","og_image":[{"width":680,"height":680,"url":"https:\/\/nauti-parts.com\/wp-content\/uploads\/2025\/10\/steps-1.jpg","type":"image\/jpeg"}],"twitter_card":"summary_large_image","twitter_misc":{"Gesch\u00e4tzte Lesezeit":"1\u00a0Minute"},"schema":{"@context":"https:\/\/schema.org","@graph":[{"@type":"WebPage","@id":"https:\/\/nauti-parts.com\/de\/shop\/aufblasbare-waren\/plattformen\/spinera-bootstreppe-und-sitz\/","url":"https:\/\/nauti-parts.com\/de\/shop\/aufblasbare-waren\/plattformen\/spinera-bootstreppe-und-sitz\/","name":"Spinera Bootstreppe und Sitz | Nauti Parts","isPartOf":{"@id":"https:\/\/nauti-parts.com\/de\/#website"},"primaryImageOfPage":{"@id":"https:\/\/nauti-parts.com\/de\/shop\/aufblasbare-waren\/plattformen\/spinera-bootstreppe-und-sitz\/#primaryimage"},"image":{"@id":"https:\/\/nauti-parts.com\/de\/shop\/aufblasbare-waren\/plattformen\/spinera-bootstreppe-und-sitz\/#primaryimage"},"thumbnailUrl":"https:\/\/nauti-parts.com\/wp-content\/uploads\/2025\/10\/steps-1.jpg","datePublished":"2025-10-24T13:47:51+00:00","breadcrumb":{"@id":"https:\/\/nauti-parts.com\/de\/shop\/aufblasbare-waren\/plattformen\/spinera-bootstreppe-und-sitz\/#breadcrumb"},"inLanguage":"de","potentialAction":[{"@type":"ReadAction","target":["https:\/\/nauti-parts.com\/de\/shop\/aufblasbare-waren\/plattformen\/spinera-bootstreppe-und-sitz\/"]}]},{"@type":"ImageObject","inLanguage":"de","@id":"https:\/\/nauti-parts.com\/de\/shop\/aufblasbare-waren\/plattformen\/spinera-bootstreppe-und-sitz\/#primaryimage","url":"https:\/\/nauti-parts.com\/wp-content\/uploads\/2025\/10\/steps-1.jpg","contentUrl":"https:\/\/nauti-parts.com\/wp-content\/uploads\/2025\/10\/steps-1.jpg","width":680,"height":680},{"@type":"BreadcrumbList","@id":"https:\/\/nauti-parts.com\/de\/shop\/aufblasbare-waren\/plattformen\/spinera-bootstreppe-und-sitz\/#breadcrumb","itemListElement":[{"@type":"ListItem","position":1,"name":"Shop","item":"https:\/\/nauti-parts.com\/de\/shop\/"},{"@type":"ListItem","position":2,"name":"Spinera Bootstreppe und Sitz"}]},{"@type":"WebSite","@id":"https:\/\/nauti-parts.com\/de\/#website","url":"https:\/\/nauti-parts.com\/de\/","name":"Nauti Parts","description":"Sea-Doo Jet Ski - Seabob Dealer and Rentals | Water Toys Mallorca","publisher":{"@id":"https:\/\/nauti-parts.com\/de\/#organization"},"potentialAction":[{"@type":"SearchAction","target":{"@type":"EntryPoint","urlTemplate":"https:\/\/nauti-parts.com\/de\/?s={search_term_string}"},"query-input":{"@type":"PropertyValueSpecification","valueRequired":true,"valueName":"search_term_string"}}],"inLanguage":"de"},{"@type":"Organization","@id":"https:\/\/nauti-parts.com\/de\/#organization","name":"Nauti Teile","url":"https:\/\/nauti-parts.com\/de\/","logo":{"@type":"ImageObject","inLanguage":"de","@id":"https:\/\/nauti-parts.com\/de\/#\/schema\/logo\/image\/","url":"https:\/\/nauti-parts.com\/wp-content\/uploads\/2023\/10\/np-logo-black.png","contentUrl":"https:\/\/nauti-parts.com\/wp-content\/uploads\/2023\/10\/np-logo-black.png","width":253,"height":100,"caption":"Nauti Teile"},"image":{"@id":"https:\/\/nauti-parts.com\/de\/#\/schema\/logo\/image\/"},"sameAs":["https:\/\/www.facebook.com\/nautipartsspain\/","https:\/\/www.instagram.com\/nautiparts\/"]}]}},"_links":{"self":[{"href":"https:\/\/nauti-parts.com\/de\/wp-json\/wp\/v2\/product\/23488","targetHints":{"allow":["GET"]}}],"collection":[{"href":"https:\/\/nauti-parts.com\/de\/wp-json\/wp\/v2\/product"}],"about":[{"href":"https:\/\/nauti-parts.com\/de\/wp-json\/wp\/v2\/types\/product"}],"replies":[{"embeddable":true,"href":"https:\/\/nauti-parts.com\/de\/wp-json\/wp\/v2\/comments?post=23488"}],"wp:featuredmedia":[{"embeddable":true,"href":"https:\/\/nauti-parts.com\/de\/wp-json\/wp\/v2\/media\/20129"}],"wp:attachment":[{"href":"https:\/\/nauti-parts.com\/de\/wp-json\/wp\/v2\/media?parent=23488"}],"wp:term":[{"taxonomy":"product_brand","embeddable":true,"href":"https:\/\/nauti-parts.com\/de\/wp-json\/wp\/v2\/product_brand?post=23488"},{"taxonomy":"product_cat","embeddable":true,"href":"https:\/\/nauti-parts.com\/de\/wp-json\/wp\/v2\/product_cat?post=23488"},{"taxonomy":"product_tag","embeddable":true,"href":"https:\/\/nauti-parts.com\/de\/wp-json\/wp\/v2\/product_tag?post=23488"}],"curies":[{"name":"wp","href":"https:\/\/api.w.org\/{rel}","templated":true}]}}