{"id":23412,"date":"2026-03-20T09:55:47","date_gmt":"2026-03-20T09:55:47","guid":{"rendered":"https:\/\/nauti-parts.com\/shop\/unkategorisiert\/agilis-305c-jet-tender-die-perfekte-balance-aus-leistung-und-kompaktem-luxus\/"},"modified":"2026-03-20T09:55:47","modified_gmt":"2026-03-20T09:55:47","slug":"agilis-305c-jet-tender-die-perfekte-balance-aus-leistung-und-kompaktem-luxus","status":"publish","type":"product","link":"https:\/\/nauti-parts.com\/de\/shop\/agilis-ausschreibungen\/agilis-305c-jet-tender-die-perfekte-balance-aus-leistung-und-kompaktem-luxus\/","title":{"rendered":"Agilis 305C Jet Tender &#8211; Die perfekte Balance aus Leistung und kompaktem Luxus"},"content":{"rendered":"<p data-path-to-node=\"9\"><b data-path-to-node=\"9\" data-index-in-node=\"0\">Erh\u00f6hte Leistung, kompakte Grundfl\u00e4che<\/b> Die Agilis 305C wurde f\u00fcr Yachtbesitzer entwickelt, die ein Beiboot ben\u00f6tigen, das die Leistung eines gr\u00f6\u00dferen Schiffes hat, aber in eine Standardgarage passt. Mit seinem auf Stabilit\u00e4t ausgelegten Rumpf und dem leistungsstarken 90-PS-Motor meistert dieses Modell kabbelige Gew\u00e4sser mit Leichtigkeit und bietet bis zu vier Passagieren eine trockene, sichere Fahrt. <\/p>\n<p data-path-to-node=\"10\"><b data-path-to-node=\"10\" data-index-in-node=\"0\">Unerreichte Sitzpl\u00e4tze und Ergonomie<\/b> Das &#8220;C&#8221; in 305C steht f\u00fcr Komfort. Trotz ihrer \u00fcberschaubaren Gr\u00f6\u00dfe ist die Innenaufteilung so optimiert, dass sie vier Erwachsenen echten Sitzplatz bietet. Der ergonomische Steuerstand und die hochwertige Polsterung sorgen daf\u00fcr, dass jede Reise &#8211; vom schnellen Gang zum Kai bis hin zu einem langen Nachmittag an der K\u00fcste &#8211; in vollem Komfort durchgef\u00fchrt werden kann.  <\/p>\n<p data-path-to-node=\"11\"><b data-path-to-node=\"11\" data-index-in-node=\"0\">Deutsche Ingenieurskunst vom Feinsten<\/b> Jedes Agilis 305C ist ein Zeugnis deutscher Fertigungsexzellenz. Sie wurde unter Verwendung hochwertigster ORCA\u00ae-Stoffe und maritimer Komponenten gebaut und ist so konzipiert, dass sie den h\u00e4rtesten Salzwasserbedingungen standh\u00e4lt, ohne dabei ihr elegantes Aussehen zu verlieren. Das Jet-Antriebssystem bedeutet, dass es keine freiliegenden Propeller gibt, wodurch ein H\u00f6chstma\u00df an Sicherheit f\u00fcr G\u00e4ste und Schwimmer gew\u00e4hrleistet ist.  <\/p>\n<p data-path-to-node=\"12\"><b data-path-to-node=\"12\" data-index-in-node=\"0\">Ma\u00dfgeschneidert f\u00fcr Ihre Yacht<\/b> Ihr Beiboot sollte eine Erweiterung der Identit\u00e4t Ihrer Yacht sein. Die 305C bietet umfangreiche Anpassungsm\u00f6glichkeiten, darunter eine breite Palette von Rumpffarben, Rohroberfl\u00e4chen und Polsterungen. Unser Team bei Nauti-Parts kann Ihnen helfen, eine 305C zu konfigurieren, die die \u00c4sthetik Ihres Mutterschiffs perfekt widerspiegelt.  <\/p>\n<p data-path-to-node=\"11\"><a href=\"https:\/\/nauti-parts.com\/wp-content\/uploads\/2026\/03\/agilis-305.pdf\"><strong>Spezifikationen herunterladen<\/strong><\/a><\/p>\n<div style=\"width: 900px;\" class=\"wp-video\"><video class=\"wp-video-shortcode\" id=\"video-23412-1\" width=\"900\" height=\"900\" preload=\"metadata\" controls=\"controls\"><source type=\"video\/mp4\" src=\"https:\/\/nauti-parts.com\/wp-content\/uploads\/2026\/03\/305-illustraion-gif.mp4?_=1\" \/><a href=\"https:\/\/nauti-parts.com\/wp-content\/uploads\/2026\/03\/305-illustraion-gif.mp4\">https:\/\/nauti-parts.com\/wp-content\/uploads\/2026\/03\/305-illustraion-gif.mp4<\/a><\/video><\/div>\n","protected":false},"excerpt":{"rendered":"<p data-path-to-node=\"5\">Die <b data-path-to-node=\"5\" data-index-in-node=\"4\">Agilis 305C<\/b> ist der Inbegriff eines Luxus-Tenders f\u00fcr mittelgro\u00dfe Yachten. Mit einer L\u00e4nge von 3,05 Metern bietet es eine ausgekl\u00fcgelte Steigerung der Leistung und Stabilit\u00e4t, w\u00e4hrend es gleichzeitig eine kompakte Grundfl\u00e4che beibeh\u00e4lt. Angetrieben von einem drehmomentstarken 900-ccm-Motor erreicht die 305C aufregende 38 Knoten und ist damit f\u00fcr den Wassersport ebenso geeignet wie f\u00fcr den eleganten G\u00e4stetransfer.  <\/p>\n<ul data-path-to-node=\"6\">\n<li>\n<p data-path-to-node=\"6,0,0\"><b data-path-to-node=\"6,0,0\" data-index-in-node=\"0\">Kapazit\u00e4t:<\/b> 4 Personen<\/p>\n<\/li>\n<li>\n<p data-path-to-node=\"6,1,0\"><b data-path-to-node=\"6,1,0\" data-index-in-node=\"0\">Motor:<\/b> 90HP Rotax Jet-Antrieb<\/p>\n<\/li>\n<li>\n<p data-path-to-node=\"6,2,0\"><b data-path-to-node=\"6,2,0\" data-index-in-node=\"0\">Herkunft:<\/b> Pr\u00e4zisionsgefertigt in Deutschland<\/p>\n<\/li>\n<li>\n<p data-path-to-node=\"6,3,0\"><b data-path-to-node=\"6,3,0\" data-index-in-node=\"0\">H\u00f6chstgeschwindigkeit:<\/b> 38 Knoten<\/p>\n<\/li>\n<\/ul>\n","protected":false},"featured_media":20446,"comment_status":"open","ping_status":"closed","template":"","meta":{"_acf_changed":false},"product_brand":[],"product_cat":[281],"product_tag":[],"class_list":{"0":"post-23412","1":"product","2":"type-product","3":"status-publish","4":"has-post-thumbnail","6":"product_cat-agilis-ausschreibungen","7":"repupress_customize_woocommerce_productom_class","9":"first","10":"instock","11":"taxable","12":"shipping-taxable","13":"product-type-simple"},"acf":[],"yoast_head":"<!-- This site is optimized with the Yoast SEO plugin v27.5 - https:\/\/yoast.com\/product\/yoast-seo-wordpress\/ -->\n<title>Agilis 305C Jet Tender - Die perfekte Balance aus Leistung und kompaktem Luxus | Nauti Parts<\/title>\n<meta name=\"robots\" content=\"index, follow, max-snippet:-1, max-image-preview:large, max-video-preview:-1\" \/>\n<link rel=\"canonical\" href=\"https:\/\/nauti-parts.com\/de\/shop\/agilis-ausschreibungen\/agilis-305c-jet-tender-die-perfekte-balance-aus-leistung-und-kompaktem-luxus\/\" \/>\n<meta property=\"og:locale\" content=\"de_DE\" \/>\n<meta property=\"og:type\" content=\"article\" \/>\n<meta property=\"og:title\" content=\"Agilis 305C Jet Tender - Die perfekte Balance aus Leistung und kompaktem Luxus | Nauti Parts\" \/>\n<meta property=\"og:description\" content=\"Die Agilis 305C ist der Inbegriff eines Luxus-Tenders f\u00fcr mittelgro\u00dfe Yachten. Mit einer L\u00e4nge von 3,05 Metern bietet es eine ausgekl\u00fcgelte Steigerung der Leistung und Stabilit\u00e4t, w\u00e4hrend es gleichzeitig eine kompakte Grundfl\u00e4che beibeh\u00e4lt. Angetrieben von einem drehmomentstarken 900-ccm-Motor erreicht die 305C aufregende 38 Knoten und ist damit f\u00fcr den Wassersport ebenso geeignet wie f\u00fcr den eleganten G\u00e4stetransfer.    Kapazit\u00e4t: 4 Personen   Motor: 90HP Rotax Jet-Antrieb   Herkunft: Pr\u00e4zisionsgefertigt in Deutschland   H\u00f6chstgeschwindigkeit: 38 Knoten\" \/>\n<meta property=\"og:url\" content=\"https:\/\/nauti-parts.com\/de\/shop\/agilis-ausschreibungen\/agilis-305c-jet-tender-die-perfekte-balance-aus-leistung-und-kompaktem-luxus\/\" \/>\n<meta property=\"og:site_name\" content=\"Nauti Parts\" \/>\n<meta property=\"article:publisher\" content=\"https:\/\/www.facebook.com\/nautipartsspain\/\" \/>\n<meta property=\"og:image\" content=\"https:\/\/nauti-parts.com\/wp-content\/uploads\/2026\/03\/305c.jpg\" \/>\n\t<meta property=\"og:image:width\" content=\"768\" \/>\n\t<meta property=\"og:image:height\" content=\"576\" \/>\n\t<meta property=\"og:image:type\" content=\"image\/jpeg\" \/>\n<meta name=\"twitter:card\" content=\"summary_large_image\" \/>\n<meta name=\"twitter:label1\" content=\"Gesch\u00e4tzte Lesezeit\" \/>\n\t<meta name=\"twitter:data1\" content=\"1\u00a0Minute\" \/>\n<script type=\"application\/ld+json\" class=\"yoast-schema-graph\">{\"@context\":\"https:\\\/\\\/schema.org\",\"@graph\":[{\"@type\":\"WebPage\",\"@id\":\"https:\\\/\\\/nauti-parts.com\\\/de\\\/shop\\\/agilis-ausschreibungen\\\/agilis-305c-jet-tender-die-perfekte-balance-aus-leistung-und-kompaktem-luxus\\\/\",\"url\":\"https:\\\/\\\/nauti-parts.com\\\/de\\\/shop\\\/agilis-ausschreibungen\\\/agilis-305c-jet-tender-die-perfekte-balance-aus-leistung-und-kompaktem-luxus\\\/\",\"name\":\"Agilis 305C Jet Tender - Die perfekte Balance aus Leistung und kompaktem Luxus | Nauti Parts\",\"isPartOf\":{\"@id\":\"https:\\\/\\\/nauti-parts.com\\\/de\\\/#website\"},\"primaryImageOfPage\":{\"@id\":\"https:\\\/\\\/nauti-parts.com\\\/de\\\/shop\\\/agilis-ausschreibungen\\\/agilis-305c-jet-tender-die-perfekte-balance-aus-leistung-und-kompaktem-luxus\\\/#primaryimage\"},\"image\":{\"@id\":\"https:\\\/\\\/nauti-parts.com\\\/de\\\/shop\\\/agilis-ausschreibungen\\\/agilis-305c-jet-tender-die-perfekte-balance-aus-leistung-und-kompaktem-luxus\\\/#primaryimage\"},\"thumbnailUrl\":\"https:\\\/\\\/nauti-parts.com\\\/wp-content\\\/uploads\\\/2026\\\/03\\\/305c.jpg\",\"datePublished\":\"2026-03-20T09:55:47+00:00\",\"breadcrumb\":{\"@id\":\"https:\\\/\\\/nauti-parts.com\\\/de\\\/shop\\\/agilis-ausschreibungen\\\/agilis-305c-jet-tender-die-perfekte-balance-aus-leistung-und-kompaktem-luxus\\\/#breadcrumb\"},\"inLanguage\":\"de\",\"potentialAction\":[{\"@type\":\"ReadAction\",\"target\":[\"https:\\\/\\\/nauti-parts.com\\\/de\\\/shop\\\/agilis-ausschreibungen\\\/agilis-305c-jet-tender-die-perfekte-balance-aus-leistung-und-kompaktem-luxus\\\/\"]}]},{\"@type\":\"ImageObject\",\"inLanguage\":\"de\",\"@id\":\"https:\\\/\\\/nauti-parts.com\\\/de\\\/shop\\\/agilis-ausschreibungen\\\/agilis-305c-jet-tender-die-perfekte-balance-aus-leistung-und-kompaktem-luxus\\\/#primaryimage\",\"url\":\"https:\\\/\\\/nauti-parts.com\\\/wp-content\\\/uploads\\\/2026\\\/03\\\/305c.jpg\",\"contentUrl\":\"https:\\\/\\\/nauti-parts.com\\\/wp-content\\\/uploads\\\/2026\\\/03\\\/305c.jpg\",\"width\":768,\"height\":576},{\"@type\":\"BreadcrumbList\",\"@id\":\"https:\\\/\\\/nauti-parts.com\\\/de\\\/shop\\\/agilis-ausschreibungen\\\/agilis-305c-jet-tender-die-perfekte-balance-aus-leistung-und-kompaktem-luxus\\\/#breadcrumb\",\"itemListElement\":[{\"@type\":\"ListItem\",\"position\":1,\"name\":\"Shop\",\"item\":\"https:\\\/\\\/nauti-parts.com\\\/de\\\/shop\\\/\"},{\"@type\":\"ListItem\",\"position\":2,\"name\":\"Agilis 305C Jet Tender &#8211; Die perfekte Balance aus Leistung und kompaktem Luxus\"}]},{\"@type\":\"WebSite\",\"@id\":\"https:\\\/\\\/nauti-parts.com\\\/de\\\/#website\",\"url\":\"https:\\\/\\\/nauti-parts.com\\\/de\\\/\",\"name\":\"Nauti Parts\",\"description\":\"Sea-Doo Jet Ski - Seabob Dealer and Rentals | Water Toys Mallorca\",\"publisher\":{\"@id\":\"https:\\\/\\\/nauti-parts.com\\\/de\\\/#organization\"},\"potentialAction\":[{\"@type\":\"SearchAction\",\"target\":{\"@type\":\"EntryPoint\",\"urlTemplate\":\"https:\\\/\\\/nauti-parts.com\\\/de\\\/?s={search_term_string}\"},\"query-input\":{\"@type\":\"PropertyValueSpecification\",\"valueRequired\":true,\"valueName\":\"search_term_string\"}}],\"inLanguage\":\"de\"},{\"@type\":\"Organization\",\"@id\":\"https:\\\/\\\/nauti-parts.com\\\/de\\\/#organization\",\"name\":\"Nauti Teile\",\"url\":\"https:\\\/\\\/nauti-parts.com\\\/de\\\/\",\"logo\":{\"@type\":\"ImageObject\",\"inLanguage\":\"de\",\"@id\":\"https:\\\/\\\/nauti-parts.com\\\/de\\\/#\\\/schema\\\/logo\\\/image\\\/\",\"url\":\"https:\\\/\\\/nauti-parts.com\\\/wp-content\\\/uploads\\\/2023\\\/10\\\/np-logo-black.png\",\"contentUrl\":\"https:\\\/\\\/nauti-parts.com\\\/wp-content\\\/uploads\\\/2023\\\/10\\\/np-logo-black.png\",\"width\":253,\"height\":100,\"caption\":\"Nauti Teile\"},\"image\":{\"@id\":\"https:\\\/\\\/nauti-parts.com\\\/de\\\/#\\\/schema\\\/logo\\\/image\\\/\"},\"sameAs\":[\"https:\\\/\\\/www.facebook.com\\\/nautipartsspain\\\/\",\"https:\\\/\\\/www.instagram.com\\\/nautiparts\\\/\"]}]}<\/script>\n<!-- \/ Yoast SEO plugin. -->","yoast_head_json":{"title":"Agilis 305C Jet Tender - Die perfekte Balance aus Leistung und kompaktem Luxus | Nauti Parts","robots":{"index":"index","follow":"follow","max-snippet":"max-snippet:-1","max-image-preview":"max-image-preview:large","max-video-preview":"max-video-preview:-1"},"canonical":"https:\/\/nauti-parts.com\/de\/shop\/agilis-ausschreibungen\/agilis-305c-jet-tender-die-perfekte-balance-aus-leistung-und-kompaktem-luxus\/","og_locale":"de_DE","og_type":"article","og_title":"Agilis 305C Jet Tender - Die perfekte Balance aus Leistung und kompaktem Luxus | Nauti Parts","og_description":"Die Agilis 305C ist der Inbegriff eines Luxus-Tenders f\u00fcr mittelgro\u00dfe Yachten. Mit einer L\u00e4nge von 3,05 Metern bietet es eine ausgekl\u00fcgelte Steigerung der Leistung und Stabilit\u00e4t, w\u00e4hrend es gleichzeitig eine kompakte Grundfl\u00e4che beibeh\u00e4lt. Angetrieben von einem drehmomentstarken 900-ccm-Motor erreicht die 305C aufregende 38 Knoten und ist damit f\u00fcr den Wassersport ebenso geeignet wie f\u00fcr den eleganten G\u00e4stetransfer.    Kapazit\u00e4t: 4 Personen   Motor: 90HP Rotax Jet-Antrieb   Herkunft: Pr\u00e4zisionsgefertigt in Deutschland   H\u00f6chstgeschwindigkeit: 38 Knoten","og_url":"https:\/\/nauti-parts.com\/de\/shop\/agilis-ausschreibungen\/agilis-305c-jet-tender-die-perfekte-balance-aus-leistung-und-kompaktem-luxus\/","og_site_name":"Nauti Parts","article_publisher":"https:\/\/www.facebook.com\/nautipartsspain\/","og_image":[{"width":768,"height":576,"url":"https:\/\/nauti-parts.com\/wp-content\/uploads\/2026\/03\/305c.jpg","type":"image\/jpeg"}],"twitter_card":"summary_large_image","twitter_misc":{"Gesch\u00e4tzte Lesezeit":"1\u00a0Minute"},"schema":{"@context":"https:\/\/schema.org","@graph":[{"@type":"WebPage","@id":"https:\/\/nauti-parts.com\/de\/shop\/agilis-ausschreibungen\/agilis-305c-jet-tender-die-perfekte-balance-aus-leistung-und-kompaktem-luxus\/","url":"https:\/\/nauti-parts.com\/de\/shop\/agilis-ausschreibungen\/agilis-305c-jet-tender-die-perfekte-balance-aus-leistung-und-kompaktem-luxus\/","name":"Agilis 305C Jet Tender - Die perfekte Balance aus Leistung und kompaktem Luxus | Nauti Parts","isPartOf":{"@id":"https:\/\/nauti-parts.com\/de\/#website"},"primaryImageOfPage":{"@id":"https:\/\/nauti-parts.com\/de\/shop\/agilis-ausschreibungen\/agilis-305c-jet-tender-die-perfekte-balance-aus-leistung-und-kompaktem-luxus\/#primaryimage"},"image":{"@id":"https:\/\/nauti-parts.com\/de\/shop\/agilis-ausschreibungen\/agilis-305c-jet-tender-die-perfekte-balance-aus-leistung-und-kompaktem-luxus\/#primaryimage"},"thumbnailUrl":"https:\/\/nauti-parts.com\/wp-content\/uploads\/2026\/03\/305c.jpg","datePublished":"2026-03-20T09:55:47+00:00","breadcrumb":{"@id":"https:\/\/nauti-parts.com\/de\/shop\/agilis-ausschreibungen\/agilis-305c-jet-tender-die-perfekte-balance-aus-leistung-und-kompaktem-luxus\/#breadcrumb"},"inLanguage":"de","potentialAction":[{"@type":"ReadAction","target":["https:\/\/nauti-parts.com\/de\/shop\/agilis-ausschreibungen\/agilis-305c-jet-tender-die-perfekte-balance-aus-leistung-und-kompaktem-luxus\/"]}]},{"@type":"ImageObject","inLanguage":"de","@id":"https:\/\/nauti-parts.com\/de\/shop\/agilis-ausschreibungen\/agilis-305c-jet-tender-die-perfekte-balance-aus-leistung-und-kompaktem-luxus\/#primaryimage","url":"https:\/\/nauti-parts.com\/wp-content\/uploads\/2026\/03\/305c.jpg","contentUrl":"https:\/\/nauti-parts.com\/wp-content\/uploads\/2026\/03\/305c.jpg","width":768,"height":576},{"@type":"BreadcrumbList","@id":"https:\/\/nauti-parts.com\/de\/shop\/agilis-ausschreibungen\/agilis-305c-jet-tender-die-perfekte-balance-aus-leistung-und-kompaktem-luxus\/#breadcrumb","itemListElement":[{"@type":"ListItem","position":1,"name":"Shop","item":"https:\/\/nauti-parts.com\/de\/shop\/"},{"@type":"ListItem","position":2,"name":"Agilis 305C Jet Tender &#8211; Die perfekte Balance aus Leistung und kompaktem Luxus"}]},{"@type":"WebSite","@id":"https:\/\/nauti-parts.com\/de\/#website","url":"https:\/\/nauti-parts.com\/de\/","name":"Nauti Parts","description":"Sea-Doo Jet Ski - Seabob Dealer and Rentals | Water Toys Mallorca","publisher":{"@id":"https:\/\/nauti-parts.com\/de\/#organization"},"potentialAction":[{"@type":"SearchAction","target":{"@type":"EntryPoint","urlTemplate":"https:\/\/nauti-parts.com\/de\/?s={search_term_string}"},"query-input":{"@type":"PropertyValueSpecification","valueRequired":true,"valueName":"search_term_string"}}],"inLanguage":"de"},{"@type":"Organization","@id":"https:\/\/nauti-parts.com\/de\/#organization","name":"Nauti Teile","url":"https:\/\/nauti-parts.com\/de\/","logo":{"@type":"ImageObject","inLanguage":"de","@id":"https:\/\/nauti-parts.com\/de\/#\/schema\/logo\/image\/","url":"https:\/\/nauti-parts.com\/wp-content\/uploads\/2023\/10\/np-logo-black.png","contentUrl":"https:\/\/nauti-parts.com\/wp-content\/uploads\/2023\/10\/np-logo-black.png","width":253,"height":100,"caption":"Nauti Teile"},"image":{"@id":"https:\/\/nauti-parts.com\/de\/#\/schema\/logo\/image\/"},"sameAs":["https:\/\/www.facebook.com\/nautipartsspain\/","https:\/\/www.instagram.com\/nautiparts\/"]}]}},"_links":{"self":[{"href":"https:\/\/nauti-parts.com\/de\/wp-json\/wp\/v2\/product\/23412","targetHints":{"allow":["GET"]}}],"collection":[{"href":"https:\/\/nauti-parts.com\/de\/wp-json\/wp\/v2\/product"}],"about":[{"href":"https:\/\/nauti-parts.com\/de\/wp-json\/wp\/v2\/types\/product"}],"replies":[{"embeddable":true,"href":"https:\/\/nauti-parts.com\/de\/wp-json\/wp\/v2\/comments?post=23412"}],"wp:featuredmedia":[{"embeddable":true,"href":"https:\/\/nauti-parts.com\/de\/wp-json\/wp\/v2\/media\/20446"}],"wp:attachment":[{"href":"https:\/\/nauti-parts.com\/de\/wp-json\/wp\/v2\/media?parent=23412"}],"wp:term":[{"taxonomy":"product_brand","embeddable":true,"href":"https:\/\/nauti-parts.com\/de\/wp-json\/wp\/v2\/product_brand?post=23412"},{"taxonomy":"product_cat","embeddable":true,"href":"https:\/\/nauti-parts.com\/de\/wp-json\/wp\/v2\/product_cat?post=23412"},{"taxonomy":"product_tag","embeddable":true,"href":"https:\/\/nauti-parts.com\/de\/wp-json\/wp\/v2\/product_tag?post=23412"}],"curies":[{"name":"wp","href":"https:\/\/api.w.org\/{rel}","templated":true}]}}