{"id":23359,"date":"2026-03-20T10:04:13","date_gmt":"2026-03-20T10:04:13","guid":{"rendered":"https:\/\/nauti-parts.com\/shop\/unkategorisiert\/agilis-360d-diesel-jet-tender-praezision-sicherheit-und-effizienz\/"},"modified":"2026-03-20T10:04:13","modified_gmt":"2026-03-20T10:04:13","slug":"agilis-360d-diesel-jet-tender-praezision-sicherheit-und-effizienz","status":"publish","type":"product","link":"https:\/\/nauti-parts.com\/de\/shop\/agilis-ausschreibungen\/agilis-360d-diesel-jet-tender-praezision-sicherheit-und-effizienz\/","title":{"rendered":"Agilis 360D Diesel Jet Tender &#8211; Pr\u00e4zision, Sicherheit und Effizienz"},"content":{"rendered":"<p data-path-to-node=\"9\"><b data-path-to-node=\"9\" data-index-in-node=\"0\">Die Vorteile des Dieselantriebs<\/b> Die Agilis 360D wurde f\u00fcr Eigner entwickelt, die Wert auf Komfort und Sicherheit legen. Durch den Einsatz eines Dieselantriebs entf\u00e4llt die Notwendigkeit, Benzin auf Ihrer Yacht zu lagern, was das Betanken vereinfacht und das Brandrisiko verringert. Der FNM 13 HPE-Motor ist nicht nur unglaublich kompakt, sondern liefert auch das hohe Drehmoment, das f\u00fcr eine m\u00fchelose Planung und die Beladung mit schweren G\u00e4sten erforderlich ist.  <\/p>\n<p data-path-to-node=\"10\"><b data-path-to-node=\"10\" data-index-in-node=\"0\">Ger\u00e4umiges Design und offenes Layout<\/b> Die 360D wurde mit einem &#8220;kombinierten Beinraum&#8221;-Layout entworfen und bietet ein offeneres und sozialeres Gef\u00fchl als herk\u00f6mmliche Tender. Diese intelligente Raumnutzung erm\u00f6glicht es bis zu sechs Passagieren, sich freier zu bewegen und bequemer zu sitzen. Trotz ihres gro\u00dfz\u00fcgigen Innenraums hat die 360D eine schlanke, flache Silhouette, die problemlos in die meisten mittleren bis gro\u00dfen Yachtgaragen passt.  <\/p>\n<p data-path-to-node=\"11\"><b data-path-to-node=\"11\" data-index-in-node=\"0\">Ausgestattet<\/b> mit einem industrietauglichen Jet-Antrieb mit einem Impeller mit gr\u00f6\u00dferem Durchmesser, bietet die 360D au\u00dfergew\u00f6hnlichen Schub und Man\u00f6vrierf\u00e4higkeit. Egal, ob Sie durch enge Hafenliegepl\u00e4tze navigieren oder mit hoher Geschwindigkeit auf offenem Wasser unterwegs sind, das Handling ist pr\u00e4zise und reaktionsschnell. Eine integrierte Inspektionsluke direkt \u00fcber dem Impeller erm\u00f6glicht eine schnelle und problemlose Wartung.  <\/p>\n<p data-path-to-node=\"12\"><b data-path-to-node=\"12\" data-index-in-node=\"0\">Ma\u00dfgeschneiderte deutsche Handwerkskunst<\/b> Wie jedes Modell der Agilis-Reihe wird auch der 360D vollst\u00e4ndig in Deutschland entworfen und gebaut. Jedes Detail &#8211; von den handverlegten Hypalonschl\u00e4uchen bis hin zu den hochwertigen Edelstahlbeschl\u00e4gen &#8211; wird nach h\u00f6chsten Standards gefertigt. Passen Sie Ihre 360D \u00fcber Nauti-Parts mit einer endlosen Reihe von Farb- und Finish-Optionen an, um die einzigartige \u00c4sthetik Ihrer Yacht zu unterstreichen.  <\/p>\n<p data-path-to-node=\"11\"><a href=\"https:\/\/nauti-parts.com\/wp-content\/uploads\/2026\/03\/agilis-360d.pdf\"><strong>Spezifikationen herunterladen<\/strong><\/a><\/p>\n<div style=\"width: 900px;\" class=\"wp-video\"><video class=\"wp-video-shortcode\" id=\"video-23359-1\" width=\"900\" height=\"900\" preload=\"metadata\" controls=\"controls\"><source type=\"video\/mp4\" src=\"https:\/\/nauti-parts.com\/wp-content\/uploads\/2026\/03\/360-illustration-gif.mp4?_=1\" \/><a href=\"https:\/\/nauti-parts.com\/wp-content\/uploads\/2026\/03\/360-illustration-gif.mp4\">https:\/\/nauti-parts.com\/wp-content\/uploads\/2026\/03\/360-illustration-gif.mp4<\/a><\/video><\/div>\n","protected":false},"excerpt":{"rendered":"<p data-path-to-node=\"5\">Der <b data-path-to-node=\"5\" data-index-in-node=\"4\">Agilis 360D<\/b> ist der ultimative kompakte Dieseltender, der branchenf\u00fchrende Sicherheit mit einem leistungsstarken Jet-Antrieb kombiniert. Angetrieben vom FNM 13 HPE, dem weltweit kleinsten und leichtesten Dieselmotor seiner Klasse, k\u00f6nnen Sie mit dem 360D direkt \u00fcber die Dieselversorgung Ihrer Yacht auftanken. Mit einer Kapazit\u00e4t von 6 Personen und einer H\u00f6chstgeschwindigkeit von 37 Knoten bietet sie eine un\u00fcbertroffene Mischung aus Effizienz und berauschender Leistung.  <\/p>\n<ul data-path-to-node=\"6\">\n<li>\n<p data-path-to-node=\"6,0,0\"><b data-path-to-node=\"6,0,0\" data-index-in-node=\"0\">Kapazit\u00e4t:<\/b> 6 Personen<\/p>\n<\/li>\n<li>\n<p data-path-to-node=\"6,1,0\"><b data-path-to-node=\"6,1,0\" data-index-in-node=\"0\">Motor:<\/b> FNM 1.3 HPE Diesel (110PS)<\/p>\n<\/li>\n<li>\n<p data-path-to-node=\"6,2,0\"><b data-path-to-node=\"6,2,0\" data-index-in-node=\"0\">H\u00f6chstgeschwindigkeit:<\/b> 37 Knoten<\/p>\n<\/li>\n<li>\n<p data-path-to-node=\"6,3,0\"><b data-path-to-node=\"6,3,0\" data-index-in-node=\"0\">Wichtigstes Merkmal:<\/b> Tanken Sie direkt aus dem Dieseltank Ihrer Yacht<\/p>\n<\/li>\n<\/ul>\n","protected":false},"featured_media":20475,"comment_status":"open","ping_status":"closed","template":"","meta":{"_acf_changed":false},"product_brand":[],"product_cat":[281],"product_tag":[],"class_list":{"0":"post-23359","1":"product","2":"type-product","3":"status-publish","4":"has-post-thumbnail","6":"product_cat-agilis-ausschreibungen","7":"repupress_customize_woocommerce_productom_class","9":"first","10":"instock","11":"taxable","12":"shipping-taxable","13":"product-type-simple"},"acf":[],"yoast_head":"<!-- This site is optimized with the Yoast SEO plugin v27.5 - https:\/\/yoast.com\/product\/yoast-seo-wordpress\/ -->\n<title>Agilis 360D Diesel Jet Tender - Pr\u00e4zision, Sicherheit und Effizienz | Nauti Parts<\/title>\n<meta name=\"robots\" content=\"index, follow, max-snippet:-1, max-image-preview:large, max-video-preview:-1\" \/>\n<link rel=\"canonical\" href=\"https:\/\/nauti-parts.com\/de\/shop\/agilis-ausschreibungen\/agilis-360d-diesel-jet-tender-praezision-sicherheit-und-effizienz\/\" \/>\n<meta property=\"og:locale\" content=\"de_DE\" \/>\n<meta property=\"og:type\" content=\"article\" \/>\n<meta property=\"og:title\" content=\"Agilis 360D Diesel Jet Tender - Pr\u00e4zision, Sicherheit und Effizienz | Nauti Parts\" \/>\n<meta property=\"og:description\" content=\"Der Agilis 360D ist der ultimative kompakte Dieseltender, der branchenf\u00fchrende Sicherheit mit einem leistungsstarken Jet-Antrieb kombiniert. Angetrieben vom FNM 13 HPE, dem weltweit kleinsten und leichtesten Dieselmotor seiner Klasse, k\u00f6nnen Sie mit dem 360D direkt \u00fcber die Dieselversorgung Ihrer Yacht auftanken. Mit einer Kapazit\u00e4t von 6 Personen und einer H\u00f6chstgeschwindigkeit von 37 Knoten bietet sie eine un\u00fcbertroffene Mischung aus Effizienz und berauschender Leistung.    Kapazit\u00e4t: 6 Personen   Motor: FNM 1.3 HPE Diesel (110PS)   H\u00f6chstgeschwindigkeit: 37 Knoten   Wichtigstes Merkmal: Tanken Sie direkt aus dem Dieseltank Ihrer Yacht\" \/>\n<meta property=\"og:url\" content=\"https:\/\/nauti-parts.com\/de\/shop\/agilis-ausschreibungen\/agilis-360d-diesel-jet-tender-praezision-sicherheit-und-effizienz\/\" \/>\n<meta property=\"og:site_name\" content=\"Nauti Parts\" \/>\n<meta property=\"article:publisher\" content=\"https:\/\/www.facebook.com\/nautipartsspain\/\" \/>\n<meta property=\"og:image\" content=\"https:\/\/nauti-parts.com\/wp-content\/uploads\/2026\/03\/360d.jpg\" \/>\n\t<meta property=\"og:image:width\" content=\"768\" \/>\n\t<meta property=\"og:image:height\" content=\"576\" \/>\n\t<meta property=\"og:image:type\" content=\"image\/jpeg\" \/>\n<meta name=\"twitter:card\" content=\"summary_large_image\" \/>\n<meta name=\"twitter:label1\" content=\"Gesch\u00e4tzte Lesezeit\" \/>\n\t<meta name=\"twitter:data1\" content=\"1\u00a0Minute\" \/>\n<script type=\"application\/ld+json\" class=\"yoast-schema-graph\">{\"@context\":\"https:\\\/\\\/schema.org\",\"@graph\":[{\"@type\":\"WebPage\",\"@id\":\"https:\\\/\\\/nauti-parts.com\\\/de\\\/shop\\\/agilis-ausschreibungen\\\/agilis-360d-diesel-jet-tender-praezision-sicherheit-und-effizienz\\\/\",\"url\":\"https:\\\/\\\/nauti-parts.com\\\/de\\\/shop\\\/agilis-ausschreibungen\\\/agilis-360d-diesel-jet-tender-praezision-sicherheit-und-effizienz\\\/\",\"name\":\"Agilis 360D Diesel Jet Tender - Pr\u00e4zision, Sicherheit und Effizienz | Nauti Parts\",\"isPartOf\":{\"@id\":\"https:\\\/\\\/nauti-parts.com\\\/de\\\/#website\"},\"primaryImageOfPage\":{\"@id\":\"https:\\\/\\\/nauti-parts.com\\\/de\\\/shop\\\/agilis-ausschreibungen\\\/agilis-360d-diesel-jet-tender-praezision-sicherheit-und-effizienz\\\/#primaryimage\"},\"image\":{\"@id\":\"https:\\\/\\\/nauti-parts.com\\\/de\\\/shop\\\/agilis-ausschreibungen\\\/agilis-360d-diesel-jet-tender-praezision-sicherheit-und-effizienz\\\/#primaryimage\"},\"thumbnailUrl\":\"https:\\\/\\\/nauti-parts.com\\\/wp-content\\\/uploads\\\/2026\\\/03\\\/360d.jpg\",\"datePublished\":\"2026-03-20T10:04:13+00:00\",\"breadcrumb\":{\"@id\":\"https:\\\/\\\/nauti-parts.com\\\/de\\\/shop\\\/agilis-ausschreibungen\\\/agilis-360d-diesel-jet-tender-praezision-sicherheit-und-effizienz\\\/#breadcrumb\"},\"inLanguage\":\"de\",\"potentialAction\":[{\"@type\":\"ReadAction\",\"target\":[\"https:\\\/\\\/nauti-parts.com\\\/de\\\/shop\\\/agilis-ausschreibungen\\\/agilis-360d-diesel-jet-tender-praezision-sicherheit-und-effizienz\\\/\"]}]},{\"@type\":\"ImageObject\",\"inLanguage\":\"de\",\"@id\":\"https:\\\/\\\/nauti-parts.com\\\/de\\\/shop\\\/agilis-ausschreibungen\\\/agilis-360d-diesel-jet-tender-praezision-sicherheit-und-effizienz\\\/#primaryimage\",\"url\":\"https:\\\/\\\/nauti-parts.com\\\/wp-content\\\/uploads\\\/2026\\\/03\\\/360d.jpg\",\"contentUrl\":\"https:\\\/\\\/nauti-parts.com\\\/wp-content\\\/uploads\\\/2026\\\/03\\\/360d.jpg\",\"width\":768,\"height\":576},{\"@type\":\"BreadcrumbList\",\"@id\":\"https:\\\/\\\/nauti-parts.com\\\/de\\\/shop\\\/agilis-ausschreibungen\\\/agilis-360d-diesel-jet-tender-praezision-sicherheit-und-effizienz\\\/#breadcrumb\",\"itemListElement\":[{\"@type\":\"ListItem\",\"position\":1,\"name\":\"Shop\",\"item\":\"https:\\\/\\\/nauti-parts.com\\\/de\\\/shop\\\/\"},{\"@type\":\"ListItem\",\"position\":2,\"name\":\"Agilis 360D Diesel Jet Tender &#8211; Pr\u00e4zision, Sicherheit und Effizienz\"}]},{\"@type\":\"WebSite\",\"@id\":\"https:\\\/\\\/nauti-parts.com\\\/de\\\/#website\",\"url\":\"https:\\\/\\\/nauti-parts.com\\\/de\\\/\",\"name\":\"Nauti Parts\",\"description\":\"Sea-Doo Jet Ski - Seabob Dealer and Rentals | Water Toys Mallorca\",\"publisher\":{\"@id\":\"https:\\\/\\\/nauti-parts.com\\\/de\\\/#organization\"},\"potentialAction\":[{\"@type\":\"SearchAction\",\"target\":{\"@type\":\"EntryPoint\",\"urlTemplate\":\"https:\\\/\\\/nauti-parts.com\\\/de\\\/?s={search_term_string}\"},\"query-input\":{\"@type\":\"PropertyValueSpecification\",\"valueRequired\":true,\"valueName\":\"search_term_string\"}}],\"inLanguage\":\"de\"},{\"@type\":\"Organization\",\"@id\":\"https:\\\/\\\/nauti-parts.com\\\/de\\\/#organization\",\"name\":\"Nauti Teile\",\"url\":\"https:\\\/\\\/nauti-parts.com\\\/de\\\/\",\"logo\":{\"@type\":\"ImageObject\",\"inLanguage\":\"de\",\"@id\":\"https:\\\/\\\/nauti-parts.com\\\/de\\\/#\\\/schema\\\/logo\\\/image\\\/\",\"url\":\"https:\\\/\\\/nauti-parts.com\\\/wp-content\\\/uploads\\\/2023\\\/10\\\/np-logo-black.png\",\"contentUrl\":\"https:\\\/\\\/nauti-parts.com\\\/wp-content\\\/uploads\\\/2023\\\/10\\\/np-logo-black.png\",\"width\":253,\"height\":100,\"caption\":\"Nauti Teile\"},\"image\":{\"@id\":\"https:\\\/\\\/nauti-parts.com\\\/de\\\/#\\\/schema\\\/logo\\\/image\\\/\"},\"sameAs\":[\"https:\\\/\\\/www.facebook.com\\\/nautipartsspain\\\/\",\"https:\\\/\\\/www.instagram.com\\\/nautiparts\\\/\"]}]}<\/script>\n<!-- \/ Yoast SEO plugin. -->","yoast_head_json":{"title":"Agilis 360D Diesel Jet Tender - Pr\u00e4zision, Sicherheit und Effizienz | Nauti Parts","robots":{"index":"index","follow":"follow","max-snippet":"max-snippet:-1","max-image-preview":"max-image-preview:large","max-video-preview":"max-video-preview:-1"},"canonical":"https:\/\/nauti-parts.com\/de\/shop\/agilis-ausschreibungen\/agilis-360d-diesel-jet-tender-praezision-sicherheit-und-effizienz\/","og_locale":"de_DE","og_type":"article","og_title":"Agilis 360D Diesel Jet Tender - Pr\u00e4zision, Sicherheit und Effizienz | Nauti Parts","og_description":"Der Agilis 360D ist der ultimative kompakte Dieseltender, der branchenf\u00fchrende Sicherheit mit einem leistungsstarken Jet-Antrieb kombiniert. Angetrieben vom FNM 13 HPE, dem weltweit kleinsten und leichtesten Dieselmotor seiner Klasse, k\u00f6nnen Sie mit dem 360D direkt \u00fcber die Dieselversorgung Ihrer Yacht auftanken. Mit einer Kapazit\u00e4t von 6 Personen und einer H\u00f6chstgeschwindigkeit von 37 Knoten bietet sie eine un\u00fcbertroffene Mischung aus Effizienz und berauschender Leistung.    Kapazit\u00e4t: 6 Personen   Motor: FNM 1.3 HPE Diesel (110PS)   H\u00f6chstgeschwindigkeit: 37 Knoten   Wichtigstes Merkmal: Tanken Sie direkt aus dem Dieseltank Ihrer Yacht","og_url":"https:\/\/nauti-parts.com\/de\/shop\/agilis-ausschreibungen\/agilis-360d-diesel-jet-tender-praezision-sicherheit-und-effizienz\/","og_site_name":"Nauti Parts","article_publisher":"https:\/\/www.facebook.com\/nautipartsspain\/","og_image":[{"width":768,"height":576,"url":"https:\/\/nauti-parts.com\/wp-content\/uploads\/2026\/03\/360d.jpg","type":"image\/jpeg"}],"twitter_card":"summary_large_image","twitter_misc":{"Gesch\u00e4tzte Lesezeit":"1\u00a0Minute"},"schema":{"@context":"https:\/\/schema.org","@graph":[{"@type":"WebPage","@id":"https:\/\/nauti-parts.com\/de\/shop\/agilis-ausschreibungen\/agilis-360d-diesel-jet-tender-praezision-sicherheit-und-effizienz\/","url":"https:\/\/nauti-parts.com\/de\/shop\/agilis-ausschreibungen\/agilis-360d-diesel-jet-tender-praezision-sicherheit-und-effizienz\/","name":"Agilis 360D Diesel Jet Tender - Pr\u00e4zision, Sicherheit und Effizienz | Nauti Parts","isPartOf":{"@id":"https:\/\/nauti-parts.com\/de\/#website"},"primaryImageOfPage":{"@id":"https:\/\/nauti-parts.com\/de\/shop\/agilis-ausschreibungen\/agilis-360d-diesel-jet-tender-praezision-sicherheit-und-effizienz\/#primaryimage"},"image":{"@id":"https:\/\/nauti-parts.com\/de\/shop\/agilis-ausschreibungen\/agilis-360d-diesel-jet-tender-praezision-sicherheit-und-effizienz\/#primaryimage"},"thumbnailUrl":"https:\/\/nauti-parts.com\/wp-content\/uploads\/2026\/03\/360d.jpg","datePublished":"2026-03-20T10:04:13+00:00","breadcrumb":{"@id":"https:\/\/nauti-parts.com\/de\/shop\/agilis-ausschreibungen\/agilis-360d-diesel-jet-tender-praezision-sicherheit-und-effizienz\/#breadcrumb"},"inLanguage":"de","potentialAction":[{"@type":"ReadAction","target":["https:\/\/nauti-parts.com\/de\/shop\/agilis-ausschreibungen\/agilis-360d-diesel-jet-tender-praezision-sicherheit-und-effizienz\/"]}]},{"@type":"ImageObject","inLanguage":"de","@id":"https:\/\/nauti-parts.com\/de\/shop\/agilis-ausschreibungen\/agilis-360d-diesel-jet-tender-praezision-sicherheit-und-effizienz\/#primaryimage","url":"https:\/\/nauti-parts.com\/wp-content\/uploads\/2026\/03\/360d.jpg","contentUrl":"https:\/\/nauti-parts.com\/wp-content\/uploads\/2026\/03\/360d.jpg","width":768,"height":576},{"@type":"BreadcrumbList","@id":"https:\/\/nauti-parts.com\/de\/shop\/agilis-ausschreibungen\/agilis-360d-diesel-jet-tender-praezision-sicherheit-und-effizienz\/#breadcrumb","itemListElement":[{"@type":"ListItem","position":1,"name":"Shop","item":"https:\/\/nauti-parts.com\/de\/shop\/"},{"@type":"ListItem","position":2,"name":"Agilis 360D Diesel Jet Tender &#8211; Pr\u00e4zision, Sicherheit und Effizienz"}]},{"@type":"WebSite","@id":"https:\/\/nauti-parts.com\/de\/#website","url":"https:\/\/nauti-parts.com\/de\/","name":"Nauti Parts","description":"Sea-Doo Jet Ski - Seabob Dealer and Rentals | Water Toys Mallorca","publisher":{"@id":"https:\/\/nauti-parts.com\/de\/#organization"},"potentialAction":[{"@type":"SearchAction","target":{"@type":"EntryPoint","urlTemplate":"https:\/\/nauti-parts.com\/de\/?s={search_term_string}"},"query-input":{"@type":"PropertyValueSpecification","valueRequired":true,"valueName":"search_term_string"}}],"inLanguage":"de"},{"@type":"Organization","@id":"https:\/\/nauti-parts.com\/de\/#organization","name":"Nauti Teile","url":"https:\/\/nauti-parts.com\/de\/","logo":{"@type":"ImageObject","inLanguage":"de","@id":"https:\/\/nauti-parts.com\/de\/#\/schema\/logo\/image\/","url":"https:\/\/nauti-parts.com\/wp-content\/uploads\/2023\/10\/np-logo-black.png","contentUrl":"https:\/\/nauti-parts.com\/wp-content\/uploads\/2023\/10\/np-logo-black.png","width":253,"height":100,"caption":"Nauti Teile"},"image":{"@id":"https:\/\/nauti-parts.com\/de\/#\/schema\/logo\/image\/"},"sameAs":["https:\/\/www.facebook.com\/nautipartsspain\/","https:\/\/www.instagram.com\/nautiparts\/"]}]}},"_links":{"self":[{"href":"https:\/\/nauti-parts.com\/de\/wp-json\/wp\/v2\/product\/23359","targetHints":{"allow":["GET"]}}],"collection":[{"href":"https:\/\/nauti-parts.com\/de\/wp-json\/wp\/v2\/product"}],"about":[{"href":"https:\/\/nauti-parts.com\/de\/wp-json\/wp\/v2\/types\/product"}],"replies":[{"embeddable":true,"href":"https:\/\/nauti-parts.com\/de\/wp-json\/wp\/v2\/comments?post=23359"}],"wp:featuredmedia":[{"embeddable":true,"href":"https:\/\/nauti-parts.com\/de\/wp-json\/wp\/v2\/media\/20475"}],"wp:attachment":[{"href":"https:\/\/nauti-parts.com\/de\/wp-json\/wp\/v2\/media?parent=23359"}],"wp:term":[{"taxonomy":"product_brand","embeddable":true,"href":"https:\/\/nauti-parts.com\/de\/wp-json\/wp\/v2\/product_brand?post=23359"},{"taxonomy":"product_cat","embeddable":true,"href":"https:\/\/nauti-parts.com\/de\/wp-json\/wp\/v2\/product_cat?post=23359"},{"taxonomy":"product_tag","embeddable":true,"href":"https:\/\/nauti-parts.com\/de\/wp-json\/wp\/v2\/product_tag?post=23359"}],"curies":[{"name":"wp","href":"https:\/\/api.w.org\/{rel}","templated":true}]}}