{"id":23358,"date":"2026-03-20T10:15:18","date_gmt":"2026-03-20T10:15:18","guid":{"rendered":"https:\/\/nauti-parts.com\/shop\/unkategorisiert\/agilis-500d-diesel-jet-tender-konkurrenzlos-geraeumig-und-luxurioeser-zugang\/"},"modified":"2026-03-20T10:15:18","modified_gmt":"2026-03-20T10:15:18","slug":"agilis-500d-diesel-jet-tender-konkurrenzlos-geraeumig-und-luxurioeser-zugang","status":"publish","type":"product","link":"https:\/\/nauti-parts.com\/de\/shop\/agilis-ausschreibungen\/agilis-500d-diesel-jet-tender-konkurrenzlos-geraeumig-und-luxurioeser-zugang\/","title":{"rendered":"Agilis 500D Diesel Jet Tender &#8211; konkurrenzlos ger\u00e4umig und luxuri\u00f6ser Zugang"},"content":{"rendered":"<p id=\"p-rc_94da2e643f9fe193-71\" data-path-to-node=\"9\"><b data-path-to-node=\"9\" data-index-in-node=\"0\">Jede Reise aufwerten<br \/>\n<\/b><span class=\"citation-126 citation-end-126\">Die Agilis 500D ist nicht einfach nur ein Beiboot, sie ist eine nahtlose Erweiterung des Luxus auf Ihrem Mutterschiff.<\/span> Dieses Modell wurde f\u00fcr Yachten mit einer L\u00e4nge von 30 Metern und mehr entwickelt und legt den Schwerpunkt auf den Komfort der Passagiere und die soziale Interaktion. <span class=\"citation-125\">Dank der innovativen <\/span><b data-path-to-node=\"9\" data-index-in-node=\"262\"><span class=\"citation-125\">D-f\u00f6rmigen Rohre<\/span><\/b><span class=\"citation-125 citation-end-125\">bietet das 500D bis zu 40% mehr Platz im Innenraum als vergleichbare RIBs, so dass sich die G\u00e4ste frei bewegen und entspannt sitzen k\u00f6nnen.<\/span><\/p>\n<p id=\"p-rc_94da2e643f9fe193-72\" data-path-to-node=\"10\"><b data-path-to-node=\"10\" data-index-in-node=\"0\">Nahtloser Wasserzugang<br \/>\n<\/b><span class=\"citation-124\">Eines der meistgelobten Merkmale des 500D ist seine <\/span><b data-path-to-node=\"10\" data-index-in-node=\"74\"><span class=\"citation-124\">flach aufklappbare Heckt\u00fcr<\/span><\/b><span class=\"citation-124 citation-end-124\">.<\/span> Wenn das Boot verankert ist, l\u00e4sst sich der Heckspiegel nach unten klappen, um einen ungehinderten Zugang zum Wasser zu schaffen. <span class=\"citation-123 citation-end-123\">Dieses intelligente Design macht das Ein- und Aussteigen zum Schwimmen, Schnorcheln oder Tauchen m\u00fchelos und verwandelt das Beiboot in eine private Badeterrasse.<\/span><\/p>\n<p id=\"p-rc_94da2e643f9fe193-73\" data-path-to-node=\"11\"><b data-path-to-node=\"11\" data-index-in-node=\"0\">Leise, leistungsstarke Diesel-Performance<br \/>\n<\/b>Tanken Sie vertrauensvoll direkt an der Dieselversorgung Ihrer Yacht. Der 2.0L Mercury Dieselmotor sorgt f\u00fcr einen fl\u00fcsterleisen Lauf und einen nahezu vibrationsfreien Betrieb &#8211; damit ist er das leiseste Beiboot seiner Klasse.   <span class=\"citation-122 citation-end-122\">Mit 170 PS erreicht die 500D m\u00fchelos eine Geschwindigkeit von 38 Knoten und sorgt so auch bei einer vollen G\u00e4steliste von neun Personen f\u00fcr schnelle und trockene Transfers.<\/span><\/p>\n<p id=\"p-rc_94da2e643f9fe193-74\" data-path-to-node=\"12\"><b data-path-to-node=\"12\" data-index-in-node=\"0\">Deutsche Ingenieurskunst, unendliche Personalisierung<br \/>\n<\/b><span class=\"citation-121 citation-end-121\">Die in J\u00fclich, Deutschland, gebaute 500D stellt den H\u00f6hepunkt der Agilis Handwerkskunst dar.<\/span> <span class=\"citation-120 citation-end-120\">Jedes Detail ist so gestaltet, dass es den Standards einer Superyacht entspricht, vom hochwertigen Teakholzdeck bis zum fortschrittlichen digitalen Armaturenbrett.<\/span> <span class=\"citation-119 citation-end-119\">Bei Nauti-Parts haben Sie Zugriff auf \u00fcber 32 Millionen m\u00f6gliche Konfigurationen, so dass Sie jede Naht, jede Schlauchfarbe und jedes Beleuchtungsdetail auf die spezifische DNA Ihrer Yacht abstimmen k\u00f6nnen.<\/span><\/p>\n<p data-path-to-node=\"11\"><a href=\"https:\/\/nauti-parts.com\/wp-content\/uploads\/2026\/03\/agilis-500d.pdf\"><strong>Spezifikationen herunterladen<\/strong><\/a><\/p>\n<div style=\"width: 900px;\" class=\"wp-video\"><video class=\"wp-video-shortcode\" id=\"video-23358-1\" width=\"900\" height=\"900\" preload=\"metadata\" controls=\"controls\"><source type=\"video\/mp4\" src=\"https:\/\/nauti-parts.com\/wp-content\/uploads\/2026\/03\/500d_animation.mp4?_=1\" \/><a href=\"https:\/\/nauti-parts.com\/wp-content\/uploads\/2026\/03\/500d_animation.mp4\">https:\/\/nauti-parts.com\/wp-content\/uploads\/2026\/03\/500d_animation.mp4<\/a><\/video><\/div>\n","protected":false},"excerpt":{"rendered":"<p id=\"p-rc_94da2e643f9fe193-66\" data-path-to-node=\"5\">Die <b data-path-to-node=\"5\" data-index-in-node=\"4\">Agilis 500D<\/b> definiert das Erlebnis eines luxuri\u00f6sen Dieseltenders neu. <span class=\"citation-132\">Sie ist 5,00 Meter lang und wird von einem robusten <\/span><b data-path-to-node=\"5\" data-index-in-node=\"109\"><span class=\"citation-132\">170PS Mercury Dieselmotor<\/span><\/b><span class=\"citation-132\">angetrieben, bietet es eine massive <\/span><b data-path-to-node=\"5\" data-index-in-node=\"158\"><span class=\"citation-132\">8+1 Passagierkapazit\u00e4t<\/span><\/b><span class=\"citation-132 citation-end-132\">.<\/span> <span class=\"citation-131 citation-end-131\">Mit dem einzigartigen D-f\u00f6rmigen Rohrdesign, das 40% mehr Innenraum als herk\u00f6mmliche Beiboote bietet, und der charakteristischen flach aufklappbaren Heckt\u00fcr f\u00fcr einen m\u00fchelosen Zugang zum Schwimmen ist die 500D der ultimative Begleiter f\u00fcr gro\u00dfe Yachten.<\/span><\/p>\n<ul data-path-to-node=\"6\">\n<li>\n<p id=\"p-rc_94da2e643f9fe193-67\" data-path-to-node=\"6,0,0\"><b data-path-to-node=\"6,0,0\" data-index-in-node=\"0\"><span class=\"citation-130\">Kapazit\u00e4t:<\/span><\/b><span class=\"citation-130 citation-end-130\"> 8 + 1 Personen<\/span><\/p>\n<\/li>\n<li>\n<p id=\"p-rc_94da2e643f9fe193-68\" data-path-to-node=\"6,1,0\"><b data-path-to-node=\"6,1,0\" data-index-in-node=\"0\">Motor:<\/b><span class=\"citation-129 citation-end-129\"> 2.0L Mercury Diesel (170PS)<\/span><\/p>\n<\/li>\n<li>\n<p id=\"p-rc_94da2e643f9fe193-69\" data-path-to-node=\"6,2,0\"><b data-path-to-node=\"6,2,0\" data-index-in-node=\"0\"><span class=\"citation-128\">H\u00f6chstgeschwindigkeit:<\/span><\/b><span class=\"citation-128 citation-end-128\"> 38 Knoten<\/span><\/p>\n<\/li>\n<li>\n<p id=\"p-rc_94da2e643f9fe193-70\" data-path-to-node=\"6,3,0\"><b data-path-to-node=\"6,3,0\" data-index-in-node=\"0\"><span class=\"citation-127\">Wichtigstes Merkmal:<\/span><\/b><span class=\"citation-127 citation-end-127\"> Hintere flache Faltt\u00fcr f\u00fcr nahtlosen Zugang zur Badeplattform<\/span><\/p>\n<\/li>\n<\/ul>\n","protected":false},"featured_media":20516,"comment_status":"open","ping_status":"closed","template":"","meta":{"_acf_changed":false},"product_brand":[],"product_cat":[281],"product_tag":[],"class_list":{"0":"post-23358","1":"product","2":"type-product","3":"status-publish","4":"has-post-thumbnail","6":"product_cat-agilis-ausschreibungen","7":"repupress_customize_woocommerce_productom_class","9":"first","10":"instock","11":"taxable","12":"shipping-taxable","13":"product-type-simple"},"acf":[],"yoast_head":"<!-- This site is optimized with the Yoast SEO plugin v27.5 - https:\/\/yoast.com\/product\/yoast-seo-wordpress\/ -->\n<title>Agilis 500D Diesel Jet Tender - konkurrenzlos ger\u00e4umig und luxuri\u00f6ser Zugang | Nauti Parts<\/title>\n<meta name=\"robots\" content=\"index, follow, max-snippet:-1, max-image-preview:large, max-video-preview:-1\" \/>\n<link rel=\"canonical\" href=\"https:\/\/nauti-parts.com\/de\/shop\/agilis-ausschreibungen\/agilis-500d-diesel-jet-tender-konkurrenzlos-geraeumig-und-luxurioeser-zugang\/\" \/>\n<meta property=\"og:locale\" content=\"de_DE\" \/>\n<meta property=\"og:type\" content=\"article\" \/>\n<meta property=\"og:title\" content=\"Agilis 500D Diesel Jet Tender - konkurrenzlos ger\u00e4umig und luxuri\u00f6ser Zugang | Nauti Parts\" \/>\n<meta property=\"og:description\" content=\"Die Agilis 500D definiert das Erlebnis eines luxuri\u00f6sen Dieseltenders neu. Sie ist 5,00 Meter lang und wird von einem robusten 170PS Mercury Dieselmotorangetrieben, bietet es eine massive 8+1 Passagierkapazit\u00e4t. Mit dem einzigartigen D-f\u00f6rmigen Rohrdesign, das 40% mehr Innenraum als herk\u00f6mmliche Beiboote bietet, und der charakteristischen flach aufklappbaren Heckt\u00fcr f\u00fcr einen m\u00fchelosen Zugang zum Schwimmen ist die 500D der ultimative Begleiter f\u00fcr gro\u00dfe Yachten.   Kapazit\u00e4t: 8 + 1 Personen   Motor: 2.0L Mercury Diesel (170PS)   H\u00f6chstgeschwindigkeit: 38 Knoten   Wichtigstes Merkmal: Hintere flache Faltt\u00fcr f\u00fcr nahtlosen Zugang zur Badeplattform\" \/>\n<meta property=\"og:url\" content=\"https:\/\/nauti-parts.com\/de\/shop\/agilis-ausschreibungen\/agilis-500d-diesel-jet-tender-konkurrenzlos-geraeumig-und-luxurioeser-zugang\/\" \/>\n<meta property=\"og:site_name\" content=\"Nauti Parts\" \/>\n<meta property=\"article:publisher\" content=\"https:\/\/www.facebook.com\/nautipartsspain\/\" \/>\n<meta property=\"og:image\" content=\"https:\/\/nauti-parts.com\/wp-content\/uploads\/2026\/03\/500d-1.jpg\" \/>\n\t<meta property=\"og:image:width\" content=\"768\" \/>\n\t<meta property=\"og:image:height\" content=\"576\" \/>\n\t<meta property=\"og:image:type\" content=\"image\/jpeg\" \/>\n<meta name=\"twitter:card\" content=\"summary_large_image\" \/>\n<meta name=\"twitter:label1\" content=\"Gesch\u00e4tzte Lesezeit\" \/>\n\t<meta name=\"twitter:data1\" content=\"1\u00a0Minute\" \/>\n<script type=\"application\/ld+json\" class=\"yoast-schema-graph\">{\"@context\":\"https:\\\/\\\/schema.org\",\"@graph\":[{\"@type\":\"WebPage\",\"@id\":\"https:\\\/\\\/nauti-parts.com\\\/de\\\/shop\\\/agilis-ausschreibungen\\\/agilis-500d-diesel-jet-tender-konkurrenzlos-geraeumig-und-luxurioeser-zugang\\\/\",\"url\":\"https:\\\/\\\/nauti-parts.com\\\/de\\\/shop\\\/agilis-ausschreibungen\\\/agilis-500d-diesel-jet-tender-konkurrenzlos-geraeumig-und-luxurioeser-zugang\\\/\",\"name\":\"Agilis 500D Diesel Jet Tender - konkurrenzlos ger\u00e4umig und luxuri\u00f6ser Zugang | Nauti Parts\",\"isPartOf\":{\"@id\":\"https:\\\/\\\/nauti-parts.com\\\/de\\\/#website\"},\"primaryImageOfPage\":{\"@id\":\"https:\\\/\\\/nauti-parts.com\\\/de\\\/shop\\\/agilis-ausschreibungen\\\/agilis-500d-diesel-jet-tender-konkurrenzlos-geraeumig-und-luxurioeser-zugang\\\/#primaryimage\"},\"image\":{\"@id\":\"https:\\\/\\\/nauti-parts.com\\\/de\\\/shop\\\/agilis-ausschreibungen\\\/agilis-500d-diesel-jet-tender-konkurrenzlos-geraeumig-und-luxurioeser-zugang\\\/#primaryimage\"},\"thumbnailUrl\":\"https:\\\/\\\/nauti-parts.com\\\/wp-content\\\/uploads\\\/2026\\\/03\\\/500d-1.jpg\",\"datePublished\":\"2026-03-20T10:15:18+00:00\",\"breadcrumb\":{\"@id\":\"https:\\\/\\\/nauti-parts.com\\\/de\\\/shop\\\/agilis-ausschreibungen\\\/agilis-500d-diesel-jet-tender-konkurrenzlos-geraeumig-und-luxurioeser-zugang\\\/#breadcrumb\"},\"inLanguage\":\"de\",\"potentialAction\":[{\"@type\":\"ReadAction\",\"target\":[\"https:\\\/\\\/nauti-parts.com\\\/de\\\/shop\\\/agilis-ausschreibungen\\\/agilis-500d-diesel-jet-tender-konkurrenzlos-geraeumig-und-luxurioeser-zugang\\\/\"]}]},{\"@type\":\"ImageObject\",\"inLanguage\":\"de\",\"@id\":\"https:\\\/\\\/nauti-parts.com\\\/de\\\/shop\\\/agilis-ausschreibungen\\\/agilis-500d-diesel-jet-tender-konkurrenzlos-geraeumig-und-luxurioeser-zugang\\\/#primaryimage\",\"url\":\"https:\\\/\\\/nauti-parts.com\\\/wp-content\\\/uploads\\\/2026\\\/03\\\/500d-1.jpg\",\"contentUrl\":\"https:\\\/\\\/nauti-parts.com\\\/wp-content\\\/uploads\\\/2026\\\/03\\\/500d-1.jpg\",\"width\":768,\"height\":576},{\"@type\":\"BreadcrumbList\",\"@id\":\"https:\\\/\\\/nauti-parts.com\\\/de\\\/shop\\\/agilis-ausschreibungen\\\/agilis-500d-diesel-jet-tender-konkurrenzlos-geraeumig-und-luxurioeser-zugang\\\/#breadcrumb\",\"itemListElement\":[{\"@type\":\"ListItem\",\"position\":1,\"name\":\"Shop\",\"item\":\"https:\\\/\\\/nauti-parts.com\\\/de\\\/shop\\\/\"},{\"@type\":\"ListItem\",\"position\":2,\"name\":\"Agilis 500D Diesel Jet Tender &#8211; konkurrenzlos ger\u00e4umig und luxuri\u00f6ser Zugang\"}]},{\"@type\":\"WebSite\",\"@id\":\"https:\\\/\\\/nauti-parts.com\\\/de\\\/#website\",\"url\":\"https:\\\/\\\/nauti-parts.com\\\/de\\\/\",\"name\":\"Nauti Parts\",\"description\":\"Sea-Doo Jet Ski - Seabob Dealer and Rentals | Water Toys Mallorca\",\"publisher\":{\"@id\":\"https:\\\/\\\/nauti-parts.com\\\/de\\\/#organization\"},\"potentialAction\":[{\"@type\":\"SearchAction\",\"target\":{\"@type\":\"EntryPoint\",\"urlTemplate\":\"https:\\\/\\\/nauti-parts.com\\\/de\\\/?s={search_term_string}\"},\"query-input\":{\"@type\":\"PropertyValueSpecification\",\"valueRequired\":true,\"valueName\":\"search_term_string\"}}],\"inLanguage\":\"de\"},{\"@type\":\"Organization\",\"@id\":\"https:\\\/\\\/nauti-parts.com\\\/de\\\/#organization\",\"name\":\"Nauti Teile\",\"url\":\"https:\\\/\\\/nauti-parts.com\\\/de\\\/\",\"logo\":{\"@type\":\"ImageObject\",\"inLanguage\":\"de\",\"@id\":\"https:\\\/\\\/nauti-parts.com\\\/de\\\/#\\\/schema\\\/logo\\\/image\\\/\",\"url\":\"https:\\\/\\\/nauti-parts.com\\\/wp-content\\\/uploads\\\/2023\\\/10\\\/np-logo-black.png\",\"contentUrl\":\"https:\\\/\\\/nauti-parts.com\\\/wp-content\\\/uploads\\\/2023\\\/10\\\/np-logo-black.png\",\"width\":253,\"height\":100,\"caption\":\"Nauti Teile\"},\"image\":{\"@id\":\"https:\\\/\\\/nauti-parts.com\\\/de\\\/#\\\/schema\\\/logo\\\/image\\\/\"},\"sameAs\":[\"https:\\\/\\\/www.facebook.com\\\/nautipartsspain\\\/\",\"https:\\\/\\\/www.instagram.com\\\/nautiparts\\\/\"]}]}<\/script>\n<!-- \/ Yoast SEO plugin. -->","yoast_head_json":{"title":"Agilis 500D Diesel Jet Tender - konkurrenzlos ger\u00e4umig und luxuri\u00f6ser Zugang | Nauti Parts","robots":{"index":"index","follow":"follow","max-snippet":"max-snippet:-1","max-image-preview":"max-image-preview:large","max-video-preview":"max-video-preview:-1"},"canonical":"https:\/\/nauti-parts.com\/de\/shop\/agilis-ausschreibungen\/agilis-500d-diesel-jet-tender-konkurrenzlos-geraeumig-und-luxurioeser-zugang\/","og_locale":"de_DE","og_type":"article","og_title":"Agilis 500D Diesel Jet Tender - konkurrenzlos ger\u00e4umig und luxuri\u00f6ser Zugang | Nauti Parts","og_description":"Die Agilis 500D definiert das Erlebnis eines luxuri\u00f6sen Dieseltenders neu. Sie ist 5,00 Meter lang und wird von einem robusten 170PS Mercury Dieselmotorangetrieben, bietet es eine massive 8+1 Passagierkapazit\u00e4t. Mit dem einzigartigen D-f\u00f6rmigen Rohrdesign, das 40% mehr Innenraum als herk\u00f6mmliche Beiboote bietet, und der charakteristischen flach aufklappbaren Heckt\u00fcr f\u00fcr einen m\u00fchelosen Zugang zum Schwimmen ist die 500D der ultimative Begleiter f\u00fcr gro\u00dfe Yachten.   Kapazit\u00e4t: 8 + 1 Personen   Motor: 2.0L Mercury Diesel (170PS)   H\u00f6chstgeschwindigkeit: 38 Knoten   Wichtigstes Merkmal: Hintere flache Faltt\u00fcr f\u00fcr nahtlosen Zugang zur Badeplattform","og_url":"https:\/\/nauti-parts.com\/de\/shop\/agilis-ausschreibungen\/agilis-500d-diesel-jet-tender-konkurrenzlos-geraeumig-und-luxurioeser-zugang\/","og_site_name":"Nauti Parts","article_publisher":"https:\/\/www.facebook.com\/nautipartsspain\/","og_image":[{"width":768,"height":576,"url":"https:\/\/nauti-parts.com\/wp-content\/uploads\/2026\/03\/500d-1.jpg","type":"image\/jpeg"}],"twitter_card":"summary_large_image","twitter_misc":{"Gesch\u00e4tzte Lesezeit":"1\u00a0Minute"},"schema":{"@context":"https:\/\/schema.org","@graph":[{"@type":"WebPage","@id":"https:\/\/nauti-parts.com\/de\/shop\/agilis-ausschreibungen\/agilis-500d-diesel-jet-tender-konkurrenzlos-geraeumig-und-luxurioeser-zugang\/","url":"https:\/\/nauti-parts.com\/de\/shop\/agilis-ausschreibungen\/agilis-500d-diesel-jet-tender-konkurrenzlos-geraeumig-und-luxurioeser-zugang\/","name":"Agilis 500D Diesel Jet Tender - konkurrenzlos ger\u00e4umig und luxuri\u00f6ser Zugang | Nauti Parts","isPartOf":{"@id":"https:\/\/nauti-parts.com\/de\/#website"},"primaryImageOfPage":{"@id":"https:\/\/nauti-parts.com\/de\/shop\/agilis-ausschreibungen\/agilis-500d-diesel-jet-tender-konkurrenzlos-geraeumig-und-luxurioeser-zugang\/#primaryimage"},"image":{"@id":"https:\/\/nauti-parts.com\/de\/shop\/agilis-ausschreibungen\/agilis-500d-diesel-jet-tender-konkurrenzlos-geraeumig-und-luxurioeser-zugang\/#primaryimage"},"thumbnailUrl":"https:\/\/nauti-parts.com\/wp-content\/uploads\/2026\/03\/500d-1.jpg","datePublished":"2026-03-20T10:15:18+00:00","breadcrumb":{"@id":"https:\/\/nauti-parts.com\/de\/shop\/agilis-ausschreibungen\/agilis-500d-diesel-jet-tender-konkurrenzlos-geraeumig-und-luxurioeser-zugang\/#breadcrumb"},"inLanguage":"de","potentialAction":[{"@type":"ReadAction","target":["https:\/\/nauti-parts.com\/de\/shop\/agilis-ausschreibungen\/agilis-500d-diesel-jet-tender-konkurrenzlos-geraeumig-und-luxurioeser-zugang\/"]}]},{"@type":"ImageObject","inLanguage":"de","@id":"https:\/\/nauti-parts.com\/de\/shop\/agilis-ausschreibungen\/agilis-500d-diesel-jet-tender-konkurrenzlos-geraeumig-und-luxurioeser-zugang\/#primaryimage","url":"https:\/\/nauti-parts.com\/wp-content\/uploads\/2026\/03\/500d-1.jpg","contentUrl":"https:\/\/nauti-parts.com\/wp-content\/uploads\/2026\/03\/500d-1.jpg","width":768,"height":576},{"@type":"BreadcrumbList","@id":"https:\/\/nauti-parts.com\/de\/shop\/agilis-ausschreibungen\/agilis-500d-diesel-jet-tender-konkurrenzlos-geraeumig-und-luxurioeser-zugang\/#breadcrumb","itemListElement":[{"@type":"ListItem","position":1,"name":"Shop","item":"https:\/\/nauti-parts.com\/de\/shop\/"},{"@type":"ListItem","position":2,"name":"Agilis 500D Diesel Jet Tender &#8211; konkurrenzlos ger\u00e4umig und luxuri\u00f6ser Zugang"}]},{"@type":"WebSite","@id":"https:\/\/nauti-parts.com\/de\/#website","url":"https:\/\/nauti-parts.com\/de\/","name":"Nauti Parts","description":"Sea-Doo Jet Ski - Seabob Dealer and Rentals | Water Toys Mallorca","publisher":{"@id":"https:\/\/nauti-parts.com\/de\/#organization"},"potentialAction":[{"@type":"SearchAction","target":{"@type":"EntryPoint","urlTemplate":"https:\/\/nauti-parts.com\/de\/?s={search_term_string}"},"query-input":{"@type":"PropertyValueSpecification","valueRequired":true,"valueName":"search_term_string"}}],"inLanguage":"de"},{"@type":"Organization","@id":"https:\/\/nauti-parts.com\/de\/#organization","name":"Nauti Teile","url":"https:\/\/nauti-parts.com\/de\/","logo":{"@type":"ImageObject","inLanguage":"de","@id":"https:\/\/nauti-parts.com\/de\/#\/schema\/logo\/image\/","url":"https:\/\/nauti-parts.com\/wp-content\/uploads\/2023\/10\/np-logo-black.png","contentUrl":"https:\/\/nauti-parts.com\/wp-content\/uploads\/2023\/10\/np-logo-black.png","width":253,"height":100,"caption":"Nauti Teile"},"image":{"@id":"https:\/\/nauti-parts.com\/de\/#\/schema\/logo\/image\/"},"sameAs":["https:\/\/www.facebook.com\/nautipartsspain\/","https:\/\/www.instagram.com\/nautiparts\/"]}]}},"_links":{"self":[{"href":"https:\/\/nauti-parts.com\/de\/wp-json\/wp\/v2\/product\/23358","targetHints":{"allow":["GET"]}}],"collection":[{"href":"https:\/\/nauti-parts.com\/de\/wp-json\/wp\/v2\/product"}],"about":[{"href":"https:\/\/nauti-parts.com\/de\/wp-json\/wp\/v2\/types\/product"}],"replies":[{"embeddable":true,"href":"https:\/\/nauti-parts.com\/de\/wp-json\/wp\/v2\/comments?post=23358"}],"wp:featuredmedia":[{"embeddable":true,"href":"https:\/\/nauti-parts.com\/de\/wp-json\/wp\/v2\/media\/20516"}],"wp:attachment":[{"href":"https:\/\/nauti-parts.com\/de\/wp-json\/wp\/v2\/media?parent=23358"}],"wp:term":[{"taxonomy":"product_brand","embeddable":true,"href":"https:\/\/nauti-parts.com\/de\/wp-json\/wp\/v2\/product_brand?post=23358"},{"taxonomy":"product_cat","embeddable":true,"href":"https:\/\/nauti-parts.com\/de\/wp-json\/wp\/v2\/product_cat?post=23358"},{"taxonomy":"product_tag","embeddable":true,"href":"https:\/\/nauti-parts.com\/de\/wp-json\/wp\/v2\/product_tag?post=23358"}],"curies":[{"name":"wp","href":"https:\/\/api.w.org\/{rel}","templated":true}]}}