{"id":23325,"date":"2026-03-20T10:06:46","date_gmt":"2026-03-20T10:06:46","guid":{"rendered":"https:\/\/nauti-parts.com\/shop\/unkategorisiert\/agilis-400c-jet-tender-leistung-praezision-und-kapazitaet-fuer-7-personen\/"},"modified":"2026-03-20T10:06:46","modified_gmt":"2026-03-20T10:06:46","slug":"agilis-400c-jet-tender-leistung-praezision-und-kapazitaet-fuer-7-personen","status":"publish","type":"product","link":"https:\/\/nauti-parts.com\/de\/shop\/agilis-ausschreibungen\/agilis-400c-jet-tender-leistung-praezision-und-kapazitaet-fuer-7-personen\/","title":{"rendered":"Agilis 400C Jet Tender &#8211; Leistung, Pr\u00e4zision und Kapazit\u00e4t f\u00fcr 7 Personen"},"content":{"rendered":"<p data-path-to-node=\"9\"><b data-path-to-node=\"9\" data-index-in-node=\"0\">Anspruchsvolle Leistung f\u00fcr gro\u00dfe Gruppen<\/b> Mit einer L\u00e4nge von 4,00 Metern ist die Agilis 400C f\u00fcr diejenigen konzipiert, die gr\u00f6\u00dfere Gruppen transportieren m\u00fcssen, ohne die Masse eines traditionellen RIBs zu ben\u00f6tigen. Ganz gleich, ob Sie Ihre G\u00e4ste zu einem abgelegenen Strand oder zu einem Restaurant am Wasser bringen, die 400C beschleunigt m\u00fchelos auf 35 Knoten und beh\u00e4lt auch bei voller Beladung mit sieben Passagieren eine stabile und trockene Fahrt bei. <\/p>\n<p data-path-to-node=\"10\"><b data-path-to-node=\"10\" data-index-in-node=\"0\">M\u00fchelose Kontrolle und Man\u00f6vrierf\u00e4higkeit<\/b> Das 400C ist mit Hightech-Funktionen ausgestattet, die das Handling auch in engen Yachth\u00e4fen einfach machen. Es verf\u00fcgt \u00fcber ein <b data-path-to-node=\"10\" data-index-in-node=\"147\">elektronisches R\u00fcckfahrsystem (iBR)<\/b>, das dem Fahrer die M\u00f6glichkeit gibt, das Boot pr\u00e4zise zu stoppen und bei niedrigen Geschwindigkeiten sicher zu man\u00f6vrieren. Mit dem integrierten elektronischen Trimmsystem k\u00f6nnen Sie die Einstellung des Bootes w\u00e4hrend der Fahrt feinabstimmen und so eine optimale Leistung unabh\u00e4ngig von den Seebedingungen oder der Gewichtsverteilung der Passagiere sicherstellen.  <\/p>\n<p data-path-to-node=\"11\"><b data-path-to-node=\"11\" data-index-in-node=\"0\">Zuverl\u00e4ssigkeit durch Innovation<\/b> Angetrieben von der bew\u00e4hrten Rotax-Motorenreihe, verf\u00fcgt der 400C \u00fcber ein <b data-path-to-node=\"11\" data-index-in-node=\"93\">geschlossenes K\u00fchlsystem<\/b>. Diese Technologie verhindert, dass korrosives Salzwasser in den Motor gelangt, was die Zuverl\u00e4ssigkeit deutlich erh\u00f6ht und die langfristigen Wartungskosten senkt. In Kombination mit seinem au\u00dfergew\u00f6hnlichen Leistungsgewicht ist der 400C ebenso effizient wie leistungsstark.  <\/p>\n<p data-path-to-node=\"12\"><b data-path-to-node=\"12\" data-index-in-node=\"0\">Der Gipfel der ma\u00dfgeschneiderten Exzellenz<\/b> Die Agilis 400C wird in Deutschland aus den besten Materialien gefertigt und ist so einzigartig wie die Yacht, die sie bedient. Von den hochwertigen ORCA\u00ae Hypalon-Schl\u00e4uchen bis hin zu den ma\u00dfgeschneiderten Polsterungen kann jedes Detail durch Nauti-Parts angepasst werden. Kreieren Sie ein Beiboot, das \u00e4sthetisch perfekt zu Ihrem Mutterschiff passt, und genie\u00dfen Sie die h\u00f6chsten Standards europ\u00e4ischer Handwerkskunst.  <\/p>\n<p data-path-to-node=\"11\"><a href=\"https:\/\/nauti-parts.com\/wp-content\/uploads\/2026\/03\/agilis-400c.pdf\"><strong>Spezifikationen herunterladen<\/strong><\/a><\/p>\n<div style=\"width: 900px;\" class=\"wp-video\"><video class=\"wp-video-shortcode\" id=\"video-23325-1\" width=\"900\" height=\"900\" preload=\"metadata\" controls=\"controls\"><source type=\"video\/mp4\" src=\"https:\/\/nauti-parts.com\/wp-content\/uploads\/2026\/03\/400c-illustration-gif.mp4?_=1\" \/><a href=\"https:\/\/nauti-parts.com\/wp-content\/uploads\/2026\/03\/400c-illustration-gif.mp4\">https:\/\/nauti-parts.com\/wp-content\/uploads\/2026\/03\/400c-illustration-gif.mp4<\/a><\/video><\/div>\n","protected":false},"excerpt":{"rendered":"<p data-path-to-node=\"5\">Die <b data-path-to-node=\"5\" data-index-in-node=\"4\">Agilis 400C<\/b> ist eine echte Bereicherung f\u00fcr das Prestige Ihrer Yacht. Mit einer beeindruckenden <b data-path-to-node=\"5\" data-index-in-node=\"85\">Kapazit\u00e4t f\u00fcr 7 Personen<\/b> und einem beeindruckenden 90-PS-Motor bietet sie die perfekte Kombination aus Platz und Leistung. Mit fortschrittlichen elektronischen Systemen f\u00fcr m\u00fcheloses Andocken und einem klassenf\u00fchrenden Leistungsgewicht sorgt die 400C daf\u00fcr, dass jeder G\u00e4stetransfer reibungslos, schnell und bemerkenswert komfortabel verl\u00e4uft.  <\/p>\n<ul data-path-to-node=\"6\">\n<li>\n<p data-path-to-node=\"6,0,0\"><b data-path-to-node=\"6,0,0\" data-index-in-node=\"0\">Kapazit\u00e4t:<\/b> 7 Personen<\/p>\n<\/li>\n<li>\n<p data-path-to-node=\"6,1,0\"><b data-path-to-node=\"6,1,0\" data-index-in-node=\"0\">Motor:<\/b> 90HP Rotax Jet-Antrieb (Option f\u00fcr 170HP erh\u00e4ltlich)<\/p>\n<\/li>\n<li>\n<p data-path-to-node=\"6,2,0\"><b data-path-to-node=\"6,2,0\" data-index-in-node=\"0\">H\u00f6chstgeschwindigkeit:<\/b> 35 Knoten<\/p>\n<\/li>\n<li>\n<p data-path-to-node=\"6,3,0\"><b data-path-to-node=\"6,3,0\" data-index-in-node=\"0\">Hauptmerkmal:<\/b> Elektronische R\u00fccklauf- und Trimmsysteme f\u00fcr ultimative Kontrolle<\/p>\n<\/li>\n<\/ul>\n","protected":false},"featured_media":20486,"comment_status":"open","ping_status":"closed","template":"","meta":{"_acf_changed":false},"product_brand":[],"product_cat":[281],"product_tag":[],"class_list":{"0":"post-23325","1":"product","2":"type-product","3":"status-publish","4":"has-post-thumbnail","6":"product_cat-agilis-ausschreibungen","7":"repupress_customize_woocommerce_productom_class","9":"first","10":"instock","11":"taxable","12":"shipping-taxable","13":"product-type-simple"},"acf":[],"yoast_head":"<!-- This site is optimized with the Yoast SEO plugin v27.5 - https:\/\/yoast.com\/product\/yoast-seo-wordpress\/ -->\n<title>Agilis 400C Jet Tender - Leistung, Pr\u00e4zision und Kapazit\u00e4t f\u00fcr 7 Personen | Nauti Parts<\/title>\n<meta name=\"robots\" content=\"index, follow, max-snippet:-1, max-image-preview:large, max-video-preview:-1\" \/>\n<link rel=\"canonical\" href=\"https:\/\/nauti-parts.com\/de\/shop\/agilis-ausschreibungen\/agilis-400c-jet-tender-leistung-praezision-und-kapazitaet-fuer-7-personen\/\" \/>\n<meta property=\"og:locale\" content=\"de_DE\" \/>\n<meta property=\"og:type\" content=\"article\" \/>\n<meta property=\"og:title\" content=\"Agilis 400C Jet Tender - Leistung, Pr\u00e4zision und Kapazit\u00e4t f\u00fcr 7 Personen | Nauti Parts\" \/>\n<meta property=\"og:description\" content=\"Die Agilis 400C ist eine echte Bereicherung f\u00fcr das Prestige Ihrer Yacht. Mit einer beeindruckenden Kapazit\u00e4t f\u00fcr 7 Personen und einem beeindruckenden 90-PS-Motor bietet sie die perfekte Kombination aus Platz und Leistung. Mit fortschrittlichen elektronischen Systemen f\u00fcr m\u00fcheloses Andocken und einem klassenf\u00fchrenden Leistungsgewicht sorgt die 400C daf\u00fcr, dass jeder G\u00e4stetransfer reibungslos, schnell und bemerkenswert komfortabel verl\u00e4uft.    Kapazit\u00e4t: 7 Personen   Motor: 90HP Rotax Jet-Antrieb (Option f\u00fcr 170HP erh\u00e4ltlich)   H\u00f6chstgeschwindigkeit: 35 Knoten   Hauptmerkmal: Elektronische R\u00fccklauf- und Trimmsysteme f\u00fcr ultimative Kontrolle\" \/>\n<meta property=\"og:url\" content=\"https:\/\/nauti-parts.com\/de\/shop\/agilis-ausschreibungen\/agilis-400c-jet-tender-leistung-praezision-und-kapazitaet-fuer-7-personen\/\" \/>\n<meta property=\"og:site_name\" content=\"Nauti Parts\" \/>\n<meta property=\"article:publisher\" content=\"https:\/\/www.facebook.com\/nautipartsspain\/\" \/>\n<meta property=\"og:image\" content=\"https:\/\/nauti-parts.com\/wp-content\/uploads\/2026\/03\/400c.jpg\" \/>\n\t<meta property=\"og:image:width\" content=\"768\" \/>\n\t<meta property=\"og:image:height\" content=\"576\" \/>\n\t<meta property=\"og:image:type\" content=\"image\/jpeg\" \/>\n<meta name=\"twitter:card\" content=\"summary_large_image\" \/>\n<meta name=\"twitter:label1\" content=\"Gesch\u00e4tzte Lesezeit\" \/>\n\t<meta name=\"twitter:data1\" content=\"2\u00a0Minuten\" \/>\n<script type=\"application\/ld+json\" class=\"yoast-schema-graph\">{\"@context\":\"https:\\\/\\\/schema.org\",\"@graph\":[{\"@type\":\"WebPage\",\"@id\":\"https:\\\/\\\/nauti-parts.com\\\/de\\\/shop\\\/agilis-ausschreibungen\\\/agilis-400c-jet-tender-leistung-praezision-und-kapazitaet-fuer-7-personen\\\/\",\"url\":\"https:\\\/\\\/nauti-parts.com\\\/de\\\/shop\\\/agilis-ausschreibungen\\\/agilis-400c-jet-tender-leistung-praezision-und-kapazitaet-fuer-7-personen\\\/\",\"name\":\"Agilis 400C Jet Tender - Leistung, Pr\u00e4zision und Kapazit\u00e4t f\u00fcr 7 Personen | Nauti Parts\",\"isPartOf\":{\"@id\":\"https:\\\/\\\/nauti-parts.com\\\/de\\\/#website\"},\"primaryImageOfPage\":{\"@id\":\"https:\\\/\\\/nauti-parts.com\\\/de\\\/shop\\\/agilis-ausschreibungen\\\/agilis-400c-jet-tender-leistung-praezision-und-kapazitaet-fuer-7-personen\\\/#primaryimage\"},\"image\":{\"@id\":\"https:\\\/\\\/nauti-parts.com\\\/de\\\/shop\\\/agilis-ausschreibungen\\\/agilis-400c-jet-tender-leistung-praezision-und-kapazitaet-fuer-7-personen\\\/#primaryimage\"},\"thumbnailUrl\":\"https:\\\/\\\/nauti-parts.com\\\/wp-content\\\/uploads\\\/2026\\\/03\\\/400c.jpg\",\"datePublished\":\"2026-03-20T10:06:46+00:00\",\"breadcrumb\":{\"@id\":\"https:\\\/\\\/nauti-parts.com\\\/de\\\/shop\\\/agilis-ausschreibungen\\\/agilis-400c-jet-tender-leistung-praezision-und-kapazitaet-fuer-7-personen\\\/#breadcrumb\"},\"inLanguage\":\"de\",\"potentialAction\":[{\"@type\":\"ReadAction\",\"target\":[\"https:\\\/\\\/nauti-parts.com\\\/de\\\/shop\\\/agilis-ausschreibungen\\\/agilis-400c-jet-tender-leistung-praezision-und-kapazitaet-fuer-7-personen\\\/\"]}]},{\"@type\":\"ImageObject\",\"inLanguage\":\"de\",\"@id\":\"https:\\\/\\\/nauti-parts.com\\\/de\\\/shop\\\/agilis-ausschreibungen\\\/agilis-400c-jet-tender-leistung-praezision-und-kapazitaet-fuer-7-personen\\\/#primaryimage\",\"url\":\"https:\\\/\\\/nauti-parts.com\\\/wp-content\\\/uploads\\\/2026\\\/03\\\/400c.jpg\",\"contentUrl\":\"https:\\\/\\\/nauti-parts.com\\\/wp-content\\\/uploads\\\/2026\\\/03\\\/400c.jpg\",\"width\":768,\"height\":576},{\"@type\":\"BreadcrumbList\",\"@id\":\"https:\\\/\\\/nauti-parts.com\\\/de\\\/shop\\\/agilis-ausschreibungen\\\/agilis-400c-jet-tender-leistung-praezision-und-kapazitaet-fuer-7-personen\\\/#breadcrumb\",\"itemListElement\":[{\"@type\":\"ListItem\",\"position\":1,\"name\":\"Shop\",\"item\":\"https:\\\/\\\/nauti-parts.com\\\/de\\\/shop\\\/\"},{\"@type\":\"ListItem\",\"position\":2,\"name\":\"Agilis 400C Jet Tender &#8211; Leistung, Pr\u00e4zision und Kapazit\u00e4t f\u00fcr 7 Personen\"}]},{\"@type\":\"WebSite\",\"@id\":\"https:\\\/\\\/nauti-parts.com\\\/de\\\/#website\",\"url\":\"https:\\\/\\\/nauti-parts.com\\\/de\\\/\",\"name\":\"Nauti Parts\",\"description\":\"Sea-Doo Jet Ski - Seabob Dealer and Rentals | Water Toys Mallorca\",\"publisher\":{\"@id\":\"https:\\\/\\\/nauti-parts.com\\\/de\\\/#organization\"},\"potentialAction\":[{\"@type\":\"SearchAction\",\"target\":{\"@type\":\"EntryPoint\",\"urlTemplate\":\"https:\\\/\\\/nauti-parts.com\\\/de\\\/?s={search_term_string}\"},\"query-input\":{\"@type\":\"PropertyValueSpecification\",\"valueRequired\":true,\"valueName\":\"search_term_string\"}}],\"inLanguage\":\"de\"},{\"@type\":\"Organization\",\"@id\":\"https:\\\/\\\/nauti-parts.com\\\/de\\\/#organization\",\"name\":\"Nauti Teile\",\"url\":\"https:\\\/\\\/nauti-parts.com\\\/de\\\/\",\"logo\":{\"@type\":\"ImageObject\",\"inLanguage\":\"de\",\"@id\":\"https:\\\/\\\/nauti-parts.com\\\/de\\\/#\\\/schema\\\/logo\\\/image\\\/\",\"url\":\"https:\\\/\\\/nauti-parts.com\\\/wp-content\\\/uploads\\\/2023\\\/10\\\/np-logo-black.png\",\"contentUrl\":\"https:\\\/\\\/nauti-parts.com\\\/wp-content\\\/uploads\\\/2023\\\/10\\\/np-logo-black.png\",\"width\":253,\"height\":100,\"caption\":\"Nauti Teile\"},\"image\":{\"@id\":\"https:\\\/\\\/nauti-parts.com\\\/de\\\/#\\\/schema\\\/logo\\\/image\\\/\"},\"sameAs\":[\"https:\\\/\\\/www.facebook.com\\\/nautipartsspain\\\/\",\"https:\\\/\\\/www.instagram.com\\\/nautiparts\\\/\"]}]}<\/script>\n<!-- \/ Yoast SEO plugin. -->","yoast_head_json":{"title":"Agilis 400C Jet Tender - Leistung, Pr\u00e4zision und Kapazit\u00e4t f\u00fcr 7 Personen | Nauti Parts","robots":{"index":"index","follow":"follow","max-snippet":"max-snippet:-1","max-image-preview":"max-image-preview:large","max-video-preview":"max-video-preview:-1"},"canonical":"https:\/\/nauti-parts.com\/de\/shop\/agilis-ausschreibungen\/agilis-400c-jet-tender-leistung-praezision-und-kapazitaet-fuer-7-personen\/","og_locale":"de_DE","og_type":"article","og_title":"Agilis 400C Jet Tender - Leistung, Pr\u00e4zision und Kapazit\u00e4t f\u00fcr 7 Personen | Nauti Parts","og_description":"Die Agilis 400C ist eine echte Bereicherung f\u00fcr das Prestige Ihrer Yacht. Mit einer beeindruckenden Kapazit\u00e4t f\u00fcr 7 Personen und einem beeindruckenden 90-PS-Motor bietet sie die perfekte Kombination aus Platz und Leistung. Mit fortschrittlichen elektronischen Systemen f\u00fcr m\u00fcheloses Andocken und einem klassenf\u00fchrenden Leistungsgewicht sorgt die 400C daf\u00fcr, dass jeder G\u00e4stetransfer reibungslos, schnell und bemerkenswert komfortabel verl\u00e4uft.    Kapazit\u00e4t: 7 Personen   Motor: 90HP Rotax Jet-Antrieb (Option f\u00fcr 170HP erh\u00e4ltlich)   H\u00f6chstgeschwindigkeit: 35 Knoten   Hauptmerkmal: Elektronische R\u00fccklauf- und Trimmsysteme f\u00fcr ultimative Kontrolle","og_url":"https:\/\/nauti-parts.com\/de\/shop\/agilis-ausschreibungen\/agilis-400c-jet-tender-leistung-praezision-und-kapazitaet-fuer-7-personen\/","og_site_name":"Nauti Parts","article_publisher":"https:\/\/www.facebook.com\/nautipartsspain\/","og_image":[{"width":768,"height":576,"url":"https:\/\/nauti-parts.com\/wp-content\/uploads\/2026\/03\/400c.jpg","type":"image\/jpeg"}],"twitter_card":"summary_large_image","twitter_misc":{"Gesch\u00e4tzte Lesezeit":"2\u00a0Minuten"},"schema":{"@context":"https:\/\/schema.org","@graph":[{"@type":"WebPage","@id":"https:\/\/nauti-parts.com\/de\/shop\/agilis-ausschreibungen\/agilis-400c-jet-tender-leistung-praezision-und-kapazitaet-fuer-7-personen\/","url":"https:\/\/nauti-parts.com\/de\/shop\/agilis-ausschreibungen\/agilis-400c-jet-tender-leistung-praezision-und-kapazitaet-fuer-7-personen\/","name":"Agilis 400C Jet Tender - Leistung, Pr\u00e4zision und Kapazit\u00e4t f\u00fcr 7 Personen | Nauti Parts","isPartOf":{"@id":"https:\/\/nauti-parts.com\/de\/#website"},"primaryImageOfPage":{"@id":"https:\/\/nauti-parts.com\/de\/shop\/agilis-ausschreibungen\/agilis-400c-jet-tender-leistung-praezision-und-kapazitaet-fuer-7-personen\/#primaryimage"},"image":{"@id":"https:\/\/nauti-parts.com\/de\/shop\/agilis-ausschreibungen\/agilis-400c-jet-tender-leistung-praezision-und-kapazitaet-fuer-7-personen\/#primaryimage"},"thumbnailUrl":"https:\/\/nauti-parts.com\/wp-content\/uploads\/2026\/03\/400c.jpg","datePublished":"2026-03-20T10:06:46+00:00","breadcrumb":{"@id":"https:\/\/nauti-parts.com\/de\/shop\/agilis-ausschreibungen\/agilis-400c-jet-tender-leistung-praezision-und-kapazitaet-fuer-7-personen\/#breadcrumb"},"inLanguage":"de","potentialAction":[{"@type":"ReadAction","target":["https:\/\/nauti-parts.com\/de\/shop\/agilis-ausschreibungen\/agilis-400c-jet-tender-leistung-praezision-und-kapazitaet-fuer-7-personen\/"]}]},{"@type":"ImageObject","inLanguage":"de","@id":"https:\/\/nauti-parts.com\/de\/shop\/agilis-ausschreibungen\/agilis-400c-jet-tender-leistung-praezision-und-kapazitaet-fuer-7-personen\/#primaryimage","url":"https:\/\/nauti-parts.com\/wp-content\/uploads\/2026\/03\/400c.jpg","contentUrl":"https:\/\/nauti-parts.com\/wp-content\/uploads\/2026\/03\/400c.jpg","width":768,"height":576},{"@type":"BreadcrumbList","@id":"https:\/\/nauti-parts.com\/de\/shop\/agilis-ausschreibungen\/agilis-400c-jet-tender-leistung-praezision-und-kapazitaet-fuer-7-personen\/#breadcrumb","itemListElement":[{"@type":"ListItem","position":1,"name":"Shop","item":"https:\/\/nauti-parts.com\/de\/shop\/"},{"@type":"ListItem","position":2,"name":"Agilis 400C Jet Tender &#8211; Leistung, Pr\u00e4zision und Kapazit\u00e4t f\u00fcr 7 Personen"}]},{"@type":"WebSite","@id":"https:\/\/nauti-parts.com\/de\/#website","url":"https:\/\/nauti-parts.com\/de\/","name":"Nauti Parts","description":"Sea-Doo Jet Ski - Seabob Dealer and Rentals | Water Toys Mallorca","publisher":{"@id":"https:\/\/nauti-parts.com\/de\/#organization"},"potentialAction":[{"@type":"SearchAction","target":{"@type":"EntryPoint","urlTemplate":"https:\/\/nauti-parts.com\/de\/?s={search_term_string}"},"query-input":{"@type":"PropertyValueSpecification","valueRequired":true,"valueName":"search_term_string"}}],"inLanguage":"de"},{"@type":"Organization","@id":"https:\/\/nauti-parts.com\/de\/#organization","name":"Nauti Teile","url":"https:\/\/nauti-parts.com\/de\/","logo":{"@type":"ImageObject","inLanguage":"de","@id":"https:\/\/nauti-parts.com\/de\/#\/schema\/logo\/image\/","url":"https:\/\/nauti-parts.com\/wp-content\/uploads\/2023\/10\/np-logo-black.png","contentUrl":"https:\/\/nauti-parts.com\/wp-content\/uploads\/2023\/10\/np-logo-black.png","width":253,"height":100,"caption":"Nauti Teile"},"image":{"@id":"https:\/\/nauti-parts.com\/de\/#\/schema\/logo\/image\/"},"sameAs":["https:\/\/www.facebook.com\/nautipartsspain\/","https:\/\/www.instagram.com\/nautiparts\/"]}]}},"_links":{"self":[{"href":"https:\/\/nauti-parts.com\/de\/wp-json\/wp\/v2\/product\/23325","targetHints":{"allow":["GET"]}}],"collection":[{"href":"https:\/\/nauti-parts.com\/de\/wp-json\/wp\/v2\/product"}],"about":[{"href":"https:\/\/nauti-parts.com\/de\/wp-json\/wp\/v2\/types\/product"}],"replies":[{"embeddable":true,"href":"https:\/\/nauti-parts.com\/de\/wp-json\/wp\/v2\/comments?post=23325"}],"wp:featuredmedia":[{"embeddable":true,"href":"https:\/\/nauti-parts.com\/de\/wp-json\/wp\/v2\/media\/20486"}],"wp:attachment":[{"href":"https:\/\/nauti-parts.com\/de\/wp-json\/wp\/v2\/media?parent=23325"}],"wp:term":[{"taxonomy":"product_brand","embeddable":true,"href":"https:\/\/nauti-parts.com\/de\/wp-json\/wp\/v2\/product_brand?post=23325"},{"taxonomy":"product_cat","embeddable":true,"href":"https:\/\/nauti-parts.com\/de\/wp-json\/wp\/v2\/product_cat?post=23325"},{"taxonomy":"product_tag","embeddable":true,"href":"https:\/\/nauti-parts.com\/de\/wp-json\/wp\/v2\/product_tag?post=23325"}],"curies":[{"name":"wp","href":"https:\/\/api.w.org\/{rel}","templated":true}]}}