{"id":23274,"date":"2024-01-31T10:46:18","date_gmt":"2024-01-31T10:46:18","guid":{"rendered":"https:\/\/nauti-parts.com\/shop\/unkategorisiert\/yachtbeach-premium-plattform-4-10m-perlweiss\/"},"modified":"2024-01-31T10:46:18","modified_gmt":"2024-01-31T10:46:18","slug":"yachtbeach-premium-plattform-4-10m-perlweiss","status":"publish","type":"product","link":"https:\/\/nauti-parts.com\/de\/shop\/aufblasbare-waren\/yacht-strand\/yachtbeach-premium-plattform-4-10m-perlweiss\/","title":{"rendered":"YachtBeach Premium Plattform 4.10m Perlwei\u00df"},"content":{"rendered":"<p>YACHTBEACH 4.1 &#8211; Ihr eigener schwimmender Strand Mit diesen neuen und innovativen Yachtplattformen von YACHTBEACH k\u00f6nnen Sie jetzt Ihren eigenen Privatstrand direkt an Ihrem Boot anlegen oder sie als Badeplattform auf Ihrem privaten See nutzen. Diese Premium-Plattform aus europ\u00e4ischer Produktion wurde f\u00fcr leistungsbegeisterte Yachtbesitzer entwickelt. Jetzt k\u00f6nnen sie und ihre G\u00e4ste die perfekte Insel zum Lesen, Entspannen oder Eintauchen in und aus dem Wasser genie\u00dfen. YACHTBEACH kann eine Plattform f\u00fcr Fitness, Yoga und Achtsamkeit oder eine schwimmende Party-Lounge f\u00fcr die besten Sessions und lustigsten Erinnerungen sein. Dieses 2x4m lange St\u00fcck Freiheit kann auf verschiedene Weise kombiniert werden. Mit seinem einzigartigen 12-Punkt-Griff-Verbindungssystem k\u00f6nnen Sie ganz einfach Ihre ideale Andockstation f\u00fcr Ihren Jet Ski, Ihr Beiboot, Ihren Seabob, Ihr SUP und vieles mehr bauen. \u00c4sthetisch weiche, rutschfeste, strapazierf\u00e4hige, salzwasser- und UV-best\u00e4ndige Materialien garantieren luxuri\u00f6sen und lang anhaltenden Komfort. Das Highlight ist das abnehmbare YACHTBEACH-Kunstleder-Komfortdach: &#8211; weich und bequem &#8211; rutschfeste Oberfl\u00e4che &#8211; personalisieren Sie Ihre Plattform mit dem Stil Ihrer Yacht oder Ihrem Logo &#8211; w\u00e4hlen Sie Ihre Oberfl\u00e4chenstruktur und Farbe &#8211; langlebig und erneuerbar &#8211; kratzfest &#8211; UV- und salzwasserbest\u00e4ndig Beschaffenheit der YACHTBEACH-Plattform 4,10 x 2,05m &#8211; aus 20 cm verst\u00e4rktem, doppellagigem Dropstich &#8211; 4 Ballasts\u00e4cke, &#8211; Kunstlederoberseite Allegra Champagne Mat &#8211; 12 YACHTBEACH-Griffe, &#8211; inkl. Badeleiterhalterung Enthaltenes Zubeh\u00f6r: &#8211; 1 x Handpumpe &#8211; 1 x Tasche, &#8211; 1 x Anleitung &#8211; 3 x YACHTBEACH Verbindungsgurte &#8211; 4 zus\u00e4tzliche D-Ringe an der Ecke YACHTBEACH 4.1 Packma\u00df: 210x48x38cm Gewicht mit Tasche und Pumpe: 40 kg        <\/p>\n<hr>\n<p><strong>Ma\u00dfe<\/strong>:<br \/>\nGr\u00f6\u00dfe: 410x205cm &#8211; 13&#8217;x6,7?<br \/>\nGewicht inkl. Tasche: ca. 42,2 kg &#8211; 93lbs<br \/>\nVerpackungsgr\u00f6\u00dfe: 218 x 26x 31  <\/p>\n<p><strong>Eigenschaften:<\/strong><br \/>\n&#8211; aus 20 cm langem Fallstich<br \/>\n&#8211; 4 Ballasts\u00e4cke<br \/>\n&#8211; 12 metallfreie Yachtbeach-Griffe<br \/>\n&#8211; sehr komfortable EVA-Teakholz-Oberfl\u00e4che<br \/>\n&#8211; inkl. Badeleiterhalter<br \/>\n&#8211; inkl. 4 Ringe an der Oberseite f\u00fcr zahlreiche Anschlussm\u00f6glichkeiten von oben<br \/>\n&#8211; inkl. 4 Ringe an der Unterseite f\u00fcr Ankerplattform oder Anschluss an andere aufblasbare Produkte und Marken   <\/p>\n","protected":false},"excerpt":{"rendered":"<p><strong>Ma\u00dfe<\/strong>:<br \/>\nPlattform &#8211; 410 x 205cm<\/p>\n<p><strong>Mitgeliefertes Zubeh\u00f6r:<\/strong><br \/>\n&#8211; 1 x Verpackungsbeutel<br \/>\n&#8211; 1 x Anleitung<\/p>\n","protected":false},"featured_media":17610,"comment_status":"open","ping_status":"closed","template":"","meta":{"_acf_changed":false},"product_brand":[],"product_cat":[239,243,240],"product_tag":[],"class_list":{"0":"post-23274","1":"product","2":"type-product","3":"status-publish","4":"has-post-thumbnail","6":"product_cat-aufblasbare-waren","7":"product_cat-plattformen","8":"product_cat-yacht-strand","9":"repupress_customize_woocommerce_productom_class","11":"first","12":"instock","13":"taxable","14":"shipping-taxable","15":"purchasable","16":"product-type-simple"},"acf":[],"yoast_head":"<!-- This site is optimized with the Yoast SEO plugin v27.5 - https:\/\/yoast.com\/product\/yoast-seo-wordpress\/ -->\n<title>YachtBeach Premium Plattform 4.10m Perlwei\u00df | Nauti Parts<\/title>\n<meta name=\"robots\" content=\"index, follow, max-snippet:-1, max-image-preview:large, max-video-preview:-1\" \/>\n<link rel=\"canonical\" href=\"https:\/\/nauti-parts.com\/de\/shop\/aufblasbare-waren\/yacht-strand\/yachtbeach-premium-plattform-4-10m-perlweiss\/\" \/>\n<meta property=\"og:locale\" content=\"de_DE\" \/>\n<meta property=\"og:type\" content=\"article\" \/>\n<meta property=\"og:title\" content=\"YachtBeach Premium Plattform 4.10m Perlwei\u00df | Nauti Parts\" \/>\n<meta property=\"og:description\" content=\"Ma\u00dfe: Plattform - 410 x 205cm Mitgeliefertes Zubeh\u00f6r: - 1 x Verpackungsbeutel - 1 x Anleitung\" \/>\n<meta property=\"og:url\" content=\"https:\/\/nauti-parts.com\/de\/shop\/aufblasbare-waren\/yacht-strand\/yachtbeach-premium-plattform-4-10m-perlweiss\/\" \/>\n<meta property=\"og:site_name\" content=\"Nauti Parts\" \/>\n<meta property=\"article:publisher\" content=\"https:\/\/www.facebook.com\/nautipartsspain\/\" \/>\n<meta property=\"og:image\" content=\"https:\/\/nauti-parts.com\/wp-content\/uploads\/2024\/01\/19604-yachtbeach-platform-1920x1080-1.png\" \/>\n\t<meta property=\"og:image:width\" content=\"1920\" \/>\n\t<meta property=\"og:image:height\" content=\"1080\" \/>\n\t<meta property=\"og:image:type\" content=\"image\/png\" \/>\n<meta name=\"twitter:card\" content=\"summary_large_image\" \/>\n<meta name=\"twitter:label1\" content=\"Gesch\u00e4tzte Lesezeit\" \/>\n\t<meta name=\"twitter:data1\" content=\"2\u00a0Minuten\" \/>\n<script type=\"application\/ld+json\" class=\"yoast-schema-graph\">{\"@context\":\"https:\\\/\\\/schema.org\",\"@graph\":[{\"@type\":\"WebPage\",\"@id\":\"https:\\\/\\\/nauti-parts.com\\\/de\\\/shop\\\/aufblasbare-waren\\\/yacht-strand\\\/yachtbeach-premium-plattform-4-10m-perlweiss\\\/\",\"url\":\"https:\\\/\\\/nauti-parts.com\\\/de\\\/shop\\\/aufblasbare-waren\\\/yacht-strand\\\/yachtbeach-premium-plattform-4-10m-perlweiss\\\/\",\"name\":\"YachtBeach Premium Plattform 4.10m Perlwei\u00df | Nauti Parts\",\"isPartOf\":{\"@id\":\"https:\\\/\\\/nauti-parts.com\\\/de\\\/#website\"},\"primaryImageOfPage\":{\"@id\":\"https:\\\/\\\/nauti-parts.com\\\/de\\\/shop\\\/aufblasbare-waren\\\/yacht-strand\\\/yachtbeach-premium-plattform-4-10m-perlweiss\\\/#primaryimage\"},\"image\":{\"@id\":\"https:\\\/\\\/nauti-parts.com\\\/de\\\/shop\\\/aufblasbare-waren\\\/yacht-strand\\\/yachtbeach-premium-plattform-4-10m-perlweiss\\\/#primaryimage\"},\"thumbnailUrl\":\"https:\\\/\\\/nauti-parts.com\\\/wp-content\\\/uploads\\\/2024\\\/01\\\/19604-yachtbeach-platform-1920x1080-1.png\",\"datePublished\":\"2024-01-31T10:46:18+00:00\",\"breadcrumb\":{\"@id\":\"https:\\\/\\\/nauti-parts.com\\\/de\\\/shop\\\/aufblasbare-waren\\\/yacht-strand\\\/yachtbeach-premium-plattform-4-10m-perlweiss\\\/#breadcrumb\"},\"inLanguage\":\"de\",\"potentialAction\":[{\"@type\":\"ReadAction\",\"target\":[\"https:\\\/\\\/nauti-parts.com\\\/de\\\/shop\\\/aufblasbare-waren\\\/yacht-strand\\\/yachtbeach-premium-plattform-4-10m-perlweiss\\\/\"]}]},{\"@type\":\"ImageObject\",\"inLanguage\":\"de\",\"@id\":\"https:\\\/\\\/nauti-parts.com\\\/de\\\/shop\\\/aufblasbare-waren\\\/yacht-strand\\\/yachtbeach-premium-plattform-4-10m-perlweiss\\\/#primaryimage\",\"url\":\"https:\\\/\\\/nauti-parts.com\\\/wp-content\\\/uploads\\\/2024\\\/01\\\/19604-yachtbeach-platform-1920x1080-1.png\",\"contentUrl\":\"https:\\\/\\\/nauti-parts.com\\\/wp-content\\\/uploads\\\/2024\\\/01\\\/19604-yachtbeach-platform-1920x1080-1.png\",\"width\":1920,\"height\":1080},{\"@type\":\"BreadcrumbList\",\"@id\":\"https:\\\/\\\/nauti-parts.com\\\/de\\\/shop\\\/aufblasbare-waren\\\/yacht-strand\\\/yachtbeach-premium-plattform-4-10m-perlweiss\\\/#breadcrumb\",\"itemListElement\":[{\"@type\":\"ListItem\",\"position\":1,\"name\":\"Shop\",\"item\":\"https:\\\/\\\/nauti-parts.com\\\/de\\\/shop\\\/\"},{\"@type\":\"ListItem\",\"position\":2,\"name\":\"YachtBeach Premium Plattform 4.10m Perlwei\u00df\"}]},{\"@type\":\"WebSite\",\"@id\":\"https:\\\/\\\/nauti-parts.com\\\/de\\\/#website\",\"url\":\"https:\\\/\\\/nauti-parts.com\\\/de\\\/\",\"name\":\"Nauti Parts\",\"description\":\"Sea-Doo Jet Ski - Seabob Dealer and Rentals | Water Toys Mallorca\",\"publisher\":{\"@id\":\"https:\\\/\\\/nauti-parts.com\\\/de\\\/#organization\"},\"potentialAction\":[{\"@type\":\"SearchAction\",\"target\":{\"@type\":\"EntryPoint\",\"urlTemplate\":\"https:\\\/\\\/nauti-parts.com\\\/de\\\/?s={search_term_string}\"},\"query-input\":{\"@type\":\"PropertyValueSpecification\",\"valueRequired\":true,\"valueName\":\"search_term_string\"}}],\"inLanguage\":\"de\"},{\"@type\":\"Organization\",\"@id\":\"https:\\\/\\\/nauti-parts.com\\\/de\\\/#organization\",\"name\":\"Nauti Teile\",\"url\":\"https:\\\/\\\/nauti-parts.com\\\/de\\\/\",\"logo\":{\"@type\":\"ImageObject\",\"inLanguage\":\"de\",\"@id\":\"https:\\\/\\\/nauti-parts.com\\\/de\\\/#\\\/schema\\\/logo\\\/image\\\/\",\"url\":\"https:\\\/\\\/nauti-parts.com\\\/wp-content\\\/uploads\\\/2023\\\/10\\\/np-logo-black.png\",\"contentUrl\":\"https:\\\/\\\/nauti-parts.com\\\/wp-content\\\/uploads\\\/2023\\\/10\\\/np-logo-black.png\",\"width\":253,\"height\":100,\"caption\":\"Nauti Teile\"},\"image\":{\"@id\":\"https:\\\/\\\/nauti-parts.com\\\/de\\\/#\\\/schema\\\/logo\\\/image\\\/\"},\"sameAs\":[\"https:\\\/\\\/www.facebook.com\\\/nautipartsspain\\\/\",\"https:\\\/\\\/www.instagram.com\\\/nautiparts\\\/\"]}]}<\/script>\n<!-- \/ Yoast SEO plugin. -->","yoast_head_json":{"title":"YachtBeach Premium Plattform 4.10m Perlwei\u00df | Nauti Parts","robots":{"index":"index","follow":"follow","max-snippet":"max-snippet:-1","max-image-preview":"max-image-preview:large","max-video-preview":"max-video-preview:-1"},"canonical":"https:\/\/nauti-parts.com\/de\/shop\/aufblasbare-waren\/yacht-strand\/yachtbeach-premium-plattform-4-10m-perlweiss\/","og_locale":"de_DE","og_type":"article","og_title":"YachtBeach Premium Plattform 4.10m Perlwei\u00df | Nauti Parts","og_description":"Ma\u00dfe: Plattform - 410 x 205cm Mitgeliefertes Zubeh\u00f6r: - 1 x Verpackungsbeutel - 1 x Anleitung","og_url":"https:\/\/nauti-parts.com\/de\/shop\/aufblasbare-waren\/yacht-strand\/yachtbeach-premium-plattform-4-10m-perlweiss\/","og_site_name":"Nauti Parts","article_publisher":"https:\/\/www.facebook.com\/nautipartsspain\/","og_image":[{"width":1920,"height":1080,"url":"https:\/\/nauti-parts.com\/wp-content\/uploads\/2024\/01\/19604-yachtbeach-platform-1920x1080-1.png","type":"image\/png"}],"twitter_card":"summary_large_image","twitter_misc":{"Gesch\u00e4tzte Lesezeit":"2\u00a0Minuten"},"schema":{"@context":"https:\/\/schema.org","@graph":[{"@type":"WebPage","@id":"https:\/\/nauti-parts.com\/de\/shop\/aufblasbare-waren\/yacht-strand\/yachtbeach-premium-plattform-4-10m-perlweiss\/","url":"https:\/\/nauti-parts.com\/de\/shop\/aufblasbare-waren\/yacht-strand\/yachtbeach-premium-plattform-4-10m-perlweiss\/","name":"YachtBeach Premium Plattform 4.10m Perlwei\u00df | Nauti Parts","isPartOf":{"@id":"https:\/\/nauti-parts.com\/de\/#website"},"primaryImageOfPage":{"@id":"https:\/\/nauti-parts.com\/de\/shop\/aufblasbare-waren\/yacht-strand\/yachtbeach-premium-plattform-4-10m-perlweiss\/#primaryimage"},"image":{"@id":"https:\/\/nauti-parts.com\/de\/shop\/aufblasbare-waren\/yacht-strand\/yachtbeach-premium-plattform-4-10m-perlweiss\/#primaryimage"},"thumbnailUrl":"https:\/\/nauti-parts.com\/wp-content\/uploads\/2024\/01\/19604-yachtbeach-platform-1920x1080-1.png","datePublished":"2024-01-31T10:46:18+00:00","breadcrumb":{"@id":"https:\/\/nauti-parts.com\/de\/shop\/aufblasbare-waren\/yacht-strand\/yachtbeach-premium-plattform-4-10m-perlweiss\/#breadcrumb"},"inLanguage":"de","potentialAction":[{"@type":"ReadAction","target":["https:\/\/nauti-parts.com\/de\/shop\/aufblasbare-waren\/yacht-strand\/yachtbeach-premium-plattform-4-10m-perlweiss\/"]}]},{"@type":"ImageObject","inLanguage":"de","@id":"https:\/\/nauti-parts.com\/de\/shop\/aufblasbare-waren\/yacht-strand\/yachtbeach-premium-plattform-4-10m-perlweiss\/#primaryimage","url":"https:\/\/nauti-parts.com\/wp-content\/uploads\/2024\/01\/19604-yachtbeach-platform-1920x1080-1.png","contentUrl":"https:\/\/nauti-parts.com\/wp-content\/uploads\/2024\/01\/19604-yachtbeach-platform-1920x1080-1.png","width":1920,"height":1080},{"@type":"BreadcrumbList","@id":"https:\/\/nauti-parts.com\/de\/shop\/aufblasbare-waren\/yacht-strand\/yachtbeach-premium-plattform-4-10m-perlweiss\/#breadcrumb","itemListElement":[{"@type":"ListItem","position":1,"name":"Shop","item":"https:\/\/nauti-parts.com\/de\/shop\/"},{"@type":"ListItem","position":2,"name":"YachtBeach Premium Plattform 4.10m Perlwei\u00df"}]},{"@type":"WebSite","@id":"https:\/\/nauti-parts.com\/de\/#website","url":"https:\/\/nauti-parts.com\/de\/","name":"Nauti Parts","description":"Sea-Doo Jet Ski - Seabob Dealer and Rentals | Water Toys Mallorca","publisher":{"@id":"https:\/\/nauti-parts.com\/de\/#organization"},"potentialAction":[{"@type":"SearchAction","target":{"@type":"EntryPoint","urlTemplate":"https:\/\/nauti-parts.com\/de\/?s={search_term_string}"},"query-input":{"@type":"PropertyValueSpecification","valueRequired":true,"valueName":"search_term_string"}}],"inLanguage":"de"},{"@type":"Organization","@id":"https:\/\/nauti-parts.com\/de\/#organization","name":"Nauti Teile","url":"https:\/\/nauti-parts.com\/de\/","logo":{"@type":"ImageObject","inLanguage":"de","@id":"https:\/\/nauti-parts.com\/de\/#\/schema\/logo\/image\/","url":"https:\/\/nauti-parts.com\/wp-content\/uploads\/2023\/10\/np-logo-black.png","contentUrl":"https:\/\/nauti-parts.com\/wp-content\/uploads\/2023\/10\/np-logo-black.png","width":253,"height":100,"caption":"Nauti Teile"},"image":{"@id":"https:\/\/nauti-parts.com\/de\/#\/schema\/logo\/image\/"},"sameAs":["https:\/\/www.facebook.com\/nautipartsspain\/","https:\/\/www.instagram.com\/nautiparts\/"]}]}},"_links":{"self":[{"href":"https:\/\/nauti-parts.com\/de\/wp-json\/wp\/v2\/product\/23274","targetHints":{"allow":["GET"]}}],"collection":[{"href":"https:\/\/nauti-parts.com\/de\/wp-json\/wp\/v2\/product"}],"about":[{"href":"https:\/\/nauti-parts.com\/de\/wp-json\/wp\/v2\/types\/product"}],"replies":[{"embeddable":true,"href":"https:\/\/nauti-parts.com\/de\/wp-json\/wp\/v2\/comments?post=23274"}],"wp:featuredmedia":[{"embeddable":true,"href":"https:\/\/nauti-parts.com\/de\/wp-json\/wp\/v2\/media\/17610"}],"wp:attachment":[{"href":"https:\/\/nauti-parts.com\/de\/wp-json\/wp\/v2\/media?parent=23274"}],"wp:term":[{"taxonomy":"product_brand","embeddable":true,"href":"https:\/\/nauti-parts.com\/de\/wp-json\/wp\/v2\/product_brand?post=23274"},{"taxonomy":"product_cat","embeddable":true,"href":"https:\/\/nauti-parts.com\/de\/wp-json\/wp\/v2\/product_cat?post=23274"},{"taxonomy":"product_tag","embeddable":true,"href":"https:\/\/nauti-parts.com\/de\/wp-json\/wp\/v2\/product_tag?post=23274"}],"curies":[{"name":"wp","href":"https:\/\/api.w.org\/{rel}","templated":true}]}}