{"id":23262,"date":"2024-01-31T11:03:24","date_gmt":"2024-01-31T11:03:24","guid":{"rendered":"https:\/\/nauti-parts.com\/shop\/unkategorisiert\/yachtbeach-luxury-pool-62-x-41-x-02-meter\/"},"modified":"2024-01-31T11:03:24","modified_gmt":"2024-01-31T11:03:24","slug":"yachtbeach-luxury-pool-62-x-41-x-02-meter","status":"publish","type":"product","link":"https:\/\/nauti-parts.com\/de\/shop\/aufblasbare-waren\/yacht-strand\/yachtbeach-luxury-pool-62-x-41-x-02-meter\/","title":{"rendered":"YachtBeach Luxury Pool 6,2 x 4,1 x 0,2 Meter"},"content":{"rendered":"<p>Genie\u00dfen Sie eine unbeschwerte Zeit hinter Ihrer Yacht mit Ihren Liebsten. Auf dem neuen Luxury Pool von Yachtbeach haben Sie gen\u00fcgend Platz zum Baden und Schwimmen sowie eine integrierte Liegefl\u00e4che, die zu einem langen Sonnenbad einl\u00e4dt. Auf der angenehmen Schaumstoffoberfl\u00e4che ist es \u00e4u\u00dferst sanft und bequem, und die Teakholzoptik ist ein echter Blickfang. Bemerkenswert ist, dass man den Luxury Pool problemlos mit allen anderen Yachtbeach-Produkten kombinieren kann und so verschiedene Kombinationen m\u00f6glich sind. Machen Sie sich keine Sorgen \u00fcber unwillkommene Meeresbewohner oder Meerespartikel. Geschaffen, um bedenkenlos im Meer zu schwimmen und herrliche Pooltage hinter Ihrer Yacht zu genie\u00dfen. Baden Sie im Meer, ohne von unliebsamen Begegnungen wie Quallen oder anderen Meeresbewohnern und Meerespartikeln gest\u00f6rt zu werden. Dank des feinmaschigen PVC-Innenschutznetzes sind sie perfekt davor gesch\u00fctzt.       <\/p>\n<hr>\n<p><strong>Ma\u00dfe:  <\/strong><\/p>\n<p>Au\u00dfenma\u00dfe: 616x410cm &#8211; 20&#8217;x13,5&#8242;<br \/>\nInnenma\u00dfe: 466x310cm (feinmaschiges Schutznetz)<br \/>\nTiefe: 240cm &#8211; 7,8&#8242;<br \/>\nGewicht: 83 kg &#8211; 185lbs<br \/>\nLiegefl\u00e4che: Breite von 100cm, Seite: Breite von 50cm<br \/>\nPackma\u00df: 184 x 70x 50<\/p>\n<p>&#8216; 24 hochwertige Befestigungs-, Montage- und Tragegriffe, die<br \/>\neinfach mit allen anderen Yacht Beach Produkten zu kombinieren sind<\/p>\n<p>&#8216; 2 Hochdruckventile, die ein schnelles und einfaches Bef\u00fcllen erm\u00f6glichen &amp; das \u00dcberdruckventil sorgt immer f\u00fcr den richtigen Druck am Pool.<\/p>\n<p><strong>Materialst\u00e4rke:<\/strong><br \/>\nVerst\u00e4rkte Fallnaht mit 20cm Dicke, verst\u00e4rktes PVC mit 0,9mm Dicke<\/p>\n<p><strong>Schaumstoffplatte:<br \/>\n<\/strong>mit flexiblem k\u00fcnstlichem Teakholz \u00fcberzogen<\/p>\n","protected":false},"excerpt":{"rendered":"<h3>Anti-Quallen-Pool 616 x 410cm<\/h3>\n<p>1x Tragetasche und 1x Reparaturset ohne Klebstoff enthalten<\/p>\n","protected":false},"featured_media":17633,"comment_status":"open","ping_status":"closed","template":"","meta":{"_acf_changed":false},"product_brand":[],"product_cat":[250,239,243,240],"product_tag":[],"class_list":{"0":"post-23262","1":"product","2":"type-product","3":"status-publish","4":"has-post-thumbnail","6":"product_cat-anti-quallen-pool","7":"product_cat-aufblasbare-waren","8":"product_cat-plattformen","9":"product_cat-yacht-strand","10":"repupress_customize_woocommerce_productom_class","12":"first","13":"instock","14":"taxable","15":"shipping-taxable","16":"purchasable","17":"product-type-simple"},"acf":[],"yoast_head":"<!-- This site is optimized with the Yoast SEO plugin v27.2 - https:\/\/yoast.com\/product\/yoast-seo-wordpress\/ -->\n<title>YachtBeach Luxury Pool 6,2 x 4,1 x 0,2 Meter | Nauti Parts<\/title>\n<meta name=\"robots\" content=\"index, follow, max-snippet:-1, max-image-preview:large, max-video-preview:-1\" \/>\n<link rel=\"canonical\" href=\"https:\/\/nauti-parts.com\/de\/shop\/aufblasbare-waren\/yacht-strand\/yachtbeach-luxury-pool-62-x-41-x-02-meter\/\" \/>\n<meta property=\"og:locale\" content=\"de_DE\" \/>\n<meta property=\"og:type\" content=\"article\" \/>\n<meta property=\"og:title\" content=\"YachtBeach Luxury Pool 6,2 x 4,1 x 0,2 Meter | Nauti Parts\" \/>\n<meta property=\"og:description\" content=\"Anti-Quallen-Pool 616 x 410cm 1x Tragetasche und 1x Reparaturset ohne Klebstoff enthalten\" \/>\n<meta property=\"og:url\" content=\"https:\/\/nauti-parts.com\/de\/shop\/aufblasbare-waren\/yacht-strand\/yachtbeach-luxury-pool-62-x-41-x-02-meter\/\" \/>\n<meta property=\"og:site_name\" content=\"Nauti Parts\" \/>\n<meta property=\"article:publisher\" content=\"https:\/\/www.facebook.com\/nautipartsspain\/\" \/>\n<meta property=\"og:image\" content=\"https:\/\/nauti-parts.com\/wp-content\/uploads\/2024\/01\/w19744-01-yachtbeach-pool-6-20.webp\" \/>\n\t<meta property=\"og:image:width\" content=\"1199\" \/>\n\t<meta property=\"og:image:height\" content=\"1200\" \/>\n\t<meta property=\"og:image:type\" content=\"image\/webp\" \/>\n<meta name=\"twitter:card\" content=\"summary_large_image\" \/>\n<meta name=\"twitter:label1\" content=\"Gesch\u00e4tzte Lesezeit\" \/>\n\t<meta name=\"twitter:data1\" content=\"1\u00a0Minute\" \/>\n<script type=\"application\/ld+json\" class=\"yoast-schema-graph\">{\"@context\":\"https:\/\/schema.org\",\"@graph\":[{\"@type\":\"WebPage\",\"@id\":\"https:\/\/nauti-parts.com\/de\/shop\/aufblasbare-waren\/yacht-strand\/yachtbeach-luxury-pool-62-x-41-x-02-meter\/\",\"url\":\"https:\/\/nauti-parts.com\/de\/shop\/aufblasbare-waren\/yacht-strand\/yachtbeach-luxury-pool-62-x-41-x-02-meter\/\",\"name\":\"YachtBeach Luxury Pool 6,2 x 4,1 x 0,2 Meter | Nauti Parts\",\"isPartOf\":{\"@id\":\"https:\/\/nauti-parts.com\/de\/#website\"},\"primaryImageOfPage\":{\"@id\":\"https:\/\/nauti-parts.com\/de\/shop\/aufblasbare-waren\/yacht-strand\/yachtbeach-luxury-pool-62-x-41-x-02-meter\/#primaryimage\"},\"image\":{\"@id\":\"https:\/\/nauti-parts.com\/de\/shop\/aufblasbare-waren\/yacht-strand\/yachtbeach-luxury-pool-62-x-41-x-02-meter\/#primaryimage\"},\"thumbnailUrl\":\"https:\/\/nauti-parts.com\/wp-content\/uploads\/2024\/01\/w19744-01-yachtbeach-pool-6-20.webp\",\"datePublished\":\"2024-01-31T11:03:24+00:00\",\"breadcrumb\":{\"@id\":\"https:\/\/nauti-parts.com\/de\/shop\/aufblasbare-waren\/yacht-strand\/yachtbeach-luxury-pool-62-x-41-x-02-meter\/#breadcrumb\"},\"inLanguage\":\"de\",\"potentialAction\":[{\"@type\":\"ReadAction\",\"target\":[\"https:\/\/nauti-parts.com\/de\/shop\/aufblasbare-waren\/yacht-strand\/yachtbeach-luxury-pool-62-x-41-x-02-meter\/\"]}]},{\"@type\":\"ImageObject\",\"inLanguage\":\"de\",\"@id\":\"https:\/\/nauti-parts.com\/de\/shop\/aufblasbare-waren\/yacht-strand\/yachtbeach-luxury-pool-62-x-41-x-02-meter\/#primaryimage\",\"url\":\"https:\/\/nauti-parts.com\/wp-content\/uploads\/2024\/01\/w19744-01-yachtbeach-pool-6-20.webp\",\"contentUrl\":\"https:\/\/nauti-parts.com\/wp-content\/uploads\/2024\/01\/w19744-01-yachtbeach-pool-6-20.webp\",\"width\":1199,\"height\":1200},{\"@type\":\"BreadcrumbList\",\"@id\":\"https:\/\/nauti-parts.com\/de\/shop\/aufblasbare-waren\/yacht-strand\/yachtbeach-luxury-pool-62-x-41-x-02-meter\/#breadcrumb\",\"itemListElement\":[{\"@type\":\"ListItem\",\"position\":1,\"name\":\"Shop\",\"item\":\"https:\/\/nauti-parts.com\/de\/shop\/\"},{\"@type\":\"ListItem\",\"position\":2,\"name\":\"YachtBeach Luxury Pool 6,2 x 4,1 x 0,2 Meter\"}]},{\"@type\":\"WebSite\",\"@id\":\"https:\/\/nauti-parts.com\/de\/#website\",\"url\":\"https:\/\/nauti-parts.com\/de\/\",\"name\":\"Nauti Parts\",\"description\":\"Sea-Doo Jet Ski - Seabob Dealer and Rentals | Water Toys Mallorca\",\"publisher\":{\"@id\":\"https:\/\/nauti-parts.com\/de\/#organization\"},\"potentialAction\":[{\"@type\":\"SearchAction\",\"target\":{\"@type\":\"EntryPoint\",\"urlTemplate\":\"https:\/\/nauti-parts.com\/de\/?s={search_term_string}\"},\"query-input\":{\"@type\":\"PropertyValueSpecification\",\"valueRequired\":true,\"valueName\":\"search_term_string\"}}],\"inLanguage\":\"de\"},{\"@type\":\"Organization\",\"@id\":\"https:\/\/nauti-parts.com\/de\/#organization\",\"name\":\"Nauti Teile\",\"url\":\"https:\/\/nauti-parts.com\/de\/\",\"logo\":{\"@type\":\"ImageObject\",\"inLanguage\":\"de\",\"@id\":\"https:\/\/nauti-parts.com\/de\/#\/schema\/logo\/image\/\",\"url\":\"https:\/\/nauti-parts.com\/wp-content\/uploads\/2023\/10\/np-logo-black.png\",\"contentUrl\":\"https:\/\/nauti-parts.com\/wp-content\/uploads\/2023\/10\/np-logo-black.png\",\"width\":253,\"height\":100,\"caption\":\"Nauti Teile\"},\"image\":{\"@id\":\"https:\/\/nauti-parts.com\/de\/#\/schema\/logo\/image\/\"},\"sameAs\":[\"https:\/\/www.facebook.com\/nautipartsspain\/\",\"https:\/\/www.instagram.com\/nautiparts\/\"]}]}<\/script>\n<!-- \/ Yoast SEO plugin. -->","yoast_head_json":{"title":"YachtBeach Luxury Pool 6,2 x 4,1 x 0,2 Meter | Nauti Parts","robots":{"index":"index","follow":"follow","max-snippet":"max-snippet:-1","max-image-preview":"max-image-preview:large","max-video-preview":"max-video-preview:-1"},"canonical":"https:\/\/nauti-parts.com\/de\/shop\/aufblasbare-waren\/yacht-strand\/yachtbeach-luxury-pool-62-x-41-x-02-meter\/","og_locale":"de_DE","og_type":"article","og_title":"YachtBeach Luxury Pool 6,2 x 4,1 x 0,2 Meter | Nauti Parts","og_description":"Anti-Quallen-Pool 616 x 410cm 1x Tragetasche und 1x Reparaturset ohne Klebstoff enthalten","og_url":"https:\/\/nauti-parts.com\/de\/shop\/aufblasbare-waren\/yacht-strand\/yachtbeach-luxury-pool-62-x-41-x-02-meter\/","og_site_name":"Nauti Parts","article_publisher":"https:\/\/www.facebook.com\/nautipartsspain\/","og_image":[{"width":1199,"height":1200,"url":"https:\/\/nauti-parts.com\/wp-content\/uploads\/2024\/01\/w19744-01-yachtbeach-pool-6-20.webp","type":"image\/webp"}],"twitter_card":"summary_large_image","twitter_misc":{"Gesch\u00e4tzte Lesezeit":"1\u00a0Minute"},"schema":{"@context":"https:\/\/schema.org","@graph":[{"@type":"WebPage","@id":"https:\/\/nauti-parts.com\/de\/shop\/aufblasbare-waren\/yacht-strand\/yachtbeach-luxury-pool-62-x-41-x-02-meter\/","url":"https:\/\/nauti-parts.com\/de\/shop\/aufblasbare-waren\/yacht-strand\/yachtbeach-luxury-pool-62-x-41-x-02-meter\/","name":"YachtBeach Luxury Pool 6,2 x 4,1 x 0,2 Meter | Nauti Parts","isPartOf":{"@id":"https:\/\/nauti-parts.com\/de\/#website"},"primaryImageOfPage":{"@id":"https:\/\/nauti-parts.com\/de\/shop\/aufblasbare-waren\/yacht-strand\/yachtbeach-luxury-pool-62-x-41-x-02-meter\/#primaryimage"},"image":{"@id":"https:\/\/nauti-parts.com\/de\/shop\/aufblasbare-waren\/yacht-strand\/yachtbeach-luxury-pool-62-x-41-x-02-meter\/#primaryimage"},"thumbnailUrl":"https:\/\/nauti-parts.com\/wp-content\/uploads\/2024\/01\/w19744-01-yachtbeach-pool-6-20.webp","datePublished":"2024-01-31T11:03:24+00:00","breadcrumb":{"@id":"https:\/\/nauti-parts.com\/de\/shop\/aufblasbare-waren\/yacht-strand\/yachtbeach-luxury-pool-62-x-41-x-02-meter\/#breadcrumb"},"inLanguage":"de","potentialAction":[{"@type":"ReadAction","target":["https:\/\/nauti-parts.com\/de\/shop\/aufblasbare-waren\/yacht-strand\/yachtbeach-luxury-pool-62-x-41-x-02-meter\/"]}]},{"@type":"ImageObject","inLanguage":"de","@id":"https:\/\/nauti-parts.com\/de\/shop\/aufblasbare-waren\/yacht-strand\/yachtbeach-luxury-pool-62-x-41-x-02-meter\/#primaryimage","url":"https:\/\/nauti-parts.com\/wp-content\/uploads\/2024\/01\/w19744-01-yachtbeach-pool-6-20.webp","contentUrl":"https:\/\/nauti-parts.com\/wp-content\/uploads\/2024\/01\/w19744-01-yachtbeach-pool-6-20.webp","width":1199,"height":1200},{"@type":"BreadcrumbList","@id":"https:\/\/nauti-parts.com\/de\/shop\/aufblasbare-waren\/yacht-strand\/yachtbeach-luxury-pool-62-x-41-x-02-meter\/#breadcrumb","itemListElement":[{"@type":"ListItem","position":1,"name":"Shop","item":"https:\/\/nauti-parts.com\/de\/shop\/"},{"@type":"ListItem","position":2,"name":"YachtBeach Luxury Pool 6,2 x 4,1 x 0,2 Meter"}]},{"@type":"WebSite","@id":"https:\/\/nauti-parts.com\/de\/#website","url":"https:\/\/nauti-parts.com\/de\/","name":"Nauti Parts","description":"Sea-Doo Jet Ski - Seabob Dealer and Rentals | Water Toys Mallorca","publisher":{"@id":"https:\/\/nauti-parts.com\/de\/#organization"},"potentialAction":[{"@type":"SearchAction","target":{"@type":"EntryPoint","urlTemplate":"https:\/\/nauti-parts.com\/de\/?s={search_term_string}"},"query-input":{"@type":"PropertyValueSpecification","valueRequired":true,"valueName":"search_term_string"}}],"inLanguage":"de"},{"@type":"Organization","@id":"https:\/\/nauti-parts.com\/de\/#organization","name":"Nauti Teile","url":"https:\/\/nauti-parts.com\/de\/","logo":{"@type":"ImageObject","inLanguage":"de","@id":"https:\/\/nauti-parts.com\/de\/#\/schema\/logo\/image\/","url":"https:\/\/nauti-parts.com\/wp-content\/uploads\/2023\/10\/np-logo-black.png","contentUrl":"https:\/\/nauti-parts.com\/wp-content\/uploads\/2023\/10\/np-logo-black.png","width":253,"height":100,"caption":"Nauti Teile"},"image":{"@id":"https:\/\/nauti-parts.com\/de\/#\/schema\/logo\/image\/"},"sameAs":["https:\/\/www.facebook.com\/nautipartsspain\/","https:\/\/www.instagram.com\/nautiparts\/"]}]}},"_links":{"self":[{"href":"https:\/\/nauti-parts.com\/de\/wp-json\/wp\/v2\/product\/23262","targetHints":{"allow":["GET"]}}],"collection":[{"href":"https:\/\/nauti-parts.com\/de\/wp-json\/wp\/v2\/product"}],"about":[{"href":"https:\/\/nauti-parts.com\/de\/wp-json\/wp\/v2\/types\/product"}],"replies":[{"embeddable":true,"href":"https:\/\/nauti-parts.com\/de\/wp-json\/wp\/v2\/comments?post=23262"}],"wp:featuredmedia":[{"embeddable":true,"href":"https:\/\/nauti-parts.com\/de\/wp-json\/wp\/v2\/media\/17633"}],"wp:attachment":[{"href":"https:\/\/nauti-parts.com\/de\/wp-json\/wp\/v2\/media?parent=23262"}],"wp:term":[{"taxonomy":"product_brand","embeddable":true,"href":"https:\/\/nauti-parts.com\/de\/wp-json\/wp\/v2\/product_brand?post=23262"},{"taxonomy":"product_cat","embeddable":true,"href":"https:\/\/nauti-parts.com\/de\/wp-json\/wp\/v2\/product_cat?post=23262"},{"taxonomy":"product_tag","embeddable":true,"href":"https:\/\/nauti-parts.com\/de\/wp-json\/wp\/v2\/product_tag?post=23262"}],"curies":[{"name":"wp","href":"https:\/\/api.w.org\/{rel}","templated":true}]}}