{"id":23067,"date":"2024-02-07T11:36:26","date_gmt":"2024-02-07T11:36:26","guid":{"rendered":"https:\/\/nauti-parts.com\/shop\/unkategorisiert\/yachtbeach-schwimmende-tassenhalterung-11-tassen\/"},"modified":"2024-02-07T11:36:26","modified_gmt":"2024-02-07T11:36:26","slug":"yachtbeach-schwimmende-tassenhalterung-11-tassen","status":"publish","type":"product","link":"https:\/\/nauti-parts.com\/de\/shop\/aufblasbare-waren\/yacht-strand\/yachtbeach-schwimmende-tassenhalterung-11-tassen\/","title":{"rendered":"YachtBeach Schwimmende Tassenhalterung 11 Tassen"},"content":{"rendered":"<p>Er bietet ausreichend Platz f\u00fcr Gl\u00e4ser, Dosen, Flaschen oder andere Getr\u00e4nke. Wenn Sie den Rei\u00dfverschluss \u00f6ffnen, gelangen Sie zum Ventil und k\u00f6nnen den Becherhalter leicht aufblasen. Dank des verwendeten Kunstleders ist er sehr UV-best\u00e4ndig und \u00e4u\u00dferst kratzfest. Er ist sehr leicht zu reinigen und die 11 Getr\u00e4nkehalter sind aus echtem Edelstahl gefertigt. Ausf\u00fchrliche Informationen: Material: Marine-Kunstleder 11 Getr\u00e4nkehalter aus Edelstahl    <\/p>\n","protected":false},"excerpt":{"rendered":"<p>Yachtbeach &#8211; schwimmender Getr\u00e4nkehalter Der schwimmende Getr\u00e4nkehalter von Yachtbeach geh\u00f6rt einfach zu einem entspannten Tag auf dem Wasser dazu.<\/p>\n","protected":false},"featured_media":17848,"comment_status":"open","ping_status":"closed","template":"","meta":{"_acf_changed":false},"product_brand":[],"product_cat":[239,243,240],"product_tag":[],"class_list":{"0":"post-23067","1":"product","2":"type-product","3":"status-publish","4":"has-post-thumbnail","6":"product_cat-aufblasbare-waren","7":"product_cat-plattformen","8":"product_cat-yacht-strand","9":"repupress_customize_woocommerce_productom_class","11":"first","12":"instock","13":"taxable","14":"shipping-taxable","15":"purchasable","16":"product-type-simple"},"acf":[],"yoast_head":"<!-- This site is optimized with the Yoast SEO plugin v27.2 - https:\/\/yoast.com\/product\/yoast-seo-wordpress\/ -->\n<title>YachtBeach Schwimmende Tassenhalterung 11 Tassen | Nauti Parts<\/title>\n<meta name=\"robots\" content=\"index, follow, max-snippet:-1, max-image-preview:large, max-video-preview:-1\" \/>\n<link rel=\"canonical\" href=\"https:\/\/nauti-parts.com\/de\/shop\/aufblasbare-waren\/yacht-strand\/yachtbeach-schwimmende-tassenhalterung-11-tassen\/\" \/>\n<meta property=\"og:locale\" content=\"de_DE\" \/>\n<meta property=\"og:type\" content=\"article\" \/>\n<meta property=\"og:title\" content=\"YachtBeach Schwimmende Tassenhalterung 11 Tassen | Nauti Parts\" \/>\n<meta property=\"og:description\" content=\"Yachtbeach - schwimmender Getr\u00e4nkehalter Der schwimmende Getr\u00e4nkehalter von Yachtbeach geh\u00f6rt einfach zu einem entspannten Tag auf dem Wasser dazu.\" \/>\n<meta property=\"og:url\" content=\"https:\/\/nauti-parts.com\/de\/shop\/aufblasbare-waren\/yacht-strand\/yachtbeach-schwimmende-tassenhalterung-11-tassen\/\" \/>\n<meta property=\"og:site_name\" content=\"Nauti Parts\" \/>\n<meta property=\"article:publisher\" content=\"https:\/\/www.facebook.com\/nautipartsspain\/\" \/>\n<meta property=\"og:image\" content=\"https:\/\/nauti-parts.com\/wp-content\/uploads\/2024\/02\/11cups.webp\" \/>\n\t<meta property=\"og:image:width\" content=\"1200\" \/>\n\t<meta property=\"og:image:height\" content=\"1200\" \/>\n\t<meta property=\"og:image:type\" content=\"image\/webp\" \/>\n<meta name=\"twitter:card\" content=\"summary_large_image\" \/>\n<script type=\"application\/ld+json\" class=\"yoast-schema-graph\">{\"@context\":\"https:\/\/schema.org\",\"@graph\":[{\"@type\":\"WebPage\",\"@id\":\"https:\/\/nauti-parts.com\/de\/shop\/aufblasbare-waren\/yacht-strand\/yachtbeach-schwimmende-tassenhalterung-11-tassen\/\",\"url\":\"https:\/\/nauti-parts.com\/de\/shop\/aufblasbare-waren\/yacht-strand\/yachtbeach-schwimmende-tassenhalterung-11-tassen\/\",\"name\":\"YachtBeach Schwimmende Tassenhalterung 11 Tassen | Nauti Parts\",\"isPartOf\":{\"@id\":\"https:\/\/nauti-parts.com\/de\/#website\"},\"primaryImageOfPage\":{\"@id\":\"https:\/\/nauti-parts.com\/de\/shop\/aufblasbare-waren\/yacht-strand\/yachtbeach-schwimmende-tassenhalterung-11-tassen\/#primaryimage\"},\"image\":{\"@id\":\"https:\/\/nauti-parts.com\/de\/shop\/aufblasbare-waren\/yacht-strand\/yachtbeach-schwimmende-tassenhalterung-11-tassen\/#primaryimage\"},\"thumbnailUrl\":\"https:\/\/nauti-parts.com\/wp-content\/uploads\/2024\/02\/11cups.webp\",\"datePublished\":\"2024-02-07T11:36:26+00:00\",\"breadcrumb\":{\"@id\":\"https:\/\/nauti-parts.com\/de\/shop\/aufblasbare-waren\/yacht-strand\/yachtbeach-schwimmende-tassenhalterung-11-tassen\/#breadcrumb\"},\"inLanguage\":\"de\",\"potentialAction\":[{\"@type\":\"ReadAction\",\"target\":[\"https:\/\/nauti-parts.com\/de\/shop\/aufblasbare-waren\/yacht-strand\/yachtbeach-schwimmende-tassenhalterung-11-tassen\/\"]}]},{\"@type\":\"ImageObject\",\"inLanguage\":\"de\",\"@id\":\"https:\/\/nauti-parts.com\/de\/shop\/aufblasbare-waren\/yacht-strand\/yachtbeach-schwimmende-tassenhalterung-11-tassen\/#primaryimage\",\"url\":\"https:\/\/nauti-parts.com\/wp-content\/uploads\/2024\/02\/11cups.webp\",\"contentUrl\":\"https:\/\/nauti-parts.com\/wp-content\/uploads\/2024\/02\/11cups.webp\",\"width\":1200,\"height\":1200},{\"@type\":\"BreadcrumbList\",\"@id\":\"https:\/\/nauti-parts.com\/de\/shop\/aufblasbare-waren\/yacht-strand\/yachtbeach-schwimmende-tassenhalterung-11-tassen\/#breadcrumb\",\"itemListElement\":[{\"@type\":\"ListItem\",\"position\":1,\"name\":\"Shop\",\"item\":\"https:\/\/nauti-parts.com\/de\/shop\/\"},{\"@type\":\"ListItem\",\"position\":2,\"name\":\"YachtBeach Schwimmende Tassenhalterung 11 Tassen\"}]},{\"@type\":\"WebSite\",\"@id\":\"https:\/\/nauti-parts.com\/de\/#website\",\"url\":\"https:\/\/nauti-parts.com\/de\/\",\"name\":\"Nauti Parts\",\"description\":\"Sea-Doo Jet Ski - Seabob Dealer and Rentals | Water Toys Mallorca\",\"publisher\":{\"@id\":\"https:\/\/nauti-parts.com\/de\/#organization\"},\"potentialAction\":[{\"@type\":\"SearchAction\",\"target\":{\"@type\":\"EntryPoint\",\"urlTemplate\":\"https:\/\/nauti-parts.com\/de\/?s={search_term_string}\"},\"query-input\":{\"@type\":\"PropertyValueSpecification\",\"valueRequired\":true,\"valueName\":\"search_term_string\"}}],\"inLanguage\":\"de\"},{\"@type\":\"Organization\",\"@id\":\"https:\/\/nauti-parts.com\/de\/#organization\",\"name\":\"Nauti Teile\",\"url\":\"https:\/\/nauti-parts.com\/de\/\",\"logo\":{\"@type\":\"ImageObject\",\"inLanguage\":\"de\",\"@id\":\"https:\/\/nauti-parts.com\/de\/#\/schema\/logo\/image\/\",\"url\":\"https:\/\/nauti-parts.com\/wp-content\/uploads\/2023\/10\/np-logo-black.png\",\"contentUrl\":\"https:\/\/nauti-parts.com\/wp-content\/uploads\/2023\/10\/np-logo-black.png\",\"width\":253,\"height\":100,\"caption\":\"Nauti Teile\"},\"image\":{\"@id\":\"https:\/\/nauti-parts.com\/de\/#\/schema\/logo\/image\/\"},\"sameAs\":[\"https:\/\/www.facebook.com\/nautipartsspain\/\",\"https:\/\/www.instagram.com\/nautiparts\/\"]}]}<\/script>\n<!-- \/ Yoast SEO plugin. -->","yoast_head_json":{"title":"YachtBeach Schwimmende Tassenhalterung 11 Tassen | Nauti Parts","robots":{"index":"index","follow":"follow","max-snippet":"max-snippet:-1","max-image-preview":"max-image-preview:large","max-video-preview":"max-video-preview:-1"},"canonical":"https:\/\/nauti-parts.com\/de\/shop\/aufblasbare-waren\/yacht-strand\/yachtbeach-schwimmende-tassenhalterung-11-tassen\/","og_locale":"de_DE","og_type":"article","og_title":"YachtBeach Schwimmende Tassenhalterung 11 Tassen | Nauti Parts","og_description":"Yachtbeach - schwimmender Getr\u00e4nkehalter Der schwimmende Getr\u00e4nkehalter von Yachtbeach geh\u00f6rt einfach zu einem entspannten Tag auf dem Wasser dazu.","og_url":"https:\/\/nauti-parts.com\/de\/shop\/aufblasbare-waren\/yacht-strand\/yachtbeach-schwimmende-tassenhalterung-11-tassen\/","og_site_name":"Nauti Parts","article_publisher":"https:\/\/www.facebook.com\/nautipartsspain\/","og_image":[{"width":1200,"height":1200,"url":"https:\/\/nauti-parts.com\/wp-content\/uploads\/2024\/02\/11cups.webp","type":"image\/webp"}],"twitter_card":"summary_large_image","schema":{"@context":"https:\/\/schema.org","@graph":[{"@type":"WebPage","@id":"https:\/\/nauti-parts.com\/de\/shop\/aufblasbare-waren\/yacht-strand\/yachtbeach-schwimmende-tassenhalterung-11-tassen\/","url":"https:\/\/nauti-parts.com\/de\/shop\/aufblasbare-waren\/yacht-strand\/yachtbeach-schwimmende-tassenhalterung-11-tassen\/","name":"YachtBeach Schwimmende Tassenhalterung 11 Tassen | Nauti Parts","isPartOf":{"@id":"https:\/\/nauti-parts.com\/de\/#website"},"primaryImageOfPage":{"@id":"https:\/\/nauti-parts.com\/de\/shop\/aufblasbare-waren\/yacht-strand\/yachtbeach-schwimmende-tassenhalterung-11-tassen\/#primaryimage"},"image":{"@id":"https:\/\/nauti-parts.com\/de\/shop\/aufblasbare-waren\/yacht-strand\/yachtbeach-schwimmende-tassenhalterung-11-tassen\/#primaryimage"},"thumbnailUrl":"https:\/\/nauti-parts.com\/wp-content\/uploads\/2024\/02\/11cups.webp","datePublished":"2024-02-07T11:36:26+00:00","breadcrumb":{"@id":"https:\/\/nauti-parts.com\/de\/shop\/aufblasbare-waren\/yacht-strand\/yachtbeach-schwimmende-tassenhalterung-11-tassen\/#breadcrumb"},"inLanguage":"de","potentialAction":[{"@type":"ReadAction","target":["https:\/\/nauti-parts.com\/de\/shop\/aufblasbare-waren\/yacht-strand\/yachtbeach-schwimmende-tassenhalterung-11-tassen\/"]}]},{"@type":"ImageObject","inLanguage":"de","@id":"https:\/\/nauti-parts.com\/de\/shop\/aufblasbare-waren\/yacht-strand\/yachtbeach-schwimmende-tassenhalterung-11-tassen\/#primaryimage","url":"https:\/\/nauti-parts.com\/wp-content\/uploads\/2024\/02\/11cups.webp","contentUrl":"https:\/\/nauti-parts.com\/wp-content\/uploads\/2024\/02\/11cups.webp","width":1200,"height":1200},{"@type":"BreadcrumbList","@id":"https:\/\/nauti-parts.com\/de\/shop\/aufblasbare-waren\/yacht-strand\/yachtbeach-schwimmende-tassenhalterung-11-tassen\/#breadcrumb","itemListElement":[{"@type":"ListItem","position":1,"name":"Shop","item":"https:\/\/nauti-parts.com\/de\/shop\/"},{"@type":"ListItem","position":2,"name":"YachtBeach Schwimmende Tassenhalterung 11 Tassen"}]},{"@type":"WebSite","@id":"https:\/\/nauti-parts.com\/de\/#website","url":"https:\/\/nauti-parts.com\/de\/","name":"Nauti Parts","description":"Sea-Doo Jet Ski - Seabob Dealer and Rentals | Water Toys Mallorca","publisher":{"@id":"https:\/\/nauti-parts.com\/de\/#organization"},"potentialAction":[{"@type":"SearchAction","target":{"@type":"EntryPoint","urlTemplate":"https:\/\/nauti-parts.com\/de\/?s={search_term_string}"},"query-input":{"@type":"PropertyValueSpecification","valueRequired":true,"valueName":"search_term_string"}}],"inLanguage":"de"},{"@type":"Organization","@id":"https:\/\/nauti-parts.com\/de\/#organization","name":"Nauti Teile","url":"https:\/\/nauti-parts.com\/de\/","logo":{"@type":"ImageObject","inLanguage":"de","@id":"https:\/\/nauti-parts.com\/de\/#\/schema\/logo\/image\/","url":"https:\/\/nauti-parts.com\/wp-content\/uploads\/2023\/10\/np-logo-black.png","contentUrl":"https:\/\/nauti-parts.com\/wp-content\/uploads\/2023\/10\/np-logo-black.png","width":253,"height":100,"caption":"Nauti Teile"},"image":{"@id":"https:\/\/nauti-parts.com\/de\/#\/schema\/logo\/image\/"},"sameAs":["https:\/\/www.facebook.com\/nautipartsspain\/","https:\/\/www.instagram.com\/nautiparts\/"]}]}},"_links":{"self":[{"href":"https:\/\/nauti-parts.com\/de\/wp-json\/wp\/v2\/product\/23067","targetHints":{"allow":["GET"]}}],"collection":[{"href":"https:\/\/nauti-parts.com\/de\/wp-json\/wp\/v2\/product"}],"about":[{"href":"https:\/\/nauti-parts.com\/de\/wp-json\/wp\/v2\/types\/product"}],"replies":[{"embeddable":true,"href":"https:\/\/nauti-parts.com\/de\/wp-json\/wp\/v2\/comments?post=23067"}],"wp:featuredmedia":[{"embeddable":true,"href":"https:\/\/nauti-parts.com\/de\/wp-json\/wp\/v2\/media\/17848"}],"wp:attachment":[{"href":"https:\/\/nauti-parts.com\/de\/wp-json\/wp\/v2\/media?parent=23067"}],"wp:term":[{"taxonomy":"product_brand","embeddable":true,"href":"https:\/\/nauti-parts.com\/de\/wp-json\/wp\/v2\/product_brand?post=23067"},{"taxonomy":"product_cat","embeddable":true,"href":"https:\/\/nauti-parts.com\/de\/wp-json\/wp\/v2\/product_cat?post=23067"},{"taxonomy":"product_tag","embeddable":true,"href":"https:\/\/nauti-parts.com\/de\/wp-json\/wp\/v2\/product_tag?post=23067"}],"curies":[{"name":"wp","href":"https:\/\/api.w.org\/{rel}","templated":true}]}}