{"id":23038,"date":"2024-02-16T10:40:45","date_gmt":"2024-02-16T10:40:45","guid":{"rendered":"https:\/\/nauti-parts.com\/shop\/unkategorisiert\/yachtbeach-pavillon-zelt-mit-6-stangen\/"},"modified":"2024-02-16T10:40:45","modified_gmt":"2024-02-16T10:40:45","slug":"yachtbeach-pavillon-zelt-mit-6-stangen","status":"publish","type":"product","link":"https:\/\/nauti-parts.com\/de\/shop\/aufblasbare-waren\/yacht-strand\/yachtbeach-pavillon-zelt-mit-6-stangen\/","title":{"rendered":"YACHTBEACH PAVILLON ZELT MIT 6 STANGEN"},"content":{"rendered":"<p>Das Gef\u00fchl, mit dem Wasser verbunden zu sein und den Komfort von The Pavilion zu genie\u00dfen, verleiht jeder Einrichtung mehr Wert. Er besteht aus verschiedenen Elementen und ist ein modulares System. Wir haben die Basisplattform mit austauschbaren Bodenoptionen und ein Zelt, das Ihnen Schatten spendet und auch verschiedene Optionen f\u00fcr die obere Abdeckung bietet. Wenn Sie mit tiefstehender Sonne zu k\u00e4mpfen haben, k\u00f6nnen Sie das Zelt mit Vorhang-Elementen erg\u00e4nzen, um in verschiedenen Situationen mehr Schatten zu haben. F\u00fcr maximalen Komfort bieten wir das Pavillonsofa und die R\u00fcckenlehne sowie einen Tisch, der perfekt in die Mitte passt. Diese Elemente k\u00f6nnen auch separat am Strand als komfortable Lounge verwendet werden.     <\/p>\n<hr>\n<p><strong>Ma\u00dfe des Pavillon-Zeltes mit 6 Stangen<\/strong><\/p>\n<p>Gr\u00f6\u00dfe: 500\u00d7430 cm \/ 185cm offene H\u00f6he<br \/>\nGewicht inkl. Tasche: . 39 kg &#8211; 85lbs<br \/>\nPackma\u00df: 111x 69x51cm<br \/>\nKapazit\u00e4t:<br \/>\nBis zu 8 Personen  <\/p>\n","protected":false},"excerpt":{"rendered":"<div class=\"elementor-element elementor-element-0c57f1e e-flex e-con-boxed e-con e-parent\" data-id=\"0c57f1e\" data-element_type=\"container\" data-settings=\"{\"content_width\":\"boxed\"}\" data-core-v316-plus=\"true\">\n<div class=\"e-con-inner\">\n<div class=\"elementor-element elementor-element-d2f0dd2 e-flex e-con-boxed e-con e-child\" data-id=\"d2f0dd2\" data-element_type=\"container\" data-settings=\"{\"background_background\":\"classic\",\"content_width\":\"boxed\"}\">\n<div class=\"e-con-inner\">\n<div class=\"elementor-element elementor-element-e481589 elementor-widget elementor-widget-text-editor\" data-id=\"e481589\" data-element_type=\"widget\" data-widget_type=\"text-editor.default\">\n<div class=\"elementor-widget-container\">Der Pavillon definiert mit seiner aufblasbaren Struktur mit Falln\u00e4hten die Veranstaltungsarchitektur neu. Er bietet einen stilvollen und wetterfesten Raum, der den Charme des Au\u00dfenbereichs nahtlos mit dem Komfort des Innenbereichs verbindet.<\/div>\n<\/div>\n<\/div>\n<\/div>\n<\/div>\n<\/div>\n","protected":false},"featured_media":17892,"comment_status":"open","ping_status":"closed","template":"","meta":{"_acf_changed":false},"product_brand":[],"product_cat":[239,243,240],"product_tag":[],"class_list":{"0":"post-23038","1":"product","2":"type-product","3":"status-publish","4":"has-post-thumbnail","6":"product_cat-aufblasbare-waren","7":"product_cat-plattformen","8":"product_cat-yacht-strand","9":"repupress_customize_woocommerce_productom_class","11":"first","12":"instock","13":"taxable","14":"shipping-taxable","15":"purchasable","16":"product-type-simple"},"acf":[],"yoast_head":"<!-- This site is optimized with the Yoast SEO plugin v27.2 - https:\/\/yoast.com\/product\/yoast-seo-wordpress\/ -->\n<title>YACHTBEACH PAVILLON ZELT MIT 6 STANGEN | Nauti Parts<\/title>\n<meta name=\"robots\" content=\"index, follow, max-snippet:-1, max-image-preview:large, max-video-preview:-1\" \/>\n<link rel=\"canonical\" href=\"https:\/\/nauti-parts.com\/de\/shop\/aufblasbare-waren\/yacht-strand\/yachtbeach-pavillon-zelt-mit-6-stangen\/\" \/>\n<meta property=\"og:locale\" content=\"de_DE\" \/>\n<meta property=\"og:type\" content=\"article\" \/>\n<meta property=\"og:title\" content=\"YACHTBEACH PAVILLON ZELT MIT 6 STANGEN | Nauti Parts\" \/>\n<meta property=\"og:description\" content=\"Der Pavillon definiert mit seiner aufblasbaren Struktur mit Falln\u00e4hten die Veranstaltungsarchitektur neu. Er bietet einen stilvollen und wetterfesten Raum, der den Charme des Au\u00dfenbereichs nahtlos mit dem Komfort des Innenbereichs verbindet.\" \/>\n<meta property=\"og:url\" content=\"https:\/\/nauti-parts.com\/de\/shop\/aufblasbare-waren\/yacht-strand\/yachtbeach-pavillon-zelt-mit-6-stangen\/\" \/>\n<meta property=\"og:site_name\" content=\"Nauti Parts\" \/>\n<meta property=\"article:publisher\" content=\"https:\/\/www.facebook.com\/nautipartsspain\/\" \/>\n<meta property=\"og:image\" content=\"https:\/\/nauti-parts.com\/wp-content\/uploads\/2024\/02\/tent.webp\" \/>\n\t<meta property=\"og:image:width\" content=\"1200\" \/>\n\t<meta property=\"og:image:height\" content=\"1200\" \/>\n\t<meta property=\"og:image:type\" content=\"image\/webp\" \/>\n<meta name=\"twitter:card\" content=\"summary_large_image\" \/>\n<meta name=\"twitter:label1\" content=\"Gesch\u00e4tzte Lesezeit\" \/>\n\t<meta name=\"twitter:data1\" content=\"1\u00a0Minute\" \/>\n<script type=\"application\/ld+json\" class=\"yoast-schema-graph\">{\"@context\":\"https:\/\/schema.org\",\"@graph\":[{\"@type\":\"WebPage\",\"@id\":\"https:\/\/nauti-parts.com\/de\/shop\/aufblasbare-waren\/yacht-strand\/yachtbeach-pavillon-zelt-mit-6-stangen\/\",\"url\":\"https:\/\/nauti-parts.com\/de\/shop\/aufblasbare-waren\/yacht-strand\/yachtbeach-pavillon-zelt-mit-6-stangen\/\",\"name\":\"YACHTBEACH PAVILLON ZELT MIT 6 STANGEN | Nauti Parts\",\"isPartOf\":{\"@id\":\"https:\/\/nauti-parts.com\/de\/#website\"},\"primaryImageOfPage\":{\"@id\":\"https:\/\/nauti-parts.com\/de\/shop\/aufblasbare-waren\/yacht-strand\/yachtbeach-pavillon-zelt-mit-6-stangen\/#primaryimage\"},\"image\":{\"@id\":\"https:\/\/nauti-parts.com\/de\/shop\/aufblasbare-waren\/yacht-strand\/yachtbeach-pavillon-zelt-mit-6-stangen\/#primaryimage\"},\"thumbnailUrl\":\"https:\/\/nauti-parts.com\/wp-content\/uploads\/2024\/02\/tent.webp\",\"datePublished\":\"2024-02-16T10:40:45+00:00\",\"breadcrumb\":{\"@id\":\"https:\/\/nauti-parts.com\/de\/shop\/aufblasbare-waren\/yacht-strand\/yachtbeach-pavillon-zelt-mit-6-stangen\/#breadcrumb\"},\"inLanguage\":\"de\",\"potentialAction\":[{\"@type\":\"ReadAction\",\"target\":[\"https:\/\/nauti-parts.com\/de\/shop\/aufblasbare-waren\/yacht-strand\/yachtbeach-pavillon-zelt-mit-6-stangen\/\"]}]},{\"@type\":\"ImageObject\",\"inLanguage\":\"de\",\"@id\":\"https:\/\/nauti-parts.com\/de\/shop\/aufblasbare-waren\/yacht-strand\/yachtbeach-pavillon-zelt-mit-6-stangen\/#primaryimage\",\"url\":\"https:\/\/nauti-parts.com\/wp-content\/uploads\/2024\/02\/tent.webp\",\"contentUrl\":\"https:\/\/nauti-parts.com\/wp-content\/uploads\/2024\/02\/tent.webp\",\"width\":1200,\"height\":1200},{\"@type\":\"BreadcrumbList\",\"@id\":\"https:\/\/nauti-parts.com\/de\/shop\/aufblasbare-waren\/yacht-strand\/yachtbeach-pavillon-zelt-mit-6-stangen\/#breadcrumb\",\"itemListElement\":[{\"@type\":\"ListItem\",\"position\":1,\"name\":\"Shop\",\"item\":\"https:\/\/nauti-parts.com\/de\/shop\/\"},{\"@type\":\"ListItem\",\"position\":2,\"name\":\"YACHTBEACH PAVILLON ZELT MIT 6 STANGEN\"}]},{\"@type\":\"WebSite\",\"@id\":\"https:\/\/nauti-parts.com\/de\/#website\",\"url\":\"https:\/\/nauti-parts.com\/de\/\",\"name\":\"Nauti Parts\",\"description\":\"Sea-Doo Jet Ski - Seabob Dealer and Rentals | Water Toys Mallorca\",\"publisher\":{\"@id\":\"https:\/\/nauti-parts.com\/de\/#organization\"},\"potentialAction\":[{\"@type\":\"SearchAction\",\"target\":{\"@type\":\"EntryPoint\",\"urlTemplate\":\"https:\/\/nauti-parts.com\/de\/?s={search_term_string}\"},\"query-input\":{\"@type\":\"PropertyValueSpecification\",\"valueRequired\":true,\"valueName\":\"search_term_string\"}}],\"inLanguage\":\"de\"},{\"@type\":\"Organization\",\"@id\":\"https:\/\/nauti-parts.com\/de\/#organization\",\"name\":\"Nauti Teile\",\"url\":\"https:\/\/nauti-parts.com\/de\/\",\"logo\":{\"@type\":\"ImageObject\",\"inLanguage\":\"de\",\"@id\":\"https:\/\/nauti-parts.com\/de\/#\/schema\/logo\/image\/\",\"url\":\"https:\/\/nauti-parts.com\/wp-content\/uploads\/2023\/10\/np-logo-black.png\",\"contentUrl\":\"https:\/\/nauti-parts.com\/wp-content\/uploads\/2023\/10\/np-logo-black.png\",\"width\":253,\"height\":100,\"caption\":\"Nauti Teile\"},\"image\":{\"@id\":\"https:\/\/nauti-parts.com\/de\/#\/schema\/logo\/image\/\"},\"sameAs\":[\"https:\/\/www.facebook.com\/nautipartsspain\/\",\"https:\/\/www.instagram.com\/nautiparts\/\"]}]}<\/script>\n<!-- \/ Yoast SEO plugin. -->","yoast_head_json":{"title":"YACHTBEACH PAVILLON ZELT MIT 6 STANGEN | Nauti Parts","robots":{"index":"index","follow":"follow","max-snippet":"max-snippet:-1","max-image-preview":"max-image-preview:large","max-video-preview":"max-video-preview:-1"},"canonical":"https:\/\/nauti-parts.com\/de\/shop\/aufblasbare-waren\/yacht-strand\/yachtbeach-pavillon-zelt-mit-6-stangen\/","og_locale":"de_DE","og_type":"article","og_title":"YACHTBEACH PAVILLON ZELT MIT 6 STANGEN | Nauti Parts","og_description":"Der Pavillon definiert mit seiner aufblasbaren Struktur mit Falln\u00e4hten die Veranstaltungsarchitektur neu. Er bietet einen stilvollen und wetterfesten Raum, der den Charme des Au\u00dfenbereichs nahtlos mit dem Komfort des Innenbereichs verbindet.","og_url":"https:\/\/nauti-parts.com\/de\/shop\/aufblasbare-waren\/yacht-strand\/yachtbeach-pavillon-zelt-mit-6-stangen\/","og_site_name":"Nauti Parts","article_publisher":"https:\/\/www.facebook.com\/nautipartsspain\/","og_image":[{"width":1200,"height":1200,"url":"https:\/\/nauti-parts.com\/wp-content\/uploads\/2024\/02\/tent.webp","type":"image\/webp"}],"twitter_card":"summary_large_image","twitter_misc":{"Gesch\u00e4tzte Lesezeit":"1\u00a0Minute"},"schema":{"@context":"https:\/\/schema.org","@graph":[{"@type":"WebPage","@id":"https:\/\/nauti-parts.com\/de\/shop\/aufblasbare-waren\/yacht-strand\/yachtbeach-pavillon-zelt-mit-6-stangen\/","url":"https:\/\/nauti-parts.com\/de\/shop\/aufblasbare-waren\/yacht-strand\/yachtbeach-pavillon-zelt-mit-6-stangen\/","name":"YACHTBEACH PAVILLON ZELT MIT 6 STANGEN | Nauti Parts","isPartOf":{"@id":"https:\/\/nauti-parts.com\/de\/#website"},"primaryImageOfPage":{"@id":"https:\/\/nauti-parts.com\/de\/shop\/aufblasbare-waren\/yacht-strand\/yachtbeach-pavillon-zelt-mit-6-stangen\/#primaryimage"},"image":{"@id":"https:\/\/nauti-parts.com\/de\/shop\/aufblasbare-waren\/yacht-strand\/yachtbeach-pavillon-zelt-mit-6-stangen\/#primaryimage"},"thumbnailUrl":"https:\/\/nauti-parts.com\/wp-content\/uploads\/2024\/02\/tent.webp","datePublished":"2024-02-16T10:40:45+00:00","breadcrumb":{"@id":"https:\/\/nauti-parts.com\/de\/shop\/aufblasbare-waren\/yacht-strand\/yachtbeach-pavillon-zelt-mit-6-stangen\/#breadcrumb"},"inLanguage":"de","potentialAction":[{"@type":"ReadAction","target":["https:\/\/nauti-parts.com\/de\/shop\/aufblasbare-waren\/yacht-strand\/yachtbeach-pavillon-zelt-mit-6-stangen\/"]}]},{"@type":"ImageObject","inLanguage":"de","@id":"https:\/\/nauti-parts.com\/de\/shop\/aufblasbare-waren\/yacht-strand\/yachtbeach-pavillon-zelt-mit-6-stangen\/#primaryimage","url":"https:\/\/nauti-parts.com\/wp-content\/uploads\/2024\/02\/tent.webp","contentUrl":"https:\/\/nauti-parts.com\/wp-content\/uploads\/2024\/02\/tent.webp","width":1200,"height":1200},{"@type":"BreadcrumbList","@id":"https:\/\/nauti-parts.com\/de\/shop\/aufblasbare-waren\/yacht-strand\/yachtbeach-pavillon-zelt-mit-6-stangen\/#breadcrumb","itemListElement":[{"@type":"ListItem","position":1,"name":"Shop","item":"https:\/\/nauti-parts.com\/de\/shop\/"},{"@type":"ListItem","position":2,"name":"YACHTBEACH PAVILLON ZELT MIT 6 STANGEN"}]},{"@type":"WebSite","@id":"https:\/\/nauti-parts.com\/de\/#website","url":"https:\/\/nauti-parts.com\/de\/","name":"Nauti Parts","description":"Sea-Doo Jet Ski - Seabob Dealer and Rentals | Water Toys Mallorca","publisher":{"@id":"https:\/\/nauti-parts.com\/de\/#organization"},"potentialAction":[{"@type":"SearchAction","target":{"@type":"EntryPoint","urlTemplate":"https:\/\/nauti-parts.com\/de\/?s={search_term_string}"},"query-input":{"@type":"PropertyValueSpecification","valueRequired":true,"valueName":"search_term_string"}}],"inLanguage":"de"},{"@type":"Organization","@id":"https:\/\/nauti-parts.com\/de\/#organization","name":"Nauti Teile","url":"https:\/\/nauti-parts.com\/de\/","logo":{"@type":"ImageObject","inLanguage":"de","@id":"https:\/\/nauti-parts.com\/de\/#\/schema\/logo\/image\/","url":"https:\/\/nauti-parts.com\/wp-content\/uploads\/2023\/10\/np-logo-black.png","contentUrl":"https:\/\/nauti-parts.com\/wp-content\/uploads\/2023\/10\/np-logo-black.png","width":253,"height":100,"caption":"Nauti Teile"},"image":{"@id":"https:\/\/nauti-parts.com\/de\/#\/schema\/logo\/image\/"},"sameAs":["https:\/\/www.facebook.com\/nautipartsspain\/","https:\/\/www.instagram.com\/nautiparts\/"]}]}},"_links":{"self":[{"href":"https:\/\/nauti-parts.com\/de\/wp-json\/wp\/v2\/product\/23038","targetHints":{"allow":["GET"]}}],"collection":[{"href":"https:\/\/nauti-parts.com\/de\/wp-json\/wp\/v2\/product"}],"about":[{"href":"https:\/\/nauti-parts.com\/de\/wp-json\/wp\/v2\/types\/product"}],"replies":[{"embeddable":true,"href":"https:\/\/nauti-parts.com\/de\/wp-json\/wp\/v2\/comments?post=23038"}],"wp:featuredmedia":[{"embeddable":true,"href":"https:\/\/nauti-parts.com\/de\/wp-json\/wp\/v2\/media\/17892"}],"wp:attachment":[{"href":"https:\/\/nauti-parts.com\/de\/wp-json\/wp\/v2\/media?parent=23038"}],"wp:term":[{"taxonomy":"product_brand","embeddable":true,"href":"https:\/\/nauti-parts.com\/de\/wp-json\/wp\/v2\/product_brand?post=23038"},{"taxonomy":"product_cat","embeddable":true,"href":"https:\/\/nauti-parts.com\/de\/wp-json\/wp\/v2\/product_cat?post=23038"},{"taxonomy":"product_tag","embeddable":true,"href":"https:\/\/nauti-parts.com\/de\/wp-json\/wp\/v2\/product_tag?post=23038"}],"curies":[{"name":"wp","href":"https:\/\/api.w.org\/{rel}","templated":true}]}}